{"id":7313,"date":"2021-06-29T23:43:13","date_gmt":"2021-06-29T20:43:13","guid":{"rendered":"https:\/\/www.suviseurat.fi/2021\/?page_id=7313"},"modified":"2021-07-02T11:06:36","modified_gmt":"2021-07-02T08:06:36","slug":"virtuaalinen-seurakentta","status":"publish","type":"page","link":"https:\/\/www.suviseurat.fi/2021\/virtuaalinen-seurakentta\/","title":{"rendered":"Virtuaalinen seurakentt\u00e4"},"content":{"rendered":"\n<p>T\u00e4n\u00e4 vuonna seurakentt\u00e4n\u00e4 on koko maailma. Se voi olla kotona, yhteisiss\u00e4 pihasuviseuroissa, leirint\u00e4alueella, luonnossa, sairaalavuoteessa. Juuri siell\u00e4, miss\u00e4 kuulija sattuu kulloinkin olemaan.<\/p>\n<p>Virtuaalinen seurakentt\u00e4 avautuu keskiviikkona 30.6.2021 ja sulkeutuu maanantaina 5.7. seurojen p\u00e4\u00e4tytty\u00e4. Sen j\u00e4lkeen kuvat poistetaan eli kentt\u00e4 tyhjenee. Tietoturvasyist\u00e4 kaikki kuvat tarkistetaan ennen julkaisemisesta.<\/p>\n<p>Siirry katselemaan seurakentt\u00e4\u00e4 ja l\u00e4hett\u00e4m\u00e4\u00e4n oma kuvatervehdyksesi:<\/p>\n<p><a href=\"https:\/\/seurakentta.suviseurat.fi\"><strong>Virtuaalinen seurakentt\u00e4<\/strong><\/a><span style=\"font-size: inherit\">.<\/span><\/p>\n<p>SRK voi my\u00f6hemmin hy\u00f6dynt\u00e4\u00e4 julkaistuja kuvia julkaisuissaan.<\/p>\n","protected":false},"excerpt":{"rendered":"<p>T\u00e4n\u00e4 vuonna seurakentt\u00e4n\u00e4 on koko maailma. Se voi olla kotona, yhteisiss\u00e4 pihasuviseuroissa, leirint\u00e4alueella, luonnossa, sairaalavuoteessa.<a class=\"moretag\" href=\"https:\/\/www.suviseurat.fi/2021\/virtuaalinen-seurakentta\/\">Jatka lukemista ><\/a><\/p>\n","protected":false},"author":17,"featured_media":0,"parent":0,"menu_order":0,"comment_status":"closed","ping_status":"closed","template":"","meta":[],"yoast_head":"<!-- This site is optimized with the Yoast SEO plugin v16.8 - https:\/\/yoast.com\/wordpress\/plugins\/seo\/ -->\n<title>Virtuaalinen seurakentt\u00e4 - Reisj\u00e4rven Suviseurat radiossa ja verkossa 2021<\/title>\n<meta name=\"description\" content=\"T\u00e4n\u00e4 vuonna seurakentt\u00e4n\u00e4 on koko maailma. Se voi olla kotona, yhteisiss\u00e4 pihasuviseuroissa, leirint\u00e4alueella, luonnossa, sairaalavuoteessa. Juuri siell\u00e4,\" \/>\n<meta name=\"robots\" content=\"index, follow, max-snippet:-1, max-image-preview:large, max-video-preview:-1\" \/>\n<link rel=\"canonical\" href=\"https:\/\/www.suviseurat.fi/2021\/virtuaalinen-seurakentta\/\" \/>\n<meta property=\"og:locale\" content=\"fi_FI\" \/>\n<meta property=\"og:type\" content=\"article\" \/>\n<meta property=\"og:title\" content=\"Virtuaalinen seurakentt\u00e4 - Reisj\u00e4rven Suviseurat radiossa ja verkossa 2021\" \/>\n<meta property=\"og:description\" content=\"T\u00e4n\u00e4 vuonna seurakentt\u00e4n\u00e4 on koko maailma. Se voi olla kotona, yhteisiss\u00e4 pihasuviseuroissa, leirint\u00e4alueella, luonnossa, sairaalavuoteessa. Juuri siell\u00e4,\" \/>\n<meta property=\"og:url\" content=\"https:\/\/www.suviseurat.fi/2021\/virtuaalinen-seurakentta\/\" \/>\n<meta property=\"og:site_name\" content=\"Reisj\u00e4rven Suviseurat radiossa ja verkossa 2021\" \/>\n<meta property=\"article:publisher\" content=\"https:\/\/www.facebook.com\/srksuviseurat\/\" \/>\n<meta property=\"article:modified_time\" content=\"2021-07-02T08:06:36+00:00\" \/>\n<meta property=\"og:image\" content=\"https:\/\/www.suviseurat.fi/2021\/wp-content\/uploads\/2020\/04\/share.png\" \/>\n\t<meta property=\"og:image:width\" content=\"1200\" \/>\n\t<meta property=\"og:image:height\" content=\"561\" \/>\n<meta name=\"twitter:card\" content=\"summary_large_image\" \/>\n<meta name=\"twitter:site\" content=\"@Suviseurat\" \/>\n<meta name=\"twitter:label1\" content=\"Arvioitu lukuaika\" \/>\n\t<meta name=\"twitter:data1\" content=\"1 minute\" \/>\n<script type=\"application\/ld+json\" class=\"yoast-schema-graph\">{\"@context\":\"https:\/\/schema.org\",\"@graph\":[{\"@type\":\"WebSite\",\"@id\":\"https:\/\/www.suviseurat.fi/2021\/#website\",\"url\":\"https:\/\/www.suviseurat.fi/2021\/\",\"name\":\"Reisj\\u00e4rven Suviseurat radiossa ja verkossa 2021\",\"description\":\"Herra, sinuun min\\u00e4 turvaan\",\"potentialAction\":[{\"@type\":\"SearchAction\",\"target\":{\"@type\":\"EntryPoint\",\"urlTemplate\":\"https:\/\/www.suviseurat.fi/2021\/?s={search_term_string}\"},\"query-input\":\"required name=search_term_string\"}],\"inLanguage\":\"fi\"},{\"@type\":\"WebPage\",\"@id\":\"https:\/\/www.suviseurat.fi/2021\/virtuaalinen-seurakentta\/#webpage\",\"url\":\"https:\/\/www.suviseurat.fi/2021\/virtuaalinen-seurakentta\/\",\"name\":\"Virtuaalinen seurakentt\\u00e4 - Reisj\\u00e4rven Suviseurat radiossa ja verkossa 2021\",\"isPartOf\":{\"@id\":\"https:\/\/www.suviseurat.fi/2021\/#website\"},\"datePublished\":\"2021-06-29T20:43:13+00:00\",\"dateModified\":\"2021-07-02T08:06:36+00:00\",\"description\":\"T\\u00e4n\\u00e4 vuonna seurakentt\\u00e4n\\u00e4 on koko maailma. Se voi olla kotona, yhteisiss\\u00e4 pihasuviseuroissa, leirint\\u00e4alueella, luonnossa, sairaalavuoteessa. Juuri siell\\u00e4,\",\"breadcrumb\":{\"@id\":\"https:\/\/www.suviseurat.fi/2021\/virtuaalinen-seurakentta\/#breadcrumb\"},\"inLanguage\":\"fi\",\"potentialAction\":[{\"@type\":\"ReadAction\",\"target\":[\"https:\/\/www.suviseurat.fi/2021\/virtuaalinen-seurakentta\/\"]}]},{\"@type\":\"BreadcrumbList\",\"@id\":\"https:\/\/www.suviseurat.fi/2021\/virtuaalinen-seurakentta\/#breadcrumb\",\"itemListElement\":[{\"@type\":\"ListItem\",\"position\":1,\"name\":\"Home\",\"item\":\"https:\/\/www.suviseurat.fi/2021\/\"},{\"@type\":\"ListItem\",\"position\":2,\"name\":\"Virtuaalinen seurakentt\\u00e4\"}]}]}<\/script>\n<!-- \/ Yoast SEO plugin. -->","yoast_head_json":{"title":"Virtuaalinen seurakentt\u00e4 - Reisj\u00e4rven Suviseurat radiossa ja verkossa 2021","description":"T\u00e4n\u00e4 vuonna seurakentt\u00e4n\u00e4 on koko maailma. Se voi olla kotona, yhteisiss\u00e4 pihasuviseuroissa, leirint\u00e4alueella, luonnossa, sairaalavuoteessa. Juuri siell\u00e4,","robots":{"index":"index","follow":"follow","max-snippet":"max-snippet:-1","max-image-preview":"max-image-preview:large","max-video-preview":"max-video-preview:-1"},"canonical":"https:\/\/www.suviseurat.fi/2021\/virtuaalinen-seurakentta\/","og_locale":"fi_FI","og_type":"article","og_title":"Virtuaalinen seurakentt\u00e4 - Reisj\u00e4rven Suviseurat radiossa ja verkossa 2021","og_description":"T\u00e4n\u00e4 vuonna seurakentt\u00e4n\u00e4 on koko maailma. Se voi olla kotona, yhteisiss\u00e4 pihasuviseuroissa, leirint\u00e4alueella, luonnossa, sairaalavuoteessa. Juuri siell\u00e4,","og_url":"https:\/\/www.suviseurat.fi/2021\/virtuaalinen-seurakentta\/","og_site_name":"Reisj\u00e4rven Suviseurat radiossa ja verkossa 2021","article_publisher":"https:\/\/www.facebook.com\/srksuviseurat\/","article_modified_time":"2021-07-02T08:06:36+00:00","og_image":[{"width":1200,"height":561,"url":"https:\/\/www.suviseurat.fi/2021\/wp-content\/uploads\/2020\/04\/share.png","path":"\/srv\/www\/suviseurat_2020\/wp-content\/uploads\/2020\/04\/share.png","size":"full","id":6334,"alt":"","pixels":673200,"type":"image\/png"}],"twitter_card":"summary_large_image","twitter_site":"@Suviseurat","twitter_misc":{"Arvioitu lukuaika":"1 minute"},"schema":{"@context":"https:\/\/schema.org","@graph":[{"@type":"WebSite","@id":"https:\/\/www.suviseurat.fi/2021\/#website","url":"https:\/\/www.suviseurat.fi/2021\/","name":"Reisj\u00e4rven Suviseurat radiossa ja verkossa 2021","description":"Herra, sinuun min\u00e4 turvaan","potentialAction":[{"@type":"SearchAction","target":{"@type":"EntryPoint","urlTemplate":"https:\/\/www.suviseurat.fi/2021\/?s={search_term_string}"},"query-input":"required name=search_term_string"}],"inLanguage":"fi"},{"@type":"WebPage","@id":"https:\/\/www.suviseurat.fi/2021\/virtuaalinen-seurakentta\/#webpage","url":"https:\/\/www.suviseurat.fi/2021\/virtuaalinen-seurakentta\/","name":"Virtuaalinen seurakentt\u00e4 - Reisj\u00e4rven Suviseurat radiossa ja verkossa 2021","isPartOf":{"@id":"https:\/\/www.suviseurat.fi/2021\/#website"},"datePublished":"2021-06-29T20:43:13+00:00","dateModified":"2021-07-02T08:06:36+00:00","description":"T\u00e4n\u00e4 vuonna seurakentt\u00e4n\u00e4 on koko maailma. Se voi olla kotona, yhteisiss\u00e4 pihasuviseuroissa, leirint\u00e4alueella, luonnossa, sairaalavuoteessa. Juuri siell\u00e4,","breadcrumb":{"@id":"https:\/\/www.suviseurat.fi/2021\/virtuaalinen-seurakentta\/#breadcrumb"},"inLanguage":"fi","potentialAction":[{"@type":"ReadAction","target":["https:\/\/www.suviseurat.fi/2021\/virtuaalinen-seurakentta\/"]}]},{"@type":"BreadcrumbList","@id":"https:\/\/www.suviseurat.fi/2021\/virtuaalinen-seurakentta\/#breadcrumb","itemListElement":[{"@type":"ListItem","position":1,"name":"Home","item":"https:\/\/www.suviseurat.fi/2021\/"},{"@type":"ListItem","position":2,"name":"Virtuaalinen seurakentt\u00e4"}]}]}},"lang":"fi","translations":{"en":7322,"fi":7313,"sv":7327},"_links":{"self":[{"href":"https:\/\/www.suviseurat.fi/2021\/wp-json\/wp\/v2\/pages\/7313"}],"collection":[{"href":"https:\/\/www.suviseurat.fi/2021\/wp-json\/wp\/v2\/pages"}],"about":[{"href":"https:\/\/www.suviseurat.fi/2021\/wp-json\/wp\/v2\/types\/page"}],"author":[{"embeddable":true,"href":"https:\/\/www.suviseurat.fi/2021\/wp-json\/wp\/v2\/users\/17"}],"replies":[{"embeddable":true,"href":"https:\/\/www.suviseurat.fi/2021\/wp-json\/wp\/v2\/comments?post=7313"}],"version-history":[{"count":3,"href":"https:\/\/www.suviseurat.fi/2021\/wp-json\/wp\/v2\/pages\/7313\/revisions"}],"predecessor-version":[{"id":7682,"href":"https:\/\/www.suviseurat.fi/2021\/wp-json\/wp\/v2\/pages\/7313\/revisions\/7682"}],"wp:attachment":[{"href":"https:\/\/www.suviseurat.fi/2021\/wp-json\/wp\/v2\/media?parent=7313"}],"curies":[{"name":"wp","href":"https:\/\/api.w.org\/{rel}","templated":true}]}}