{"id":10786,"date":"2022-06-23T23:15:41","date_gmt":"2022-06-23T20:15:41","guid":{"rendered":"https:\/\/www.suviseurat.fi/2022\/?page_id=10786"},"modified":"2022-06-23T23:16:13","modified_gmt":"2022-06-23T20:16:13","slug":"kesaseuraradion-ohjelma-29-6-4-7","status":"publish","type":"page","link":"https:\/\/www.suviseurat.fi/2022\/kuuntele-ja-katsele\/kesaseuraradion-ohjelma-29-6-4-7\/","title":{"rendered":"Kes\u00e4seuraradion ohjelma 29.6.-4.7."},"content":{"rendered":"\n<p>Muutokset ohjelmassa ja aikataulussa ovat mahdollisia.<\/p>\n<p><strong>Keskiviikko 29.06.<\/strong><br \/>12.00 L\u00e4hetys Lopen Suviseuroista alkaa<br \/>Alkuhartaus: Juha Kaarivaara<br \/>Tervetuloa Suviseuroihin Lopelle<br \/>13.00 Lapsia Jeesuksen seurassa<br \/>Kuulumisia kent\u00e4lt\u00e4<br \/>14.00 Lehtimajaan n\u00e4kyi t\u00e4htitaivas<br \/>Kuulumisia kent\u00e4lt\u00e4<br \/>15.00 Uskonnonvapauslain merkitys ja toteutuminen<br \/>Kuulumisia kent\u00e4lt\u00e4<br \/>16.00 Ikkunoita-sarja: Todellako n\u00e4in yksinkertaista?<br \/>S\u00e4velm\u00e4toisinnot Siionin lauluissa<br \/>17.00 Saarna tuo taivaan terveisi\u00e4<br \/>Kaikista kansoista, kaikista kielist\u00e4: Pakistan<br \/>Kuulumisia kent\u00e4lt\u00e4<br \/>18.30 Toivelaulujen ilta<br \/>21.30 Iltahartaus: Veikko Karhumaa<br \/>22.00 Alina ja Tuomas<br \/>Puhu minulle valosta<\/p>\n<p><strong>Torstai 30.06.<\/strong><br \/>07.00 Aamulauluja<br \/>07.30 Herran ty\u00f6miehi\u00e4: Toivo Lepp\u00e4nen<br \/>08.30 Aamukahvilla<br \/>09.00 Sideharsosiivet &#8211; taiteilija Helmiriitta Honkasen v\u00e4rik\u00e4s el\u00e4m\u00e4<br \/>10.00 Lasten toivelaulul\u00e4hetys<br \/>Ajankohtaiskatsaus<br \/>12.00 Laulutuokio: &#8221;Kiitos is\u00e4nmaasta&#8221;<br \/>12.30 Seurat: Jorma Anttila, Terho Kalliokoski<br \/>14.00 Kuulumisia konttorilta<br \/>Ajankohtaiskatsaus<br \/>Lasten kaltaisten on Jumalan valtakunta<br \/>15.00 Seurat: Osmo E. Lepp\u00e4nen, Heikki Ohtamaa<br \/>16.30 Kuulumisia kent\u00e4lt\u00e4<br \/>Ikkunoita-sarja: Kohtaaminen seurakent\u00e4ll\u00e4<br \/>17.30 Laulutuokio: &#8221;Kiitt\u00e4k\u00e4\u00e4, te Luojan linnut&#8221;<br \/>18.00 Seurat: Otto Hyt\u00f6nen, Tuomo Koistinen<br \/>19.30 Lukupiiri: Saman is\u00e4n lapsia<br \/>20.00 Ajankohtaiskatsaus<br \/>Kaps\u00e4kkijutut<br \/>20.30 Seurat: Tero Saapunki, Paavo Rusava<br \/>22.00 Laulutuokio<br \/>22.30 Ikkunoita-sarja: Kev\u00e4\u00e4n askel kulkee kohti p\u00e4\u00e4si\u00e4ist\u00e4<\/p>\n<p><strong>Perjantai 01.07.<br \/><\/strong>07.00 Aamulauluja<br \/>07.30 Herran ty\u00f6miehi\u00e4: Antti Koskela<br \/>08.30 Aamukahvilla<br \/>Kuulumisia konttorilta<br \/>09.30 Lipunnosto<br \/>10.00 Avajaiset: Valde Palola, Olli Hallikainen, Jorma Hentil\u00e4<br \/>12.00 Ajankohtaiskatsaus<br \/>Lastenvartti<br \/>12.30 Seurat: Pentti Saulio, Juha Alanko<br \/>14.00 Ikkunoita-sarja: Kohtaaminen seurakent\u00e4ll\u00e4<br \/>14.30 Seurat: Martti Sallinen, Mauno Peltokorpi<br \/>16.00 Ajankohtaiskatsaus<br \/>16.30 Laulutuokio: &#8221;Jumala on turvamme&#8221;<br \/>17.00 Seurat: Marko Niskanen, Antero Niemikorpi<br \/>18.30 Kuulumisia konttorilta<br \/>19.00 Seurat: Kristian Saarnio, Markku Kamula<br \/>20.30 Ajankohtaiskatsaus<br \/>Kaps\u00e4kkijutut<br \/>21.00 Puheenvuoro: Juha Summala<br \/>22.00 Laulutuokio<br \/>Sana puhutteli<\/p>\n<p><strong>Lauantai 02.07.<\/strong><br \/>07.00 Aamulauluja<br \/>07.30 Herran ty\u00f6miehi\u00e4: Juuso Markkanen<br \/>08.30 Aamukahvilla<br \/>09.00 Seurat: Aate Kalliokoski, Antti Kaisto<br \/>10.30 Lastenvartti<br \/>Lukupiiri: Olen hiljaa ja muistan<br \/>Kaikista kansoista, kaikista kielist\u00e4: Ecuador<br \/>11.30 Seurat (Ylen radiointi): Olli Lohi, Esa Koukkari<br \/>Ajankohtaiskatsaus<br \/>13.00 Laulutuokio: &#8221;Turvassa suojelusenkelin&#8221;<br \/>Ikkunoita-sarja: Kohtaaminen seurakent\u00e4ll\u00e4<br \/>14.00 Seurat: Tuomo Kava<br \/>15.00 Ajankohtaiskatsaus<br \/>Diakonian juhlavuosi<br \/>16.00 Viikkomessu: Pekka Sipil\u00e4, Janne Suomala<br \/>21.30 Ajankohtaiskatsaus<br \/>Kaps\u00e4kkijutut<br \/>22.00 Iltahartaus: Harri Hyv\u00e4ri<br \/>Laulutuokio<\/p>\n<p><strong>Sunnuntai 03.07.<\/strong><br \/>07.00 Aamulauluja<br \/>07:30 Herran ty\u00f6miehi\u00e4: Ville Suutari<br \/>08.30 Aamukahvilla<br \/>09.00 Aamuhartaus: Pekka Aittakumpu<br \/>10.00 Sanajumalanpalvelus (Ylen televisiointi): Hannu Ojalehto, Albert Halonen<br \/>11.15 Ajankohtaiskatsaus<br \/>Lastenvartti<br \/>12.00 Pyh\u00e4koulu: Pentti Naukkarinen<br \/>13.00 Seurat: Risto R\u00e4ih\u00e4, Carey Simonson<br \/>14.30 Ikkunoita-sarja: Kohtaaminen seurakent\u00e4ll\u00e4<br \/>15.00 Seurat: Reijo Peura, Raimo Tornberg<br \/>16.30 Esivallan kunnnioittaminen<br \/>17.00 Laulutuokio: &#8221;Muista meit\u00e4 jokaista&#8221;<br \/>Enkelit suojelijoina ja saattajina<br \/>18.00 Seurat: Sauli Kellokoski, Olavi Ojanne<br \/>19.30 Ajankohtaiskatsaus<br \/>\u00a0Kaps\u00e4kkijutut<br \/>20.00 Seurat: Jorma Hintikka, Harri V\u00e4h\u00e4jylkk\u00e4<br \/>21.30 Laulutuokio<br \/>Lapsuuden laulumuistot<br \/>Ikkunoita-sarja: &#8221;Voi sinnuu, Matti!&#8221;<\/p>\n<p><strong>Maanantai 04.07.<\/strong><br \/>07.00 Aamulauluja<br \/>07.30 Herran ty\u00f6miehi\u00e4: Lenna Pellikka<br \/>08.30 Aamukahvilla<br \/>09.00 Seurat: Kalevi T\u00e4htinen, Matti T\u00f6lli<br \/>10.30 Lastenvartti<br \/>10.45 Ikkunoita-sarja: Kohtaaminen seurakent\u00e4ll\u00e4<br \/>11.00 Seurat: Ahti Riihim\u00e4ki, Jari Hintsala<br \/>12.30 Ajankohtaiskatsaus<br \/>13.00 Laulutuokio: &#8221;Taivaassa minulla on sinut&#8221;<br \/>13.30 P\u00e4\u00e4t\u00f6sseurat: Hannu E. Rantala, Jukka Liukkonen<br \/>Tervetuloa vuoden 2023 Suviseuroihin: Jussi Rentola<br \/>Ajankohtaiskatsaus<br \/>Kotimatkalle &#8211; koostel\u00e4hetys Lopen Suviseuroista<br \/>22.00 L\u00e4hetys Suviseuroista p\u00e4\u00e4ttyy<\/p>\n","protected":false},"excerpt":{"rendered":"<p>Muutokset ohjelmassa ja aikataulussa ovat mahdollisia. Keskiviikko 29.06.12.00 L\u00e4hetys Lopen Suviseuroista alkaaAlkuhartaus: Juha KaarivaaraTervetuloa Suviseuroihin<a class=\"moretag\" href=\"https:\/\/www.suviseurat.fi/2022\/kuuntele-ja-katsele\/kesaseuraradion-ohjelma-29-6-4-7\/\">Jatka lukemista ><\/a><\/p>\n","protected":false},"author":21,"featured_media":9921,"parent":2717,"menu_order":3,"comment_status":"closed","ping_status":"closed","template":"","meta":[],"acf":[],"yoast_head":"<!-- This site is optimized with the Yoast SEO plugin v19.6 - https:\/\/yoast.com\/wordpress\/plugins\/seo\/ -->\n<title>Kes\u00e4seuraradion ohjelma 29.6.-4.7. - Suviseurat Lopella 2022<\/title>\n<meta name=\"description\" content=\"Muutokset ohjelmassa ja aikataulussa ovat mahdollisia. Keskiviikko 29.06.12.00 L\u00e4hetys Lopen Suviseuroista alkaaAlkuhartaus: Juha KaarivaaraTervetuloa\" \/>\n<meta name=\"robots\" content=\"index, follow, max-snippet:-1, max-image-preview:large, max-video-preview:-1\" \/>\n<link rel=\"canonical\" href=\"https:\/\/www.suviseurat.fi/2022\/kuuntele-ja-katsele\/kesaseuraradion-ohjelma-29-6-4-7\/\" \/>\n<meta property=\"og:locale\" content=\"fi_FI\" \/>\n<meta property=\"og:type\" content=\"article\" \/>\n<meta property=\"og:title\" content=\"Kes\u00e4seuraradion ohjelma 29.6.-4.7. - Suviseurat Lopella 2022\" \/>\n<meta property=\"og:description\" content=\"Muutokset ohjelmassa ja aikataulussa ovat mahdollisia. Keskiviikko 29.06.12.00 L\u00e4hetys Lopen Suviseuroista alkaaAlkuhartaus: Juha KaarivaaraTervetuloa\" \/>\n<meta property=\"og:url\" content=\"https:\/\/www.suviseurat.fi/2022\/kuuntele-ja-katsele\/kesaseuraradion-ohjelma-29-6-4-7\/\" \/>\n<meta property=\"og:site_name\" content=\"Suviseurat Lopella 2022\" \/>\n<meta property=\"article:publisher\" content=\"https:\/\/www.facebook.com\/srksuviseurat\/\" \/>\n<meta property=\"article:modified_time\" content=\"2022-06-23T20:16:13+00:00\" \/>\n<meta property=\"og:image\" content=\"https:\/\/www.suviseurat.fi/2022\/wp-content\/uploads\/2022\/06\/seuramerkki21x15_600dpi.jpg\" \/>\n\t<meta property=\"og:image:width\" content=\"1000\" \/>\n\t<meta property=\"og:image:height\" content=\"1000\" \/>\n\t<meta property=\"og:image:type\" content=\"image\/jpeg\" \/>\n<meta name=\"twitter:card\" content=\"summary_large_image\" \/>\n<meta name=\"twitter:site\" content=\"@Suviseurat\" \/>\n<meta name=\"twitter:label1\" content=\"Arvioitu lukuaika\" \/>\n\t<meta name=\"twitter:data1\" content=\"3 minutes\" \/>\n<script type=\"application\/ld+json\" class=\"yoast-schema-graph\">{\"@context\":\"https:\/\/schema.org\",\"@graph\":[{\"@type\":\"WebPage\",\"@id\":\"https:\/\/www.suviseurat.fi/2022\/kuuntele-ja-katsele\/kesaseuraradion-ohjelma-29-6-4-7\/\",\"url\":\"https:\/\/www.suviseurat.fi/2022\/kuuntele-ja-katsele\/kesaseuraradion-ohjelma-29-6-4-7\/\",\"name\":\"Kes\u00e4seuraradion ohjelma 29.6.-4.7. - Suviseurat Lopella 2022\",\"isPartOf\":{\"@id\":\"https:\/\/www.suviseurat.fi/2022\/#website\"},\"datePublished\":\"2022-06-23T20:15:41+00:00\",\"dateModified\":\"2022-06-23T20:16:13+00:00\",\"description\":\"Muutokset ohjelmassa ja aikataulussa ovat mahdollisia. Keskiviikko 29.06.12.00 L\u00e4hetys Lopen Suviseuroista alkaaAlkuhartaus: Juha KaarivaaraTervetuloa\",\"breadcrumb\":{\"@id\":\"https:\/\/www.suviseurat.fi/2022\/kuuntele-ja-katsele\/kesaseuraradion-ohjelma-29-6-4-7\/#breadcrumb\"},\"inLanguage\":\"fi\",\"potentialAction\":[{\"@type\":\"ReadAction\",\"target\":[\"https:\/\/www.suviseurat.fi/2022\/kuuntele-ja-katsele\/kesaseuraradion-ohjelma-29-6-4-7\/\"]}]},{\"@type\":\"BreadcrumbList\",\"@id\":\"https:\/\/www.suviseurat.fi/2022\/kuuntele-ja-katsele\/kesaseuraradion-ohjelma-29-6-4-7\/#breadcrumb\",\"itemListElement\":[{\"@type\":\"ListItem\",\"position\":1,\"name\":\"Home\",\"item\":\"https:\/\/www.suviseurat.fi/2022\/\"},{\"@type\":\"ListItem\",\"position\":2,\"name\":\"Kuuntele ja katsele\",\"item\":\"https:\/\/www.suviseurat.fi/2022\/kuuntele-ja-katsele\/\"},{\"@type\":\"ListItem\",\"position\":3,\"name\":\"Kes\u00e4seuraradion ohjelma 29.6.-4.7.\"}]},{\"@type\":\"WebSite\",\"@id\":\"https:\/\/www.suviseurat.fi/2022\/#website\",\"url\":\"https:\/\/www.suviseurat.fi/2022\/\",\"name\":\"Suviseurat Lopella 2022\",\"description\":\"Lasten kaltaisten on Jumalan valtakunta\",\"potentialAction\":[{\"@type\":\"SearchAction\",\"target\":{\"@type\":\"EntryPoint\",\"urlTemplate\":\"https:\/\/www.suviseurat.fi/2022\/?s={search_term_string}\"},\"query-input\":\"required name=search_term_string\"}],\"inLanguage\":\"fi\"}]}<\/script>\n<!-- \/ Yoast SEO plugin. -->","yoast_head_json":{"title":"Kes\u00e4seuraradion ohjelma 29.6.-4.7. - Suviseurat Lopella 2022","description":"Muutokset ohjelmassa ja aikataulussa ovat mahdollisia. Keskiviikko 29.06.12.00 L\u00e4hetys Lopen Suviseuroista alkaaAlkuhartaus: Juha KaarivaaraTervetuloa","robots":{"index":"index","follow":"follow","max-snippet":"max-snippet:-1","max-image-preview":"max-image-preview:large","max-video-preview":"max-video-preview:-1"},"canonical":"https:\/\/www.suviseurat.fi/2022\/kuuntele-ja-katsele\/kesaseuraradion-ohjelma-29-6-4-7\/","og_locale":"fi_FI","og_type":"article","og_title":"Kes\u00e4seuraradion ohjelma 29.6.-4.7. - Suviseurat Lopella 2022","og_description":"Muutokset ohjelmassa ja aikataulussa ovat mahdollisia. Keskiviikko 29.06.12.00 L\u00e4hetys Lopen Suviseuroista alkaaAlkuhartaus: Juha KaarivaaraTervetuloa","og_url":"https:\/\/www.suviseurat.fi/2022\/kuuntele-ja-katsele\/kesaseuraradion-ohjelma-29-6-4-7\/","og_site_name":"Suviseurat Lopella 2022","article_publisher":"https:\/\/www.facebook.com\/srksuviseurat\/","article_modified_time":"2022-06-23T20:16:13+00:00","og_image":[{"width":1000,"height":1000,"url":"https:\/\/www.suviseurat.fi/2022\/wp-content\/uploads\/2022\/06\/seuramerkki21x15_600dpi.jpg","type":"image\/jpeg"}],"twitter_card":"summary_large_image","twitter_site":"@Suviseurat","twitter_misc":{"Arvioitu lukuaika":"3 minutes"},"schema":{"@context":"https:\/\/schema.org","@graph":[{"@type":"WebPage","@id":"https:\/\/www.suviseurat.fi/2022\/kuuntele-ja-katsele\/kesaseuraradion-ohjelma-29-6-4-7\/","url":"https:\/\/www.suviseurat.fi/2022\/kuuntele-ja-katsele\/kesaseuraradion-ohjelma-29-6-4-7\/","name":"Kes\u00e4seuraradion ohjelma 29.6.-4.7. - Suviseurat Lopella 2022","isPartOf":{"@id":"https:\/\/www.suviseurat.fi/2022\/#website"},"datePublished":"2022-06-23T20:15:41+00:00","dateModified":"2022-06-23T20:16:13+00:00","description":"Muutokset ohjelmassa ja aikataulussa ovat mahdollisia. Keskiviikko 29.06.12.00 L\u00e4hetys Lopen Suviseuroista alkaaAlkuhartaus: Juha KaarivaaraTervetuloa","breadcrumb":{"@id":"https:\/\/www.suviseurat.fi/2022\/kuuntele-ja-katsele\/kesaseuraradion-ohjelma-29-6-4-7\/#breadcrumb"},"inLanguage":"fi","potentialAction":[{"@type":"ReadAction","target":["https:\/\/www.suviseurat.fi/2022\/kuuntele-ja-katsele\/kesaseuraradion-ohjelma-29-6-4-7\/"]}]},{"@type":"BreadcrumbList","@id":"https:\/\/www.suviseurat.fi/2022\/kuuntele-ja-katsele\/kesaseuraradion-ohjelma-29-6-4-7\/#breadcrumb","itemListElement":[{"@type":"ListItem","position":1,"name":"Home","item":"https:\/\/www.suviseurat.fi/2022\/"},{"@type":"ListItem","position":2,"name":"Kuuntele ja katsele","item":"https:\/\/www.suviseurat.fi/2022\/kuuntele-ja-katsele\/"},{"@type":"ListItem","position":3,"name":"Kes\u00e4seuraradion ohjelma 29.6.-4.7."}]},{"@type":"WebSite","@id":"https:\/\/www.suviseurat.fi/2022\/#website","url":"https:\/\/www.suviseurat.fi/2022\/","name":"Suviseurat Lopella 2022","description":"Lasten kaltaisten on Jumalan valtakunta","potentialAction":[{"@type":"SearchAction","target":{"@type":"EntryPoint","urlTemplate":"https:\/\/www.suviseurat.fi/2022\/?s={search_term_string}"},"query-input":"required name=search_term_string"}],"inLanguage":"fi"}]}},"lang":"fi","translations":{"fi":10786},"_links":{"self":[{"href":"https:\/\/www.suviseurat.fi/2022\/wp-json\/wp\/v2\/pages\/10786"}],"collection":[{"href":"https:\/\/www.suviseurat.fi/2022\/wp-json\/wp\/v2\/pages"}],"about":[{"href":"https:\/\/www.suviseurat.fi/2022\/wp-json\/wp\/v2\/types\/page"}],"author":[{"embeddable":true,"href":"https:\/\/www.suviseurat.fi/2022\/wp-json\/wp\/v2\/users\/21"}],"replies":[{"embeddable":true,"href":"https:\/\/www.suviseurat.fi/2022\/wp-json\/wp\/v2\/comments?post=10786"}],"version-history":[{"count":3,"href":"https:\/\/www.suviseurat.fi/2022\/wp-json\/wp\/v2\/pages\/10786\/revisions"}],"predecessor-version":[{"id":10789,"href":"https:\/\/www.suviseurat.fi/2022\/wp-json\/wp\/v2\/pages\/10786\/revisions\/10789"}],"up":[{"embeddable":true,"href":"https:\/\/www.suviseurat.fi/2022\/wp-json\/wp\/v2\/pages\/2717"}],"wp:featuredmedia":[{"embeddable":true,"href":"https:\/\/www.suviseurat.fi/2022\/wp-json\/wp\/v2\/media\/9921"}],"wp:attachment":[{"href":"https:\/\/www.suviseurat.fi/2022\/wp-json\/wp\/v2\/media?parent=10786"}],"curies":[{"name":"wp","href":"https:\/\/api.w.org\/{rel}","templated":true}]}}