{"id":234,"date":"2018-02-02T21:59:59","date_gmt":"2018-02-02T19:59:59","guid":{"rendered":"https:\/\/www.suviseurat.fi/2022\/?page_id=234"},"modified":"2022-06-30T14:25:33","modified_gmt":"2022-06-30T11:25:33","slug":"nain-me-uskomme","status":"publish","type":"page","link":"https:\/\/www.suviseurat.fi/2022\/suviseurat\/nain-me-uskomme\/","title":{"rendered":"N\u00e4in me uskomme"},"content":{"rendered":"<h1><b>N\u00e4in me uskomme\u00a0<\/b><\/h1>\n<p>Puheenvuoro: <a href=\"https:\/\/www.suviseurat.fi/2022\/wp-content\/uploads\/2022\/06\/Keita-me-olemme-ja-miten-me-uskomme-FI.pdf\">Keit\u00e4 me olemme ja miten me uskomme?<\/a><\/p>\n<p><span style=\"font-weight: 400\">Vanhoillislestadiolaisen kristillisyyden opetus perustuu Raamattuun ja luterilaiseen tunnustukseen. Uskonpuhdistuksen keskeisen periaatteen mukaan Raamattu on korkein auktoriteetti uskoa ja el\u00e4m\u00e4\u00e4 koskevissa kysymyksiss\u00e4. Ajattelemme Martti Lutherin tavoin, ett\u00e4 ihminen tulee vanhurskaaksi eli Jumalalle kelpaavaksi yksin uskosta, yksin armosta, yksin Kristuksen t\u00e4hden.<\/span><\/p>\n<p><span style=\"font-weight: 400\">Seurapuheissa ja muussa opetuksessa keskeist\u00e4 on saarna Jeesuksen sovitusty\u00f6st\u00e4. H\u00e4n on k\u00e4rsimisell\u00e4\u00e4n, kuolemallaan ja yl\u00f6snousemisellaan lunastanut ihmiset vapaiksi synnin vallasta. Uskomme luterilaisen tunnustuksen mukaisesti, ett\u00e4 Kristuksen ty\u00f6 maailmassa jatkuu Pyh\u00e4n Hengen ty\u00f6n\u00e4 h\u00e4nen seurakunnassaan.\u00a0<\/span><\/p>\n<p><span style=\"font-weight: 400\">Jeesus antoi opetuslapsilleen teht\u00e4v\u00e4n ja valtuudet antaa ihmisille synnit anteeksi. Sen vuoksi julistamme kaikille evankeliumia, hyv\u00e4\u00e4 sanomaa Jeesuksesta. Julistuksen ydin on lupaus syntien anteeksiantamisesta Jeesuksen nimess\u00e4 ja veress\u00e4. Sen uskoja saa Jumalan armosta kaikki syntins\u00e4 anteeksi ja p\u00e4\u00e4see osalliseksi Kristuksen lunastusty\u00f6st\u00e4.<\/span><\/p>\n<p><span style=\"font-weight: 400\">Usko syntyy siis Jumalan sanan mukaisen opetuksen kuulemisesta ja vastaanottamisesta. Se on kokonaan Jumalan ty\u00f6t\u00e4 ihmisess\u00e4, ei ihmisen omaa ansiota tai suoritusta. Usko n\u00e4kyy ihmisen el\u00e4m\u00e4ss\u00e4 rakkauden tekoina ja Hengen hedelmin\u00e4, kuten Raamattu opettaa.<\/span><\/p>\n<p><a href=\"https:\/\/srk.fi\/fi\/nain-me-uskomme\/nain-me-uskomme\/\"><span style=\"font-weight: 400\">Lue lis\u00e4\u00e4 uskostamme<\/span><\/a><\/p>\n","protected":false},"excerpt":{"rendered":"<p>N\u00e4in me uskomme\u00a0 Puheenvuoro: Keit\u00e4 me olemme ja miten me uskomme? Vanhoillislestadiolaisen kristillisyyden opetus perustuu<a class=\"moretag\" href=\"https:\/\/www.suviseurat.fi/2022\/suviseurat\/nain-me-uskomme\/\">Jatka lukemista ><\/a><\/p>\n","protected":false},"author":2,"featured_media":9350,"parent":74,"menu_order":3,"comment_status":"closed","ping_status":"closed","template":"","meta":[],"acf":[],"yoast_head":"<!-- This site is optimized with the Yoast SEO plugin v19.6 - https:\/\/yoast.com\/wordpress\/plugins\/seo\/ -->\n<title>N\u00e4in me uskomme - SRK:n Suviseurat 2022 Lopella<\/title>\n<meta name=\"description\" content=\"Vanhoillislestadiolainen opetus perustuu Raamattuun ja luterilaiseen tunnustukseen. Keskeist\u00e4 on saarna Jeesuksen k\u00e4rsimisest\u00e4, kuolemasta ja yl\u00f6snousemisesta. Opetamme, ett\u00e4 Jumala vanhurskauttaa ihmisen Pyh\u00e4n Hengen kautta seurakunnassaan. Evankeliumin ydin on synninp\u00e4\u00e4st\u00f6.\" \/>\n<meta name=\"robots\" content=\"index, follow, max-snippet:-1, max-image-preview:large, max-video-preview:-1\" \/>\n<link rel=\"canonical\" href=\"https:\/\/www.suviseurat.fi/2022\/suviseurat\/nain-me-uskomme\/\" \/>\n<meta property=\"og:locale\" content=\"fi_FI\" \/>\n<meta property=\"og:type\" content=\"article\" \/>\n<meta property=\"og:title\" content=\"N\u00e4in me uskomme - SRK:n Suviseurat 2022 Lopella\" \/>\n<meta property=\"og:description\" content=\"Vanhoillislestadiolainen opetus perustuu Raamattuun ja luterilaiseen tunnustukseen. Keskeist\u00e4 on saarna Jeesuksen k\u00e4rsimisest\u00e4, kuolemasta ja yl\u00f6snousemisesta. Opetamme, ett\u00e4 Jumala vanhurskauttaa ihmisen Pyh\u00e4n Hengen kautta seurakunnassaan. Evankeliumin ydin on synninp\u00e4\u00e4st\u00f6.\" \/>\n<meta property=\"og:url\" content=\"https:\/\/www.suviseurat.fi/2022\/suviseurat\/nain-me-uskomme\/\" \/>\n<meta property=\"og:site_name\" content=\"Suviseurat Lopella 2022\" \/>\n<meta property=\"article:publisher\" content=\"https:\/\/www.facebook.com\/srksuviseurat\/\" \/>\n<meta property=\"article:modified_time\" content=\"2022-06-30T11:25:33+00:00\" \/>\n<meta property=\"og:image\" content=\"https:\/\/www.suviseurat.fi/2022\/wp-content\/uploads\/2022\/03\/seuramerkki21x15-e1648745287909.png\" \/>\n\t<meta property=\"og:image:width\" content=\"250\" \/>\n\t<meta property=\"og:image:height\" content=\"250\" \/>\n\t<meta property=\"og:image:type\" content=\"image\/png\" \/>\n<meta name=\"twitter:card\" content=\"summary_large_image\" \/>\n<meta name=\"twitter:site\" content=\"@Suviseurat\" \/>\n<meta name=\"twitter:label1\" content=\"Arvioitu lukuaika\" \/>\n\t<meta name=\"twitter:data1\" content=\"2 minutes\" \/>\n<script type=\"application\/ld+json\" class=\"yoast-schema-graph\">{\"@context\":\"https:\/\/schema.org\",\"@graph\":[{\"@type\":\"WebPage\",\"@id\":\"https:\/\/www.suviseurat.fi/2022\/suviseurat\/nain-me-uskomme\/\",\"url\":\"https:\/\/www.suviseurat.fi/2022\/suviseurat\/nain-me-uskomme\/\",\"name\":\"N\u00e4in me uskomme - SRK:n Suviseurat 2022 Lopella\",\"isPartOf\":{\"@id\":\"https:\/\/www.suviseurat.fi/2022\/#website\"},\"datePublished\":\"2018-02-02T19:59:59+00:00\",\"dateModified\":\"2022-06-30T11:25:33+00:00\",\"description\":\"Vanhoillislestadiolainen opetus perustuu Raamattuun ja luterilaiseen tunnustukseen. Keskeist\u00e4 on saarna Jeesuksen k\u00e4rsimisest\u00e4, kuolemasta ja yl\u00f6snousemisesta. Opetamme, ett\u00e4 Jumala vanhurskauttaa ihmisen Pyh\u00e4n Hengen kautta seurakunnassaan. Evankeliumin ydin on synninp\u00e4\u00e4st\u00f6.\",\"breadcrumb\":{\"@id\":\"https:\/\/www.suviseurat.fi/2022\/suviseurat\/nain-me-uskomme\/#breadcrumb\"},\"inLanguage\":\"fi\",\"potentialAction\":[{\"@type\":\"ReadAction\",\"target\":[\"https:\/\/www.suviseurat.fi/2022\/suviseurat\/nain-me-uskomme\/\"]}]},{\"@type\":\"BreadcrumbList\",\"@id\":\"https:\/\/www.suviseurat.fi/2022\/suviseurat\/nain-me-uskomme\/#breadcrumb\",\"itemListElement\":[{\"@type\":\"ListItem\",\"position\":1,\"name\":\"Home\",\"item\":\"https:\/\/www.suviseurat.fi/2022\/\"},{\"@type\":\"ListItem\",\"position\":2,\"name\":\"Suviseurat\",\"item\":\"https:\/\/www.suviseurat.fi/2022\/suviseurat\/\"},{\"@type\":\"ListItem\",\"position\":3,\"name\":\"N\u00e4in me uskomme\"}]},{\"@type\":\"WebSite\",\"@id\":\"https:\/\/www.suviseurat.fi/2022\/#website\",\"url\":\"https:\/\/www.suviseurat.fi/2022\/\",\"name\":\"Suviseurat Lopella 2022\",\"description\":\"Lasten kaltaisten on Jumalan valtakunta\",\"potentialAction\":[{\"@type\":\"SearchAction\",\"target\":{\"@type\":\"EntryPoint\",\"urlTemplate\":\"https:\/\/www.suviseurat.fi/2022\/?s={search_term_string}\"},\"query-input\":\"required name=search_term_string\"}],\"inLanguage\":\"fi\"}]}<\/script>\n<!-- \/ Yoast SEO plugin. -->","yoast_head_json":{"title":"N\u00e4in me uskomme - SRK:n Suviseurat 2022 Lopella","description":"Vanhoillislestadiolainen opetus perustuu Raamattuun ja luterilaiseen tunnustukseen. Keskeist\u00e4 on saarna Jeesuksen k\u00e4rsimisest\u00e4, kuolemasta ja yl\u00f6snousemisesta. Opetamme, ett\u00e4 Jumala vanhurskauttaa ihmisen Pyh\u00e4n Hengen kautta seurakunnassaan. Evankeliumin ydin on synninp\u00e4\u00e4st\u00f6.","robots":{"index":"index","follow":"follow","max-snippet":"max-snippet:-1","max-image-preview":"max-image-preview:large","max-video-preview":"max-video-preview:-1"},"canonical":"https:\/\/www.suviseurat.fi/2022\/suviseurat\/nain-me-uskomme\/","og_locale":"fi_FI","og_type":"article","og_title":"N\u00e4in me uskomme - SRK:n Suviseurat 2022 Lopella","og_description":"Vanhoillislestadiolainen opetus perustuu Raamattuun ja luterilaiseen tunnustukseen. Keskeist\u00e4 on saarna Jeesuksen k\u00e4rsimisest\u00e4, kuolemasta ja yl\u00f6snousemisesta. Opetamme, ett\u00e4 Jumala vanhurskauttaa ihmisen Pyh\u00e4n Hengen kautta seurakunnassaan. Evankeliumin ydin on synninp\u00e4\u00e4st\u00f6.","og_url":"https:\/\/www.suviseurat.fi/2022\/suviseurat\/nain-me-uskomme\/","og_site_name":"Suviseurat Lopella 2022","article_publisher":"https:\/\/www.facebook.com\/srksuviseurat\/","article_modified_time":"2022-06-30T11:25:33+00:00","og_image":[{"width":250,"height":250,"url":"https:\/\/www.suviseurat.fi/2022\/wp-content\/uploads\/2022\/03\/seuramerkki21x15-e1648745287909.png","type":"image\/png"}],"twitter_card":"summary_large_image","twitter_site":"@Suviseurat","twitter_misc":{"Arvioitu lukuaika":"2 minutes"},"schema":{"@context":"https:\/\/schema.org","@graph":[{"@type":"WebPage","@id":"https:\/\/www.suviseurat.fi/2022\/suviseurat\/nain-me-uskomme\/","url":"https:\/\/www.suviseurat.fi/2022\/suviseurat\/nain-me-uskomme\/","name":"N\u00e4in me uskomme - SRK:n Suviseurat 2022 Lopella","isPartOf":{"@id":"https:\/\/www.suviseurat.fi/2022\/#website"},"datePublished":"2018-02-02T19:59:59+00:00","dateModified":"2022-06-30T11:25:33+00:00","description":"Vanhoillislestadiolainen opetus perustuu Raamattuun ja luterilaiseen tunnustukseen. Keskeist\u00e4 on saarna Jeesuksen k\u00e4rsimisest\u00e4, kuolemasta ja yl\u00f6snousemisesta. Opetamme, ett\u00e4 Jumala vanhurskauttaa ihmisen Pyh\u00e4n Hengen kautta seurakunnassaan. Evankeliumin ydin on synninp\u00e4\u00e4st\u00f6.","breadcrumb":{"@id":"https:\/\/www.suviseurat.fi/2022\/suviseurat\/nain-me-uskomme\/#breadcrumb"},"inLanguage":"fi","potentialAction":[{"@type":"ReadAction","target":["https:\/\/www.suviseurat.fi/2022\/suviseurat\/nain-me-uskomme\/"]}]},{"@type":"BreadcrumbList","@id":"https:\/\/www.suviseurat.fi/2022\/suviseurat\/nain-me-uskomme\/#breadcrumb","itemListElement":[{"@type":"ListItem","position":1,"name":"Home","item":"https:\/\/www.suviseurat.fi/2022\/"},{"@type":"ListItem","position":2,"name":"Suviseurat","item":"https:\/\/www.suviseurat.fi/2022\/suviseurat\/"},{"@type":"ListItem","position":3,"name":"N\u00e4in me uskomme"}]},{"@type":"WebSite","@id":"https:\/\/www.suviseurat.fi/2022\/#website","url":"https:\/\/www.suviseurat.fi/2022\/","name":"Suviseurat Lopella 2022","description":"Lasten kaltaisten on Jumalan valtakunta","potentialAction":[{"@type":"SearchAction","target":{"@type":"EntryPoint","urlTemplate":"https:\/\/www.suviseurat.fi/2022\/?s={search_term_string}"},"query-input":"required name=search_term_string"}],"inLanguage":"fi"}]}},"lang":"fi","translations":{"ru":1064,"fi":234,"et":1073,"sv":1080,"de":1119,"es":1143,"fr":1158,"hu":1326,"en":1526},"_links":{"self":[{"href":"https:\/\/www.suviseurat.fi/2022\/wp-json\/wp\/v2\/pages\/234"}],"collection":[{"href":"https:\/\/www.suviseurat.fi/2022\/wp-json\/wp\/v2\/pages"}],"about":[{"href":"https:\/\/www.suviseurat.fi/2022\/wp-json\/wp\/v2\/types\/page"}],"author":[{"embeddable":true,"href":"https:\/\/www.suviseurat.fi/2022\/wp-json\/wp\/v2\/users\/2"}],"replies":[{"embeddable":true,"href":"https:\/\/www.suviseurat.fi/2022\/wp-json\/wp\/v2\/comments?post=234"}],"version-history":[{"count":16,"href":"https:\/\/www.suviseurat.fi/2022\/wp-json\/wp\/v2\/pages\/234\/revisions"}],"predecessor-version":[{"id":12290,"href":"https:\/\/www.suviseurat.fi/2022\/wp-json\/wp\/v2\/pages\/234\/revisions\/12290"}],"up":[{"embeddable":true,"href":"https:\/\/www.suviseurat.fi/2022\/wp-json\/wp\/v2\/pages\/74"}],"wp:featuredmedia":[{"embeddable":true,"href":"https:\/\/www.suviseurat.fi/2022\/wp-json\/wp\/v2\/media\/9350"}],"wp:attachment":[{"href":"https:\/\/www.suviseurat.fi/2022\/wp-json\/wp\/v2\/media?parent=234"}],"curies":[{"name":"wp","href":"https:\/\/api.w.org\/{rel}","templated":true}]}}