{"id":3111,"date":"2022-06-11T22:10:00","date_gmt":"2022-06-11T19:10:00","guid":{"rendered":"https:\/\/www.suviseurat.fi/2022\/?page_id=3111"},"modified":"2022-06-11T22:13:25","modified_gmt":"2022-06-11T19:13:25","slug":"kaasunmyynti","status":"publish","type":"page","link":"https:\/\/www.suviseurat.fi/2022\/kenttapalvelut\/kaasunmyynti\/","title":{"rendered":"Kaasunmyynti"},"content":{"rendered":"<p><span style=\"font-weight: 400\">Kaasunmyynti on avoinna myym\u00e4l\u00e4n aukioloaikana. Kaasunvaihtopiste on myym\u00e4l\u00e4n vieress\u00e4. Kaasupullon maksu suoritetaan myym\u00e4l\u00e4n kassalle.<\/span><\/p>\n<table style=\"border-collapse: collapse;width: 32.1421%\">\n<tbody>\n<tr>\n<td style=\"width: 12.0673%\"><strong>Aukioloajat<\/strong><\/td>\n<td style=\"width: 12.8407%\"><\/td>\n<\/tr>\n<tr>\n<td style=\"width: 12.0673%\">Keskiviikko<\/td>\n<td style=\"width: 12.8407%\">klo <span style=\"font-weight: 400\">12\u201322<\/span><\/td>\n<\/tr>\n<tr>\n<td style=\"width: 12.0673%\">Torstai<span style=\"font-weight: 400\">\u2013<\/span>sunnuntai<\/td>\n<td style=\"width: 12.8407%\"><span style=\"font-weight: 400\">klo 9\u201322<\/span><\/td>\n<\/tr>\n<tr>\n<td style=\"width: 12.0673%\">Maanantai<\/td>\n<td style=\"width: 12.8407%\"><span style=\"font-weight: 400\">klo 9\u201315<\/span><\/td>\n<\/tr>\n<\/tbody>\n<\/table>\n","protected":false},"excerpt":{"rendered":"<p>Kaasunmyynti on avoinna myym\u00e4l\u00e4n aukioloaikana. Kaasunvaihtopiste on myym\u00e4l\u00e4n vieress\u00e4. Kaasupullon maksu suoritetaan myym\u00e4l\u00e4n kassalle. Aukioloajat<a class=\"moretag\" href=\"https:\/\/www.suviseurat.fi/2022\/kenttapalvelut\/kaasunmyynti\/\">Jatka lukemista ><\/a><\/p>\n","protected":false},"author":2,"featured_media":9350,"parent":857,"menu_order":5,"comment_status":"closed","ping_status":"closed","template":"","meta":[],"acf":[],"yoast_head":"<!-- This site is optimized with the Yoast SEO plugin v19.6 - https:\/\/yoast.com\/wordpress\/plugins\/seo\/ -->\n<title>Kaasunmyynti - Suviseurat Lopella 2022<\/title>\n<meta name=\"description\" content=\"Kaasunmyynti on avoinna myym\u00e4l\u00e4n aukioloaikana. Kaasunvaihtopiste on myym\u00e4l\u00e4n vieress\u00e4. Kaasupullon maksu suoritetaan myym\u00e4l\u00e4n kassalle. Aukioloajat\" \/>\n<meta name=\"robots\" content=\"index, follow, max-snippet:-1, max-image-preview:large, max-video-preview:-1\" \/>\n<link rel=\"canonical\" href=\"https:\/\/www.suviseurat.fi/2022\/kenttapalvelut\/kaasunmyynti\/\" \/>\n<meta property=\"og:locale\" content=\"fi_FI\" \/>\n<meta property=\"og:type\" content=\"article\" \/>\n<meta property=\"og:title\" content=\"Kaasunmyynti - Suviseurat Lopella 2022\" \/>\n<meta property=\"og:description\" content=\"Kaasunmyynti on avoinna myym\u00e4l\u00e4n aukioloaikana. Kaasunvaihtopiste on myym\u00e4l\u00e4n vieress\u00e4. Kaasupullon maksu suoritetaan myym\u00e4l\u00e4n kassalle. Aukioloajat\" \/>\n<meta property=\"og:url\" content=\"https:\/\/www.suviseurat.fi/2022\/kenttapalvelut\/kaasunmyynti\/\" \/>\n<meta property=\"og:site_name\" content=\"Suviseurat Lopella 2022\" \/>\n<meta property=\"article:publisher\" content=\"https:\/\/www.facebook.com\/srksuviseurat\/\" \/>\n<meta property=\"article:modified_time\" content=\"2022-06-11T19:13:25+00:00\" \/>\n<meta property=\"og:image\" content=\"https:\/\/www.suviseurat.fi/2022\/wp-content\/uploads\/2022\/03\/seuramerkki21x15-e1648745287909.png\" \/>\n\t<meta property=\"og:image:width\" content=\"250\" \/>\n\t<meta property=\"og:image:height\" content=\"250\" \/>\n\t<meta property=\"og:image:type\" content=\"image\/png\" \/>\n<meta name=\"twitter:card\" content=\"summary_large_image\" \/>\n<meta name=\"twitter:site\" content=\"@Suviseurat\" \/>\n<meta name=\"twitter:label1\" content=\"Arvioitu lukuaika\" \/>\n\t<meta name=\"twitter:data1\" content=\"1 minute\" \/>\n<script type=\"application\/ld+json\" class=\"yoast-schema-graph\">{\"@context\":\"https:\/\/schema.org\",\"@graph\":[{\"@type\":\"WebPage\",\"@id\":\"https:\/\/www.suviseurat.fi/2022\/kenttapalvelut\/kaasunmyynti\/\",\"url\":\"https:\/\/www.suviseurat.fi/2022\/kenttapalvelut\/kaasunmyynti\/\",\"name\":\"Kaasunmyynti - Suviseurat Lopella 2022\",\"isPartOf\":{\"@id\":\"https:\/\/www.suviseurat.fi/2022\/#website\"},\"datePublished\":\"2022-06-11T19:10:00+00:00\",\"dateModified\":\"2022-06-11T19:13:25+00:00\",\"description\":\"Kaasunmyynti on avoinna myym\u00e4l\u00e4n aukioloaikana. Kaasunvaihtopiste on myym\u00e4l\u00e4n vieress\u00e4. Kaasupullon maksu suoritetaan myym\u00e4l\u00e4n kassalle. Aukioloajat\",\"breadcrumb\":{\"@id\":\"https:\/\/www.suviseurat.fi/2022\/kenttapalvelut\/kaasunmyynti\/#breadcrumb\"},\"inLanguage\":\"fi\",\"potentialAction\":[{\"@type\":\"ReadAction\",\"target\":[\"https:\/\/www.suviseurat.fi/2022\/kenttapalvelut\/kaasunmyynti\/\"]}]},{\"@type\":\"BreadcrumbList\",\"@id\":\"https:\/\/www.suviseurat.fi/2022\/kenttapalvelut\/kaasunmyynti\/#breadcrumb\",\"itemListElement\":[{\"@type\":\"ListItem\",\"position\":1,\"name\":\"Home\",\"item\":\"https:\/\/www.suviseurat.fi/2022\/\"},{\"@type\":\"ListItem\",\"position\":2,\"name\":\"Kentt\u00e4palvelut\",\"item\":\"https:\/\/www.suviseurat.fi/2022\/kenttapalvelut\/\"},{\"@type\":\"ListItem\",\"position\":3,\"name\":\"Kaasunmyynti\"}]},{\"@type\":\"WebSite\",\"@id\":\"https:\/\/www.suviseurat.fi/2022\/#website\",\"url\":\"https:\/\/www.suviseurat.fi/2022\/\",\"name\":\"Suviseurat Lopella 2022\",\"description\":\"Lasten kaltaisten on Jumalan valtakunta\",\"potentialAction\":[{\"@type\":\"SearchAction\",\"target\":{\"@type\":\"EntryPoint\",\"urlTemplate\":\"https:\/\/www.suviseurat.fi/2022\/?s={search_term_string}\"},\"query-input\":\"required name=search_term_string\"}],\"inLanguage\":\"fi\"}]}<\/script>\n<!-- \/ Yoast SEO plugin. -->","yoast_head_json":{"title":"Kaasunmyynti - Suviseurat Lopella 2022","description":"Kaasunmyynti on avoinna myym\u00e4l\u00e4n aukioloaikana. Kaasunvaihtopiste on myym\u00e4l\u00e4n vieress\u00e4. Kaasupullon maksu suoritetaan myym\u00e4l\u00e4n kassalle. Aukioloajat","robots":{"index":"index","follow":"follow","max-snippet":"max-snippet:-1","max-image-preview":"max-image-preview:large","max-video-preview":"max-video-preview:-1"},"canonical":"https:\/\/www.suviseurat.fi/2022\/kenttapalvelut\/kaasunmyynti\/","og_locale":"fi_FI","og_type":"article","og_title":"Kaasunmyynti - Suviseurat Lopella 2022","og_description":"Kaasunmyynti on avoinna myym\u00e4l\u00e4n aukioloaikana. Kaasunvaihtopiste on myym\u00e4l\u00e4n vieress\u00e4. Kaasupullon maksu suoritetaan myym\u00e4l\u00e4n kassalle. Aukioloajat","og_url":"https:\/\/www.suviseurat.fi/2022\/kenttapalvelut\/kaasunmyynti\/","og_site_name":"Suviseurat Lopella 2022","article_publisher":"https:\/\/www.facebook.com\/srksuviseurat\/","article_modified_time":"2022-06-11T19:13:25+00:00","og_image":[{"width":250,"height":250,"url":"https:\/\/www.suviseurat.fi/2022\/wp-content\/uploads\/2022\/03\/seuramerkki21x15-e1648745287909.png","type":"image\/png"}],"twitter_card":"summary_large_image","twitter_site":"@Suviseurat","twitter_misc":{"Arvioitu lukuaika":"1 minute"},"schema":{"@context":"https:\/\/schema.org","@graph":[{"@type":"WebPage","@id":"https:\/\/www.suviseurat.fi/2022\/kenttapalvelut\/kaasunmyynti\/","url":"https:\/\/www.suviseurat.fi/2022\/kenttapalvelut\/kaasunmyynti\/","name":"Kaasunmyynti - Suviseurat Lopella 2022","isPartOf":{"@id":"https:\/\/www.suviseurat.fi/2022\/#website"},"datePublished":"2022-06-11T19:10:00+00:00","dateModified":"2022-06-11T19:13:25+00:00","description":"Kaasunmyynti on avoinna myym\u00e4l\u00e4n aukioloaikana. Kaasunvaihtopiste on myym\u00e4l\u00e4n vieress\u00e4. Kaasupullon maksu suoritetaan myym\u00e4l\u00e4n kassalle. Aukioloajat","breadcrumb":{"@id":"https:\/\/www.suviseurat.fi/2022\/kenttapalvelut\/kaasunmyynti\/#breadcrumb"},"inLanguage":"fi","potentialAction":[{"@type":"ReadAction","target":["https:\/\/www.suviseurat.fi/2022\/kenttapalvelut\/kaasunmyynti\/"]}]},{"@type":"BreadcrumbList","@id":"https:\/\/www.suviseurat.fi/2022\/kenttapalvelut\/kaasunmyynti\/#breadcrumb","itemListElement":[{"@type":"ListItem","position":1,"name":"Home","item":"https:\/\/www.suviseurat.fi/2022\/"},{"@type":"ListItem","position":2,"name":"Kentt\u00e4palvelut","item":"https:\/\/www.suviseurat.fi/2022\/kenttapalvelut\/"},{"@type":"ListItem","position":3,"name":"Kaasunmyynti"}]},{"@type":"WebSite","@id":"https:\/\/www.suviseurat.fi/2022\/#website","url":"https:\/\/www.suviseurat.fi/2022\/","name":"Suviseurat Lopella 2022","description":"Lasten kaltaisten on Jumalan valtakunta","potentialAction":[{"@type":"SearchAction","target":{"@type":"EntryPoint","urlTemplate":"https:\/\/www.suviseurat.fi/2022\/?s={search_term_string}"},"query-input":"required name=search_term_string"}],"inLanguage":"fi"}]}},"lang":"fi","translations":{"fi":3111},"_links":{"self":[{"href":"https:\/\/www.suviseurat.fi/2022\/wp-json\/wp\/v2\/pages\/3111"}],"collection":[{"href":"https:\/\/www.suviseurat.fi/2022\/wp-json\/wp\/v2\/pages"}],"about":[{"href":"https:\/\/www.suviseurat.fi/2022\/wp-json\/wp\/v2\/types\/page"}],"author":[{"embeddable":true,"href":"https:\/\/www.suviseurat.fi/2022\/wp-json\/wp\/v2\/users\/2"}],"replies":[{"embeddable":true,"href":"https:\/\/www.suviseurat.fi/2022\/wp-json\/wp\/v2\/comments?post=3111"}],"version-history":[{"count":3,"href":"https:\/\/www.suviseurat.fi/2022\/wp-json\/wp\/v2\/pages\/3111\/revisions"}],"predecessor-version":[{"id":10249,"href":"https:\/\/www.suviseurat.fi/2022\/wp-json\/wp\/v2\/pages\/3111\/revisions\/10249"}],"up":[{"embeddable":true,"href":"https:\/\/www.suviseurat.fi/2022\/wp-json\/wp\/v2\/pages\/857"}],"wp:featuredmedia":[{"embeddable":true,"href":"https:\/\/www.suviseurat.fi/2022\/wp-json\/wp\/v2\/media\/9350"}],"wp:attachment":[{"href":"https:\/\/www.suviseurat.fi/2022\/wp-json\/wp\/v2\/media?parent=3111"}],"curies":[{"name":"wp","href":"https:\/\/api.w.org\/{rel}","templated":true}]}}