{"id":4221,"date":"2022-06-24T14:50:00","date_gmt":"2022-06-24T11:50:00","guid":{"rendered":"https:\/\/www.suviseurat.fi/2022\/?page_id=4221"},"modified":"2022-06-24T14:51:53","modified_gmt":"2022-06-24T11:51:53","slug":"kysymyksia-ja-vastauksia","status":"publish","type":"page","link":"https:\/\/www.suviseurat.fi/2022\/saapuminen\/kysymyksia-ja-vastauksia\/","title":{"rendered":"Kysymyksi\u00e4 ja vastauksia"},"content":{"rendered":"<h3><span style=\"font-weight: 400\">Miksi suviseurakentt\u00e4 avataan majoittujille vasta keskiviikkona klo 9?<\/span><\/h3>\n<p><span style=\"font-weight: 400\">Seura-alueen avaaminen tarkoittaa my\u00f6s palvelujen avaamista ja siten my\u00f6s talkooty\u00f6vuorojen lis\u00e4\u00e4ntymist\u00e4. Seurat alkavat torstaina. <\/span><\/p>\n<h3><span style=\"font-weight: 400\">Miksi kent\u00e4ll\u00e4 kuitenkin on jo vaunuja ja v\u00e4ke\u00e4 tiistaina?<\/span><\/h3>\n<p><span style=\"font-weight: 400\">Seura-alueen valmistelut vaativat paljon talkooty\u00f6t\u00e4, jotka alkavat toukokuun alussa ja kest\u00e4v\u00e4t seurojen loppuun. Vaunut ovat p\u00e4\u00e4asiassa erityisess\u00e4 vastuuteht\u00e4v\u00e4ss\u00e4 olevien henkil\u00f6iden, jotka ovat vastuuteht\u00e4viss\u00e4 jo ennen seuroja.<br \/>\n<\/span><\/p>\n<h3><span style=\"font-weight: 400\">Miksi pit\u00e4\u00e4 noudattaa reittisuosituksia?<\/span><\/h3>\n<p><span style=\"font-weight: 400\">Liikennetoimikunta on suunnitellut liikenteen reitit mahdollisimman turvalliseksi ja sujuvaksi. Reittisuositusten noudattamisella mahdollistetaan sujuva toiminta ja ehk\u00e4ist\u00e4\u00e4n tarpeettomat ruuhkat ja pitk\u00e4t jonotusajat.<\/span><\/p>\n<h3><span style=\"font-weight: 400\">Miksi en voi varata paikkaa kaverille\/sukulaiselle?<\/span><\/h3>\n<p><span style=\"font-weight: 400\">Kalustoa otetaan sis\u00e4\u00e4n seura-alueelle samanaikaisesti useasta suunnasta. Niin sanottujen aukkojen t\u00e4ytt\u00e4minen alueen t\u00e4yt\u00f6n j\u00e4lkeen aiheuttaa ruuhkia ja liikenteen turvallisuus k\u00e4rsii. Majoitusaluetta on varattu sen verran, ett\u00e4 kaikkien pit\u00e4isi mahtua alueelle. Mik\u00e4li aukkoja j\u00e4\u00e4, niin majoitusalue ei riit\u00e4.<\/span><\/p>\n<h3><span style=\"font-weight: 400\">Miksi ei saa pystytt\u00e4\u00e4 telttaryhmi\u00e4? <\/span><\/h3>\n<p><span style=\"font-weight: 400\">Esimerkiksi pressulla peitetty usean teltan ryhm\u00e4 on eritt\u00e4in vaarallinen onnettomuustilanteessa. Yksitt\u00e4isess\u00e4 teltassa syttynyt tulipalo aiheuttaa koko telttaryhm\u00e4n syttymisen.<\/span><\/p>\n","protected":false},"excerpt":{"rendered":"<p>Miksi suviseurakentt\u00e4 avataan majoittujille vasta keskiviikkona klo 9? Seura-alueen avaaminen tarkoittaa my\u00f6s palvelujen avaamista ja<a class=\"moretag\" href=\"https:\/\/www.suviseurat.fi/2022\/saapuminen\/kysymyksia-ja-vastauksia\/\">Jatka lukemista ><\/a><\/p>\n","protected":false},"author":2,"featured_media":9350,"parent":4199,"menu_order":6,"comment_status":"closed","ping_status":"closed","template":"","meta":[],"acf":[],"yoast_head":"<!-- This site is optimized with the Yoast SEO plugin v19.6 - https:\/\/yoast.com\/wordpress\/plugins\/seo\/ -->\n<title>Kysymyksi\u00e4 ja vastauksia - Suviseurat Lopella 2022<\/title>\n<meta name=\"description\" content=\"Miksi suviseurakentt\u00e4 avataan majoittujille vasta keskiviikkona klo 9? Seura-alueen avaaminen tarkoittaa my\u00f6s palvelujen avaamista ja siten my\u00f6s\" \/>\n<meta name=\"robots\" content=\"index, follow, max-snippet:-1, max-image-preview:large, max-video-preview:-1\" \/>\n<link rel=\"canonical\" href=\"https:\/\/www.suviseurat.fi/2022\/saapuminen\/kysymyksia-ja-vastauksia\/\" \/>\n<meta property=\"og:locale\" content=\"fi_FI\" \/>\n<meta property=\"og:type\" content=\"article\" \/>\n<meta property=\"og:title\" content=\"Kysymyksi\u00e4 ja vastauksia - Suviseurat Lopella 2022\" \/>\n<meta property=\"og:description\" content=\"Miksi suviseurakentt\u00e4 avataan majoittujille vasta keskiviikkona klo 9? Seura-alueen avaaminen tarkoittaa my\u00f6s palvelujen avaamista ja siten my\u00f6s\" \/>\n<meta property=\"og:url\" content=\"https:\/\/www.suviseurat.fi/2022\/saapuminen\/kysymyksia-ja-vastauksia\/\" \/>\n<meta property=\"og:site_name\" content=\"Suviseurat Lopella 2022\" \/>\n<meta property=\"article:publisher\" content=\"https:\/\/www.facebook.com\/srksuviseurat\/\" \/>\n<meta property=\"article:modified_time\" content=\"2022-06-24T11:51:53+00:00\" \/>\n<meta property=\"og:image\" content=\"https:\/\/www.suviseurat.fi/2022\/wp-content\/uploads\/2022\/03\/seuramerkki21x15-e1648745287909.png\" \/>\n\t<meta property=\"og:image:width\" content=\"250\" \/>\n\t<meta property=\"og:image:height\" content=\"250\" \/>\n\t<meta property=\"og:image:type\" content=\"image\/png\" \/>\n<meta name=\"twitter:card\" content=\"summary_large_image\" \/>\n<meta name=\"twitter:site\" content=\"@Suviseurat\" \/>\n<meta name=\"twitter:label1\" content=\"Arvioitu lukuaika\" \/>\n\t<meta name=\"twitter:data1\" content=\"1 minute\" \/>\n<script type=\"application\/ld+json\" class=\"yoast-schema-graph\">{\"@context\":\"https:\/\/schema.org\",\"@graph\":[{\"@type\":\"WebPage\",\"@id\":\"https:\/\/www.suviseurat.fi/2022\/saapuminen\/kysymyksia-ja-vastauksia\/\",\"url\":\"https:\/\/www.suviseurat.fi/2022\/saapuminen\/kysymyksia-ja-vastauksia\/\",\"name\":\"Kysymyksi\u00e4 ja vastauksia - Suviseurat Lopella 2022\",\"isPartOf\":{\"@id\":\"https:\/\/www.suviseurat.fi/2022\/#website\"},\"datePublished\":\"2022-06-24T11:50:00+00:00\",\"dateModified\":\"2022-06-24T11:51:53+00:00\",\"description\":\"Miksi suviseurakentt\u00e4 avataan majoittujille vasta keskiviikkona klo 9? Seura-alueen avaaminen tarkoittaa my\u00f6s palvelujen avaamista ja siten my\u00f6s\",\"breadcrumb\":{\"@id\":\"https:\/\/www.suviseurat.fi/2022\/saapuminen\/kysymyksia-ja-vastauksia\/#breadcrumb\"},\"inLanguage\":\"fi\",\"potentialAction\":[{\"@type\":\"ReadAction\",\"target\":[\"https:\/\/www.suviseurat.fi/2022\/saapuminen\/kysymyksia-ja-vastauksia\/\"]}]},{\"@type\":\"BreadcrumbList\",\"@id\":\"https:\/\/www.suviseurat.fi/2022\/saapuminen\/kysymyksia-ja-vastauksia\/#breadcrumb\",\"itemListElement\":[{\"@type\":\"ListItem\",\"position\":1,\"name\":\"Home\",\"item\":\"https:\/\/www.suviseurat.fi/2022\/\"},{\"@type\":\"ListItem\",\"position\":2,\"name\":\"Saapuminen\",\"item\":\"https:\/\/www.suviseurat.fi/2022\/saapuminen\/\"},{\"@type\":\"ListItem\",\"position\":3,\"name\":\"Kysymyksi\u00e4 ja vastauksia\"}]},{\"@type\":\"WebSite\",\"@id\":\"https:\/\/www.suviseurat.fi/2022\/#website\",\"url\":\"https:\/\/www.suviseurat.fi/2022\/\",\"name\":\"Suviseurat Lopella 2022\",\"description\":\"Lasten kaltaisten on Jumalan valtakunta\",\"potentialAction\":[{\"@type\":\"SearchAction\",\"target\":{\"@type\":\"EntryPoint\",\"urlTemplate\":\"https:\/\/www.suviseurat.fi/2022\/?s={search_term_string}\"},\"query-input\":\"required name=search_term_string\"}],\"inLanguage\":\"fi\"}]}<\/script>\n<!-- \/ Yoast SEO plugin. -->","yoast_head_json":{"title":"Kysymyksi\u00e4 ja vastauksia - Suviseurat Lopella 2022","description":"Miksi suviseurakentt\u00e4 avataan majoittujille vasta keskiviikkona klo 9? Seura-alueen avaaminen tarkoittaa my\u00f6s palvelujen avaamista ja siten my\u00f6s","robots":{"index":"index","follow":"follow","max-snippet":"max-snippet:-1","max-image-preview":"max-image-preview:large","max-video-preview":"max-video-preview:-1"},"canonical":"https:\/\/www.suviseurat.fi/2022\/saapuminen\/kysymyksia-ja-vastauksia\/","og_locale":"fi_FI","og_type":"article","og_title":"Kysymyksi\u00e4 ja vastauksia - Suviseurat Lopella 2022","og_description":"Miksi suviseurakentt\u00e4 avataan majoittujille vasta keskiviikkona klo 9? Seura-alueen avaaminen tarkoittaa my\u00f6s palvelujen avaamista ja siten my\u00f6s","og_url":"https:\/\/www.suviseurat.fi/2022\/saapuminen\/kysymyksia-ja-vastauksia\/","og_site_name":"Suviseurat Lopella 2022","article_publisher":"https:\/\/www.facebook.com\/srksuviseurat\/","article_modified_time":"2022-06-24T11:51:53+00:00","og_image":[{"width":250,"height":250,"url":"https:\/\/www.suviseurat.fi/2022\/wp-content\/uploads\/2022\/03\/seuramerkki21x15-e1648745287909.png","type":"image\/png"}],"twitter_card":"summary_large_image","twitter_site":"@Suviseurat","twitter_misc":{"Arvioitu lukuaika":"1 minute"},"schema":{"@context":"https:\/\/schema.org","@graph":[{"@type":"WebPage","@id":"https:\/\/www.suviseurat.fi/2022\/saapuminen\/kysymyksia-ja-vastauksia\/","url":"https:\/\/www.suviseurat.fi/2022\/saapuminen\/kysymyksia-ja-vastauksia\/","name":"Kysymyksi\u00e4 ja vastauksia - Suviseurat Lopella 2022","isPartOf":{"@id":"https:\/\/www.suviseurat.fi/2022\/#website"},"datePublished":"2022-06-24T11:50:00+00:00","dateModified":"2022-06-24T11:51:53+00:00","description":"Miksi suviseurakentt\u00e4 avataan majoittujille vasta keskiviikkona klo 9? Seura-alueen avaaminen tarkoittaa my\u00f6s palvelujen avaamista ja siten my\u00f6s","breadcrumb":{"@id":"https:\/\/www.suviseurat.fi/2022\/saapuminen\/kysymyksia-ja-vastauksia\/#breadcrumb"},"inLanguage":"fi","potentialAction":[{"@type":"ReadAction","target":["https:\/\/www.suviseurat.fi/2022\/saapuminen\/kysymyksia-ja-vastauksia\/"]}]},{"@type":"BreadcrumbList","@id":"https:\/\/www.suviseurat.fi/2022\/saapuminen\/kysymyksia-ja-vastauksia\/#breadcrumb","itemListElement":[{"@type":"ListItem","position":1,"name":"Home","item":"https:\/\/www.suviseurat.fi/2022\/"},{"@type":"ListItem","position":2,"name":"Saapuminen","item":"https:\/\/www.suviseurat.fi/2022\/saapuminen\/"},{"@type":"ListItem","position":3,"name":"Kysymyksi\u00e4 ja vastauksia"}]},{"@type":"WebSite","@id":"https:\/\/www.suviseurat.fi/2022\/#website","url":"https:\/\/www.suviseurat.fi/2022\/","name":"Suviseurat Lopella 2022","description":"Lasten kaltaisten on Jumalan valtakunta","potentialAction":[{"@type":"SearchAction","target":{"@type":"EntryPoint","urlTemplate":"https:\/\/www.suviseurat.fi/2022\/?s={search_term_string}"},"query-input":"required name=search_term_string"}],"inLanguage":"fi"}]}},"lang":"fi","translations":{"fi":4221},"_links":{"self":[{"href":"https:\/\/www.suviseurat.fi/2022\/wp-json\/wp\/v2\/pages\/4221"}],"collection":[{"href":"https:\/\/www.suviseurat.fi/2022\/wp-json\/wp\/v2\/pages"}],"about":[{"href":"https:\/\/www.suviseurat.fi/2022\/wp-json\/wp\/v2\/types\/page"}],"author":[{"embeddable":true,"href":"https:\/\/www.suviseurat.fi/2022\/wp-json\/wp\/v2\/users\/2"}],"replies":[{"embeddable":true,"href":"https:\/\/www.suviseurat.fi/2022\/wp-json\/wp\/v2\/comments?post=4221"}],"version-history":[{"count":3,"href":"https:\/\/www.suviseurat.fi/2022\/wp-json\/wp\/v2\/pages\/4221\/revisions"}],"predecessor-version":[{"id":9664,"href":"https:\/\/www.suviseurat.fi/2022\/wp-json\/wp\/v2\/pages\/4221\/revisions\/9664"}],"up":[{"embeddable":true,"href":"https:\/\/www.suviseurat.fi/2022\/wp-json\/wp\/v2\/pages\/4199"}],"wp:featuredmedia":[{"embeddable":true,"href":"https:\/\/www.suviseurat.fi/2022\/wp-json\/wp\/v2\/media\/9350"}],"wp:attachment":[{"href":"https:\/\/www.suviseurat.fi/2022\/wp-json\/wp\/v2\/media?parent=4221"}],"curies":[{"name":"wp","href":"https:\/\/api.w.org\/{rel}","templated":true}]}}