{"id":480,"date":"2022-06-12T21:26:00","date_gmt":"2022-06-12T18:26:00","guid":{"rendered":"https:\/\/www.suviseurat.fi/2022\/?page_id=480"},"modified":"2022-07-03T08:41:58","modified_gmt":"2022-07-03T05:41:58","slug":"lauantai","status":"publish","type":"page","link":"https:\/\/www.suviseurat.fi/2022\/ohjelma\/lauantai\/","title":{"rendered":"Lauantai"},"content":{"rendered":"\n<h3>LAUANTAI 2.7.2022<\/h3>\n","protected":false},"excerpt":{"rendered":"<p>LAUANTAI 2.7.2022<\/p>\n","protected":false},"author":2,"featured_media":9350,"parent":21,"menu_order":2,"comment_status":"closed","ping_status":"closed","template":"page-ohjelma.php","meta":[],"acf":[],"yoast_head":"<!-- This site is optimized with the Yoast SEO plugin v19.6 - https:\/\/yoast.com\/wordpress\/plugins\/seo\/ -->\n<title>Lauantai - Suviseurat Lopella 2022<\/title>\n<meta name=\"description\" content=\"T\u00e4\u00e4lt\u00e4 l\u00f6yd\u00e4t lauantaip\u00e4iv\u00e4n seuraohjelman, puhujat ja virret.\" \/>\n<meta name=\"robots\" content=\"index, follow, max-snippet:-1, max-image-preview:large, max-video-preview:-1\" \/>\n<link rel=\"canonical\" href=\"https:\/\/www.suviseurat.fi/2022\/ohjelma\/lauantai\/\" \/>\n<meta property=\"og:locale\" content=\"fi_FI\" \/>\n<meta property=\"og:type\" content=\"article\" \/>\n<meta property=\"og:title\" content=\"Lauantai - Suviseurat Lopella 2022\" \/>\n<meta property=\"og:description\" content=\"T\u00e4\u00e4lt\u00e4 l\u00f6yd\u00e4t lauantaip\u00e4iv\u00e4n seuraohjelman, puhujat ja virret.\" \/>\n<meta property=\"og:url\" content=\"https:\/\/www.suviseurat.fi/2022\/ohjelma\/lauantai\/\" \/>\n<meta property=\"og:site_name\" content=\"Suviseurat Lopella 2022\" \/>\n<meta property=\"article:publisher\" content=\"https:\/\/www.facebook.com\/srksuviseurat\/\" \/>\n<meta property=\"article:modified_time\" content=\"2022-07-03T05:41:58+00:00\" \/>\n<meta property=\"og:image\" content=\"https:\/\/www.suviseurat.fi/2022\/wp-content\/uploads\/2022\/03\/seuramerkki21x15-e1648745287909.png\" \/>\n\t<meta property=\"og:image:width\" content=\"250\" \/>\n\t<meta property=\"og:image:height\" content=\"250\" \/>\n\t<meta property=\"og:image:type\" content=\"image\/png\" \/>\n<meta name=\"twitter:card\" content=\"summary_large_image\" \/>\n<meta name=\"twitter:site\" content=\"@Suviseurat\" \/>\n<meta name=\"twitter:label1\" content=\"Arvioitu lukuaika\" \/>\n\t<meta name=\"twitter:data1\" content=\"1 minute\" \/>\n<script type=\"application\/ld+json\" class=\"yoast-schema-graph\">{\"@context\":\"https:\/\/schema.org\",\"@graph\":[{\"@type\":\"WebPage\",\"@id\":\"https:\/\/www.suviseurat.fi/2022\/ohjelma\/lauantai\/\",\"url\":\"https:\/\/www.suviseurat.fi/2022\/ohjelma\/lauantai\/\",\"name\":\"Lauantai - Suviseurat Lopella 2022\",\"isPartOf\":{\"@id\":\"https:\/\/www.suviseurat.fi/2022\/#website\"},\"datePublished\":\"2022-06-12T18:26:00+00:00\",\"dateModified\":\"2022-07-03T05:41:58+00:00\",\"description\":\"T\u00e4\u00e4lt\u00e4 l\u00f6yd\u00e4t lauantaip\u00e4iv\u00e4n seuraohjelman, puhujat ja virret.\",\"breadcrumb\":{\"@id\":\"https:\/\/www.suviseurat.fi/2022\/ohjelma\/lauantai\/#breadcrumb\"},\"inLanguage\":\"fi\",\"potentialAction\":[{\"@type\":\"ReadAction\",\"target\":[\"https:\/\/www.suviseurat.fi/2022\/ohjelma\/lauantai\/\"]}]},{\"@type\":\"BreadcrumbList\",\"@id\":\"https:\/\/www.suviseurat.fi/2022\/ohjelma\/lauantai\/#breadcrumb\",\"itemListElement\":[{\"@type\":\"ListItem\",\"position\":1,\"name\":\"Home\",\"item\":\"https:\/\/www.suviseurat.fi/2022\/\"},{\"@type\":\"ListItem\",\"position\":2,\"name\":\"Ohjelma\",\"item\":\"https:\/\/www.suviseurat.fi/2022\/ohjelma\/\"},{\"@type\":\"ListItem\",\"position\":3,\"name\":\"Lauantai\"}]},{\"@type\":\"WebSite\",\"@id\":\"https:\/\/www.suviseurat.fi/2022\/#website\",\"url\":\"https:\/\/www.suviseurat.fi/2022\/\",\"name\":\"Suviseurat Lopella 2022\",\"description\":\"Lasten kaltaisten on Jumalan valtakunta\",\"potentialAction\":[{\"@type\":\"SearchAction\",\"target\":{\"@type\":\"EntryPoint\",\"urlTemplate\":\"https:\/\/www.suviseurat.fi/2022\/?s={search_term_string}\"},\"query-input\":\"required name=search_term_string\"}],\"inLanguage\":\"fi\"}]}<\/script>\n<!-- \/ Yoast SEO plugin. -->","yoast_head_json":{"title":"Lauantai - Suviseurat Lopella 2022","description":"T\u00e4\u00e4lt\u00e4 l\u00f6yd\u00e4t lauantaip\u00e4iv\u00e4n seuraohjelman, puhujat ja virret.","robots":{"index":"index","follow":"follow","max-snippet":"max-snippet:-1","max-image-preview":"max-image-preview:large","max-video-preview":"max-video-preview:-1"},"canonical":"https:\/\/www.suviseurat.fi/2022\/ohjelma\/lauantai\/","og_locale":"fi_FI","og_type":"article","og_title":"Lauantai - Suviseurat Lopella 2022","og_description":"T\u00e4\u00e4lt\u00e4 l\u00f6yd\u00e4t lauantaip\u00e4iv\u00e4n seuraohjelman, puhujat ja virret.","og_url":"https:\/\/www.suviseurat.fi/2022\/ohjelma\/lauantai\/","og_site_name":"Suviseurat Lopella 2022","article_publisher":"https:\/\/www.facebook.com\/srksuviseurat\/","article_modified_time":"2022-07-03T05:41:58+00:00","og_image":[{"width":250,"height":250,"url":"https:\/\/www.suviseurat.fi/2022\/wp-content\/uploads\/2022\/03\/seuramerkki21x15-e1648745287909.png","type":"image\/png"}],"twitter_card":"summary_large_image","twitter_site":"@Suviseurat","twitter_misc":{"Arvioitu lukuaika":"1 minute"},"schema":{"@context":"https:\/\/schema.org","@graph":[{"@type":"WebPage","@id":"https:\/\/www.suviseurat.fi/2022\/ohjelma\/lauantai\/","url":"https:\/\/www.suviseurat.fi/2022\/ohjelma\/lauantai\/","name":"Lauantai - Suviseurat Lopella 2022","isPartOf":{"@id":"https:\/\/www.suviseurat.fi/2022\/#website"},"datePublished":"2022-06-12T18:26:00+00:00","dateModified":"2022-07-03T05:41:58+00:00","description":"T\u00e4\u00e4lt\u00e4 l\u00f6yd\u00e4t lauantaip\u00e4iv\u00e4n seuraohjelman, puhujat ja virret.","breadcrumb":{"@id":"https:\/\/www.suviseurat.fi/2022\/ohjelma\/lauantai\/#breadcrumb"},"inLanguage":"fi","potentialAction":[{"@type":"ReadAction","target":["https:\/\/www.suviseurat.fi/2022\/ohjelma\/lauantai\/"]}]},{"@type":"BreadcrumbList","@id":"https:\/\/www.suviseurat.fi/2022\/ohjelma\/lauantai\/#breadcrumb","itemListElement":[{"@type":"ListItem","position":1,"name":"Home","item":"https:\/\/www.suviseurat.fi/2022\/"},{"@type":"ListItem","position":2,"name":"Ohjelma","item":"https:\/\/www.suviseurat.fi/2022\/ohjelma\/"},{"@type":"ListItem","position":3,"name":"Lauantai"}]},{"@type":"WebSite","@id":"https:\/\/www.suviseurat.fi/2022\/#website","url":"https:\/\/www.suviseurat.fi/2022\/","name":"Suviseurat Lopella 2022","description":"Lasten kaltaisten on Jumalan valtakunta","potentialAction":[{"@type":"SearchAction","target":{"@type":"EntryPoint","urlTemplate":"https:\/\/www.suviseurat.fi/2022\/?s={search_term_string}"},"query-input":"required name=search_term_string"}],"inLanguage":"fi"}]}},"lang":"fi","translations":{"sv":3724,"fi":480,"en":7044,"ru":3766,"et":3807,"de":3852,"fr":3882,"es":3943,"hu":3994},"_links":{"self":[{"href":"https:\/\/www.suviseurat.fi/2022\/wp-json\/wp\/v2\/pages\/480"}],"collection":[{"href":"https:\/\/www.suviseurat.fi/2022\/wp-json\/wp\/v2\/pages"}],"about":[{"href":"https:\/\/www.suviseurat.fi/2022\/wp-json\/wp\/v2\/types\/page"}],"author":[{"embeddable":true,"href":"https:\/\/www.suviseurat.fi/2022\/wp-json\/wp\/v2\/users\/2"}],"replies":[{"embeddable":true,"href":"https:\/\/www.suviseurat.fi/2022\/wp-json\/wp\/v2\/comments?post=480"}],"version-history":[{"count":130,"href":"https:\/\/www.suviseurat.fi/2022\/wp-json\/wp\/v2\/pages\/480\/revisions"}],"predecessor-version":[{"id":12086,"href":"https:\/\/www.suviseurat.fi/2022\/wp-json\/wp\/v2\/pages\/480\/revisions\/12086"}],"up":[{"embeddable":true,"href":"https:\/\/www.suviseurat.fi/2022\/wp-json\/wp\/v2\/pages\/21"}],"wp:featuredmedia":[{"embeddable":true,"href":"https:\/\/www.suviseurat.fi/2022\/wp-json\/wp\/v2\/media\/9350"}],"wp:attachment":[{"href":"https:\/\/www.suviseurat.fi/2022\/wp-json\/wp\/v2\/media?parent=480"}],"curies":[{"name":"wp","href":"https:\/\/api.w.org\/{rel}","templated":true}]}}