{"id":5900,"date":"2021-11-18T19:29:00","date_gmt":"2021-11-18T17:29:00","guid":{"rendered":"https:\/\/www.suviseurat.fi/2022\/?page_id=5900"},"modified":"2022-06-30T13:57:07","modified_gmt":"2022-06-30T10:57:07","slug":"lasten-kaltaisten-on-jumalan-valtakunta-mark-10-14","status":"publish","type":"page","link":"https:\/\/www.suviseurat.fi/2022\/suviseurat\/lasten-kaltaisten-on-jumalan-valtakunta-mark-10-14\/","title":{"rendered":"Lasten kaltaisten on Jumalan valtakunta. (Mark. 10:14)"},"content":{"rendered":"\n<h2>Lasten kaltaisten on Jumalan valtakunta (Mark. 10:14)<\/h2>\n\n\n\n<div class=\"icon-links-wrap multilingualfloat\">\n        <div class=\"icon-links-content\">\n        \t<div class=\"row\"> \n                <div class=\"col icon-link kuuntele-ja-katsele\"><a href=\"https:\/\/srk-radio.s3.amazonaws.com\/valmiit_ohjelmat_2022_mp3\/Keit\u00e4%20me%20olemme%20ja%20miten%20me%20uskomme\/Lasten%20kaltaisten%20on%20Jumalan%20valtakunta%20-%20suomi.mp3\"><span class=\"icon-wrap\"><img src=\"\/wp-content\/themes\/suviseuratfi-2022\/images\/icons\/radio.svg\"><\/span><span class=\"icon-text\">Kuuntele Matti Hanhisuannon alustus tunnuslauseen aiheesta<\/span><\/a><\/div>\n            <\/div>\n        <\/div>\n    <\/div>\n\n\n\n<p><a href=\"https:\/\/www.suviseurat.fi/2022\/wp-content\/uploads\/2022\/06\/Lasten-kaltaisten-on-Jumalan-valtakunta-puheenvuoro-FI-lahde.pdf\">Puheenvuoro Lopen suviseurojen 2021 suviseurojen tunnuslauseen \u201dLasten kaltaisten on Jumalan valtakunta\u201d (Mark.10:14) pohjalta.<\/a><\/p>\n\n\n\n<p>Suviseurojen 2022 tunnuslause on Markuksen evankeliumista: <em>Lasten kaltaisten on Jumalan valtakunta <\/em>(Mark. 10:14).<\/p>\n\n\n\n<p>Jeesus kehotti ottamaan Jumalan valtakunnan vastaan lapsen uskon kaltaisella uskolla, jotta sinne olisi mahdollista p\u00e4\u00e4st\u00e4. Jeesus t\u00e4hdensi my\u00f6s lasten merkityst\u00e4 ja arvoa, kun h\u00e4n otti heid\u00e4t syliins\u00e4 ja siunasi heit\u00e4.<\/p>\n\n\n\n<p>Suviseuratunnus rohkaisee uskomaan Jumalaan sek\u00e4 turvautumaan yksin h\u00e4nen armoonsa ja huolenpitoonsa. Saamme luottaa siihen, ett\u00e4 Jumalan valtakunta on yh\u00e4 tavoitettavissa keskell\u00e4mme.<\/p>\n\n\n\n<div class=\"wp-container-3 wp-block-columns\">\n<div class=\"wp-container-1 wp-block-column\">\n<figure class=\"wp-block-image size-full\"><img loading=\"lazy\" width=\"803\" height=\"803\" src=\"https:\/\/www.suviseurat.fi/2022\/wp-content\/uploads\/2021\/08\/seuramerkki21x15.jpg\" alt=\"Suviseuramerkki, Loppi 2022\" class=\"wp-image-8425\" srcset=\"https:\/\/www.suviseurat.fi/2022\/wp-content\/uploads\/2021\/08\/seuramerkki21x15.jpg 803w, https:\/\/www.suviseurat.fi/2022\/wp-content\/uploads\/2021\/08\/seuramerkki21x15-275x275.jpg 275w, https:\/\/www.suviseurat.fi/2022\/wp-content\/uploads\/2021\/08\/seuramerkki21x15-768x768.jpg 768w\" sizes=\"(max-width: 803px) 100vw, 803px\" \/><figcaption>Suviseuramerkki, Loppi 2022<\/figcaption><\/figure>\n<\/div>\n\n\n\n<div class=\"wp-container-2 wp-block-column\">\n<figure class=\"wp-block-image size-full is-resized\"><img loading=\"lazy\" src=\"https:\/\/www.suviseurat.fi/2022\/wp-content\/uploads\/2021\/08\/Matti-web.jpg\" alt=\"Matti Romppanen\" class=\"wp-image-8424\" width=\"325\" height=\"489\" \/><figcaption>Matti Romppanen<\/figcaption><\/figure>\n<\/div>\n<\/div>\n\n\n\n<p>Lopen Suviseurojen seuramerkin l\u00e4mpim\u00e4t ja lempe\u00e4t v\u00e4rit kutsuvat seuroihin ja Jumalan valtakuntaan, joka on lasten kaltaisten.<\/p>\n\n\n\n<p>Iloiset ristin \u00e4\u00e4relle ker\u00e4\u00e4ntyneet ihmishahmot on piirt\u00e4nyt suviseuraik\u00e4v\u00e4\u00e4 poteva, 28-vuotias Matti Romppanen. Piirt\u00e4ess\u00e4\u00e4n h\u00e4n on muistellut tunnelmaa seurakent\u00e4ll\u00e4. Merkin on suunnitellut Olli Romppanen.<\/p>\n\n\n\n<p>Seuramerkkien historiasta tuttu ympyr\u00e4 on kristillisess\u00e4 symboliikassa taivaan, t\u00e4ydellisyyden ja iankaikkisuuden vertauskuva.<\/p>\n","protected":false},"excerpt":{"rendered":"<p>Lasten kaltaisten on Jumalan valtakunta (Mark. 10:14) Kuuntele Matti Hanhisuannon alustus tunnuslauseen aiheesta Puheenvuoro Lopen<a class=\"moretag\" href=\"https:\/\/www.suviseurat.fi/2022\/suviseurat\/lasten-kaltaisten-on-jumalan-valtakunta-mark-10-14\/\">Jatka lukemista ><\/a><\/p>\n","protected":false},"author":25,"featured_media":9350,"parent":74,"menu_order":2,"comment_status":"closed","ping_status":"closed","template":"","meta":[],"acf":[],"yoast_head":"<!-- This site is optimized with the Yoast SEO plugin v19.6 - https:\/\/yoast.com\/wordpress\/plugins\/seo\/ -->\n<title>Lasten kaltaisten on Jumalan valtakunta. (Mark. 10:14) - Suviseurat Lopella 2022<\/title>\n<meta name=\"description\" content=\"Lasten kaltaisten on Jumalan valtakunta (Mark. 10:14) Kuuntele Matti Hanhisuannon alustus tunnuslauseen aiheesta Puheenvuoro Lopen suviseurojen 2021\" \/>\n<meta name=\"robots\" content=\"index, follow, max-snippet:-1, max-image-preview:large, max-video-preview:-1\" \/>\n<link rel=\"canonical\" href=\"https:\/\/www.suviseurat.fi/2022\/suviseurat\/lasten-kaltaisten-on-jumalan-valtakunta-mark-10-14\/\" \/>\n<meta property=\"og:locale\" content=\"fi_FI\" \/>\n<meta property=\"og:type\" content=\"article\" \/>\n<meta property=\"og:title\" content=\"Lasten kaltaisten on Jumalan valtakunta. (Mark. 10:14) - Suviseurat Lopella 2022\" \/>\n<meta property=\"og:description\" content=\"Lasten kaltaisten on Jumalan valtakunta (Mark. 10:14) Kuuntele Matti Hanhisuannon alustus tunnuslauseen aiheesta Puheenvuoro Lopen suviseurojen 2021\" \/>\n<meta property=\"og:url\" content=\"https:\/\/www.suviseurat.fi/2022\/suviseurat\/lasten-kaltaisten-on-jumalan-valtakunta-mark-10-14\/\" \/>\n<meta property=\"og:site_name\" content=\"Suviseurat Lopella 2022\" \/>\n<meta property=\"article:publisher\" content=\"https:\/\/www.facebook.com\/srksuviseurat\/\" \/>\n<meta property=\"article:modified_time\" content=\"2022-06-30T10:57:07+00:00\" \/>\n<meta property=\"og:image\" content=\"https:\/\/www.suviseurat.fi/2022\/wp-content\/uploads\/2022\/03\/seuramerkki21x15-e1648745287909.png\" \/>\n\t<meta property=\"og:image:width\" content=\"250\" \/>\n\t<meta property=\"og:image:height\" content=\"250\" \/>\n\t<meta property=\"og:image:type\" content=\"image\/png\" \/>\n<meta name=\"twitter:card\" content=\"summary_large_image\" \/>\n<meta name=\"twitter:site\" content=\"@Suviseurat\" \/>\n<meta name=\"twitter:label1\" content=\"Arvioitu lukuaika\" \/>\n\t<meta name=\"twitter:data1\" content=\"2 minutes\" \/>\n<script type=\"application\/ld+json\" class=\"yoast-schema-graph\">{\"@context\":\"https:\/\/schema.org\",\"@graph\":[{\"@type\":\"WebPage\",\"@id\":\"https:\/\/www.suviseurat.fi/2022\/suviseurat\/lasten-kaltaisten-on-jumalan-valtakunta-mark-10-14\/\",\"url\":\"https:\/\/www.suviseurat.fi/2022\/suviseurat\/lasten-kaltaisten-on-jumalan-valtakunta-mark-10-14\/\",\"name\":\"Lasten kaltaisten on Jumalan valtakunta. (Mark. 10:14) - Suviseurat Lopella 2022\",\"isPartOf\":{\"@id\":\"https:\/\/www.suviseurat.fi/2022\/#website\"},\"datePublished\":\"2021-11-18T17:29:00+00:00\",\"dateModified\":\"2022-06-30T10:57:07+00:00\",\"description\":\"Lasten kaltaisten on Jumalan valtakunta (Mark. 10:14) Kuuntele Matti Hanhisuannon alustus tunnuslauseen aiheesta Puheenvuoro Lopen suviseurojen 2021\",\"breadcrumb\":{\"@id\":\"https:\/\/www.suviseurat.fi/2022\/suviseurat\/lasten-kaltaisten-on-jumalan-valtakunta-mark-10-14\/#breadcrumb\"},\"inLanguage\":\"fi\",\"potentialAction\":[{\"@type\":\"ReadAction\",\"target\":[\"https:\/\/www.suviseurat.fi/2022\/suviseurat\/lasten-kaltaisten-on-jumalan-valtakunta-mark-10-14\/\"]}]},{\"@type\":\"BreadcrumbList\",\"@id\":\"https:\/\/www.suviseurat.fi/2022\/suviseurat\/lasten-kaltaisten-on-jumalan-valtakunta-mark-10-14\/#breadcrumb\",\"itemListElement\":[{\"@type\":\"ListItem\",\"position\":1,\"name\":\"Home\",\"item\":\"https:\/\/www.suviseurat.fi/2022\/\"},{\"@type\":\"ListItem\",\"position\":2,\"name\":\"Suviseurat\",\"item\":\"https:\/\/www.suviseurat.fi/2022\/suviseurat\/\"},{\"@type\":\"ListItem\",\"position\":3,\"name\":\"Lasten kaltaisten on Jumalan valtakunta. (Mark. 10:14)\"}]},{\"@type\":\"WebSite\",\"@id\":\"https:\/\/www.suviseurat.fi/2022\/#website\",\"url\":\"https:\/\/www.suviseurat.fi/2022\/\",\"name\":\"Suviseurat Lopella 2022\",\"description\":\"Lasten kaltaisten on Jumalan valtakunta\",\"potentialAction\":[{\"@type\":\"SearchAction\",\"target\":{\"@type\":\"EntryPoint\",\"urlTemplate\":\"https:\/\/www.suviseurat.fi/2022\/?s={search_term_string}\"},\"query-input\":\"required name=search_term_string\"}],\"inLanguage\":\"fi\"}]}<\/script>\n<!-- \/ Yoast SEO plugin. -->","yoast_head_json":{"title":"Lasten kaltaisten on Jumalan valtakunta. (Mark. 10:14) - Suviseurat Lopella 2022","description":"Lasten kaltaisten on Jumalan valtakunta (Mark. 10:14) Kuuntele Matti Hanhisuannon alustus tunnuslauseen aiheesta Puheenvuoro Lopen suviseurojen 2021","robots":{"index":"index","follow":"follow","max-snippet":"max-snippet:-1","max-image-preview":"max-image-preview:large","max-video-preview":"max-video-preview:-1"},"canonical":"https:\/\/www.suviseurat.fi/2022\/suviseurat\/lasten-kaltaisten-on-jumalan-valtakunta-mark-10-14\/","og_locale":"fi_FI","og_type":"article","og_title":"Lasten kaltaisten on Jumalan valtakunta. (Mark. 10:14) - Suviseurat Lopella 2022","og_description":"Lasten kaltaisten on Jumalan valtakunta (Mark. 10:14) Kuuntele Matti Hanhisuannon alustus tunnuslauseen aiheesta Puheenvuoro Lopen suviseurojen 2021","og_url":"https:\/\/www.suviseurat.fi/2022\/suviseurat\/lasten-kaltaisten-on-jumalan-valtakunta-mark-10-14\/","og_site_name":"Suviseurat Lopella 2022","article_publisher":"https:\/\/www.facebook.com\/srksuviseurat\/","article_modified_time":"2022-06-30T10:57:07+00:00","og_image":[{"width":250,"height":250,"url":"https:\/\/www.suviseurat.fi/2022\/wp-content\/uploads\/2022\/03\/seuramerkki21x15-e1648745287909.png","type":"image\/png"}],"twitter_card":"summary_large_image","twitter_site":"@Suviseurat","twitter_misc":{"Arvioitu lukuaika":"2 minutes"},"schema":{"@context":"https:\/\/schema.org","@graph":[{"@type":"WebPage","@id":"https:\/\/www.suviseurat.fi/2022\/suviseurat\/lasten-kaltaisten-on-jumalan-valtakunta-mark-10-14\/","url":"https:\/\/www.suviseurat.fi/2022\/suviseurat\/lasten-kaltaisten-on-jumalan-valtakunta-mark-10-14\/","name":"Lasten kaltaisten on Jumalan valtakunta. (Mark. 10:14) - Suviseurat Lopella 2022","isPartOf":{"@id":"https:\/\/www.suviseurat.fi/2022\/#website"},"datePublished":"2021-11-18T17:29:00+00:00","dateModified":"2022-06-30T10:57:07+00:00","description":"Lasten kaltaisten on Jumalan valtakunta (Mark. 10:14) Kuuntele Matti Hanhisuannon alustus tunnuslauseen aiheesta Puheenvuoro Lopen suviseurojen 2021","breadcrumb":{"@id":"https:\/\/www.suviseurat.fi/2022\/suviseurat\/lasten-kaltaisten-on-jumalan-valtakunta-mark-10-14\/#breadcrumb"},"inLanguage":"fi","potentialAction":[{"@type":"ReadAction","target":["https:\/\/www.suviseurat.fi/2022\/suviseurat\/lasten-kaltaisten-on-jumalan-valtakunta-mark-10-14\/"]}]},{"@type":"BreadcrumbList","@id":"https:\/\/www.suviseurat.fi/2022\/suviseurat\/lasten-kaltaisten-on-jumalan-valtakunta-mark-10-14\/#breadcrumb","itemListElement":[{"@type":"ListItem","position":1,"name":"Home","item":"https:\/\/www.suviseurat.fi/2022\/"},{"@type":"ListItem","position":2,"name":"Suviseurat","item":"https:\/\/www.suviseurat.fi/2022\/suviseurat\/"},{"@type":"ListItem","position":3,"name":"Lasten kaltaisten on Jumalan valtakunta. (Mark. 10:14)"}]},{"@type":"WebSite","@id":"https:\/\/www.suviseurat.fi/2022\/#website","url":"https:\/\/www.suviseurat.fi/2022\/","name":"Suviseurat Lopella 2022","description":"Lasten kaltaisten on Jumalan valtakunta","potentialAction":[{"@type":"SearchAction","target":{"@type":"EntryPoint","urlTemplate":"https:\/\/www.suviseurat.fi/2022\/?s={search_term_string}"},"query-input":"required name=search_term_string"}],"inLanguage":"fi"}]}},"lang":"fi","translations":{"et":6081,"fi":5900,"fr":6099,"es":6116,"sv":6196,"en":6213,"ru":6258,"hu":6607,"de":6611},"_links":{"self":[{"href":"https:\/\/www.suviseurat.fi/2022\/wp-json\/wp\/v2\/pages\/5900"}],"collection":[{"href":"https:\/\/www.suviseurat.fi/2022\/wp-json\/wp\/v2\/pages"}],"about":[{"href":"https:\/\/www.suviseurat.fi/2022\/wp-json\/wp\/v2\/types\/page"}],"author":[{"embeddable":true,"href":"https:\/\/www.suviseurat.fi/2022\/wp-json\/wp\/v2\/users\/25"}],"replies":[{"embeddable":true,"href":"https:\/\/www.suviseurat.fi/2022\/wp-json\/wp\/v2\/comments?post=5900"}],"version-history":[{"count":29,"href":"https:\/\/www.suviseurat.fi/2022\/wp-json\/wp\/v2\/pages\/5900\/revisions"}],"predecessor-version":[{"id":11559,"href":"https:\/\/www.suviseurat.fi/2022\/wp-json\/wp\/v2\/pages\/5900\/revisions\/11559"}],"up":[{"embeddable":true,"href":"https:\/\/www.suviseurat.fi/2022\/wp-json\/wp\/v2\/pages\/74"}],"wp:featuredmedia":[{"embeddable":true,"href":"https:\/\/www.suviseurat.fi/2022\/wp-json\/wp\/v2\/media\/9350"}],"wp:attachment":[{"href":"https:\/\/www.suviseurat.fi/2022\/wp-json\/wp\/v2\/media?parent=5900"}],"curies":[{"name":"wp","href":"https:\/\/api.w.org\/{rel}","templated":true}]}}