{"id":9073,"date":"2022-02-28T21:13:03","date_gmt":"2022-02-28T19:13:03","guid":{"rendered":"https:\/\/www.suviseurat.fi/2022\/?page_id=9073"},"modified":"2022-05-11T21:45:53","modified_gmt":"2022-05-11T18:45:53","slug":"jarjestavat-rauhanyhdistykset","status":"publish","type":"page","link":"https:\/\/www.suviseurat.fi/2022\/suviseurat\/jarjestavat-rauhanyhdistykset\/","title":{"rendered":"J\u00e4rjest\u00e4v\u00e4t rauhanyhdistykset"},"content":{"rendered":"\n<div class=\"wp-container-8 wp-block-group\"><div class=\"wp-block-group__inner-container\">\n<div class=\"wp-container-7 wp-block-columns\">\n<div class=\"wp-container-6 wp-block-column\" style=\"flex-basis:100%\">\n<div class=\"wp-container-5 wp-block-query\">\n<div class=\"wp-container-4 wp-block-columns\">\n<div class=\"wp-container-3 wp-block-column\" style=\"flex-basis:100%\">\n<div class=\"wp-container-2 wp-block-group\"><div class=\"wp-block-group__inner-container\"><ul class=\"wp-container-1 wp-block-post-template\"><li class=\"wp-block-post post-9299 post type-post status-publish format-standard hentry category-jarjestavat-rauhanyhdistykset tag-rauhanyhdistys tag-vantaa\">\n<h2 class=\"wp-block-post-title\">Vantaalla ket\u00e4\u00e4n ei j\u00e4tet\u00e4 yksin<\/h2>\n\n<div class=\"wp-block-post-date\"><time datetime=\"2022-03-19T10:31:17+02:00\">19.03.2022<\/time><\/div>\n\n<div class=\"wp-block-post-excerpt\"><p class=\"wp-block-post-excerpt__excerpt\">Vantaan Rauhanyhdistys on yksi Lopen vuoden 2022 Suviseurojen j\u00e4rjest\u00e4j\u00e4rauhanyhdistyksist\u00e4. Vantaan rauhanyhdistys on perustettu vuonna 1968.<a class=\"moretag\" href=\"https:\/\/www.suviseurat.fi/2022\/vantaalla-ketaan-ei-jateta-yksin\/\">Jatka lukemista ><\/a> <\/p><\/div>\n<\/li><li class=\"wp-block-post post-9275 post type-post status-publish format-standard hentry category-jarjestavat-rauhanyhdistykset tag-hameenlinna tag-rauhanyhdistys\">\n<h2 class=\"wp-block-post-title\">H\u00e4meenlinnassa on ohjelmaa kaiken ik\u00e4isille<\/h2>\n\n<div class=\"wp-block-post-date\"><time datetime=\"2022-03-13T19:00:40+02:00\">13.03.2022<\/time><\/div>\n\n<div class=\"wp-block-post-excerpt\"><p class=\"wp-block-post-excerpt__excerpt\">H\u00e4meenlinna on Suomen vanhin sis\u00e4maakaupunki. Vuonna 1639 pieni asutuskeskus sai kaupunkioikeudet Pietari Brahelta. T\u00e4n\u00e4 vuonna<a class=\"moretag\" href=\"https:\/\/www.suviseurat.fi/2022\/hameenlinnassa-on-ohjelmaa-kaiken-ikaisille\/\">Jatka lukemista ><\/a> <\/p><\/div>\n<\/li><li class=\"wp-block-post post-9246 post type-post status-publish format-standard hentry category-jarjestavat-rauhanyhdistykset tag-lohja tag-rauhanyhdistys\">\n<h2 class=\"wp-block-post-title\">Lohjan Rauhanyhdistyksen alue on laaja<\/h2>\n\n<div class=\"wp-block-post-date\"><time datetime=\"2022-03-13T18:54:52+02:00\">13.03.2022<\/time><\/div>\n\n<div class=\"wp-block-post-excerpt\"><p class=\"wp-block-post-excerpt__excerpt\">Toimitalolle Lohjan keskustan tuntumaan tullaan pitkienkin matkojen takaa: Lohjan Rauhanyhdistyksen toiminta-alue ulottuu Hangosta Karkkilaan saakka.<a class=\"moretag\" href=\"https:\/\/www.suviseurat.fi/2022\/lohjan-rauhanyhdistyksen-alue-on-laaja\/\">Jatka lukemista ><\/a> <\/p><\/div>\n<\/li><li class=\"wp-block-post post-9226 post type-post status-publish format-standard hentry category-jarjestavat-rauhanyhdistykset tag-nurmijarvi tag-rauhanyhdistys\">\n<h2 class=\"wp-block-post-title\">El\u00e4m\u00e4\u00e4 Nurmij\u00e4rvi-ilmi\u00f6n keskell\u00e4<\/h2>\n\n<div class=\"wp-block-post-date\"><time datetime=\"2022-03-13T18:49:55+02:00\">13.03.2022<\/time><\/div>\n\n<div class=\"wp-block-post-excerpt\"><p class=\"wp-block-post-excerpt__excerpt\">T\u00e4\u00e4ll\u00e4 on pikkukyl\u00e4n fiilis, mutta paljon porukkaa. Aivan p\u00e4\u00e4kaupunkiseudun kupeessa sijaitseva Nurmij\u00e4rvi on kasvattanut kokoaan<a class=\"moretag\" href=\"https:\/\/www.suviseurat.fi/2022\/elamaa-nurmijarvi-ilmion-keskella\/\">Jatka lukemista ><\/a> <\/p><\/div>\n<\/li><li class=\"wp-block-post post-9188 post type-post status-publish format-standard hentry category-jarjestavat-rauhanyhdistykset tag-helsinki tag-rauhanyhdistys\">\n<h2 class=\"wp-block-post-title\">Helsingin Rauhanyhdistyksell\u00e4 on monipuolista ohjelmaa ja l\u00e4mmin vastaanotto<\/h2>\n\n<div class=\"wp-block-post-date\"><time datetime=\"2022-03-13T18:42:09+02:00\">13.03.2022<\/time><\/div>\n\n<div class=\"wp-block-post-excerpt\"><p class=\"wp-block-post-excerpt__excerpt\">\u201dSin\u00e4 teit hyvin, kun tulit!\u201d Helsingiss\u00e4 tiedet\u00e4\u00e4n j\u00e4rjestetyn seuratoimintaa jo 1860-luvulla. Ensimm\u00e4inen asiakirja Helsingin uskovaisten<a class=\"moretag\" href=\"https:\/\/www.suviseurat.fi/2022\/helsingin-rauhanyhdistyksella-on-monipuolista-ohjelmaa-ja-lammin-vastaanotto\/\">Jatka lukemista ><\/a> <\/p><\/div>\n<\/li><li class=\"wp-block-post post-9159 post type-post status-publish format-standard hentry category-jarjestavat-rauhanyhdistykset tag-rauhanyhdistys\">\n<h2 class=\"wp-block-post-title\">Hyvink\u00e4\u00e4n Rauhanyhdistyksen alue on laaja<\/h2>\n\n<div class=\"wp-block-post-date\"><time datetime=\"2022-03-13T18:34:44+02:00\">13.03.2022<\/time><\/div>\n\n<div class=\"wp-block-post-excerpt\"><p class=\"wp-block-post-excerpt__excerpt\">Nelj\u00e4n kunnan rauhanyhdistyksell\u00e4 iloitaan lapsiperheist\u00e4. Hyvink\u00e4\u00e4n Rauhanyhdistyksen j\u00e4senist\u00f6\u00e4 asuu nelj\u00e4n kunnan ja kahden maakunnan alueella:<a class=\"moretag\" href=\"https:\/\/www.suviseurat.fi/2022\/hyvinkaan-rauhanyhdistyksen-alue-on-laaja\/\">Jatka lukemista ><\/a> <\/p><\/div>\n<\/li><li class=\"wp-block-post post-9053 post type-post status-publish format-standard hentry category-jarjestavat-rauhanyhdistykset\">\n<h2 class=\"wp-block-post-title\">Espoossa on vilkasta<\/h2>\n\n<div class=\"wp-block-post-date\"><time datetime=\"2022-03-13T18:24:39+02:00\">13.03.2022<\/time><\/div>\n\n<div class=\"wp-block-post-excerpt\"><p class=\"wp-block-post-excerpt__excerpt\">Espoo on v\u00e4kiluvultaan Suomen toiseksi suurin kaupunki. V\u00e4kiluku kasvaa nopeasti ja on pian yli 300<a class=\"moretag\" href=\"https:\/\/www.suviseurat.fi/2022\/espoossa-on-vilkasta\/\">Jatka lukemista ><\/a> <\/p><\/div>\n<\/li><\/ul><\/div><\/div>\n<\/div>\n<\/div>\n<\/div>\n<\/div>\n<\/div>\n<\/div><\/div>\n","protected":false},"excerpt":{"rendered":"","protected":false},"author":21,"featured_media":9350,"parent":74,"menu_order":5,"comment_status":"closed","ping_status":"closed","template":"","meta":[],"acf":[],"yoast_head":"<!-- This site is optimized with the Yoast SEO plugin v19.6 - https:\/\/yoast.com\/wordpress\/plugins\/seo\/ -->\n<title>J\u00e4rjest\u00e4v\u00e4t rauhanyhdistykset - Suviseurat Lopella 2022<\/title>\n<meta name=\"robots\" content=\"index, follow, max-snippet:-1, max-image-preview:large, max-video-preview:-1\" \/>\n<link rel=\"canonical\" href=\"https:\/\/www.suviseurat.fi/2022\/suviseurat\/jarjestavat-rauhanyhdistykset\/\" \/>\n<meta property=\"og:locale\" content=\"fi_FI\" \/>\n<meta property=\"og:type\" content=\"article\" \/>\n<meta property=\"og:title\" content=\"J\u00e4rjest\u00e4v\u00e4t rauhanyhdistykset - Suviseurat Lopella 2022\" \/>\n<meta property=\"og:url\" content=\"https:\/\/www.suviseurat.fi/2022\/suviseurat\/jarjestavat-rauhanyhdistykset\/\" \/>\n<meta property=\"og:site_name\" content=\"Suviseurat Lopella 2022\" \/>\n<meta property=\"article:publisher\" content=\"https:\/\/www.facebook.com\/srksuviseurat\/\" \/>\n<meta property=\"article:modified_time\" content=\"2022-05-11T18:45:53+00:00\" \/>\n<meta property=\"og:image\" content=\"https:\/\/www.suviseurat.fi/2022\/wp-content\/uploads\/2022\/03\/seuramerkki21x15-e1648745287909.png\" \/>\n\t<meta property=\"og:image:width\" content=\"250\" \/>\n\t<meta property=\"og:image:height\" content=\"250\" \/>\n\t<meta property=\"og:image:type\" content=\"image\/png\" \/>\n<meta name=\"twitter:card\" content=\"summary_large_image\" \/>\n<meta name=\"twitter:site\" content=\"@Suviseurat\" \/>\n<script type=\"application\/ld+json\" class=\"yoast-schema-graph\">{\"@context\":\"https:\/\/schema.org\",\"@graph\":[{\"@type\":\"WebPage\",\"@id\":\"https:\/\/www.suviseurat.fi/2022\/suviseurat\/jarjestavat-rauhanyhdistykset\/\",\"url\":\"https:\/\/www.suviseurat.fi/2022\/suviseurat\/jarjestavat-rauhanyhdistykset\/\",\"name\":\"J\u00e4rjest\u00e4v\u00e4t rauhanyhdistykset - Suviseurat Lopella 2022\",\"isPartOf\":{\"@id\":\"https:\/\/www.suviseurat.fi/2022\/#website\"},\"datePublished\":\"2022-02-28T19:13:03+00:00\",\"dateModified\":\"2022-05-11T18:45:53+00:00\",\"breadcrumb\":{\"@id\":\"https:\/\/www.suviseurat.fi/2022\/suviseurat\/jarjestavat-rauhanyhdistykset\/#breadcrumb\"},\"inLanguage\":\"fi\",\"potentialAction\":[{\"@type\":\"ReadAction\",\"target\":[\"https:\/\/www.suviseurat.fi/2022\/suviseurat\/jarjestavat-rauhanyhdistykset\/\"]}]},{\"@type\":\"BreadcrumbList\",\"@id\":\"https:\/\/www.suviseurat.fi/2022\/suviseurat\/jarjestavat-rauhanyhdistykset\/#breadcrumb\",\"itemListElement\":[{\"@type\":\"ListItem\",\"position\":1,\"name\":\"Home\",\"item\":\"https:\/\/www.suviseurat.fi/2022\/\"},{\"@type\":\"ListItem\",\"position\":2,\"name\":\"Suviseurat\",\"item\":\"https:\/\/www.suviseurat.fi/2022\/suviseurat\/\"},{\"@type\":\"ListItem\",\"position\":3,\"name\":\"J\u00e4rjest\u00e4v\u00e4t rauhanyhdistykset\"}]},{\"@type\":\"WebSite\",\"@id\":\"https:\/\/www.suviseurat.fi/2022\/#website\",\"url\":\"https:\/\/www.suviseurat.fi/2022\/\",\"name\":\"Suviseurat Lopella 2022\",\"description\":\"Lasten kaltaisten on Jumalan valtakunta\",\"potentialAction\":[{\"@type\":\"SearchAction\",\"target\":{\"@type\":\"EntryPoint\",\"urlTemplate\":\"https:\/\/www.suviseurat.fi/2022\/?s={search_term_string}\"},\"query-input\":\"required name=search_term_string\"}],\"inLanguage\":\"fi\"}]}<\/script>\n<!-- \/ Yoast SEO plugin. -->","yoast_head_json":{"title":"J\u00e4rjest\u00e4v\u00e4t rauhanyhdistykset - Suviseurat Lopella 2022","robots":{"index":"index","follow":"follow","max-snippet":"max-snippet:-1","max-image-preview":"max-image-preview:large","max-video-preview":"max-video-preview:-1"},"canonical":"https:\/\/www.suviseurat.fi/2022\/suviseurat\/jarjestavat-rauhanyhdistykset\/","og_locale":"fi_FI","og_type":"article","og_title":"J\u00e4rjest\u00e4v\u00e4t rauhanyhdistykset - Suviseurat Lopella 2022","og_url":"https:\/\/www.suviseurat.fi/2022\/suviseurat\/jarjestavat-rauhanyhdistykset\/","og_site_name":"Suviseurat Lopella 2022","article_publisher":"https:\/\/www.facebook.com\/srksuviseurat\/","article_modified_time":"2022-05-11T18:45:53+00:00","og_image":[{"width":250,"height":250,"url":"https:\/\/www.suviseurat.fi/2022\/wp-content\/uploads\/2022\/03\/seuramerkki21x15-e1648745287909.png","type":"image\/png"}],"twitter_card":"summary_large_image","twitter_site":"@Suviseurat","schema":{"@context":"https:\/\/schema.org","@graph":[{"@type":"WebPage","@id":"https:\/\/www.suviseurat.fi/2022\/suviseurat\/jarjestavat-rauhanyhdistykset\/","url":"https:\/\/www.suviseurat.fi/2022\/suviseurat\/jarjestavat-rauhanyhdistykset\/","name":"J\u00e4rjest\u00e4v\u00e4t rauhanyhdistykset - Suviseurat Lopella 2022","isPartOf":{"@id":"https:\/\/www.suviseurat.fi/2022\/#website"},"datePublished":"2022-02-28T19:13:03+00:00","dateModified":"2022-05-11T18:45:53+00:00","breadcrumb":{"@id":"https:\/\/www.suviseurat.fi/2022\/suviseurat\/jarjestavat-rauhanyhdistykset\/#breadcrumb"},"inLanguage":"fi","potentialAction":[{"@type":"ReadAction","target":["https:\/\/www.suviseurat.fi/2022\/suviseurat\/jarjestavat-rauhanyhdistykset\/"]}]},{"@type":"BreadcrumbList","@id":"https:\/\/www.suviseurat.fi/2022\/suviseurat\/jarjestavat-rauhanyhdistykset\/#breadcrumb","itemListElement":[{"@type":"ListItem","position":1,"name":"Home","item":"https:\/\/www.suviseurat.fi/2022\/"},{"@type":"ListItem","position":2,"name":"Suviseurat","item":"https:\/\/www.suviseurat.fi/2022\/suviseurat\/"},{"@type":"ListItem","position":3,"name":"J\u00e4rjest\u00e4v\u00e4t rauhanyhdistykset"}]},{"@type":"WebSite","@id":"https:\/\/www.suviseurat.fi/2022\/#website","url":"https:\/\/www.suviseurat.fi/2022\/","name":"Suviseurat Lopella 2022","description":"Lasten kaltaisten on Jumalan valtakunta","potentialAction":[{"@type":"SearchAction","target":{"@type":"EntryPoint","urlTemplate":"https:\/\/www.suviseurat.fi/2022\/?s={search_term_string}"},"query-input":"required name=search_term_string"}],"inLanguage":"fi"}]}},"lang":"fi","translations":{"fi":9073},"_links":{"self":[{"href":"https:\/\/www.suviseurat.fi/2022\/wp-json\/wp\/v2\/pages\/9073"}],"collection":[{"href":"https:\/\/www.suviseurat.fi/2022\/wp-json\/wp\/v2\/pages"}],"about":[{"href":"https:\/\/www.suviseurat.fi/2022\/wp-json\/wp\/v2\/types\/page"}],"author":[{"embeddable":true,"href":"https:\/\/www.suviseurat.fi/2022\/wp-json\/wp\/v2\/users\/21"}],"replies":[{"embeddable":true,"href":"https:\/\/www.suviseurat.fi/2022\/wp-json\/wp\/v2\/comments?post=9073"}],"version-history":[{"count":4,"href":"https:\/\/www.suviseurat.fi/2022\/wp-json\/wp\/v2\/pages\/9073\/revisions"}],"predecessor-version":[{"id":9449,"href":"https:\/\/www.suviseurat.fi/2022\/wp-json\/wp\/v2\/pages\/9073\/revisions\/9449"}],"up":[{"embeddable":true,"href":"https:\/\/www.suviseurat.fi/2022\/wp-json\/wp\/v2\/pages\/74"}],"wp:featuredmedia":[{"embeddable":true,"href":"https:\/\/www.suviseurat.fi/2022\/wp-json\/wp\/v2\/media\/9350"}],"wp:attachment":[{"href":"https:\/\/www.suviseurat.fi/2022\/wp-json\/wp\/v2\/media?parent=9073"}],"curies":[{"name":"wp","href":"https:\/\/api.w.org\/{rel}","templated":true}]}}