{"id":3270,"date":"2022-06-23T15:30:00","date_gmt":"2022-06-23T12:30:00","guid":{"rendered":"https:\/\/www.suviseurat.fi/2023\/?page_id=3270"},"modified":"2023-06-10T18:55:04","modified_gmt":"2023-06-10T15:55:04","slug":"kolehti","status":"publish","type":"page","link":"https:\/\/www.suviseurat.fi/2023\/ohjeet\/kolehti\/","title":{"rendered":"Kolehti"},"content":{"rendered":"<h2>Kolehti<\/h2>\n<p><span style=\"font-weight: 400\">Kolehti ker\u00e4t\u00e4\u00e4n seurateltassa kolehtisymbolilla merkittyjen virsien aikana. Lis\u00e4ksi keskuskent\u00e4ll\u00e4 kiert\u00e4\u00e4 jatkuva kolehti. Lahjoituksen voi tehd\u00e4 my\u00f6s kiinte\u00e4\u00e4n kolehtipisteeseen, jossa maksun voi suorittaa my\u00f6s pankki- tai luottokortilla (kentt\u00e4maksupisteess\u00e4).<\/span><\/p>\n<h2>MobilePay-kolehti<\/h2>\n<p><span style=\"font-weight: 400\">Lataa MobilePay puhelimesi sovelluskaupasta (Google Play tai Apple app -store). Maksa MobilePay-sovelluksella vapaavalintainen summa lyhytvalintanumeroon <\/span><b>31219<\/b><span style=\"font-weight: 400\">.<\/span><\/p>\n<h2>Rahanker\u00e4yslupa<\/h2>\n<p>Luvan saaja ja ker\u00e4yksen j\u00e4rjest\u00e4j\u00e4: Sein\u00e4joen Rauhanyhdistys ry<br \/>\nLuvan my\u00f6nt\u00e4j\u00e4: Poliisihallitus, Arpajaishallinto<br \/>\nLuvan my\u00f6nt\u00e4misjankohta ja nro: 24.3.2023, RA\/2023\/375<br \/>\nKer\u00e4ystili: FI36 5419 0120 4484 89<\/p>\n<p>Ker\u00e4tt\u00e4v\u00e4t varat k\u00e4ytet\u00e4\u00e4n Kauhavan Suviseurojen valmisteluista ja<br \/>\nj\u00e4rjestelyist\u00e4 aiheutuvien kulujen kattamiseen.<\/p>\n","protected":false},"excerpt":{"rendered":"<p>Kolehti Kolehti ker\u00e4t\u00e4\u00e4n seurateltassa kolehtisymbolilla merkittyjen virsien aikana. Lis\u00e4ksi keskuskent\u00e4ll\u00e4 kiert\u00e4\u00e4 jatkuva kolehti. Lahjoituksen voi<a class=\"moretag\" href=\"https:\/\/www.suviseurat.fi/2023\/ohjeet\/kolehti\/\">Jatka lukemista ><\/a><\/p>\n","protected":false},"author":19,"featured_media":17212,"parent":738,"menu_order":3,"comment_status":"closed","ping_status":"closed","template":"","meta":{"footnotes":""},"acf":[],"yoast_head":"<!-- This site is optimized with the Yoast SEO plugin v21.4 - https:\/\/yoast.com\/wordpress\/plugins\/seo\/ -->\n<title>Kolehti - SRK:n Suviseurat Kauhavalla 2023<\/title>\n<meta name=\"description\" content=\"Kolehti Kolehti ker\u00e4t\u00e4\u00e4n seurateltassa kolehtisymbolilla merkittyjen virsien aikana. Lis\u00e4ksi keskuskent\u00e4ll\u00e4 kiert\u00e4\u00e4 jatkuva kolehti. Lahjoituksen voi\" \/>\n<meta name=\"robots\" content=\"index, follow, max-snippet:-1, max-image-preview:large, max-video-preview:-1\" \/>\n<link rel=\"canonical\" href=\"https:\/\/www.suviseurat.fi/2023\/ohjeet\/kolehti\/\" \/>\n<meta property=\"og:locale\" content=\"fi_FI\" \/>\n<meta property=\"og:type\" content=\"article\" \/>\n<meta property=\"og:title\" content=\"Kolehti - SRK:n Suviseurat Kauhavalla 2023\" \/>\n<meta property=\"og:description\" content=\"Kolehti Kolehti ker\u00e4t\u00e4\u00e4n seurateltassa kolehtisymbolilla merkittyjen virsien aikana. Lis\u00e4ksi keskuskent\u00e4ll\u00e4 kiert\u00e4\u00e4 jatkuva kolehti. Lahjoituksen voi\" \/>\n<meta property=\"og:url\" content=\"https:\/\/www.suviseurat.fi/2023\/ohjeet\/kolehti\/\" \/>\n<meta property=\"og:site_name\" content=\"SRK:n Suviseurat Kauhavalla 2023\" \/>\n<meta property=\"article:publisher\" content=\"https:\/\/www.facebook.com\/SRKryNyt\/\" \/>\n<meta property=\"article:modified_time\" content=\"2023-06-10T15:55:04+00:00\" \/>\n<meta property=\"og:image\" content=\"https:\/\/www.suviseurat.fi/2023\/wp-content\/uploads\/2022\/11\/logo_kauhava-ss2023_pysty_vari_ilman-tunnusta_20221020_200402-e1670870305614.jpg\" \/>\n\t<meta property=\"og:image:width\" content=\"800\" \/>\n\t<meta property=\"og:image:height\" content=\"807\" \/>\n\t<meta property=\"og:image:type\" content=\"image\/jpeg\" \/>\n<meta name=\"twitter:card\" content=\"summary_large_image\" \/>\n<meta name=\"twitter:site\" content=\"@Suviseurat\" \/>\n<meta name=\"twitter:label1\" content=\"Arvioitu lukuaika\" \/>\n\t<meta name=\"twitter:data1\" content=\"1 minuutti\" \/>\n<script type=\"application\/ld+json\" class=\"yoast-schema-graph\">{\"@context\":\"https:\/\/schema.org\",\"@graph\":[{\"@type\":\"WebPage\",\"@id\":\"https:\/\/www.suviseurat.fi/2023\/ohjeet\/kolehti\/\",\"url\":\"https:\/\/www.suviseurat.fi/2023\/ohjeet\/kolehti\/\",\"name\":\"Kolehti - SRK:n Suviseurat Kauhavalla 2023\",\"isPartOf\":{\"@id\":\"https:\/\/www.suviseurat.fi/2023\/#website\"},\"datePublished\":\"2022-06-23T12:30:00+00:00\",\"dateModified\":\"2023-06-10T15:55:04+00:00\",\"description\":\"Kolehti Kolehti ker\u00e4t\u00e4\u00e4n seurateltassa kolehtisymbolilla merkittyjen virsien aikana. Lis\u00e4ksi keskuskent\u00e4ll\u00e4 kiert\u00e4\u00e4 jatkuva kolehti. Lahjoituksen voi\",\"breadcrumb\":{\"@id\":\"https:\/\/www.suviseurat.fi/2023\/ohjeet\/kolehti\/#breadcrumb\"},\"inLanguage\":\"fi\",\"potentialAction\":[{\"@type\":\"ReadAction\",\"target\":[\"https:\/\/www.suviseurat.fi/2023\/ohjeet\/kolehti\/\"]}]},{\"@type\":\"BreadcrumbList\",\"@id\":\"https:\/\/www.suviseurat.fi/2023\/ohjeet\/kolehti\/#breadcrumb\",\"itemListElement\":[{\"@type\":\"ListItem\",\"position\":1,\"name\":\"Home\",\"item\":\"https:\/\/www.suviseurat.fi/2023\/\"},{\"@type\":\"ListItem\",\"position\":2,\"name\":\"Ohjeet\",\"item\":\"https:\/\/www.suviseurat.fi/2023\/ohjeet\/\"},{\"@type\":\"ListItem\",\"position\":3,\"name\":\"Kolehti\"}]},{\"@type\":\"WebSite\",\"@id\":\"https:\/\/www.suviseurat.fi/2023\/#website\",\"url\":\"https:\/\/www.suviseurat.fi/2023\/\",\"name\":\"SRK:n Suviseurat Kauhavalla 2023\",\"description\":\"Sinun sanasi on valo minun matkallani\",\"publisher\":{\"@id\":\"https:\/\/www.suviseurat.fi/2023\/#organization\"},\"potentialAction\":[{\"@type\":\"SearchAction\",\"target\":{\"@type\":\"EntryPoint\",\"urlTemplate\":\"https:\/\/www.suviseurat.fi/2023\/?s={search_term_string}\"},\"query-input\":\"required name=search_term_string\"}],\"inLanguage\":\"fi\"},{\"@type\":\"Organization\",\"@id\":\"https:\/\/www.suviseurat.fi/2023\/#organization\",\"name\":\"SRK:n Suviseurat Kauhavalla 2023\",\"url\":\"https:\/\/www.suviseurat.fi/2023\/\",\"logo\":{\"@type\":\"ImageObject\",\"inLanguage\":\"fi\",\"@id\":\"https:\/\/www.suviseurat.fi/2023\/#\/schema\/logo\/image\/\",\"url\":\"https:\/\/www.suviseurat.fi/2023\/wp-content\/uploads\/2022\/09\/cropped-Logo.jpg\",\"contentUrl\":\"https:\/\/www.suviseurat.fi/2023\/wp-content\/uploads\/2022\/09\/cropped-Logo.jpg\",\"width\":512,\"height\":512,\"caption\":\"SRK:n Suviseurat Kauhavalla 2023\"},\"image\":{\"@id\":\"https:\/\/www.suviseurat.fi/2023\/#\/schema\/logo\/image\/\"},\"sameAs\":[\"https:\/\/www.facebook.com\/SRKryNyt\/\",\"https:\/\/twitter.com\/Suviseurat\",\"https:\/\/www.facebook.com\/srksuviseurat\/\",\"https:\/\/www.youtube.com\/channel\/UC9ITFIdBi1YAUttGLGO4f3g\"]}]}<\/script>\n<!-- \/ Yoast SEO plugin. -->","yoast_head_json":{"title":"Kolehti - SRK:n Suviseurat Kauhavalla 2023","description":"Kolehti Kolehti ker\u00e4t\u00e4\u00e4n seurateltassa kolehtisymbolilla merkittyjen virsien aikana. Lis\u00e4ksi keskuskent\u00e4ll\u00e4 kiert\u00e4\u00e4 jatkuva kolehti. Lahjoituksen voi","robots":{"index":"index","follow":"follow","max-snippet":"max-snippet:-1","max-image-preview":"max-image-preview:large","max-video-preview":"max-video-preview:-1"},"canonical":"https:\/\/www.suviseurat.fi/2023\/ohjeet\/kolehti\/","og_locale":"fi_FI","og_type":"article","og_title":"Kolehti - SRK:n Suviseurat Kauhavalla 2023","og_description":"Kolehti Kolehti ker\u00e4t\u00e4\u00e4n seurateltassa kolehtisymbolilla merkittyjen virsien aikana. Lis\u00e4ksi keskuskent\u00e4ll\u00e4 kiert\u00e4\u00e4 jatkuva kolehti. Lahjoituksen voi","og_url":"https:\/\/www.suviseurat.fi/2023\/ohjeet\/kolehti\/","og_site_name":"SRK:n Suviseurat Kauhavalla 2023","article_publisher":"https:\/\/www.facebook.com\/SRKryNyt\/","article_modified_time":"2023-06-10T15:55:04+00:00","og_image":[{"width":800,"height":807,"url":"https:\/\/www.suviseurat.fi/2023\/wp-content\/uploads\/2022\/11\/logo_kauhava-ss2023_pysty_vari_ilman-tunnusta_20221020_200402-e1670870305614.jpg","type":"image\/jpeg"}],"twitter_card":"summary_large_image","twitter_site":"@Suviseurat","twitter_misc":{"Arvioitu lukuaika":"1 minuutti"},"schema":{"@context":"https:\/\/schema.org","@graph":[{"@type":"WebPage","@id":"https:\/\/www.suviseurat.fi/2023\/ohjeet\/kolehti\/","url":"https:\/\/www.suviseurat.fi/2023\/ohjeet\/kolehti\/","name":"Kolehti - SRK:n Suviseurat Kauhavalla 2023","isPartOf":{"@id":"https:\/\/www.suviseurat.fi/2023\/#website"},"datePublished":"2022-06-23T12:30:00+00:00","dateModified":"2023-06-10T15:55:04+00:00","description":"Kolehti Kolehti ker\u00e4t\u00e4\u00e4n seurateltassa kolehtisymbolilla merkittyjen virsien aikana. Lis\u00e4ksi keskuskent\u00e4ll\u00e4 kiert\u00e4\u00e4 jatkuva kolehti. Lahjoituksen voi","breadcrumb":{"@id":"https:\/\/www.suviseurat.fi/2023\/ohjeet\/kolehti\/#breadcrumb"},"inLanguage":"fi","potentialAction":[{"@type":"ReadAction","target":["https:\/\/www.suviseurat.fi/2023\/ohjeet\/kolehti\/"]}]},{"@type":"BreadcrumbList","@id":"https:\/\/www.suviseurat.fi/2023\/ohjeet\/kolehti\/#breadcrumb","itemListElement":[{"@type":"ListItem","position":1,"name":"Home","item":"https:\/\/www.suviseurat.fi/2023\/"},{"@type":"ListItem","position":2,"name":"Ohjeet","item":"https:\/\/www.suviseurat.fi/2023\/ohjeet\/"},{"@type":"ListItem","position":3,"name":"Kolehti"}]},{"@type":"WebSite","@id":"https:\/\/www.suviseurat.fi/2023\/#website","url":"https:\/\/www.suviseurat.fi/2023\/","name":"SRK:n Suviseurat Kauhavalla 2023","description":"Sinun sanasi on valo minun matkallani","publisher":{"@id":"https:\/\/www.suviseurat.fi/2023\/#organization"},"potentialAction":[{"@type":"SearchAction","target":{"@type":"EntryPoint","urlTemplate":"https:\/\/www.suviseurat.fi/2023\/?s={search_term_string}"},"query-input":"required name=search_term_string"}],"inLanguage":"fi"},{"@type":"Organization","@id":"https:\/\/www.suviseurat.fi/2023\/#organization","name":"SRK:n Suviseurat Kauhavalla 2023","url":"https:\/\/www.suviseurat.fi/2023\/","logo":{"@type":"ImageObject","inLanguage":"fi","@id":"https:\/\/www.suviseurat.fi/2023\/#\/schema\/logo\/image\/","url":"https:\/\/www.suviseurat.fi/2023\/wp-content\/uploads\/2022\/09\/cropped-Logo.jpg","contentUrl":"https:\/\/www.suviseurat.fi/2023\/wp-content\/uploads\/2022\/09\/cropped-Logo.jpg","width":512,"height":512,"caption":"SRK:n Suviseurat Kauhavalla 2023"},"image":{"@id":"https:\/\/www.suviseurat.fi/2023\/#\/schema\/logo\/image\/"},"sameAs":["https:\/\/www.facebook.com\/SRKryNyt\/","https:\/\/twitter.com\/Suviseurat","https:\/\/www.facebook.com\/srksuviseurat\/","https:\/\/www.youtube.com\/channel\/UC9ITFIdBi1YAUttGLGO4f3g"]}]}},"_links":{"self":[{"href":"https:\/\/www.suviseurat.fi/2023\/wp-json\/wp\/v2\/pages\/3270"}],"collection":[{"href":"https:\/\/www.suviseurat.fi/2023\/wp-json\/wp\/v2\/pages"}],"about":[{"href":"https:\/\/www.suviseurat.fi/2023\/wp-json\/wp\/v2\/types\/page"}],"author":[{"embeddable":true,"href":"https:\/\/www.suviseurat.fi/2023\/wp-json\/wp\/v2\/users\/19"}],"replies":[{"embeddable":true,"href":"https:\/\/www.suviseurat.fi/2023\/wp-json\/wp\/v2\/comments?post=3270"}],"version-history":[{"count":6,"href":"https:\/\/www.suviseurat.fi/2023\/wp-json\/wp\/v2\/pages\/3270\/revisions"}],"predecessor-version":[{"id":17751,"href":"https:\/\/www.suviseurat.fi/2023\/wp-json\/wp\/v2\/pages\/3270\/revisions\/17751"}],"up":[{"embeddable":true,"href":"https:\/\/www.suviseurat.fi/2023\/wp-json\/wp\/v2\/pages\/738"}],"wp:featuredmedia":[{"embeddable":true,"href":"https:\/\/www.suviseurat.fi/2023\/wp-json\/wp\/v2\/media\/17212"}],"wp:attachment":[{"href":"https:\/\/www.suviseurat.fi/2023\/wp-json\/wp\/v2\/media?parent=3270"}],"curies":[{"name":"wp","href":"https:\/\/api.w.org\/{rel}","templated":true}]}}