{"id":20282,"date":"2021-11-18T19:23:42","date_gmt":"2021-11-18T17:23:42","guid":{"rendered":"https:\/\/www.suviseurat.fi/2024\/die-sommerversammlung\/"},"modified":"2024-06-10T19:45:33","modified_gmt":"2024-06-10T16:45:33","slug":"die-sommerversammlung","status":"publish","type":"page","link":"https:\/\/www.suviseurat.fi/2024\/de\/die-sommerversammlung\/","title":{"rendered":"Die Sommerversammlung"},"content":{"rendered":"\n<h3 class=\"wp-block-heading\"><strong>Die Sommerversammlung<\/strong><\/h3>\n\n\n\n<p>Die Sommerversammlung ist die j\u00e4hrliche Versammlung der konservativen Laestadianischen Erweckungsbewegung. Sie ist international mit Besuchern aus vielen L\u00e4ndern und die gr\u00f6\u00dfte religi\u00f6se Veranstaltung in den nordischen L\u00e4ndern. Der konservative Laestadianismus ist eine Erweckungsbewegung innerhalb der Evangelisch-Lutherischen Kirche Finnlands.&nbsp;<\/p>\n\n\n\n<p>Im Zentrum der Versammlung stehen bibelbasierte Predigten, gemeinsames Singen und Begegnungen. Wir m\u00f6chten die sichere Botschaft der S\u00fcndenvergebung vermitteln und zum Glauben einladen. Die meisten Besucher \u00fcbernachten auf dem Versammlungsgebiet.&nbsp;<\/p>\n\n\n\n<p>Zus\u00e4tzlich zu den Predigten findet am Samstag im gro\u00dfen Versammlungszelt ein Abendmahlsgottesdienst und am Sonntag ein Gottesdienst sowie Sonntagsschule statt. Am Sonntag werden auch in den umliegenden Kirchen in Zusammenarbeit mit den \u00f6rtlichen Gemeinden Gottesdienste abgehalten.&nbsp;<\/p>\n\n\n\n<p>Alle sind herzlich zu der Sommerversammlung eingeladen. Der Eintritt zur Veranstaltung ist frei.&nbsp;<\/p>\n\n\n\n<div style=\"height:50px\" aria-hidden=\"true\" class=\"wp-block-spacer\"><\/div>\n\n\n\n<h3 class=\"wp-block-heading\"><strong><strong>Die Sommerversammlung in Pudasj\u00e4rvi 2024<\/strong>\u00a0<\/strong><\/h3>\n\n\n\n<p>So Gott will, wird die Sommerversammlung des Zentralverbandes der finnischen Laestadianischen Friedensvereine im Jahr 2024 vom 28. Juni bis 1. Juli 2024 in Pudasj\u00e4rvi stattfinden.&nbsp;<\/p>\n\n\n\n<p>Das Veranstaltungsgebiet ist der von der Stadt Pudasj\u00e4rvi betriebene. Die Sommerversammlung wurde zuletzt im Jahr 2013 auf dem Flugplatz von Pudasj\u00e4rvi abgehalten. Der Versammlungsbereich wurde in Zusammenarbeit mit der Stadt Pudasj\u00e4rvi weiterentwickelt, um besser als Veranstaltungsort zu dienen. Pudasj\u00e4rvi liegt im n\u00f6rdlichen Teil von Nord\u00f6sterbotten, etwa 100 Kilometer von Oulu in Richtung Kuusamo. Pudasj\u00e4rvi hat etwa 7.600 Einwohner.&nbsp;<\/p>\n\n\n\n<p>Die Organisation wird von den Laestadianischen Friedensvereinen von Kuusamo, Jakkukyl\u00e4, Kiiminki, Posio, Pudasj\u00e4rvi, Ranua, Taivalkoski, Ylikiiminki und Yli-Ii \u00fcbernommen. Die Hauptverantwortung f\u00fcr die Organisation der Suviseurat liegt bei dem Friedensverein von Kuusamo.&nbsp;<\/p>\n\n\n\n<p>Unser Gebet ist, dass Gott unsere Vorbereitungen segnet. Wir bitten darum, dass Gottes Wort zum Reich Gottes einl\u00e4d und die Zuh\u00f6rer der Sommerversammlung von Pudasj\u00e4rvi 2024 erfrischt.&nbsp;<\/p>\n\n\n\n<p><em>Das Hauptkomitee der Sommerversammlung von Pudasj\u00e4rvi\u00a0<\/em><\/p>\n","protected":false},"excerpt":{"rendered":"<p>Die Sommerversammlung Die Sommerversammlung ist die j\u00e4hrliche Versammlung der konservativen Laestadianischen Erweckungsbewegung. Sie ist international<a class=\"moretag\" href=\"https:\/\/www.suviseurat.fi/2024\/de\/die-sommerversammlung\/\">Jatka lukemista ><\/a><\/p>\n","protected":false},"author":19,"featured_media":0,"parent":0,"menu_order":0,"comment_status":"closed","ping_status":"closed","template":"","meta":{"_acf_changed":false,"footnotes":""},"class_list":["post-20282","page","type-page","status-publish","hentry"],"acf":[],"yoast_head":"<!-- This site is optimized with the Yoast SEO plugin v23.3 - https:\/\/yoast.com\/wordpress\/plugins\/seo\/ -->\n<title>Die Sommerversammlung - SRK:n Suviseurat Pudasj\u00e4rvell\u00e4 2024<\/title>\n<meta name=\"description\" content=\"Die Sommerversammlung Die Sommerversammlung ist die j\u00e4hrliche Versammlung der konservativen Laestadianischen Erweckungsbewegung. Sie ist international mit\" \/>\n<meta name=\"robots\" content=\"index, follow, max-snippet:-1, max-image-preview:large, max-video-preview:-1\" \/>\n<link rel=\"canonical\" href=\"https:\/\/www.suviseurat.fi/2024\/de\/die-sommerversammlung\/\" \/>\n<meta property=\"og:locale\" content=\"de_DE\" \/>\n<meta property=\"og:type\" content=\"article\" \/>\n<meta property=\"og:title\" content=\"Die Sommerversammlung - SRK:n Suviseurat Pudasj\u00e4rvell\u00e4 2024\" \/>\n<meta property=\"og:description\" content=\"Die Sommerversammlung Die Sommerversammlung ist die j\u00e4hrliche Versammlung der konservativen Laestadianischen Erweckungsbewegung. Sie ist international mit\" \/>\n<meta property=\"og:url\" content=\"https:\/\/www.suviseurat.fi/2024\/de\/die-sommerversammlung\/\" \/>\n<meta property=\"og:site_name\" content=\"SRK:n Suviseurat Pudasj\u00e4rvell\u00e4 2024\" \/>\n<meta property=\"article:publisher\" content=\"https:\/\/www.facebook.com\/SRKryNyt\/\" \/>\n<meta property=\"article:modified_time\" content=\"2024-06-10T16:45:33+00:00\" \/>\n<meta name=\"twitter:card\" content=\"summary_large_image\" \/>\n<meta name=\"twitter:site\" content=\"@Suviseurat\" \/>\n<meta name=\"twitter:label1\" content=\"Gesch\u00e4tzte Lesezeit\" \/>\n\t<meta name=\"twitter:data1\" content=\"1 minute\" \/>\n<script type=\"application\/ld+json\" class=\"yoast-schema-graph\">{\"@context\":\"https:\/\/schema.org\",\"@graph\":[{\"@type\":\"WebPage\",\"@id\":\"https:\/\/www.suviseurat.fi/2024\/de\/die-sommerversammlung\/\",\"url\":\"https:\/\/www.suviseurat.fi/2024\/de\/die-sommerversammlung\/\",\"name\":\"Die Sommerversammlung - SRK:n Suviseurat Pudasj\u00e4rvell\u00e4 2024\",\"isPartOf\":{\"@id\":\"https:\/\/www.suviseurat.fi/2024\/#website\"},\"datePublished\":\"2021-11-18T17:23:42+00:00\",\"dateModified\":\"2024-06-10T16:45:33+00:00\",\"description\":\"Die Sommerversammlung Die Sommerversammlung ist die j\u00e4hrliche Versammlung der konservativen Laestadianischen Erweckungsbewegung. Sie ist international mit\",\"breadcrumb\":{\"@id\":\"https:\/\/www.suviseurat.fi/2024\/de\/die-sommerversammlung\/#breadcrumb\"},\"inLanguage\":\"de-DE\",\"potentialAction\":[{\"@type\":\"ReadAction\",\"target\":[\"https:\/\/www.suviseurat.fi/2024\/de\/die-sommerversammlung\/\"]}]},{\"@type\":\"BreadcrumbList\",\"@id\":\"https:\/\/www.suviseurat.fi/2024\/de\/die-sommerversammlung\/#breadcrumb\",\"itemListElement\":[{\"@type\":\"ListItem\",\"position\":1,\"name\":\"Etusivu\",\"item\":\"https:\/\/www.suviseurat.fi/2024\/de\/\"},{\"@type\":\"ListItem\",\"position\":2,\"name\":\"Die Sommerversammlung\"}]},{\"@type\":\"WebSite\",\"@id\":\"https:\/\/www.suviseurat.fi/2024\/#website\",\"url\":\"https:\/\/www.suviseurat.fi/2024\/\",\"name\":\"SRK:n Suviseurat Pudasj\u00e4rvell\u00e4 2024\",\"description\":\"Olenko min\u00e4 sinulle rakas?\",\"publisher\":{\"@id\":\"https:\/\/www.suviseurat.fi/2024\/#organization\"},\"potentialAction\":[{\"@type\":\"SearchAction\",\"target\":{\"@type\":\"EntryPoint\",\"urlTemplate\":\"https:\/\/www.suviseurat.fi/2024\/?s={search_term_string}\"},\"query-input\":\"required name=search_term_string\"}],\"inLanguage\":\"de-DE\"},{\"@type\":\"Organization\",\"@id\":\"https:\/\/www.suviseurat.fi/2024\/#organization\",\"name\":\"Suviseurat\",\"url\":\"https:\/\/www.suviseurat.fi/2024\/\",\"logo\":{\"@type\":\"ImageObject\",\"inLanguage\":\"de-DE\",\"@id\":\"https:\/\/www.suviseurat.fi/2024\/#\/schema\/logo\/image\/\",\"url\":\"https:\/\/www.suviseurat.fi/2024\/wp-content\/uploads\/2023\/10\/tunnus-nelio.jpg\",\"contentUrl\":\"https:\/\/www.suviseurat.fi/2024\/wp-content\/uploads\/2023\/10\/tunnus-nelio.jpg\",\"width\":1000,\"height\":1000,\"caption\":\"Suviseurat\"},\"image\":{\"@id\":\"https:\/\/www.suviseurat.fi/2024\/#\/schema\/logo\/image\/\"},\"sameAs\":[\"https:\/\/www.facebook.com\/SRKryNyt\/\",\"https:\/\/x.com\/Suviseurat\",\"https:\/\/www.facebook.com\/srksuviseurat\/\",\"https:\/\/www.youtube.com\/@SRKnyt\",\"https:\/\/www.instagram.com\/srk_nyt\/\",\"https:\/\/www.flickr.com\/photos\/suviseurat\"]}]}<\/script>\n<!-- \/ Yoast SEO plugin. -->","yoast_head_json":{"title":"Die Sommerversammlung - SRK:n Suviseurat Pudasj\u00e4rvell\u00e4 2024","description":"Die Sommerversammlung Die Sommerversammlung ist die j\u00e4hrliche Versammlung der konservativen Laestadianischen Erweckungsbewegung. Sie ist international mit","robots":{"index":"index","follow":"follow","max-snippet":"max-snippet:-1","max-image-preview":"max-image-preview:large","max-video-preview":"max-video-preview:-1"},"canonical":"https:\/\/www.suviseurat.fi/2024\/de\/die-sommerversammlung\/","og_locale":"de_DE","og_type":"article","og_title":"Die Sommerversammlung - SRK:n Suviseurat Pudasj\u00e4rvell\u00e4 2024","og_description":"Die Sommerversammlung Die Sommerversammlung ist die j\u00e4hrliche Versammlung der konservativen Laestadianischen Erweckungsbewegung. Sie ist international mit","og_url":"https:\/\/www.suviseurat.fi/2024\/de\/die-sommerversammlung\/","og_site_name":"SRK:n Suviseurat Pudasj\u00e4rvell\u00e4 2024","article_publisher":"https:\/\/www.facebook.com\/SRKryNyt\/","article_modified_time":"2024-06-10T16:45:33+00:00","twitter_card":"summary_large_image","twitter_site":"@Suviseurat","twitter_misc":{"Gesch\u00e4tzte Lesezeit":"1 minute"},"schema":{"@context":"https:\/\/schema.org","@graph":[{"@type":"WebPage","@id":"https:\/\/www.suviseurat.fi/2024\/de\/die-sommerversammlung\/","url":"https:\/\/www.suviseurat.fi/2024\/de\/die-sommerversammlung\/","name":"Die Sommerversammlung - SRK:n Suviseurat Pudasj\u00e4rvell\u00e4 2024","isPartOf":{"@id":"https:\/\/www.suviseurat.fi/2024\/#website"},"datePublished":"2021-11-18T17:23:42+00:00","dateModified":"2024-06-10T16:45:33+00:00","description":"Die Sommerversammlung Die Sommerversammlung ist die j\u00e4hrliche Versammlung der konservativen Laestadianischen Erweckungsbewegung. Sie ist international mit","breadcrumb":{"@id":"https:\/\/www.suviseurat.fi/2024\/de\/die-sommerversammlung\/#breadcrumb"},"inLanguage":"de-DE","potentialAction":[{"@type":"ReadAction","target":["https:\/\/www.suviseurat.fi/2024\/de\/die-sommerversammlung\/"]}]},{"@type":"BreadcrumbList","@id":"https:\/\/www.suviseurat.fi/2024\/de\/die-sommerversammlung\/#breadcrumb","itemListElement":[{"@type":"ListItem","position":1,"name":"Etusivu","item":"https:\/\/www.suviseurat.fi/2024\/de\/"},{"@type":"ListItem","position":2,"name":"Die Sommerversammlung"}]},{"@type":"WebSite","@id":"https:\/\/www.suviseurat.fi/2024\/#website","url":"https:\/\/www.suviseurat.fi/2024\/","name":"SRK:n Suviseurat Pudasj\u00e4rvell\u00e4 2024","description":"Olenko min\u00e4 sinulle rakas?","publisher":{"@id":"https:\/\/www.suviseurat.fi/2024\/#organization"},"potentialAction":[{"@type":"SearchAction","target":{"@type":"EntryPoint","urlTemplate":"https:\/\/www.suviseurat.fi/2024\/?s={search_term_string}"},"query-input":"required name=search_term_string"}],"inLanguage":"de-DE"},{"@type":"Organization","@id":"https:\/\/www.suviseurat.fi/2024\/#organization","name":"Suviseurat","url":"https:\/\/www.suviseurat.fi/2024\/","logo":{"@type":"ImageObject","inLanguage":"de-DE","@id":"https:\/\/www.suviseurat.fi/2024\/#\/schema\/logo\/image\/","url":"https:\/\/www.suviseurat.fi/2024\/wp-content\/uploads\/2023\/10\/tunnus-nelio.jpg","contentUrl":"https:\/\/www.suviseurat.fi/2024\/wp-content\/uploads\/2023\/10\/tunnus-nelio.jpg","width":1000,"height":1000,"caption":"Suviseurat"},"image":{"@id":"https:\/\/www.suviseurat.fi/2024\/#\/schema\/logo\/image\/"},"sameAs":["https:\/\/www.facebook.com\/SRKryNyt\/","https:\/\/x.com\/Suviseurat","https:\/\/www.facebook.com\/srksuviseurat\/","https:\/\/www.youtube.com\/@SRKnyt","https:\/\/www.instagram.com\/srk_nyt\/","https:\/\/www.flickr.com\/photos\/suviseurat"]}]}},"_links":{"self":[{"href":"https:\/\/www.suviseurat.fi/2024\/de\/wp-json\/wp\/v2\/pages\/20282"}],"collection":[{"href":"https:\/\/www.suviseurat.fi/2024\/de\/wp-json\/wp\/v2\/pages"}],"about":[{"href":"https:\/\/www.suviseurat.fi/2024\/de\/wp-json\/wp\/v2\/types\/page"}],"author":[{"embeddable":true,"href":"https:\/\/www.suviseurat.fi/2024\/de\/wp-json\/wp\/v2\/users\/19"}],"replies":[{"embeddable":true,"href":"https:\/\/www.suviseurat.fi/2024\/de\/wp-json\/wp\/v2\/comments?post=20282"}],"version-history":[{"count":2,"href":"https:\/\/www.suviseurat.fi/2024\/de\/wp-json\/wp\/v2\/pages\/20282\/revisions"}],"predecessor-version":[{"id":20285,"href":"https:\/\/www.suviseurat.fi/2024\/de\/wp-json\/wp\/v2\/pages\/20282\/revisions\/20285"}],"wp:attachment":[{"href":"https:\/\/www.suviseurat.fi/2024\/de\/wp-json\/wp\/v2\/media?parent=20282"}],"curies":[{"name":"wp","href":"https:\/\/api.w.org\/{rel}","templated":true}]}}