{"id":20286,"date":"2022-10-17T20:31:28","date_gmt":"2022-10-17T17:31:28","guid":{"rendered":"https:\/\/www.suviseurat.fi/2024\/die-sommerversammlung\/versammlungsmotto\/"},"modified":"2024-06-10T19:47:22","modified_gmt":"2024-06-10T16:47:22","slug":"versammlungsmotto","status":"publish","type":"page","link":"https:\/\/www.suviseurat.fi/2024\/de\/die-sommerversammlung\/versammlungsmotto\/","title":{"rendered":"Versammlungsmotto"},"content":{"rendered":"\n<div class=\"wp-block-columns is-layout-flex wp-container-core-columns-is-layout-1 wp-block-columns-is-layout-flex\">\n<div class=\"wp-block-column is-layout-flow wp-block-column-is-layout-flow\">\n<h2 class=\"wp-block-heading\"><strong>Liebst du mich? <\/strong><br><strong>(Joh. 21:17)<\/strong><\/h2>\n\n\n\n<p>Das Motto der Sommerversammlung stammt aus dem Evangelium nach Johannes: \u201eLiebst du mich?\u201c (Joh. 21:17.) Diese Frage stellt der auferstandene Jesus seinem J\u00fcnger Petrus, der ihn zuvor im Hof des Hohenpriesters verleugnet hatte. In der Bibelstelle, die das Motto bildet, fragt Jesus Petrus, ob er ihn liebt. Man kann diese Frage auch so verstehen, dass sie nicht nur an Petrus, sondern an jeden Menschen gerichtet ist. Das Motto l\u00e4dt dazu ein, \u00fcber den pers\u00f6nlichen Willen zum Glauben nachzudenken.<\/p>\n\n\n\n<p>Das Festtor und das Versammlungsabzeichen der Sommerversammlung wurden nach einer Idee von Tauno Walkeaj\u00e4rvi entworfen. Im Hintergrund des Abzeichens ist die blaue Wasseroberfl\u00e4che des Sees Tiberias zu sehen \u2013 der Ort der Begegnung zwischen Jesus und Petrus. Im Abzeichen sind Herz und Fragezeichen miteinander verbunden. Das wei\u00dfe Herz ist in zwei H\u00e4lften geteilt: auf der linken Seite stehen die Worte Jesu, und auf der rechten Seite befindet sich das Fragezeichen.<\/p>\n<\/div>\n\n\n\n<div class=\"wp-block-column is-layout-flow wp-block-column-is-layout-flow\">\n<figure class=\"wp-block-image\"><a href=\"https:\/\/www.suviseurat.fi/2024\/wp-content\/uploads\/2023\/10\/pj2024-merkki-e1698044587903.jpg\"><img loading=\"lazy\" decoding=\"async\" width=\"827\" height=\"709\" src=\"https:\/\/www.suviseurat.fi/2024\/wp-content\/uploads\/2023\/10\/pj2024-merkki-e1698044587903.jpg\" alt=\"\" class=\"wp-image-18962\" srcset=\"https:\/\/www.suviseurat.fi/2024\/wp-content\/uploads\/2023\/10\/pj2024-merkki-e1698044587903.jpg 827w, https:\/\/www.suviseurat.fi/2024\/wp-content\/uploads\/2023\/10\/pj2024-merkki-e1698044587903-768x658.jpg 768w\" sizes=\"(max-width: 827px) 100vw, 827px\" \/><\/a><\/figure>\n<\/div>\n<\/div>\n","protected":false},"excerpt":{"rendered":"<p>Liebst du mich? (Joh. 21:17) Das Motto der Sommerversammlung stammt aus dem Evangelium nach Johannes:<a class=\"moretag\" href=\"https:\/\/www.suviseurat.fi/2024\/de\/die-sommerversammlung\/versammlungsmotto\/\">Jatka lukemista ><\/a><\/p>\n","protected":false},"author":33,"featured_media":0,"parent":20282,"menu_order":4,"comment_status":"closed","ping_status":"closed","template":"","meta":{"_acf_changed":false,"footnotes":""},"class_list":["post-20286","page","type-page","status-publish","hentry"],"acf":[],"yoast_head":"<!-- This site is optimized with the Yoast SEO plugin v23.3 - https:\/\/yoast.com\/wordpress\/plugins\/seo\/ -->\n<title>Versammlungsmotto - SRK:n Suviseurat Pudasj\u00e4rvell\u00e4 2024<\/title>\n<meta name=\"description\" content=\"Liebst du mich? (Joh. 21:17) Das Motto der Sommerversammlung stammt aus dem Evangelium nach Johannes: \u201eLiebst du mich?\u201c (Joh. 21:17.) Diese Frage stellt\" \/>\n<meta name=\"robots\" content=\"index, follow, max-snippet:-1, max-image-preview:large, max-video-preview:-1\" \/>\n<link rel=\"canonical\" href=\"https:\/\/www.suviseurat.fi/2024\/de\/die-sommerversammlung\/versammlungsmotto\/\" \/>\n<meta property=\"og:locale\" content=\"de_DE\" \/>\n<meta property=\"og:type\" content=\"article\" \/>\n<meta property=\"og:title\" content=\"Versammlungsmotto - SRK:n Suviseurat Pudasj\u00e4rvell\u00e4 2024\" \/>\n<meta property=\"og:description\" content=\"Liebst du mich? (Joh. 21:17) Das Motto der Sommerversammlung stammt aus dem Evangelium nach Johannes: \u201eLiebst du mich?\u201c (Joh. 21:17.) Diese Frage stellt\" \/>\n<meta property=\"og:url\" content=\"https:\/\/www.suviseurat.fi/2024\/de\/die-sommerversammlung\/versammlungsmotto\/\" \/>\n<meta property=\"og:site_name\" content=\"SRK:n Suviseurat Pudasj\u00e4rvell\u00e4 2024\" \/>\n<meta property=\"article:publisher\" content=\"https:\/\/www.facebook.com\/SRKryNyt\/\" \/>\n<meta property=\"article:modified_time\" content=\"2024-06-10T16:47:22+00:00\" \/>\n<meta property=\"og:image\" content=\"https:\/\/www.suviseurat.fi/2024\/wp-content\/uploads\/2023\/10\/pj2024-merkki-e1698044587903.jpg\" \/>\n<meta name=\"twitter:card\" content=\"summary_large_image\" \/>\n<meta name=\"twitter:site\" content=\"@Suviseurat\" \/>\n<meta name=\"twitter:label1\" content=\"Gesch\u00e4tzte Lesezeit\" \/>\n\t<meta name=\"twitter:data1\" content=\"1 minute\" \/>\n<script type=\"application\/ld+json\" class=\"yoast-schema-graph\">{\"@context\":\"https:\/\/schema.org\",\"@graph\":[{\"@type\":\"WebPage\",\"@id\":\"https:\/\/www.suviseurat.fi/2024\/de\/die-sommerversammlung\/versammlungsmotto\/\",\"url\":\"https:\/\/www.suviseurat.fi/2024\/de\/die-sommerversammlung\/versammlungsmotto\/\",\"name\":\"Versammlungsmotto - SRK:n Suviseurat Pudasj\u00e4rvell\u00e4 2024\",\"isPartOf\":{\"@id\":\"https:\/\/www.suviseurat.fi/2024\/#website\"},\"primaryImageOfPage\":{\"@id\":\"https:\/\/www.suviseurat.fi/2024\/de\/die-sommerversammlung\/versammlungsmotto\/#primaryimage\"},\"image\":{\"@id\":\"https:\/\/www.suviseurat.fi/2024\/de\/die-sommerversammlung\/versammlungsmotto\/#primaryimage\"},\"thumbnailUrl\":\"https:\/\/www.suviseurat.fi/2024\/wp-content\/uploads\/2023\/10\/pj2024-merkki-e1698044587903.jpg\",\"datePublished\":\"2022-10-17T17:31:28+00:00\",\"dateModified\":\"2024-06-10T16:47:22+00:00\",\"description\":\"Liebst du mich? (Joh. 21:17) Das Motto der Sommerversammlung stammt aus dem Evangelium nach Johannes: \u201eLiebst du mich?\u201c (Joh. 21:17.) Diese Frage stellt\",\"breadcrumb\":{\"@id\":\"https:\/\/www.suviseurat.fi/2024\/de\/die-sommerversammlung\/versammlungsmotto\/#breadcrumb\"},\"inLanguage\":\"de-DE\",\"potentialAction\":[{\"@type\":\"ReadAction\",\"target\":[\"https:\/\/www.suviseurat.fi/2024\/de\/die-sommerversammlung\/versammlungsmotto\/\"]}]},{\"@type\":\"ImageObject\",\"inLanguage\":\"de-DE\",\"@id\":\"https:\/\/www.suviseurat.fi/2024\/de\/die-sommerversammlung\/versammlungsmotto\/#primaryimage\",\"url\":\"https:\/\/www.suviseurat.fi/2024\/wp-content\/uploads\/2023\/10\/pj2024-merkki-e1698044587903.jpg\",\"contentUrl\":\"https:\/\/www.suviseurat.fi/2024\/wp-content\/uploads\/2023\/10\/pj2024-merkki-e1698044587903.jpg\"},{\"@type\":\"BreadcrumbList\",\"@id\":\"https:\/\/www.suviseurat.fi/2024\/de\/die-sommerversammlung\/versammlungsmotto\/#breadcrumb\",\"itemListElement\":[{\"@type\":\"ListItem\",\"position\":1,\"name\":\"Etusivu\",\"item\":\"https:\/\/www.suviseurat.fi/2024\/de\/\"},{\"@type\":\"ListItem\",\"position\":2,\"name\":\"Die Sommerversammlung\",\"item\":\"https:\/\/www.suviseurat.fi/2024\/de\/die-sommerversammlung\/\"},{\"@type\":\"ListItem\",\"position\":3,\"name\":\"Versammlungsmotto\"}]},{\"@type\":\"WebSite\",\"@id\":\"https:\/\/www.suviseurat.fi/2024\/#website\",\"url\":\"https:\/\/www.suviseurat.fi/2024\/\",\"name\":\"SRK:n Suviseurat Pudasj\u00e4rvell\u00e4 2024\",\"description\":\"Olenko min\u00e4 sinulle rakas?\",\"publisher\":{\"@id\":\"https:\/\/www.suviseurat.fi/2024\/#organization\"},\"potentialAction\":[{\"@type\":\"SearchAction\",\"target\":{\"@type\":\"EntryPoint\",\"urlTemplate\":\"https:\/\/www.suviseurat.fi/2024\/?s={search_term_string}\"},\"query-input\":\"required name=search_term_string\"}],\"inLanguage\":\"de-DE\"},{\"@type\":\"Organization\",\"@id\":\"https:\/\/www.suviseurat.fi/2024\/#organization\",\"name\":\"Suviseurat\",\"url\":\"https:\/\/www.suviseurat.fi/2024\/\",\"logo\":{\"@type\":\"ImageObject\",\"inLanguage\":\"de-DE\",\"@id\":\"https:\/\/www.suviseurat.fi/2024\/#\/schema\/logo\/image\/\",\"url\":\"https:\/\/www.suviseurat.fi/2024\/wp-content\/uploads\/2023\/10\/tunnus-nelio.jpg\",\"contentUrl\":\"https:\/\/www.suviseurat.fi/2024\/wp-content\/uploads\/2023\/10\/tunnus-nelio.jpg\",\"width\":1000,\"height\":1000,\"caption\":\"Suviseurat\"},\"image\":{\"@id\":\"https:\/\/www.suviseurat.fi/2024\/#\/schema\/logo\/image\/\"},\"sameAs\":[\"https:\/\/www.facebook.com\/SRKryNyt\/\",\"https:\/\/x.com\/Suviseurat\",\"https:\/\/www.facebook.com\/srksuviseurat\/\",\"https:\/\/www.youtube.com\/@SRKnyt\",\"https:\/\/www.instagram.com\/srk_nyt\/\",\"https:\/\/www.flickr.com\/photos\/suviseurat\"]}]}<\/script>\n<!-- \/ Yoast SEO plugin. -->","yoast_head_json":{"title":"Versammlungsmotto - SRK:n Suviseurat Pudasj\u00e4rvell\u00e4 2024","description":"Liebst du mich? (Joh. 21:17) Das Motto der Sommerversammlung stammt aus dem Evangelium nach Johannes: \u201eLiebst du mich?\u201c (Joh. 21:17.) Diese Frage stellt","robots":{"index":"index","follow":"follow","max-snippet":"max-snippet:-1","max-image-preview":"max-image-preview:large","max-video-preview":"max-video-preview:-1"},"canonical":"https:\/\/www.suviseurat.fi/2024\/de\/die-sommerversammlung\/versammlungsmotto\/","og_locale":"de_DE","og_type":"article","og_title":"Versammlungsmotto - SRK:n Suviseurat Pudasj\u00e4rvell\u00e4 2024","og_description":"Liebst du mich? (Joh. 21:17) Das Motto der Sommerversammlung stammt aus dem Evangelium nach Johannes: \u201eLiebst du mich?\u201c (Joh. 21:17.) Diese Frage stellt","og_url":"https:\/\/www.suviseurat.fi/2024\/de\/die-sommerversammlung\/versammlungsmotto\/","og_site_name":"SRK:n Suviseurat Pudasj\u00e4rvell\u00e4 2024","article_publisher":"https:\/\/www.facebook.com\/SRKryNyt\/","article_modified_time":"2024-06-10T16:47:22+00:00","og_image":[{"url":"https:\/\/www.suviseurat.fi/2024\/wp-content\/uploads\/2023\/10\/pj2024-merkki-e1698044587903.jpg"}],"twitter_card":"summary_large_image","twitter_site":"@Suviseurat","twitter_misc":{"Gesch\u00e4tzte Lesezeit":"1 minute"},"schema":{"@context":"https:\/\/schema.org","@graph":[{"@type":"WebPage","@id":"https:\/\/www.suviseurat.fi/2024\/de\/die-sommerversammlung\/versammlungsmotto\/","url":"https:\/\/www.suviseurat.fi/2024\/de\/die-sommerversammlung\/versammlungsmotto\/","name":"Versammlungsmotto - SRK:n Suviseurat Pudasj\u00e4rvell\u00e4 2024","isPartOf":{"@id":"https:\/\/www.suviseurat.fi/2024\/#website"},"primaryImageOfPage":{"@id":"https:\/\/www.suviseurat.fi/2024\/de\/die-sommerversammlung\/versammlungsmotto\/#primaryimage"},"image":{"@id":"https:\/\/www.suviseurat.fi/2024\/de\/die-sommerversammlung\/versammlungsmotto\/#primaryimage"},"thumbnailUrl":"https:\/\/www.suviseurat.fi/2024\/wp-content\/uploads\/2023\/10\/pj2024-merkki-e1698044587903.jpg","datePublished":"2022-10-17T17:31:28+00:00","dateModified":"2024-06-10T16:47:22+00:00","description":"Liebst du mich? (Joh. 21:17) Das Motto der Sommerversammlung stammt aus dem Evangelium nach Johannes: \u201eLiebst du mich?\u201c (Joh. 21:17.) Diese Frage stellt","breadcrumb":{"@id":"https:\/\/www.suviseurat.fi/2024\/de\/die-sommerversammlung\/versammlungsmotto\/#breadcrumb"},"inLanguage":"de-DE","potentialAction":[{"@type":"ReadAction","target":["https:\/\/www.suviseurat.fi/2024\/de\/die-sommerversammlung\/versammlungsmotto\/"]}]},{"@type":"ImageObject","inLanguage":"de-DE","@id":"https:\/\/www.suviseurat.fi/2024\/de\/die-sommerversammlung\/versammlungsmotto\/#primaryimage","url":"https:\/\/www.suviseurat.fi/2024\/wp-content\/uploads\/2023\/10\/pj2024-merkki-e1698044587903.jpg","contentUrl":"https:\/\/www.suviseurat.fi/2024\/wp-content\/uploads\/2023\/10\/pj2024-merkki-e1698044587903.jpg"},{"@type":"BreadcrumbList","@id":"https:\/\/www.suviseurat.fi/2024\/de\/die-sommerversammlung\/versammlungsmotto\/#breadcrumb","itemListElement":[{"@type":"ListItem","position":1,"name":"Etusivu","item":"https:\/\/www.suviseurat.fi/2024\/de\/"},{"@type":"ListItem","position":2,"name":"Die Sommerversammlung","item":"https:\/\/www.suviseurat.fi/2024\/de\/die-sommerversammlung\/"},{"@type":"ListItem","position":3,"name":"Versammlungsmotto"}]},{"@type":"WebSite","@id":"https:\/\/www.suviseurat.fi/2024\/#website","url":"https:\/\/www.suviseurat.fi/2024\/","name":"SRK:n Suviseurat Pudasj\u00e4rvell\u00e4 2024","description":"Olenko min\u00e4 sinulle rakas?","publisher":{"@id":"https:\/\/www.suviseurat.fi/2024\/#organization"},"potentialAction":[{"@type":"SearchAction","target":{"@type":"EntryPoint","urlTemplate":"https:\/\/www.suviseurat.fi/2024\/?s={search_term_string}"},"query-input":"required name=search_term_string"}],"inLanguage":"de-DE"},{"@type":"Organization","@id":"https:\/\/www.suviseurat.fi/2024\/#organization","name":"Suviseurat","url":"https:\/\/www.suviseurat.fi/2024\/","logo":{"@type":"ImageObject","inLanguage":"de-DE","@id":"https:\/\/www.suviseurat.fi/2024\/#\/schema\/logo\/image\/","url":"https:\/\/www.suviseurat.fi/2024\/wp-content\/uploads\/2023\/10\/tunnus-nelio.jpg","contentUrl":"https:\/\/www.suviseurat.fi/2024\/wp-content\/uploads\/2023\/10\/tunnus-nelio.jpg","width":1000,"height":1000,"caption":"Suviseurat"},"image":{"@id":"https:\/\/www.suviseurat.fi/2024\/#\/schema\/logo\/image\/"},"sameAs":["https:\/\/www.facebook.com\/SRKryNyt\/","https:\/\/x.com\/Suviseurat","https:\/\/www.facebook.com\/srksuviseurat\/","https:\/\/www.youtube.com\/@SRKnyt","https:\/\/www.instagram.com\/srk_nyt\/","https:\/\/www.flickr.com\/photos\/suviseurat"]}]}},"_links":{"self":[{"href":"https:\/\/www.suviseurat.fi/2024\/de\/wp-json\/wp\/v2\/pages\/20286"}],"collection":[{"href":"https:\/\/www.suviseurat.fi/2024\/de\/wp-json\/wp\/v2\/pages"}],"about":[{"href":"https:\/\/www.suviseurat.fi/2024\/de\/wp-json\/wp\/v2\/types\/page"}],"author":[{"embeddable":true,"href":"https:\/\/www.suviseurat.fi/2024\/de\/wp-json\/wp\/v2\/users\/33"}],"replies":[{"embeddable":true,"href":"https:\/\/www.suviseurat.fi/2024\/de\/wp-json\/wp\/v2\/comments?post=20286"}],"version-history":[{"count":2,"href":"https:\/\/www.suviseurat.fi/2024\/de\/wp-json\/wp\/v2\/pages\/20286\/revisions"}],"predecessor-version":[{"id":20288,"href":"https:\/\/www.suviseurat.fi/2024\/de\/wp-json\/wp\/v2\/pages\/20286\/revisions\/20288"}],"up":[{"embeddable":true,"href":"https:\/\/www.suviseurat.fi/2024\/de\/wp-json\/wp\/v2\/pages\/20282"}],"wp:attachment":[{"href":"https:\/\/www.suviseurat.fi/2024\/de\/wp-json\/wp\/v2\/media?parent=20286"}],"curies":[{"name":"wp","href":"https:\/\/api.w.org\/{rel}","templated":true}]}}