{"id":20289,"date":"2018-02-02T21:59:59","date_gmt":"2018-02-02T19:59:59","guid":{"rendered":"https:\/\/www.suviseurat.fi/2024\/die-sommerversammlung\/ueber-unseren-glauben-so-glauben-wir\/"},"modified":"2024-06-10T19:50:50","modified_gmt":"2024-06-10T16:50:50","slug":"ueber-unseren-glauben-so-glauben-wir","status":"publish","type":"page","link":"https:\/\/www.suviseurat.fi/2024\/de\/die-sommerversammlung\/ueber-unseren-glauben-so-glauben-wir\/","title":{"rendered":"\u00dcber unseren Glauben \u2013 so glauben wir"},"content":{"rendered":"<p>Der Glaube und die Lehre der Leastadianer begr\u00fcndet sich auf der Bibel und dem lutherischen Bekenntnis. Die zentrale Grundlage der Glaubensbewegung ist, dass die Bibel als h\u00f6chste Autorit\u00e4t in Glaubens- und Lebensfragen angesehen wird und alle anderen Lehren anhand der Bibel gepr\u00fcft werden sollen. Wir denken auf die gleiche Weise wie Martin Luther, dass der Mensch allein durch den Glauben, allein durch die Gnade und allein durch Jesus Christus selig, und vor Gott gerecht und gut werden kann.<\/p>\n<p>In den Predigten und anderen Lehren der Laestadianer steht die Botschaft \u00fcber die Vergebung der S\u00fcnden durch Jesus im Mittelpunkt. Er befreit durch sein Leiden, seinen Tod und seine Auferstehung die Menschen von ihren S\u00fcnden. Durch den Glauben wird der Mensch an dieser S\u00fchnearbeit teilhaftig, aber ohne Glauben ist es unm\u00f6glich, Gott zu gefallen. Der Glaube kommt vom H\u00f6ren und Empfangen der Vergebung im Wort Gottes. Es ist voll und ganz Gottes Arbeit im Menschen, nicht des Menschen eigener Verdienst oder seine eigene Leistung. Nach der Bibel wird der Glaube jedoch im Leben des Menschens durch Taten der N\u00e4chstenliebe und Fr\u00fcchte des Heiligen Geistes sichtbar.<\/p>\n<p>Wie auch das lutherische Bekenntnis lehrt, glauben wir, dass die Arbeit Christi in der Welt durch den heiligen Geist in seiner Gemeinde fortgesetzt wird. Jesus hat seinen J\u00fcngern die Aufgabe und die Vollmacht gegeben, anderen Menschen ihre S\u00fcnden zu vergeben. Wir glauben, dass diese Aufgabe und diese Vollmacht f\u00fcr alle Anh\u00e4nger Jesu, die gl\u00e4ubigen Menschen, zu allen Zeiten gilt. Deswegen predigen wir gem\u00e4\u00df dem Missionsauftrag allen Menschen das Evangelium, die frohe Botschaft von Jesus Christus. Der Kern des Evangeliums ist die Versprechung, dass alle S\u00fcnden in Jesu Namen und Blut vergeben sind. Wer dies glaubt, dem sind durch Gottes Gnade alle seine S\u00fcnden vergeben. So nimmt Gott den Menschen durch den Heiligen Geist in seiner Gemeinde an.<\/p>\n<p>Unsere zentralen Glaubensvorstellungen<\/p>\n<p>Der Glaube ist ein Geschenk Gottes, die auf der S\u00fchnearbeit Christi basiert. Gott gibt dieses Geschenk jedem Kind durch seine Gnade. Das Kind glaubt und ist deswegen gerecht und gut vor Gott, auch wenn es davon noch nichts versteht. Der Glaube stirbt, wenn er nicht in der Verbindung mit der Gemeinde Gottes gepflegt wird. Ein Mensch, der seinen Kindesglauben verloren hat, sollte Busse tun, sich zu Gott kehren, damit er wieder in einer Verbindung mit Gott leben kann.<\/p>\n<p>Die Taufe ist der Bund des guten Gewissens mit Gott. In diesem Sakrament wird ein gl\u00e4ubiger Mensch, ein Kind oder ein Erwachsener, in der Pflege der Gemeinde Gottes aufgenommen. Die Taufe beruft und verpflichtet den Getauften als gl\u00e4ubigen Menschen in der Verbindung mit der Gemeinde zu leben, sowie seine Eltern und Paten dem Getauften alles zu lehren, was Jesus befohlen hat.<\/p>\n<p>Die Beichte ist eine Gesinnungs\u00e4nderung. Darin bittet ein bereuender Mensch um eine S\u00fcndenvergebung und ein gl\u00e4ubiger Mensch spricht sie ihm durch die Vollmacht Gottes und Jesu zu. Das Wesentliche in der Bu\u00dfe ist, dass der bereuende Mensch die ihm zugesprochene S\u00fcndenvergebung durch den Glauben empf\u00e4ngt. Der eigentliche S\u00fcndenvergeber ist Gott, der durch den gl\u00e4ubigen Menschen t\u00e4tig ist und dadurch den Bereuenden vor Gott gerecht und gut macht. Zur Beichte geh\u00f6rt auch, dass der bereuende Mensch sich von den S\u00fcnden abwendet und sie hinter ihm l\u00e4sst.<\/p>\n<p>Das heilige Abendmal ist ein Andachtsmahl, das Jesus angefangen hat. Nach der Lehre Luthers erfordert das heilige Abendmahl ein gl\u00e4ubiges Herz und ist zur St\u00e4rkung des Glaubens gedacht. Das Wesentliche in diesem Sakrament ist, dass der Gast beim heiligen Abendmahl daran glaubt, dass er den Leib und Blut Christi darin genie\u00dft. Die Teilnahme am heiligen Abendmahl geh\u00f6rt auch zur Pflege des Glaubenslebens.<\/p>\n<p>Die Wanderung geh\u00f6rt zum Glaubensleben eines jeden Christen. Die Wanderung bedeutet, dass ein gl\u00e4ubiger Mensch versucht, alles vermeiden, das ihn weiter weg von Gott f\u00fchren und dadurch seinen Glauben gef\u00e4hrden w\u00fcrde. Zur Wanderung geh\u00f6rt die Pflege des Glaubenslebens mit Hilfe folgender Mittel: das H\u00f6ren des Wortes Gottes, das heilige Abendmahl, die Verbindung mit anderen Christen, die Bitte um S\u00fcndenvergebung sowie die Beichte. Die Wanderung ist keine eigene Tat eines Christen, sondern Gott beeinflusst in ihm den Willen und gibt ihm Kraft dazu das Wort Gottes zu befolgen.<\/p>\n<p>Die Bitte um Vergebung und die S\u00fcndenvergebung sind ein wichtiger Teil der Pflege des Glaubenslebens. Der Glaube empfiehlt uns immer dann um die S\u00fcndenvergebung zu bitten, wenn wir gegen den Willen Gottes oder gegen einen anderen Menschen gehandelt haben. Wir sollten auch anderen Gl\u00e4ubigen die Vergebung ihrer S\u00fcnden predigen, insbesondere dann wenn sie uns darum bitten. In der S\u00fcndenvergebung geht es nicht nur um eine zwischenmenschliche Vers\u00f6hnung, sondern wir glauben, dass auch Gott uns darin unsere S\u00fcnden vergibt.<\/p>\n<p>Die Beichte bedeutet, dass ein gl\u00e4ubiger Mensch seine S\u00fcnden einem anderen Gl\u00e4ubigen bekennt, und dieser ihm die S\u00fcndenvergebung durch die Vollmacht Gottes zuspricht. Die Beichte ist eine freiwillige und vertrauliche Sache. Dazu geh\u00f6rt wesentlich der Wille, die S\u00fcnden hinter sich zu lassen. Wichtig ist, dass das Gebeichtete nicht weitererz\u00e4hlt wird und vertraulich. Wenn es aber um ein Verbrechen gegen das Gesetz geht, sollten die beiden auch daf\u00fcr sorgen , dass die Beh\u00f6rden \u00fcber das Verbrechen erfahren und der Beichtende seine Strafe daf\u00fcr bekommt.<\/p>\n<p>Die Gemeinde Christi ist eine Gemeinschaft der Gl\u00e4ubigen auf der Erde, die der heilige Geist versammelt hat und zusammen h\u00e4lt. Darin haben die Gl\u00e4ubigen eine lebendige Beziehung zu Christus und zueinander. Die Gemeinde ist in erster Linie keine \u00e4u\u00dfere Gemeinschaft, sondern der pers\u00f6nliche Herzensglaube verbindet ihre Mitglieder miteinander. Eine a\u00fc\u00dfere Verbindung entsteht dadurch, dass die Mitglieder der Gemeinde in demselben Glauben wandern.<\/p>\n<p>Das Reich Gottes hat zwei Teile. Es besteht aus der wandernden Gemeinde auf der Erde und der angekommenen Gemeinde im Himmel. Alle, die auf Erden bis zum Ende ihres Lebens in der wandernden Gemeinde bleiben konnten, kommen an und jubeln im Himmel mit allen Angekommenen.<\/p>\n","protected":false},"excerpt":{"rendered":"<p>Der Glaube und die Lehre der Leastadianer begr\u00fcndet sich auf der Bibel und dem lutherischen<a class=\"moretag\" href=\"https:\/\/www.suviseurat.fi/2024\/de\/die-sommerversammlung\/ueber-unseren-glauben-so-glauben-wir\/\">Jatka lukemista ><\/a><\/p>\n","protected":false},"author":19,"featured_media":0,"parent":20282,"menu_order":3,"comment_status":"closed","ping_status":"closed","template":"","meta":{"_acf_changed":false,"footnotes":""},"class_list":["post-20289","page","type-page","status-publish","hentry"],"acf":[],"yoast_head":"<!-- This site is optimized with the Yoast SEO plugin v23.3 - https:\/\/yoast.com\/wordpress\/plugins\/seo\/ -->\n<title>\u00dcber unseren Glauben \u2013 so glauben wir<\/title>\n<meta name=\"description\" content=\"Die Lehre des Altlestadianismus st\u00fctzt sich auf die Bibel und das lutherische Bekenntnis. Im Mittelpunkt steht die Predigt \u00fcber das Leiden, den Tod und die Auferstehung Jesu. Wir lehren, dass Gott die Menschen durch den Heiligen Geist in seiner Kirche rechtfertigt. Das Herzst\u00fcck des Evangeliums ist die Absolution.\" \/>\n<meta name=\"robots\" content=\"index, follow, max-snippet:-1, max-image-preview:large, max-video-preview:-1\" \/>\n<link rel=\"canonical\" href=\"https:\/\/www.suviseurat.fi/2024\/de\/die-sommerversammlung\/ueber-unseren-glauben-so-glauben-wir\/\" \/>\n<meta property=\"og:locale\" content=\"de_DE\" \/>\n<meta property=\"og:type\" content=\"article\" \/>\n<meta property=\"og:title\" content=\"\u00dcber unseren Glauben \u2013 so glauben wir\" \/>\n<meta property=\"og:description\" content=\"Die Lehre des Altlestadianismus st\u00fctzt sich auf die Bibel und das lutherische Bekenntnis. Im Mittelpunkt steht die Predigt \u00fcber das Leiden, den Tod und die Auferstehung Jesu. Wir lehren, dass Gott die Menschen durch den Heiligen Geist in seiner Kirche rechtfertigt. Das Herzst\u00fcck des Evangeliums ist die Absolution.\" \/>\n<meta property=\"og:url\" content=\"https:\/\/www.suviseurat.fi/2024\/de\/die-sommerversammlung\/ueber-unseren-glauben-so-glauben-wir\/\" \/>\n<meta property=\"og:site_name\" content=\"SRK:n Suviseurat Pudasj\u00e4rvell\u00e4 2024\" \/>\n<meta property=\"article:publisher\" content=\"https:\/\/www.facebook.com\/SRKryNyt\/\" \/>\n<meta property=\"article:modified_time\" content=\"2024-06-10T16:50:50+00:00\" \/>\n<meta name=\"twitter:card\" content=\"summary_large_image\" \/>\n<meta name=\"twitter:site\" content=\"@Suviseurat\" \/>\n<meta name=\"twitter:label1\" content=\"Gesch\u00e4tzte Lesezeit\" \/>\n\t<meta name=\"twitter:data1\" content=\"5 minutes\" \/>\n<script type=\"application\/ld+json\" class=\"yoast-schema-graph\">{\"@context\":\"https:\/\/schema.org\",\"@graph\":[{\"@type\":\"WebPage\",\"@id\":\"https:\/\/www.suviseurat.fi/2024\/de\/die-sommerversammlung\/ueber-unseren-glauben-so-glauben-wir\/\",\"url\":\"https:\/\/www.suviseurat.fi/2024\/de\/die-sommerversammlung\/ueber-unseren-glauben-so-glauben-wir\/\",\"name\":\"\u00dcber unseren Glauben \u2013 so glauben wir\",\"isPartOf\":{\"@id\":\"https:\/\/www.suviseurat.fi/2024\/#website\"},\"datePublished\":\"2018-02-02T19:59:59+00:00\",\"dateModified\":\"2024-06-10T16:50:50+00:00\",\"description\":\"Die Lehre des Altlestadianismus st\u00fctzt sich auf die Bibel und das lutherische Bekenntnis. Im Mittelpunkt steht die Predigt \u00fcber das Leiden, den Tod und die Auferstehung Jesu. Wir lehren, dass Gott die Menschen durch den Heiligen Geist in seiner Kirche rechtfertigt. Das Herzst\u00fcck des Evangeliums ist die Absolution.\",\"breadcrumb\":{\"@id\":\"https:\/\/www.suviseurat.fi/2024\/de\/die-sommerversammlung\/ueber-unseren-glauben-so-glauben-wir\/#breadcrumb\"},\"inLanguage\":\"de-DE\",\"potentialAction\":[{\"@type\":\"ReadAction\",\"target\":[\"https:\/\/www.suviseurat.fi/2024\/de\/die-sommerversammlung\/ueber-unseren-glauben-so-glauben-wir\/\"]}]},{\"@type\":\"BreadcrumbList\",\"@id\":\"https:\/\/www.suviseurat.fi/2024\/de\/die-sommerversammlung\/ueber-unseren-glauben-so-glauben-wir\/#breadcrumb\",\"itemListElement\":[{\"@type\":\"ListItem\",\"position\":1,\"name\":\"Etusivu\",\"item\":\"https:\/\/www.suviseurat.fi/2024\/de\/\"},{\"@type\":\"ListItem\",\"position\":2,\"name\":\"Die Sommerversammlung\",\"item\":\"https:\/\/www.suviseurat.fi/2024\/de\/die-sommerversammlung\/\"},{\"@type\":\"ListItem\",\"position\":3,\"name\":\"\u00dcber unseren Glauben \u2013 so glauben wir\"}]},{\"@type\":\"WebSite\",\"@id\":\"https:\/\/www.suviseurat.fi/2024\/#website\",\"url\":\"https:\/\/www.suviseurat.fi/2024\/\",\"name\":\"SRK:n Suviseurat Pudasj\u00e4rvell\u00e4 2024\",\"description\":\"Olenko min\u00e4 sinulle rakas?\",\"publisher\":{\"@id\":\"https:\/\/www.suviseurat.fi/2024\/#organization\"},\"potentialAction\":[{\"@type\":\"SearchAction\",\"target\":{\"@type\":\"EntryPoint\",\"urlTemplate\":\"https:\/\/www.suviseurat.fi/2024\/?s={search_term_string}\"},\"query-input\":\"required name=search_term_string\"}],\"inLanguage\":\"de-DE\"},{\"@type\":\"Organization\",\"@id\":\"https:\/\/www.suviseurat.fi/2024\/#organization\",\"name\":\"Suviseurat\",\"url\":\"https:\/\/www.suviseurat.fi/2024\/\",\"logo\":{\"@type\":\"ImageObject\",\"inLanguage\":\"de-DE\",\"@id\":\"https:\/\/www.suviseurat.fi/2024\/#\/schema\/logo\/image\/\",\"url\":\"https:\/\/www.suviseurat.fi/2024\/wp-content\/uploads\/2023\/10\/tunnus-nelio.jpg\",\"contentUrl\":\"https:\/\/www.suviseurat.fi/2024\/wp-content\/uploads\/2023\/10\/tunnus-nelio.jpg\",\"width\":1000,\"height\":1000,\"caption\":\"Suviseurat\"},\"image\":{\"@id\":\"https:\/\/www.suviseurat.fi/2024\/#\/schema\/logo\/image\/\"},\"sameAs\":[\"https:\/\/www.facebook.com\/SRKryNyt\/\",\"https:\/\/x.com\/Suviseurat\",\"https:\/\/www.facebook.com\/srksuviseurat\/\",\"https:\/\/www.youtube.com\/@SRKnyt\",\"https:\/\/www.instagram.com\/srk_nyt\/\",\"https:\/\/www.flickr.com\/photos\/suviseurat\"]}]}<\/script>\n<!-- \/ Yoast SEO plugin. -->","yoast_head_json":{"title":"\u00dcber unseren Glauben \u2013 so glauben wir","description":"Die Lehre des Altlestadianismus st\u00fctzt sich auf die Bibel und das lutherische Bekenntnis. Im Mittelpunkt steht die Predigt \u00fcber das Leiden, den Tod und die Auferstehung Jesu. Wir lehren, dass Gott die Menschen durch den Heiligen Geist in seiner Kirche rechtfertigt. Das Herzst\u00fcck des Evangeliums ist die Absolution.","robots":{"index":"index","follow":"follow","max-snippet":"max-snippet:-1","max-image-preview":"max-image-preview:large","max-video-preview":"max-video-preview:-1"},"canonical":"https:\/\/www.suviseurat.fi/2024\/de\/die-sommerversammlung\/ueber-unseren-glauben-so-glauben-wir\/","og_locale":"de_DE","og_type":"article","og_title":"\u00dcber unseren Glauben \u2013 so glauben wir","og_description":"Die Lehre des Altlestadianismus st\u00fctzt sich auf die Bibel und das lutherische Bekenntnis. Im Mittelpunkt steht die Predigt \u00fcber das Leiden, den Tod und die Auferstehung Jesu. Wir lehren, dass Gott die Menschen durch den Heiligen Geist in seiner Kirche rechtfertigt. Das Herzst\u00fcck des Evangeliums ist die Absolution.","og_url":"https:\/\/www.suviseurat.fi/2024\/de\/die-sommerversammlung\/ueber-unseren-glauben-so-glauben-wir\/","og_site_name":"SRK:n Suviseurat Pudasj\u00e4rvell\u00e4 2024","article_publisher":"https:\/\/www.facebook.com\/SRKryNyt\/","article_modified_time":"2024-06-10T16:50:50+00:00","twitter_card":"summary_large_image","twitter_site":"@Suviseurat","twitter_misc":{"Gesch\u00e4tzte Lesezeit":"5 minutes"},"schema":{"@context":"https:\/\/schema.org","@graph":[{"@type":"WebPage","@id":"https:\/\/www.suviseurat.fi/2024\/de\/die-sommerversammlung\/ueber-unseren-glauben-so-glauben-wir\/","url":"https:\/\/www.suviseurat.fi/2024\/de\/die-sommerversammlung\/ueber-unseren-glauben-so-glauben-wir\/","name":"\u00dcber unseren Glauben \u2013 so glauben wir","isPartOf":{"@id":"https:\/\/www.suviseurat.fi/2024\/#website"},"datePublished":"2018-02-02T19:59:59+00:00","dateModified":"2024-06-10T16:50:50+00:00","description":"Die Lehre des Altlestadianismus st\u00fctzt sich auf die Bibel und das lutherische Bekenntnis. Im Mittelpunkt steht die Predigt \u00fcber das Leiden, den Tod und die Auferstehung Jesu. Wir lehren, dass Gott die Menschen durch den Heiligen Geist in seiner Kirche rechtfertigt. Das Herzst\u00fcck des Evangeliums ist die Absolution.","breadcrumb":{"@id":"https:\/\/www.suviseurat.fi/2024\/de\/die-sommerversammlung\/ueber-unseren-glauben-so-glauben-wir\/#breadcrumb"},"inLanguage":"de-DE","potentialAction":[{"@type":"ReadAction","target":["https:\/\/www.suviseurat.fi/2024\/de\/die-sommerversammlung\/ueber-unseren-glauben-so-glauben-wir\/"]}]},{"@type":"BreadcrumbList","@id":"https:\/\/www.suviseurat.fi/2024\/de\/die-sommerversammlung\/ueber-unseren-glauben-so-glauben-wir\/#breadcrumb","itemListElement":[{"@type":"ListItem","position":1,"name":"Etusivu","item":"https:\/\/www.suviseurat.fi/2024\/de\/"},{"@type":"ListItem","position":2,"name":"Die Sommerversammlung","item":"https:\/\/www.suviseurat.fi/2024\/de\/die-sommerversammlung\/"},{"@type":"ListItem","position":3,"name":"\u00dcber unseren Glauben \u2013 so glauben wir"}]},{"@type":"WebSite","@id":"https:\/\/www.suviseurat.fi/2024\/#website","url":"https:\/\/www.suviseurat.fi/2024\/","name":"SRK:n Suviseurat Pudasj\u00e4rvell\u00e4 2024","description":"Olenko min\u00e4 sinulle rakas?","publisher":{"@id":"https:\/\/www.suviseurat.fi/2024\/#organization"},"potentialAction":[{"@type":"SearchAction","target":{"@type":"EntryPoint","urlTemplate":"https:\/\/www.suviseurat.fi/2024\/?s={search_term_string}"},"query-input":"required name=search_term_string"}],"inLanguage":"de-DE"},{"@type":"Organization","@id":"https:\/\/www.suviseurat.fi/2024\/#organization","name":"Suviseurat","url":"https:\/\/www.suviseurat.fi/2024\/","logo":{"@type":"ImageObject","inLanguage":"de-DE","@id":"https:\/\/www.suviseurat.fi/2024\/#\/schema\/logo\/image\/","url":"https:\/\/www.suviseurat.fi/2024\/wp-content\/uploads\/2023\/10\/tunnus-nelio.jpg","contentUrl":"https:\/\/www.suviseurat.fi/2024\/wp-content\/uploads\/2023\/10\/tunnus-nelio.jpg","width":1000,"height":1000,"caption":"Suviseurat"},"image":{"@id":"https:\/\/www.suviseurat.fi/2024\/#\/schema\/logo\/image\/"},"sameAs":["https:\/\/www.facebook.com\/SRKryNyt\/","https:\/\/x.com\/Suviseurat","https:\/\/www.facebook.com\/srksuviseurat\/","https:\/\/www.youtube.com\/@SRKnyt","https:\/\/www.instagram.com\/srk_nyt\/","https:\/\/www.flickr.com\/photos\/suviseurat"]}]}},"_links":{"self":[{"href":"https:\/\/www.suviseurat.fi/2024\/de\/wp-json\/wp\/v2\/pages\/20289"}],"collection":[{"href":"https:\/\/www.suviseurat.fi/2024\/de\/wp-json\/wp\/v2\/pages"}],"about":[{"href":"https:\/\/www.suviseurat.fi/2024\/de\/wp-json\/wp\/v2\/types\/page"}],"author":[{"embeddable":true,"href":"https:\/\/www.suviseurat.fi/2024\/de\/wp-json\/wp\/v2\/users\/19"}],"replies":[{"embeddable":true,"href":"https:\/\/www.suviseurat.fi/2024\/de\/wp-json\/wp\/v2\/comments?post=20289"}],"version-history":[{"count":1,"href":"https:\/\/www.suviseurat.fi/2024\/de\/wp-json\/wp\/v2\/pages\/20289\/revisions"}],"predecessor-version":[{"id":20291,"href":"https:\/\/www.suviseurat.fi/2024\/de\/wp-json\/wp\/v2\/pages\/20289\/revisions\/20291"}],"up":[{"embeddable":true,"href":"https:\/\/www.suviseurat.fi/2024\/de\/wp-json\/wp\/v2\/pages\/20282"}],"wp:attachment":[{"href":"https:\/\/www.suviseurat.fi/2024\/de\/wp-json\/wp\/v2\/media?parent=20289"}],"curies":[{"name":"wp","href":"https:\/\/api.w.org\/{rel}","templated":true}]}}