{"id":20292,"date":"2022-06-11T12:00:00","date_gmt":"2022-06-11T09:00:00","guid":{"rendered":"https:\/\/www.suviseurat.fi/2024\/dienstleistungen\/"},"modified":"2024-06-22T13:05:57","modified_gmt":"2024-06-22T10:05:57","slug":"dienstleistungen","status":"publish","type":"page","link":"https:\/\/www.suviseurat.fi/2024\/de\/dienstleistungen\/","title":{"rendered":"Dienstleistungen"},"content":{"rendered":"\n<div class=\"wp-block-group\"><div class=\"wp-block-group__inner-container is-layout-flow wp-block-group-is-layout-flow\">\n<p><strong>Unterkunft<\/strong><\/p>\n\n\n\n<p>Auf dem Gel\u00e4nde k\u00f6nnen Sie in ihrem eigenen Zelt, H\u00e4ngematte oder in einem Wohnmobil oder Wohnwagen unterkommen. Zus\u00e4tzlich besteht die M\u00f6glichkeit in den umliegenden Schulen zu \u00fcbernachten. Daf\u00fcr sollte man eine eigene Matte und einen Schlafsack mitbringen. Zu den Schulh\u00e4usern wird auch eine Busverbindung bestehen. Mehr Informationen und Reservation der Unterk\u00fcnfte w\u00e4hrend der Versammlungen finden Sie im Unterkunftsb\u00fcro. (\u00d6ffnungszeiten: Mittwoch: 19-22, Freitag-Sonntag: 9-22, Montag 9-14)<\/p>\n\n\n\n<p><strong>Verpflegung<\/strong><\/p>\n\n\n\n<p>Essen k\u00f6nnen Sie an der Sommerversammlung im Restaurant auf dem Gel\u00e4nde. Es gibt Fischsuppe, Gem\u00fcsesuppe, Fleischsuppe, Spaghetti, Reisbrei, Haferbrei, Salat usw. Auch glutenfreie oder laktosefreie und vegetarische Gerichte stehen auf dem Menu. Ebenso kann man einen kleinen Lebensmitteladen finden. Abends kann man Pizza und gegrillte W\u00fcrste vom Stand kaufen. S\u00fcssigkeiten- und Eisst\u00e4nde, sowie Kaffeest\u00e4nde gibt es ebenfalls.<\/p>\n\n\n\n<p><strong>F\u00fcrbitten<\/strong><\/p>\n\n\n\n<p>An der Sommerversammlung gibt es die M\u00f6glichkeit, um die F\u00fcrbitte der Gemeinde zu bitten. Die F\u00fcrbitten werden anonym im Gebet vorgelesen. Sie finden den F\u00fcrbittenkasten neben der Sakristei. Wenn Sie Ihre F\u00fcrbitte hinterlassen, haben Sie auch die M\u00f6glichkeit zu einem pers\u00f6nlichen und vertraulichen Gespr\u00e4ch. F\u00fcrbitten k\u00f6nnen nur vor Ort hinterlassen werden.<\/p>\n\n\n\n<p><strong>\u00d6ffentlicher Verkehr<\/strong><\/p>\n\n\n\n<p>Der Busverkehr zwischen der Bushaltestelle der Sommerversammlung und dem Bahnhof verkehrt nach Fahrplan. Genauere Fahrpl\u00e4ne und Preise finden Sie auf der Website der Sommerversammlung. Bezahlung auch mit MobilePay m\u00f6glich.<\/p>\n\n\n\n<p><strong>International Services<\/strong><\/p>\n\n\n\n<p>Auf der Sommerversammlung gibt es eine eigene Stelle f\u00fcr internationale G\u00e4ste. Es ist ein Versammlungsort und eine Stelle, bei der sich internationale G\u00e4ste \u00fcber den Glauben informieren k\u00f6nnen. Dazu kann man dort auch Radioger\u00e4te ausleihen, mit denen man die gedolmetschten Predigten live auf dem Gel\u00e4nde h\u00f6ren kann.<\/p>\n\n\n\n<p><strong>Notrufnummern<\/strong><\/p>\n\n\n\n<p>Auf dem Gel\u00e4nde hat es eine Apotheke und eine Notfallstelle, die rund um die Uhr ge\u00f6ffnet ist. Die Notfallstelle kann \u00fcber die \u00fcbliche Notfallnummer 112 erreicht und zur Stelle gerufen werden.<\/p>\n<\/div><\/div>\n","protected":false},"excerpt":{"rendered":"<p>Unterkunft Auf dem Gel\u00e4nde k\u00f6nnen Sie in ihrem eigenen Zelt, H\u00e4ngematte oder in einem Wohnmobil<a class=\"moretag\" href=\"https:\/\/www.suviseurat.fi/2024\/de\/dienstleistungen\/\">Jatka lukemista ><\/a><\/p>\n","protected":false},"author":19,"featured_media":0,"parent":0,"menu_order":5,"comment_status":"closed","ping_status":"closed","template":"","meta":{"_acf_changed":false,"footnotes":""},"class_list":["post-20292","page","type-page","status-publish","hentry"],"acf":[],"yoast_head":"<!-- This site is optimized with the Yoast SEO plugin v23.3 - https:\/\/yoast.com\/wordpress\/plugins\/seo\/ -->\n<title>Dienstleistungen - SRK:n Suviseurat Pudasj\u00e4rvell\u00e4 2024<\/title>\n<meta name=\"description\" content=\"Unterkunft Auf dem Gel\u00e4nde k\u00f6nnen Sie in ihrem eigenen Zelt, H\u00e4ngematte oder in einem Wohnmobil oder Wohnwagen unterkommen. Zus\u00e4tzlich besteht die\" \/>\n<meta name=\"robots\" content=\"index, follow, max-snippet:-1, max-image-preview:large, max-video-preview:-1\" \/>\n<link rel=\"canonical\" href=\"https:\/\/www.suviseurat.fi/2024\/de\/dienstleistungen\/\" \/>\n<meta property=\"og:locale\" content=\"de_DE\" \/>\n<meta property=\"og:type\" content=\"article\" \/>\n<meta property=\"og:title\" content=\"Dienstleistungen - SRK:n Suviseurat Pudasj\u00e4rvell\u00e4 2024\" \/>\n<meta property=\"og:description\" content=\"Unterkunft Auf dem Gel\u00e4nde k\u00f6nnen Sie in ihrem eigenen Zelt, H\u00e4ngematte oder in einem Wohnmobil oder Wohnwagen unterkommen. Zus\u00e4tzlich besteht die\" \/>\n<meta property=\"og:url\" content=\"https:\/\/www.suviseurat.fi/2024\/de\/dienstleistungen\/\" \/>\n<meta property=\"og:site_name\" content=\"SRK:n Suviseurat Pudasj\u00e4rvell\u00e4 2024\" \/>\n<meta property=\"article:publisher\" content=\"https:\/\/www.facebook.com\/SRKryNyt\/\" \/>\n<meta property=\"article:modified_time\" content=\"2024-06-22T10:05:57+00:00\" \/>\n<meta name=\"twitter:card\" content=\"summary_large_image\" \/>\n<meta name=\"twitter:site\" content=\"@Suviseurat\" \/>\n<meta name=\"twitter:label1\" content=\"Gesch\u00e4tzte Lesezeit\" \/>\n\t<meta name=\"twitter:data1\" content=\"2 minutes\" \/>\n<script type=\"application\/ld+json\" class=\"yoast-schema-graph\">{\"@context\":\"https:\/\/schema.org\",\"@graph\":[{\"@type\":\"WebPage\",\"@id\":\"https:\/\/www.suviseurat.fi/2024\/de\/dienstleistungen\/\",\"url\":\"https:\/\/www.suviseurat.fi/2024\/de\/dienstleistungen\/\",\"name\":\"Dienstleistungen - SRK:n Suviseurat Pudasj\u00e4rvell\u00e4 2024\",\"isPartOf\":{\"@id\":\"https:\/\/www.suviseurat.fi/2024\/#website\"},\"datePublished\":\"2022-06-11T09:00:00+00:00\",\"dateModified\":\"2024-06-22T10:05:57+00:00\",\"description\":\"Unterkunft Auf dem Gel\u00e4nde k\u00f6nnen Sie in ihrem eigenen Zelt, H\u00e4ngematte oder in einem Wohnmobil oder Wohnwagen unterkommen. Zus\u00e4tzlich besteht die\",\"breadcrumb\":{\"@id\":\"https:\/\/www.suviseurat.fi/2024\/de\/dienstleistungen\/#breadcrumb\"},\"inLanguage\":\"de-DE\",\"potentialAction\":[{\"@type\":\"ReadAction\",\"target\":[\"https:\/\/www.suviseurat.fi/2024\/de\/dienstleistungen\/\"]}]},{\"@type\":\"BreadcrumbList\",\"@id\":\"https:\/\/www.suviseurat.fi/2024\/de\/dienstleistungen\/#breadcrumb\",\"itemListElement\":[{\"@type\":\"ListItem\",\"position\":1,\"name\":\"Etusivu\",\"item\":\"https:\/\/www.suviseurat.fi/2024\/de\/\"},{\"@type\":\"ListItem\",\"position\":2,\"name\":\"Dienstleistungen\"}]},{\"@type\":\"WebSite\",\"@id\":\"https:\/\/www.suviseurat.fi/2024\/#website\",\"url\":\"https:\/\/www.suviseurat.fi/2024\/\",\"name\":\"SRK:n Suviseurat Pudasj\u00e4rvell\u00e4 2024\",\"description\":\"Olenko min\u00e4 sinulle rakas?\",\"publisher\":{\"@id\":\"https:\/\/www.suviseurat.fi/2024\/#organization\"},\"potentialAction\":[{\"@type\":\"SearchAction\",\"target\":{\"@type\":\"EntryPoint\",\"urlTemplate\":\"https:\/\/www.suviseurat.fi/2024\/?s={search_term_string}\"},\"query-input\":\"required name=search_term_string\"}],\"inLanguage\":\"de-DE\"},{\"@type\":\"Organization\",\"@id\":\"https:\/\/www.suviseurat.fi/2024\/#organization\",\"name\":\"Suviseurat\",\"url\":\"https:\/\/www.suviseurat.fi/2024\/\",\"logo\":{\"@type\":\"ImageObject\",\"inLanguage\":\"de-DE\",\"@id\":\"https:\/\/www.suviseurat.fi/2024\/#\/schema\/logo\/image\/\",\"url\":\"https:\/\/www.suviseurat.fi/2024\/wp-content\/uploads\/2023\/10\/tunnus-nelio.jpg\",\"contentUrl\":\"https:\/\/www.suviseurat.fi/2024\/wp-content\/uploads\/2023\/10\/tunnus-nelio.jpg\",\"width\":1000,\"height\":1000,\"caption\":\"Suviseurat\"},\"image\":{\"@id\":\"https:\/\/www.suviseurat.fi/2024\/#\/schema\/logo\/image\/\"},\"sameAs\":[\"https:\/\/www.facebook.com\/SRKryNyt\/\",\"https:\/\/x.com\/Suviseurat\",\"https:\/\/www.facebook.com\/srksuviseurat\/\",\"https:\/\/www.youtube.com\/@SRKnyt\",\"https:\/\/www.instagram.com\/srk_nyt\/\",\"https:\/\/www.flickr.com\/photos\/suviseurat\"]}]}<\/script>\n<!-- \/ Yoast SEO plugin. -->","yoast_head_json":{"title":"Dienstleistungen - SRK:n Suviseurat Pudasj\u00e4rvell\u00e4 2024","description":"Unterkunft Auf dem Gel\u00e4nde k\u00f6nnen Sie in ihrem eigenen Zelt, H\u00e4ngematte oder in einem Wohnmobil oder Wohnwagen unterkommen. Zus\u00e4tzlich besteht die","robots":{"index":"index","follow":"follow","max-snippet":"max-snippet:-1","max-image-preview":"max-image-preview:large","max-video-preview":"max-video-preview:-1"},"canonical":"https:\/\/www.suviseurat.fi/2024\/de\/dienstleistungen\/","og_locale":"de_DE","og_type":"article","og_title":"Dienstleistungen - SRK:n Suviseurat Pudasj\u00e4rvell\u00e4 2024","og_description":"Unterkunft Auf dem Gel\u00e4nde k\u00f6nnen Sie in ihrem eigenen Zelt, H\u00e4ngematte oder in einem Wohnmobil oder Wohnwagen unterkommen. Zus\u00e4tzlich besteht die","og_url":"https:\/\/www.suviseurat.fi/2024\/de\/dienstleistungen\/","og_site_name":"SRK:n Suviseurat Pudasj\u00e4rvell\u00e4 2024","article_publisher":"https:\/\/www.facebook.com\/SRKryNyt\/","article_modified_time":"2024-06-22T10:05:57+00:00","twitter_card":"summary_large_image","twitter_site":"@Suviseurat","twitter_misc":{"Gesch\u00e4tzte Lesezeit":"2 minutes"},"schema":{"@context":"https:\/\/schema.org","@graph":[{"@type":"WebPage","@id":"https:\/\/www.suviseurat.fi/2024\/de\/dienstleistungen\/","url":"https:\/\/www.suviseurat.fi/2024\/de\/dienstleistungen\/","name":"Dienstleistungen - SRK:n Suviseurat Pudasj\u00e4rvell\u00e4 2024","isPartOf":{"@id":"https:\/\/www.suviseurat.fi/2024\/#website"},"datePublished":"2022-06-11T09:00:00+00:00","dateModified":"2024-06-22T10:05:57+00:00","description":"Unterkunft Auf dem Gel\u00e4nde k\u00f6nnen Sie in ihrem eigenen Zelt, H\u00e4ngematte oder in einem Wohnmobil oder Wohnwagen unterkommen. Zus\u00e4tzlich besteht die","breadcrumb":{"@id":"https:\/\/www.suviseurat.fi/2024\/de\/dienstleistungen\/#breadcrumb"},"inLanguage":"de-DE","potentialAction":[{"@type":"ReadAction","target":["https:\/\/www.suviseurat.fi/2024\/de\/dienstleistungen\/"]}]},{"@type":"BreadcrumbList","@id":"https:\/\/www.suviseurat.fi/2024\/de\/dienstleistungen\/#breadcrumb","itemListElement":[{"@type":"ListItem","position":1,"name":"Etusivu","item":"https:\/\/www.suviseurat.fi/2024\/de\/"},{"@type":"ListItem","position":2,"name":"Dienstleistungen"}]},{"@type":"WebSite","@id":"https:\/\/www.suviseurat.fi/2024\/#website","url":"https:\/\/www.suviseurat.fi/2024\/","name":"SRK:n Suviseurat Pudasj\u00e4rvell\u00e4 2024","description":"Olenko min\u00e4 sinulle rakas?","publisher":{"@id":"https:\/\/www.suviseurat.fi/2024\/#organization"},"potentialAction":[{"@type":"SearchAction","target":{"@type":"EntryPoint","urlTemplate":"https:\/\/www.suviseurat.fi/2024\/?s={search_term_string}"},"query-input":"required name=search_term_string"}],"inLanguage":"de-DE"},{"@type":"Organization","@id":"https:\/\/www.suviseurat.fi/2024\/#organization","name":"Suviseurat","url":"https:\/\/www.suviseurat.fi/2024\/","logo":{"@type":"ImageObject","inLanguage":"de-DE","@id":"https:\/\/www.suviseurat.fi/2024\/#\/schema\/logo\/image\/","url":"https:\/\/www.suviseurat.fi/2024\/wp-content\/uploads\/2023\/10\/tunnus-nelio.jpg","contentUrl":"https:\/\/www.suviseurat.fi/2024\/wp-content\/uploads\/2023\/10\/tunnus-nelio.jpg","width":1000,"height":1000,"caption":"Suviseurat"},"image":{"@id":"https:\/\/www.suviseurat.fi/2024\/#\/schema\/logo\/image\/"},"sameAs":["https:\/\/www.facebook.com\/SRKryNyt\/","https:\/\/x.com\/Suviseurat","https:\/\/www.facebook.com\/srksuviseurat\/","https:\/\/www.youtube.com\/@SRKnyt","https:\/\/www.instagram.com\/srk_nyt\/","https:\/\/www.flickr.com\/photos\/suviseurat"]}]}},"_links":{"self":[{"href":"https:\/\/www.suviseurat.fi/2024\/de\/wp-json\/wp\/v2\/pages\/20292"}],"collection":[{"href":"https:\/\/www.suviseurat.fi/2024\/de\/wp-json\/wp\/v2\/pages"}],"about":[{"href":"https:\/\/www.suviseurat.fi/2024\/de\/wp-json\/wp\/v2\/types\/page"}],"author":[{"embeddable":true,"href":"https:\/\/www.suviseurat.fi/2024\/de\/wp-json\/wp\/v2\/users\/19"}],"replies":[{"embeddable":true,"href":"https:\/\/www.suviseurat.fi/2024\/de\/wp-json\/wp\/v2\/comments?post=20292"}],"version-history":[{"count":4,"href":"https:\/\/www.suviseurat.fi/2024\/de\/wp-json\/wp\/v2\/pages\/20292\/revisions"}],"predecessor-version":[{"id":20628,"href":"https:\/\/www.suviseurat.fi/2024\/de\/wp-json\/wp\/v2\/pages\/20292\/revisions\/20628"}],"wp:attachment":[{"href":"https:\/\/www.suviseurat.fi/2024\/de\/wp-json\/wp\/v2\/media?parent=20292"}],"curies":[{"name":"wp","href":"https:\/\/api.w.org\/{rel}","templated":true}]}}