{"id":19796,"date":"2017-11-26T11:16:38","date_gmt":"2017-11-26T09:16:38","guid":{"rendered":"https:\/\/www.suviseurat.fi/2024\/19796-2\/"},"modified":"2024-05-27T11:08:39","modified_gmt":"2024-05-27T08:08:39","slug":"19796-2","status":"publish","type":"page","link":"https:\/\/www.suviseurat.fi/2024\/en\/","title":{"rendered":""},"content":{"rendered":"\n<div class=\"wp-block-columns is-layout-flex wp-container-core-columns-is-layout-1 wp-block-columns-is-layout-flex\">\n<div class=\"wp-block-column is-layout-flow wp-block-column-is-layout-flow\">\n<h2 class=\"wp-block-heading has-medium-font-size\"><strong>Welcome to SRK&#8217;s Summer Services in Pudasj\u00e4rvi!<\/strong><\/h2>\n<\/div>\n<\/div>\n\n<div class=\"wp-block-columns is-layout-flex wp-container-core-columns-is-layout-2 wp-block-columns-is-layout-flex\">\n<div class=\"wp-block-column is-layout-flow wp-block-column-is-layout-flow\" style=\"flex-basis:65%\">\n<p>The Central Association of Conservative Laestadians in Finland (SRK) Summer Services will be held in Pudasj\u00e4rvi from June 28th to July 1st, 2024. The motto of these Summer Services is &#8220;Do you love me?&#8221; (John 21:17). This question posed by Jesus causes each service guest to consider, Is Jesus dear to me? Am I his follower? Where am I going?     <\/p>\n\n\n\n<p>The venue for the Summer Services is the airport area owned by the city of Pudasj\u00e4rvi. The previous time Summer Services were held in this same location was in 1998 and 2013. The area has been developed and expanded in collaboration with the city of Pudasj\u00e4rvi to better serve the organization of large events.  <\/p>\n\n\n\n<p>The organizing responsibility for the Summer Services lie with the associations of peace (RY) Kuusamo, Jakkukyl\u00e4, Kiiminki, Posio, Pudasj\u00e4rvi, Ranua, Taivalkoski, Ylikiiminki, and Yli-Ii. The main responsibility for the organization of the summer services lies with the Kuusamo RY. Organizing the Summer Services has required a lot of cooperation with the city of Pudasj\u00e4rvi, various authorities, airport users, churches, and local residents. The cooperation has been good and constructive, and we thank everyone for that. We are also grateful for the patience shown by local people regarding the arrangements for these services.    <\/p>\n\n\n\n<p>We have prepared for the Summer Services with grateful hearts. God has abundantly blessed our work. Our prayer is that in arranging the Summer Services, the word of God would call people into his Kingdom and refresh the hearers of the word.  <\/p>\n\n\n\n<p>We warmly welcome everyone to the Summer Services in Pudasj\u00e4rvi!<\/p>\n\n\n\n<p><em>The main planning committee of Summer Services<\/em><\/p>\n<\/div>\n\n\n\n<div class=\"wp-block-column is-layout-flow wp-block-column-is-layout-flow\" style=\"flex-basis:33.33%\"><div class=\"wp-block-image is-style-default rounded-img\">\n<figure class=\"aligncenter size-full\"><img loading=\"lazy\" decoding=\"async\" width=\"512\" height=\"512\" src=\"https:\/\/www.suviseurat.fi/2024\/wp-content\/uploads\/2023\/10\/cropped-pj2024-merkki-e1698044587903-1.jpg\" alt=\"\" class=\"wp-image-18980\" srcset=\"https:\/\/www.suviseurat.fi/2024\/wp-content\/uploads\/2023\/10\/cropped-pj2024-merkki-e1698044587903-1.jpg 512w, https:\/\/www.suviseurat.fi/2024\/wp-content\/uploads\/2023\/10\/cropped-pj2024-merkki-e1698044587903-1-275x275.jpg 275w, https:\/\/www.suviseurat.fi/2024\/wp-content\/uploads\/2023\/10\/cropped-pj2024-merkki-e1698044587903-1-270x270.jpg 270w, https:\/\/www.suviseurat.fi/2024\/wp-content\/uploads\/2023\/10\/cropped-pj2024-merkki-e1698044587903-1-192x192.jpg 192w, https:\/\/www.suviseurat.fi/2024\/wp-content\/uploads\/2023\/10\/cropped-pj2024-merkki-e1698044587903-1-180x180.jpg 180w, https:\/\/www.suviseurat.fi/2024\/wp-content\/uploads\/2023\/10\/cropped-pj2024-merkki-e1698044587903-1-32x32.jpg 32w\" sizes=\"(max-width: 512px) 100vw, 512px\" \/><\/figure><\/div><\/div>\n<\/div>\n\n<div class=\"wp-block-columns is-layout-flex wp-container-core-columns-is-layout-3 wp-block-columns-is-layout-flex\">\n<div class=\"wp-block-column is-layout-flow wp-block-column-is-layout-flow\">\n<p class=\"has-text-align-center\">From SRK&#8217;s &#8220;<a href=\"https:\/\/srk.fi\/en\/how-we-believe\/how-we-believe\/\" target=\"_blank\" rel=\"noreferrer noopener\">How we believe&#8221; page&#8221;<\/a>, you can read more about the central message of the Summer Services and our faith.<br\/>You can listen to the sermons from previous Summer Services <a href=\"https:\/\/www.suviseurat.fi/2024\/kuuntele-ja-katsele\/\">here<\/a>.<\/p>\n<\/div>\n<\/div>\n","protected":false},"excerpt":{"rendered":"<p>Welcome to SRK&#8217;s Summer Services in Pudasj\u00e4rvi! The Central Association of Conservative Laestadians in Finland<a class=\"moretag\" href=\"https:\/\/www.suviseurat.fi/2024\/en\/\">Jatka lukemista ><\/a><\/p>\n","protected":false},"author":19,"featured_media":18994,"parent":0,"menu_order":0,"comment_status":"closed","ping_status":"closed","template":"","meta":{"_acf_changed":false,"footnotes":""},"class_list":["post-19796","page","type-page","status-publish","has-post-thumbnail","hentry"],"acf":[],"yoast_head":"<!-- This site is optimized with the Yoast SEO plugin v23.3 - https:\/\/yoast.com\/wordpress\/plugins\/seo\/ -->\n<title>SRK Summer Services in Pudasj\u00e4rvi 2024<\/title>\n<meta name=\"description\" content=\"The Summer Services are the annual summer event of the conservative Laestadian revival movement, which operates within the context of the Lutheran Church. The Summer Services of 2024 will take place from June 28th to July 1st, 2024. Everyone is warmly welcome to the hearing of God&#039;s word.\" \/>\n<meta name=\"robots\" content=\"index, follow, max-snippet:-1, max-image-preview:large, max-video-preview:-1\" \/>\n<link rel=\"canonical\" href=\"https:\/\/www.suviseurat.fi/2024\/en\/\" \/>\n<meta property=\"og:locale\" content=\"en_US\" \/>\n<meta property=\"og:type\" content=\"article\" \/>\n<meta property=\"og:title\" content=\"SRK Summer Services in Pudasj\u00e4rvi 2024\" \/>\n<meta property=\"og:description\" content=\"The Summer Services are the annual summer event of the conservative Laestadian revival movement, which operates within the context of the Lutheran Church. The Summer Services of 2024 will take place from June 28th to July 1st, 2024. Everyone is warmly welcome to the hearing of God&#039;s word.\" \/>\n<meta property=\"og:url\" content=\"https:\/\/www.suviseurat.fi/2024\/en\/\" \/>\n<meta property=\"og:site_name\" content=\"SRK:n Suviseurat Pudasj\u00e4rvell\u00e4 2024\" \/>\n<meta property=\"article:publisher\" content=\"https:\/\/www.facebook.com\/SRKryNyt\/\" \/>\n<meta property=\"article:modified_time\" content=\"2024-05-27T08:08:39+00:00\" \/>\n<meta property=\"og:image\" content=\"https:\/\/www.suviseurat.fi/2024\/wp-content\/uploads\/2023\/10\/logo.jpg\" \/>\n\t<meta property=\"og:image:width\" content=\"1475\" \/>\n\t<meta property=\"og:image:height\" content=\"590\" \/>\n\t<meta property=\"og:image:type\" content=\"image\/jpeg\" \/>\n<meta name=\"twitter:card\" content=\"summary_large_image\" \/>\n<meta name=\"twitter:site\" content=\"@Suviseurat\" \/>\n<meta name=\"twitter:label1\" content=\"Est. reading time\" \/>\n\t<meta name=\"twitter:data1\" content=\"2 minutes\" \/>\n<script type=\"application\/ld+json\" class=\"yoast-schema-graph\">{\"@context\":\"https:\/\/schema.org\",\"@graph\":[{\"@type\":\"WebPage\",\"@id\":\"https:\/\/www.suviseurat.fi/2024\/en\/\",\"url\":\"https:\/\/www.suviseurat.fi/2024\/en\/\",\"name\":\"SRK Summer Services in Pudasj\u00e4rvi 2024\",\"isPartOf\":{\"@id\":\"https:\/\/www.suviseurat.fi/2024\/#website\"},\"primaryImageOfPage\":{\"@id\":\"https:\/\/www.suviseurat.fi/2024\/en\/#primaryimage\"},\"image\":{\"@id\":\"https:\/\/www.suviseurat.fi/2024\/en\/#primaryimage\"},\"thumbnailUrl\":\"https:\/\/www.suviseurat.fi/2024\/wp-content\/uploads\/2023\/10\/logo.jpg\",\"datePublished\":\"2017-11-26T09:16:38+00:00\",\"dateModified\":\"2024-05-27T08:08:39+00:00\",\"description\":\"The Summer Services are the annual summer event of the conservative Laestadian revival movement, which operates within the context of the Lutheran Church. The Summer Services of 2024 will take place from June 28th to July 1st, 2024. Everyone is warmly welcome to the hearing of God's word.\",\"inLanguage\":\"en-US\",\"potentialAction\":[{\"@type\":\"ReadAction\",\"target\":[\"https:\/\/www.suviseurat.fi/2024\/en\/\"]}]},{\"@type\":\"ImageObject\",\"inLanguage\":\"en-US\",\"@id\":\"https:\/\/www.suviseurat.fi/2024\/en\/#primaryimage\",\"url\":\"https:\/\/www.suviseurat.fi/2024\/wp-content\/uploads\/2023\/10\/logo.jpg\",\"contentUrl\":\"https:\/\/www.suviseurat.fi/2024\/wp-content\/uploads\/2023\/10\/logo.jpg\",\"width\":1475,\"height\":590},{\"@type\":\"WebSite\",\"@id\":\"https:\/\/www.suviseurat.fi/2024\/#website\",\"url\":\"https:\/\/www.suviseurat.fi/2024\/\",\"name\":\"SRK:n Suviseurat Pudasj\u00e4rvell\u00e4 2024\",\"description\":\"Olenko min\u00e4 sinulle rakas?\",\"publisher\":{\"@id\":\"https:\/\/www.suviseurat.fi/2024\/#organization\"},\"potentialAction\":[{\"@type\":\"SearchAction\",\"target\":{\"@type\":\"EntryPoint\",\"urlTemplate\":\"https:\/\/www.suviseurat.fi/2024\/?s={search_term_string}\"},\"query-input\":\"required name=search_term_string\"}],\"inLanguage\":\"en-US\"},{\"@type\":\"Organization\",\"@id\":\"https:\/\/www.suviseurat.fi/2024\/#organization\",\"name\":\"Suviseurat\",\"url\":\"https:\/\/www.suviseurat.fi/2024\/\",\"logo\":{\"@type\":\"ImageObject\",\"inLanguage\":\"en-US\",\"@id\":\"https:\/\/www.suviseurat.fi/2024\/#\/schema\/logo\/image\/\",\"url\":\"https:\/\/www.suviseurat.fi/2024\/wp-content\/uploads\/2023\/10\/tunnus-nelio.jpg\",\"contentUrl\":\"https:\/\/www.suviseurat.fi/2024\/wp-content\/uploads\/2023\/10\/tunnus-nelio.jpg\",\"width\":1000,\"height\":1000,\"caption\":\"Suviseurat\"},\"image\":{\"@id\":\"https:\/\/www.suviseurat.fi/2024\/#\/schema\/logo\/image\/\"},\"sameAs\":[\"https:\/\/www.facebook.com\/SRKryNyt\/\",\"https:\/\/x.com\/Suviseurat\",\"https:\/\/www.facebook.com\/srksuviseurat\/\",\"https:\/\/www.youtube.com\/@SRKnyt\",\"https:\/\/www.instagram.com\/srk_nyt\/\",\"https:\/\/www.flickr.com\/photos\/suviseurat\"]}]}<\/script>\n<!-- \/ Yoast SEO plugin. -->","yoast_head_json":{"title":"SRK Summer Services in Pudasj\u00e4rvi 2024","description":"The Summer Services are the annual summer event of the conservative Laestadian revival movement, which operates within the context of the Lutheran Church. The Summer Services of 2024 will take place from June 28th to July 1st, 2024. Everyone is warmly welcome to the hearing of God's word.","robots":{"index":"index","follow":"follow","max-snippet":"max-snippet:-1","max-image-preview":"max-image-preview:large","max-video-preview":"max-video-preview:-1"},"canonical":"https:\/\/www.suviseurat.fi/2024\/en\/","og_locale":"en_US","og_type":"article","og_title":"SRK Summer Services in Pudasj\u00e4rvi 2024","og_description":"The Summer Services are the annual summer event of the conservative Laestadian revival movement, which operates within the context of the Lutheran Church. The Summer Services of 2024 will take place from June 28th to July 1st, 2024. Everyone is warmly welcome to the hearing of God's word.","og_url":"https:\/\/www.suviseurat.fi/2024\/en\/","og_site_name":"SRK:n Suviseurat Pudasj\u00e4rvell\u00e4 2024","article_publisher":"https:\/\/www.facebook.com\/SRKryNyt\/","article_modified_time":"2024-05-27T08:08:39+00:00","og_image":[{"width":1475,"height":590,"url":"https:\/\/www.suviseurat.fi/2024\/wp-content\/uploads\/2023\/10\/logo.jpg","type":"image\/jpeg"}],"twitter_card":"summary_large_image","twitter_site":"@Suviseurat","twitter_misc":{"Est. reading time":"2 minutes"},"schema":{"@context":"https:\/\/schema.org","@graph":[{"@type":"WebPage","@id":"https:\/\/www.suviseurat.fi/2024\/en\/","url":"https:\/\/www.suviseurat.fi/2024\/en\/","name":"SRK Summer Services in Pudasj\u00e4rvi 2024","isPartOf":{"@id":"https:\/\/www.suviseurat.fi/2024\/#website"},"primaryImageOfPage":{"@id":"https:\/\/www.suviseurat.fi/2024\/en\/#primaryimage"},"image":{"@id":"https:\/\/www.suviseurat.fi/2024\/en\/#primaryimage"},"thumbnailUrl":"https:\/\/www.suviseurat.fi/2024\/wp-content\/uploads\/2023\/10\/logo.jpg","datePublished":"2017-11-26T09:16:38+00:00","dateModified":"2024-05-27T08:08:39+00:00","description":"The Summer Services are the annual summer event of the conservative Laestadian revival movement, which operates within the context of the Lutheran Church. The Summer Services of 2024 will take place from June 28th to July 1st, 2024. Everyone is warmly welcome to the hearing of God's word.","inLanguage":"en-US","potentialAction":[{"@type":"ReadAction","target":["https:\/\/www.suviseurat.fi/2024\/en\/"]}]},{"@type":"ImageObject","inLanguage":"en-US","@id":"https:\/\/www.suviseurat.fi/2024\/en\/#primaryimage","url":"https:\/\/www.suviseurat.fi/2024\/wp-content\/uploads\/2023\/10\/logo.jpg","contentUrl":"https:\/\/www.suviseurat.fi/2024\/wp-content\/uploads\/2023\/10\/logo.jpg","width":1475,"height":590},{"@type":"WebSite","@id":"https:\/\/www.suviseurat.fi/2024\/#website","url":"https:\/\/www.suviseurat.fi/2024\/","name":"SRK:n Suviseurat Pudasj\u00e4rvell\u00e4 2024","description":"Olenko min\u00e4 sinulle rakas?","publisher":{"@id":"https:\/\/www.suviseurat.fi/2024\/#organization"},"potentialAction":[{"@type":"SearchAction","target":{"@type":"EntryPoint","urlTemplate":"https:\/\/www.suviseurat.fi/2024\/?s={search_term_string}"},"query-input":"required name=search_term_string"}],"inLanguage":"en-US"},{"@type":"Organization","@id":"https:\/\/www.suviseurat.fi/2024\/#organization","name":"Suviseurat","url":"https:\/\/www.suviseurat.fi/2024\/","logo":{"@type":"ImageObject","inLanguage":"en-US","@id":"https:\/\/www.suviseurat.fi/2024\/#\/schema\/logo\/image\/","url":"https:\/\/www.suviseurat.fi/2024\/wp-content\/uploads\/2023\/10\/tunnus-nelio.jpg","contentUrl":"https:\/\/www.suviseurat.fi/2024\/wp-content\/uploads\/2023\/10\/tunnus-nelio.jpg","width":1000,"height":1000,"caption":"Suviseurat"},"image":{"@id":"https:\/\/www.suviseurat.fi/2024\/#\/schema\/logo\/image\/"},"sameAs":["https:\/\/www.facebook.com\/SRKryNyt\/","https:\/\/x.com\/Suviseurat","https:\/\/www.facebook.com\/srksuviseurat\/","https:\/\/www.youtube.com\/@SRKnyt","https:\/\/www.instagram.com\/srk_nyt\/","https:\/\/www.flickr.com\/photos\/suviseurat"]}]}},"_links":{"self":[{"href":"https:\/\/www.suviseurat.fi/2024\/en\/wp-json\/wp\/v2\/pages\/19796"}],"collection":[{"href":"https:\/\/www.suviseurat.fi/2024\/en\/wp-json\/wp\/v2\/pages"}],"about":[{"href":"https:\/\/www.suviseurat.fi/2024\/en\/wp-json\/wp\/v2\/types\/page"}],"author":[{"embeddable":true,"href":"https:\/\/www.suviseurat.fi/2024\/en\/wp-json\/wp\/v2\/users\/19"}],"replies":[{"embeddable":true,"href":"https:\/\/www.suviseurat.fi/2024\/en\/wp-json\/wp\/v2\/comments?post=19796"}],"version-history":[{"count":2,"href":"https:\/\/www.suviseurat.fi/2024\/en\/wp-json\/wp\/v2\/pages\/19796\/revisions"}],"predecessor-version":[{"id":19937,"href":"https:\/\/www.suviseurat.fi/2024\/en\/wp-json\/wp\/v2\/pages\/19796\/revisions\/19937"}],"wp:featuredmedia":[{"embeddable":true,"href":"https:\/\/www.suviseurat.fi/2024\/en\/wp-json\/wp\/v2\/media\/18994"}],"wp:attachment":[{"href":"https:\/\/www.suviseurat.fi/2024\/en\/wp-json\/wp\/v2\/media?parent=19796"}],"curies":[{"name":"wp","href":"https:\/\/api.w.org\/{rel}","templated":true}]}}