{"id":19798,"date":"2024-05-14T14:48:00","date_gmt":"2024-05-14T11:48:00","guid":{"rendered":"https:\/\/www.suviseurat.fi/2024\/summer-services\/2025-summer-services-in-loppi\/"},"modified":"2024-05-16T22:29:39","modified_gmt":"2024-05-16T19:29:39","slug":"2025-summer-services-in-loppi","status":"publish","type":"page","link":"https:\/\/www.suviseurat.fi/2024\/en\/summer-services\/2025-summer-services-in-loppi\/","title":{"rendered":"2025 Summer Services in Loppi"},"content":{"rendered":"\n<div class=\"wp-block-columns is-layout-flex wp-container-core-columns-is-layout-1 wp-block-columns-is-layout-flex\">\n<div class=\"wp-block-column is-layout-flow wp-block-column-is-layout-flow\">\n<h2 class=\"wp-block-heading\">Welcome to the 2025 Summer sevice in Loppi!<\/h2>\n\n\n\n<p><\/p>\n\n\n\n<p>God willing, The Central Association of Conservative Laestadians in Finland (SRK) Summer Services for 2025 will be held in the municipality of Loppi, located in Kanta-H\u00e4me, from June 27th to June 30th, 2025. The venue will be the same R\u00e4ysk\u00e4l\u00e4 airport as in 2022 and 2012. The area designated for accommodation has been expanded to some extent.  <\/p>\n\n\n\n<p>The Summer Services are organized through volunteer work. The responsibility for organizing the Summer Services in the summer of 2025 lies with the associations of peace (RY) of Helsinki, J\u00e4rvenp\u00e4\u00e4, Kouvola, Lahti, Lappeenranta, Lemp\u00e4\u00e4l\u00e4, M\u00e4nts\u00e4l\u00e4, Pornainen, and Porvoo regions. Together, these RY\u2019s have about 2300 members.  <\/p>\n\n\n\n<p>The motto for the Summer Services is taken from Psalm 73: &#8220;Whom have I in heaven but you.&#8221; This motto relates in a comforting way, what is the only lasting refuge for us in all phases of life. <\/p>\n\n\n\n<p>A warm welcome to the Summer Services in Loppi!<\/p>\n\n\n\n<p><em>Main Planning Committee<\/em><\/p>\n<\/div>\n<\/div>\n","protected":false},"excerpt":{"rendered":"<p>Welcome to the 2025 Summer sevice in Loppi! God willing, The Central Association of Conservative<a class=\"moretag\" href=\"https:\/\/www.suviseurat.fi/2024\/en\/summer-services\/2025-summer-services-in-loppi\/\">Jatka lukemista ><\/a><\/p>\n","protected":false},"author":19,"featured_media":0,"parent":19502,"menu_order":9,"comment_status":"closed","ping_status":"closed","template":"","meta":{"_acf_changed":false,"footnotes":""},"class_list":["post-19798","page","type-page","status-publish","hentry"],"acf":[],"yoast_head":"<!-- This site is optimized with the Yoast SEO plugin v23.3 - https:\/\/yoast.com\/wordpress\/plugins\/seo\/ -->\n<title>2025 Summer Services in Loppi - SRK:n Suviseurat Pudasj\u00e4rvell\u00e4 2024<\/title>\n<meta name=\"description\" content=\"Welcome to the 2025 Summer sevice in Loppi! God willing, The Central Association of Conservative Laestadians in Finland (SRK) Summer Services for 2025\" \/>\n<meta name=\"robots\" content=\"index, follow, max-snippet:-1, max-image-preview:large, max-video-preview:-1\" \/>\n<link rel=\"canonical\" href=\"https:\/\/www.suviseurat.fi/2024\/en\/summer-services\/2025-summer-services-in-loppi\/\" \/>\n<meta property=\"og:locale\" content=\"en_US\" \/>\n<meta property=\"og:type\" content=\"article\" \/>\n<meta property=\"og:title\" content=\"2025 Summer Services in Loppi - SRK:n Suviseurat Pudasj\u00e4rvell\u00e4 2024\" \/>\n<meta property=\"og:description\" content=\"Welcome to the 2025 Summer sevice in Loppi! God willing, The Central Association of Conservative Laestadians in Finland (SRK) Summer Services for 2025\" \/>\n<meta property=\"og:url\" content=\"https:\/\/www.suviseurat.fi/2024\/en\/summer-services\/2025-summer-services-in-loppi\/\" \/>\n<meta property=\"og:site_name\" content=\"SRK:n Suviseurat Pudasj\u00e4rvell\u00e4 2024\" \/>\n<meta property=\"article:publisher\" content=\"https:\/\/www.facebook.com\/SRKryNyt\/\" \/>\n<meta property=\"article:modified_time\" content=\"2024-05-16T19:29:39+00:00\" \/>\n<meta name=\"twitter:card\" content=\"summary_large_image\" \/>\n<meta name=\"twitter:site\" content=\"@Suviseurat\" \/>\n<meta name=\"twitter:label1\" content=\"Est. reading time\" \/>\n\t<meta name=\"twitter:data1\" content=\"1 minute\" \/>\n<script type=\"application\/ld+json\" class=\"yoast-schema-graph\">{\"@context\":\"https:\/\/schema.org\",\"@graph\":[{\"@type\":\"WebPage\",\"@id\":\"https:\/\/www.suviseurat.fi/2024\/en\/summer-services\/2025-summer-services-in-loppi\/\",\"url\":\"https:\/\/www.suviseurat.fi/2024\/en\/summer-services\/2025-summer-services-in-loppi\/\",\"name\":\"2025 Summer Services in Loppi - SRK:n Suviseurat Pudasj\u00e4rvell\u00e4 2024\",\"isPartOf\":{\"@id\":\"https:\/\/www.suviseurat.fi/2024\/#website\"},\"datePublished\":\"2024-05-14T11:48:00+00:00\",\"dateModified\":\"2024-05-16T19:29:39+00:00\",\"description\":\"Welcome to the 2025 Summer sevice in Loppi! God willing, The Central Association of Conservative Laestadians in Finland (SRK) Summer Services for 2025\",\"breadcrumb\":{\"@id\":\"https:\/\/www.suviseurat.fi/2024\/en\/summer-services\/2025-summer-services-in-loppi\/#breadcrumb\"},\"inLanguage\":\"en-US\",\"potentialAction\":[{\"@type\":\"ReadAction\",\"target\":[\"https:\/\/www.suviseurat.fi/2024\/en\/summer-services\/2025-summer-services-in-loppi\/\"]}]},{\"@type\":\"BreadcrumbList\",\"@id\":\"https:\/\/www.suviseurat.fi/2024\/en\/summer-services\/2025-summer-services-in-loppi\/#breadcrumb\",\"itemListElement\":[{\"@type\":\"ListItem\",\"position\":1,\"name\":\"Etusivu\",\"item\":\"https:\/\/www.suviseurat.fi/2024\/en\/\"},{\"@type\":\"ListItem\",\"position\":2,\"name\":\"Summer Services\",\"item\":\"https:\/\/www.suviseurat.fi/2024\/en\/summer-services\/\"},{\"@type\":\"ListItem\",\"position\":3,\"name\":\"2025 Summer Services in Loppi\"}]},{\"@type\":\"WebSite\",\"@id\":\"https:\/\/www.suviseurat.fi/2024\/#website\",\"url\":\"https:\/\/www.suviseurat.fi/2024\/\",\"name\":\"SRK:n Suviseurat Pudasj\u00e4rvell\u00e4 2024\",\"description\":\"Olenko min\u00e4 sinulle rakas?\",\"publisher\":{\"@id\":\"https:\/\/www.suviseurat.fi/2024\/#organization\"},\"potentialAction\":[{\"@type\":\"SearchAction\",\"target\":{\"@type\":\"EntryPoint\",\"urlTemplate\":\"https:\/\/www.suviseurat.fi/2024\/?s={search_term_string}\"},\"query-input\":\"required name=search_term_string\"}],\"inLanguage\":\"en-US\"},{\"@type\":\"Organization\",\"@id\":\"https:\/\/www.suviseurat.fi/2024\/#organization\",\"name\":\"Suviseurat\",\"url\":\"https:\/\/www.suviseurat.fi/2024\/\",\"logo\":{\"@type\":\"ImageObject\",\"inLanguage\":\"en-US\",\"@id\":\"https:\/\/www.suviseurat.fi/2024\/#\/schema\/logo\/image\/\",\"url\":\"https:\/\/www.suviseurat.fi/2024\/wp-content\/uploads\/2023\/10\/tunnus-nelio.jpg\",\"contentUrl\":\"https:\/\/www.suviseurat.fi/2024\/wp-content\/uploads\/2023\/10\/tunnus-nelio.jpg\",\"width\":1000,\"height\":1000,\"caption\":\"Suviseurat\"},\"image\":{\"@id\":\"https:\/\/www.suviseurat.fi/2024\/#\/schema\/logo\/image\/\"},\"sameAs\":[\"https:\/\/www.facebook.com\/SRKryNyt\/\",\"https:\/\/x.com\/Suviseurat\",\"https:\/\/www.facebook.com\/srksuviseurat\/\",\"https:\/\/www.youtube.com\/@SRKnyt\",\"https:\/\/www.instagram.com\/srk_nyt\/\",\"https:\/\/www.flickr.com\/photos\/suviseurat\"]}]}<\/script>\n<!-- \/ Yoast SEO plugin. -->","yoast_head_json":{"title":"2025 Summer Services in Loppi - SRK:n Suviseurat Pudasj\u00e4rvell\u00e4 2024","description":"Welcome to the 2025 Summer sevice in Loppi! God willing, The Central Association of Conservative Laestadians in Finland (SRK) Summer Services for 2025","robots":{"index":"index","follow":"follow","max-snippet":"max-snippet:-1","max-image-preview":"max-image-preview:large","max-video-preview":"max-video-preview:-1"},"canonical":"https:\/\/www.suviseurat.fi/2024\/en\/summer-services\/2025-summer-services-in-loppi\/","og_locale":"en_US","og_type":"article","og_title":"2025 Summer Services in Loppi - SRK:n Suviseurat Pudasj\u00e4rvell\u00e4 2024","og_description":"Welcome to the 2025 Summer sevice in Loppi! God willing, The Central Association of Conservative Laestadians in Finland (SRK) Summer Services for 2025","og_url":"https:\/\/www.suviseurat.fi/2024\/en\/summer-services\/2025-summer-services-in-loppi\/","og_site_name":"SRK:n Suviseurat Pudasj\u00e4rvell\u00e4 2024","article_publisher":"https:\/\/www.facebook.com\/SRKryNyt\/","article_modified_time":"2024-05-16T19:29:39+00:00","twitter_card":"summary_large_image","twitter_site":"@Suviseurat","twitter_misc":{"Est. reading time":"1 minute"},"schema":{"@context":"https:\/\/schema.org","@graph":[{"@type":"WebPage","@id":"https:\/\/www.suviseurat.fi/2024\/en\/summer-services\/2025-summer-services-in-loppi\/","url":"https:\/\/www.suviseurat.fi/2024\/en\/summer-services\/2025-summer-services-in-loppi\/","name":"2025 Summer Services in Loppi - SRK:n Suviseurat Pudasj\u00e4rvell\u00e4 2024","isPartOf":{"@id":"https:\/\/www.suviseurat.fi/2024\/#website"},"datePublished":"2024-05-14T11:48:00+00:00","dateModified":"2024-05-16T19:29:39+00:00","description":"Welcome to the 2025 Summer sevice in Loppi! God willing, The Central Association of Conservative Laestadians in Finland (SRK) Summer Services for 2025","breadcrumb":{"@id":"https:\/\/www.suviseurat.fi/2024\/en\/summer-services\/2025-summer-services-in-loppi\/#breadcrumb"},"inLanguage":"en-US","potentialAction":[{"@type":"ReadAction","target":["https:\/\/www.suviseurat.fi/2024\/en\/summer-services\/2025-summer-services-in-loppi\/"]}]},{"@type":"BreadcrumbList","@id":"https:\/\/www.suviseurat.fi/2024\/en\/summer-services\/2025-summer-services-in-loppi\/#breadcrumb","itemListElement":[{"@type":"ListItem","position":1,"name":"Etusivu","item":"https:\/\/www.suviseurat.fi/2024\/en\/"},{"@type":"ListItem","position":2,"name":"Summer Services","item":"https:\/\/www.suviseurat.fi/2024\/en\/summer-services\/"},{"@type":"ListItem","position":3,"name":"2025 Summer Services in Loppi"}]},{"@type":"WebSite","@id":"https:\/\/www.suviseurat.fi/2024\/#website","url":"https:\/\/www.suviseurat.fi/2024\/","name":"SRK:n Suviseurat Pudasj\u00e4rvell\u00e4 2024","description":"Olenko min\u00e4 sinulle rakas?","publisher":{"@id":"https:\/\/www.suviseurat.fi/2024\/#organization"},"potentialAction":[{"@type":"SearchAction","target":{"@type":"EntryPoint","urlTemplate":"https:\/\/www.suviseurat.fi/2024\/?s={search_term_string}"},"query-input":"required name=search_term_string"}],"inLanguage":"en-US"},{"@type":"Organization","@id":"https:\/\/www.suviseurat.fi/2024\/#organization","name":"Suviseurat","url":"https:\/\/www.suviseurat.fi/2024\/","logo":{"@type":"ImageObject","inLanguage":"en-US","@id":"https:\/\/www.suviseurat.fi/2024\/#\/schema\/logo\/image\/","url":"https:\/\/www.suviseurat.fi/2024\/wp-content\/uploads\/2023\/10\/tunnus-nelio.jpg","contentUrl":"https:\/\/www.suviseurat.fi/2024\/wp-content\/uploads\/2023\/10\/tunnus-nelio.jpg","width":1000,"height":1000,"caption":"Suviseurat"},"image":{"@id":"https:\/\/www.suviseurat.fi/2024\/#\/schema\/logo\/image\/"},"sameAs":["https:\/\/www.facebook.com\/SRKryNyt\/","https:\/\/x.com\/Suviseurat","https:\/\/www.facebook.com\/srksuviseurat\/","https:\/\/www.youtube.com\/@SRKnyt","https:\/\/www.instagram.com\/srk_nyt\/","https:\/\/www.flickr.com\/photos\/suviseurat"]}]}},"_links":{"self":[{"href":"https:\/\/www.suviseurat.fi/2024\/en\/wp-json\/wp\/v2\/pages\/19798"}],"collection":[{"href":"https:\/\/www.suviseurat.fi/2024\/en\/wp-json\/wp\/v2\/pages"}],"about":[{"href":"https:\/\/www.suviseurat.fi/2024\/en\/wp-json\/wp\/v2\/types\/page"}],"author":[{"embeddable":true,"href":"https:\/\/www.suviseurat.fi/2024\/en\/wp-json\/wp\/v2\/users\/19"}],"replies":[{"embeddable":true,"href":"https:\/\/www.suviseurat.fi/2024\/en\/wp-json\/wp\/v2\/comments?post=19798"}],"version-history":[{"count":1,"href":"https:\/\/www.suviseurat.fi/2024\/en\/wp-json\/wp\/v2\/pages\/19798\/revisions"}],"predecessor-version":[{"id":19799,"href":"https:\/\/www.suviseurat.fi/2024\/en\/wp-json\/wp\/v2\/pages\/19798\/revisions\/19799"}],"up":[{"embeddable":true,"href":"https:\/\/www.suviseurat.fi/2024\/en\/wp-json\/wp\/v2\/pages\/19502"}],"wp:attachment":[{"href":"https:\/\/www.suviseurat.fi/2024\/en\/wp-json\/wp\/v2\/media?parent=19798"}],"curies":[{"name":"wp","href":"https:\/\/api.w.org\/{rel}","templated":true}]}}