{"id":20217,"date":"2024-05-14T15:26:42","date_gmt":"2024-05-14T12:26:42","guid":{"rendered":"https:\/\/www.suviseurat.fi/2024\/safety\/"},"modified":"2024-06-10T10:20:00","modified_gmt":"2024-06-10T07:20:00","slug":"safety","status":"publish","type":"page","link":"https:\/\/www.suviseurat.fi/2024\/en\/instructions\/safety\/","title":{"rendered":"Safety"},"content":{"rendered":"<h2><strong>Safety<\/strong><\/h2>\n<p><strong>The common goal is to hold a safe Summer Services<\/strong><\/p>\n<p><span style=\"font-weight: 400\">To ensure a safe Summer Services, the organiser of the Summer Services issues safety guidelines and regulations that every visitor must follow. <strong>Any incidents that jeopardise safety must be addressed and reported to the Security Office, tel. + 358 40 132 0763.<\/strong><\/span><\/p>\n<ul>\n<li><span style=\"font-weight: 400\">Children&#8217;s parents or guardians are responsible for their children during the services. Children should lodge with their parents and their whereabouts and actions should be supervised. <\/span><\/li>\n<li><span style=\"font-weight: 400\">It is forbidden to gather, move, lodge or park in private areas not belonging to the Summer Services.<\/span><\/li>\n<li><span style=\"font-weight: 400\">Swimming is prohibited in the waters near the service area.<\/span><\/li>\n<li><span style=\"font-weight: 400\">It is forbidden to build an open fire, use a camping stove, or barbecue.<\/span><\/li>\n<li><span style=\"font-weight: 400\">Unnecessary use of vehicles in the service area is prohibited.<\/span><\/li>\n<li><span style=\"font-weight: 400\">Unauthorised use of drones over the service area is prohibited.<\/span><\/li>\n<li><span style=\"font-weight: 400\">Smoking in the main area is permitted only in the designated smoking areas. Utmost care must be taken when smoking in the areas of accomodation, especially in wooded areas. <\/span><\/li>\n<li><span style=\"font-weight: 400\">Possession and use of alcohol or other drugs is prohibited in the Summer Service area.<\/span><\/li>\n<li><span style=\"font-weight: 400\">The possession and use of explosives, including fireworks, is prohibited in the service area.<\/span><\/li>\n<li><span style=\"font-weight: 400\">The possession of instruments capable of bodily harm or damaging property in the service area are prohibited.<\/span><\/li>\n<li><span style=\"font-weight: 400\">Service guests are entitled to a night&#8217;s rest. Vehicle traffic or any other noise disturbance in the service area is prohibited during the night from 1 am to 6 am, with the exception of essential traffic. <\/span><\/li>\n<\/ul>\n<h3><strong>When preparing for the trip to Summer Services<\/strong><\/h3>\n<ol>\n<li>Set aside time for preparations and familiarize yourself with the information regarding the Summer Services. You can find it in, for example, the &#8220;Suviseurat&#8221; edition of the P\u00e4iv\u00e4mies and on the Summer Service website  <\/li>\n<li>Make sure that your motorhome and its equipment are in good condition. Check that your fire extinguisher has been serviced. <\/li>\n<li>Reserve platforms for the support legs of your camper or motorhome. No damage may be caused to the paved surfaces of the Service area. <\/li>\n<li>If your intention is to set up tent structures and canopies in the event area, be prepared to anchor them securely to withstand wind. Do not use ground stakes on paved surfaces. Bring along water containers. They are safe to transport empty. You can also use items from your vehicle, such as a spare tire, for anchoring.    <\/li>\n<li>Don&#8217;t take pets with you, arrange a place for them to stay during the summer services. You can take a guide dog if you need one. Also, do not take skateboards, scooters or electric scooters. It is not safe to use them in service area.   <\/li>\n<li>Check out the service organisers&#8217; guidelines on routes to summer services. Allow enough time to get there, don&#8217;t drive tired.  <strong>Follow the signs along the way to avoid traffic jams when approaching the service area.<\/strong> When on your way, listen to the summer service radio, you can also get directions from there.<\/li>\n<\/ol>\n<h3><strong>Arriving at the Service area<\/strong><\/h3>\n<p>Welcome to Summer Services! Safe Summer Services can be achieved by working together. <\/p>\n<ol>\n<li><span style=\"font-weight: 400\"> Great that you arrived safely, hopefully your journey went well! If you&#8217;re staying on-site, we hope you pay attention to the safety of your camping spot, so that we all can stay safe. Make sure that you have kept emergency routes clear.   <\/span><\/li>\n<li><span style=\"font-weight: 400\"> No indentations or holes shall be made in the paved surfaces of the runway. Place platforms under the support legs of the campers or motorhomes. <\/span><\/li>\n<li><span style=\"font-weight: 400\"> It can be windy in the service area. Attach the tent structures according to the manufacturer&#8217;s instructions, but on paved surfaces, attach a minimum weight of 10 kg to each ground anchorage. <\/span><\/li>\n<li><span style=\"font-weight: 400\"> Find out the location and fuction of the nearest fire extinguisher in addition to your own vehicle&#8217;s fire extinguisher. Leave the storage for the gas bottle compartment unlocked and handle for support legs jacks in a visible location.  <\/span><\/li>\n<li><span style=\"font-weight: 400\"> Prepare food only with heating appliances intended for use in recreational vehicles. The use of a quiet generator is allowed during the day for health reasons. <\/span><\/li>\n<li><span style=\"font-weight: 400\"> See the map accompanying the program leaflet. Locate your accommodation using the location grid on the map. Make a note of the location code on the lodging payment form and place the form in a visible place.  <\/span><\/li>\n<li><span style=\"font-weight: 400\"> Keep your lodging area clean. Take your rubbish, toilet waste and grey water waste to the collection points in the service area. Do not release any waste into the ground.  <\/span><\/li>\n<li><span style=\"font-weight: 400\"> No pets, skateboards, scooters or electric scooters are allowed in the club area. Only guide dogs are allowed.  <\/span><\/li>\n<li><span style=\"font-weight: 400\"> Daytime parking is only allowed in designated areas. Do not park on the paths, roads and emergency routes. Bicycles, mopeds and motorcycles must be left in their designated parking area.  <\/span><\/li>\n<li><span style=\"font-weight: 400\"> Biodegradable detergents and shampo should be used in showers and hand-washing areas to protect groundwater.<\/span><\/li>\n<\/ol>\n<h3><strong>When moving around the service area<\/strong><\/h3>\n<ol>\n<li><span style=\"font-weight: 400\"> Avoid going to the main area when you have a cold or are ill.<\/span><\/li>\n<li><span style=\"font-weight: 400\"> Maintain good hand hygiene. Wash your hands with soap and water before eating and after using the toilet. Hand disinfectant is available at restaurant and grill serving stations and is sold in the shop and pharmacy. Always use disinfectant with dry hands.   <\/span><\/li>\n<li><span style=\"font-weight: 400\"> People with stomach flu should go to home to heal due to the risk of spreading the infection. Infections are easily transmitted in the camping conditions. <\/span><\/li>\n<li><span style=\"font-weight: 400\"> Provide your child with a name tag or a bracelet with the parents&#8217; phone numbers. The bracelets are sold at the info desk and in the shop. <\/span><\/li>\n<li><span style=\"font-weight: 400\"> Only take drinking water from designated drinking water points or buy bottled water from a shop.<\/span><\/li>\n<li><span style=\"font-weight: 400\"> Buy food from the liter sales point for one meal only, as food spoils quickly in the heat.<\/span><\/li>\n<li><span style=\"font-weight: 400\"> Place strollers and wheelchairs on the wide aisles leading from the ends of the tent so that exit routes remain unobstructed.<\/span><\/li>\n<\/ol>\n<h3><strong>Inside the Service tent<\/strong><\/h3>\n<p>The central purpose of the Summer Services takes place in the service tent. The safety of gathering in the main tent is guided by assigned staff. Please follow their instructions. Place strollers and wheelchairs on the wide aisles leading from the ends so that the exit routes remain unobstructed. Separate instructions will be given for the communion service    <\/p>\n","protected":false},"excerpt":{"rendered":"<p>Safety The common goal is to hold a safe Summer Services To ensure a safe<a class=\"moretag\" href=\"https:\/\/www.suviseurat.fi/2024\/en\/instructions\/safety\/\">Jatka lukemista ><\/a><\/p>\n","protected":false},"author":19,"featured_media":0,"parent":20264,"menu_order":0,"comment_status":"closed","ping_status":"closed","template":"","meta":{"_acf_changed":false,"footnotes":""},"class_list":["post-20217","page","type-page","status-publish","hentry"],"acf":[],"yoast_head":"<!-- This site is optimized with the Yoast SEO plugin v23.3 - https:\/\/yoast.com\/wordpress\/plugins\/seo\/ -->\n<title>Safety - SRK:n Suviseurat Pudasj\u00e4rvell\u00e4 2024<\/title>\n<meta name=\"description\" content=\"Safety The common goal is to hold a safe Summer Services To ensure a safe Summer Services, the organiser of the Summer Services issues safety guidelines\" \/>\n<meta name=\"robots\" content=\"index, follow, max-snippet:-1, max-image-preview:large, max-video-preview:-1\" \/>\n<link rel=\"canonical\" href=\"https:\/\/www.suviseurat.fi/2024\/en\/instructions\/safety\/\" \/>\n<meta property=\"og:locale\" content=\"en_US\" \/>\n<meta property=\"og:type\" content=\"article\" \/>\n<meta property=\"og:title\" content=\"Safety - SRK:n Suviseurat Pudasj\u00e4rvell\u00e4 2024\" \/>\n<meta property=\"og:description\" content=\"Safety The common goal is to hold a safe Summer Services To ensure a safe Summer Services, the organiser of the Summer Services issues safety guidelines\" \/>\n<meta property=\"og:url\" content=\"https:\/\/www.suviseurat.fi/2024\/en\/instructions\/safety\/\" \/>\n<meta property=\"og:site_name\" content=\"SRK:n Suviseurat Pudasj\u00e4rvell\u00e4 2024\" \/>\n<meta property=\"article:publisher\" content=\"https:\/\/www.facebook.com\/SRKryNyt\/\" \/>\n<meta property=\"article:modified_time\" content=\"2024-06-10T07:20:00+00:00\" \/>\n<meta name=\"twitter:card\" content=\"summary_large_image\" \/>\n<meta name=\"twitter:site\" content=\"@Suviseurat\" \/>\n<meta name=\"twitter:label1\" content=\"Est. reading time\" \/>\n\t<meta name=\"twitter:data1\" content=\"5 minutes\" \/>\n<script type=\"application\/ld+json\" class=\"yoast-schema-graph\">{\"@context\":\"https:\/\/schema.org\",\"@graph\":[{\"@type\":\"WebPage\",\"@id\":\"https:\/\/www.suviseurat.fi/2024\/en\/instructions\/safety\/\",\"url\":\"https:\/\/www.suviseurat.fi/2024\/en\/instructions\/safety\/\",\"name\":\"Safety - SRK:n Suviseurat Pudasj\u00e4rvell\u00e4 2024\",\"isPartOf\":{\"@id\":\"https:\/\/www.suviseurat.fi/2024\/#website\"},\"datePublished\":\"2024-05-14T12:26:42+00:00\",\"dateModified\":\"2024-06-10T07:20:00+00:00\",\"description\":\"Safety The common goal is to hold a safe Summer Services To ensure a safe Summer Services, the organiser of the Summer Services issues safety guidelines\",\"breadcrumb\":{\"@id\":\"https:\/\/www.suviseurat.fi/2024\/en\/instructions\/safety\/#breadcrumb\"},\"inLanguage\":\"en-US\",\"potentialAction\":[{\"@type\":\"ReadAction\",\"target\":[\"https:\/\/www.suviseurat.fi/2024\/en\/instructions\/safety\/\"]}]},{\"@type\":\"BreadcrumbList\",\"@id\":\"https:\/\/www.suviseurat.fi/2024\/en\/instructions\/safety\/#breadcrumb\",\"itemListElement\":[{\"@type\":\"ListItem\",\"position\":1,\"name\":\"Etusivu\",\"item\":\"https:\/\/www.suviseurat.fi/2024\/en\/\"},{\"@type\":\"ListItem\",\"position\":2,\"name\":\"Instructions\",\"item\":\"https:\/\/www.suviseurat.fi/2024\/en\/instructions\/\"},{\"@type\":\"ListItem\",\"position\":3,\"name\":\"Safety\"}]},{\"@type\":\"WebSite\",\"@id\":\"https:\/\/www.suviseurat.fi/2024\/#website\",\"url\":\"https:\/\/www.suviseurat.fi/2024\/\",\"name\":\"SRK:n Suviseurat Pudasj\u00e4rvell\u00e4 2024\",\"description\":\"Olenko min\u00e4 sinulle rakas?\",\"publisher\":{\"@id\":\"https:\/\/www.suviseurat.fi/2024\/#organization\"},\"potentialAction\":[{\"@type\":\"SearchAction\",\"target\":{\"@type\":\"EntryPoint\",\"urlTemplate\":\"https:\/\/www.suviseurat.fi/2024\/?s={search_term_string}\"},\"query-input\":\"required name=search_term_string\"}],\"inLanguage\":\"en-US\"},{\"@type\":\"Organization\",\"@id\":\"https:\/\/www.suviseurat.fi/2024\/#organization\",\"name\":\"Suviseurat\",\"url\":\"https:\/\/www.suviseurat.fi/2024\/\",\"logo\":{\"@type\":\"ImageObject\",\"inLanguage\":\"en-US\",\"@id\":\"https:\/\/www.suviseurat.fi/2024\/#\/schema\/logo\/image\/\",\"url\":\"https:\/\/www.suviseurat.fi/2024\/wp-content\/uploads\/2023\/10\/tunnus-nelio.jpg\",\"contentUrl\":\"https:\/\/www.suviseurat.fi/2024\/wp-content\/uploads\/2023\/10\/tunnus-nelio.jpg\",\"width\":1000,\"height\":1000,\"caption\":\"Suviseurat\"},\"image\":{\"@id\":\"https:\/\/www.suviseurat.fi/2024\/#\/schema\/logo\/image\/\"},\"sameAs\":[\"https:\/\/www.facebook.com\/SRKryNyt\/\",\"https:\/\/x.com\/Suviseurat\",\"https:\/\/www.facebook.com\/srksuviseurat\/\",\"https:\/\/www.youtube.com\/@SRKnyt\",\"https:\/\/www.instagram.com\/srk_nyt\/\",\"https:\/\/www.flickr.com\/photos\/suviseurat\"]}]}<\/script>\n<!-- \/ Yoast SEO plugin. -->","yoast_head_json":{"title":"Safety - SRK:n Suviseurat Pudasj\u00e4rvell\u00e4 2024","description":"Safety The common goal is to hold a safe Summer Services To ensure a safe Summer Services, the organiser of the Summer Services issues safety guidelines","robots":{"index":"index","follow":"follow","max-snippet":"max-snippet:-1","max-image-preview":"max-image-preview:large","max-video-preview":"max-video-preview:-1"},"canonical":"https:\/\/www.suviseurat.fi/2024\/en\/instructions\/safety\/","og_locale":"en_US","og_type":"article","og_title":"Safety - SRK:n Suviseurat Pudasj\u00e4rvell\u00e4 2024","og_description":"Safety The common goal is to hold a safe Summer Services To ensure a safe Summer Services, the organiser of the Summer Services issues safety guidelines","og_url":"https:\/\/www.suviseurat.fi/2024\/en\/instructions\/safety\/","og_site_name":"SRK:n Suviseurat Pudasj\u00e4rvell\u00e4 2024","article_publisher":"https:\/\/www.facebook.com\/SRKryNyt\/","article_modified_time":"2024-06-10T07:20:00+00:00","twitter_card":"summary_large_image","twitter_site":"@Suviseurat","twitter_misc":{"Est. reading time":"5 minutes"},"schema":{"@context":"https:\/\/schema.org","@graph":[{"@type":"WebPage","@id":"https:\/\/www.suviseurat.fi/2024\/en\/instructions\/safety\/","url":"https:\/\/www.suviseurat.fi/2024\/en\/instructions\/safety\/","name":"Safety - SRK:n Suviseurat Pudasj\u00e4rvell\u00e4 2024","isPartOf":{"@id":"https:\/\/www.suviseurat.fi/2024\/#website"},"datePublished":"2024-05-14T12:26:42+00:00","dateModified":"2024-06-10T07:20:00+00:00","description":"Safety The common goal is to hold a safe Summer Services To ensure a safe Summer Services, the organiser of the Summer Services issues safety guidelines","breadcrumb":{"@id":"https:\/\/www.suviseurat.fi/2024\/en\/instructions\/safety\/#breadcrumb"},"inLanguage":"en-US","potentialAction":[{"@type":"ReadAction","target":["https:\/\/www.suviseurat.fi/2024\/en\/instructions\/safety\/"]}]},{"@type":"BreadcrumbList","@id":"https:\/\/www.suviseurat.fi/2024\/en\/instructions\/safety\/#breadcrumb","itemListElement":[{"@type":"ListItem","position":1,"name":"Etusivu","item":"https:\/\/www.suviseurat.fi/2024\/en\/"},{"@type":"ListItem","position":2,"name":"Instructions","item":"https:\/\/www.suviseurat.fi/2024\/en\/instructions\/"},{"@type":"ListItem","position":3,"name":"Safety"}]},{"@type":"WebSite","@id":"https:\/\/www.suviseurat.fi/2024\/#website","url":"https:\/\/www.suviseurat.fi/2024\/","name":"SRK:n Suviseurat Pudasj\u00e4rvell\u00e4 2024","description":"Olenko min\u00e4 sinulle rakas?","publisher":{"@id":"https:\/\/www.suviseurat.fi/2024\/#organization"},"potentialAction":[{"@type":"SearchAction","target":{"@type":"EntryPoint","urlTemplate":"https:\/\/www.suviseurat.fi/2024\/?s={search_term_string}"},"query-input":"required name=search_term_string"}],"inLanguage":"en-US"},{"@type":"Organization","@id":"https:\/\/www.suviseurat.fi/2024\/#organization","name":"Suviseurat","url":"https:\/\/www.suviseurat.fi/2024\/","logo":{"@type":"ImageObject","inLanguage":"en-US","@id":"https:\/\/www.suviseurat.fi/2024\/#\/schema\/logo\/image\/","url":"https:\/\/www.suviseurat.fi/2024\/wp-content\/uploads\/2023\/10\/tunnus-nelio.jpg","contentUrl":"https:\/\/www.suviseurat.fi/2024\/wp-content\/uploads\/2023\/10\/tunnus-nelio.jpg","width":1000,"height":1000,"caption":"Suviseurat"},"image":{"@id":"https:\/\/www.suviseurat.fi/2024\/#\/schema\/logo\/image\/"},"sameAs":["https:\/\/www.facebook.com\/SRKryNyt\/","https:\/\/x.com\/Suviseurat","https:\/\/www.facebook.com\/srksuviseurat\/","https:\/\/www.youtube.com\/@SRKnyt","https:\/\/www.instagram.com\/srk_nyt\/","https:\/\/www.flickr.com\/photos\/suviseurat"]}]}},"_links":{"self":[{"href":"https:\/\/www.suviseurat.fi/2024\/en\/wp-json\/wp\/v2\/pages\/20217"}],"collection":[{"href":"https:\/\/www.suviseurat.fi/2024\/en\/wp-json\/wp\/v2\/pages"}],"about":[{"href":"https:\/\/www.suviseurat.fi/2024\/en\/wp-json\/wp\/v2\/types\/page"}],"author":[{"embeddable":true,"href":"https:\/\/www.suviseurat.fi/2024\/en\/wp-json\/wp\/v2\/users\/19"}],"replies":[{"embeddable":true,"href":"https:\/\/www.suviseurat.fi/2024\/en\/wp-json\/wp\/v2\/comments?post=20217"}],"version-history":[{"count":1,"href":"https:\/\/www.suviseurat.fi/2024\/en\/wp-json\/wp\/v2\/pages\/20217\/revisions"}],"predecessor-version":[{"id":20218,"href":"https:\/\/www.suviseurat.fi/2024\/en\/wp-json\/wp\/v2\/pages\/20217\/revisions\/20218"}],"up":[{"embeddable":true,"href":"https:\/\/www.suviseurat.fi/2024\/en\/wp-json\/wp\/v2\/pages\/20264"}],"wp:attachment":[{"href":"https:\/\/www.suviseurat.fi/2024\/en\/wp-json\/wp\/v2\/media?parent=20217"}],"curies":[{"name":"wp","href":"https:\/\/api.w.org\/{rel}","templated":true}]}}