{"id":20219,"date":"2023-06-18T21:23:41","date_gmt":"2023-06-18T18:23:41","guid":{"rendered":"https:\/\/www.suviseurat.fi/2024\/day-parking\/"},"modified":"2024-06-10T10:25:33","modified_gmt":"2024-06-10T07:25:33","slug":"day-parking","status":"publish","type":"page","link":"https:\/\/www.suviseurat.fi/2024\/en\/traffic\/day-parking\/","title":{"rendered":"Day parking"},"content":{"rendered":"\n<h3><strong>Parking areas for day visitors<\/strong><\/h3>\n<p>There are five daytime parking areas (P1-P5) in the service area. Parking areas P2-P4 are located at the east end of the service area and P5 at the west end of the service area. P1 is reserved for invited guests. Coming from Kuusamontie, the parking area is accessed via T\u00f6rr\u00f6nti road before entering the service area and along the service road at the western end. Traffic controllers will guide you to the parking spaces.<\/p>\n<p><img loading=\"lazy\" decoding=\"async\" class=\"alignnone size-full wp-image-18342\" src=\"https:\/\/www.suviseurat.fi/2024\/wp-content\/uploads\/2023\/06\/P-opaste.png\" alt=\"\" width=\"184\" height=\"188\"><\/p>\n<p>The mobility impaired day parking area is located close to the bus station, on the edge of the service area. You enter and exit the parking area via Lent\u00e4j\u00e4ntien. To find the area, first follow the INVA sign and then the P-inva sign.<\/p>\n<p><img loading=\"lazy\" decoding=\"async\" class=\"alignnone size-full wp-image-18128\" src=\"https:\/\/www.suviseurat.fi/2024\/wp-content\/uploads\/2023\/06\/inva.png\" alt=\"\" width=\"221\" height=\"234\"><\/p>\n<p> <\/p>\n<h3><strong>Paying for day parking<\/strong><\/h3>\n<p>Day parking costs \u20ac5.<\/p>\n<p>The payment can be made by<\/p>\n<ul>\n<li>MobilePay to <a href=\"https:\/\/mobilepay.fi\/Yrityksille\/Maksulinkki\/maksulinkki-vastaus?phone=10307\" target=\"_blank\" rel=\"noopener\">10307<\/a><\/li>\n<li>Summer Service <a href=\"https:\/\/kenttamaksu.suviseurat.fi\/\">online shop<\/a><\/li>\n<li>Main service area, at the payment for lodging.<\/li>\n<\/ul>\n<p>A receipt for the payment must be kept. There is no need to print a separate ticket. Day parking and lodging fees are collected to cover the costs of building and organising the Summer Services.<\/p>\n<p> <\/p>\n","protected":false},"excerpt":{"rendered":"<p>Parking areas for day visitors There are five daytime parking areas (P1-P5) in the service<a class=\"moretag\" href=\"https:\/\/www.suviseurat.fi/2024\/en\/traffic\/day-parking\/\">Jatka lukemista ><\/a><\/p>\n","protected":false},"author":28,"featured_media":0,"parent":20268,"menu_order":6,"comment_status":"closed","ping_status":"closed","template":"","meta":{"_acf_changed":false,"footnotes":""},"class_list":["post-20219","page","type-page","status-publish","hentry"],"acf":[],"yoast_head":"<!-- This site is optimized with the Yoast SEO plugin v23.3 - https:\/\/yoast.com\/wordpress\/plugins\/seo\/ -->\n<title>Day parking - SRK:n Suviseurat Pudasj\u00e4rvell\u00e4 2024<\/title>\n<meta name=\"description\" content=\"Parking areas for day visitors There are five daytime parking areas (P1-P5) in the service area. Parking areas P2-P4 are located at the east end of the\" \/>\n<meta name=\"robots\" content=\"index, follow, max-snippet:-1, max-image-preview:large, max-video-preview:-1\" \/>\n<link rel=\"canonical\" href=\"https:\/\/www.suviseurat.fi/2024\/en\/traffic\/day-parking\/\" \/>\n<meta property=\"og:locale\" content=\"en_US\" \/>\n<meta property=\"og:type\" content=\"article\" \/>\n<meta property=\"og:title\" content=\"Day parking - SRK:n Suviseurat Pudasj\u00e4rvell\u00e4 2024\" \/>\n<meta property=\"og:description\" content=\"Parking areas for day visitors There are five daytime parking areas (P1-P5) in the service area. Parking areas P2-P4 are located at the east end of the\" \/>\n<meta property=\"og:url\" content=\"https:\/\/www.suviseurat.fi/2024\/en\/traffic\/day-parking\/\" \/>\n<meta property=\"og:site_name\" content=\"SRK:n Suviseurat Pudasj\u00e4rvell\u00e4 2024\" \/>\n<meta property=\"article:publisher\" content=\"https:\/\/www.facebook.com\/SRKryNyt\/\" \/>\n<meta property=\"article:modified_time\" content=\"2024-06-10T07:25:33+00:00\" \/>\n<meta property=\"og:image\" content=\"https:\/\/www.suviseurat.fi/2024\/wp-content\/uploads\/2023\/06\/P-opaste.png\" \/>\n<meta name=\"twitter:card\" content=\"summary_large_image\" \/>\n<meta name=\"twitter:site\" content=\"@Suviseurat\" \/>\n<meta name=\"twitter:label1\" content=\"Est. reading time\" \/>\n\t<meta name=\"twitter:data1\" content=\"1 minute\" \/>\n<script type=\"application\/ld+json\" class=\"yoast-schema-graph\">{\"@context\":\"https:\/\/schema.org\",\"@graph\":[{\"@type\":\"WebPage\",\"@id\":\"https:\/\/www.suviseurat.fi/2024\/en\/traffic\/day-parking\/\",\"url\":\"https:\/\/www.suviseurat.fi/2024\/en\/traffic\/day-parking\/\",\"name\":\"Day parking - SRK:n Suviseurat Pudasj\u00e4rvell\u00e4 2024\",\"isPartOf\":{\"@id\":\"https:\/\/www.suviseurat.fi/2024\/#website\"},\"primaryImageOfPage\":{\"@id\":\"https:\/\/www.suviseurat.fi/2024\/en\/traffic\/day-parking\/#primaryimage\"},\"image\":{\"@id\":\"https:\/\/www.suviseurat.fi/2024\/en\/traffic\/day-parking\/#primaryimage\"},\"thumbnailUrl\":\"https:\/\/www.suviseurat.fi/2024\/wp-content\/uploads\/2023\/06\/P-opaste.png\",\"datePublished\":\"2023-06-18T18:23:41+00:00\",\"dateModified\":\"2024-06-10T07:25:33+00:00\",\"description\":\"Parking areas for day visitors There are five daytime parking areas (P1-P5) in the service area. Parking areas P2-P4 are located at the east end of the\",\"breadcrumb\":{\"@id\":\"https:\/\/www.suviseurat.fi/2024\/en\/traffic\/day-parking\/#breadcrumb\"},\"inLanguage\":\"en-US\",\"potentialAction\":[{\"@type\":\"ReadAction\",\"target\":[\"https:\/\/www.suviseurat.fi/2024\/en\/traffic\/day-parking\/\"]}]},{\"@type\":\"ImageObject\",\"inLanguage\":\"en-US\",\"@id\":\"https:\/\/www.suviseurat.fi/2024\/en\/traffic\/day-parking\/#primaryimage\",\"url\":\"https:\/\/www.suviseurat.fi/2024\/wp-content\/uploads\/2023\/06\/P-opaste.png\",\"contentUrl\":\"https:\/\/www.suviseurat.fi/2024\/wp-content\/uploads\/2023\/06\/P-opaste.png\"},{\"@type\":\"BreadcrumbList\",\"@id\":\"https:\/\/www.suviseurat.fi/2024\/en\/traffic\/day-parking\/#breadcrumb\",\"itemListElement\":[{\"@type\":\"ListItem\",\"position\":1,\"name\":\"Etusivu\",\"item\":\"https:\/\/www.suviseurat.fi/2024\/en\/\"},{\"@type\":\"ListItem\",\"position\":2,\"name\":\"Traffic\",\"item\":\"https:\/\/www.suviseurat.fi/2024\/en\/traffic\/\"},{\"@type\":\"ListItem\",\"position\":3,\"name\":\"Day parking\"}]},{\"@type\":\"WebSite\",\"@id\":\"https:\/\/www.suviseurat.fi/2024\/#website\",\"url\":\"https:\/\/www.suviseurat.fi/2024\/\",\"name\":\"SRK:n Suviseurat Pudasj\u00e4rvell\u00e4 2024\",\"description\":\"Olenko min\u00e4 sinulle rakas?\",\"publisher\":{\"@id\":\"https:\/\/www.suviseurat.fi/2024\/#organization\"},\"potentialAction\":[{\"@type\":\"SearchAction\",\"target\":{\"@type\":\"EntryPoint\",\"urlTemplate\":\"https:\/\/www.suviseurat.fi/2024\/?s={search_term_string}\"},\"query-input\":\"required name=search_term_string\"}],\"inLanguage\":\"en-US\"},{\"@type\":\"Organization\",\"@id\":\"https:\/\/www.suviseurat.fi/2024\/#organization\",\"name\":\"Suviseurat\",\"url\":\"https:\/\/www.suviseurat.fi/2024\/\",\"logo\":{\"@type\":\"ImageObject\",\"inLanguage\":\"en-US\",\"@id\":\"https:\/\/www.suviseurat.fi/2024\/#\/schema\/logo\/image\/\",\"url\":\"https:\/\/www.suviseurat.fi/2024\/wp-content\/uploads\/2023\/10\/tunnus-nelio.jpg\",\"contentUrl\":\"https:\/\/www.suviseurat.fi/2024\/wp-content\/uploads\/2023\/10\/tunnus-nelio.jpg\",\"width\":1000,\"height\":1000,\"caption\":\"Suviseurat\"},\"image\":{\"@id\":\"https:\/\/www.suviseurat.fi/2024\/#\/schema\/logo\/image\/\"},\"sameAs\":[\"https:\/\/www.facebook.com\/SRKryNyt\/\",\"https:\/\/x.com\/Suviseurat\",\"https:\/\/www.facebook.com\/srksuviseurat\/\",\"https:\/\/www.youtube.com\/@SRKnyt\",\"https:\/\/www.instagram.com\/srk_nyt\/\",\"https:\/\/www.flickr.com\/photos\/suviseurat\"]}]}<\/script>\n<!-- \/ Yoast SEO plugin. -->","yoast_head_json":{"title":"Day parking - SRK:n Suviseurat Pudasj\u00e4rvell\u00e4 2024","description":"Parking areas for day visitors There are five daytime parking areas (P1-P5) in the service area. Parking areas P2-P4 are located at the east end of the","robots":{"index":"index","follow":"follow","max-snippet":"max-snippet:-1","max-image-preview":"max-image-preview:large","max-video-preview":"max-video-preview:-1"},"canonical":"https:\/\/www.suviseurat.fi/2024\/en\/traffic\/day-parking\/","og_locale":"en_US","og_type":"article","og_title":"Day parking - SRK:n Suviseurat Pudasj\u00e4rvell\u00e4 2024","og_description":"Parking areas for day visitors There are five daytime parking areas (P1-P5) in the service area. Parking areas P2-P4 are located at the east end of the","og_url":"https:\/\/www.suviseurat.fi/2024\/en\/traffic\/day-parking\/","og_site_name":"SRK:n Suviseurat Pudasj\u00e4rvell\u00e4 2024","article_publisher":"https:\/\/www.facebook.com\/SRKryNyt\/","article_modified_time":"2024-06-10T07:25:33+00:00","og_image":[{"url":"https:\/\/www.suviseurat.fi/2024\/wp-content\/uploads\/2023\/06\/P-opaste.png"}],"twitter_card":"summary_large_image","twitter_site":"@Suviseurat","twitter_misc":{"Est. reading time":"1 minute"},"schema":{"@context":"https:\/\/schema.org","@graph":[{"@type":"WebPage","@id":"https:\/\/www.suviseurat.fi/2024\/en\/traffic\/day-parking\/","url":"https:\/\/www.suviseurat.fi/2024\/en\/traffic\/day-parking\/","name":"Day parking - SRK:n Suviseurat Pudasj\u00e4rvell\u00e4 2024","isPartOf":{"@id":"https:\/\/www.suviseurat.fi/2024\/#website"},"primaryImageOfPage":{"@id":"https:\/\/www.suviseurat.fi/2024\/en\/traffic\/day-parking\/#primaryimage"},"image":{"@id":"https:\/\/www.suviseurat.fi/2024\/en\/traffic\/day-parking\/#primaryimage"},"thumbnailUrl":"https:\/\/www.suviseurat.fi/2024\/wp-content\/uploads\/2023\/06\/P-opaste.png","datePublished":"2023-06-18T18:23:41+00:00","dateModified":"2024-06-10T07:25:33+00:00","description":"Parking areas for day visitors There are five daytime parking areas (P1-P5) in the service area. Parking areas P2-P4 are located at the east end of the","breadcrumb":{"@id":"https:\/\/www.suviseurat.fi/2024\/en\/traffic\/day-parking\/#breadcrumb"},"inLanguage":"en-US","potentialAction":[{"@type":"ReadAction","target":["https:\/\/www.suviseurat.fi/2024\/en\/traffic\/day-parking\/"]}]},{"@type":"ImageObject","inLanguage":"en-US","@id":"https:\/\/www.suviseurat.fi/2024\/en\/traffic\/day-parking\/#primaryimage","url":"https:\/\/www.suviseurat.fi/2024\/wp-content\/uploads\/2023\/06\/P-opaste.png","contentUrl":"https:\/\/www.suviseurat.fi/2024\/wp-content\/uploads\/2023\/06\/P-opaste.png"},{"@type":"BreadcrumbList","@id":"https:\/\/www.suviseurat.fi/2024\/en\/traffic\/day-parking\/#breadcrumb","itemListElement":[{"@type":"ListItem","position":1,"name":"Etusivu","item":"https:\/\/www.suviseurat.fi/2024\/en\/"},{"@type":"ListItem","position":2,"name":"Traffic","item":"https:\/\/www.suviseurat.fi/2024\/en\/traffic\/"},{"@type":"ListItem","position":3,"name":"Day parking"}]},{"@type":"WebSite","@id":"https:\/\/www.suviseurat.fi/2024\/#website","url":"https:\/\/www.suviseurat.fi/2024\/","name":"SRK:n Suviseurat Pudasj\u00e4rvell\u00e4 2024","description":"Olenko min\u00e4 sinulle rakas?","publisher":{"@id":"https:\/\/www.suviseurat.fi/2024\/#organization"},"potentialAction":[{"@type":"SearchAction","target":{"@type":"EntryPoint","urlTemplate":"https:\/\/www.suviseurat.fi/2024\/?s={search_term_string}"},"query-input":"required name=search_term_string"}],"inLanguage":"en-US"},{"@type":"Organization","@id":"https:\/\/www.suviseurat.fi/2024\/#organization","name":"Suviseurat","url":"https:\/\/www.suviseurat.fi/2024\/","logo":{"@type":"ImageObject","inLanguage":"en-US","@id":"https:\/\/www.suviseurat.fi/2024\/#\/schema\/logo\/image\/","url":"https:\/\/www.suviseurat.fi/2024\/wp-content\/uploads\/2023\/10\/tunnus-nelio.jpg","contentUrl":"https:\/\/www.suviseurat.fi/2024\/wp-content\/uploads\/2023\/10\/tunnus-nelio.jpg","width":1000,"height":1000,"caption":"Suviseurat"},"image":{"@id":"https:\/\/www.suviseurat.fi/2024\/#\/schema\/logo\/image\/"},"sameAs":["https:\/\/www.facebook.com\/SRKryNyt\/","https:\/\/x.com\/Suviseurat","https:\/\/www.facebook.com\/srksuviseurat\/","https:\/\/www.youtube.com\/@SRKnyt","https:\/\/www.instagram.com\/srk_nyt\/","https:\/\/www.flickr.com\/photos\/suviseurat"]}]}},"_links":{"self":[{"href":"https:\/\/www.suviseurat.fi/2024\/en\/wp-json\/wp\/v2\/pages\/20219"}],"collection":[{"href":"https:\/\/www.suviseurat.fi/2024\/en\/wp-json\/wp\/v2\/pages"}],"about":[{"href":"https:\/\/www.suviseurat.fi/2024\/en\/wp-json\/wp\/v2\/types\/page"}],"author":[{"embeddable":true,"href":"https:\/\/www.suviseurat.fi/2024\/en\/wp-json\/wp\/v2\/users\/28"}],"replies":[{"embeddable":true,"href":"https:\/\/www.suviseurat.fi/2024\/en\/wp-json\/wp\/v2\/comments?post=20219"}],"version-history":[{"count":1,"href":"https:\/\/www.suviseurat.fi/2024\/en\/wp-json\/wp\/v2\/pages\/20219\/revisions"}],"predecessor-version":[{"id":20220,"href":"https:\/\/www.suviseurat.fi/2024\/en\/wp-json\/wp\/v2\/pages\/20219\/revisions\/20220"}],"up":[{"embeddable":true,"href":"https:\/\/www.suviseurat.fi/2024\/en\/wp-json\/wp\/v2\/pages\/20268"}],"wp:attachment":[{"href":"https:\/\/www.suviseurat.fi/2024\/en\/wp-json\/wp\/v2\/media?parent=20219"}],"curies":[{"name":"wp","href":"https:\/\/api.w.org\/{rel}","templated":true}]}}