{"id":20226,"date":"2024-05-14T15:32:20","date_gmt":"2024-05-14T12:32:20","guid":{"rendered":"https:\/\/www.suviseurat.fi/2024\/cleanliness-and-sanitation\/"},"modified":"2024-06-10T10:20:00","modified_gmt":"2024-06-10T07:20:00","slug":"cleanliness-and-sanitation","status":"publish","type":"page","link":"https:\/\/www.suviseurat.fi/2024\/en\/instructions\/cleanliness-and-sanitation\/","title":{"rendered":"Cleanliness and sanitation"},"content":{"rendered":"<p><b>Recycle waste and take waste water to recycling points<\/b><\/p>\n<p><span style=\"font-weight: 400\">Waste management in the service area is carried out in accordance with the waste management regulations. <strong>There are 13 sorting points withinin the area. They are located near the toilets.<\/strong><\/span><\/p>\n<p>There is an emptying point for the toilet cassetts near the toilets. There are also a few emptying points for cassett toilets throughout the area. <strong>Grey waste water from recreational vehicles (including those in paved areas) should be collected and disposed of in appropriate containers, as a large part of the accommodation area is groundwater area.<\/strong> The groundwater area is marked on the service map.<\/p>\n<p>Waste is sorted according to the information boards: glass, small metal, biowaste and mixed waste. It&#8217;s a good idea to sort them already at the place of accommodation.<\/p>\n<p><a href=\"https:\/\/www.suviseurat.fi/2024\/wp-content\/uploads\/2024\/05\/Jatteiden-lajitteluohje.jpg\"><img loading=\"lazy\" decoding=\"async\" class=\"alignnone wp-image-19740 \" src=\"https:\/\/www.suviseurat.fi/2024\/wp-content\/uploads\/2024\/05\/Jatteiden-lajitteluohje-1024x576.jpg\" alt=\"\" width=\"703\" height=\"396\" srcset=\"https:\/\/www.suviseurat.fi/2024\/wp-content\/uploads\/2024\/05\/Jatteiden-lajitteluohje-1024x576.jpg 1024w, https:\/\/www.suviseurat.fi/2024\/wp-content\/uploads\/2024\/05\/Jatteiden-lajitteluohje-768x432.jpg 768w, https:\/\/www.suviseurat.fi/2024\/wp-content\/uploads\/2024\/05\/Jatteiden-lajitteluohje-1536x864.jpg 1536w, https:\/\/www.suviseurat.fi/2024\/wp-content\/uploads\/2024\/05\/Jatteiden-lajitteluohje.jpg 1600w\" sizes=\"(max-width: 703px) 100vw, 703px\" \/><\/a><\/p>\n<p>The collection point for hazardous waste, electronic waste (WEEE), batteries, and accumulators is located in the vicinity of the maintenance office. Batteries can also be returned to the battery collection bins in the shops. In case of doubt, ask the sanitation office for instructions.<\/p>\n<p><strong>Service Guest! Take responsibility by doing your bit to keep the service area tidy. When you leave the service area, please clean up your lodging area!<\/strong><\/p>\n","protected":false},"excerpt":{"rendered":"<p>Recycle waste and take waste water to recycling points Waste management in the service area<a class=\"moretag\" href=\"https:\/\/www.suviseurat.fi/2024\/en\/instructions\/cleanliness-and-sanitation\/\">Jatka lukemista ><\/a><\/p>\n","protected":false},"author":19,"featured_media":0,"parent":20264,"menu_order":7,"comment_status":"closed","ping_status":"closed","template":"","meta":{"_acf_changed":false,"footnotes":""},"class_list":["post-20226","page","type-page","status-publish","hentry"],"acf":[],"yoast_head":"<!-- This site is optimized with the Yoast SEO plugin v23.3 - https:\/\/yoast.com\/wordpress\/plugins\/seo\/ -->\n<title>Cleanliness and sanitation - SRK:n Suviseurat Pudasj\u00e4rvell\u00e4 2024<\/title>\n<meta name=\"description\" content=\"Recycle waste and take waste water to recycling points Waste management in the service area is carried out in accordance with the waste management\" \/>\n<meta name=\"robots\" content=\"index, follow, max-snippet:-1, max-image-preview:large, max-video-preview:-1\" \/>\n<link rel=\"canonical\" href=\"https:\/\/www.suviseurat.fi/2024\/en\/instructions\/cleanliness-and-sanitation\/\" \/>\n<meta property=\"og:locale\" content=\"en_US\" \/>\n<meta property=\"og:type\" content=\"article\" \/>\n<meta property=\"og:title\" content=\"Cleanliness and sanitation - SRK:n Suviseurat Pudasj\u00e4rvell\u00e4 2024\" \/>\n<meta property=\"og:description\" content=\"Recycle waste and take waste water to recycling points Waste management in the service area is carried out in accordance with the waste management\" \/>\n<meta property=\"og:url\" content=\"https:\/\/www.suviseurat.fi/2024\/en\/instructions\/cleanliness-and-sanitation\/\" \/>\n<meta property=\"og:site_name\" content=\"SRK:n Suviseurat Pudasj\u00e4rvell\u00e4 2024\" \/>\n<meta property=\"article:publisher\" content=\"https:\/\/www.facebook.com\/SRKryNyt\/\" \/>\n<meta property=\"article:modified_time\" content=\"2024-06-10T07:20:00+00:00\" \/>\n<meta property=\"og:image\" content=\"https:\/\/www.suviseurat.fi/2024\/wp-content\/uploads\/2024\/05\/Jatteiden-lajitteluohje-1024x576.jpg\" \/>\n<meta name=\"twitter:card\" content=\"summary_large_image\" \/>\n<meta name=\"twitter:site\" content=\"@Suviseurat\" \/>\n<meta name=\"twitter:label1\" content=\"Est. reading time\" \/>\n\t<meta name=\"twitter:data1\" content=\"1 minute\" \/>\n<script type=\"application\/ld+json\" class=\"yoast-schema-graph\">{\"@context\":\"https:\/\/schema.org\",\"@graph\":[{\"@type\":\"WebPage\",\"@id\":\"https:\/\/www.suviseurat.fi/2024\/en\/instructions\/cleanliness-and-sanitation\/\",\"url\":\"https:\/\/www.suviseurat.fi/2024\/en\/instructions\/cleanliness-and-sanitation\/\",\"name\":\"Cleanliness and sanitation - SRK:n Suviseurat Pudasj\u00e4rvell\u00e4 2024\",\"isPartOf\":{\"@id\":\"https:\/\/www.suviseurat.fi/2024\/#website\"},\"primaryImageOfPage\":{\"@id\":\"https:\/\/www.suviseurat.fi/2024\/en\/instructions\/cleanliness-and-sanitation\/#primaryimage\"},\"image\":{\"@id\":\"https:\/\/www.suviseurat.fi/2024\/en\/instructions\/cleanliness-and-sanitation\/#primaryimage\"},\"thumbnailUrl\":\"https:\/\/www.suviseurat.fi/2024\/wp-content\/uploads\/2024\/05\/Jatteiden-lajitteluohje-1024x576.jpg\",\"datePublished\":\"2024-05-14T12:32:20+00:00\",\"dateModified\":\"2024-06-10T07:20:00+00:00\",\"description\":\"Recycle waste and take waste water to recycling points Waste management in the service area is carried out in accordance with the waste management\",\"breadcrumb\":{\"@id\":\"https:\/\/www.suviseurat.fi/2024\/en\/instructions\/cleanliness-and-sanitation\/#breadcrumb\"},\"inLanguage\":\"en-US\",\"potentialAction\":[{\"@type\":\"ReadAction\",\"target\":[\"https:\/\/www.suviseurat.fi/2024\/en\/instructions\/cleanliness-and-sanitation\/\"]}]},{\"@type\":\"ImageObject\",\"inLanguage\":\"en-US\",\"@id\":\"https:\/\/www.suviseurat.fi/2024\/en\/instructions\/cleanliness-and-sanitation\/#primaryimage\",\"url\":\"https:\/\/www.suviseurat.fi/2024\/wp-content\/uploads\/2024\/05\/Jatteiden-lajitteluohje-1024x576.jpg\",\"contentUrl\":\"https:\/\/www.suviseurat.fi/2024\/wp-content\/uploads\/2024\/05\/Jatteiden-lajitteluohje-1024x576.jpg\"},{\"@type\":\"BreadcrumbList\",\"@id\":\"https:\/\/www.suviseurat.fi/2024\/en\/instructions\/cleanliness-and-sanitation\/#breadcrumb\",\"itemListElement\":[{\"@type\":\"ListItem\",\"position\":1,\"name\":\"Etusivu\",\"item\":\"https:\/\/www.suviseurat.fi/2024\/en\/\"},{\"@type\":\"ListItem\",\"position\":2,\"name\":\"Instructions\",\"item\":\"https:\/\/www.suviseurat.fi/2024\/en\/instructions\/\"},{\"@type\":\"ListItem\",\"position\":3,\"name\":\"Cleanliness and sanitation\"}]},{\"@type\":\"WebSite\",\"@id\":\"https:\/\/www.suviseurat.fi/2024\/#website\",\"url\":\"https:\/\/www.suviseurat.fi/2024\/\",\"name\":\"SRK:n Suviseurat Pudasj\u00e4rvell\u00e4 2024\",\"description\":\"Olenko min\u00e4 sinulle rakas?\",\"publisher\":{\"@id\":\"https:\/\/www.suviseurat.fi/2024\/#organization\"},\"potentialAction\":[{\"@type\":\"SearchAction\",\"target\":{\"@type\":\"EntryPoint\",\"urlTemplate\":\"https:\/\/www.suviseurat.fi/2024\/?s={search_term_string}\"},\"query-input\":\"required name=search_term_string\"}],\"inLanguage\":\"en-US\"},{\"@type\":\"Organization\",\"@id\":\"https:\/\/www.suviseurat.fi/2024\/#organization\",\"name\":\"Suviseurat\",\"url\":\"https:\/\/www.suviseurat.fi/2024\/\",\"logo\":{\"@type\":\"ImageObject\",\"inLanguage\":\"en-US\",\"@id\":\"https:\/\/www.suviseurat.fi/2024\/#\/schema\/logo\/image\/\",\"url\":\"https:\/\/www.suviseurat.fi/2024\/wp-content\/uploads\/2023\/10\/tunnus-nelio.jpg\",\"contentUrl\":\"https:\/\/www.suviseurat.fi/2024\/wp-content\/uploads\/2023\/10\/tunnus-nelio.jpg\",\"width\":1000,\"height\":1000,\"caption\":\"Suviseurat\"},\"image\":{\"@id\":\"https:\/\/www.suviseurat.fi/2024\/#\/schema\/logo\/image\/\"},\"sameAs\":[\"https:\/\/www.facebook.com\/SRKryNyt\/\",\"https:\/\/x.com\/Suviseurat\",\"https:\/\/www.facebook.com\/srksuviseurat\/\",\"https:\/\/www.youtube.com\/@SRKnyt\",\"https:\/\/www.instagram.com\/srk_nyt\/\",\"https:\/\/www.flickr.com\/photos\/suviseurat\"]}]}<\/script>\n<!-- \/ Yoast SEO plugin. -->","yoast_head_json":{"title":"Cleanliness and sanitation - SRK:n Suviseurat Pudasj\u00e4rvell\u00e4 2024","description":"Recycle waste and take waste water to recycling points Waste management in the service area is carried out in accordance with the waste management","robots":{"index":"index","follow":"follow","max-snippet":"max-snippet:-1","max-image-preview":"max-image-preview:large","max-video-preview":"max-video-preview:-1"},"canonical":"https:\/\/www.suviseurat.fi/2024\/en\/instructions\/cleanliness-and-sanitation\/","og_locale":"en_US","og_type":"article","og_title":"Cleanliness and sanitation - SRK:n Suviseurat Pudasj\u00e4rvell\u00e4 2024","og_description":"Recycle waste and take waste water to recycling points Waste management in the service area is carried out in accordance with the waste management","og_url":"https:\/\/www.suviseurat.fi/2024\/en\/instructions\/cleanliness-and-sanitation\/","og_site_name":"SRK:n Suviseurat Pudasj\u00e4rvell\u00e4 2024","article_publisher":"https:\/\/www.facebook.com\/SRKryNyt\/","article_modified_time":"2024-06-10T07:20:00+00:00","og_image":[{"url":"https:\/\/www.suviseurat.fi/2024\/wp-content\/uploads\/2024\/05\/Jatteiden-lajitteluohje-1024x576.jpg"}],"twitter_card":"summary_large_image","twitter_site":"@Suviseurat","twitter_misc":{"Est. reading time":"1 minute"},"schema":{"@context":"https:\/\/schema.org","@graph":[{"@type":"WebPage","@id":"https:\/\/www.suviseurat.fi/2024\/en\/instructions\/cleanliness-and-sanitation\/","url":"https:\/\/www.suviseurat.fi/2024\/en\/instructions\/cleanliness-and-sanitation\/","name":"Cleanliness and sanitation - SRK:n Suviseurat Pudasj\u00e4rvell\u00e4 2024","isPartOf":{"@id":"https:\/\/www.suviseurat.fi/2024\/#website"},"primaryImageOfPage":{"@id":"https:\/\/www.suviseurat.fi/2024\/en\/instructions\/cleanliness-and-sanitation\/#primaryimage"},"image":{"@id":"https:\/\/www.suviseurat.fi/2024\/en\/instructions\/cleanliness-and-sanitation\/#primaryimage"},"thumbnailUrl":"https:\/\/www.suviseurat.fi/2024\/wp-content\/uploads\/2024\/05\/Jatteiden-lajitteluohje-1024x576.jpg","datePublished":"2024-05-14T12:32:20+00:00","dateModified":"2024-06-10T07:20:00+00:00","description":"Recycle waste and take waste water to recycling points Waste management in the service area is carried out in accordance with the waste management","breadcrumb":{"@id":"https:\/\/www.suviseurat.fi/2024\/en\/instructions\/cleanliness-and-sanitation\/#breadcrumb"},"inLanguage":"en-US","potentialAction":[{"@type":"ReadAction","target":["https:\/\/www.suviseurat.fi/2024\/en\/instructions\/cleanliness-and-sanitation\/"]}]},{"@type":"ImageObject","inLanguage":"en-US","@id":"https:\/\/www.suviseurat.fi/2024\/en\/instructions\/cleanliness-and-sanitation\/#primaryimage","url":"https:\/\/www.suviseurat.fi/2024\/wp-content\/uploads\/2024\/05\/Jatteiden-lajitteluohje-1024x576.jpg","contentUrl":"https:\/\/www.suviseurat.fi/2024\/wp-content\/uploads\/2024\/05\/Jatteiden-lajitteluohje-1024x576.jpg"},{"@type":"BreadcrumbList","@id":"https:\/\/www.suviseurat.fi/2024\/en\/instructions\/cleanliness-and-sanitation\/#breadcrumb","itemListElement":[{"@type":"ListItem","position":1,"name":"Etusivu","item":"https:\/\/www.suviseurat.fi/2024\/en\/"},{"@type":"ListItem","position":2,"name":"Instructions","item":"https:\/\/www.suviseurat.fi/2024\/en\/instructions\/"},{"@type":"ListItem","position":3,"name":"Cleanliness and sanitation"}]},{"@type":"WebSite","@id":"https:\/\/www.suviseurat.fi/2024\/#website","url":"https:\/\/www.suviseurat.fi/2024\/","name":"SRK:n Suviseurat Pudasj\u00e4rvell\u00e4 2024","description":"Olenko min\u00e4 sinulle rakas?","publisher":{"@id":"https:\/\/www.suviseurat.fi/2024\/#organization"},"potentialAction":[{"@type":"SearchAction","target":{"@type":"EntryPoint","urlTemplate":"https:\/\/www.suviseurat.fi/2024\/?s={search_term_string}"},"query-input":"required name=search_term_string"}],"inLanguage":"en-US"},{"@type":"Organization","@id":"https:\/\/www.suviseurat.fi/2024\/#organization","name":"Suviseurat","url":"https:\/\/www.suviseurat.fi/2024\/","logo":{"@type":"ImageObject","inLanguage":"en-US","@id":"https:\/\/www.suviseurat.fi/2024\/#\/schema\/logo\/image\/","url":"https:\/\/www.suviseurat.fi/2024\/wp-content\/uploads\/2023\/10\/tunnus-nelio.jpg","contentUrl":"https:\/\/www.suviseurat.fi/2024\/wp-content\/uploads\/2023\/10\/tunnus-nelio.jpg","width":1000,"height":1000,"caption":"Suviseurat"},"image":{"@id":"https:\/\/www.suviseurat.fi/2024\/#\/schema\/logo\/image\/"},"sameAs":["https:\/\/www.facebook.com\/SRKryNyt\/","https:\/\/x.com\/Suviseurat","https:\/\/www.facebook.com\/srksuviseurat\/","https:\/\/www.youtube.com\/@SRKnyt","https:\/\/www.instagram.com\/srk_nyt\/","https:\/\/www.flickr.com\/photos\/suviseurat"]}]}},"_links":{"self":[{"href":"https:\/\/www.suviseurat.fi/2024\/en\/wp-json\/wp\/v2\/pages\/20226"}],"collection":[{"href":"https:\/\/www.suviseurat.fi/2024\/en\/wp-json\/wp\/v2\/pages"}],"about":[{"href":"https:\/\/www.suviseurat.fi/2024\/en\/wp-json\/wp\/v2\/types\/page"}],"author":[{"embeddable":true,"href":"https:\/\/www.suviseurat.fi/2024\/en\/wp-json\/wp\/v2\/users\/19"}],"replies":[{"embeddable":true,"href":"https:\/\/www.suviseurat.fi/2024\/en\/wp-json\/wp\/v2\/comments?post=20226"}],"version-history":[{"count":1,"href":"https:\/\/www.suviseurat.fi/2024\/en\/wp-json\/wp\/v2\/pages\/20226\/revisions"}],"predecessor-version":[{"id":20265,"href":"https:\/\/www.suviseurat.fi/2024\/en\/wp-json\/wp\/v2\/pages\/20226\/revisions\/20265"}],"up":[{"embeddable":true,"href":"https:\/\/www.suviseurat.fi/2024\/en\/wp-json\/wp\/v2\/pages\/20264"}],"wp:attachment":[{"href":"https:\/\/www.suviseurat.fi/2024\/en\/wp-json\/wp\/v2\/media?parent=20226"}],"curies":[{"name":"wp","href":"https:\/\/api.w.org\/{rel}","templated":true}]}}