{"id":20234,"date":"2024-05-14T15:15:46","date_gmt":"2024-05-14T12:15:46","guid":{"rendered":"https:\/\/www.suviseurat.fi/2024\/elders-and-people-with-reduced-mobility\/"},"modified":"2024-06-10T10:21:59","modified_gmt":"2024-06-10T07:21:59","slug":"elders-and-people-with-reduced-mobility","status":"publish","type":"page","link":"https:\/\/www.suviseurat.fi/2024\/en\/field-services\/elders-and-people-with-reduced-mobility\/","title":{"rendered":"Elders and people with reduced mobility"},"content":{"rendered":"\n<h3><b>Rest area for elderly and people with reduced mobility<\/b><\/h3>\n<p><span style=\"font-weight: 400\">Intended for guests who, due to their age or reduced mobility, need a place to rest. There are no refreshments at the rest area for the elderly. The elderly will be offered communion at the rest area on Saturday at the same time when the communion service begins in the service tent. Tel. +358 40 1320 743<\/span><\/p>\n<p>The rest area for the elderly and people with reduced mobility has a charging point for medical equipment and assistive devices.<\/p>\n<table style=\"border-collapse: collapse;width: 60.7474%;height: 92px\">\n<tbody>\n<tr style=\"height: 23px\">\n<td style=\"width: 44.0667%;height: 23px\"><b>Rest area for the elderly people with reduced mobility is open<\/b><\/td>\n<td style=\"width: 12.0001%;height: 23px\"> <\/td>\n<\/tr>\n<tr style=\"height: 23px\">\n<td style=\"width: 44.0667%;height: 23px\"><span style=\"font-weight: 400\">Thursday<\/span><\/td>\n<td style=\"width: 12.0001%;height: 23px\"><span style=\"font-weight: 400\">12 &#8211; 8 p.m.<\/span><\/td>\n<\/tr>\n<tr style=\"height: 23px\">\n<td style=\"width: 44.0667%;height: 23px\"><span style=\"font-weight: 400\">Friday-Sunday<\/span><\/td>\n<td style=\"width: 12.0001%;height: 23px\"><span style=\"font-weight: 400\">9 a.m. to 8 p.m.<\/span><\/td>\n<\/tr>\n<tr style=\"height: 23px\">\n<td style=\"width: 44.0667%;height: 23px\">Monday<\/td>\n<td style=\"width: 12.0001%;height: 23px\"><span style=\"font-weight: 400\">9 a.m. to 1 p.m. <\/span><\/td>\n<\/tr>\n<\/tbody>\n<\/table>\n<h3><b>Canteen for the elders and speakers<\/b><\/h3>\n<table style=\"border-collapse: collapse;width: 60.6911%\">\n<tbody>\n<tr>\n<td style=\"width: 45.1603%\"><b>Opening hours of the canteen for elders and speakers<\/b><\/td>\n<td style=\"width: 12.4692%\"> <\/td>\n<\/tr>\n<tr>\n<td style=\"width: 45.1603%\"><span style=\"font-weight: 400\">Friday<\/span><\/td>\n<td style=\"width: 12.4692%\"><span style=\"font-weight: 400\">3 &#8211; 10 p.m. <\/span><\/td>\n<\/tr>\n<tr>\n<td style=\"width: 45.1603%\"><span style=\"font-weight: 400\">Saturday-Sunday<\/span><\/td>\n<td style=\"width: 12.4692%\"><span style=\"font-weight: 400\">8 a.m. to 9 p.m.<\/span><\/td>\n<\/tr>\n<tr>\n<td style=\"width: 45.1603%\"><span style=\"font-weight: 400\">Monday<\/span><\/td>\n<td style=\"width: 12.4692%\"><span style=\"font-weight: 400\">8 a.m. to 2 p.m. <\/span><\/td>\n<\/tr>\n<\/tbody>\n<\/table>\n<p> <\/p>\n","protected":false},"excerpt":{"rendered":"<p>Rest area for elderly and people with reduced mobility Intended for guests who, due to<a class=\"moretag\" href=\"https:\/\/www.suviseurat.fi/2024\/en\/field-services\/elders-and-people-with-reduced-mobility\/\">Jatka lukemista ><\/a><\/p>\n","protected":false},"author":21,"featured_media":0,"parent":20266,"menu_order":9,"comment_status":"closed","ping_status":"closed","template":"","meta":{"_acf_changed":false,"footnotes":""},"class_list":["post-20234","page","type-page","status-publish","hentry"],"acf":[],"yoast_head":"<!-- This site is optimized with the Yoast SEO plugin v23.3 - https:\/\/yoast.com\/wordpress\/plugins\/seo\/ -->\n<title>Elders and people with reduced mobility - SRK:n Suviseurat Pudasj\u00e4rvell\u00e4 2024<\/title>\n<meta name=\"description\" content=\"Rest area for elderly and people with reduced mobility Intended for guests who, due to their age or reduced mobility, need a place to rest. There are no\" \/>\n<meta name=\"robots\" content=\"index, follow, max-snippet:-1, max-image-preview:large, max-video-preview:-1\" \/>\n<link rel=\"canonical\" href=\"https:\/\/www.suviseurat.fi/2024\/en\/field-services\/elders-and-people-with-reduced-mobility\/\" \/>\n<meta property=\"og:locale\" content=\"en_US\" \/>\n<meta property=\"og:type\" content=\"article\" \/>\n<meta property=\"og:title\" content=\"Elders and people with reduced mobility - SRK:n Suviseurat Pudasj\u00e4rvell\u00e4 2024\" \/>\n<meta property=\"og:description\" content=\"Rest area for elderly and people with reduced mobility Intended for guests who, due to their age or reduced mobility, need a place to rest. There are no\" \/>\n<meta property=\"og:url\" content=\"https:\/\/www.suviseurat.fi/2024\/en\/field-services\/elders-and-people-with-reduced-mobility\/\" \/>\n<meta property=\"og:site_name\" content=\"SRK:n Suviseurat Pudasj\u00e4rvell\u00e4 2024\" \/>\n<meta property=\"article:publisher\" content=\"https:\/\/www.facebook.com\/SRKryNyt\/\" \/>\n<meta property=\"article:modified_time\" content=\"2024-06-10T07:21:59+00:00\" \/>\n<meta name=\"twitter:card\" content=\"summary_large_image\" \/>\n<meta name=\"twitter:site\" content=\"@Suviseurat\" \/>\n<meta name=\"twitter:label1\" content=\"Est. reading time\" \/>\n\t<meta name=\"twitter:data1\" content=\"1 minute\" \/>\n<script type=\"application\/ld+json\" class=\"yoast-schema-graph\">{\"@context\":\"https:\/\/schema.org\",\"@graph\":[{\"@type\":\"WebPage\",\"@id\":\"https:\/\/www.suviseurat.fi/2024\/en\/field-services\/elders-and-people-with-reduced-mobility\/\",\"url\":\"https:\/\/www.suviseurat.fi/2024\/en\/field-services\/elders-and-people-with-reduced-mobility\/\",\"name\":\"Elders and people with reduced mobility - SRK:n Suviseurat Pudasj\u00e4rvell\u00e4 2024\",\"isPartOf\":{\"@id\":\"https:\/\/www.suviseurat.fi/2024\/#website\"},\"datePublished\":\"2024-05-14T12:15:46+00:00\",\"dateModified\":\"2024-06-10T07:21:59+00:00\",\"description\":\"Rest area for elderly and people with reduced mobility Intended for guests who, due to their age or reduced mobility, need a place to rest. There are no\",\"breadcrumb\":{\"@id\":\"https:\/\/www.suviseurat.fi/2024\/en\/field-services\/elders-and-people-with-reduced-mobility\/#breadcrumb\"},\"inLanguage\":\"en-US\",\"potentialAction\":[{\"@type\":\"ReadAction\",\"target\":[\"https:\/\/www.suviseurat.fi/2024\/en\/field-services\/elders-and-people-with-reduced-mobility\/\"]}]},{\"@type\":\"BreadcrumbList\",\"@id\":\"https:\/\/www.suviseurat.fi/2024\/en\/field-services\/elders-and-people-with-reduced-mobility\/#breadcrumb\",\"itemListElement\":[{\"@type\":\"ListItem\",\"position\":1,\"name\":\"Etusivu\",\"item\":\"https:\/\/www.suviseurat.fi/2024\/en\/\"},{\"@type\":\"ListItem\",\"position\":2,\"name\":\"Field Services\",\"item\":\"https:\/\/www.suviseurat.fi/2024\/en\/field-services\/\"},{\"@type\":\"ListItem\",\"position\":3,\"name\":\"Elders and people with reduced mobility\"}]},{\"@type\":\"WebSite\",\"@id\":\"https:\/\/www.suviseurat.fi/2024\/#website\",\"url\":\"https:\/\/www.suviseurat.fi/2024\/\",\"name\":\"SRK:n Suviseurat Pudasj\u00e4rvell\u00e4 2024\",\"description\":\"Olenko min\u00e4 sinulle rakas?\",\"publisher\":{\"@id\":\"https:\/\/www.suviseurat.fi/2024\/#organization\"},\"potentialAction\":[{\"@type\":\"SearchAction\",\"target\":{\"@type\":\"EntryPoint\",\"urlTemplate\":\"https:\/\/www.suviseurat.fi/2024\/?s={search_term_string}\"},\"query-input\":\"required name=search_term_string\"}],\"inLanguage\":\"en-US\"},{\"@type\":\"Organization\",\"@id\":\"https:\/\/www.suviseurat.fi/2024\/#organization\",\"name\":\"Suviseurat\",\"url\":\"https:\/\/www.suviseurat.fi/2024\/\",\"logo\":{\"@type\":\"ImageObject\",\"inLanguage\":\"en-US\",\"@id\":\"https:\/\/www.suviseurat.fi/2024\/#\/schema\/logo\/image\/\",\"url\":\"https:\/\/www.suviseurat.fi/2024\/wp-content\/uploads\/2023\/10\/tunnus-nelio.jpg\",\"contentUrl\":\"https:\/\/www.suviseurat.fi/2024\/wp-content\/uploads\/2023\/10\/tunnus-nelio.jpg\",\"width\":1000,\"height\":1000,\"caption\":\"Suviseurat\"},\"image\":{\"@id\":\"https:\/\/www.suviseurat.fi/2024\/#\/schema\/logo\/image\/\"},\"sameAs\":[\"https:\/\/www.facebook.com\/SRKryNyt\/\",\"https:\/\/x.com\/Suviseurat\",\"https:\/\/www.facebook.com\/srksuviseurat\/\",\"https:\/\/www.youtube.com\/@SRKnyt\",\"https:\/\/www.instagram.com\/srk_nyt\/\",\"https:\/\/www.flickr.com\/photos\/suviseurat\"]}]}<\/script>\n<!-- \/ Yoast SEO plugin. -->","yoast_head_json":{"title":"Elders and people with reduced mobility - SRK:n Suviseurat Pudasj\u00e4rvell\u00e4 2024","description":"Rest area for elderly and people with reduced mobility Intended for guests who, due to their age or reduced mobility, need a place to rest. There are no","robots":{"index":"index","follow":"follow","max-snippet":"max-snippet:-1","max-image-preview":"max-image-preview:large","max-video-preview":"max-video-preview:-1"},"canonical":"https:\/\/www.suviseurat.fi/2024\/en\/field-services\/elders-and-people-with-reduced-mobility\/","og_locale":"en_US","og_type":"article","og_title":"Elders and people with reduced mobility - SRK:n Suviseurat Pudasj\u00e4rvell\u00e4 2024","og_description":"Rest area for elderly and people with reduced mobility Intended for guests who, due to their age or reduced mobility, need a place to rest. There are no","og_url":"https:\/\/www.suviseurat.fi/2024\/en\/field-services\/elders-and-people-with-reduced-mobility\/","og_site_name":"SRK:n Suviseurat Pudasj\u00e4rvell\u00e4 2024","article_publisher":"https:\/\/www.facebook.com\/SRKryNyt\/","article_modified_time":"2024-06-10T07:21:59+00:00","twitter_card":"summary_large_image","twitter_site":"@Suviseurat","twitter_misc":{"Est. reading time":"1 minute"},"schema":{"@context":"https:\/\/schema.org","@graph":[{"@type":"WebPage","@id":"https:\/\/www.suviseurat.fi/2024\/en\/field-services\/elders-and-people-with-reduced-mobility\/","url":"https:\/\/www.suviseurat.fi/2024\/en\/field-services\/elders-and-people-with-reduced-mobility\/","name":"Elders and people with reduced mobility - SRK:n Suviseurat Pudasj\u00e4rvell\u00e4 2024","isPartOf":{"@id":"https:\/\/www.suviseurat.fi/2024\/#website"},"datePublished":"2024-05-14T12:15:46+00:00","dateModified":"2024-06-10T07:21:59+00:00","description":"Rest area for elderly and people with reduced mobility Intended for guests who, due to their age or reduced mobility, need a place to rest. There are no","breadcrumb":{"@id":"https:\/\/www.suviseurat.fi/2024\/en\/field-services\/elders-and-people-with-reduced-mobility\/#breadcrumb"},"inLanguage":"en-US","potentialAction":[{"@type":"ReadAction","target":["https:\/\/www.suviseurat.fi/2024\/en\/field-services\/elders-and-people-with-reduced-mobility\/"]}]},{"@type":"BreadcrumbList","@id":"https:\/\/www.suviseurat.fi/2024\/en\/field-services\/elders-and-people-with-reduced-mobility\/#breadcrumb","itemListElement":[{"@type":"ListItem","position":1,"name":"Etusivu","item":"https:\/\/www.suviseurat.fi/2024\/en\/"},{"@type":"ListItem","position":2,"name":"Field Services","item":"https:\/\/www.suviseurat.fi/2024\/en\/field-services\/"},{"@type":"ListItem","position":3,"name":"Elders and people with reduced mobility"}]},{"@type":"WebSite","@id":"https:\/\/www.suviseurat.fi/2024\/#website","url":"https:\/\/www.suviseurat.fi/2024\/","name":"SRK:n Suviseurat Pudasj\u00e4rvell\u00e4 2024","description":"Olenko min\u00e4 sinulle rakas?","publisher":{"@id":"https:\/\/www.suviseurat.fi/2024\/#organization"},"potentialAction":[{"@type":"SearchAction","target":{"@type":"EntryPoint","urlTemplate":"https:\/\/www.suviseurat.fi/2024\/?s={search_term_string}"},"query-input":"required name=search_term_string"}],"inLanguage":"en-US"},{"@type":"Organization","@id":"https:\/\/www.suviseurat.fi/2024\/#organization","name":"Suviseurat","url":"https:\/\/www.suviseurat.fi/2024\/","logo":{"@type":"ImageObject","inLanguage":"en-US","@id":"https:\/\/www.suviseurat.fi/2024\/#\/schema\/logo\/image\/","url":"https:\/\/www.suviseurat.fi/2024\/wp-content\/uploads\/2023\/10\/tunnus-nelio.jpg","contentUrl":"https:\/\/www.suviseurat.fi/2024\/wp-content\/uploads\/2023\/10\/tunnus-nelio.jpg","width":1000,"height":1000,"caption":"Suviseurat"},"image":{"@id":"https:\/\/www.suviseurat.fi/2024\/#\/schema\/logo\/image\/"},"sameAs":["https:\/\/www.facebook.com\/SRKryNyt\/","https:\/\/x.com\/Suviseurat","https:\/\/www.facebook.com\/srksuviseurat\/","https:\/\/www.youtube.com\/@SRKnyt","https:\/\/www.instagram.com\/srk_nyt\/","https:\/\/www.flickr.com\/photos\/suviseurat"]}]}},"_links":{"self":[{"href":"https:\/\/www.suviseurat.fi/2024\/en\/wp-json\/wp\/v2\/pages\/20234"}],"collection":[{"href":"https:\/\/www.suviseurat.fi/2024\/en\/wp-json\/wp\/v2\/pages"}],"about":[{"href":"https:\/\/www.suviseurat.fi/2024\/en\/wp-json\/wp\/v2\/types\/page"}],"author":[{"embeddable":true,"href":"https:\/\/www.suviseurat.fi/2024\/en\/wp-json\/wp\/v2\/users\/21"}],"replies":[{"embeddable":true,"href":"https:\/\/www.suviseurat.fi/2024\/en\/wp-json\/wp\/v2\/comments?post=20234"}],"version-history":[{"count":1,"href":"https:\/\/www.suviseurat.fi/2024\/en\/wp-json\/wp\/v2\/pages\/20234\/revisions"}],"predecessor-version":[{"id":20235,"href":"https:\/\/www.suviseurat.fi/2024\/en\/wp-json\/wp\/v2\/pages\/20234\/revisions\/20235"}],"up":[{"embeddable":true,"href":"https:\/\/www.suviseurat.fi/2024\/en\/wp-json\/wp\/v2\/pages\/20266"}],"wp:attachment":[{"href":"https:\/\/www.suviseurat.fi/2024\/en\/wp-json\/wp\/v2\/media?parent=20234"}],"curies":[{"name":"wp","href":"https:\/\/api.w.org\/{rel}","templated":true}]}}