{"id":20242,"date":"2022-06-24T12:00:00","date_gmt":"2022-06-24T09:00:00","guid":{"rendered":"https:\/\/www.suviseurat.fi/2024\/international-services\/"},"modified":"2024-06-10T10:21:59","modified_gmt":"2024-06-10T07:21:59","slug":"international-services","status":"publish","type":"page","link":"https:\/\/www.suviseurat.fi/2024\/en\/field-services\/international-services\/","title":{"rendered":"International Services"},"content":{"rendered":"<table style=\"width: 68.241%\">\n<tbody>\n<tr>\n<td style=\"background-color: #f0f0f0;text-align: left;width: 89.0385%\" colspan=\"2\"><strong>International Services Tent<\/strong><\/td>\n<\/tr>\n<tr>\n<td style=\"width: 61.8738%\">Thrusday &#8211; Sunday<\/td>\n<td style=\"width: 27.1647%\">9am &#8211; 9pm<\/td>\n<\/tr>\n<tr>\n<td style=\"width: 61.8738%\">Monday<\/td>\n<td style=\"width: 27.1647%\">9am &#8211; 3pm<\/td>\n<\/tr>\n<\/tbody>\n<\/table>\n<p><span style=\"font-weight: 400\">Summer services are an international event. <\/span>The International Service tent is a meeting place and information centre for foreign visitors<\/p>\n<p><span style=\"font-weight: 400\">Translated sermons can also be listened to on the Summer Services <\/span><a href=\"https:\/\/www.suviseurat.fi\/ohjelma\/\"><span style=\"font-weight: 400\">website<\/span><\/a><span style=\"font-weight: 400\"> live and afterwards as archived sermons. The flag symbol works as a link to the translated sermon. All sermons from Thursday to Monday will be translated into <a href=\"https:\/\/www.suviseurat.fi\/en\/program\/\">English<\/a> and <a href=\"https:\/\/www.suviseurat.fi\/sv\/program\/\">Swedish<\/a>. In addition, several of the sermons are translated into <a href=\"https:\/\/www.suviseurat.fi/2024\/et\/kava\/\">Estonian<\/a>, <a href=\"https:\/\/www.suviseurat.fi/2024\/ru\/programma\/\">Russian<\/a>, <a href=\"https:\/\/www.suviseurat.fi\/fr\/programme\/\">French<\/a>, <a href=\"https:\/\/www.suviseurat.fi\/es\/el-programa\/\">Spanish<\/a>, <a href=\"https:\/\/www.suviseurat.fi/2024\/hu\/program\/\">Hungarian<\/a> and <a href=\"https:\/\/www.suviseurat.fi\/de\/programm\/\">German<\/a>. At the services, translated sermons can be listened to with a radio device, which are provided at the International Service tent. The translated languages are noted in the service schedule. You can download the international service schedule from <a href=\"https:\/\/www.suviseurat.fi/2024\/wp-content\/uploads\/2024\/06\/KV-seuraohjelma.pdf\" target=\"_blank\" rel=\"noopener\">here<\/a>.<\/span><\/p>\n","protected":false},"excerpt":{"rendered":"<p>International Services Tent Thrusday &#8211; Sunday 9am &#8211; 9pm Monday 9am &#8211; 3pm Summer services<a class=\"moretag\" href=\"https:\/\/www.suviseurat.fi/2024\/en\/field-services\/international-services\/\">Jatka lukemista ><\/a><\/p>\n","protected":false},"author":19,"featured_media":0,"parent":20266,"menu_order":13,"comment_status":"closed","ping_status":"closed","template":"","meta":{"_acf_changed":false,"footnotes":""},"class_list":["post-20242","page","type-page","status-publish","hentry"],"acf":[],"yoast_head":"<!-- This site is optimized with the Yoast SEO plugin v23.3 - https:\/\/yoast.com\/wordpress\/plugins\/seo\/ -->\n<title>International Services - SRK:n Suviseurat Pudasj\u00e4rvell\u00e4 2024<\/title>\n<meta name=\"description\" content=\"International Services Tent Thrusday - Sunday 9am - 9pm Monday 9am - 3pm Summer services are an international event. The International Service tent is a\" \/>\n<meta name=\"robots\" content=\"index, follow, max-snippet:-1, max-image-preview:large, max-video-preview:-1\" \/>\n<link rel=\"canonical\" href=\"https:\/\/www.suviseurat.fi/2024\/en\/field-services\/international-services\/\" \/>\n<meta property=\"og:locale\" content=\"en_US\" \/>\n<meta property=\"og:type\" content=\"article\" \/>\n<meta property=\"og:title\" content=\"International Services - SRK:n Suviseurat Pudasj\u00e4rvell\u00e4 2024\" \/>\n<meta property=\"og:description\" content=\"International Services Tent Thrusday - Sunday 9am - 9pm Monday 9am - 3pm Summer services are an international event. The International Service tent is a\" \/>\n<meta property=\"og:url\" content=\"https:\/\/www.suviseurat.fi/2024\/en\/field-services\/international-services\/\" \/>\n<meta property=\"og:site_name\" content=\"SRK:n Suviseurat Pudasj\u00e4rvell\u00e4 2024\" \/>\n<meta property=\"article:publisher\" content=\"https:\/\/www.facebook.com\/SRKryNyt\/\" \/>\n<meta property=\"article:modified_time\" content=\"2024-06-10T07:21:59+00:00\" \/>\n<meta name=\"twitter:card\" content=\"summary_large_image\" \/>\n<meta name=\"twitter:site\" content=\"@Suviseurat\" \/>\n<meta name=\"twitter:label1\" content=\"Est. reading time\" \/>\n\t<meta name=\"twitter:data1\" content=\"1 minute\" \/>\n<script type=\"application\/ld+json\" class=\"yoast-schema-graph\">{\"@context\":\"https:\/\/schema.org\",\"@graph\":[{\"@type\":\"WebPage\",\"@id\":\"https:\/\/www.suviseurat.fi/2024\/en\/field-services\/international-services\/\",\"url\":\"https:\/\/www.suviseurat.fi/2024\/en\/field-services\/international-services\/\",\"name\":\"International Services - SRK:n Suviseurat Pudasj\u00e4rvell\u00e4 2024\",\"isPartOf\":{\"@id\":\"https:\/\/www.suviseurat.fi/2024\/#website\"},\"datePublished\":\"2022-06-24T09:00:00+00:00\",\"dateModified\":\"2024-06-10T07:21:59+00:00\",\"description\":\"International Services Tent Thrusday - Sunday 9am - 9pm Monday 9am - 3pm Summer services are an international event. The International Service tent is a\",\"breadcrumb\":{\"@id\":\"https:\/\/www.suviseurat.fi/2024\/en\/field-services\/international-services\/#breadcrumb\"},\"inLanguage\":\"en-US\",\"potentialAction\":[{\"@type\":\"ReadAction\",\"target\":[\"https:\/\/www.suviseurat.fi/2024\/en\/field-services\/international-services\/\"]}]},{\"@type\":\"BreadcrumbList\",\"@id\":\"https:\/\/www.suviseurat.fi/2024\/en\/field-services\/international-services\/#breadcrumb\",\"itemListElement\":[{\"@type\":\"ListItem\",\"position\":1,\"name\":\"Etusivu\",\"item\":\"https:\/\/www.suviseurat.fi/2024\/en\/\"},{\"@type\":\"ListItem\",\"position\":2,\"name\":\"Field Services\",\"item\":\"https:\/\/www.suviseurat.fi/2024\/en\/field-services\/\"},{\"@type\":\"ListItem\",\"position\":3,\"name\":\"International Services\"}]},{\"@type\":\"WebSite\",\"@id\":\"https:\/\/www.suviseurat.fi/2024\/#website\",\"url\":\"https:\/\/www.suviseurat.fi/2024\/\",\"name\":\"SRK:n Suviseurat Pudasj\u00e4rvell\u00e4 2024\",\"description\":\"Olenko min\u00e4 sinulle rakas?\",\"publisher\":{\"@id\":\"https:\/\/www.suviseurat.fi/2024\/#organization\"},\"potentialAction\":[{\"@type\":\"SearchAction\",\"target\":{\"@type\":\"EntryPoint\",\"urlTemplate\":\"https:\/\/www.suviseurat.fi/2024\/?s={search_term_string}\"},\"query-input\":\"required name=search_term_string\"}],\"inLanguage\":\"en-US\"},{\"@type\":\"Organization\",\"@id\":\"https:\/\/www.suviseurat.fi/2024\/#organization\",\"name\":\"Suviseurat\",\"url\":\"https:\/\/www.suviseurat.fi/2024\/\",\"logo\":{\"@type\":\"ImageObject\",\"inLanguage\":\"en-US\",\"@id\":\"https:\/\/www.suviseurat.fi/2024\/#\/schema\/logo\/image\/\",\"url\":\"https:\/\/www.suviseurat.fi/2024\/wp-content\/uploads\/2023\/10\/tunnus-nelio.jpg\",\"contentUrl\":\"https:\/\/www.suviseurat.fi/2024\/wp-content\/uploads\/2023\/10\/tunnus-nelio.jpg\",\"width\":1000,\"height\":1000,\"caption\":\"Suviseurat\"},\"image\":{\"@id\":\"https:\/\/www.suviseurat.fi/2024\/#\/schema\/logo\/image\/\"},\"sameAs\":[\"https:\/\/www.facebook.com\/SRKryNyt\/\",\"https:\/\/x.com\/Suviseurat\",\"https:\/\/www.facebook.com\/srksuviseurat\/\",\"https:\/\/www.youtube.com\/@SRKnyt\",\"https:\/\/www.instagram.com\/srk_nyt\/\",\"https:\/\/www.flickr.com\/photos\/suviseurat\"]}]}<\/script>\n<!-- \/ Yoast SEO plugin. -->","yoast_head_json":{"title":"International Services - SRK:n Suviseurat Pudasj\u00e4rvell\u00e4 2024","description":"International Services Tent Thrusday - Sunday 9am - 9pm Monday 9am - 3pm Summer services are an international event. The International Service tent is a","robots":{"index":"index","follow":"follow","max-snippet":"max-snippet:-1","max-image-preview":"max-image-preview:large","max-video-preview":"max-video-preview:-1"},"canonical":"https:\/\/www.suviseurat.fi/2024\/en\/field-services\/international-services\/","og_locale":"en_US","og_type":"article","og_title":"International Services - SRK:n Suviseurat Pudasj\u00e4rvell\u00e4 2024","og_description":"International Services Tent Thrusday - Sunday 9am - 9pm Monday 9am - 3pm Summer services are an international event. The International Service tent is a","og_url":"https:\/\/www.suviseurat.fi/2024\/en\/field-services\/international-services\/","og_site_name":"SRK:n Suviseurat Pudasj\u00e4rvell\u00e4 2024","article_publisher":"https:\/\/www.facebook.com\/SRKryNyt\/","article_modified_time":"2024-06-10T07:21:59+00:00","twitter_card":"summary_large_image","twitter_site":"@Suviseurat","twitter_misc":{"Est. reading time":"1 minute"},"schema":{"@context":"https:\/\/schema.org","@graph":[{"@type":"WebPage","@id":"https:\/\/www.suviseurat.fi/2024\/en\/field-services\/international-services\/","url":"https:\/\/www.suviseurat.fi/2024\/en\/field-services\/international-services\/","name":"International Services - SRK:n Suviseurat Pudasj\u00e4rvell\u00e4 2024","isPartOf":{"@id":"https:\/\/www.suviseurat.fi/2024\/#website"},"datePublished":"2022-06-24T09:00:00+00:00","dateModified":"2024-06-10T07:21:59+00:00","description":"International Services Tent Thrusday - Sunday 9am - 9pm Monday 9am - 3pm Summer services are an international event. The International Service tent is a","breadcrumb":{"@id":"https:\/\/www.suviseurat.fi/2024\/en\/field-services\/international-services\/#breadcrumb"},"inLanguage":"en-US","potentialAction":[{"@type":"ReadAction","target":["https:\/\/www.suviseurat.fi/2024\/en\/field-services\/international-services\/"]}]},{"@type":"BreadcrumbList","@id":"https:\/\/www.suviseurat.fi/2024\/en\/field-services\/international-services\/#breadcrumb","itemListElement":[{"@type":"ListItem","position":1,"name":"Etusivu","item":"https:\/\/www.suviseurat.fi/2024\/en\/"},{"@type":"ListItem","position":2,"name":"Field Services","item":"https:\/\/www.suviseurat.fi/2024\/en\/field-services\/"},{"@type":"ListItem","position":3,"name":"International Services"}]},{"@type":"WebSite","@id":"https:\/\/www.suviseurat.fi/2024\/#website","url":"https:\/\/www.suviseurat.fi/2024\/","name":"SRK:n Suviseurat Pudasj\u00e4rvell\u00e4 2024","description":"Olenko min\u00e4 sinulle rakas?","publisher":{"@id":"https:\/\/www.suviseurat.fi/2024\/#organization"},"potentialAction":[{"@type":"SearchAction","target":{"@type":"EntryPoint","urlTemplate":"https:\/\/www.suviseurat.fi/2024\/?s={search_term_string}"},"query-input":"required name=search_term_string"}],"inLanguage":"en-US"},{"@type":"Organization","@id":"https:\/\/www.suviseurat.fi/2024\/#organization","name":"Suviseurat","url":"https:\/\/www.suviseurat.fi/2024\/","logo":{"@type":"ImageObject","inLanguage":"en-US","@id":"https:\/\/www.suviseurat.fi/2024\/#\/schema\/logo\/image\/","url":"https:\/\/www.suviseurat.fi/2024\/wp-content\/uploads\/2023\/10\/tunnus-nelio.jpg","contentUrl":"https:\/\/www.suviseurat.fi/2024\/wp-content\/uploads\/2023\/10\/tunnus-nelio.jpg","width":1000,"height":1000,"caption":"Suviseurat"},"image":{"@id":"https:\/\/www.suviseurat.fi/2024\/#\/schema\/logo\/image\/"},"sameAs":["https:\/\/www.facebook.com\/SRKryNyt\/","https:\/\/x.com\/Suviseurat","https:\/\/www.facebook.com\/srksuviseurat\/","https:\/\/www.youtube.com\/@SRKnyt","https:\/\/www.instagram.com\/srk_nyt\/","https:\/\/www.flickr.com\/photos\/suviseurat"]}]}},"_links":{"self":[{"href":"https:\/\/www.suviseurat.fi/2024\/en\/wp-json\/wp\/v2\/pages\/20242"}],"collection":[{"href":"https:\/\/www.suviseurat.fi/2024\/en\/wp-json\/wp\/v2\/pages"}],"about":[{"href":"https:\/\/www.suviseurat.fi/2024\/en\/wp-json\/wp\/v2\/types\/page"}],"author":[{"embeddable":true,"href":"https:\/\/www.suviseurat.fi/2024\/en\/wp-json\/wp\/v2\/users\/19"}],"replies":[{"embeddable":true,"href":"https:\/\/www.suviseurat.fi/2024\/en\/wp-json\/wp\/v2\/comments?post=20242"}],"version-history":[{"count":3,"href":"https:\/\/www.suviseurat.fi/2024\/en\/wp-json\/wp\/v2\/pages\/20242\/revisions"}],"predecessor-version":[{"id":20245,"href":"https:\/\/www.suviseurat.fi/2024\/en\/wp-json\/wp\/v2\/pages\/20242\/revisions\/20245"}],"up":[{"embeddable":true,"href":"https:\/\/www.suviseurat.fi/2024\/en\/wp-json\/wp\/v2\/pages\/20266"}],"wp:attachment":[{"href":"https:\/\/www.suviseurat.fi/2024\/en\/wp-json\/wp\/v2\/media?parent=20242"}],"curies":[{"name":"wp","href":"https:\/\/api.w.org\/{rel}","templated":true}]}}