{"id":20250,"date":"2024-05-26T15:00:00","date_gmt":"2024-05-26T12:00:00","guid":{"rendered":"https:\/\/www.suviseurat.fi/2024\/arrival-and-directions\/"},"modified":"2024-06-10T10:25:33","modified_gmt":"2024-06-10T07:25:33","slug":"arrival-and-directions","status":"publish","type":"page","link":"https:\/\/www.suviseurat.fi/2024\/en\/traffic\/arrival-and-directions\/","title":{"rendered":"Arrival and directions"},"content":{"rendered":"\n<div class=\"icon-links-wrap multilingualfloat\">\n        <div class=\"icon-links-content\" style=\"max-width: 320px\">\n        \t<div class=\"row kuuntelekatsele\">\n                <div class=\"col icon-link suviseuratuotteet\">\n<a title=\"See route instructions\" href=\"#reittiohjeet\"><span class=\"icon-wrap\"><img decoding=\"async\" src=\"\/wp-content\/themes\/suviseurateema-2024\/images\/icons\/saapuminen.svg\"\/><\/span><span class=\"icon-text\">See route instructions<\/span><\/a><\/div>\n            <\/div>\n        <\/div>\n<\/div>\n\n<h3> <\/h3>\n<h3><strong>The Summer Service area at the Pudasj\u00e4rvi Airport opens on Wednesday 26.6. at 9 a.m.<\/strong><\/h3>\n<p><span style=\"font-weight: 400\">Areas are filled in the order of arrival, and spots cannot be reserved in advance. If you want to stay close to a friend, you must arrive at the same time. Filling of the service area is efficient when following the route instructions, signs and instructions from traffic controllers. By following the instructions, everyone can contribute to the smooth flow of traffic. <\/span><\/p>\n<p><span style=\"font-weight: 400\">The busiest times for summer service traffic are evenings and early nights from Wednesday to Friday. To avoid congestion, it is best to arrive during the day.<\/span><\/p>\n<p><span style=\"font-weight: 400\">Monday 24.6. and on Tuesday 25.6. From 8 am to 10 pm, responsible persons and those on duty on Monday and Tuesday can arrive at the area Anyone arriving on a Monday or Tuesday must be prepared to present a pre-distributed windshield pass or shift slip when entering the area.<\/span><\/p>\n<p><span style=\"font-weight: 400\">Rental caravans can be brought to the area A1 on Tuesday from 12 pm &#8211; 10 pm and Wednesday from 9am -12 am (midnight). You can then contact the phone support at +358 401320792. The rental caravan area is accessed via Jyrkk\u00e4koskentie and Rytilammentietie. A traffic controller in the area will guide incoming vehicles to the right place. The key exchange point will pass on the key to the renter and direct them to the right plot. <\/span><\/p>\n<p><a id=\"reittiohjeet\"><\/a> <\/p>\n<p> <\/p>\n<h3><strong>DIRECTIONS:<\/strong><\/h3>\n<p>Those arriving <strong>from southern and eastern Finland<\/strong> take highway 5 to Kajaani and continue along highway 78 via Puolanka to highway 20 on to Pudasj\u00e4rvi. At the junction with Ranuantie (highway 78), turn towards Ranua. From the junction it is less than 4 km to the Pudasj\u00e4rvi Airport.<\/p>\n<p><a href=\"https:\/\/www.suviseurat.fi/2024\/wp-content\/uploads\/2024\/05\/Kuva3_etelasta-tulevien-reitti.png\"><img loading=\"lazy\" decoding=\"async\" class=\"wp-image-19900 alignnone\" src=\"https:\/\/www.suviseurat.fi/2024\/wp-content\/uploads\/2024\/05\/Kuva3_etelasta-tulevien-reitti.png\" alt=\"\" width=\"513\" height=\"670\"><\/a><\/p>\n<p> <\/p>\n<p>Coming <strong>from the west via Oulu<\/strong>, take highways 8 and 4 past Oulu to Olhava (a part of Ii). From Olhava, the route continues along the 855 regional road to Ranuantie (road 78) and from there to Pudasj\u00e4rvi Airport. There are signs along the route. This route is intended to avoid congestion on the Rusko-Kiiminki section of Highway 20.<\/p>\n<p><a href=\"https:\/\/www.suviseurat.fi/2024\/wp-content\/uploads\/2024\/05\/Kuva1_Olhavan-reitti.png\"><img loading=\"lazy\" decoding=\"async\" class=\"wp-image-19891 alignnone\" src=\"https:\/\/www.suviseurat.fi/2024\/wp-content\/uploads\/2024\/05\/Kuva1_Olhavan-reitti.png\" alt=\"\" width=\"725\" height=\"425\" srcset=\"https:\/\/www.suviseurat.fi/2024\/wp-content\/uploads\/2024\/05\/Kuva1_Olhavan-reitti.png 869w, https:\/\/www.suviseurat.fi/2024\/wp-content\/uploads\/2024\/05\/Kuva1_Olhavan-reitti-768x451.png 768w\" sizes=\"(max-width: 725px) 100vw, 725px\" \/><\/a><\/p>\n<p> <\/p>\n<p><strong>From Central Finland and for ex. From the Nivala and Haapaj\u00e4rvi regions<\/strong> arrivals are routed via Piippola\/Leskel\u00e4- Kestil\u00e4-Vaala-Puolanka-Pudasj\u00e4rvi. The route chosen is the regional road 800, which will be used up until Puolanka. From Puolanka the route continues along the main road 78 towards highway 20 and on to Pudasj\u00e4rvi. At the junction of Ranuantie (78), turn towards Ranua. From the junction it is less than 4 km to the Pudasj\u00e4rvi Airport<\/p>\n<p><a href=\"https:\/\/www.suviseurat.fi/2024\/wp-content\/uploads\/2024\/05\/Kuva2_Leskelan-reitti.png\"><img loading=\"lazy\" decoding=\"async\" class=\"alignnone wp-image-19882 \" src=\"https:\/\/www.suviseurat.fi/2024\/wp-content\/uploads\/2024\/05\/Kuva2_Leskelan-reitti.png\" alt=\"\" width=\"726\" height=\"428\" srcset=\"https:\/\/www.suviseurat.fi/2024\/wp-content\/uploads\/2024\/05\/Kuva2_Leskelan-reitti.png 869w, https:\/\/www.suviseurat.fi/2024\/wp-content\/uploads\/2024\/05\/Kuva2_Leskelan-reitti-768x452.png 768w\" sizes=\"(max-width: 726px) 100vw, 726px\" \/><\/a><\/p>\n<p> <\/p>\n<p><strong>From the direction of Western Lapland and Sweden<\/strong>, take highway 4 to Olhava, where you turn onto the 855 regional road. From Olhava, the route continues along the 855 regional road to Ranuantie (road 78) and from there to the Pudasj\u00e4rvi Airport. There are signs along the route.<\/p>\n<p><a href=\"https:\/\/www.suviseurat.fi/2024\/wp-content\/uploads\/2024\/05\/lansilappi-pudasjarvi.jpg\"><img loading=\"lazy\" decoding=\"async\" class=\"alignnone wp-image-20049\" src=\"https:\/\/www.suviseurat.fi/2024\/wp-content\/uploads\/2024\/05\/lansilappi-pudasjarvi.jpg\" alt=\"\" width=\"735\" height=\"403\" srcset=\"https:\/\/www.suviseurat.fi/2024\/wp-content\/uploads\/2024\/05\/lansilappi-pudasjarvi.jpg 947w, https:\/\/www.suviseurat.fi/2024\/wp-content\/uploads\/2024\/05\/lansilappi-pudasjarvi-768x422.jpg 768w\" sizes=\"(max-width: 735px) 100vw, 735px\" \/><\/a><\/p>\n<p> <\/p>\n<p>Coming <strong>from the north<\/strong>, take highway 78 via Rovaniemi and Ranua to Pudasj\u00e4rvi.<\/p>\n<p><a href=\"https:\/\/www.suviseurat.fi/2024\/wp-content\/uploads\/2024\/05\/rovaniemi-pudasjarvi.jpg\"><img loading=\"lazy\" decoding=\"async\" class=\"alignnone wp-image-20058\" src=\"https:\/\/www.suviseurat.fi/2024\/wp-content\/uploads\/2024\/05\/rovaniemi-pudasjarvi.jpg\" alt=\"\" width=\"733\" height=\"651\" srcset=\"https:\/\/www.suviseurat.fi/2024\/wp-content\/uploads\/2024\/05\/rovaniemi-pudasjarvi.jpg 788w, https:\/\/www.suviseurat.fi/2024\/wp-content\/uploads\/2024\/05\/rovaniemi-pudasjarvi-768x681.jpg 768w\" sizes=\"(max-width: 733px) 100vw, 733px\" \/><\/a><\/p>\n","protected":false},"excerpt":{"rendered":"<p>See route instructions The Summer Service area at the Pudasj\u00e4rvi Airport opens on Wednesday 26.6.<a class=\"moretag\" href=\"https:\/\/www.suviseurat.fi/2024\/en\/traffic\/arrival-and-directions\/\">Jatka lukemista ><\/a><\/p>\n","protected":false},"author":19,"featured_media":0,"parent":20268,"menu_order":1,"comment_status":"closed","ping_status":"closed","template":"","meta":{"_acf_changed":false,"footnotes":""},"class_list":["post-20250","page","type-page","status-publish","hentry"],"acf":[],"yoast_head":"<!-- This site is optimized with the Yoast SEO plugin v23.3 - https:\/\/yoast.com\/wordpress\/plugins\/seo\/ -->\n<title>Arrival and directions - SRK:n Suviseurat Pudasj\u00e4rvell\u00e4 2024<\/title>\n<meta name=\"description\" content=\"See route instructions The Summer Service area at the Pudasj\u00e4rvi Airport opens on Wednesday 26.6. at 9 a.m. Areas are filled in the order of arrival, and\" \/>\n<meta name=\"robots\" content=\"index, follow, max-snippet:-1, max-image-preview:large, max-video-preview:-1\" \/>\n<link rel=\"canonical\" href=\"https:\/\/www.suviseurat.fi/2024\/en\/traffic\/arrival-and-directions\/\" \/>\n<meta property=\"og:locale\" content=\"en_US\" \/>\n<meta property=\"og:type\" content=\"article\" \/>\n<meta property=\"og:title\" content=\"Arrival and directions - SRK:n Suviseurat Pudasj\u00e4rvell\u00e4 2024\" \/>\n<meta property=\"og:description\" content=\"See route instructions The Summer Service area at the Pudasj\u00e4rvi Airport opens on Wednesday 26.6. at 9 a.m. Areas are filled in the order of arrival, and\" \/>\n<meta property=\"og:url\" content=\"https:\/\/www.suviseurat.fi/2024\/en\/traffic\/arrival-and-directions\/\" \/>\n<meta property=\"og:site_name\" content=\"SRK:n Suviseurat Pudasj\u00e4rvell\u00e4 2024\" \/>\n<meta property=\"article:publisher\" content=\"https:\/\/www.facebook.com\/SRKryNyt\/\" \/>\n<meta property=\"article:modified_time\" content=\"2024-06-10T07:25:33+00:00\" \/>\n<meta property=\"og:image\" content=\"https:\/\/www.suviseurat.fi/2024\/wp-content\/uploads\/2024\/05\/Kuva3_etelasta-tulevien-reitti.png\" \/>\n<meta name=\"twitter:card\" content=\"summary_large_image\" \/>\n<meta name=\"twitter:site\" content=\"@Suviseurat\" \/>\n<meta name=\"twitter:label1\" content=\"Est. reading time\" \/>\n\t<meta name=\"twitter:data1\" content=\"2 minutes\" \/>\n<script type=\"application\/ld+json\" class=\"yoast-schema-graph\">{\"@context\":\"https:\/\/schema.org\",\"@graph\":[{\"@type\":\"WebPage\",\"@id\":\"https:\/\/www.suviseurat.fi/2024\/en\/traffic\/arrival-and-directions\/\",\"url\":\"https:\/\/www.suviseurat.fi/2024\/en\/traffic\/arrival-and-directions\/\",\"name\":\"Arrival and directions - SRK:n Suviseurat Pudasj\u00e4rvell\u00e4 2024\",\"isPartOf\":{\"@id\":\"https:\/\/www.suviseurat.fi/2024\/#website\"},\"primaryImageOfPage\":{\"@id\":\"https:\/\/www.suviseurat.fi/2024\/en\/traffic\/arrival-and-directions\/#primaryimage\"},\"image\":{\"@id\":\"https:\/\/www.suviseurat.fi/2024\/en\/traffic\/arrival-and-directions\/#primaryimage\"},\"thumbnailUrl\":\"https:\/\/www.suviseurat.fi/2024\/wp-content\/uploads\/2024\/05\/Kuva3_etelasta-tulevien-reitti.png\",\"datePublished\":\"2024-05-26T12:00:00+00:00\",\"dateModified\":\"2024-06-10T07:25:33+00:00\",\"description\":\"See route instructions The Summer Service area at the Pudasj\u00e4rvi Airport opens on Wednesday 26.6. at 9 a.m. Areas are filled in the order of arrival, and\",\"breadcrumb\":{\"@id\":\"https:\/\/www.suviseurat.fi/2024\/en\/traffic\/arrival-and-directions\/#breadcrumb\"},\"inLanguage\":\"en-US\",\"potentialAction\":[{\"@type\":\"ReadAction\",\"target\":[\"https:\/\/www.suviseurat.fi/2024\/en\/traffic\/arrival-and-directions\/\"]}]},{\"@type\":\"ImageObject\",\"inLanguage\":\"en-US\",\"@id\":\"https:\/\/www.suviseurat.fi/2024\/en\/traffic\/arrival-and-directions\/#primaryimage\",\"url\":\"https:\/\/www.suviseurat.fi/2024\/wp-content\/uploads\/2024\/05\/Kuva3_etelasta-tulevien-reitti.png\",\"contentUrl\":\"https:\/\/www.suviseurat.fi/2024\/wp-content\/uploads\/2024\/05\/Kuva3_etelasta-tulevien-reitti.png\"},{\"@type\":\"BreadcrumbList\",\"@id\":\"https:\/\/www.suviseurat.fi/2024\/en\/traffic\/arrival-and-directions\/#breadcrumb\",\"itemListElement\":[{\"@type\":\"ListItem\",\"position\":1,\"name\":\"Etusivu\",\"item\":\"https:\/\/www.suviseurat.fi/2024\/en\/\"},{\"@type\":\"ListItem\",\"position\":2,\"name\":\"Traffic\",\"item\":\"https:\/\/www.suviseurat.fi/2024\/en\/traffic\/\"},{\"@type\":\"ListItem\",\"position\":3,\"name\":\"Arrival and directions\"}]},{\"@type\":\"WebSite\",\"@id\":\"https:\/\/www.suviseurat.fi/2024\/#website\",\"url\":\"https:\/\/www.suviseurat.fi/2024\/\",\"name\":\"SRK:n Suviseurat Pudasj\u00e4rvell\u00e4 2024\",\"description\":\"Olenko min\u00e4 sinulle rakas?\",\"publisher\":{\"@id\":\"https:\/\/www.suviseurat.fi/2024\/#organization\"},\"potentialAction\":[{\"@type\":\"SearchAction\",\"target\":{\"@type\":\"EntryPoint\",\"urlTemplate\":\"https:\/\/www.suviseurat.fi/2024\/?s={search_term_string}\"},\"query-input\":\"required name=search_term_string\"}],\"inLanguage\":\"en-US\"},{\"@type\":\"Organization\",\"@id\":\"https:\/\/www.suviseurat.fi/2024\/#organization\",\"name\":\"Suviseurat\",\"url\":\"https:\/\/www.suviseurat.fi/2024\/\",\"logo\":{\"@type\":\"ImageObject\",\"inLanguage\":\"en-US\",\"@id\":\"https:\/\/www.suviseurat.fi/2024\/#\/schema\/logo\/image\/\",\"url\":\"https:\/\/www.suviseurat.fi/2024\/wp-content\/uploads\/2023\/10\/tunnus-nelio.jpg\",\"contentUrl\":\"https:\/\/www.suviseurat.fi/2024\/wp-content\/uploads\/2023\/10\/tunnus-nelio.jpg\",\"width\":1000,\"height\":1000,\"caption\":\"Suviseurat\"},\"image\":{\"@id\":\"https:\/\/www.suviseurat.fi/2024\/#\/schema\/logo\/image\/\"},\"sameAs\":[\"https:\/\/www.facebook.com\/SRKryNyt\/\",\"https:\/\/x.com\/Suviseurat\",\"https:\/\/www.facebook.com\/srksuviseurat\/\",\"https:\/\/www.youtube.com\/@SRKnyt\",\"https:\/\/www.instagram.com\/srk_nyt\/\",\"https:\/\/www.flickr.com\/photos\/suviseurat\"]}]}<\/script>\n<!-- \/ Yoast SEO plugin. -->","yoast_head_json":{"title":"Arrival and directions - SRK:n Suviseurat Pudasj\u00e4rvell\u00e4 2024","description":"See route instructions The Summer Service area at the Pudasj\u00e4rvi Airport opens on Wednesday 26.6. at 9 a.m. Areas are filled in the order of arrival, and","robots":{"index":"index","follow":"follow","max-snippet":"max-snippet:-1","max-image-preview":"max-image-preview:large","max-video-preview":"max-video-preview:-1"},"canonical":"https:\/\/www.suviseurat.fi/2024\/en\/traffic\/arrival-and-directions\/","og_locale":"en_US","og_type":"article","og_title":"Arrival and directions - SRK:n Suviseurat Pudasj\u00e4rvell\u00e4 2024","og_description":"See route instructions The Summer Service area at the Pudasj\u00e4rvi Airport opens on Wednesday 26.6. at 9 a.m. Areas are filled in the order of arrival, and","og_url":"https:\/\/www.suviseurat.fi/2024\/en\/traffic\/arrival-and-directions\/","og_site_name":"SRK:n Suviseurat Pudasj\u00e4rvell\u00e4 2024","article_publisher":"https:\/\/www.facebook.com\/SRKryNyt\/","article_modified_time":"2024-06-10T07:25:33+00:00","og_image":[{"url":"https:\/\/www.suviseurat.fi/2024\/wp-content\/uploads\/2024\/05\/Kuva3_etelasta-tulevien-reitti.png"}],"twitter_card":"summary_large_image","twitter_site":"@Suviseurat","twitter_misc":{"Est. reading time":"2 minutes"},"schema":{"@context":"https:\/\/schema.org","@graph":[{"@type":"WebPage","@id":"https:\/\/www.suviseurat.fi/2024\/en\/traffic\/arrival-and-directions\/","url":"https:\/\/www.suviseurat.fi/2024\/en\/traffic\/arrival-and-directions\/","name":"Arrival and directions - SRK:n Suviseurat Pudasj\u00e4rvell\u00e4 2024","isPartOf":{"@id":"https:\/\/www.suviseurat.fi/2024\/#website"},"primaryImageOfPage":{"@id":"https:\/\/www.suviseurat.fi/2024\/en\/traffic\/arrival-and-directions\/#primaryimage"},"image":{"@id":"https:\/\/www.suviseurat.fi/2024\/en\/traffic\/arrival-and-directions\/#primaryimage"},"thumbnailUrl":"https:\/\/www.suviseurat.fi/2024\/wp-content\/uploads\/2024\/05\/Kuva3_etelasta-tulevien-reitti.png","datePublished":"2024-05-26T12:00:00+00:00","dateModified":"2024-06-10T07:25:33+00:00","description":"See route instructions The Summer Service area at the Pudasj\u00e4rvi Airport opens on Wednesday 26.6. at 9 a.m. Areas are filled in the order of arrival, and","breadcrumb":{"@id":"https:\/\/www.suviseurat.fi/2024\/en\/traffic\/arrival-and-directions\/#breadcrumb"},"inLanguage":"en-US","potentialAction":[{"@type":"ReadAction","target":["https:\/\/www.suviseurat.fi/2024\/en\/traffic\/arrival-and-directions\/"]}]},{"@type":"ImageObject","inLanguage":"en-US","@id":"https:\/\/www.suviseurat.fi/2024\/en\/traffic\/arrival-and-directions\/#primaryimage","url":"https:\/\/www.suviseurat.fi/2024\/wp-content\/uploads\/2024\/05\/Kuva3_etelasta-tulevien-reitti.png","contentUrl":"https:\/\/www.suviseurat.fi/2024\/wp-content\/uploads\/2024\/05\/Kuva3_etelasta-tulevien-reitti.png"},{"@type":"BreadcrumbList","@id":"https:\/\/www.suviseurat.fi/2024\/en\/traffic\/arrival-and-directions\/#breadcrumb","itemListElement":[{"@type":"ListItem","position":1,"name":"Etusivu","item":"https:\/\/www.suviseurat.fi/2024\/en\/"},{"@type":"ListItem","position":2,"name":"Traffic","item":"https:\/\/www.suviseurat.fi/2024\/en\/traffic\/"},{"@type":"ListItem","position":3,"name":"Arrival and directions"}]},{"@type":"WebSite","@id":"https:\/\/www.suviseurat.fi/2024\/#website","url":"https:\/\/www.suviseurat.fi/2024\/","name":"SRK:n Suviseurat Pudasj\u00e4rvell\u00e4 2024","description":"Olenko min\u00e4 sinulle rakas?","publisher":{"@id":"https:\/\/www.suviseurat.fi/2024\/#organization"},"potentialAction":[{"@type":"SearchAction","target":{"@type":"EntryPoint","urlTemplate":"https:\/\/www.suviseurat.fi/2024\/?s={search_term_string}"},"query-input":"required name=search_term_string"}],"inLanguage":"en-US"},{"@type":"Organization","@id":"https:\/\/www.suviseurat.fi/2024\/#organization","name":"Suviseurat","url":"https:\/\/www.suviseurat.fi/2024\/","logo":{"@type":"ImageObject","inLanguage":"en-US","@id":"https:\/\/www.suviseurat.fi/2024\/#\/schema\/logo\/image\/","url":"https:\/\/www.suviseurat.fi/2024\/wp-content\/uploads\/2023\/10\/tunnus-nelio.jpg","contentUrl":"https:\/\/www.suviseurat.fi/2024\/wp-content\/uploads\/2023\/10\/tunnus-nelio.jpg","width":1000,"height":1000,"caption":"Suviseurat"},"image":{"@id":"https:\/\/www.suviseurat.fi/2024\/#\/schema\/logo\/image\/"},"sameAs":["https:\/\/www.facebook.com\/SRKryNyt\/","https:\/\/x.com\/Suviseurat","https:\/\/www.facebook.com\/srksuviseurat\/","https:\/\/www.youtube.com\/@SRKnyt","https:\/\/www.instagram.com\/srk_nyt\/","https:\/\/www.flickr.com\/photos\/suviseurat"]}]}},"_links":{"self":[{"href":"https:\/\/www.suviseurat.fi/2024\/en\/wp-json\/wp\/v2\/pages\/20250"}],"collection":[{"href":"https:\/\/www.suviseurat.fi/2024\/en\/wp-json\/wp\/v2\/pages"}],"about":[{"href":"https:\/\/www.suviseurat.fi/2024\/en\/wp-json\/wp\/v2\/types\/page"}],"author":[{"embeddable":true,"href":"https:\/\/www.suviseurat.fi/2024\/en\/wp-json\/wp\/v2\/users\/19"}],"replies":[{"embeddable":true,"href":"https:\/\/www.suviseurat.fi/2024\/en\/wp-json\/wp\/v2\/comments?post=20250"}],"version-history":[{"count":1,"href":"https:\/\/www.suviseurat.fi/2024\/en\/wp-json\/wp\/v2\/pages\/20250\/revisions"}],"predecessor-version":[{"id":20251,"href":"https:\/\/www.suviseurat.fi/2024\/en\/wp-json\/wp\/v2\/pages\/20250\/revisions\/20251"}],"up":[{"embeddable":true,"href":"https:\/\/www.suviseurat.fi/2024\/en\/wp-json\/wp\/v2\/pages\/20268"}],"wp:attachment":[{"href":"https:\/\/www.suviseurat.fi/2024\/en\/wp-json\/wp\/v2\/media?parent=20250"}],"curies":[{"name":"wp","href":"https:\/\/api.w.org\/{rel}","templated":true}]}}