{"id":20296,"date":"2024-05-14T15:28:38","date_gmt":"2024-05-14T12:28:38","guid":{"rendered":"https:\/\/www.suviseurat.fi/2024\/instructions\/safety\/accident-and-risk-situations\/"},"modified":"2024-05-14T15:28:38","modified_gmt":"2024-05-14T12:28:38","slug":"accident-and-risk-situations","status":"publish","type":"page","link":"https:\/\/www.suviseurat.fi/2024\/en\/instructions\/safety\/accident-and-risk-situations\/","title":{"rendered":"Accident and risk situations"},"content":{"rendered":"<h3>What to do in the event of an accident<\/h3>\n<p><strong><span data-sheets-root=\"1\" data-sheets-value=\"{\"1\":2,\"2\":\"Onnettomuustilanteissa nopea ja oikeanlainen toiminta voi olla ratkaisevaa!\"}\" data-sheets-userformat=\"{\"2\":17153,\"3\":{\"1\":0},\"11\":4,\"12\":0,\"17\":1}\">In an accident situation, acting quickly and correctly can make all the difference!<\/span><\/strong><\/p>\n<p>&#8211; In the event of an accident, provide assistance.<br \/>\n&#8211; Prevent further damage, for example by clearing the area around the burning object of any objects liable to ignite.<br \/>\n&#8211; In the event of a fire, rescue those in danger.<br \/>\n&#8211; Extinguish the fire with the nearest fire extinguisher.<br \/>\n&#8211; Call the emergency number 112.<br \/>\n&#8211; Guide help to the scene.<br \/>\n&#8211; If the burning object is an electric car, remember to mention it when you report the emergency.<br \/>\n&#8211; The Service area is a groundwater area.<br \/>\n&#8211; Report even a small oil spill to 112.<br \/>\n&#8211; First, prevent the damage from getting worse.<br \/>\n&#8211; If you have a medical emergency, call 112 and follow the first aid instructions.<br \/>\n&#8211; In non-urgent cases, help and advice can be obtained from the Safety Office, tel. 040 132 0763.<\/p>\n","protected":false},"excerpt":{"rendered":"<p>What to do in the event of an accident In an accident situation, acting quickly<a class=\"moretag\" href=\"https:\/\/www.suviseurat.fi/2024\/en\/instructions\/safety\/accident-and-risk-situations\/\">Jatka lukemista ><\/a><\/p>\n","protected":false},"author":19,"featured_media":0,"parent":20217,"menu_order":0,"comment_status":"closed","ping_status":"closed","template":"","meta":{"_acf_changed":false,"footnotes":""},"class_list":["post-20296","page","type-page","status-publish","hentry"],"acf":[],"yoast_head":"<!-- This site is optimized with the Yoast SEO plugin v23.3 - https:\/\/yoast.com\/wordpress\/plugins\/seo\/ -->\n<title>Accident and risk situations - SRK:n Suviseurat Pudasj\u00e4rvell\u00e4 2024<\/title>\n<meta name=\"description\" content=\"What to do in the event of an accident In an accident situation, acting quickly and correctly can make all the difference! - In the event of an accident,\" \/>\n<meta name=\"robots\" content=\"index, follow, max-snippet:-1, max-image-preview:large, max-video-preview:-1\" \/>\n<link rel=\"canonical\" href=\"https:\/\/www.suviseurat.fi/2024\/instructions\/safety\/accident-and-risk-situations\/\" \/>\n<meta property=\"og:locale\" content=\"en_US\" \/>\n<meta property=\"og:type\" content=\"article\" \/>\n<meta property=\"og:title\" content=\"Accident and risk situations - SRK:n Suviseurat Pudasj\u00e4rvell\u00e4 2024\" \/>\n<meta property=\"og:description\" content=\"What to do in the event of an accident In an accident situation, acting quickly and correctly can make all the difference! - In the event of an accident,\" \/>\n<meta property=\"og:url\" content=\"https:\/\/www.suviseurat.fi/2024\/instructions\/safety\/accident-and-risk-situations\/\" \/>\n<meta property=\"og:site_name\" content=\"SRK:n Suviseurat Pudasj\u00e4rvell\u00e4 2024\" \/>\n<meta property=\"article:publisher\" content=\"https:\/\/www.facebook.com\/SRKryNyt\/\" \/>\n<meta name=\"twitter:card\" content=\"summary_large_image\" \/>\n<meta name=\"twitter:site\" content=\"@Suviseurat\" \/>\n<meta name=\"twitter:label1\" content=\"Est. reading time\" \/>\n\t<meta name=\"twitter:data1\" content=\"1 minute\" \/>\n<script type=\"application\/ld+json\" class=\"yoast-schema-graph\">{\"@context\":\"https:\/\/schema.org\",\"@graph\":[{\"@type\":\"WebPage\",\"@id\":\"https:\/\/www.suviseurat.fi/2024\/instructions\/safety\/accident-and-risk-situations\/\",\"url\":\"https:\/\/www.suviseurat.fi/2024\/instructions\/safety\/accident-and-risk-situations\/\",\"name\":\"Accident and risk situations - SRK:n Suviseurat Pudasj\u00e4rvell\u00e4 2024\",\"isPartOf\":{\"@id\":\"https:\/\/www.suviseurat.fi/2024\/#website\"},\"datePublished\":\"2024-05-14T12:28:38+00:00\",\"dateModified\":\"2024-05-14T12:28:38+00:00\",\"description\":\"What to do in the event of an accident In an accident situation, acting quickly and correctly can make all the difference! - In the event of an accident,\",\"breadcrumb\":{\"@id\":\"https:\/\/www.suviseurat.fi/2024\/instructions\/safety\/accident-and-risk-situations\/#breadcrumb\"},\"inLanguage\":\"en-US\",\"potentialAction\":[{\"@type\":\"ReadAction\",\"target\":[\"https:\/\/www.suviseurat.fi/2024\/instructions\/safety\/accident-and-risk-situations\/\"]}]},{\"@type\":\"BreadcrumbList\",\"@id\":\"https:\/\/www.suviseurat.fi/2024\/instructions\/safety\/accident-and-risk-situations\/#breadcrumb\",\"itemListElement\":[{\"@type\":\"ListItem\",\"position\":1,\"name\":\"Etusivu\",\"item\":\"https:\/\/www.suviseurat.fi/2024\/en\/\"},{\"@type\":\"ListItem\",\"position\":2,\"name\":\"Instructions\",\"item\":\"https:\/\/www.suviseurat.fi/2024\/en\/instructions\/\"},{\"@type\":\"ListItem\",\"position\":3,\"name\":\"Safety\",\"item\":\"https:\/\/www.suviseurat.fi/2024\/en\/instructions\/safety\/\"},{\"@type\":\"ListItem\",\"position\":4,\"name\":\"Accident and risk situations\"}]},{\"@type\":\"WebSite\",\"@id\":\"https:\/\/www.suviseurat.fi/2024\/#website\",\"url\":\"https:\/\/www.suviseurat.fi/2024\/\",\"name\":\"SRK:n Suviseurat Pudasj\u00e4rvell\u00e4 2024\",\"description\":\"Olenko min\u00e4 sinulle rakas?\",\"publisher\":{\"@id\":\"https:\/\/www.suviseurat.fi/2024\/#organization\"},\"potentialAction\":[{\"@type\":\"SearchAction\",\"target\":{\"@type\":\"EntryPoint\",\"urlTemplate\":\"https:\/\/www.suviseurat.fi/2024\/?s={search_term_string}\"},\"query-input\":\"required name=search_term_string\"}],\"inLanguage\":\"en-US\"},{\"@type\":\"Organization\",\"@id\":\"https:\/\/www.suviseurat.fi/2024\/#organization\",\"name\":\"Suviseurat\",\"url\":\"https:\/\/www.suviseurat.fi/2024\/\",\"logo\":{\"@type\":\"ImageObject\",\"inLanguage\":\"en-US\",\"@id\":\"https:\/\/www.suviseurat.fi/2024\/#\/schema\/logo\/image\/\",\"url\":\"https:\/\/www.suviseurat.fi/2024\/wp-content\/uploads\/2023\/10\/tunnus-nelio.jpg\",\"contentUrl\":\"https:\/\/www.suviseurat.fi/2024\/wp-content\/uploads\/2023\/10\/tunnus-nelio.jpg\",\"width\":1000,\"height\":1000,\"caption\":\"Suviseurat\"},\"image\":{\"@id\":\"https:\/\/www.suviseurat.fi/2024\/#\/schema\/logo\/image\/\"},\"sameAs\":[\"https:\/\/www.facebook.com\/SRKryNyt\/\",\"https:\/\/x.com\/Suviseurat\",\"https:\/\/www.facebook.com\/srksuviseurat\/\",\"https:\/\/www.youtube.com\/@SRKnyt\",\"https:\/\/www.instagram.com\/srk_nyt\/\",\"https:\/\/www.flickr.com\/photos\/suviseurat\"]}]}<\/script>\n<!-- \/ Yoast SEO plugin. -->","yoast_head_json":{"title":"Accident and risk situations - SRK:n Suviseurat Pudasj\u00e4rvell\u00e4 2024","description":"What to do in the event of an accident In an accident situation, acting quickly and correctly can make all the difference! - In the event of an accident,","robots":{"index":"index","follow":"follow","max-snippet":"max-snippet:-1","max-image-preview":"max-image-preview:large","max-video-preview":"max-video-preview:-1"},"canonical":"https:\/\/www.suviseurat.fi/2024\/instructions\/safety\/accident-and-risk-situations\/","og_locale":"en_US","og_type":"article","og_title":"Accident and risk situations - SRK:n Suviseurat Pudasj\u00e4rvell\u00e4 2024","og_description":"What to do in the event of an accident In an accident situation, acting quickly and correctly can make all the difference! - In the event of an accident,","og_url":"https:\/\/www.suviseurat.fi/2024\/instructions\/safety\/accident-and-risk-situations\/","og_site_name":"SRK:n Suviseurat Pudasj\u00e4rvell\u00e4 2024","article_publisher":"https:\/\/www.facebook.com\/SRKryNyt\/","twitter_card":"summary_large_image","twitter_site":"@Suviseurat","twitter_misc":{"Est. reading time":"1 minute"},"schema":{"@context":"https:\/\/schema.org","@graph":[{"@type":"WebPage","@id":"https:\/\/www.suviseurat.fi/2024\/instructions\/safety\/accident-and-risk-situations\/","url":"https:\/\/www.suviseurat.fi/2024\/instructions\/safety\/accident-and-risk-situations\/","name":"Accident and risk situations - SRK:n Suviseurat Pudasj\u00e4rvell\u00e4 2024","isPartOf":{"@id":"https:\/\/www.suviseurat.fi/2024\/#website"},"datePublished":"2024-05-14T12:28:38+00:00","dateModified":"2024-05-14T12:28:38+00:00","description":"What to do in the event of an accident In an accident situation, acting quickly and correctly can make all the difference! - In the event of an accident,","breadcrumb":{"@id":"https:\/\/www.suviseurat.fi/2024\/instructions\/safety\/accident-and-risk-situations\/#breadcrumb"},"inLanguage":"en-US","potentialAction":[{"@type":"ReadAction","target":["https:\/\/www.suviseurat.fi/2024\/instructions\/safety\/accident-and-risk-situations\/"]}]},{"@type":"BreadcrumbList","@id":"https:\/\/www.suviseurat.fi/2024\/instructions\/safety\/accident-and-risk-situations\/#breadcrumb","itemListElement":[{"@type":"ListItem","position":1,"name":"Etusivu","item":"https:\/\/www.suviseurat.fi/2024\/en\/"},{"@type":"ListItem","position":2,"name":"Instructions","item":"https:\/\/www.suviseurat.fi/2024\/en\/instructions\/"},{"@type":"ListItem","position":3,"name":"Safety","item":"https:\/\/www.suviseurat.fi/2024\/en\/instructions\/safety\/"},{"@type":"ListItem","position":4,"name":"Accident and risk situations"}]},{"@type":"WebSite","@id":"https:\/\/www.suviseurat.fi/2024\/#website","url":"https:\/\/www.suviseurat.fi/2024\/","name":"SRK:n Suviseurat Pudasj\u00e4rvell\u00e4 2024","description":"Olenko min\u00e4 sinulle rakas?","publisher":{"@id":"https:\/\/www.suviseurat.fi/2024\/#organization"},"potentialAction":[{"@type":"SearchAction","target":{"@type":"EntryPoint","urlTemplate":"https:\/\/www.suviseurat.fi/2024\/?s={search_term_string}"},"query-input":"required name=search_term_string"}],"inLanguage":"en-US"},{"@type":"Organization","@id":"https:\/\/www.suviseurat.fi/2024\/#organization","name":"Suviseurat","url":"https:\/\/www.suviseurat.fi/2024\/","logo":{"@type":"ImageObject","inLanguage":"en-US","@id":"https:\/\/www.suviseurat.fi/2024\/#\/schema\/logo\/image\/","url":"https:\/\/www.suviseurat.fi/2024\/wp-content\/uploads\/2023\/10\/tunnus-nelio.jpg","contentUrl":"https:\/\/www.suviseurat.fi/2024\/wp-content\/uploads\/2023\/10\/tunnus-nelio.jpg","width":1000,"height":1000,"caption":"Suviseurat"},"image":{"@id":"https:\/\/www.suviseurat.fi/2024\/#\/schema\/logo\/image\/"},"sameAs":["https:\/\/www.facebook.com\/SRKryNyt\/","https:\/\/x.com\/Suviseurat","https:\/\/www.facebook.com\/srksuviseurat\/","https:\/\/www.youtube.com\/@SRKnyt","https:\/\/www.instagram.com\/srk_nyt\/","https:\/\/www.flickr.com\/photos\/suviseurat"]}]}},"_links":{"self":[{"href":"https:\/\/www.suviseurat.fi/2024\/en\/wp-json\/wp\/v2\/pages\/20296"}],"collection":[{"href":"https:\/\/www.suviseurat.fi/2024\/en\/wp-json\/wp\/v2\/pages"}],"about":[{"href":"https:\/\/www.suviseurat.fi/2024\/en\/wp-json\/wp\/v2\/types\/page"}],"author":[{"embeddable":true,"href":"https:\/\/www.suviseurat.fi/2024\/en\/wp-json\/wp\/v2\/users\/19"}],"replies":[{"embeddable":true,"href":"https:\/\/www.suviseurat.fi/2024\/en\/wp-json\/wp\/v2\/comments?post=20296"}],"version-history":[{"count":0,"href":"https:\/\/www.suviseurat.fi/2024\/en\/wp-json\/wp\/v2\/pages\/20296\/revisions"}],"up":[{"embeddable":true,"href":"https:\/\/www.suviseurat.fi/2024\/en\/wp-json\/wp\/v2\/pages\/20217"}],"wp:attachment":[{"href":"https:\/\/www.suviseurat.fi/2024\/en\/wp-json\/wp\/v2\/media?parent=20296"}],"curies":[{"name":"wp","href":"https:\/\/api.w.org\/{rel}","templated":true}]}}