{"id":20297,"date":"2024-05-14T15:16:37","date_gmt":"2024-05-14T12:16:37","guid":{"rendered":"https:\/\/www.suviseurat.fi/2024\/field-services\/child-care-services\/"},"modified":"2024-05-14T15:16:37","modified_gmt":"2024-05-14T12:16:37","slug":"child-care-services","status":"publish","type":"page","link":"https:\/\/www.suviseurat.fi/2024\/en\/field-services\/child-care-services\/","title":{"rendered":"Child care services"},"content":{"rendered":"<h3><strong>Lost children<\/strong><\/h3>\n<p>Contact us about <span style=\"font-weight: 400\">a lost child at tel. <strong>+358 40 132 0745<\/strong><\/span><\/p>\n<p><span style=\"font-weight: 400\">Attach a name tag to your child&#8217;s clothing or get them a bracelet with parents&#8217; phone numbers. The bracelets are sold at the info desk and in the shop.<\/span><\/p>\n<p><span style=\"font-weight: 400\"><strong>When the care facility for lost children is closed, contact the security office&#8217;s emergency service at 040 132 0763<\/strong> and escort the child to the security office or the nearest security guard<\/span><\/p>\n<table style=\"width: 69.5341%\">\n<tbody>\n<tr>\n<td style=\"background-color: #f0f0f0;width: 30.1452%;text-align: left\"><strong>Care facility for lost children is open<\/strong><\/td>\n<td style=\"background-color: #f0f0f0;text-align: center;width: 8.55596%\"><\/td>\n<\/tr>\n<tr>\n<td style=\"width: 30.1452%\">Thursday<\/td>\n<td style=\"width: 8.55596%;text-align: left\">10 am to 12 am (midnight)<\/td>\n<\/tr>\n<tr>\n<td style=\"width: 30.1452%\">Friday-Sunday<\/td>\n<td style=\"width: 8.55596%;text-align: left\">10 am to 12 am (midnight)<\/td>\n<\/tr>\n<tr>\n<td style=\"width: 30.1452%\">Monday<\/td>\n<td style=\"width: 8.55596%;text-align: left\">10 am to 3 pm<\/td>\n<\/tr>\n<tr>\n<td style=\"width: 30.1452%\"><\/td>\n<td style=\"width: 8.55596%;text-align: left\"><\/td>\n<\/tr>\n<tr>\n<td style=\"width: 30.1452%\"><\/td>\n<td style=\"width: 8.55596%;text-align: left\"><\/td>\n<\/tr>\n<\/tbody>\n<\/table>\n<p>\u200e<\/p>\n<h3><strong>Infant breastfeeding, warming and feeding area for young ones&#8217; meals<\/strong><\/h3>\n<table style=\"width: 68.8095%;height: 154px\">\n<tbody>\n<tr style=\"height: 27px\">\n<td style=\"background-color: #f0f0f0;width: 67.8571%;text-align: left;height: 27px\" colspan=\"2\"><strong>Feeding area for small children open<\/strong><\/td>\n<\/tr>\n<tr style=\"height: 27px\">\n<td style=\"width: 53.4524%;height: 27px\">Thursday<\/td>\n<td style=\"width: 14.4047%;height: 27px;text-align: left\">11 am &#8211; 11 pm<\/td>\n<\/tr>\n<tr style=\"height: 27px\">\n<td style=\"width: 53.4524%;height: 27px\">Friday-Sunday<\/td>\n<td style=\"width: 14.4047%;height: 27px;text-align: left\">10 am to 11 pm<\/td>\n<\/tr>\n<tr style=\"height: 27px\">\n<td style=\"width: 53.4524%;height: 27px\">Monday<\/td>\n<td style=\"width: 14.4047%;height: 27px;text-align: left\">10 am to 2 pm<\/td>\n<\/tr>\n<tr style=\"height: 23px\">\n<td style=\"width: 53.4524%;height: 23px\"><\/td>\n<td style=\"width: 14.4047%;text-align: left;height: 23px\"><\/td>\n<\/tr>\n<tr style=\"height: 23px\">\n<td style=\"width: 53.4524%;height: 23px\"><\/td>\n<td style=\"width: 14.4047%;text-align: left;height: 23px\"><\/td>\n<\/tr>\n<\/tbody>\n<\/table>\n<p>\u200e<\/p>\n<h3><strong>Children&#8217;s washing facility<\/strong><\/h3>\n<p><span style=\"font-weight: 400\">Washing facilities are intended for children in diapers. There is a separate washing facility for children with diarrhea. Please bring your own protective pads, towels, diapers, and soaps along.<\/span><\/p>\n<table style=\"height: 122px;width: 69.7619%\" width=\"404\">\n<tbody>\n<tr>\n<td style=\"background-color: #f0f0f0;width: 52.0315%;text-align: left\"><strong>Children&#8217;s washing facilities open<\/strong><\/td>\n<td style=\"background-color: #f0f0f0;text-align: center;width: 16.1114%\"><\/td>\n<\/tr>\n<tr>\n<td style=\"width: 52.0315%\">Wednesday (only the washing area of the main area)<\/td>\n<td style=\"width: 16.1114%;text-align: left\">11am &#8211; 11 pm<\/td>\n<\/tr>\n<tr>\n<td style=\"width: 52.0315%\">Thursday<\/td>\n<td style=\"width: 16.1114%;text-align: left\">11am &#8211; 11pm<\/td>\n<\/tr>\n<tr>\n<td style=\"width: 52.0315%\">Friday-Sunday<\/td>\n<td style=\"width: 16.1114%;text-align: left\">9 am to 11pm<\/td>\n<\/tr>\n<tr>\n<td style=\"width: 52.0315%\">Monday<\/td>\n<td style=\"width: 16.1114%;text-align: left\">9 am to 2 pm<\/td>\n<\/tr>\n<\/tbody>\n<\/table>\n<p>Location of washing facilities: WC 1-8, WC 10<\/p>\n<p>\u200e<\/p>\n<h3><strong>&#8220;Area&#8221; Adults<\/strong><\/h3>\n<p>The role of area adults is to engage with children and young people in the service area during the evening and nighttime The aim is to serve as safe and approachable adults and someone to chat with.<\/p>\n","protected":false},"excerpt":{"rendered":"<p>Lost children Contact us about a lost child at tel. +358 40 132 0745 Attach<a class=\"moretag\" href=\"https:\/\/www.suviseurat.fi/2024\/en\/field-services\/child-care-services\/\">Jatka lukemista ><\/a><\/p>\n","protected":false},"author":19,"featured_media":0,"parent":20266,"menu_order":8,"comment_status":"closed","ping_status":"closed","template":"","meta":{"_acf_changed":false,"footnotes":""},"class_list":["post-20297","page","type-page","status-publish","hentry"],"acf":[],"yoast_head":"<!-- This site is optimized with the Yoast SEO plugin v23.3 - https:\/\/yoast.com\/wordpress\/plugins\/seo\/ -->\n<title>Child care services - SRK:n Suviseurat Pudasj\u00e4rvell\u00e4 2024<\/title>\n<meta name=\"description\" content=\"Lost children Contact us about a lost child at tel. +358 40 132 0745 Attach a name tag to your child&#039;s clothing or get them a bracelet with parents&#039; phone\" \/>\n<meta name=\"robots\" content=\"index, follow, max-snippet:-1, max-image-preview:large, max-video-preview:-1\" \/>\n<link rel=\"canonical\" href=\"https:\/\/www.suviseurat.fi/2024\/field-services\/child-care-services\/\" \/>\n<meta property=\"og:locale\" content=\"en_US\" \/>\n<meta property=\"og:type\" content=\"article\" \/>\n<meta property=\"og:title\" content=\"Child care services - SRK:n Suviseurat Pudasj\u00e4rvell\u00e4 2024\" \/>\n<meta property=\"og:description\" content=\"Lost children Contact us about a lost child at tel. +358 40 132 0745 Attach a name tag to your child&#039;s clothing or get them a bracelet with parents&#039; phone\" \/>\n<meta property=\"og:url\" content=\"https:\/\/www.suviseurat.fi/2024\/field-services\/child-care-services\/\" \/>\n<meta property=\"og:site_name\" content=\"SRK:n Suviseurat Pudasj\u00e4rvell\u00e4 2024\" \/>\n<meta property=\"article:publisher\" content=\"https:\/\/www.facebook.com\/SRKryNyt\/\" \/>\n<meta name=\"twitter:card\" content=\"summary_large_image\" \/>\n<meta name=\"twitter:site\" content=\"@Suviseurat\" \/>\n<meta name=\"twitter:label1\" content=\"Est. reading time\" \/>\n\t<meta name=\"twitter:data1\" content=\"1 minute\" \/>\n<script type=\"application\/ld+json\" class=\"yoast-schema-graph\">{\"@context\":\"https:\/\/schema.org\",\"@graph\":[{\"@type\":\"WebPage\",\"@id\":\"https:\/\/www.suviseurat.fi/2024\/field-services\/child-care-services\/\",\"url\":\"https:\/\/www.suviseurat.fi/2024\/field-services\/child-care-services\/\",\"name\":\"Child care services - SRK:n Suviseurat Pudasj\u00e4rvell\u00e4 2024\",\"isPartOf\":{\"@id\":\"https:\/\/www.suviseurat.fi/2024\/#website\"},\"datePublished\":\"2024-05-14T12:16:37+00:00\",\"dateModified\":\"2024-05-14T12:16:37+00:00\",\"description\":\"Lost children Contact us about a lost child at tel. +358 40 132 0745 Attach a name tag to your child's clothing or get them a bracelet with parents' phone\",\"breadcrumb\":{\"@id\":\"https:\/\/www.suviseurat.fi/2024\/field-services\/child-care-services\/#breadcrumb\"},\"inLanguage\":\"en-US\",\"potentialAction\":[{\"@type\":\"ReadAction\",\"target\":[\"https:\/\/www.suviseurat.fi/2024\/field-services\/child-care-services\/\"]}]},{\"@type\":\"BreadcrumbList\",\"@id\":\"https:\/\/www.suviseurat.fi/2024\/field-services\/child-care-services\/#breadcrumb\",\"itemListElement\":[{\"@type\":\"ListItem\",\"position\":1,\"name\":\"Etusivu\",\"item\":\"https:\/\/www.suviseurat.fi/2024\/en\/\"},{\"@type\":\"ListItem\",\"position\":2,\"name\":\"Field Services\",\"item\":\"https:\/\/www.suviseurat.fi/2024\/en\/field-services\/\"},{\"@type\":\"ListItem\",\"position\":3,\"name\":\"Child care services\"}]},{\"@type\":\"WebSite\",\"@id\":\"https:\/\/www.suviseurat.fi/2024\/#website\",\"url\":\"https:\/\/www.suviseurat.fi/2024\/\",\"name\":\"SRK:n Suviseurat Pudasj\u00e4rvell\u00e4 2024\",\"description\":\"Olenko min\u00e4 sinulle rakas?\",\"publisher\":{\"@id\":\"https:\/\/www.suviseurat.fi/2024\/#organization\"},\"potentialAction\":[{\"@type\":\"SearchAction\",\"target\":{\"@type\":\"EntryPoint\",\"urlTemplate\":\"https:\/\/www.suviseurat.fi/2024\/?s={search_term_string}\"},\"query-input\":\"required name=search_term_string\"}],\"inLanguage\":\"en-US\"},{\"@type\":\"Organization\",\"@id\":\"https:\/\/www.suviseurat.fi/2024\/#organization\",\"name\":\"Suviseurat\",\"url\":\"https:\/\/www.suviseurat.fi/2024\/\",\"logo\":{\"@type\":\"ImageObject\",\"inLanguage\":\"en-US\",\"@id\":\"https:\/\/www.suviseurat.fi/2024\/#\/schema\/logo\/image\/\",\"url\":\"https:\/\/www.suviseurat.fi/2024\/wp-content\/uploads\/2023\/10\/tunnus-nelio.jpg\",\"contentUrl\":\"https:\/\/www.suviseurat.fi/2024\/wp-content\/uploads\/2023\/10\/tunnus-nelio.jpg\",\"width\":1000,\"height\":1000,\"caption\":\"Suviseurat\"},\"image\":{\"@id\":\"https:\/\/www.suviseurat.fi/2024\/#\/schema\/logo\/image\/\"},\"sameAs\":[\"https:\/\/www.facebook.com\/SRKryNyt\/\",\"https:\/\/x.com\/Suviseurat\",\"https:\/\/www.facebook.com\/srksuviseurat\/\",\"https:\/\/www.youtube.com\/@SRKnyt\",\"https:\/\/www.instagram.com\/srk_nyt\/\",\"https:\/\/www.flickr.com\/photos\/suviseurat\"]}]}<\/script>\n<!-- \/ Yoast SEO plugin. -->","yoast_head_json":{"title":"Child care services - SRK:n Suviseurat Pudasj\u00e4rvell\u00e4 2024","description":"Lost children Contact us about a lost child at tel. +358 40 132 0745 Attach a name tag to your child's clothing or get them a bracelet with parents' phone","robots":{"index":"index","follow":"follow","max-snippet":"max-snippet:-1","max-image-preview":"max-image-preview:large","max-video-preview":"max-video-preview:-1"},"canonical":"https:\/\/www.suviseurat.fi/2024\/field-services\/child-care-services\/","og_locale":"en_US","og_type":"article","og_title":"Child care services - SRK:n Suviseurat Pudasj\u00e4rvell\u00e4 2024","og_description":"Lost children Contact us about a lost child at tel. +358 40 132 0745 Attach a name tag to your child's clothing or get them a bracelet with parents' phone","og_url":"https:\/\/www.suviseurat.fi/2024\/field-services\/child-care-services\/","og_site_name":"SRK:n Suviseurat Pudasj\u00e4rvell\u00e4 2024","article_publisher":"https:\/\/www.facebook.com\/SRKryNyt\/","twitter_card":"summary_large_image","twitter_site":"@Suviseurat","twitter_misc":{"Est. reading time":"1 minute"},"schema":{"@context":"https:\/\/schema.org","@graph":[{"@type":"WebPage","@id":"https:\/\/www.suviseurat.fi/2024\/field-services\/child-care-services\/","url":"https:\/\/www.suviseurat.fi/2024\/field-services\/child-care-services\/","name":"Child care services - SRK:n Suviseurat Pudasj\u00e4rvell\u00e4 2024","isPartOf":{"@id":"https:\/\/www.suviseurat.fi/2024\/#website"},"datePublished":"2024-05-14T12:16:37+00:00","dateModified":"2024-05-14T12:16:37+00:00","description":"Lost children Contact us about a lost child at tel. +358 40 132 0745 Attach a name tag to your child's clothing or get them a bracelet with parents' phone","breadcrumb":{"@id":"https:\/\/www.suviseurat.fi/2024\/field-services\/child-care-services\/#breadcrumb"},"inLanguage":"en-US","potentialAction":[{"@type":"ReadAction","target":["https:\/\/www.suviseurat.fi/2024\/field-services\/child-care-services\/"]}]},{"@type":"BreadcrumbList","@id":"https:\/\/www.suviseurat.fi/2024\/field-services\/child-care-services\/#breadcrumb","itemListElement":[{"@type":"ListItem","position":1,"name":"Etusivu","item":"https:\/\/www.suviseurat.fi/2024\/en\/"},{"@type":"ListItem","position":2,"name":"Field Services","item":"https:\/\/www.suviseurat.fi/2024\/en\/field-services\/"},{"@type":"ListItem","position":3,"name":"Child care services"}]},{"@type":"WebSite","@id":"https:\/\/www.suviseurat.fi/2024\/#website","url":"https:\/\/www.suviseurat.fi/2024\/","name":"SRK:n Suviseurat Pudasj\u00e4rvell\u00e4 2024","description":"Olenko min\u00e4 sinulle rakas?","publisher":{"@id":"https:\/\/www.suviseurat.fi/2024\/#organization"},"potentialAction":[{"@type":"SearchAction","target":{"@type":"EntryPoint","urlTemplate":"https:\/\/www.suviseurat.fi/2024\/?s={search_term_string}"},"query-input":"required name=search_term_string"}],"inLanguage":"en-US"},{"@type":"Organization","@id":"https:\/\/www.suviseurat.fi/2024\/#organization","name":"Suviseurat","url":"https:\/\/www.suviseurat.fi/2024\/","logo":{"@type":"ImageObject","inLanguage":"en-US","@id":"https:\/\/www.suviseurat.fi/2024\/#\/schema\/logo\/image\/","url":"https:\/\/www.suviseurat.fi/2024\/wp-content\/uploads\/2023\/10\/tunnus-nelio.jpg","contentUrl":"https:\/\/www.suviseurat.fi/2024\/wp-content\/uploads\/2023\/10\/tunnus-nelio.jpg","width":1000,"height":1000,"caption":"Suviseurat"},"image":{"@id":"https:\/\/www.suviseurat.fi/2024\/#\/schema\/logo\/image\/"},"sameAs":["https:\/\/www.facebook.com\/SRKryNyt\/","https:\/\/x.com\/Suviseurat","https:\/\/www.facebook.com\/srksuviseurat\/","https:\/\/www.youtube.com\/@SRKnyt","https:\/\/www.instagram.com\/srk_nyt\/","https:\/\/www.flickr.com\/photos\/suviseurat"]}]}},"_links":{"self":[{"href":"https:\/\/www.suviseurat.fi/2024\/en\/wp-json\/wp\/v2\/pages\/20297"}],"collection":[{"href":"https:\/\/www.suviseurat.fi/2024\/en\/wp-json\/wp\/v2\/pages"}],"about":[{"href":"https:\/\/www.suviseurat.fi/2024\/en\/wp-json\/wp\/v2\/types\/page"}],"author":[{"embeddable":true,"href":"https:\/\/www.suviseurat.fi/2024\/en\/wp-json\/wp\/v2\/users\/19"}],"replies":[{"embeddable":true,"href":"https:\/\/www.suviseurat.fi/2024\/en\/wp-json\/wp\/v2\/comments?post=20297"}],"version-history":[{"count":0,"href":"https:\/\/www.suviseurat.fi/2024\/en\/wp-json\/wp\/v2\/pages\/20297\/revisions"}],"up":[{"embeddable":true,"href":"https:\/\/www.suviseurat.fi/2024\/en\/wp-json\/wp\/v2\/pages\/20266"}],"wp:attachment":[{"href":"https:\/\/www.suviseurat.fi/2024\/en\/wp-json\/wp\/v2\/media?parent=20297"}],"curies":[{"name":"wp","href":"https:\/\/api.w.org\/{rel}","templated":true}]}}