{"id":20334,"date":"2022-06-24T16:30:00","date_gmt":"2022-06-24T13:30:00","guid":{"rendered":"https:\/\/www.suviseurat.fi/2024\/instructions\/lost-and-found\/"},"modified":"2024-06-13T20:57:02","modified_gmt":"2024-06-13T17:57:02","slug":"lost-and-found","status":"publish","type":"page","link":"https:\/\/www.suviseurat.fi/2024\/en\/instructions\/lost-and-found\/","title":{"rendered":"\u200eLost and Found"},"content":{"rendered":"\n<p>The security office maintains a lost and found office during the Summer Services. After the services, you can inquire about lost items at the Pudasj\u00e4rvi police station as all unclaimed items will be sent there. <\/p>\n","protected":false},"excerpt":{"rendered":"<p>The security office maintains a lost and found office during the Summer Services. After the<a class=\"moretag\" href=\"https:\/\/www.suviseurat.fi/2024\/en\/instructions\/lost-and-found\/\">Jatka lukemista ><\/a><\/p>\n","protected":false},"author":19,"featured_media":0,"parent":20264,"menu_order":9,"comment_status":"closed","ping_status":"closed","template":"","meta":{"_acf_changed":false,"footnotes":""},"class_list":["post-20334","page","type-page","status-publish","hentry"],"acf":[],"yoast_head":"<!-- This site is optimized with the Yoast SEO plugin v23.3 - https:\/\/yoast.com\/wordpress\/plugins\/seo\/ -->\n<title>\u200eLost and Found - SRK:n Suviseurat Pudasj\u00e4rvell\u00e4 2024<\/title>\n<meta name=\"description\" content=\"The security office maintains a lost and found office during the Summer Services. After the services, you can inquire about lost items at the Pudasj\u00e4rvi\" \/>\n<meta name=\"robots\" content=\"index, follow, max-snippet:-1, max-image-preview:large, max-video-preview:-1\" \/>\n<link rel=\"canonical\" href=\"https:\/\/www.suviseurat.fi/2024\/en\/instructions\/lost-and-found\/\" \/>\n<meta property=\"og:locale\" content=\"en_US\" \/>\n<meta property=\"og:type\" content=\"article\" \/>\n<meta property=\"og:title\" content=\"\u200eLost and Found - SRK:n Suviseurat Pudasj\u00e4rvell\u00e4 2024\" \/>\n<meta property=\"og:description\" content=\"The security office maintains a lost and found office during the Summer Services. After the services, you can inquire about lost items at the Pudasj\u00e4rvi\" \/>\n<meta property=\"og:url\" content=\"https:\/\/www.suviseurat.fi/2024\/en\/instructions\/lost-and-found\/\" \/>\n<meta property=\"og:site_name\" content=\"SRK:n Suviseurat Pudasj\u00e4rvell\u00e4 2024\" \/>\n<meta property=\"article:publisher\" content=\"https:\/\/www.facebook.com\/SRKryNyt\/\" \/>\n<meta property=\"article:modified_time\" content=\"2024-06-13T17:57:02+00:00\" \/>\n<meta name=\"twitter:card\" content=\"summary_large_image\" \/>\n<meta name=\"twitter:site\" content=\"@Suviseurat\" \/>\n<script type=\"application\/ld+json\" class=\"yoast-schema-graph\">{\"@context\":\"https:\/\/schema.org\",\"@graph\":[{\"@type\":\"WebPage\",\"@id\":\"https:\/\/www.suviseurat.fi/2024\/en\/instructions\/lost-and-found\/\",\"url\":\"https:\/\/www.suviseurat.fi/2024\/en\/instructions\/lost-and-found\/\",\"name\":\"\u200eLost and Found - SRK:n Suviseurat Pudasj\u00e4rvell\u00e4 2024\",\"isPartOf\":{\"@id\":\"https:\/\/www.suviseurat.fi/2024\/#website\"},\"datePublished\":\"2022-06-24T13:30:00+00:00\",\"dateModified\":\"2024-06-13T17:57:02+00:00\",\"description\":\"The security office maintains a lost and found office during the Summer Services. After the services, you can inquire about lost items at the Pudasj\u00e4rvi\",\"breadcrumb\":{\"@id\":\"https:\/\/www.suviseurat.fi/2024\/en\/instructions\/lost-and-found\/#breadcrumb\"},\"inLanguage\":\"en-US\",\"potentialAction\":[{\"@type\":\"ReadAction\",\"target\":[\"https:\/\/www.suviseurat.fi/2024\/en\/instructions\/lost-and-found\/\"]}]},{\"@type\":\"BreadcrumbList\",\"@id\":\"https:\/\/www.suviseurat.fi/2024\/en\/instructions\/lost-and-found\/#breadcrumb\",\"itemListElement\":[{\"@type\":\"ListItem\",\"position\":1,\"name\":\"Etusivu\",\"item\":\"https:\/\/www.suviseurat.fi/2024\/en\/\"},{\"@type\":\"ListItem\",\"position\":2,\"name\":\"Instructions\",\"item\":\"https:\/\/www.suviseurat.fi/2024\/en\/instructions\/\"},{\"@type\":\"ListItem\",\"position\":3,\"name\":\"\u200eLost and Found\"}]},{\"@type\":\"WebSite\",\"@id\":\"https:\/\/www.suviseurat.fi/2024\/#website\",\"url\":\"https:\/\/www.suviseurat.fi/2024\/\",\"name\":\"SRK:n Suviseurat Pudasj\u00e4rvell\u00e4 2024\",\"description\":\"Olenko min\u00e4 sinulle rakas?\",\"publisher\":{\"@id\":\"https:\/\/www.suviseurat.fi/2024\/#organization\"},\"potentialAction\":[{\"@type\":\"SearchAction\",\"target\":{\"@type\":\"EntryPoint\",\"urlTemplate\":\"https:\/\/www.suviseurat.fi/2024\/?s={search_term_string}\"},\"query-input\":\"required name=search_term_string\"}],\"inLanguage\":\"en-US\"},{\"@type\":\"Organization\",\"@id\":\"https:\/\/www.suviseurat.fi/2024\/#organization\",\"name\":\"Suviseurat\",\"url\":\"https:\/\/www.suviseurat.fi/2024\/\",\"logo\":{\"@type\":\"ImageObject\",\"inLanguage\":\"en-US\",\"@id\":\"https:\/\/www.suviseurat.fi/2024\/#\/schema\/logo\/image\/\",\"url\":\"https:\/\/www.suviseurat.fi/2024\/wp-content\/uploads\/2023\/10\/tunnus-nelio.jpg\",\"contentUrl\":\"https:\/\/www.suviseurat.fi/2024\/wp-content\/uploads\/2023\/10\/tunnus-nelio.jpg\",\"width\":1000,\"height\":1000,\"caption\":\"Suviseurat\"},\"image\":{\"@id\":\"https:\/\/www.suviseurat.fi/2024\/#\/schema\/logo\/image\/\"},\"sameAs\":[\"https:\/\/www.facebook.com\/SRKryNyt\/\",\"https:\/\/x.com\/Suviseurat\",\"https:\/\/www.facebook.com\/srksuviseurat\/\",\"https:\/\/www.youtube.com\/@SRKnyt\",\"https:\/\/www.instagram.com\/srk_nyt\/\",\"https:\/\/www.flickr.com\/photos\/suviseurat\"]}]}<\/script>\n<!-- \/ Yoast SEO plugin. -->","yoast_head_json":{"title":"\u200eLost and Found - SRK:n Suviseurat Pudasj\u00e4rvell\u00e4 2024","description":"The security office maintains a lost and found office during the Summer Services. After the services, you can inquire about lost items at the Pudasj\u00e4rvi","robots":{"index":"index","follow":"follow","max-snippet":"max-snippet:-1","max-image-preview":"max-image-preview:large","max-video-preview":"max-video-preview:-1"},"canonical":"https:\/\/www.suviseurat.fi/2024\/en\/instructions\/lost-and-found\/","og_locale":"en_US","og_type":"article","og_title":"\u200eLost and Found - SRK:n Suviseurat Pudasj\u00e4rvell\u00e4 2024","og_description":"The security office maintains a lost and found office during the Summer Services. After the services, you can inquire about lost items at the Pudasj\u00e4rvi","og_url":"https:\/\/www.suviseurat.fi/2024\/en\/instructions\/lost-and-found\/","og_site_name":"SRK:n Suviseurat Pudasj\u00e4rvell\u00e4 2024","article_publisher":"https:\/\/www.facebook.com\/SRKryNyt\/","article_modified_time":"2024-06-13T17:57:02+00:00","twitter_card":"summary_large_image","twitter_site":"@Suviseurat","schema":{"@context":"https:\/\/schema.org","@graph":[{"@type":"WebPage","@id":"https:\/\/www.suviseurat.fi/2024\/en\/instructions\/lost-and-found\/","url":"https:\/\/www.suviseurat.fi/2024\/en\/instructions\/lost-and-found\/","name":"\u200eLost and Found - SRK:n Suviseurat Pudasj\u00e4rvell\u00e4 2024","isPartOf":{"@id":"https:\/\/www.suviseurat.fi/2024\/#website"},"datePublished":"2022-06-24T13:30:00+00:00","dateModified":"2024-06-13T17:57:02+00:00","description":"The security office maintains a lost and found office during the Summer Services. After the services, you can inquire about lost items at the Pudasj\u00e4rvi","breadcrumb":{"@id":"https:\/\/www.suviseurat.fi/2024\/en\/instructions\/lost-and-found\/#breadcrumb"},"inLanguage":"en-US","potentialAction":[{"@type":"ReadAction","target":["https:\/\/www.suviseurat.fi/2024\/en\/instructions\/lost-and-found\/"]}]},{"@type":"BreadcrumbList","@id":"https:\/\/www.suviseurat.fi/2024\/en\/instructions\/lost-and-found\/#breadcrumb","itemListElement":[{"@type":"ListItem","position":1,"name":"Etusivu","item":"https:\/\/www.suviseurat.fi/2024\/en\/"},{"@type":"ListItem","position":2,"name":"Instructions","item":"https:\/\/www.suviseurat.fi/2024\/en\/instructions\/"},{"@type":"ListItem","position":3,"name":"\u200eLost and Found"}]},{"@type":"WebSite","@id":"https:\/\/www.suviseurat.fi/2024\/#website","url":"https:\/\/www.suviseurat.fi/2024\/","name":"SRK:n Suviseurat Pudasj\u00e4rvell\u00e4 2024","description":"Olenko min\u00e4 sinulle rakas?","publisher":{"@id":"https:\/\/www.suviseurat.fi/2024\/#organization"},"potentialAction":[{"@type":"SearchAction","target":{"@type":"EntryPoint","urlTemplate":"https:\/\/www.suviseurat.fi/2024\/?s={search_term_string}"},"query-input":"required name=search_term_string"}],"inLanguage":"en-US"},{"@type":"Organization","@id":"https:\/\/www.suviseurat.fi/2024\/#organization","name":"Suviseurat","url":"https:\/\/www.suviseurat.fi/2024\/","logo":{"@type":"ImageObject","inLanguage":"en-US","@id":"https:\/\/www.suviseurat.fi/2024\/#\/schema\/logo\/image\/","url":"https:\/\/www.suviseurat.fi/2024\/wp-content\/uploads\/2023\/10\/tunnus-nelio.jpg","contentUrl":"https:\/\/www.suviseurat.fi/2024\/wp-content\/uploads\/2023\/10\/tunnus-nelio.jpg","width":1000,"height":1000,"caption":"Suviseurat"},"image":{"@id":"https:\/\/www.suviseurat.fi/2024\/#\/schema\/logo\/image\/"},"sameAs":["https:\/\/www.facebook.com\/SRKryNyt\/","https:\/\/x.com\/Suviseurat","https:\/\/www.facebook.com\/srksuviseurat\/","https:\/\/www.youtube.com\/@SRKnyt","https:\/\/www.instagram.com\/srk_nyt\/","https:\/\/www.flickr.com\/photos\/suviseurat"]}]}},"_links":{"self":[{"href":"https:\/\/www.suviseurat.fi/2024\/en\/wp-json\/wp\/v2\/pages\/20334"}],"collection":[{"href":"https:\/\/www.suviseurat.fi/2024\/en\/wp-json\/wp\/v2\/pages"}],"about":[{"href":"https:\/\/www.suviseurat.fi/2024\/en\/wp-json\/wp\/v2\/types\/page"}],"author":[{"embeddable":true,"href":"https:\/\/www.suviseurat.fi/2024\/en\/wp-json\/wp\/v2\/users\/19"}],"replies":[{"embeddable":true,"href":"https:\/\/www.suviseurat.fi/2024\/en\/wp-json\/wp\/v2\/comments?post=20334"}],"version-history":[{"count":3,"href":"https:\/\/www.suviseurat.fi/2024\/en\/wp-json\/wp\/v2\/pages\/20334\/revisions"}],"predecessor-version":[{"id":20383,"href":"https:\/\/www.suviseurat.fi/2024\/en\/wp-json\/wp\/v2\/pages\/20334\/revisions\/20383"}],"up":[{"embeddable":true,"href":"https:\/\/www.suviseurat.fi/2024\/en\/wp-json\/wp\/v2\/pages\/20264"}],"wp:attachment":[{"href":"https:\/\/www.suviseurat.fi/2024\/en\/wp-json\/wp\/v2\/media?parent=20334"}],"curies":[{"name":"wp","href":"https:\/\/api.w.org\/{rel}","templated":true}]}}