{"id":20336,"date":"2024-05-14T15:17:05","date_gmt":"2024-05-14T12:17:05","guid":{"rendered":"https:\/\/www.suviseurat.fi/2024\/field-services\/health-services\/"},"modified":"2024-06-13T20:55:20","modified_gmt":"2024-06-13T17:55:20","slug":"health-services","status":"publish","type":"page","link":"https:\/\/www.suviseurat.fi/2024\/en\/field-services\/health-services\/","title":{"rendered":"\u200eHealth Services"},"content":{"rendered":"<h3>Pharmacy<\/h3>\n<table style=\"height: 87px;width: 40.1192%\" width=\"267\">\n<tbody>\n<tr>\n<td style=\"background-color: #f0f0f0;width: 18.7853%;text-align: left\"><strong>Open at<\/strong><\/td>\n<td style=\"background-color: #f0f0f0;text-align: center;width: 16.244%\"><\/td>\n<\/tr>\n<tr>\n<td style=\"width: 18.7853%\">Thrusday &#8211; Sunday<\/td>\n<td style=\"width: 16.244%\">10 am to 10 pm<\/td>\n<\/tr>\n<tr>\n<td style=\"width: 18.7853%\">Monday<\/td>\n<td style=\"width: 16.244%\">10 am to 2 pm<\/td>\n<\/tr>\n<\/tbody>\n<\/table>\n<p><span style=\"font-weight: 400\">Over-the-counter medication, including painkillers, allergy medication and products for treating wounds are available for purchase. Prescription medications are supplied through the summer service pharmacy throughout the services.<\/span><\/p>\n<h3>First Aid Station<\/h3>\n<table style=\"height: 84px;width: 40.4762%\" width=\"261\">\n<tbody>\n<tr style=\"height: 27px\">\n<td style=\"background-color: #f0f0f0;width: 100%;text-align: left;height: 27px\"><b>On call<\/b><\/td>\n<\/tr>\n<tr style=\"height: 57px\">\n<td style=\"width: 100%;height: 57px\">Thursday 12 noon &#8211; Monday 3 pm<\/td>\n<\/tr>\n<\/tbody>\n<\/table>\n<p>Telephone: +358 40 1320 740<\/p>\n<p><span style=\"font-weight: 400\">The first aid station at the Services has a reception available from Thursday at 12 noon until Monday 3 pm The service is only for patients in need of immediate care. Other health or illness issues are not available through the Summer Services&#8217; first aid activities. If the person in need of first aid is not able to get to the first aid station on their own, call 112. The clinical fee for the on-site first aid is \u20ac20 per person.<\/span><\/p>\n<h3>First Aid<\/h3>\n<table style=\"height: 70px;width: 40.9606%\" width=\"247\">\n<tbody>\n<tr style=\"height: 23px\">\n<td style=\"background-color: #f0f0f0;width: 100%;text-align: left;height: 23px\"><strong>On call<\/strong><\/td>\n<\/tr>\n<tr style=\"height: 47px\">\n<td style=\"width: 100%;height: 47px\">Wednesday 9am &#8211; Monday 8pm<\/td>\n<\/tr>\n<\/tbody>\n<\/table>\n<p><span style=\"font-weight: 400\">Emergency care is on duty from Thursday 8am until Monday 8 pm. Emergency services are reached by calling the public emergency number 112 or by contacting the nearest security guard or traffic controller. <\/span><\/p>\n<p><span style=\"font-weight: 400\">Use the map coordiantes, number and letter, to direct First Aid to the scene. In case of an emergency, mark your location in advance, for ex. to the lodging payment form, according to the coordinates on the map To report an emergency, you can use the 112 Suomi app, which can be downloaded to your phone, that will give the emergency call centre your precise location.<\/span><\/p>\n","protected":false},"excerpt":{"rendered":"<p>Pharmacy Open at Thrusday &#8211; Sunday 10 am to 10 pm Monday 10 am to<a class=\"moretag\" href=\"https:\/\/www.suviseurat.fi/2024\/en\/field-services\/health-services\/\">Jatka lukemista ><\/a><\/p>\n","protected":false},"author":19,"featured_media":0,"parent":20266,"menu_order":7,"comment_status":"closed","ping_status":"closed","template":"","meta":{"_acf_changed":false,"footnotes":""},"class_list":["post-20336","page","type-page","status-publish","hentry"],"acf":[],"yoast_head":"<!-- This site is optimized with the Yoast SEO plugin v23.3 - https:\/\/yoast.com\/wordpress\/plugins\/seo\/ -->\n<title>\u200eHealth Services - SRK:n Suviseurat Pudasj\u00e4rvell\u00e4 2024<\/title>\n<meta name=\"description\" content=\"This page contains information regarding the health services of the services, i.e. pharmacy, first aid station and first aid.\" \/>\n<meta name=\"robots\" content=\"index, follow, max-snippet:-1, max-image-preview:large, max-video-preview:-1\" \/>\n<link rel=\"canonical\" href=\"https:\/\/www.suviseurat.fi/2024\/en\/field-services\/health-services\/\" \/>\n<meta property=\"og:locale\" content=\"en_US\" \/>\n<meta property=\"og:type\" content=\"article\" \/>\n<meta property=\"og:title\" content=\"\u200eHealth Services - SRK:n Suviseurat Pudasj\u00e4rvell\u00e4 2024\" \/>\n<meta property=\"og:description\" content=\"This page contains information regarding the health services of the services, i.e. pharmacy, first aid station and first aid.\" \/>\n<meta property=\"og:url\" content=\"https:\/\/www.suviseurat.fi/2024\/en\/field-services\/health-services\/\" \/>\n<meta property=\"og:site_name\" content=\"SRK:n Suviseurat Pudasj\u00e4rvell\u00e4 2024\" \/>\n<meta property=\"article:publisher\" content=\"https:\/\/www.facebook.com\/SRKryNyt\/\" \/>\n<meta property=\"article:modified_time\" content=\"2024-06-13T17:55:20+00:00\" \/>\n<meta name=\"twitter:card\" content=\"summary_large_image\" \/>\n<meta name=\"twitter:site\" content=\"@Suviseurat\" \/>\n<meta name=\"twitter:label1\" content=\"Est. reading time\" \/>\n\t<meta name=\"twitter:data1\" content=\"1 minute\" \/>\n<script type=\"application\/ld+json\" class=\"yoast-schema-graph\">{\"@context\":\"https:\/\/schema.org\",\"@graph\":[{\"@type\":\"WebPage\",\"@id\":\"https:\/\/www.suviseurat.fi/2024\/en\/field-services\/health-services\/\",\"url\":\"https:\/\/www.suviseurat.fi/2024\/en\/field-services\/health-services\/\",\"name\":\"\u200eHealth Services - SRK:n Suviseurat Pudasj\u00e4rvell\u00e4 2024\",\"isPartOf\":{\"@id\":\"https:\/\/www.suviseurat.fi/2024\/#website\"},\"datePublished\":\"2024-05-14T12:17:05+00:00\",\"dateModified\":\"2024-06-13T17:55:20+00:00\",\"description\":\"This page contains information regarding the health services of the services, i.e. pharmacy, first aid station and first aid.\",\"breadcrumb\":{\"@id\":\"https:\/\/www.suviseurat.fi/2024\/en\/field-services\/health-services\/#breadcrumb\"},\"inLanguage\":\"en-US\",\"potentialAction\":[{\"@type\":\"ReadAction\",\"target\":[\"https:\/\/www.suviseurat.fi/2024\/en\/field-services\/health-services\/\"]}]},{\"@type\":\"BreadcrumbList\",\"@id\":\"https:\/\/www.suviseurat.fi/2024\/en\/field-services\/health-services\/#breadcrumb\",\"itemListElement\":[{\"@type\":\"ListItem\",\"position\":1,\"name\":\"Etusivu\",\"item\":\"https:\/\/www.suviseurat.fi/2024\/en\/\"},{\"@type\":\"ListItem\",\"position\":2,\"name\":\"Field Services\",\"item\":\"https:\/\/www.suviseurat.fi/2024\/en\/field-services\/\"},{\"@type\":\"ListItem\",\"position\":3,\"name\":\"\u200eHealth Services\"}]},{\"@type\":\"WebSite\",\"@id\":\"https:\/\/www.suviseurat.fi/2024\/#website\",\"url\":\"https:\/\/www.suviseurat.fi/2024\/\",\"name\":\"SRK:n Suviseurat Pudasj\u00e4rvell\u00e4 2024\",\"description\":\"Olenko min\u00e4 sinulle rakas?\",\"publisher\":{\"@id\":\"https:\/\/www.suviseurat.fi/2024\/#organization\"},\"potentialAction\":[{\"@type\":\"SearchAction\",\"target\":{\"@type\":\"EntryPoint\",\"urlTemplate\":\"https:\/\/www.suviseurat.fi/2024\/?s={search_term_string}\"},\"query-input\":\"required name=search_term_string\"}],\"inLanguage\":\"en-US\"},{\"@type\":\"Organization\",\"@id\":\"https:\/\/www.suviseurat.fi/2024\/#organization\",\"name\":\"Suviseurat\",\"url\":\"https:\/\/www.suviseurat.fi/2024\/\",\"logo\":{\"@type\":\"ImageObject\",\"inLanguage\":\"en-US\",\"@id\":\"https:\/\/www.suviseurat.fi/2024\/#\/schema\/logo\/image\/\",\"url\":\"https:\/\/www.suviseurat.fi/2024\/wp-content\/uploads\/2023\/10\/tunnus-nelio.jpg\",\"contentUrl\":\"https:\/\/www.suviseurat.fi/2024\/wp-content\/uploads\/2023\/10\/tunnus-nelio.jpg\",\"width\":1000,\"height\":1000,\"caption\":\"Suviseurat\"},\"image\":{\"@id\":\"https:\/\/www.suviseurat.fi/2024\/#\/schema\/logo\/image\/\"},\"sameAs\":[\"https:\/\/www.facebook.com\/SRKryNyt\/\",\"https:\/\/x.com\/Suviseurat\",\"https:\/\/www.facebook.com\/srksuviseurat\/\",\"https:\/\/www.youtube.com\/@SRKnyt\",\"https:\/\/www.instagram.com\/srk_nyt\/\",\"https:\/\/www.flickr.com\/photos\/suviseurat\"]}]}<\/script>\n<!-- \/ Yoast SEO plugin. -->","yoast_head_json":{"title":"\u200eHealth Services - SRK:n Suviseurat Pudasj\u00e4rvell\u00e4 2024","description":"This page contains information regarding the health services of the services, i.e. pharmacy, first aid station and first aid.","robots":{"index":"index","follow":"follow","max-snippet":"max-snippet:-1","max-image-preview":"max-image-preview:large","max-video-preview":"max-video-preview:-1"},"canonical":"https:\/\/www.suviseurat.fi/2024\/en\/field-services\/health-services\/","og_locale":"en_US","og_type":"article","og_title":"\u200eHealth Services - SRK:n Suviseurat Pudasj\u00e4rvell\u00e4 2024","og_description":"This page contains information regarding the health services of the services, i.e. pharmacy, first aid station and first aid.","og_url":"https:\/\/www.suviseurat.fi/2024\/en\/field-services\/health-services\/","og_site_name":"SRK:n Suviseurat Pudasj\u00e4rvell\u00e4 2024","article_publisher":"https:\/\/www.facebook.com\/SRKryNyt\/","article_modified_time":"2024-06-13T17:55:20+00:00","twitter_card":"summary_large_image","twitter_site":"@Suviseurat","twitter_misc":{"Est. reading time":"1 minute"},"schema":{"@context":"https:\/\/schema.org","@graph":[{"@type":"WebPage","@id":"https:\/\/www.suviseurat.fi/2024\/en\/field-services\/health-services\/","url":"https:\/\/www.suviseurat.fi/2024\/en\/field-services\/health-services\/","name":"\u200eHealth Services - SRK:n Suviseurat Pudasj\u00e4rvell\u00e4 2024","isPartOf":{"@id":"https:\/\/www.suviseurat.fi/2024\/#website"},"datePublished":"2024-05-14T12:17:05+00:00","dateModified":"2024-06-13T17:55:20+00:00","description":"This page contains information regarding the health services of the services, i.e. pharmacy, first aid station and first aid.","breadcrumb":{"@id":"https:\/\/www.suviseurat.fi/2024\/en\/field-services\/health-services\/#breadcrumb"},"inLanguage":"en-US","potentialAction":[{"@type":"ReadAction","target":["https:\/\/www.suviseurat.fi/2024\/en\/field-services\/health-services\/"]}]},{"@type":"BreadcrumbList","@id":"https:\/\/www.suviseurat.fi/2024\/en\/field-services\/health-services\/#breadcrumb","itemListElement":[{"@type":"ListItem","position":1,"name":"Etusivu","item":"https:\/\/www.suviseurat.fi/2024\/en\/"},{"@type":"ListItem","position":2,"name":"Field Services","item":"https:\/\/www.suviseurat.fi/2024\/en\/field-services\/"},{"@type":"ListItem","position":3,"name":"\u200eHealth Services"}]},{"@type":"WebSite","@id":"https:\/\/www.suviseurat.fi/2024\/#website","url":"https:\/\/www.suviseurat.fi/2024\/","name":"SRK:n Suviseurat Pudasj\u00e4rvell\u00e4 2024","description":"Olenko min\u00e4 sinulle rakas?","publisher":{"@id":"https:\/\/www.suviseurat.fi/2024\/#organization"},"potentialAction":[{"@type":"SearchAction","target":{"@type":"EntryPoint","urlTemplate":"https:\/\/www.suviseurat.fi/2024\/?s={search_term_string}"},"query-input":"required name=search_term_string"}],"inLanguage":"en-US"},{"@type":"Organization","@id":"https:\/\/www.suviseurat.fi/2024\/#organization","name":"Suviseurat","url":"https:\/\/www.suviseurat.fi/2024\/","logo":{"@type":"ImageObject","inLanguage":"en-US","@id":"https:\/\/www.suviseurat.fi/2024\/#\/schema\/logo\/image\/","url":"https:\/\/www.suviseurat.fi/2024\/wp-content\/uploads\/2023\/10\/tunnus-nelio.jpg","contentUrl":"https:\/\/www.suviseurat.fi/2024\/wp-content\/uploads\/2023\/10\/tunnus-nelio.jpg","width":1000,"height":1000,"caption":"Suviseurat"},"image":{"@id":"https:\/\/www.suviseurat.fi/2024\/#\/schema\/logo\/image\/"},"sameAs":["https:\/\/www.facebook.com\/SRKryNyt\/","https:\/\/x.com\/Suviseurat","https:\/\/www.facebook.com\/srksuviseurat\/","https:\/\/www.youtube.com\/@SRKnyt","https:\/\/www.instagram.com\/srk_nyt\/","https:\/\/www.flickr.com\/photos\/suviseurat"]}]}},"_links":{"self":[{"href":"https:\/\/www.suviseurat.fi/2024\/en\/wp-json\/wp\/v2\/pages\/20336"}],"collection":[{"href":"https:\/\/www.suviseurat.fi/2024\/en\/wp-json\/wp\/v2\/pages"}],"about":[{"href":"https:\/\/www.suviseurat.fi/2024\/en\/wp-json\/wp\/v2\/types\/page"}],"author":[{"embeddable":true,"href":"https:\/\/www.suviseurat.fi/2024\/en\/wp-json\/wp\/v2\/users\/19"}],"replies":[{"embeddable":true,"href":"https:\/\/www.suviseurat.fi/2024\/en\/wp-json\/wp\/v2\/comments?post=20336"}],"version-history":[{"count":2,"href":"https:\/\/www.suviseurat.fi/2024\/en\/wp-json\/wp\/v2\/pages\/20336\/revisions"}],"predecessor-version":[{"id":20381,"href":"https:\/\/www.suviseurat.fi/2024\/en\/wp-json\/wp\/v2\/pages\/20336\/revisions\/20381"}],"up":[{"embeddable":true,"href":"https:\/\/www.suviseurat.fi/2024\/en\/wp-json\/wp\/v2\/pages\/20266"}],"wp:attachment":[{"href":"https:\/\/www.suviseurat.fi/2024\/en\/wp-json\/wp\/v2\/media?parent=20336"}],"curies":[{"name":"wp","href":"https:\/\/api.w.org\/{rel}","templated":true}]}}