{"id":20337,"date":"2019-02-18T15:32:25","date_gmt":"2019-02-18T13:32:25","guid":{"rendered":"https:\/\/www.suviseurat.fi/2024\/field-services\/accommodation\/"},"modified":"2024-06-12T21:33:01","modified_gmt":"2024-06-12T18:33:01","slug":"accommodation","status":"publish","type":"page","link":"https:\/\/www.suviseurat.fi/2024\/en\/field-services\/accommodation\/","title":{"rendered":"Accommodation"},"content":{"rendered":"\n<p><span style=\"font-weight: 400\">The Summer Services accommodation service provides invited guest, classroom, and communal accommodations in schools for Summer service visitors, as well as private accommodation in the nearby area and rented caravans and motorhomes brought to the assigned rental caranvan area. The renting of these is done through the accommodation webshop at <a href=\"https:\/\/kauppa.suviseurat.fi\/\">kauppa.suviseurat.fi<\/a> <\/span><\/p>\n<p><span style=\"font-weight: 400\">A lessor<\/span> <span style=\"font-weight: 400\">can offer accommodation (houses, cottages, apartments, caravans and caravans) for rent. <\/span><a href=\"https:\/\/lomake.suviseurat.fi\/\" target=\"_blank\" rel=\"noopener\"><span style=\"font-weight: 400\">using this form<\/span><\/a><span style=\"font-weight: 400\"> from 11.3.2024. <\/span> <\/p>\n<p><a href=\"https:\/\/kauppa.suviseurat.fi\/\"><span style=\"font-weight: 400\">Accommodation shop<\/span><\/a><span style=\"font-weight: 400\"> opens on 8.4.2024. Accommodation will become available throughout the spring and if there are any cancellations, the property will be put back on the market.  So it&#8217;s worthwhile to keep checking current offerings.<\/span><\/p>\n<p> <\/p>\n<h3><strong>Classroom and shared accommodation<\/strong><\/h3>\n<p><span style=\"font-weight: 400\">Classroom accommodation is available at schools in Pudasj\u00e4rvi, Ranua and Taivalkoski. It is sold in packages of three or four nights. Classroom accommodation is located within 5 &#8211; 70 km of the service area.<\/span><\/p>\n<p><span style=\"font-weight: 400\">From the schools located in the Pudasj\u00e4rvi city center, it possible to purchase a night in shared accommodation at the schools&#8217; gymnasium. The are seperate gymansiums for men and women. The price of accommodation is \u20ac25 per night. <\/span><\/p>\n<p><span style=\"font-weight: 400\">Classroom and shared accommodation does not include a mattress, but an air mattress can be purchased from the accommodation webshop or the accommodation office at the service site. Mattresses booked through the accommodation webshop will be delivered to the classrooms. The premises open in the evening at 8 pm and must be vacated by 10 am each morning. The premises will be closed during the day. A shuttle bus service from schools in Pusdasj\u00e4rvi&#8217;s city center to the service site will be provided for a fee.<\/span><\/p>\n<p><span style=\"font-weight: 400\">Those staying for the night have the option to work a couple hour shift as night watch guard. You can indicate your interest when booking accommodation, after which you will be contacted by the accommodation office.<\/span><\/p>\n<p><span style=\"font-weight: 400\">A booked and paid classroom or shared accommodation can be cancelled free of charge until 9.6.2024. A 40\u20ac reservation fee will be deducted from the return.<\/span><\/p>\n<p> <\/p>\n<h3><strong>Private accommodation and rental caravans<\/strong><\/h3>\n<p><span style=\"font-weight: 400\">Private accommodation includes houses, cottages and apartments. The accommodation service offers these destinations <\/span><a href=\"https:\/\/kauppa.suviseurat.fi\/\"><span style=\"font-weight: 400\">in the accommodation webshop<\/span><\/a><span style=\"font-weight: 400\"> and charges a brokerage fee of \u20ac40. The actual rental contract and payment of the rent are made directly between the rentee and the landlord. <\/span><\/p>\n<p><span style=\"font-weight: 400\">Caravans and caravans brought ready to the service area can also be rented from the <\/span><a href=\"https:\/\/kauppa.suviseurat.fi\/\"><span style=\"font-weight: 400\">accommodation webshop<\/span><\/a><span style=\"font-weight: 400\"> . The accommodation service will offer these in the accommodation webshop and will charge a brokerage fee of \u20ac20 (which includes the key brokerage service). The actual rental contract and payment of the rent is made directly between the rentee and the landlord.<\/span><\/p>\n<p><span style=\"font-weight: 400\">There is a dedicated site for rental caravans, with a key exchange point. There will be an on-call service starting Tuesday 25.6.2024 12pm -10pm and Wednesday and Thusday 9am &#8211; 12 am (midnight) . At other times, you can reach the on-call officer by phone at +358 40 1320 792. <\/span><\/p>\n<p><span style=\"font-weight: 400\">Instructions for caravan owners and renters, please follow these links:<br><\/span><a href=\"https:\/\/www.suviseurat.fi/2024\/wp-content\/uploads\/2024\/03\/Ohjeet-vuokralaiselle-Pudasjarvi-2024.pdf\" target=\"_blank\" rel=\"noopener\"><span style=\"font-weight: 400\">Instructions for the tenant Pudasj\u00e4rvi 2024<\/span><\/a> <span style=\"font-weight: 400\">and <a href=\"https:\/\/www.suviseurat.fi/2024\/wp-content\/uploads\/2024\/03\/Ohjeet-vuokranantajalle-Pudasjarvi-2024.pdf\" target=\"_blank\" rel=\"noopener\">Instructions for the owner\/landlord Pudasj\u00e4rvi 2024<\/a><\/span><\/p>\n<p>The landlord of the private accommodation can print out the <a href=\"https:\/\/www.suviseurat.fi/2024\/wp-content\/uploads\/2024\/05\/Toimintaohje_hatatilanteiden_varalle.pdf\" target=\"_blank\" rel=\"noopener\">safety instructions<\/a> for their property if they wish.<\/p>\n<p><span style=\"font-weight: 400\">For more information, please contact the Accommodation Committee starting 11.3.2024 on weekdays from 6pm-8pm at +348 40 1320 790 or by email at majoitus@suviseurat.fi.<\/span><\/p>\n","protected":false},"excerpt":{"rendered":"<p>The Summer Services accommodation service provides invited guest, classroom, and communal accommodations in schools for<a class=\"moretag\" href=\"https:\/\/www.suviseurat.fi/2024\/en\/field-services\/accommodation\/\">Jatka lukemista ><\/a><\/p>\n","protected":false},"author":19,"featured_media":0,"parent":20266,"menu_order":2,"comment_status":"closed","ping_status":"closed","template":"","meta":{"_acf_changed":false,"footnotes":""},"class_list":["post-20337","page","type-page","status-publish","hentry"],"acf":[],"yoast_head":"<!-- This site is optimized with the Yoast SEO plugin v23.3 - https:\/\/yoast.com\/wordpress\/plugins\/seo\/ -->\n<title>Accommodation - SRK:n Suviseurat Pudasj\u00e4rvell\u00e4 2024<\/title>\n<meta name=\"description\" content=\"The Summer Services accommodation service provides invited guest, classroom, and communal accommodations in schools for Summer service visitors, as well\" \/>\n<meta name=\"robots\" content=\"index, follow, max-snippet:-1, max-image-preview:large, max-video-preview:-1\" \/>\n<link rel=\"canonical\" href=\"https:\/\/www.suviseurat.fi/2024\/en\/field-services\/accommodation\/\" \/>\n<meta property=\"og:locale\" content=\"en_US\" \/>\n<meta property=\"og:type\" content=\"article\" \/>\n<meta property=\"og:title\" content=\"Accommodation - SRK:n Suviseurat Pudasj\u00e4rvell\u00e4 2024\" \/>\n<meta property=\"og:description\" content=\"The Summer Services accommodation service provides invited guest, classroom, and communal accommodations in schools for Summer service visitors, as well\" \/>\n<meta property=\"og:url\" content=\"https:\/\/www.suviseurat.fi/2024\/en\/field-services\/accommodation\/\" \/>\n<meta property=\"og:site_name\" content=\"SRK:n Suviseurat Pudasj\u00e4rvell\u00e4 2024\" \/>\n<meta property=\"article:publisher\" content=\"https:\/\/www.facebook.com\/SRKryNyt\/\" \/>\n<meta property=\"article:modified_time\" content=\"2024-06-12T18:33:01+00:00\" \/>\n<meta name=\"twitter:card\" content=\"summary_large_image\" \/>\n<meta name=\"twitter:site\" content=\"@Suviseurat\" \/>\n<meta name=\"twitter:label1\" content=\"Est. reading time\" \/>\n\t<meta name=\"twitter:data1\" content=\"3 minutes\" \/>\n<script type=\"application\/ld+json\" class=\"yoast-schema-graph\">{\"@context\":\"https:\/\/schema.org\",\"@graph\":[{\"@type\":\"WebPage\",\"@id\":\"https:\/\/www.suviseurat.fi/2024\/en\/field-services\/accommodation\/\",\"url\":\"https:\/\/www.suviseurat.fi/2024\/en\/field-services\/accommodation\/\",\"name\":\"Accommodation - SRK:n Suviseurat Pudasj\u00e4rvell\u00e4 2024\",\"isPartOf\":{\"@id\":\"https:\/\/www.suviseurat.fi/2024\/#website\"},\"datePublished\":\"2019-02-18T13:32:25+00:00\",\"dateModified\":\"2024-06-12T18:33:01+00:00\",\"description\":\"The Summer Services accommodation service provides invited guest, classroom, and communal accommodations in schools for Summer service visitors, as well\",\"breadcrumb\":{\"@id\":\"https:\/\/www.suviseurat.fi/2024\/en\/field-services\/accommodation\/#breadcrumb\"},\"inLanguage\":\"en-US\",\"potentialAction\":[{\"@type\":\"ReadAction\",\"target\":[\"https:\/\/www.suviseurat.fi/2024\/en\/field-services\/accommodation\/\"]}]},{\"@type\":\"BreadcrumbList\",\"@id\":\"https:\/\/www.suviseurat.fi/2024\/en\/field-services\/accommodation\/#breadcrumb\",\"itemListElement\":[{\"@type\":\"ListItem\",\"position\":1,\"name\":\"Etusivu\",\"item\":\"https:\/\/www.suviseurat.fi/2024\/en\/\"},{\"@type\":\"ListItem\",\"position\":2,\"name\":\"Field Services\",\"item\":\"https:\/\/www.suviseurat.fi/2024\/en\/field-services\/\"},{\"@type\":\"ListItem\",\"position\":3,\"name\":\"Accommodation\"}]},{\"@type\":\"WebSite\",\"@id\":\"https:\/\/www.suviseurat.fi/2024\/#website\",\"url\":\"https:\/\/www.suviseurat.fi/2024\/\",\"name\":\"SRK:n Suviseurat Pudasj\u00e4rvell\u00e4 2024\",\"description\":\"Olenko min\u00e4 sinulle rakas?\",\"publisher\":{\"@id\":\"https:\/\/www.suviseurat.fi/2024\/#organization\"},\"potentialAction\":[{\"@type\":\"SearchAction\",\"target\":{\"@type\":\"EntryPoint\",\"urlTemplate\":\"https:\/\/www.suviseurat.fi/2024\/?s={search_term_string}\"},\"query-input\":\"required name=search_term_string\"}],\"inLanguage\":\"en-US\"},{\"@type\":\"Organization\",\"@id\":\"https:\/\/www.suviseurat.fi/2024\/#organization\",\"name\":\"Suviseurat\",\"url\":\"https:\/\/www.suviseurat.fi/2024\/\",\"logo\":{\"@type\":\"ImageObject\",\"inLanguage\":\"en-US\",\"@id\":\"https:\/\/www.suviseurat.fi/2024\/#\/schema\/logo\/image\/\",\"url\":\"https:\/\/www.suviseurat.fi/2024\/wp-content\/uploads\/2023\/10\/tunnus-nelio.jpg\",\"contentUrl\":\"https:\/\/www.suviseurat.fi/2024\/wp-content\/uploads\/2023\/10\/tunnus-nelio.jpg\",\"width\":1000,\"height\":1000,\"caption\":\"Suviseurat\"},\"image\":{\"@id\":\"https:\/\/www.suviseurat.fi/2024\/#\/schema\/logo\/image\/\"},\"sameAs\":[\"https:\/\/www.facebook.com\/SRKryNyt\/\",\"https:\/\/x.com\/Suviseurat\",\"https:\/\/www.facebook.com\/srksuviseurat\/\",\"https:\/\/www.youtube.com\/@SRKnyt\",\"https:\/\/www.instagram.com\/srk_nyt\/\",\"https:\/\/www.flickr.com\/photos\/suviseurat\"]}]}<\/script>\n<!-- \/ Yoast SEO plugin. -->","yoast_head_json":{"title":"Accommodation - SRK:n Suviseurat Pudasj\u00e4rvell\u00e4 2024","description":"The Summer Services accommodation service provides invited guest, classroom, and communal accommodations in schools for Summer service visitors, as well","robots":{"index":"index","follow":"follow","max-snippet":"max-snippet:-1","max-image-preview":"max-image-preview:large","max-video-preview":"max-video-preview:-1"},"canonical":"https:\/\/www.suviseurat.fi/2024\/en\/field-services\/accommodation\/","og_locale":"en_US","og_type":"article","og_title":"Accommodation - SRK:n Suviseurat Pudasj\u00e4rvell\u00e4 2024","og_description":"The Summer Services accommodation service provides invited guest, classroom, and communal accommodations in schools for Summer service visitors, as well","og_url":"https:\/\/www.suviseurat.fi/2024\/en\/field-services\/accommodation\/","og_site_name":"SRK:n Suviseurat Pudasj\u00e4rvell\u00e4 2024","article_publisher":"https:\/\/www.facebook.com\/SRKryNyt\/","article_modified_time":"2024-06-12T18:33:01+00:00","twitter_card":"summary_large_image","twitter_site":"@Suviseurat","twitter_misc":{"Est. reading time":"3 minutes"},"schema":{"@context":"https:\/\/schema.org","@graph":[{"@type":"WebPage","@id":"https:\/\/www.suviseurat.fi/2024\/en\/field-services\/accommodation\/","url":"https:\/\/www.suviseurat.fi/2024\/en\/field-services\/accommodation\/","name":"Accommodation - SRK:n Suviseurat Pudasj\u00e4rvell\u00e4 2024","isPartOf":{"@id":"https:\/\/www.suviseurat.fi/2024\/#website"},"datePublished":"2019-02-18T13:32:25+00:00","dateModified":"2024-06-12T18:33:01+00:00","description":"The Summer Services accommodation service provides invited guest, classroom, and communal accommodations in schools for Summer service visitors, as well","breadcrumb":{"@id":"https:\/\/www.suviseurat.fi/2024\/en\/field-services\/accommodation\/#breadcrumb"},"inLanguage":"en-US","potentialAction":[{"@type":"ReadAction","target":["https:\/\/www.suviseurat.fi/2024\/en\/field-services\/accommodation\/"]}]},{"@type":"BreadcrumbList","@id":"https:\/\/www.suviseurat.fi/2024\/en\/field-services\/accommodation\/#breadcrumb","itemListElement":[{"@type":"ListItem","position":1,"name":"Etusivu","item":"https:\/\/www.suviseurat.fi/2024\/en\/"},{"@type":"ListItem","position":2,"name":"Field Services","item":"https:\/\/www.suviseurat.fi/2024\/en\/field-services\/"},{"@type":"ListItem","position":3,"name":"Accommodation"}]},{"@type":"WebSite","@id":"https:\/\/www.suviseurat.fi/2024\/#website","url":"https:\/\/www.suviseurat.fi/2024\/","name":"SRK:n Suviseurat Pudasj\u00e4rvell\u00e4 2024","description":"Olenko min\u00e4 sinulle rakas?","publisher":{"@id":"https:\/\/www.suviseurat.fi/2024\/#organization"},"potentialAction":[{"@type":"SearchAction","target":{"@type":"EntryPoint","urlTemplate":"https:\/\/www.suviseurat.fi/2024\/?s={search_term_string}"},"query-input":"required name=search_term_string"}],"inLanguage":"en-US"},{"@type":"Organization","@id":"https:\/\/www.suviseurat.fi/2024\/#organization","name":"Suviseurat","url":"https:\/\/www.suviseurat.fi/2024\/","logo":{"@type":"ImageObject","inLanguage":"en-US","@id":"https:\/\/www.suviseurat.fi/2024\/#\/schema\/logo\/image\/","url":"https:\/\/www.suviseurat.fi/2024\/wp-content\/uploads\/2023\/10\/tunnus-nelio.jpg","contentUrl":"https:\/\/www.suviseurat.fi/2024\/wp-content\/uploads\/2023\/10\/tunnus-nelio.jpg","width":1000,"height":1000,"caption":"Suviseurat"},"image":{"@id":"https:\/\/www.suviseurat.fi/2024\/#\/schema\/logo\/image\/"},"sameAs":["https:\/\/www.facebook.com\/SRKryNyt\/","https:\/\/x.com\/Suviseurat","https:\/\/www.facebook.com\/srksuviseurat\/","https:\/\/www.youtube.com\/@SRKnyt","https:\/\/www.instagram.com\/srk_nyt\/","https:\/\/www.flickr.com\/photos\/suviseurat"]}]}},"_links":{"self":[{"href":"https:\/\/www.suviseurat.fi/2024\/en\/wp-json\/wp\/v2\/pages\/20337"}],"collection":[{"href":"https:\/\/www.suviseurat.fi/2024\/en\/wp-json\/wp\/v2\/pages"}],"about":[{"href":"https:\/\/www.suviseurat.fi/2024\/en\/wp-json\/wp\/v2\/types\/page"}],"author":[{"embeddable":true,"href":"https:\/\/www.suviseurat.fi/2024\/en\/wp-json\/wp\/v2\/users\/19"}],"replies":[{"embeddable":true,"href":"https:\/\/www.suviseurat.fi/2024\/en\/wp-json\/wp\/v2\/comments?post=20337"}],"version-history":[{"count":1,"href":"https:\/\/www.suviseurat.fi/2024\/en\/wp-json\/wp\/v2\/pages\/20337\/revisions"}],"predecessor-version":[{"id":20338,"href":"https:\/\/www.suviseurat.fi/2024\/en\/wp-json\/wp\/v2\/pages\/20337\/revisions\/20338"}],"up":[{"embeddable":true,"href":"https:\/\/www.suviseurat.fi/2024\/en\/wp-json\/wp\/v2\/pages\/20266"}],"wp:attachment":[{"href":"https:\/\/www.suviseurat.fi/2024\/en\/wp-json\/wp\/v2\/media?parent=20337"}],"curies":[{"name":"wp","href":"https:\/\/api.w.org\/{rel}","templated":true}]}}