{"id":20342,"date":"2024-05-14T15:31:48","date_gmt":"2024-05-14T12:31:48","guid":{"rendered":"https:\/\/www.suviseurat.fi/2024\/instructions\/payments\/"},"modified":"2024-05-14T15:31:48","modified_gmt":"2024-05-14T12:31:48","slug":"payments","status":"publish","type":"page","link":"https:\/\/www.suviseurat.fi/2024\/en\/instructions\/payments\/","title":{"rendered":"Payments"},"content":{"rendered":"<h2>Payments<\/h2>\n<p><span style=\"font-weight: 400\">Payments at Summer Services can be made with cash and most common bank and credit cards The preferred payment methods are debit card and contactless payment. Be prepared that mobile payments may not work due to congestion on mobile networks. <\/span><\/p>\n<p><span style=\"font-weight: 400\">The biggest banknote used at the cashier is \u20ac50. Cash can be withdrawn from an ATM.<\/span><\/p>\n<h2>Instructions for MobilePay payment<\/h2>\n<p><span style=\"font-weight: 400\">MobilePay can be used to pay the lodging fee and daily parking, to number <a href=\"https:\/\/mobilepay.fi\/Yrityksille\/Maksulinkki\/maksulinkki-vastaus?phone=10307\" target=\"_blank\" rel=\"noopener\">10307<\/a>. First enter the price of lodging: accommodation plot 90 \u20ac, vehicle + tent 50 \u20ac, tent 30\u20ac, hammock 10 \u20ac, day parking 5 \u20ac and then make the payment to <a href=\"https:\/\/mobilepay.fi\/Yrityksille\/Maksulinkki\/maksulinkki-vastaus?phone=10307\" target=\"_blank\" rel=\"noopener\">10307<\/a> or on the Summer Service webshop. <\/span><a href=\"https:\/\/kenttamaksu.suviseurat.fi\/\"><span style=\"font-weight: 400\">https:\/\/kenttamaksu.suviseurat.fi\/<\/span><\/a><span style=\"font-weight: 400\">. <\/span> <\/p>\n<p><span style=\"font-weight: 400\">You can use MobilePay to make your donation to number <a href=\"https:\/\/mobilepay.fi\/Yrityksille\/Maksulinkki\/maksulinkki-vastaus?phone=10306\" target=\"_blank\" rel=\"noopener\">10306<\/a>.<\/span><\/p>\n","protected":false},"excerpt":{"rendered":"<p>Payments Payments at Summer Services can be made with cash and most common bank and<a class=\"moretag\" href=\"https:\/\/www.suviseurat.fi/2024\/en\/instructions\/payments\/\">Jatka lukemista ><\/a><\/p>\n","protected":false},"author":19,"featured_media":0,"parent":20264,"menu_order":4,"comment_status":"closed","ping_status":"closed","template":"","meta":{"_acf_changed":false,"footnotes":""},"class_list":["post-20342","page","type-page","status-publish","hentry"],"acf":[],"yoast_head":"<!-- This site is optimized with the Yoast SEO plugin v23.3 - https:\/\/yoast.com\/wordpress\/plugins\/seo\/ -->\n<title>Payments - SRK:n Suviseurat Pudasj\u00e4rvell\u00e4 2024<\/title>\n<meta name=\"description\" content=\"Payments Payments at Summer Services can be made with cash and most common bank and credit cards The preferred payment methods are debit card and\" \/>\n<meta name=\"robots\" content=\"index, follow, max-snippet:-1, max-image-preview:large, max-video-preview:-1\" \/>\n<link rel=\"canonical\" href=\"https:\/\/www.suviseurat.fi/2024\/instructions\/payments\/\" \/>\n<meta property=\"og:locale\" content=\"en_US\" \/>\n<meta property=\"og:type\" content=\"article\" \/>\n<meta property=\"og:title\" content=\"Payments - SRK:n Suviseurat Pudasj\u00e4rvell\u00e4 2024\" \/>\n<meta property=\"og:description\" content=\"Payments Payments at Summer Services can be made with cash and most common bank and credit cards The preferred payment methods are debit card and\" \/>\n<meta property=\"og:url\" content=\"https:\/\/www.suviseurat.fi/2024\/instructions\/payments\/\" \/>\n<meta property=\"og:site_name\" content=\"SRK:n Suviseurat Pudasj\u00e4rvell\u00e4 2024\" \/>\n<meta property=\"article:publisher\" content=\"https:\/\/www.facebook.com\/SRKryNyt\/\" \/>\n<meta name=\"twitter:card\" content=\"summary_large_image\" \/>\n<meta name=\"twitter:site\" content=\"@Suviseurat\" \/>\n<meta name=\"twitter:label1\" content=\"Est. reading time\" \/>\n\t<meta name=\"twitter:data1\" content=\"1 minute\" \/>\n<script type=\"application\/ld+json\" class=\"yoast-schema-graph\">{\"@context\":\"https:\/\/schema.org\",\"@graph\":[{\"@type\":\"WebPage\",\"@id\":\"https:\/\/www.suviseurat.fi/2024\/instructions\/payments\/\",\"url\":\"https:\/\/www.suviseurat.fi/2024\/instructions\/payments\/\",\"name\":\"Payments - SRK:n Suviseurat Pudasj\u00e4rvell\u00e4 2024\",\"isPartOf\":{\"@id\":\"https:\/\/www.suviseurat.fi/2024\/#website\"},\"datePublished\":\"2024-05-14T12:31:48+00:00\",\"dateModified\":\"2024-05-14T12:31:48+00:00\",\"description\":\"Payments Payments at Summer Services can be made with cash and most common bank and credit cards The preferred payment methods are debit card and\",\"breadcrumb\":{\"@id\":\"https:\/\/www.suviseurat.fi/2024\/instructions\/payments\/#breadcrumb\"},\"inLanguage\":\"en-US\",\"potentialAction\":[{\"@type\":\"ReadAction\",\"target\":[\"https:\/\/www.suviseurat.fi/2024\/instructions\/payments\/\"]}]},{\"@type\":\"BreadcrumbList\",\"@id\":\"https:\/\/www.suviseurat.fi/2024\/instructions\/payments\/#breadcrumb\",\"itemListElement\":[{\"@type\":\"ListItem\",\"position\":1,\"name\":\"Etusivu\",\"item\":\"https:\/\/www.suviseurat.fi/2024\/en\/\"},{\"@type\":\"ListItem\",\"position\":2,\"name\":\"Instructions\",\"item\":\"https:\/\/www.suviseurat.fi/2024\/en\/instructions\/\"},{\"@type\":\"ListItem\",\"position\":3,\"name\":\"Payments\"}]},{\"@type\":\"WebSite\",\"@id\":\"https:\/\/www.suviseurat.fi/2024\/#website\",\"url\":\"https:\/\/www.suviseurat.fi/2024\/\",\"name\":\"SRK:n Suviseurat Pudasj\u00e4rvell\u00e4 2024\",\"description\":\"Olenko min\u00e4 sinulle rakas?\",\"publisher\":{\"@id\":\"https:\/\/www.suviseurat.fi/2024\/#organization\"},\"potentialAction\":[{\"@type\":\"SearchAction\",\"target\":{\"@type\":\"EntryPoint\",\"urlTemplate\":\"https:\/\/www.suviseurat.fi/2024\/?s={search_term_string}\"},\"query-input\":\"required name=search_term_string\"}],\"inLanguage\":\"en-US\"},{\"@type\":\"Organization\",\"@id\":\"https:\/\/www.suviseurat.fi/2024\/#organization\",\"name\":\"Suviseurat\",\"url\":\"https:\/\/www.suviseurat.fi/2024\/\",\"logo\":{\"@type\":\"ImageObject\",\"inLanguage\":\"en-US\",\"@id\":\"https:\/\/www.suviseurat.fi/2024\/#\/schema\/logo\/image\/\",\"url\":\"https:\/\/www.suviseurat.fi/2024\/wp-content\/uploads\/2023\/10\/tunnus-nelio.jpg\",\"contentUrl\":\"https:\/\/www.suviseurat.fi/2024\/wp-content\/uploads\/2023\/10\/tunnus-nelio.jpg\",\"width\":1000,\"height\":1000,\"caption\":\"Suviseurat\"},\"image\":{\"@id\":\"https:\/\/www.suviseurat.fi/2024\/#\/schema\/logo\/image\/\"},\"sameAs\":[\"https:\/\/www.facebook.com\/SRKryNyt\/\",\"https:\/\/x.com\/Suviseurat\",\"https:\/\/www.facebook.com\/srksuviseurat\/\",\"https:\/\/www.youtube.com\/@SRKnyt\",\"https:\/\/www.instagram.com\/srk_nyt\/\",\"https:\/\/www.flickr.com\/photos\/suviseurat\"]}]}<\/script>\n<!-- \/ Yoast SEO plugin. -->","yoast_head_json":{"title":"Payments - SRK:n Suviseurat Pudasj\u00e4rvell\u00e4 2024","description":"Payments Payments at Summer Services can be made with cash and most common bank and credit cards The preferred payment methods are debit card and","robots":{"index":"index","follow":"follow","max-snippet":"max-snippet:-1","max-image-preview":"max-image-preview:large","max-video-preview":"max-video-preview:-1"},"canonical":"https:\/\/www.suviseurat.fi/2024\/instructions\/payments\/","og_locale":"en_US","og_type":"article","og_title":"Payments - SRK:n Suviseurat Pudasj\u00e4rvell\u00e4 2024","og_description":"Payments Payments at Summer Services can be made with cash and most common bank and credit cards The preferred payment methods are debit card and","og_url":"https:\/\/www.suviseurat.fi/2024\/instructions\/payments\/","og_site_name":"SRK:n Suviseurat Pudasj\u00e4rvell\u00e4 2024","article_publisher":"https:\/\/www.facebook.com\/SRKryNyt\/","twitter_card":"summary_large_image","twitter_site":"@Suviseurat","twitter_misc":{"Est. reading time":"1 minute"},"schema":{"@context":"https:\/\/schema.org","@graph":[{"@type":"WebPage","@id":"https:\/\/www.suviseurat.fi/2024\/instructions\/payments\/","url":"https:\/\/www.suviseurat.fi/2024\/instructions\/payments\/","name":"Payments - SRK:n Suviseurat Pudasj\u00e4rvell\u00e4 2024","isPartOf":{"@id":"https:\/\/www.suviseurat.fi/2024\/#website"},"datePublished":"2024-05-14T12:31:48+00:00","dateModified":"2024-05-14T12:31:48+00:00","description":"Payments Payments at Summer Services can be made with cash and most common bank and credit cards The preferred payment methods are debit card and","breadcrumb":{"@id":"https:\/\/www.suviseurat.fi/2024\/instructions\/payments\/#breadcrumb"},"inLanguage":"en-US","potentialAction":[{"@type":"ReadAction","target":["https:\/\/www.suviseurat.fi/2024\/instructions\/payments\/"]}]},{"@type":"BreadcrumbList","@id":"https:\/\/www.suviseurat.fi/2024\/instructions\/payments\/#breadcrumb","itemListElement":[{"@type":"ListItem","position":1,"name":"Etusivu","item":"https:\/\/www.suviseurat.fi/2024\/en\/"},{"@type":"ListItem","position":2,"name":"Instructions","item":"https:\/\/www.suviseurat.fi/2024\/en\/instructions\/"},{"@type":"ListItem","position":3,"name":"Payments"}]},{"@type":"WebSite","@id":"https:\/\/www.suviseurat.fi/2024\/#website","url":"https:\/\/www.suviseurat.fi/2024\/","name":"SRK:n Suviseurat Pudasj\u00e4rvell\u00e4 2024","description":"Olenko min\u00e4 sinulle rakas?","publisher":{"@id":"https:\/\/www.suviseurat.fi/2024\/#organization"},"potentialAction":[{"@type":"SearchAction","target":{"@type":"EntryPoint","urlTemplate":"https:\/\/www.suviseurat.fi/2024\/?s={search_term_string}"},"query-input":"required name=search_term_string"}],"inLanguage":"en-US"},{"@type":"Organization","@id":"https:\/\/www.suviseurat.fi/2024\/#organization","name":"Suviseurat","url":"https:\/\/www.suviseurat.fi/2024\/","logo":{"@type":"ImageObject","inLanguage":"en-US","@id":"https:\/\/www.suviseurat.fi/2024\/#\/schema\/logo\/image\/","url":"https:\/\/www.suviseurat.fi/2024\/wp-content\/uploads\/2023\/10\/tunnus-nelio.jpg","contentUrl":"https:\/\/www.suviseurat.fi/2024\/wp-content\/uploads\/2023\/10\/tunnus-nelio.jpg","width":1000,"height":1000,"caption":"Suviseurat"},"image":{"@id":"https:\/\/www.suviseurat.fi/2024\/#\/schema\/logo\/image\/"},"sameAs":["https:\/\/www.facebook.com\/SRKryNyt\/","https:\/\/x.com\/Suviseurat","https:\/\/www.facebook.com\/srksuviseurat\/","https:\/\/www.youtube.com\/@SRKnyt","https:\/\/www.instagram.com\/srk_nyt\/","https:\/\/www.flickr.com\/photos\/suviseurat"]}]}},"_links":{"self":[{"href":"https:\/\/www.suviseurat.fi/2024\/en\/wp-json\/wp\/v2\/pages\/20342"}],"collection":[{"href":"https:\/\/www.suviseurat.fi/2024\/en\/wp-json\/wp\/v2\/pages"}],"about":[{"href":"https:\/\/www.suviseurat.fi/2024\/en\/wp-json\/wp\/v2\/types\/page"}],"author":[{"embeddable":true,"href":"https:\/\/www.suviseurat.fi/2024\/en\/wp-json\/wp\/v2\/users\/19"}],"replies":[{"embeddable":true,"href":"https:\/\/www.suviseurat.fi/2024\/en\/wp-json\/wp\/v2\/comments?post=20342"}],"version-history":[{"count":0,"href":"https:\/\/www.suviseurat.fi/2024\/en\/wp-json\/wp\/v2\/pages\/20342\/revisions"}],"up":[{"embeddable":true,"href":"https:\/\/www.suviseurat.fi/2024\/en\/wp-json\/wp\/v2\/pages\/20264"}],"wp:attachment":[{"href":"https:\/\/www.suviseurat.fi/2024\/en\/wp-json\/wp\/v2\/media?parent=20342"}],"curies":[{"name":"wp","href":"https:\/\/api.w.org\/{rel}","templated":true}]}}