{"id":20345,"date":"2022-04-13T16:02:00","date_gmt":"2022-04-13T13:02:00","guid":{"rendered":"https:\/\/www.suviseurat.fi/2024\/lodging-fee\/"},"modified":"2024-06-12T23:09:02","modified_gmt":"2024-06-12T20:09:02","slug":"lodging-fee","status":"publish","type":"page","link":"https:\/\/www.suviseurat.fi/2024\/en\/lodging-fee\/","title":{"rendered":"Lodging fee"},"content":{"rendered":"<p><strong>Mark the coordinates of your accommodation visibly. If you do not have a printed receipt, you can pick one up at a lodging payment station or mark the coordinates on a piece of paper.<\/strong><\/p>\n<p>The lodging fee is paid in the Summer Service <a href=\"https:\/\/kenttamaksu.suviseurat.fi\/\">Lodging webshop<\/a> at <a href=\"https:\/\/kenttamaksu.suviseurat.fi\">https:\/\/kenttamaksu.suviseurat.fi<\/a>.<\/p>\n<p>The accomodation lot and vehicle + tent fees are available at a reduced price before the start of Summer Services. The discount period for field lodging ends on Tuesday 25.6.2024.<\/p>\n<p><span style=\"font-weight: 400\">Day parking can be paid by MobilePay to <a href=\"https:\/\/mobilepay.fi\/Yrityksille\/Maksulinkki\/maksulinkki-vastaus?phone=10307\" target=\"_blank\" rel=\"noopener\">10307<\/a><\/span><span style=\"font-weight: 400\">or on the Summer Service <a href=\"https:\/\/kenttamaksu.suviseurat.fi\/\" target=\"_blank\" rel=\"noopener\">webshop<\/a>.<\/span> <\/p>\n<p><span style=\"font-weight: 400\">If you are staying on-site and you have not paid the lodging fee in advance:<\/span><span style=\"font-weight: 400\">Pay the lodging fee when you arrive at the service site, either at the lodging payment station, by MobilePay to <a href=\"https:\/\/mobilepay.fi\/Yrityksille\/Maksulinkki\/maksulinkki-vastaus?phone=10307\" target=\"_blank\" rel=\"noopener\">10307<\/a><\/span><span style=\"font-weight: 400\">or through the Summer Service webshop<a href=\"https:\/\/kenttamaksu.suviseurat.fi\/\" target=\"_blank\" rel=\"noopener\">(kentamaksu.suviseurat.fi<\/a>).<\/span><\/p>\n<p><strong>Price list:<\/strong><\/p>\n<ul>\n<li>Accommodation lot 90 \u20ac<\/li>\n<li>Vehicle + tent 50 \u20ac<\/li>\n<li>Tent 30 \u20ac<\/li>\n<li>Hammock 10 \u20ac<\/li>\n<li>Day parking 5 \u20ac<\/li>\n<\/ul>\n","protected":false},"excerpt":{"rendered":"<p>Mark the coordinates of your accommodation visibly. If you do not have a printed receipt,<a class=\"moretag\" href=\"https:\/\/www.suviseurat.fi/2024\/en\/lodging-fee\/\">Jatka lukemista ><\/a><\/p>\n","protected":false},"author":19,"featured_media":0,"parent":0,"menu_order":3,"comment_status":"closed","ping_status":"closed","template":"","meta":{"_acf_changed":false,"footnotes":""},"class_list":["post-20345","page","type-page","status-publish","hentry"],"acf":[],"yoast_head":"<!-- This site is optimized with the Yoast SEO plugin v23.3 - https:\/\/yoast.com\/wordpress\/plugins\/seo\/ -->\n<title>Lodging fee - SRK:n Suviseurat Pudasj\u00e4rvell\u00e4 2024<\/title>\n<meta name=\"description\" content=\"Click here for the the Summer Service lodging webshop https:\/\/kenttamaksu.suviseurat.fi.\" \/>\n<meta name=\"robots\" content=\"index, follow, max-snippet:-1, max-image-preview:large, max-video-preview:-1\" \/>\n<link rel=\"canonical\" href=\"https:\/\/www.suviseurat.fi/2024\/en\/lodging-fee\/\" \/>\n<meta property=\"og:locale\" content=\"en_US\" \/>\n<meta property=\"og:type\" content=\"article\" \/>\n<meta property=\"og:title\" content=\"Lodging fee - SRK:n Suviseurat Pudasj\u00e4rvell\u00e4 2024\" \/>\n<meta property=\"og:description\" content=\"Click here for the the Summer Service lodging webshop https:\/\/kenttamaksu.suviseurat.fi.\" \/>\n<meta property=\"og:url\" content=\"https:\/\/www.suviseurat.fi/2024\/en\/lodging-fee\/\" \/>\n<meta property=\"og:site_name\" content=\"SRK:n Suviseurat Pudasj\u00e4rvell\u00e4 2024\" \/>\n<meta property=\"article:publisher\" content=\"https:\/\/www.facebook.com\/SRKryNyt\/\" \/>\n<meta property=\"article:modified_time\" content=\"2024-06-12T20:09:02+00:00\" \/>\n<meta name=\"twitter:card\" content=\"summary_large_image\" \/>\n<meta name=\"twitter:site\" content=\"@Suviseurat\" \/>\n<meta name=\"twitter:label1\" content=\"Est. reading time\" \/>\n\t<meta name=\"twitter:data1\" content=\"1 minute\" \/>\n<script type=\"application\/ld+json\" class=\"yoast-schema-graph\">{\"@context\":\"https:\/\/schema.org\",\"@graph\":[{\"@type\":\"WebPage\",\"@id\":\"https:\/\/www.suviseurat.fi/2024\/en\/lodging-fee\/\",\"url\":\"https:\/\/www.suviseurat.fi/2024\/en\/lodging-fee\/\",\"name\":\"Lodging fee - SRK:n Suviseurat Pudasj\u00e4rvell\u00e4 2024\",\"isPartOf\":{\"@id\":\"https:\/\/www.suviseurat.fi/2024\/#website\"},\"datePublished\":\"2022-04-13T13:02:00+00:00\",\"dateModified\":\"2024-06-12T20:09:02+00:00\",\"description\":\"Click here for the the Summer Service lodging webshop https:\/\/kenttamaksu.suviseurat.fi.\",\"breadcrumb\":{\"@id\":\"https:\/\/www.suviseurat.fi/2024\/en\/lodging-fee\/#breadcrumb\"},\"inLanguage\":\"en-US\",\"potentialAction\":[{\"@type\":\"ReadAction\",\"target\":[\"https:\/\/www.suviseurat.fi/2024\/en\/lodging-fee\/\"]}]},{\"@type\":\"BreadcrumbList\",\"@id\":\"https:\/\/www.suviseurat.fi/2024\/en\/lodging-fee\/#breadcrumb\",\"itemListElement\":[{\"@type\":\"ListItem\",\"position\":1,\"name\":\"Etusivu\",\"item\":\"https:\/\/www.suviseurat.fi/2024\/en\/\"},{\"@type\":\"ListItem\",\"position\":2,\"name\":\"Lodging fee\"}]},{\"@type\":\"WebSite\",\"@id\":\"https:\/\/www.suviseurat.fi/2024\/#website\",\"url\":\"https:\/\/www.suviseurat.fi/2024\/\",\"name\":\"SRK:n Suviseurat Pudasj\u00e4rvell\u00e4 2024\",\"description\":\"Olenko min\u00e4 sinulle rakas?\",\"publisher\":{\"@id\":\"https:\/\/www.suviseurat.fi/2024\/#organization\"},\"potentialAction\":[{\"@type\":\"SearchAction\",\"target\":{\"@type\":\"EntryPoint\",\"urlTemplate\":\"https:\/\/www.suviseurat.fi/2024\/?s={search_term_string}\"},\"query-input\":\"required name=search_term_string\"}],\"inLanguage\":\"en-US\"},{\"@type\":\"Organization\",\"@id\":\"https:\/\/www.suviseurat.fi/2024\/#organization\",\"name\":\"Suviseurat\",\"url\":\"https:\/\/www.suviseurat.fi/2024\/\",\"logo\":{\"@type\":\"ImageObject\",\"inLanguage\":\"en-US\",\"@id\":\"https:\/\/www.suviseurat.fi/2024\/#\/schema\/logo\/image\/\",\"url\":\"https:\/\/www.suviseurat.fi/2024\/wp-content\/uploads\/2023\/10\/tunnus-nelio.jpg\",\"contentUrl\":\"https:\/\/www.suviseurat.fi/2024\/wp-content\/uploads\/2023\/10\/tunnus-nelio.jpg\",\"width\":1000,\"height\":1000,\"caption\":\"Suviseurat\"},\"image\":{\"@id\":\"https:\/\/www.suviseurat.fi/2024\/#\/schema\/logo\/image\/\"},\"sameAs\":[\"https:\/\/www.facebook.com\/SRKryNyt\/\",\"https:\/\/x.com\/Suviseurat\",\"https:\/\/www.facebook.com\/srksuviseurat\/\",\"https:\/\/www.youtube.com\/@SRKnyt\",\"https:\/\/www.instagram.com\/srk_nyt\/\",\"https:\/\/www.flickr.com\/photos\/suviseurat\"]}]}<\/script>\n<!-- \/ Yoast SEO plugin. -->","yoast_head_json":{"title":"Lodging fee - SRK:n Suviseurat Pudasj\u00e4rvell\u00e4 2024","description":"Click here for the the Summer Service lodging webshop https:\/\/kenttamaksu.suviseurat.fi.","robots":{"index":"index","follow":"follow","max-snippet":"max-snippet:-1","max-image-preview":"max-image-preview:large","max-video-preview":"max-video-preview:-1"},"canonical":"https:\/\/www.suviseurat.fi/2024\/en\/lodging-fee\/","og_locale":"en_US","og_type":"article","og_title":"Lodging fee - SRK:n Suviseurat Pudasj\u00e4rvell\u00e4 2024","og_description":"Click here for the the Summer Service lodging webshop https:\/\/kenttamaksu.suviseurat.fi.","og_url":"https:\/\/www.suviseurat.fi/2024\/en\/lodging-fee\/","og_site_name":"SRK:n Suviseurat Pudasj\u00e4rvell\u00e4 2024","article_publisher":"https:\/\/www.facebook.com\/SRKryNyt\/","article_modified_time":"2024-06-12T20:09:02+00:00","twitter_card":"summary_large_image","twitter_site":"@Suviseurat","twitter_misc":{"Est. reading time":"1 minute"},"schema":{"@context":"https:\/\/schema.org","@graph":[{"@type":"WebPage","@id":"https:\/\/www.suviseurat.fi/2024\/en\/lodging-fee\/","url":"https:\/\/www.suviseurat.fi/2024\/en\/lodging-fee\/","name":"Lodging fee - SRK:n Suviseurat Pudasj\u00e4rvell\u00e4 2024","isPartOf":{"@id":"https:\/\/www.suviseurat.fi/2024\/#website"},"datePublished":"2022-04-13T13:02:00+00:00","dateModified":"2024-06-12T20:09:02+00:00","description":"Click here for the the Summer Service lodging webshop https:\/\/kenttamaksu.suviseurat.fi.","breadcrumb":{"@id":"https:\/\/www.suviseurat.fi/2024\/en\/lodging-fee\/#breadcrumb"},"inLanguage":"en-US","potentialAction":[{"@type":"ReadAction","target":["https:\/\/www.suviseurat.fi/2024\/en\/lodging-fee\/"]}]},{"@type":"BreadcrumbList","@id":"https:\/\/www.suviseurat.fi/2024\/en\/lodging-fee\/#breadcrumb","itemListElement":[{"@type":"ListItem","position":1,"name":"Etusivu","item":"https:\/\/www.suviseurat.fi/2024\/en\/"},{"@type":"ListItem","position":2,"name":"Lodging fee"}]},{"@type":"WebSite","@id":"https:\/\/www.suviseurat.fi/2024\/#website","url":"https:\/\/www.suviseurat.fi/2024\/","name":"SRK:n Suviseurat Pudasj\u00e4rvell\u00e4 2024","description":"Olenko min\u00e4 sinulle rakas?","publisher":{"@id":"https:\/\/www.suviseurat.fi/2024\/#organization"},"potentialAction":[{"@type":"SearchAction","target":{"@type":"EntryPoint","urlTemplate":"https:\/\/www.suviseurat.fi/2024\/?s={search_term_string}"},"query-input":"required name=search_term_string"}],"inLanguage":"en-US"},{"@type":"Organization","@id":"https:\/\/www.suviseurat.fi/2024\/#organization","name":"Suviseurat","url":"https:\/\/www.suviseurat.fi/2024\/","logo":{"@type":"ImageObject","inLanguage":"en-US","@id":"https:\/\/www.suviseurat.fi/2024\/#\/schema\/logo\/image\/","url":"https:\/\/www.suviseurat.fi/2024\/wp-content\/uploads\/2023\/10\/tunnus-nelio.jpg","contentUrl":"https:\/\/www.suviseurat.fi/2024\/wp-content\/uploads\/2023\/10\/tunnus-nelio.jpg","width":1000,"height":1000,"caption":"Suviseurat"},"image":{"@id":"https:\/\/www.suviseurat.fi/2024\/#\/schema\/logo\/image\/"},"sameAs":["https:\/\/www.facebook.com\/SRKryNyt\/","https:\/\/x.com\/Suviseurat","https:\/\/www.facebook.com\/srksuviseurat\/","https:\/\/www.youtube.com\/@SRKnyt","https:\/\/www.instagram.com\/srk_nyt\/","https:\/\/www.flickr.com\/photos\/suviseurat"]}]}},"_links":{"self":[{"href":"https:\/\/www.suviseurat.fi/2024\/en\/wp-json\/wp\/v2\/pages\/20345"}],"collection":[{"href":"https:\/\/www.suviseurat.fi/2024\/en\/wp-json\/wp\/v2\/pages"}],"about":[{"href":"https:\/\/www.suviseurat.fi/2024\/en\/wp-json\/wp\/v2\/types\/page"}],"author":[{"embeddable":true,"href":"https:\/\/www.suviseurat.fi/2024\/en\/wp-json\/wp\/v2\/users\/19"}],"replies":[{"embeddable":true,"href":"https:\/\/www.suviseurat.fi/2024\/en\/wp-json\/wp\/v2\/comments?post=20345"}],"version-history":[{"count":1,"href":"https:\/\/www.suviseurat.fi/2024\/en\/wp-json\/wp\/v2\/pages\/20345\/revisions"}],"predecessor-version":[{"id":20346,"href":"https:\/\/www.suviseurat.fi/2024\/en\/wp-json\/wp\/v2\/pages\/20345\/revisions\/20346"}],"wp:attachment":[{"href":"https:\/\/www.suviseurat.fi/2024\/en\/wp-json\/wp\/v2\/media?parent=20345"}],"curies":[{"name":"wp","href":"https:\/\/api.w.org\/{rel}","templated":true}]}}