{"id":20347,"date":"2022-06-23T20:20:00","date_gmt":"2022-06-23T17:20:00","guid":{"rendered":"https:\/\/www.suviseurat.fi/2024\/traffic\/service-site-map\/"},"modified":"2024-06-12T23:12:19","modified_gmt":"2024-06-12T20:12:19","slug":"service-site-map","status":"publish","type":"page","link":"https:\/\/www.suviseurat.fi/2024\/en\/traffic\/service-site-map\/","title":{"rendered":"\u200e\u200eService site map"},"content":{"rendered":"\n<div class=\"wp-block-buttons has-custom-font-size is-horizontal is-content-justification-left is-layout-flex wp-container-core-buttons-is-layout-1 wp-block-buttons-is-layout-flex\" style=\"font-size:15px\">\n<div class=\"wp-block-button is-style-outline is-style-outline--8a20ccb8c7662d43f4ff480e76070bea\" style=\"text-decoration:none\"><a class=\"wp-block-button__link has-text-color has-link-color wp-element-button\" href=\"#kokoalue\" style=\"color:#2e2e2e\">Whole area<\/a><\/div>\n\n\n\n<div class=\"wp-block-button is-style-outline is-style-outline--3ed362e15368b025b0d1de4bfb22d44c\" style=\"text-decoration:none\"><a class=\"wp-block-button__link has-text-color has-link-color wp-element-button\" href=\"#keskusalue\" style=\"color:#2e2e2e\">Main area<\/a><\/div>\n\n\n\n<div class=\"wp-block-button is-style-outline is-style-outline--879cfed0b41b3782562a65e8600bd735\" style=\"text-decoration:none\"><a class=\"wp-block-button__link has-text-color has-link-color wp-element-button\" href=\"#ladattavat\" style=\"color:#2e2e2e\">Downloadable maps<\/a><\/div>\n<\/div>\n\n<h3><a id=\"kokoalue\"><\/a> <\/h3>\n<p>  <\/p>\n<h3><strong>Map of the whole area<\/strong><\/h3>\n<p><a href=\"https:\/\/www.suviseurat.fi/2024\/wp-content\/uploads\/2024\/06\/Opaskartta_png-3.png\"><img loading=\"lazy\" decoding=\"async\" class=\"alignnone wp-image-20192 size-full\" src=\"https:\/\/www.suviseurat.fi/2024\/wp-content\/uploads\/2024\/06\/Opaskartta_png-3.png\" alt=\"\" width=\"2339\" height=\"1479\" srcset=\"https:\/\/www.suviseurat.fi/2024\/wp-content\/uploads\/2024\/06\/Opaskartta_png-3.png 2339w, https:\/\/www.suviseurat.fi/2024\/wp-content\/uploads\/2024\/06\/Opaskartta_png-3-1024x647.png 1024w, https:\/\/www.suviseurat.fi/2024\/wp-content\/uploads\/2024\/06\/Opaskartta_png-3-1708x1080.png 1708w, https:\/\/www.suviseurat.fi/2024\/wp-content\/uploads\/2024\/06\/Opaskartta_png-3-768x486.png 768w, https:\/\/www.suviseurat.fi/2024\/wp-content\/uploads\/2024\/06\/Opaskartta_png-3-1536x971.png 1536w, https:\/\/www.suviseurat.fi/2024\/wp-content\/uploads\/2024\/06\/Opaskartta_png-3-2048x1295.png 2048w\" sizes=\"(max-width: 2339px) 100vw, 2339px\" \/><\/a><\/p>\n<h3><a id=\"keskusalue\"><\/a>  <\/h3>\n<p>  <\/p>\n<h3><strong>Map of the main area<\/strong><\/h3>\n<p><a href=\"https:\/\/www.suviseurat.fi/2024\/wp-content\/uploads\/2024\/05\/Opaskartta_keskusalue.jpg\"><img loading=\"lazy\" decoding=\"async\" class=\"alignnone wp-image-19996 \" src=\"https:\/\/www.suviseurat.fi/2024\/wp-content\/uploads\/2024\/05\/Opaskartta_keskusalue.jpg\" alt=\"\" width=\"613\" height=\"867\"><\/a><\/p>\n<p><a id=\"ladattavat\"><\/a> <\/p>\n<p>  <\/p>\n<h3><strong>Downloadable maps<\/strong><\/h3>\n<p><a href=\"https:\/\/www.suviseurat.fi/2024\/wp-content\/uploads\/2024\/05\/Opaskartta_netti.pdf\" target=\"_blank\" rel=\"noopener\">Combined map (PDF)<\/a><\/p>\n<p><a href=\"https:\/\/www.suviseurat.fi/2024\/wp-content\/uploads\/2024\/05\/Opaskartta_A4.pdf\" target=\"_blank\" rel=\"noopener\">Printable map of the whole area (PDF)<\/a><\/p>\n<p><a href=\"https:\/\/www.suviseurat.fi/2024\/wp-content\/uploads\/2024\/05\/Opaskartta_keskusalue_A4.pdf\" target=\"_blank\" rel=\"noopener\">Printable map of the main area (PDF)<\/a><\/p>\n<p><a href=\"https:\/\/www.suviseurat.fi/2024\/wp-content\/uploads\/2024\/06\/Opaskartta_png-3.png\" target=\"_blank\" rel=\"noopener\">Map of the whole area (PNG image)<\/a><\/p>\n<p><a href=\"https:\/\/www.suviseurat.fi/2024\/wp-content\/uploads\/2024\/06\/Opaskartta_keskusalue_png.png\" target=\"_blank\" rel=\"noopener\">Map of the main area (PNG image)<\/a><\/p>\n","protected":false},"excerpt":{"rendered":"<p>Map of the whole area Map of the main area Downloadable maps Combined map (PDF)<a class=\"moretag\" href=\"https:\/\/www.suviseurat.fi/2024\/en\/traffic\/service-site-map\/\">Jatka lukemista ><\/a><\/p>\n","protected":false},"author":19,"featured_media":0,"parent":20268,"menu_order":2,"comment_status":"closed","ping_status":"closed","template":"","meta":{"_acf_changed":false,"footnotes":""},"class_list":["post-20347","page","type-page","status-publish","hentry"],"acf":[],"yoast_head":"<!-- This site is optimized with the Yoast SEO plugin v23.3 - https:\/\/yoast.com\/wordpress\/plugins\/seo\/ -->\n<title>\u200e\u200eService site map - SRK:n Suviseurat Pudasj\u00e4rvell\u00e4 2024<\/title>\n<meta name=\"description\" content=\"Here you can find the Summer Service map.\" \/>\n<meta name=\"robots\" content=\"index, follow, max-snippet:-1, max-image-preview:large, max-video-preview:-1\" \/>\n<link rel=\"canonical\" href=\"https:\/\/www.suviseurat.fi/2024\/en\/traffic\/service-site-map\/\" \/>\n<meta property=\"og:locale\" content=\"en_US\" \/>\n<meta property=\"og:type\" content=\"article\" \/>\n<meta property=\"og:title\" content=\"\u200e\u200eService site map - SRK:n Suviseurat Pudasj\u00e4rvell\u00e4 2024\" \/>\n<meta property=\"og:description\" content=\"Here you can find the Summer Service map.\" \/>\n<meta property=\"og:url\" content=\"https:\/\/www.suviseurat.fi/2024\/en\/traffic\/service-site-map\/\" \/>\n<meta property=\"og:site_name\" content=\"SRK:n Suviseurat Pudasj\u00e4rvell\u00e4 2024\" \/>\n<meta property=\"article:publisher\" content=\"https:\/\/www.facebook.com\/SRKryNyt\/\" \/>\n<meta property=\"article:modified_time\" content=\"2024-06-12T20:12:19+00:00\" \/>\n<meta property=\"og:image\" content=\"https:\/\/www.suviseurat.fi/2024\/wp-content\/uploads\/2024\/06\/Opaskartta_png-3.png\" \/>\n<meta name=\"twitter:card\" content=\"summary_large_image\" \/>\n<meta name=\"twitter:site\" content=\"@Suviseurat\" \/>\n<script type=\"application\/ld+json\" class=\"yoast-schema-graph\">{\"@context\":\"https:\/\/schema.org\",\"@graph\":[{\"@type\":\"WebPage\",\"@id\":\"https:\/\/www.suviseurat.fi/2024\/en\/traffic\/service-site-map\/\",\"url\":\"https:\/\/www.suviseurat.fi/2024\/en\/traffic\/service-site-map\/\",\"name\":\"\u200e\u200eService site map - SRK:n Suviseurat Pudasj\u00e4rvell\u00e4 2024\",\"isPartOf\":{\"@id\":\"https:\/\/www.suviseurat.fi/2024\/#website\"},\"primaryImageOfPage\":{\"@id\":\"https:\/\/www.suviseurat.fi/2024\/en\/traffic\/service-site-map\/#primaryimage\"},\"image\":{\"@id\":\"https:\/\/www.suviseurat.fi/2024\/en\/traffic\/service-site-map\/#primaryimage\"},\"thumbnailUrl\":\"https:\/\/www.suviseurat.fi/2024\/wp-content\/uploads\/2024\/06\/Opaskartta_png-3.png\",\"datePublished\":\"2022-06-23T17:20:00+00:00\",\"dateModified\":\"2024-06-12T20:12:19+00:00\",\"description\":\"Here you can find the Summer Service map.\",\"breadcrumb\":{\"@id\":\"https:\/\/www.suviseurat.fi/2024\/en\/traffic\/service-site-map\/#breadcrumb\"},\"inLanguage\":\"en-US\",\"potentialAction\":[{\"@type\":\"ReadAction\",\"target\":[\"https:\/\/www.suviseurat.fi/2024\/en\/traffic\/service-site-map\/\"]}]},{\"@type\":\"ImageObject\",\"inLanguage\":\"en-US\",\"@id\":\"https:\/\/www.suviseurat.fi/2024\/en\/traffic\/service-site-map\/#primaryimage\",\"url\":\"https:\/\/www.suviseurat.fi/2024\/wp-content\/uploads\/2024\/06\/Opaskartta_png-3.png\",\"contentUrl\":\"https:\/\/www.suviseurat.fi/2024\/wp-content\/uploads\/2024\/06\/Opaskartta_png-3.png\"},{\"@type\":\"BreadcrumbList\",\"@id\":\"https:\/\/www.suviseurat.fi/2024\/en\/traffic\/service-site-map\/#breadcrumb\",\"itemListElement\":[{\"@type\":\"ListItem\",\"position\":1,\"name\":\"Etusivu\",\"item\":\"https:\/\/www.suviseurat.fi/2024\/en\/\"},{\"@type\":\"ListItem\",\"position\":2,\"name\":\"Traffic\",\"item\":\"https:\/\/www.suviseurat.fi/2024\/en\/traffic\/\"},{\"@type\":\"ListItem\",\"position\":3,\"name\":\"\u200e\u200eService site map\"}]},{\"@type\":\"WebSite\",\"@id\":\"https:\/\/www.suviseurat.fi/2024\/#website\",\"url\":\"https:\/\/www.suviseurat.fi/2024\/\",\"name\":\"SRK:n Suviseurat Pudasj\u00e4rvell\u00e4 2024\",\"description\":\"Olenko min\u00e4 sinulle rakas?\",\"publisher\":{\"@id\":\"https:\/\/www.suviseurat.fi/2024\/#organization\"},\"potentialAction\":[{\"@type\":\"SearchAction\",\"target\":{\"@type\":\"EntryPoint\",\"urlTemplate\":\"https:\/\/www.suviseurat.fi/2024\/?s={search_term_string}\"},\"query-input\":\"required name=search_term_string\"}],\"inLanguage\":\"en-US\"},{\"@type\":\"Organization\",\"@id\":\"https:\/\/www.suviseurat.fi/2024\/#organization\",\"name\":\"Suviseurat\",\"url\":\"https:\/\/www.suviseurat.fi/2024\/\",\"logo\":{\"@type\":\"ImageObject\",\"inLanguage\":\"en-US\",\"@id\":\"https:\/\/www.suviseurat.fi/2024\/#\/schema\/logo\/image\/\",\"url\":\"https:\/\/www.suviseurat.fi/2024\/wp-content\/uploads\/2023\/10\/tunnus-nelio.jpg\",\"contentUrl\":\"https:\/\/www.suviseurat.fi/2024\/wp-content\/uploads\/2023\/10\/tunnus-nelio.jpg\",\"width\":1000,\"height\":1000,\"caption\":\"Suviseurat\"},\"image\":{\"@id\":\"https:\/\/www.suviseurat.fi/2024\/#\/schema\/logo\/image\/\"},\"sameAs\":[\"https:\/\/www.facebook.com\/SRKryNyt\/\",\"https:\/\/x.com\/Suviseurat\",\"https:\/\/www.facebook.com\/srksuviseurat\/\",\"https:\/\/www.youtube.com\/@SRKnyt\",\"https:\/\/www.instagram.com\/srk_nyt\/\",\"https:\/\/www.flickr.com\/photos\/suviseurat\"]}]}<\/script>\n<!-- \/ Yoast SEO plugin. -->","yoast_head_json":{"title":"\u200e\u200eService site map - SRK:n Suviseurat Pudasj\u00e4rvell\u00e4 2024","description":"Here you can find the Summer Service map.","robots":{"index":"index","follow":"follow","max-snippet":"max-snippet:-1","max-image-preview":"max-image-preview:large","max-video-preview":"max-video-preview:-1"},"canonical":"https:\/\/www.suviseurat.fi/2024\/en\/traffic\/service-site-map\/","og_locale":"en_US","og_type":"article","og_title":"\u200e\u200eService site map - SRK:n Suviseurat Pudasj\u00e4rvell\u00e4 2024","og_description":"Here you can find the Summer Service map.","og_url":"https:\/\/www.suviseurat.fi/2024\/en\/traffic\/service-site-map\/","og_site_name":"SRK:n Suviseurat Pudasj\u00e4rvell\u00e4 2024","article_publisher":"https:\/\/www.facebook.com\/SRKryNyt\/","article_modified_time":"2024-06-12T20:12:19+00:00","og_image":[{"url":"https:\/\/www.suviseurat.fi/2024\/wp-content\/uploads\/2024\/06\/Opaskartta_png-3.png"}],"twitter_card":"summary_large_image","twitter_site":"@Suviseurat","schema":{"@context":"https:\/\/schema.org","@graph":[{"@type":"WebPage","@id":"https:\/\/www.suviseurat.fi/2024\/en\/traffic\/service-site-map\/","url":"https:\/\/www.suviseurat.fi/2024\/en\/traffic\/service-site-map\/","name":"\u200e\u200eService site map - SRK:n Suviseurat Pudasj\u00e4rvell\u00e4 2024","isPartOf":{"@id":"https:\/\/www.suviseurat.fi/2024\/#website"},"primaryImageOfPage":{"@id":"https:\/\/www.suviseurat.fi/2024\/en\/traffic\/service-site-map\/#primaryimage"},"image":{"@id":"https:\/\/www.suviseurat.fi/2024\/en\/traffic\/service-site-map\/#primaryimage"},"thumbnailUrl":"https:\/\/www.suviseurat.fi/2024\/wp-content\/uploads\/2024\/06\/Opaskartta_png-3.png","datePublished":"2022-06-23T17:20:00+00:00","dateModified":"2024-06-12T20:12:19+00:00","description":"Here you can find the Summer Service map.","breadcrumb":{"@id":"https:\/\/www.suviseurat.fi/2024\/en\/traffic\/service-site-map\/#breadcrumb"},"inLanguage":"en-US","potentialAction":[{"@type":"ReadAction","target":["https:\/\/www.suviseurat.fi/2024\/en\/traffic\/service-site-map\/"]}]},{"@type":"ImageObject","inLanguage":"en-US","@id":"https:\/\/www.suviseurat.fi/2024\/en\/traffic\/service-site-map\/#primaryimage","url":"https:\/\/www.suviseurat.fi/2024\/wp-content\/uploads\/2024\/06\/Opaskartta_png-3.png","contentUrl":"https:\/\/www.suviseurat.fi/2024\/wp-content\/uploads\/2024\/06\/Opaskartta_png-3.png"},{"@type":"BreadcrumbList","@id":"https:\/\/www.suviseurat.fi/2024\/en\/traffic\/service-site-map\/#breadcrumb","itemListElement":[{"@type":"ListItem","position":1,"name":"Etusivu","item":"https:\/\/www.suviseurat.fi/2024\/en\/"},{"@type":"ListItem","position":2,"name":"Traffic","item":"https:\/\/www.suviseurat.fi/2024\/en\/traffic\/"},{"@type":"ListItem","position":3,"name":"\u200e\u200eService site map"}]},{"@type":"WebSite","@id":"https:\/\/www.suviseurat.fi/2024\/#website","url":"https:\/\/www.suviseurat.fi/2024\/","name":"SRK:n Suviseurat Pudasj\u00e4rvell\u00e4 2024","description":"Olenko min\u00e4 sinulle rakas?","publisher":{"@id":"https:\/\/www.suviseurat.fi/2024\/#organization"},"potentialAction":[{"@type":"SearchAction","target":{"@type":"EntryPoint","urlTemplate":"https:\/\/www.suviseurat.fi/2024\/?s={search_term_string}"},"query-input":"required name=search_term_string"}],"inLanguage":"en-US"},{"@type":"Organization","@id":"https:\/\/www.suviseurat.fi/2024\/#organization","name":"Suviseurat","url":"https:\/\/www.suviseurat.fi/2024\/","logo":{"@type":"ImageObject","inLanguage":"en-US","@id":"https:\/\/www.suviseurat.fi/2024\/#\/schema\/logo\/image\/","url":"https:\/\/www.suviseurat.fi/2024\/wp-content\/uploads\/2023\/10\/tunnus-nelio.jpg","contentUrl":"https:\/\/www.suviseurat.fi/2024\/wp-content\/uploads\/2023\/10\/tunnus-nelio.jpg","width":1000,"height":1000,"caption":"Suviseurat"},"image":{"@id":"https:\/\/www.suviseurat.fi/2024\/#\/schema\/logo\/image\/"},"sameAs":["https:\/\/www.facebook.com\/SRKryNyt\/","https:\/\/x.com\/Suviseurat","https:\/\/www.facebook.com\/srksuviseurat\/","https:\/\/www.youtube.com\/@SRKnyt","https:\/\/www.instagram.com\/srk_nyt\/","https:\/\/www.flickr.com\/photos\/suviseurat"]}]}},"_links":{"self":[{"href":"https:\/\/www.suviseurat.fi/2024\/en\/wp-json\/wp\/v2\/pages\/20347"}],"collection":[{"href":"https:\/\/www.suviseurat.fi/2024\/en\/wp-json\/wp\/v2\/pages"}],"about":[{"href":"https:\/\/www.suviseurat.fi/2024\/en\/wp-json\/wp\/v2\/types\/page"}],"author":[{"embeddable":true,"href":"https:\/\/www.suviseurat.fi/2024\/en\/wp-json\/wp\/v2\/users\/19"}],"replies":[{"embeddable":true,"href":"https:\/\/www.suviseurat.fi/2024\/en\/wp-json\/wp\/v2\/comments?post=20347"}],"version-history":[{"count":1,"href":"https:\/\/www.suviseurat.fi/2024\/en\/wp-json\/wp\/v2\/pages\/20347\/revisions"}],"predecessor-version":[{"id":20348,"href":"https:\/\/www.suviseurat.fi/2024\/en\/wp-json\/wp\/v2\/pages\/20347\/revisions\/20348"}],"up":[{"embeddable":true,"href":"https:\/\/www.suviseurat.fi/2024\/en\/wp-json\/wp\/v2\/pages\/20268"}],"wp:attachment":[{"href":"https:\/\/www.suviseurat.fi/2024\/en\/wp-json\/wp\/v2\/media?parent=20347"}],"curies":[{"name":"wp","href":"https:\/\/api.w.org\/{rel}","templated":true}]}}