{"id":20349,"date":"2024-05-14T15:18:21","date_gmt":"2024-05-14T12:18:21","guid":{"rendered":"https:\/\/www.suviseurat.fi/2024\/field-services\/shop-kiosk-grill-and-panini\/"},"modified":"2024-06-13T20:56:12","modified_gmt":"2024-06-13T17:56:12","slug":"shop-kiosk-grill-and-panini","status":"publish","type":"page","link":"https:\/\/www.suviseurat.fi/2024\/en\/field-services\/shop-kiosk-grill-and-panini\/","title":{"rendered":"\u200eShop, kiosk, grill and panini"},"content":{"rendered":"<p>There is one well-stocked shop on the service site, selling basic groceries and a wide range of household items at affordable prices. Gluten-free and lactose-free products are also available. All detergents sold in the shop are biodegradable. Due to the groundwater area, we encourage guests to use biodegradable detergents.<\/p>\n<p>At the services there is an ice cream and soft ice cream stand and also a mobile ice cream sales, roaming the area. Gluten-free and lactose-free options are also available. The ice cream stand will have a phone charging station. The kiosk sells a wide range of candies, soft drinks and chips.<\/p>\n<p>There is a grill on the service site selling grilled sausages and paninis, also gluten-free. The grill also offers soft drinks, chips and salad portions. Sausages are also sold in the evenings at liter sales stations<\/p>\n<p>Propane gas bottle exchange is located in the shop. Payment is made to the cashier in the shop. It is possible to excahnge propane gas bottles during the opening hours of the shop.<\/p>\n<h3>Shop<\/h3>\n<table style=\"height: 145px;width: 237px\">\n<tbody>\n<tr>\n<td style=\"background-color: #f0f0f0;width: 227px;text-align: left\" colspan=\"2\"><strong>\u200eOpening hours<\/strong><\/td>\n<\/tr>\n<tr>\n<td style=\"width: 170px\">Wednesday<\/td>\n<td style=\"width: 51px\">12 noon &#8211; 10pm<\/td>\n<\/tr>\n<tr>\n<td style=\"width: 170px\">Thrusday &#8211; Sunday<\/td>\n<td style=\"width: 51px\">9am -10pm<\/td>\n<\/tr>\n<tr>\n<td style=\"width: 170px\">Monday<\/td>\n<td style=\"width: 51px\">9am &#8211; 3pm<\/td>\n<\/tr>\n<\/tbody>\n<\/table>\n<h3>Kiosk (candy, ice cream and soft ice cream)<\/h3>\n<table style=\"height: 145px;width: 237px\">\n<tbody>\n<tr>\n<td style=\"background-color: #f0f0f0;width: 227px;text-align: left\" colspan=\"2\"><strong>\u200eOpening hours<\/strong><\/td>\n<\/tr>\n<tr>\n<td style=\"width: 170px\">Wednesday<\/td>\n<td style=\"width: 51px\">12 noon -10pm<\/td>\n<\/tr>\n<tr>\n<td style=\"width: 170px\">Thursday-Sunday<\/td>\n<td style=\"width: 51px\">10-22<\/td>\n<\/tr>\n<tr>\n<td style=\"width: 170px\">.<\/td>\n<td style=\"width: 51px\">11am -10pm<\/td>\n<\/tr>\n<tr>\n<td style=\"width: 170px\">Monday<\/td>\n<td style=\"width: 51px\">10am &#8211; 3pm<\/td>\n<\/tr>\n<\/tbody>\n<\/table>\n<h3>Grill and panini<\/h3>\n<table style=\"height: 78px;width: 231px\">\n<tbody>\n<tr>\n<td style=\"background-color: #f0f0f0;width: 221px;text-align: left\" colspan=\"2\"><strong>\u200eOpening hours<\/strong><\/td>\n<\/tr>\n<tr>\n<td style=\"width: 164px\">Wednesday-Thursday<\/td>\n<td style=\"width: 51px\">6pm -12 midight<\/td>\n<\/tr>\n<tr>\n<td style=\"width: 164px\">Friday<\/td>\n<td style=\"width: 51px\">4pm &#8211; 1am<\/td>\n<\/tr>\n<tr>\n<td style=\"width: 164px\">Saturday<\/td>\n<td style=\"width: 51px\">2pm &#8211; 1am<\/td>\n<\/tr>\n<tr>\n<td style=\"width: 164px\">Sunday<\/td>\n<td style=\"width: 51px\">2pm &#8211; 12 midnight<\/td>\n<\/tr>\n<\/tbody>\n<\/table>\n<h3>Roaming ice cream sales<\/h3>\n<table style=\"height: 145px;width: 237px\">\n<tbody>\n<tr>\n<td style=\"background-color: #f0f0f0;width: 227px;text-align: left\" colspan=\"2\"><strong>\u200eOpening hours<\/strong><\/td>\n<\/tr>\n<tr>\n<td style=\"width: 170px\">Wednesday<\/td>\n<td style=\"width: 51px\">12 noon &#8211; 10pm<\/td>\n<\/tr>\n<tr>\n<td style=\"width: 170px\">Thursday-Saturday<\/td>\n<td style=\"width: 51px\">10am &#8211; 10pm<\/td>\n<\/tr>\n<tr>\n<td style=\"width: 170px\">Sunday<\/td>\n<td style=\"width: 51px\">11am -10pm<\/td>\n<\/tr>\n<\/tbody>\n<\/table>\n<h3>Phone charging station<\/h3>\n<p>Mobile phones can be charged at the ice-cream shops from Wednesday Customer must bring own charger Cost 2 \u20ac, charging time about 2 hours Your phone must be switched off while charging.<\/p>\n<table style=\"height: 145px;width: 237px\">\n<tbody>\n<tr>\n<td style=\"background-color: #f0f0f0;width: 227px;text-align: left\" colspan=\"2\"><strong>\u200e Opening hours<\/strong><\/td>\n<\/tr>\n<tr>\n<td style=\"width: 170px\">Wednesday<\/td>\n<td style=\"width: 51px\">12 noon &#8211; 10pm<\/td>\n<\/tr>\n<tr>\n<td style=\"width: 170px\">Thursday-Saturday<\/td>\n<td style=\"width: 51px\">10am -10pm<\/td>\n<\/tr>\n<tr>\n<td style=\"width: 170px\">Sunday<\/td>\n<td style=\"width: 51px\">11am &#8211; 10pm<\/td>\n<\/tr>\n<tr>\n<td style=\"width: 170px\">Monday<\/td>\n<td style=\"width: 51px\">10am &#8211; 3pm<\/td>\n<\/tr>\n<\/tbody>\n<\/table>\n","protected":false},"excerpt":{"rendered":"<p>There is one well-stocked shop on the service site, selling basic groceries and a wide<a class=\"moretag\" href=\"https:\/\/www.suviseurat.fi/2024\/en\/field-services\/shop-kiosk-grill-and-panini\/\">Jatka lukemista ><\/a><\/p>\n","protected":false},"author":19,"featured_media":0,"parent":20266,"menu_order":4,"comment_status":"closed","ping_status":"closed","template":"","meta":{"_acf_changed":false,"footnotes":""},"class_list":["post-20349","page","type-page","status-publish","hentry"],"acf":[],"yoast_head":"<!-- This site is optimized with the Yoast SEO plugin v23.3 - https:\/\/yoast.com\/wordpress\/plugins\/seo\/ -->\n<title>\u200eShop, kiosk, grill and panini - SRK:n Suviseurat Pudasj\u00e4rvell\u00e4 2024<\/title>\n<meta name=\"description\" content=\"See the opening hours of the shop, kiosk and grill here.\" \/>\n<meta name=\"robots\" content=\"index, follow, max-snippet:-1, max-image-preview:large, max-video-preview:-1\" \/>\n<link rel=\"canonical\" href=\"https:\/\/www.suviseurat.fi/2024\/en\/field-services\/shop-kiosk-grill-and-panini\/\" \/>\n<meta property=\"og:locale\" content=\"en_US\" \/>\n<meta property=\"og:type\" content=\"article\" \/>\n<meta property=\"og:title\" content=\"\u200eShop, kiosk, grill and panini - SRK:n Suviseurat Pudasj\u00e4rvell\u00e4 2024\" \/>\n<meta property=\"og:description\" content=\"See the opening hours of the shop, kiosk and grill here.\" \/>\n<meta property=\"og:url\" content=\"https:\/\/www.suviseurat.fi/2024\/en\/field-services\/shop-kiosk-grill-and-panini\/\" \/>\n<meta property=\"og:site_name\" content=\"SRK:n Suviseurat Pudasj\u00e4rvell\u00e4 2024\" \/>\n<meta property=\"article:publisher\" content=\"https:\/\/www.facebook.com\/SRKryNyt\/\" \/>\n<meta property=\"article:modified_time\" content=\"2024-06-13T17:56:12+00:00\" \/>\n<meta name=\"twitter:card\" content=\"summary_large_image\" \/>\n<meta name=\"twitter:site\" content=\"@Suviseurat\" \/>\n<meta name=\"twitter:label1\" content=\"Est. reading time\" \/>\n\t<meta name=\"twitter:data1\" content=\"1 minute\" \/>\n<script type=\"application\/ld+json\" class=\"yoast-schema-graph\">{\"@context\":\"https:\/\/schema.org\",\"@graph\":[{\"@type\":\"WebPage\",\"@id\":\"https:\/\/www.suviseurat.fi/2024\/en\/field-services\/shop-kiosk-grill-and-panini\/\",\"url\":\"https:\/\/www.suviseurat.fi/2024\/en\/field-services\/shop-kiosk-grill-and-panini\/\",\"name\":\"\u200eShop, kiosk, grill and panini - SRK:n Suviseurat Pudasj\u00e4rvell\u00e4 2024\",\"isPartOf\":{\"@id\":\"https:\/\/www.suviseurat.fi/2024\/#website\"},\"datePublished\":\"2024-05-14T12:18:21+00:00\",\"dateModified\":\"2024-06-13T17:56:12+00:00\",\"description\":\"See the opening hours of the shop, kiosk and grill here.\",\"breadcrumb\":{\"@id\":\"https:\/\/www.suviseurat.fi/2024\/en\/field-services\/shop-kiosk-grill-and-panini\/#breadcrumb\"},\"inLanguage\":\"en-US\",\"potentialAction\":[{\"@type\":\"ReadAction\",\"target\":[\"https:\/\/www.suviseurat.fi/2024\/en\/field-services\/shop-kiosk-grill-and-panini\/\"]}]},{\"@type\":\"BreadcrumbList\",\"@id\":\"https:\/\/www.suviseurat.fi/2024\/en\/field-services\/shop-kiosk-grill-and-panini\/#breadcrumb\",\"itemListElement\":[{\"@type\":\"ListItem\",\"position\":1,\"name\":\"Etusivu\",\"item\":\"https:\/\/www.suviseurat.fi/2024\/en\/\"},{\"@type\":\"ListItem\",\"position\":2,\"name\":\"Field Services\",\"item\":\"https:\/\/www.suviseurat.fi/2024\/en\/field-services\/\"},{\"@type\":\"ListItem\",\"position\":3,\"name\":\"\u200eShop, kiosk, grill and panini\"}]},{\"@type\":\"WebSite\",\"@id\":\"https:\/\/www.suviseurat.fi/2024\/#website\",\"url\":\"https:\/\/www.suviseurat.fi/2024\/\",\"name\":\"SRK:n Suviseurat Pudasj\u00e4rvell\u00e4 2024\",\"description\":\"Olenko min\u00e4 sinulle rakas?\",\"publisher\":{\"@id\":\"https:\/\/www.suviseurat.fi/2024\/#organization\"},\"potentialAction\":[{\"@type\":\"SearchAction\",\"target\":{\"@type\":\"EntryPoint\",\"urlTemplate\":\"https:\/\/www.suviseurat.fi/2024\/?s={search_term_string}\"},\"query-input\":\"required name=search_term_string\"}],\"inLanguage\":\"en-US\"},{\"@type\":\"Organization\",\"@id\":\"https:\/\/www.suviseurat.fi/2024\/#organization\",\"name\":\"Suviseurat\",\"url\":\"https:\/\/www.suviseurat.fi/2024\/\",\"logo\":{\"@type\":\"ImageObject\",\"inLanguage\":\"en-US\",\"@id\":\"https:\/\/www.suviseurat.fi/2024\/#\/schema\/logo\/image\/\",\"url\":\"https:\/\/www.suviseurat.fi/2024\/wp-content\/uploads\/2023\/10\/tunnus-nelio.jpg\",\"contentUrl\":\"https:\/\/www.suviseurat.fi/2024\/wp-content\/uploads\/2023\/10\/tunnus-nelio.jpg\",\"width\":1000,\"height\":1000,\"caption\":\"Suviseurat\"},\"image\":{\"@id\":\"https:\/\/www.suviseurat.fi/2024\/#\/schema\/logo\/image\/\"},\"sameAs\":[\"https:\/\/www.facebook.com\/SRKryNyt\/\",\"https:\/\/x.com\/Suviseurat\",\"https:\/\/www.facebook.com\/srksuviseurat\/\",\"https:\/\/www.youtube.com\/@SRKnyt\",\"https:\/\/www.instagram.com\/srk_nyt\/\",\"https:\/\/www.flickr.com\/photos\/suviseurat\"]}]}<\/script>\n<!-- \/ Yoast SEO plugin. -->","yoast_head_json":{"title":"\u200eShop, kiosk, grill and panini - SRK:n Suviseurat Pudasj\u00e4rvell\u00e4 2024","description":"See the opening hours of the shop, kiosk and grill here.","robots":{"index":"index","follow":"follow","max-snippet":"max-snippet:-1","max-image-preview":"max-image-preview:large","max-video-preview":"max-video-preview:-1"},"canonical":"https:\/\/www.suviseurat.fi/2024\/en\/field-services\/shop-kiosk-grill-and-panini\/","og_locale":"en_US","og_type":"article","og_title":"\u200eShop, kiosk, grill and panini - SRK:n Suviseurat Pudasj\u00e4rvell\u00e4 2024","og_description":"See the opening hours of the shop, kiosk and grill here.","og_url":"https:\/\/www.suviseurat.fi/2024\/en\/field-services\/shop-kiosk-grill-and-panini\/","og_site_name":"SRK:n Suviseurat Pudasj\u00e4rvell\u00e4 2024","article_publisher":"https:\/\/www.facebook.com\/SRKryNyt\/","article_modified_time":"2024-06-13T17:56:12+00:00","twitter_card":"summary_large_image","twitter_site":"@Suviseurat","twitter_misc":{"Est. reading time":"1 minute"},"schema":{"@context":"https:\/\/schema.org","@graph":[{"@type":"WebPage","@id":"https:\/\/www.suviseurat.fi/2024\/en\/field-services\/shop-kiosk-grill-and-panini\/","url":"https:\/\/www.suviseurat.fi/2024\/en\/field-services\/shop-kiosk-grill-and-panini\/","name":"\u200eShop, kiosk, grill and panini - SRK:n Suviseurat Pudasj\u00e4rvell\u00e4 2024","isPartOf":{"@id":"https:\/\/www.suviseurat.fi/2024\/#website"},"datePublished":"2024-05-14T12:18:21+00:00","dateModified":"2024-06-13T17:56:12+00:00","description":"See the opening hours of the shop, kiosk and grill here.","breadcrumb":{"@id":"https:\/\/www.suviseurat.fi/2024\/en\/field-services\/shop-kiosk-grill-and-panini\/#breadcrumb"},"inLanguage":"en-US","potentialAction":[{"@type":"ReadAction","target":["https:\/\/www.suviseurat.fi/2024\/en\/field-services\/shop-kiosk-grill-and-panini\/"]}]},{"@type":"BreadcrumbList","@id":"https:\/\/www.suviseurat.fi/2024\/en\/field-services\/shop-kiosk-grill-and-panini\/#breadcrumb","itemListElement":[{"@type":"ListItem","position":1,"name":"Etusivu","item":"https:\/\/www.suviseurat.fi/2024\/en\/"},{"@type":"ListItem","position":2,"name":"Field Services","item":"https:\/\/www.suviseurat.fi/2024\/en\/field-services\/"},{"@type":"ListItem","position":3,"name":"\u200eShop, kiosk, grill and panini"}]},{"@type":"WebSite","@id":"https:\/\/www.suviseurat.fi/2024\/#website","url":"https:\/\/www.suviseurat.fi/2024\/","name":"SRK:n Suviseurat Pudasj\u00e4rvell\u00e4 2024","description":"Olenko min\u00e4 sinulle rakas?","publisher":{"@id":"https:\/\/www.suviseurat.fi/2024\/#organization"},"potentialAction":[{"@type":"SearchAction","target":{"@type":"EntryPoint","urlTemplate":"https:\/\/www.suviseurat.fi/2024\/?s={search_term_string}"},"query-input":"required name=search_term_string"}],"inLanguage":"en-US"},{"@type":"Organization","@id":"https:\/\/www.suviseurat.fi/2024\/#organization","name":"Suviseurat","url":"https:\/\/www.suviseurat.fi/2024\/","logo":{"@type":"ImageObject","inLanguage":"en-US","@id":"https:\/\/www.suviseurat.fi/2024\/#\/schema\/logo\/image\/","url":"https:\/\/www.suviseurat.fi/2024\/wp-content\/uploads\/2023\/10\/tunnus-nelio.jpg","contentUrl":"https:\/\/www.suviseurat.fi/2024\/wp-content\/uploads\/2023\/10\/tunnus-nelio.jpg","width":1000,"height":1000,"caption":"Suviseurat"},"image":{"@id":"https:\/\/www.suviseurat.fi/2024\/#\/schema\/logo\/image\/"},"sameAs":["https:\/\/www.facebook.com\/SRKryNyt\/","https:\/\/x.com\/Suviseurat","https:\/\/www.facebook.com\/srksuviseurat\/","https:\/\/www.youtube.com\/@SRKnyt","https:\/\/www.instagram.com\/srk_nyt\/","https:\/\/www.flickr.com\/photos\/suviseurat"]}]}},"_links":{"self":[{"href":"https:\/\/www.suviseurat.fi/2024\/en\/wp-json\/wp\/v2\/pages\/20349"}],"collection":[{"href":"https:\/\/www.suviseurat.fi/2024\/en\/wp-json\/wp\/v2\/pages"}],"about":[{"href":"https:\/\/www.suviseurat.fi/2024\/en\/wp-json\/wp\/v2\/types\/page"}],"author":[{"embeddable":true,"href":"https:\/\/www.suviseurat.fi/2024\/en\/wp-json\/wp\/v2\/users\/19"}],"replies":[{"embeddable":true,"href":"https:\/\/www.suviseurat.fi/2024\/en\/wp-json\/wp\/v2\/comments?post=20349"}],"version-history":[{"count":1,"href":"https:\/\/www.suviseurat.fi/2024\/en\/wp-json\/wp\/v2\/pages\/20349\/revisions"}],"predecessor-version":[{"id":20379,"href":"https:\/\/www.suviseurat.fi/2024\/en\/wp-json\/wp\/v2\/pages\/20349\/revisions\/20379"}],"up":[{"embeddable":true,"href":"https:\/\/www.suviseurat.fi/2024\/en\/wp-json\/wp\/v2\/pages\/20266"}],"wp:attachment":[{"href":"https:\/\/www.suviseurat.fi/2024\/en\/wp-json\/wp\/v2\/media?parent=20349"}],"curies":[{"name":"wp","href":"https:\/\/api.w.org\/{rel}","templated":true}]}}