{"id":20504,"date":"2022-06-24T12:00:00","date_gmt":"2022-06-24T09:00:00","guid":{"rendered":"https:\/\/www.suviseurat.fi/2024\/punto-internacional-servicios-internacionales\/"},"modified":"2024-06-23T15:11:49","modified_gmt":"2024-06-23T12:11:49","slug":"punto-internacional-servicios-internacionales","status":"publish","type":"page","link":"https:\/\/www.suviseurat.fi/2024\/es\/servicios\/punto-internacional-servicios-internacionales\/","title":{"rendered":"Punto Internacional &#8211; Servicios internacionales"},"content":{"rendered":"<table style=\"width: 68.241%\">\n<tbody>\n<tr>\n<td style=\"background-color: #f0f0f0;text-align: left;width: 89.0385%\" colspan=\"2\"><strong>Servivios internacionales<\/strong><\/td>\n<\/tr>\n<tr>\n<td style=\"width: 61.8738%\">de jueves a domingo<\/td>\n<td style=\"width: 27.1647%\">9\u201321<\/td>\n<\/tr>\n<tr>\n<td style=\"width: 61.8738%\">lunes<\/td>\n<td style=\"width: 27.1647%\">9\u201315<\/td>\n<\/tr>\n<\/tbody>\n<\/table>\n<p><span style=\"font-weight: 400\">Los servicios de verano son un evento internacional. <\/span>El Punto de Servicio Internacional es un lugar de encuentro y un centro de informaci\u00f3n para visitantes extranjeros<\/p>\n<p><span style=\"font-weight: 400\">Los sermones interpretados pueden ser escuchados<\/span> <a href=\"https:\/\/www.suviseurat.fi/2024\/ohjelma\/\"><span style=\"font-weight: 400\">en el sitio web de los servicios de verano <\/span><\/a><span style=\"font-weight: 400\"> tanto en vivo como en grabaciones. El icono de la bandera espa\u00f1ola es el link para escuchar a los sermones en espa\u00f1ol. Todos los sermones de jueves a lunes ser\u00e1n interpretados <a href=\"https:\/\/www.suviseurat.fi/2024\/en\/program\/\">en ingl\u00e9s<\/a> y <a href=\"https:\/\/www.suviseurat.fi/2024\/sv\/program\/\">en sueco<\/a>, Adem\u00e1s, varios sermones ser\u00e1n interpretados en <a href=\"https:\/\/www.suviseurat.fi/2024\/et\/kava\/\">estonio<\/a>, <a href=\"https:\/\/www.suviseurat.fi/2024\/ru\/programma\/\">ruso<\/a>, <a href=\"https:\/\/www.suviseurat.fi/2024\/fr\/programme\/\">franc\u00e9s<\/a>, <a href=\"https:\/\/www.suviseurat.fi/2024\/es\/el-programa\/\">espa\u00f1ol<\/a>, <a href=\"https:\/\/www.suviseurat.fi/2024\/hu\/program\/\">h\u00fangaro<\/a> y <a href=\"https:\/\/www.suviseurat.fi/2024\/de\/programm\/\">alem\u00e1n<\/a>. En la \u00e1rea de los servicios, las interpretaciones de los sermones pueden ser escuchadas con equipos de radio prestados por el servicio internacional. La informaci\u00f3n sobre los idiomas con traducci\u00f3n disponible se encuentra marcados en el programa de los servicios. Se puede descargar el programa internacional de los servicios de verano <a href=\"https:\/\/www.suviseurat.fi/2024\/wp-content\/uploads\/2024\/06\/KV-seuraohjelma.pdf\" target=\"_blank\" rel=\"noopener\">aqu\u00ed<\/a>.<\/span><\/p>\n<table style=\"width: 68.241%\">\n<tbody>\n<tr>\n<td style=\"background-color: #f0f0f0;text-align: left;width: 89.0385%\" colspan=\"2\"><strong>Servicios internacionales<\/strong><\/td>\n<\/tr>\n<tr>\n<td style=\"width: 61.8738%\">Jueves &#8211; Domingo<\/td>\n<td style=\"width: 27.1647%\">de 9 a 21<\/td>\n<\/tr>\n<tr>\n<td style=\"width: 61.8738%\">Lunes<\/td>\n<td style=\"width: 27.1647%\">9 &#8211; 15<\/td>\n<\/tr>\n<\/tbody>\n<\/table>\n<p><span style=\"font-weight: 400\">Los servicios de verano son un evento internacional. <\/span>El Punto de Servicio Internacional es un lugar de encuentro y un centro de informaci\u00f3n para visitantes extranjeros<\/p>\n<p><span style=\"font-weight: 400\">Los sermones traducidos tambi\u00e9n pueden escucharse en la p\u00e1gina web de los Servicios de Verano <\/span><a href=\"https:\/\/www.suviseurat.fi\/ohjelma\/\"><span style=\"font-weight: 400\">p\u00e1gina web<\/span><\/a><span style=\"font-weight: 400\"> en directo y despu\u00e9s como sermones archivados. El s\u00edmbolo de la bandera funciona como enlace al serm\u00f3n traducido. Todos los sermones de jueves a lunes se traducir\u00e1n al <a href=\"https:\/\/www.suviseurat.fi\/en\/program\/\">ingl\u00e9s<\/a> y al <a href=\"https:\/\/www.suviseurat.fi\/sv\/program\/\">sueco<\/a>. Adem\u00e1s, varios de los sermones est\u00e1n traducidos al <a href=\"https:\/\/www.suviseurat.fi/2024\/et\/kava\/\">estonio<\/a>, <a href=\"https:\/\/www.suviseurat.fi/2024\/ru\/programma\/\">ruso<\/a>, <a href=\"https:\/\/www.suviseurat.fi\/fr\/programme\/\">franc\u00e9s<\/a>, <a href=\"https:\/\/www.suviseurat.fi\/es\/el-programa\/\">espa\u00f1ol<\/a>, <a href=\"https:\/\/www.suviseurat.fi/2024\/hu\/program\/\">h\u00fangaro<\/a> y <a href=\"https:\/\/www.suviseurat.fi\/de\/programm\/\">alem\u00e1n<\/a>. En los servicios, se pueden escuchar los sermones traducidos con un aparato de radio,qu es prestado por el Servicio Internacional. Los idiomas traducidos se indican en el programa de los servicios. Puedes descargarte el programa de los servicios internacionales desde <a href=\"https:\/\/www.suviseurat.fi/2024\/wp-content\/uploads\/2024\/06\/KV-seuraohjelma.pdf\" target=\"_blank\" rel=\"noopener\">aqu\u00ed<\/a>.<\/span><\/p>\n","protected":false},"excerpt":{"rendered":"<p>Servivios internacionales de jueves a domingo 9\u201321 lunes 9\u201315 Los servicios de verano son un<a class=\"moretag\" href=\"https:\/\/www.suviseurat.fi/2024\/es\/servicios\/punto-internacional-servicios-internacionales\/\">Jatka lukemista ><\/a><\/p>\n","protected":false},"author":19,"featured_media":0,"parent":20687,"menu_order":13,"comment_status":"closed","ping_status":"closed","template":"","meta":{"_acf_changed":false,"footnotes":""},"class_list":["post-20504","page","type-page","status-publish","hentry"],"acf":[],"yoast_head":"<!-- This site is optimized with the Yoast SEO plugin v23.3 - https:\/\/yoast.com\/wordpress\/plugins\/seo\/ -->\n<title>Punto Internacional - Servicios internacionales - SRK:n Suviseurat Pudasj\u00e4rvell\u00e4 2024<\/title>\n<meta name=\"description\" content=\"Servivios internacionales de jueves a domingo 9\u201321 lunes 9\u201315 Los servicios de verano son un evento internacional. El Punto de Servicio Internacional es\" \/>\n<meta name=\"robots\" content=\"index, follow, max-snippet:-1, max-image-preview:large, max-video-preview:-1\" \/>\n<link rel=\"canonical\" href=\"https:\/\/www.suviseurat.fi/2024\/es\/servicios\/punto-internacional-servicios-internacionales\/\" \/>\n<meta property=\"og:locale\" content=\"es_ES\" \/>\n<meta property=\"og:type\" content=\"article\" \/>\n<meta property=\"og:title\" content=\"Punto Internacional - Servicios internacionales - SRK:n Suviseurat Pudasj\u00e4rvell\u00e4 2024\" \/>\n<meta property=\"og:description\" content=\"Servivios internacionales de jueves a domingo 9\u201321 lunes 9\u201315 Los servicios de verano son un evento internacional. El Punto de Servicio Internacional es\" \/>\n<meta property=\"og:url\" content=\"https:\/\/www.suviseurat.fi/2024\/es\/servicios\/punto-internacional-servicios-internacionales\/\" \/>\n<meta property=\"og:site_name\" content=\"SRK:n Suviseurat Pudasj\u00e4rvell\u00e4 2024\" \/>\n<meta property=\"article:publisher\" content=\"https:\/\/www.facebook.com\/SRKryNyt\/\" \/>\n<meta property=\"article:modified_time\" content=\"2024-06-23T12:11:49+00:00\" \/>\n<meta name=\"twitter:card\" content=\"summary_large_image\" \/>\n<meta name=\"twitter:site\" content=\"@Suviseurat\" \/>\n<meta name=\"twitter:label1\" content=\"Tiempo de lectura\" \/>\n\t<meta name=\"twitter:data1\" content=\"2 minutes\" \/>\n<script type=\"application\/ld+json\" class=\"yoast-schema-graph\">{\"@context\":\"https:\/\/schema.org\",\"@graph\":[{\"@type\":\"WebPage\",\"@id\":\"https:\/\/www.suviseurat.fi/2024\/es\/servicios\/punto-internacional-servicios-internacionales\/\",\"url\":\"https:\/\/www.suviseurat.fi/2024\/es\/servicios\/punto-internacional-servicios-internacionales\/\",\"name\":\"Punto Internacional - Servicios internacionales - SRK:n Suviseurat Pudasj\u00e4rvell\u00e4 2024\",\"isPartOf\":{\"@id\":\"https:\/\/www.suviseurat.fi/2024\/#website\"},\"datePublished\":\"2022-06-24T09:00:00+00:00\",\"dateModified\":\"2024-06-23T12:11:49+00:00\",\"description\":\"Servivios internacionales de jueves a domingo 9\u201321 lunes 9\u201315 Los servicios de verano son un evento internacional. El Punto de Servicio Internacional es\",\"breadcrumb\":{\"@id\":\"https:\/\/www.suviseurat.fi/2024\/es\/servicios\/punto-internacional-servicios-internacionales\/#breadcrumb\"},\"inLanguage\":\"es-ES\",\"potentialAction\":[{\"@type\":\"ReadAction\",\"target\":[\"https:\/\/www.suviseurat.fi/2024\/es\/servicios\/punto-internacional-servicios-internacionales\/\"]}]},{\"@type\":\"BreadcrumbList\",\"@id\":\"https:\/\/www.suviseurat.fi/2024\/es\/servicios\/punto-internacional-servicios-internacionales\/#breadcrumb\",\"itemListElement\":[{\"@type\":\"ListItem\",\"position\":1,\"name\":\"Etusivu\",\"item\":\"https:\/\/www.suviseurat.fi/2024\/es\/20558-2\/\"},{\"@type\":\"ListItem\",\"position\":2,\"name\":\"Servicios\",\"item\":\"https:\/\/www.suviseurat.fi/2024\/es\/servicios\/\"},{\"@type\":\"ListItem\",\"position\":3,\"name\":\"Punto Internacional &#8211; Servicios internacionales\"}]},{\"@type\":\"WebSite\",\"@id\":\"https:\/\/www.suviseurat.fi/2024\/#website\",\"url\":\"https:\/\/www.suviseurat.fi/2024\/\",\"name\":\"SRK:n Suviseurat Pudasj\u00e4rvell\u00e4 2024\",\"description\":\"Olenko min\u00e4 sinulle rakas?\",\"publisher\":{\"@id\":\"https:\/\/www.suviseurat.fi/2024\/#organization\"},\"potentialAction\":[{\"@type\":\"SearchAction\",\"target\":{\"@type\":\"EntryPoint\",\"urlTemplate\":\"https:\/\/www.suviseurat.fi/2024\/?s={search_term_string}\"},\"query-input\":\"required name=search_term_string\"}],\"inLanguage\":\"es-ES\"},{\"@type\":\"Organization\",\"@id\":\"https:\/\/www.suviseurat.fi/2024\/#organization\",\"name\":\"Suviseurat\",\"url\":\"https:\/\/www.suviseurat.fi/2024\/\",\"logo\":{\"@type\":\"ImageObject\",\"inLanguage\":\"es-ES\",\"@id\":\"https:\/\/www.suviseurat.fi/2024\/#\/schema\/logo\/image\/\",\"url\":\"https:\/\/www.suviseurat.fi/2024\/wp-content\/uploads\/2023\/10\/tunnus-nelio.jpg\",\"contentUrl\":\"https:\/\/www.suviseurat.fi/2024\/wp-content\/uploads\/2023\/10\/tunnus-nelio.jpg\",\"width\":1000,\"height\":1000,\"caption\":\"Suviseurat\"},\"image\":{\"@id\":\"https:\/\/www.suviseurat.fi/2024\/#\/schema\/logo\/image\/\"},\"sameAs\":[\"https:\/\/www.facebook.com\/SRKryNyt\/\",\"https:\/\/x.com\/Suviseurat\",\"https:\/\/www.facebook.com\/srksuviseurat\/\",\"https:\/\/www.youtube.com\/@SRKnyt\",\"https:\/\/www.instagram.com\/srk_nyt\/\",\"https:\/\/www.flickr.com\/photos\/suviseurat\"]}]}<\/script>\n<!-- \/ Yoast SEO plugin. -->","yoast_head_json":{"title":"Punto Internacional - Servicios internacionales - SRK:n Suviseurat Pudasj\u00e4rvell\u00e4 2024","description":"Servivios internacionales de jueves a domingo 9\u201321 lunes 9\u201315 Los servicios de verano son un evento internacional. El Punto de Servicio Internacional es","robots":{"index":"index","follow":"follow","max-snippet":"max-snippet:-1","max-image-preview":"max-image-preview:large","max-video-preview":"max-video-preview:-1"},"canonical":"https:\/\/www.suviseurat.fi/2024\/es\/servicios\/punto-internacional-servicios-internacionales\/","og_locale":"es_ES","og_type":"article","og_title":"Punto Internacional - Servicios internacionales - SRK:n Suviseurat Pudasj\u00e4rvell\u00e4 2024","og_description":"Servivios internacionales de jueves a domingo 9\u201321 lunes 9\u201315 Los servicios de verano son un evento internacional. El Punto de Servicio Internacional es","og_url":"https:\/\/www.suviseurat.fi/2024\/es\/servicios\/punto-internacional-servicios-internacionales\/","og_site_name":"SRK:n Suviseurat Pudasj\u00e4rvell\u00e4 2024","article_publisher":"https:\/\/www.facebook.com\/SRKryNyt\/","article_modified_time":"2024-06-23T12:11:49+00:00","twitter_card":"summary_large_image","twitter_site":"@Suviseurat","twitter_misc":{"Tiempo de lectura":"2 minutes"},"schema":{"@context":"https:\/\/schema.org","@graph":[{"@type":"WebPage","@id":"https:\/\/www.suviseurat.fi/2024\/es\/servicios\/punto-internacional-servicios-internacionales\/","url":"https:\/\/www.suviseurat.fi/2024\/es\/servicios\/punto-internacional-servicios-internacionales\/","name":"Punto Internacional - Servicios internacionales - SRK:n Suviseurat Pudasj\u00e4rvell\u00e4 2024","isPartOf":{"@id":"https:\/\/www.suviseurat.fi/2024\/#website"},"datePublished":"2022-06-24T09:00:00+00:00","dateModified":"2024-06-23T12:11:49+00:00","description":"Servivios internacionales de jueves a domingo 9\u201321 lunes 9\u201315 Los servicios de verano son un evento internacional. El Punto de Servicio Internacional es","breadcrumb":{"@id":"https:\/\/www.suviseurat.fi/2024\/es\/servicios\/punto-internacional-servicios-internacionales\/#breadcrumb"},"inLanguage":"es-ES","potentialAction":[{"@type":"ReadAction","target":["https:\/\/www.suviseurat.fi/2024\/es\/servicios\/punto-internacional-servicios-internacionales\/"]}]},{"@type":"BreadcrumbList","@id":"https:\/\/www.suviseurat.fi/2024\/es\/servicios\/punto-internacional-servicios-internacionales\/#breadcrumb","itemListElement":[{"@type":"ListItem","position":1,"name":"Etusivu","item":"https:\/\/www.suviseurat.fi/2024\/es\/20558-2\/"},{"@type":"ListItem","position":2,"name":"Servicios","item":"https:\/\/www.suviseurat.fi/2024\/es\/servicios\/"},{"@type":"ListItem","position":3,"name":"Punto Internacional &#8211; Servicios internacionales"}]},{"@type":"WebSite","@id":"https:\/\/www.suviseurat.fi/2024\/#website","url":"https:\/\/www.suviseurat.fi/2024\/","name":"SRK:n Suviseurat Pudasj\u00e4rvell\u00e4 2024","description":"Olenko min\u00e4 sinulle rakas?","publisher":{"@id":"https:\/\/www.suviseurat.fi/2024\/#organization"},"potentialAction":[{"@type":"SearchAction","target":{"@type":"EntryPoint","urlTemplate":"https:\/\/www.suviseurat.fi/2024\/?s={search_term_string}"},"query-input":"required name=search_term_string"}],"inLanguage":"es-ES"},{"@type":"Organization","@id":"https:\/\/www.suviseurat.fi/2024\/#organization","name":"Suviseurat","url":"https:\/\/www.suviseurat.fi/2024\/","logo":{"@type":"ImageObject","inLanguage":"es-ES","@id":"https:\/\/www.suviseurat.fi/2024\/#\/schema\/logo\/image\/","url":"https:\/\/www.suviseurat.fi/2024\/wp-content\/uploads\/2023\/10\/tunnus-nelio.jpg","contentUrl":"https:\/\/www.suviseurat.fi/2024\/wp-content\/uploads\/2023\/10\/tunnus-nelio.jpg","width":1000,"height":1000,"caption":"Suviseurat"},"image":{"@id":"https:\/\/www.suviseurat.fi/2024\/#\/schema\/logo\/image\/"},"sameAs":["https:\/\/www.facebook.com\/SRKryNyt\/","https:\/\/x.com\/Suviseurat","https:\/\/www.facebook.com\/srksuviseurat\/","https:\/\/www.youtube.com\/@SRKnyt","https:\/\/www.instagram.com\/srk_nyt\/","https:\/\/www.flickr.com\/photos\/suviseurat"]}]}},"_links":{"self":[{"href":"https:\/\/www.suviseurat.fi/2024\/es\/wp-json\/wp\/v2\/pages\/20504"}],"collection":[{"href":"https:\/\/www.suviseurat.fi/2024\/es\/wp-json\/wp\/v2\/pages"}],"about":[{"href":"https:\/\/www.suviseurat.fi/2024\/es\/wp-json\/wp\/v2\/types\/page"}],"author":[{"embeddable":true,"href":"https:\/\/www.suviseurat.fi/2024\/es\/wp-json\/wp\/v2\/users\/19"}],"replies":[{"embeddable":true,"href":"https:\/\/www.suviseurat.fi/2024\/es\/wp-json\/wp\/v2\/comments?post=20504"}],"version-history":[{"count":1,"href":"https:\/\/www.suviseurat.fi/2024\/es\/wp-json\/wp\/v2\/pages\/20504\/revisions"}],"predecessor-version":[{"id":20690,"href":"https:\/\/www.suviseurat.fi/2024\/es\/wp-json\/wp\/v2\/pages\/20504\/revisions\/20690"}],"up":[{"embeddable":true,"href":"https:\/\/www.suviseurat.fi/2024\/es\/wp-json\/wp\/v2\/pages\/20687"}],"wp:attachment":[{"href":"https:\/\/www.suviseurat.fi/2024\/es\/wp-json\/wp\/v2\/media?parent=20504"}],"curies":[{"name":"wp","href":"https:\/\/api.w.org\/{rel}","templated":true}]}}