{"id":20512,"date":"2023-06-18T21:23:41","date_gmt":"2023-06-18T18:23:41","guid":{"rendered":"https:\/\/www.suviseurat.fi/2024\/aparcamiento-diurno\/"},"modified":"2024-06-23T15:10:21","modified_gmt":"2024-06-23T12:10:21","slug":"aparcamiento-diurno","status":"publish","type":"page","link":"https:\/\/www.suviseurat.fi/2024\/es\/transporte\/aparcamiento-diurno\/","title":{"rendered":"Aparcamiento diurno"},"content":{"rendered":"\n<h3><strong>Zonas de aparcamiento para visitantes de un d\u00eda<\/strong><\/h3>\n<p>Servicos de Verano hay cinco plazas de aparcamiento diurno (P1-P5). Las zonas de aparcamiento P2-P4 est\u00e1n situadas en el extremo este de los Servicios de Verano y la P5 en el extremo oeste. P1 est\u00e1 reservado para invitados. Cuando se llega desde Kuusamontie al \u00e1rea de estacionamiento, se dirige a trav\u00e9s de T\u00f6rr\u00f6ntie antes de llegar al \u00e1rea de seguimiento, y luego hacia el extremo oeste a lo largo de la v\u00eda de servicio. Los controladores de tr\u00e1fico te guiar\u00e1n hasta las plazas de aparcamiento.<\/p>\n<p><img loading=\"lazy\" decoding=\"async\" class=\"alignnone size-full wp-image-18342\" src=\"https:\/\/www.suviseurat.fi/2024\/wp-content\/uploads\/2023\/06\/P-opaste.png\" alt=\"\" width=\"184\" height=\"188\"><\/p>\n<p>El aparcamiento diurno para discapacitados est\u00e1 situado al borde de la estaci\u00f3n de autobuses, al borde de la plaza central. Entras y sales del aparcamiento por Lent\u00e4j\u00e4ntie. Para encontrar la zona, sigue primero la se\u00f1al INVA y luego la se\u00f1al P-inva.<\/p>\n<p><img loading=\"lazy\" decoding=\"async\" class=\"alignnone size-full wp-image-18128\" src=\"https:\/\/www.suviseurat.fi/2024\/wp-content\/uploads\/2023\/06\/inva.png\" alt=\"\" width=\"221\" height=\"234\"><\/p>\n<p> <\/p>\n<h3><strong>Pagar por aparcar un d\u00eda<\/strong><\/h3>\n<p>El aparcamiento diurno cuesta 5 euros.<\/p>\n<p>El pago puede realizarse mediante<\/p>\n<ul>\n<li>de MobilePay al <a href=\"https:\/\/mobilepay.fi\/Yrityksille\/Maksulinkki\/maksulinkki-vastaus?phone=10307\" target=\"_blank\" rel=\"noopener\">10307<\/a><\/li>\n<li><a href=\"https:\/\/kenttamaksu.suviseurat.fi\/\">Tienda<\/a> online de los Servicios de Verano<\/li>\n<li>punto de pago en la plaza central<\/li>\n<\/ul>\n<p>Debes conservar un recibo del pago. No es necesario imprimir un billete aparte. Las cuotas de aparcamiento diurno y de campo se recaudan para cubrir los gastos de construcci\u00f3n y organizaci\u00f3n de los Servicios de Verano.<\/p>\n<p> <\/p>\n","protected":false},"excerpt":{"rendered":"<p>Zonas de aparcamiento para visitantes de un d\u00eda Servicos de Verano hay cinco plazas de<a class=\"moretag\" href=\"https:\/\/www.suviseurat.fi/2024\/es\/transporte\/aparcamiento-diurno\/\">Jatka lukemista ><\/a><\/p>\n","protected":false},"author":28,"featured_media":0,"parent":20684,"menu_order":6,"comment_status":"closed","ping_status":"closed","template":"","meta":{"_acf_changed":false,"footnotes":""},"class_list":["post-20512","page","type-page","status-publish","hentry"],"acf":[],"yoast_head":"<!-- This site is optimized with the Yoast SEO plugin v23.3 - https:\/\/yoast.com\/wordpress\/plugins\/seo\/ -->\n<title>Aparcamiento diurno - SRK:n Suviseurat Pudasj\u00e4rvell\u00e4 2024<\/title>\n<meta name=\"description\" content=\"Zonas de aparcamiento para visitantes de un d\u00eda Servicos de Verano hay cinco plazas de aparcamiento diurno (P1-P5). Las zonas de aparcamiento P2-P4 est\u00e1n\" \/>\n<meta name=\"robots\" content=\"index, follow, max-snippet:-1, max-image-preview:large, max-video-preview:-1\" \/>\n<link rel=\"canonical\" href=\"https:\/\/www.suviseurat.fi/2024\/es\/transporte\/aparcamiento-diurno\/\" \/>\n<meta property=\"og:locale\" content=\"es_ES\" \/>\n<meta property=\"og:type\" content=\"article\" \/>\n<meta property=\"og:title\" content=\"Aparcamiento diurno - SRK:n Suviseurat Pudasj\u00e4rvell\u00e4 2024\" \/>\n<meta property=\"og:description\" content=\"Zonas de aparcamiento para visitantes de un d\u00eda Servicos de Verano hay cinco plazas de aparcamiento diurno (P1-P5). Las zonas de aparcamiento P2-P4 est\u00e1n\" \/>\n<meta property=\"og:url\" content=\"https:\/\/www.suviseurat.fi/2024\/es\/transporte\/aparcamiento-diurno\/\" \/>\n<meta property=\"og:site_name\" content=\"SRK:n Suviseurat Pudasj\u00e4rvell\u00e4 2024\" \/>\n<meta property=\"article:publisher\" content=\"https:\/\/www.facebook.com\/SRKryNyt\/\" \/>\n<meta property=\"article:modified_time\" content=\"2024-06-23T12:10:21+00:00\" \/>\n<meta property=\"og:image\" content=\"https:\/\/www.suviseurat.fi/2024\/wp-content\/uploads\/2023\/06\/P-opaste.png\" \/>\n<meta name=\"twitter:card\" content=\"summary_large_image\" \/>\n<meta name=\"twitter:site\" content=\"@Suviseurat\" \/>\n<meta name=\"twitter:label1\" content=\"Tiempo de lectura\" \/>\n\t<meta name=\"twitter:data1\" content=\"1 minute\" \/>\n<script type=\"application\/ld+json\" class=\"yoast-schema-graph\">{\"@context\":\"https:\/\/schema.org\",\"@graph\":[{\"@type\":\"WebPage\",\"@id\":\"https:\/\/www.suviseurat.fi/2024\/es\/transporte\/aparcamiento-diurno\/\",\"url\":\"https:\/\/www.suviseurat.fi/2024\/es\/transporte\/aparcamiento-diurno\/\",\"name\":\"Aparcamiento diurno - SRK:n Suviseurat Pudasj\u00e4rvell\u00e4 2024\",\"isPartOf\":{\"@id\":\"https:\/\/www.suviseurat.fi/2024\/#website\"},\"primaryImageOfPage\":{\"@id\":\"https:\/\/www.suviseurat.fi/2024\/es\/transporte\/aparcamiento-diurno\/#primaryimage\"},\"image\":{\"@id\":\"https:\/\/www.suviseurat.fi/2024\/es\/transporte\/aparcamiento-diurno\/#primaryimage\"},\"thumbnailUrl\":\"https:\/\/www.suviseurat.fi/2024\/wp-content\/uploads\/2023\/06\/P-opaste.png\",\"datePublished\":\"2023-06-18T18:23:41+00:00\",\"dateModified\":\"2024-06-23T12:10:21+00:00\",\"description\":\"Zonas de aparcamiento para visitantes de un d\u00eda Servicos de Verano hay cinco plazas de aparcamiento diurno (P1-P5). Las zonas de aparcamiento P2-P4 est\u00e1n\",\"breadcrumb\":{\"@id\":\"https:\/\/www.suviseurat.fi/2024\/es\/transporte\/aparcamiento-diurno\/#breadcrumb\"},\"inLanguage\":\"es-ES\",\"potentialAction\":[{\"@type\":\"ReadAction\",\"target\":[\"https:\/\/www.suviseurat.fi/2024\/es\/transporte\/aparcamiento-diurno\/\"]}]},{\"@type\":\"ImageObject\",\"inLanguage\":\"es-ES\",\"@id\":\"https:\/\/www.suviseurat.fi/2024\/es\/transporte\/aparcamiento-diurno\/#primaryimage\",\"url\":\"https:\/\/www.suviseurat.fi/2024\/wp-content\/uploads\/2023\/06\/P-opaste.png\",\"contentUrl\":\"https:\/\/www.suviseurat.fi/2024\/wp-content\/uploads\/2023\/06\/P-opaste.png\"},{\"@type\":\"BreadcrumbList\",\"@id\":\"https:\/\/www.suviseurat.fi/2024\/es\/transporte\/aparcamiento-diurno\/#breadcrumb\",\"itemListElement\":[{\"@type\":\"ListItem\",\"position\":1,\"name\":\"Etusivu\",\"item\":\"https:\/\/www.suviseurat.fi/2024\/es\/20558-2\/\"},{\"@type\":\"ListItem\",\"position\":2,\"name\":\"Transporte\",\"item\":\"https:\/\/www.suviseurat.fi/2024\/es\/transporte\/\"},{\"@type\":\"ListItem\",\"position\":3,\"name\":\"Aparcamiento diurno\"}]},{\"@type\":\"WebSite\",\"@id\":\"https:\/\/www.suviseurat.fi/2024\/#website\",\"url\":\"https:\/\/www.suviseurat.fi/2024\/\",\"name\":\"SRK:n Suviseurat Pudasj\u00e4rvell\u00e4 2024\",\"description\":\"Olenko min\u00e4 sinulle rakas?\",\"publisher\":{\"@id\":\"https:\/\/www.suviseurat.fi/2024\/#organization\"},\"potentialAction\":[{\"@type\":\"SearchAction\",\"target\":{\"@type\":\"EntryPoint\",\"urlTemplate\":\"https:\/\/www.suviseurat.fi/2024\/?s={search_term_string}\"},\"query-input\":\"required name=search_term_string\"}],\"inLanguage\":\"es-ES\"},{\"@type\":\"Organization\",\"@id\":\"https:\/\/www.suviseurat.fi/2024\/#organization\",\"name\":\"Suviseurat\",\"url\":\"https:\/\/www.suviseurat.fi/2024\/\",\"logo\":{\"@type\":\"ImageObject\",\"inLanguage\":\"es-ES\",\"@id\":\"https:\/\/www.suviseurat.fi/2024\/#\/schema\/logo\/image\/\",\"url\":\"https:\/\/www.suviseurat.fi/2024\/wp-content\/uploads\/2023\/10\/tunnus-nelio.jpg\",\"contentUrl\":\"https:\/\/www.suviseurat.fi/2024\/wp-content\/uploads\/2023\/10\/tunnus-nelio.jpg\",\"width\":1000,\"height\":1000,\"caption\":\"Suviseurat\"},\"image\":{\"@id\":\"https:\/\/www.suviseurat.fi/2024\/#\/schema\/logo\/image\/\"},\"sameAs\":[\"https:\/\/www.facebook.com\/SRKryNyt\/\",\"https:\/\/x.com\/Suviseurat\",\"https:\/\/www.facebook.com\/srksuviseurat\/\",\"https:\/\/www.youtube.com\/@SRKnyt\",\"https:\/\/www.instagram.com\/srk_nyt\/\",\"https:\/\/www.flickr.com\/photos\/suviseurat\"]}]}<\/script>\n<!-- \/ Yoast SEO plugin. -->","yoast_head_json":{"title":"Aparcamiento diurno - SRK:n Suviseurat Pudasj\u00e4rvell\u00e4 2024","description":"Zonas de aparcamiento para visitantes de un d\u00eda Servicos de Verano hay cinco plazas de aparcamiento diurno (P1-P5). Las zonas de aparcamiento P2-P4 est\u00e1n","robots":{"index":"index","follow":"follow","max-snippet":"max-snippet:-1","max-image-preview":"max-image-preview:large","max-video-preview":"max-video-preview:-1"},"canonical":"https:\/\/www.suviseurat.fi/2024\/es\/transporte\/aparcamiento-diurno\/","og_locale":"es_ES","og_type":"article","og_title":"Aparcamiento diurno - SRK:n Suviseurat Pudasj\u00e4rvell\u00e4 2024","og_description":"Zonas de aparcamiento para visitantes de un d\u00eda Servicos de Verano hay cinco plazas de aparcamiento diurno (P1-P5). Las zonas de aparcamiento P2-P4 est\u00e1n","og_url":"https:\/\/www.suviseurat.fi/2024\/es\/transporte\/aparcamiento-diurno\/","og_site_name":"SRK:n Suviseurat Pudasj\u00e4rvell\u00e4 2024","article_publisher":"https:\/\/www.facebook.com\/SRKryNyt\/","article_modified_time":"2024-06-23T12:10:21+00:00","og_image":[{"url":"https:\/\/www.suviseurat.fi/2024\/wp-content\/uploads\/2023\/06\/P-opaste.png"}],"twitter_card":"summary_large_image","twitter_site":"@Suviseurat","twitter_misc":{"Tiempo de lectura":"1 minute"},"schema":{"@context":"https:\/\/schema.org","@graph":[{"@type":"WebPage","@id":"https:\/\/www.suviseurat.fi/2024\/es\/transporte\/aparcamiento-diurno\/","url":"https:\/\/www.suviseurat.fi/2024\/es\/transporte\/aparcamiento-diurno\/","name":"Aparcamiento diurno - SRK:n Suviseurat Pudasj\u00e4rvell\u00e4 2024","isPartOf":{"@id":"https:\/\/www.suviseurat.fi/2024\/#website"},"primaryImageOfPage":{"@id":"https:\/\/www.suviseurat.fi/2024\/es\/transporte\/aparcamiento-diurno\/#primaryimage"},"image":{"@id":"https:\/\/www.suviseurat.fi/2024\/es\/transporte\/aparcamiento-diurno\/#primaryimage"},"thumbnailUrl":"https:\/\/www.suviseurat.fi/2024\/wp-content\/uploads\/2023\/06\/P-opaste.png","datePublished":"2023-06-18T18:23:41+00:00","dateModified":"2024-06-23T12:10:21+00:00","description":"Zonas de aparcamiento para visitantes de un d\u00eda Servicos de Verano hay cinco plazas de aparcamiento diurno (P1-P5). Las zonas de aparcamiento P2-P4 est\u00e1n","breadcrumb":{"@id":"https:\/\/www.suviseurat.fi/2024\/es\/transporte\/aparcamiento-diurno\/#breadcrumb"},"inLanguage":"es-ES","potentialAction":[{"@type":"ReadAction","target":["https:\/\/www.suviseurat.fi/2024\/es\/transporte\/aparcamiento-diurno\/"]}]},{"@type":"ImageObject","inLanguage":"es-ES","@id":"https:\/\/www.suviseurat.fi/2024\/es\/transporte\/aparcamiento-diurno\/#primaryimage","url":"https:\/\/www.suviseurat.fi/2024\/wp-content\/uploads\/2023\/06\/P-opaste.png","contentUrl":"https:\/\/www.suviseurat.fi/2024\/wp-content\/uploads\/2023\/06\/P-opaste.png"},{"@type":"BreadcrumbList","@id":"https:\/\/www.suviseurat.fi/2024\/es\/transporte\/aparcamiento-diurno\/#breadcrumb","itemListElement":[{"@type":"ListItem","position":1,"name":"Etusivu","item":"https:\/\/www.suviseurat.fi/2024\/es\/20558-2\/"},{"@type":"ListItem","position":2,"name":"Transporte","item":"https:\/\/www.suviseurat.fi/2024\/es\/transporte\/"},{"@type":"ListItem","position":3,"name":"Aparcamiento diurno"}]},{"@type":"WebSite","@id":"https:\/\/www.suviseurat.fi/2024\/#website","url":"https:\/\/www.suviseurat.fi/2024\/","name":"SRK:n Suviseurat Pudasj\u00e4rvell\u00e4 2024","description":"Olenko min\u00e4 sinulle rakas?","publisher":{"@id":"https:\/\/www.suviseurat.fi/2024\/#organization"},"potentialAction":[{"@type":"SearchAction","target":{"@type":"EntryPoint","urlTemplate":"https:\/\/www.suviseurat.fi/2024\/?s={search_term_string}"},"query-input":"required name=search_term_string"}],"inLanguage":"es-ES"},{"@type":"Organization","@id":"https:\/\/www.suviseurat.fi/2024\/#organization","name":"Suviseurat","url":"https:\/\/www.suviseurat.fi/2024\/","logo":{"@type":"ImageObject","inLanguage":"es-ES","@id":"https:\/\/www.suviseurat.fi/2024\/#\/schema\/logo\/image\/","url":"https:\/\/www.suviseurat.fi/2024\/wp-content\/uploads\/2023\/10\/tunnus-nelio.jpg","contentUrl":"https:\/\/www.suviseurat.fi/2024\/wp-content\/uploads\/2023\/10\/tunnus-nelio.jpg","width":1000,"height":1000,"caption":"Suviseurat"},"image":{"@id":"https:\/\/www.suviseurat.fi/2024\/#\/schema\/logo\/image\/"},"sameAs":["https:\/\/www.facebook.com\/SRKryNyt\/","https:\/\/x.com\/Suviseurat","https:\/\/www.facebook.com\/srksuviseurat\/","https:\/\/www.youtube.com\/@SRKnyt","https:\/\/www.instagram.com\/srk_nyt\/","https:\/\/www.flickr.com\/photos\/suviseurat"]}]}},"_links":{"self":[{"href":"https:\/\/www.suviseurat.fi/2024\/es\/wp-json\/wp\/v2\/pages\/20512"}],"collection":[{"href":"https:\/\/www.suviseurat.fi/2024\/es\/wp-json\/wp\/v2\/pages"}],"about":[{"href":"https:\/\/www.suviseurat.fi/2024\/es\/wp-json\/wp\/v2\/types\/page"}],"author":[{"embeddable":true,"href":"https:\/\/www.suviseurat.fi/2024\/es\/wp-json\/wp\/v2\/users\/28"}],"replies":[{"embeddable":true,"href":"https:\/\/www.suviseurat.fi/2024\/es\/wp-json\/wp\/v2\/comments?post=20512"}],"version-history":[{"count":1,"href":"https:\/\/www.suviseurat.fi/2024\/es\/wp-json\/wp\/v2\/pages\/20512\/revisions"}],"predecessor-version":[{"id":20513,"href":"https:\/\/www.suviseurat.fi/2024\/es\/wp-json\/wp\/v2\/pages\/20512\/revisions\/20513"}],"up":[{"embeddable":true,"href":"https:\/\/www.suviseurat.fi/2024\/es\/wp-json\/wp\/v2\/pages\/20684"}],"wp:attachment":[{"href":"https:\/\/www.suviseurat.fi/2024\/es\/wp-json\/wp\/v2\/media?parent=20512"}],"curies":[{"name":"wp","href":"https:\/\/api.w.org\/{rel}","templated":true}]}}