{"id":20518,"date":"2024-05-14T15:15:46","date_gmt":"2024-05-14T12:15:46","guid":{"rendered":"https:\/\/www.suviseurat.fi/2024\/personas-mayores-y-personas-con-movilidad-reducida\/"},"modified":"2024-06-23T15:11:49","modified_gmt":"2024-06-23T12:11:49","slug":"personas-mayores-y-personas-con-movilidad-reducida","status":"publish","type":"page","link":"https:\/\/www.suviseurat.fi/2024\/es\/servicios\/personas-mayores-y-personas-con-movilidad-reducida\/","title":{"rendered":"Personas mayores y personas con movilidad reducida"},"content":{"rendered":"\n<h3><b>\u00c1rea de descanso para ancianos y discapacitados<\/b><\/h3>\n<p><span style=\"font-weight: 400\">Destinado a hu\u00e9spedes que, por su edad o movilidad reducida, necesitan un descanso. No hay servicio de refrigerio en el lugar de descanso para ancianos. A los ancianos se les ofrecer\u00e1 la comuni\u00f3n en el \u00e1rea de descanso el s\u00e1bado a la misma hora en que comience el servicio de comuni\u00f3n en la tienda grande. Cel. 040 1320 743<\/span><\/p>\n<p>El \u00e1rea de descanso para ancianos y personas con movilidad reducida dispone de un punto de carga para equipos m\u00e9dicos y dispositivos de asistencia.<\/p>\n<table style=\"border-collapse: collapse;width: 60.7474%;height: 92px\">\n<tbody>\n<tr style=\"height: 23px\">\n<td style=\"width: 44.0667%;height: 23px\"><b>\u00c1rea de descanso para ancianos y discapacitados esta abierta<\/b><\/td>\n<td style=\"width: 12.0001%;height: 23px\"> <\/td>\n<\/tr>\n<tr style=\"height: 23px\">\n<td style=\"width: 44.0667%;height: 23px\"><span style=\"font-weight: 400\">Jueves<\/span><\/td>\n<td style=\"width: 12.0001%;height: 23px\"><span style=\"font-weight: 400\">12 a 20<\/span><\/td>\n<\/tr>\n<tr style=\"height: 23px\">\n<td style=\"width: 44.0667%;height: 23px\"><span style=\"font-weight: 400\">Viernes a domingo<\/span><\/td>\n<td style=\"width: 12.0001%;height: 23px\">De <span style=\"font-weight: 400\">9 a 20<\/span><\/td>\n<\/tr>\n<tr style=\"height: 23px\">\n<td style=\"width: 44.0667%;height: 23px\">lunes<\/td>\n<td style=\"width: 12.0001%;height: 23px\">De <span style=\"font-weight: 400\">9 a 13<\/span><\/td>\n<\/tr>\n<\/tbody>\n<\/table>\n<h3><b>Comedor para ancianos y ministros<\/b><\/h3>\n<table style=\"border-collapse: collapse;width: 60.6911%\">\n<tbody>\n<tr>\n<td style=\"width: 45.1603%\"><b>Horario del comedor para ancianos y ministros<\/b><\/td>\n<td style=\"width: 12.4692%\"> <\/td>\n<\/tr>\n<tr>\n<td style=\"width: 45.1603%\"><span style=\"font-weight: 400\">Viernes<\/span><\/td>\n<td style=\"width: 12.4692%\"><span style=\"font-weight: 400\">15 a 22<\/span><\/td>\n<\/tr>\n<tr>\n<td style=\"width: 45.1603%\"><span style=\"font-weight: 400\">S\u00e1bado-Domingo<\/span><\/td>\n<td style=\"width: 12.4692%\"><span style=\"font-weight: 400\">De 8 a 21<\/span><\/td>\n<\/tr>\n<tr>\n<td style=\"width: 45.1603%\"><span style=\"font-weight: 400\">lunes<\/span><\/td>\n<td style=\"width: 12.4692%\">De <span style=\"font-weight: 400\">8 a 14<\/span><\/td>\n<\/tr>\n<\/tbody>\n<\/table>\n<p> <\/p>\n","protected":false},"excerpt":{"rendered":"<p>\u00c1rea de descanso para ancianos y discapacitados Destinado a hu\u00e9spedes que, por su edad o<a class=\"moretag\" href=\"https:\/\/www.suviseurat.fi/2024\/es\/servicios\/personas-mayores-y-personas-con-movilidad-reducida\/\">Jatka lukemista ><\/a><\/p>\n","protected":false},"author":21,"featured_media":0,"parent":20687,"menu_order":9,"comment_status":"closed","ping_status":"closed","template":"","meta":{"_acf_changed":false,"footnotes":""},"class_list":["post-20518","page","type-page","status-publish","hentry"],"acf":[],"yoast_head":"<!-- This site is optimized with the Yoast SEO plugin v23.3 - https:\/\/yoast.com\/wordpress\/plugins\/seo\/ -->\n<title>Personas mayores y personas con movilidad reducida - SRK:n Suviseurat Pudasj\u00e4rvell\u00e4 2024<\/title>\n<meta name=\"description\" content=\"\u00c1rea de descanso para ancianos y discapacitados Destinado a hu\u00e9spedes que, por su edad o movilidad reducida, necesitan un descanso. No hay servicio de\" \/>\n<meta name=\"robots\" content=\"index, follow, max-snippet:-1, max-image-preview:large, max-video-preview:-1\" \/>\n<link rel=\"canonical\" href=\"https:\/\/www.suviseurat.fi/2024\/es\/servicios\/personas-mayores-y-personas-con-movilidad-reducida\/\" \/>\n<meta property=\"og:locale\" content=\"es_ES\" \/>\n<meta property=\"og:type\" content=\"article\" \/>\n<meta property=\"og:title\" content=\"Personas mayores y personas con movilidad reducida - SRK:n Suviseurat Pudasj\u00e4rvell\u00e4 2024\" \/>\n<meta property=\"og:description\" content=\"\u00c1rea de descanso para ancianos y discapacitados Destinado a hu\u00e9spedes que, por su edad o movilidad reducida, necesitan un descanso. No hay servicio de\" \/>\n<meta property=\"og:url\" content=\"https:\/\/www.suviseurat.fi/2024\/es\/servicios\/personas-mayores-y-personas-con-movilidad-reducida\/\" \/>\n<meta property=\"og:site_name\" content=\"SRK:n Suviseurat Pudasj\u00e4rvell\u00e4 2024\" \/>\n<meta property=\"article:publisher\" content=\"https:\/\/www.facebook.com\/SRKryNyt\/\" \/>\n<meta property=\"article:modified_time\" content=\"2024-06-23T12:11:49+00:00\" \/>\n<meta name=\"twitter:card\" content=\"summary_large_image\" \/>\n<meta name=\"twitter:site\" content=\"@Suviseurat\" \/>\n<meta name=\"twitter:label1\" content=\"Tiempo de lectura\" \/>\n\t<meta name=\"twitter:data1\" content=\"1 minute\" \/>\n<script type=\"application\/ld+json\" class=\"yoast-schema-graph\">{\"@context\":\"https:\/\/schema.org\",\"@graph\":[{\"@type\":\"WebPage\",\"@id\":\"https:\/\/www.suviseurat.fi/2024\/es\/servicios\/personas-mayores-y-personas-con-movilidad-reducida\/\",\"url\":\"https:\/\/www.suviseurat.fi/2024\/es\/servicios\/personas-mayores-y-personas-con-movilidad-reducida\/\",\"name\":\"Personas mayores y personas con movilidad reducida - SRK:n Suviseurat Pudasj\u00e4rvell\u00e4 2024\",\"isPartOf\":{\"@id\":\"https:\/\/www.suviseurat.fi/2024\/#website\"},\"datePublished\":\"2024-05-14T12:15:46+00:00\",\"dateModified\":\"2024-06-23T12:11:49+00:00\",\"description\":\"\u00c1rea de descanso para ancianos y discapacitados Destinado a hu\u00e9spedes que, por su edad o movilidad reducida, necesitan un descanso. No hay servicio de\",\"breadcrumb\":{\"@id\":\"https:\/\/www.suviseurat.fi/2024\/es\/servicios\/personas-mayores-y-personas-con-movilidad-reducida\/#breadcrumb\"},\"inLanguage\":\"es-ES\",\"potentialAction\":[{\"@type\":\"ReadAction\",\"target\":[\"https:\/\/www.suviseurat.fi/2024\/es\/servicios\/personas-mayores-y-personas-con-movilidad-reducida\/\"]}]},{\"@type\":\"BreadcrumbList\",\"@id\":\"https:\/\/www.suviseurat.fi/2024\/es\/servicios\/personas-mayores-y-personas-con-movilidad-reducida\/#breadcrumb\",\"itemListElement\":[{\"@type\":\"ListItem\",\"position\":1,\"name\":\"Etusivu\",\"item\":\"https:\/\/www.suviseurat.fi/2024\/es\/20558-2\/\"},{\"@type\":\"ListItem\",\"position\":2,\"name\":\"Servicios\",\"item\":\"https:\/\/www.suviseurat.fi/2024\/es\/servicios\/\"},{\"@type\":\"ListItem\",\"position\":3,\"name\":\"Personas mayores y personas con movilidad reducida\"}]},{\"@type\":\"WebSite\",\"@id\":\"https:\/\/www.suviseurat.fi/2024\/#website\",\"url\":\"https:\/\/www.suviseurat.fi/2024\/\",\"name\":\"SRK:n Suviseurat Pudasj\u00e4rvell\u00e4 2024\",\"description\":\"Olenko min\u00e4 sinulle rakas?\",\"publisher\":{\"@id\":\"https:\/\/www.suviseurat.fi/2024\/#organization\"},\"potentialAction\":[{\"@type\":\"SearchAction\",\"target\":{\"@type\":\"EntryPoint\",\"urlTemplate\":\"https:\/\/www.suviseurat.fi/2024\/?s={search_term_string}\"},\"query-input\":\"required name=search_term_string\"}],\"inLanguage\":\"es-ES\"},{\"@type\":\"Organization\",\"@id\":\"https:\/\/www.suviseurat.fi/2024\/#organization\",\"name\":\"Suviseurat\",\"url\":\"https:\/\/www.suviseurat.fi/2024\/\",\"logo\":{\"@type\":\"ImageObject\",\"inLanguage\":\"es-ES\",\"@id\":\"https:\/\/www.suviseurat.fi/2024\/#\/schema\/logo\/image\/\",\"url\":\"https:\/\/www.suviseurat.fi/2024\/wp-content\/uploads\/2023\/10\/tunnus-nelio.jpg\",\"contentUrl\":\"https:\/\/www.suviseurat.fi/2024\/wp-content\/uploads\/2023\/10\/tunnus-nelio.jpg\",\"width\":1000,\"height\":1000,\"caption\":\"Suviseurat\"},\"image\":{\"@id\":\"https:\/\/www.suviseurat.fi/2024\/#\/schema\/logo\/image\/\"},\"sameAs\":[\"https:\/\/www.facebook.com\/SRKryNyt\/\",\"https:\/\/x.com\/Suviseurat\",\"https:\/\/www.facebook.com\/srksuviseurat\/\",\"https:\/\/www.youtube.com\/@SRKnyt\",\"https:\/\/www.instagram.com\/srk_nyt\/\",\"https:\/\/www.flickr.com\/photos\/suviseurat\"]}]}<\/script>\n<!-- \/ Yoast SEO plugin. -->","yoast_head_json":{"title":"Personas mayores y personas con movilidad reducida - SRK:n Suviseurat Pudasj\u00e4rvell\u00e4 2024","description":"\u00c1rea de descanso para ancianos y discapacitados Destinado a hu\u00e9spedes que, por su edad o movilidad reducida, necesitan un descanso. No hay servicio de","robots":{"index":"index","follow":"follow","max-snippet":"max-snippet:-1","max-image-preview":"max-image-preview:large","max-video-preview":"max-video-preview:-1"},"canonical":"https:\/\/www.suviseurat.fi/2024\/es\/servicios\/personas-mayores-y-personas-con-movilidad-reducida\/","og_locale":"es_ES","og_type":"article","og_title":"Personas mayores y personas con movilidad reducida - SRK:n Suviseurat Pudasj\u00e4rvell\u00e4 2024","og_description":"\u00c1rea de descanso para ancianos y discapacitados Destinado a hu\u00e9spedes que, por su edad o movilidad reducida, necesitan un descanso. No hay servicio de","og_url":"https:\/\/www.suviseurat.fi/2024\/es\/servicios\/personas-mayores-y-personas-con-movilidad-reducida\/","og_site_name":"SRK:n Suviseurat Pudasj\u00e4rvell\u00e4 2024","article_publisher":"https:\/\/www.facebook.com\/SRKryNyt\/","article_modified_time":"2024-06-23T12:11:49+00:00","twitter_card":"summary_large_image","twitter_site":"@Suviseurat","twitter_misc":{"Tiempo de lectura":"1 minute"},"schema":{"@context":"https:\/\/schema.org","@graph":[{"@type":"WebPage","@id":"https:\/\/www.suviseurat.fi/2024\/es\/servicios\/personas-mayores-y-personas-con-movilidad-reducida\/","url":"https:\/\/www.suviseurat.fi/2024\/es\/servicios\/personas-mayores-y-personas-con-movilidad-reducida\/","name":"Personas mayores y personas con movilidad reducida - SRK:n Suviseurat Pudasj\u00e4rvell\u00e4 2024","isPartOf":{"@id":"https:\/\/www.suviseurat.fi/2024\/#website"},"datePublished":"2024-05-14T12:15:46+00:00","dateModified":"2024-06-23T12:11:49+00:00","description":"\u00c1rea de descanso para ancianos y discapacitados Destinado a hu\u00e9spedes que, por su edad o movilidad reducida, necesitan un descanso. No hay servicio de","breadcrumb":{"@id":"https:\/\/www.suviseurat.fi/2024\/es\/servicios\/personas-mayores-y-personas-con-movilidad-reducida\/#breadcrumb"},"inLanguage":"es-ES","potentialAction":[{"@type":"ReadAction","target":["https:\/\/www.suviseurat.fi/2024\/es\/servicios\/personas-mayores-y-personas-con-movilidad-reducida\/"]}]},{"@type":"BreadcrumbList","@id":"https:\/\/www.suviseurat.fi/2024\/es\/servicios\/personas-mayores-y-personas-con-movilidad-reducida\/#breadcrumb","itemListElement":[{"@type":"ListItem","position":1,"name":"Etusivu","item":"https:\/\/www.suviseurat.fi/2024\/es\/20558-2\/"},{"@type":"ListItem","position":2,"name":"Servicios","item":"https:\/\/www.suviseurat.fi/2024\/es\/servicios\/"},{"@type":"ListItem","position":3,"name":"Personas mayores y personas con movilidad reducida"}]},{"@type":"WebSite","@id":"https:\/\/www.suviseurat.fi/2024\/#website","url":"https:\/\/www.suviseurat.fi/2024\/","name":"SRK:n Suviseurat Pudasj\u00e4rvell\u00e4 2024","description":"Olenko min\u00e4 sinulle rakas?","publisher":{"@id":"https:\/\/www.suviseurat.fi/2024\/#organization"},"potentialAction":[{"@type":"SearchAction","target":{"@type":"EntryPoint","urlTemplate":"https:\/\/www.suviseurat.fi/2024\/?s={search_term_string}"},"query-input":"required name=search_term_string"}],"inLanguage":"es-ES"},{"@type":"Organization","@id":"https:\/\/www.suviseurat.fi/2024\/#organization","name":"Suviseurat","url":"https:\/\/www.suviseurat.fi/2024\/","logo":{"@type":"ImageObject","inLanguage":"es-ES","@id":"https:\/\/www.suviseurat.fi/2024\/#\/schema\/logo\/image\/","url":"https:\/\/www.suviseurat.fi/2024\/wp-content\/uploads\/2023\/10\/tunnus-nelio.jpg","contentUrl":"https:\/\/www.suviseurat.fi/2024\/wp-content\/uploads\/2023\/10\/tunnus-nelio.jpg","width":1000,"height":1000,"caption":"Suviseurat"},"image":{"@id":"https:\/\/www.suviseurat.fi/2024\/#\/schema\/logo\/image\/"},"sameAs":["https:\/\/www.facebook.com\/SRKryNyt\/","https:\/\/x.com\/Suviseurat","https:\/\/www.facebook.com\/srksuviseurat\/","https:\/\/www.youtube.com\/@SRKnyt","https:\/\/www.instagram.com\/srk_nyt\/","https:\/\/www.flickr.com\/photos\/suviseurat"]}]}},"_links":{"self":[{"href":"https:\/\/www.suviseurat.fi/2024\/es\/wp-json\/wp\/v2\/pages\/20518"}],"collection":[{"href":"https:\/\/www.suviseurat.fi/2024\/es\/wp-json\/wp\/v2\/pages"}],"about":[{"href":"https:\/\/www.suviseurat.fi/2024\/es\/wp-json\/wp\/v2\/types\/page"}],"author":[{"embeddable":true,"href":"https:\/\/www.suviseurat.fi/2024\/es\/wp-json\/wp\/v2\/users\/21"}],"replies":[{"embeddable":true,"href":"https:\/\/www.suviseurat.fi/2024\/es\/wp-json\/wp\/v2\/comments?post=20518"}],"version-history":[{"count":1,"href":"https:\/\/www.suviseurat.fi/2024\/es\/wp-json\/wp\/v2\/pages\/20518\/revisions"}],"predecessor-version":[{"id":20519,"href":"https:\/\/www.suviseurat.fi/2024\/es\/wp-json\/wp\/v2\/pages\/20518\/revisions\/20519"}],"up":[{"embeddable":true,"href":"https:\/\/www.suviseurat.fi/2024\/es\/wp-json\/wp\/v2\/pages\/20687"}],"wp:attachment":[{"href":"https:\/\/www.suviseurat.fi/2024\/es\/wp-json\/wp\/v2\/media?parent=20518"}],"curies":[{"name":"wp","href":"https:\/\/api.w.org\/{rel}","templated":true}]}}