{"id":20527,"date":"2024-05-26T15:00:00","date_gmt":"2024-05-26T12:00:00","guid":{"rendered":"https:\/\/www.suviseurat.fi/2024\/llegada-e-indicaciones\/"},"modified":"2024-06-23T15:10:21","modified_gmt":"2024-06-23T12:10:21","slug":"llegada-e-indicaciones","status":"publish","type":"page","link":"https:\/\/www.suviseurat.fi/2024\/es\/transporte\/llegada-e-indicaciones\/","title":{"rendered":"Llegada e indicaciones"},"content":{"rendered":"\n<div class=\"icon-links-wrap multilingualfloat\">\n        <div class=\"icon-links-content\" style=\"max-width: 320px\">\n        \t<div class=\"row kuuntelekatsele\">\n                <div class=\"col icon-link suviseuratuotteet\">\n<a title=\"Ver instrucciones de la ruta\" href=\"#reittiohjeet\"><span class=\"icon-wrap\"><img decoding=\"async\" src=\"\/wp-content\/themes\/suviseurateema-2024\/images\/icons\/saapuminen.svg\"\/><\/span><span class=\"icon-text\">Ver instrucciones de la ruta<\/span><\/a><\/div>\n            <\/div>\n        <\/div>\n<\/div>\n\n<h3> <\/h3>\n<h3><strong>La zona de Los Servicios de Verano en el Aeropuerto de Pudasj\u00e4rvi abre el mi\u00e9rcoles 26.6. a las 9 de la ma\u00f1ana<\/strong><\/h3>\n<p><span style=\"font-weight: 400\">Las plazas se cubren por orden de llegada y no se pueden reservar con antelaci\u00f3n. Si quieres estar cerca de un amigo, debes llegar uno detr\u00e1s de otro. Rellenar la siguiente zona es eficaz cuando se siguen las instrucciones de la ruta, las se\u00f1ales y las instrucciones de los controladores de tr\u00e1fico. Siguiendo las directrices, todos pueden contribuir a la fluidez del tr\u00e1fico. <\/span><\/p>\n<p><span style=\"font-weight: 400\">Las horas de mayor tr\u00e1fico de clubes en verano son las tardes y las primeras noches de mi\u00e9rcoles a viernes. Para evitar atascos, es mejor llegar durante el d\u00eda.<\/span><\/p>\n<p><span style=\"font-weight: 400\">Lunes 24.6. y el martes 25.6. De 8 a 22 horas pueden llegar los responsables y el personal de guardia durante el lunes y martes. Quien llegue el lunes o martes debe estar preparado para presentar el letrero de parabrisas distribuido previamente o el n\u00famero de turno de trabajo.<\/span><\/p>\n<p><span style=\"font-weight: 400\">Los carros se pueden llevar al \u00e1rea de caravanas A1 el martes de 12 a 22 y el mi\u00e9rcoles de 9 a 24. A continuaci\u00f3n, puedes ponerte en contacto con la l\u00ednea de ayuda telef\u00f3nica en 0401320792. Se accede a la zona de caravanas por Jyrkk\u00e4koskentie y Rytilammentietie. Un controlador de tr\u00e1fico de la zona guiar\u00e1 a los veh\u00edculos que lleguen al lugar correcto. El punto de intercambio de llaves se entregar\u00e1 la llave al arrendatario y le dirigir\u00e1 a la parcela correcta. <\/span><\/p>\n<p><a id=\"reittiohjeet\"><\/a> <\/p>\n<p> <\/p>\n<h3><strong>INSTRUCCIONES:<\/strong><\/h3>\n<p>Quienes lleguen <strong>desde el sur y el este de<\/strong> Finlandia deben tomar la autopista 5 hasta Kajaani y continuar por la autopista 78 pasando por Puolanka hasta la autopista 20 y Pudasj\u00e4rvi.En el cruce con Ranuantie (autopista 78), gira hacia Ranuaa. Desde el cruce hay menos de 4 km hasta el aeropuerto de Pudasj\u00e4rvi.<\/p>\n<p><a href=\"https:\/\/www.suviseurat.fi/2024\/wp-content\/uploads\/2024\/05\/Kuva3_etelasta-tulevien-reitti.png\"><img loading=\"lazy\" decoding=\"async\" class=\"wp-image-19900 alignnone\" src=\"https:\/\/www.suviseurat.fi/2024\/wp-content\/uploads\/2024\/05\/Kuva3_etelasta-tulevien-reitti.png\" alt=\"\" width=\"513\" height=\"670\"><\/a><\/p>\n<p> <\/p>\n<p>Los que vienen desde el <strong> oeste a trav\u00e9s de Oulu<\/strong> conducen por las carreteras nacionales 8 y 4 pasando por Oulu hasta llegar a Ii Olhava Desde Olhava, la ruta contin\u00faa por la carretera regional 855 hasta Ranuanti (carretera 78) y desde all\u00ed hasta el aeropuerto de Pudasj\u00e4rvi. La ruta est\u00e1 se\u00f1alizada. Esta ruta pretende evitar la congesti\u00f3n en el tramo Rusko-Kiiminki de la autopista 20.<\/p>\n<p><a href=\"https:\/\/www.suviseurat.fi/2024\/wp-content\/uploads\/2024\/05\/Kuva1_Olhavan-reitti.png\"><img loading=\"lazy\" decoding=\"async\" class=\"wp-image-19891 alignnone\" src=\"https:\/\/www.suviseurat.fi/2024\/wp-content\/uploads\/2024\/05\/Kuva1_Olhavan-reitti.png\" alt=\"\" width=\"725\" height=\"425\" srcset=\"https:\/\/www.suviseurat.fi/2024\/wp-content\/uploads\/2024\/05\/Kuva1_Olhavan-reitti.png 869w, https:\/\/www.suviseurat.fi/2024\/wp-content\/uploads\/2024\/05\/Kuva1_Olhavan-reitti-768x451.png 768w\" sizes=\"(max-width: 725px) 100vw, 725px\" \/><\/a><\/p>\n<p> <\/p>\n<p><strong>Del Centro de Finlandia y, por ejemplo De las regiones de Nivala y Haapaj\u00e4rvi<\/strong> Las llegadas pasan por Piippola\/Leskel\u00e4- Kestil\u00e4-Vaala-Puolanka-Pudasj\u00e4rvi. La ruta elegida es la carretera comarcal 800, que se utilizar\u00e1 hasta Puolanga. Desde Puolanga, la ruta contin\u00faa por la carretera principal 78 hacia la autopista 20 y Pudasj\u00e4rvi. En el cruce de Ranuantie (carretera cantonal 78), gira hacia Ranuaa. Desde el cruce hay menos de 4 km hasta el aeropuerto de Pudasj\u00e4rvi<\/p>\n<p><a href=\"https:\/\/www.suviseurat.fi/2024\/wp-content\/uploads\/2024\/05\/Kuva2_Leskelan-reitti.png\"><img loading=\"lazy\" decoding=\"async\" class=\"alignnone wp-image-19882 \" src=\"https:\/\/www.suviseurat.fi/2024\/wp-content\/uploads\/2024\/05\/Kuva2_Leskelan-reitti.png\" alt=\"\" width=\"726\" height=\"428\" srcset=\"https:\/\/www.suviseurat.fi/2024\/wp-content\/uploads\/2024\/05\/Kuva2_Leskelan-reitti.png 869w, https:\/\/www.suviseurat.fi/2024\/wp-content\/uploads\/2024\/05\/Kuva2_Leskelan-reitti-768x452.png 768w\" sizes=\"(max-width: 726px) 100vw, 726px\" \/><\/a><\/p>\n<p> <\/p>\n<p><strong>Desde la direcci\u00f3n de Laponia Occidental y Suecia<\/strong>, toma la autopista 4 hasta Olhava, donde girar\u00e1s por la carretera regional 855. Desde Olhava, la ruta contin\u00faa por la carretera regional 855 hasta Ranuanti (carretera 78) y desde all\u00ed hasta el aeropuerto de Pudasj\u00e4rvi. La ruta est\u00e1 se\u00f1alizada.<\/p>\n<p><a href=\"https:\/\/www.suviseurat.fi/2024\/wp-content\/uploads\/2024\/05\/lansilappi-pudasjarvi.jpg\"><img loading=\"lazy\" decoding=\"async\" class=\"alignnone wp-image-20049\" src=\"https:\/\/www.suviseurat.fi/2024\/wp-content\/uploads\/2024\/05\/lansilappi-pudasjarvi.jpg\" alt=\"\" width=\"735\" height=\"403\" srcset=\"https:\/\/www.suviseurat.fi/2024\/wp-content\/uploads\/2024\/05\/lansilappi-pudasjarvi.jpg 947w, https:\/\/www.suviseurat.fi/2024\/wp-content\/uploads\/2024\/05\/lansilappi-pudasjarvi-768x422.jpg 768w\" sizes=\"(max-width: 735px) 100vw, 735px\" \/><\/a><\/p>\n<p> <\/p>\n<p>Si vienes <strong>del norte<\/strong>, toma la carretera 78 v\u00eda Rovaniemi y Ranua hasta Pudasj\u00e4rvi.<\/p>\n<p><a href=\"https:\/\/www.suviseurat.fi/2024\/wp-content\/uploads\/2024\/05\/rovaniemi-pudasjarvi.jpg\"><img loading=\"lazy\" decoding=\"async\" class=\"alignnone wp-image-20058\" src=\"https:\/\/www.suviseurat.fi/2024\/wp-content\/uploads\/2024\/05\/rovaniemi-pudasjarvi.jpg\" alt=\"\" width=\"733\" height=\"651\" srcset=\"https:\/\/www.suviseurat.fi/2024\/wp-content\/uploads\/2024\/05\/rovaniemi-pudasjarvi.jpg 788w, https:\/\/www.suviseurat.fi/2024\/wp-content\/uploads\/2024\/05\/rovaniemi-pudasjarvi-768x681.jpg 768w\" sizes=\"(max-width: 733px) 100vw, 733px\" \/><\/a><\/p>\n","protected":false},"excerpt":{"rendered":"<p>Ver instrucciones de la ruta La zona de Los Servicios de Verano en el Aeropuerto<a class=\"moretag\" href=\"https:\/\/www.suviseurat.fi/2024\/es\/transporte\/llegada-e-indicaciones\/\">Jatka lukemista ><\/a><\/p>\n","protected":false},"author":19,"featured_media":0,"parent":20684,"menu_order":1,"comment_status":"closed","ping_status":"closed","template":"","meta":{"_acf_changed":false,"footnotes":""},"class_list":["post-20527","page","type-page","status-publish","hentry"],"acf":[],"yoast_head":"<!-- This site is optimized with the Yoast SEO plugin v23.3 - https:\/\/yoast.com\/wordpress\/plugins\/seo\/ -->\n<title>Llegada e indicaciones - SRK:n Suviseurat Pudasj\u00e4rvell\u00e4 2024<\/title>\n<meta name=\"description\" content=\"Ver instrucciones de la ruta La zona de Los Servicios de Verano en el Aeropuerto de Pudasj\u00e4rvi abre el mi\u00e9rcoles 26.6. a las 9 de la ma\u00f1ana Las plazas se\" \/>\n<meta name=\"robots\" content=\"index, follow, max-snippet:-1, max-image-preview:large, max-video-preview:-1\" \/>\n<link rel=\"canonical\" href=\"https:\/\/www.suviseurat.fi/2024\/es\/transporte\/llegada-e-indicaciones\/\" \/>\n<meta property=\"og:locale\" content=\"es_ES\" \/>\n<meta property=\"og:type\" content=\"article\" \/>\n<meta property=\"og:title\" content=\"Llegada e indicaciones - SRK:n Suviseurat Pudasj\u00e4rvell\u00e4 2024\" \/>\n<meta property=\"og:description\" content=\"Ver instrucciones de la ruta La zona de Los Servicios de Verano en el Aeropuerto de Pudasj\u00e4rvi abre el mi\u00e9rcoles 26.6. a las 9 de la ma\u00f1ana Las plazas se\" \/>\n<meta property=\"og:url\" content=\"https:\/\/www.suviseurat.fi/2024\/es\/transporte\/llegada-e-indicaciones\/\" \/>\n<meta property=\"og:site_name\" content=\"SRK:n Suviseurat Pudasj\u00e4rvell\u00e4 2024\" \/>\n<meta property=\"article:publisher\" content=\"https:\/\/www.facebook.com\/SRKryNyt\/\" \/>\n<meta property=\"article:modified_time\" content=\"2024-06-23T12:10:21+00:00\" \/>\n<meta property=\"og:image\" content=\"https:\/\/www.suviseurat.fi/2024\/wp-content\/uploads\/2024\/05\/Kuva3_etelasta-tulevien-reitti.png\" \/>\n<meta name=\"twitter:card\" content=\"summary_large_image\" \/>\n<meta name=\"twitter:site\" content=\"@Suviseurat\" \/>\n<meta name=\"twitter:label1\" content=\"Tiempo de lectura\" \/>\n\t<meta name=\"twitter:data1\" content=\"3 minutes\" \/>\n<script type=\"application\/ld+json\" class=\"yoast-schema-graph\">{\"@context\":\"https:\/\/schema.org\",\"@graph\":[{\"@type\":\"WebPage\",\"@id\":\"https:\/\/www.suviseurat.fi/2024\/es\/transporte\/llegada-e-indicaciones\/\",\"url\":\"https:\/\/www.suviseurat.fi/2024\/es\/transporte\/llegada-e-indicaciones\/\",\"name\":\"Llegada e indicaciones - SRK:n Suviseurat Pudasj\u00e4rvell\u00e4 2024\",\"isPartOf\":{\"@id\":\"https:\/\/www.suviseurat.fi/2024\/#website\"},\"primaryImageOfPage\":{\"@id\":\"https:\/\/www.suviseurat.fi/2024\/es\/transporte\/llegada-e-indicaciones\/#primaryimage\"},\"image\":{\"@id\":\"https:\/\/www.suviseurat.fi/2024\/es\/transporte\/llegada-e-indicaciones\/#primaryimage\"},\"thumbnailUrl\":\"https:\/\/www.suviseurat.fi/2024\/wp-content\/uploads\/2024\/05\/Kuva3_etelasta-tulevien-reitti.png\",\"datePublished\":\"2024-05-26T12:00:00+00:00\",\"dateModified\":\"2024-06-23T12:10:21+00:00\",\"description\":\"Ver instrucciones de la ruta La zona de Los Servicios de Verano en el Aeropuerto de Pudasj\u00e4rvi abre el mi\u00e9rcoles 26.6. a las 9 de la ma\u00f1ana Las plazas se\",\"breadcrumb\":{\"@id\":\"https:\/\/www.suviseurat.fi/2024\/es\/transporte\/llegada-e-indicaciones\/#breadcrumb\"},\"inLanguage\":\"es-ES\",\"potentialAction\":[{\"@type\":\"ReadAction\",\"target\":[\"https:\/\/www.suviseurat.fi/2024\/es\/transporte\/llegada-e-indicaciones\/\"]}]},{\"@type\":\"ImageObject\",\"inLanguage\":\"es-ES\",\"@id\":\"https:\/\/www.suviseurat.fi/2024\/es\/transporte\/llegada-e-indicaciones\/#primaryimage\",\"url\":\"https:\/\/www.suviseurat.fi/2024\/wp-content\/uploads\/2024\/05\/Kuva3_etelasta-tulevien-reitti.png\",\"contentUrl\":\"https:\/\/www.suviseurat.fi/2024\/wp-content\/uploads\/2024\/05\/Kuva3_etelasta-tulevien-reitti.png\"},{\"@type\":\"BreadcrumbList\",\"@id\":\"https:\/\/www.suviseurat.fi/2024\/es\/transporte\/llegada-e-indicaciones\/#breadcrumb\",\"itemListElement\":[{\"@type\":\"ListItem\",\"position\":1,\"name\":\"Etusivu\",\"item\":\"https:\/\/www.suviseurat.fi/2024\/es\/20558-2\/\"},{\"@type\":\"ListItem\",\"position\":2,\"name\":\"Transporte\",\"item\":\"https:\/\/www.suviseurat.fi/2024\/es\/transporte\/\"},{\"@type\":\"ListItem\",\"position\":3,\"name\":\"Llegada e indicaciones\"}]},{\"@type\":\"WebSite\",\"@id\":\"https:\/\/www.suviseurat.fi/2024\/#website\",\"url\":\"https:\/\/www.suviseurat.fi/2024\/\",\"name\":\"SRK:n Suviseurat Pudasj\u00e4rvell\u00e4 2024\",\"description\":\"Olenko min\u00e4 sinulle rakas?\",\"publisher\":{\"@id\":\"https:\/\/www.suviseurat.fi/2024\/#organization\"},\"potentialAction\":[{\"@type\":\"SearchAction\",\"target\":{\"@type\":\"EntryPoint\",\"urlTemplate\":\"https:\/\/www.suviseurat.fi/2024\/?s={search_term_string}\"},\"query-input\":\"required name=search_term_string\"}],\"inLanguage\":\"es-ES\"},{\"@type\":\"Organization\",\"@id\":\"https:\/\/www.suviseurat.fi/2024\/#organization\",\"name\":\"Suviseurat\",\"url\":\"https:\/\/www.suviseurat.fi/2024\/\",\"logo\":{\"@type\":\"ImageObject\",\"inLanguage\":\"es-ES\",\"@id\":\"https:\/\/www.suviseurat.fi/2024\/#\/schema\/logo\/image\/\",\"url\":\"https:\/\/www.suviseurat.fi/2024\/wp-content\/uploads\/2023\/10\/tunnus-nelio.jpg\",\"contentUrl\":\"https:\/\/www.suviseurat.fi/2024\/wp-content\/uploads\/2023\/10\/tunnus-nelio.jpg\",\"width\":1000,\"height\":1000,\"caption\":\"Suviseurat\"},\"image\":{\"@id\":\"https:\/\/www.suviseurat.fi/2024\/#\/schema\/logo\/image\/\"},\"sameAs\":[\"https:\/\/www.facebook.com\/SRKryNyt\/\",\"https:\/\/x.com\/Suviseurat\",\"https:\/\/www.facebook.com\/srksuviseurat\/\",\"https:\/\/www.youtube.com\/@SRKnyt\",\"https:\/\/www.instagram.com\/srk_nyt\/\",\"https:\/\/www.flickr.com\/photos\/suviseurat\"]}]}<\/script>\n<!-- \/ Yoast SEO plugin. -->","yoast_head_json":{"title":"Llegada e indicaciones - SRK:n Suviseurat Pudasj\u00e4rvell\u00e4 2024","description":"Ver instrucciones de la ruta La zona de Los Servicios de Verano en el Aeropuerto de Pudasj\u00e4rvi abre el mi\u00e9rcoles 26.6. a las 9 de la ma\u00f1ana Las plazas se","robots":{"index":"index","follow":"follow","max-snippet":"max-snippet:-1","max-image-preview":"max-image-preview:large","max-video-preview":"max-video-preview:-1"},"canonical":"https:\/\/www.suviseurat.fi/2024\/es\/transporte\/llegada-e-indicaciones\/","og_locale":"es_ES","og_type":"article","og_title":"Llegada e indicaciones - SRK:n Suviseurat Pudasj\u00e4rvell\u00e4 2024","og_description":"Ver instrucciones de la ruta La zona de Los Servicios de Verano en el Aeropuerto de Pudasj\u00e4rvi abre el mi\u00e9rcoles 26.6. a las 9 de la ma\u00f1ana Las plazas se","og_url":"https:\/\/www.suviseurat.fi/2024\/es\/transporte\/llegada-e-indicaciones\/","og_site_name":"SRK:n Suviseurat Pudasj\u00e4rvell\u00e4 2024","article_publisher":"https:\/\/www.facebook.com\/SRKryNyt\/","article_modified_time":"2024-06-23T12:10:21+00:00","og_image":[{"url":"https:\/\/www.suviseurat.fi/2024\/wp-content\/uploads\/2024\/05\/Kuva3_etelasta-tulevien-reitti.png"}],"twitter_card":"summary_large_image","twitter_site":"@Suviseurat","twitter_misc":{"Tiempo de lectura":"3 minutes"},"schema":{"@context":"https:\/\/schema.org","@graph":[{"@type":"WebPage","@id":"https:\/\/www.suviseurat.fi/2024\/es\/transporte\/llegada-e-indicaciones\/","url":"https:\/\/www.suviseurat.fi/2024\/es\/transporte\/llegada-e-indicaciones\/","name":"Llegada e indicaciones - SRK:n Suviseurat Pudasj\u00e4rvell\u00e4 2024","isPartOf":{"@id":"https:\/\/www.suviseurat.fi/2024\/#website"},"primaryImageOfPage":{"@id":"https:\/\/www.suviseurat.fi/2024\/es\/transporte\/llegada-e-indicaciones\/#primaryimage"},"image":{"@id":"https:\/\/www.suviseurat.fi/2024\/es\/transporte\/llegada-e-indicaciones\/#primaryimage"},"thumbnailUrl":"https:\/\/www.suviseurat.fi/2024\/wp-content\/uploads\/2024\/05\/Kuva3_etelasta-tulevien-reitti.png","datePublished":"2024-05-26T12:00:00+00:00","dateModified":"2024-06-23T12:10:21+00:00","description":"Ver instrucciones de la ruta La zona de Los Servicios de Verano en el Aeropuerto de Pudasj\u00e4rvi abre el mi\u00e9rcoles 26.6. a las 9 de la ma\u00f1ana Las plazas se","breadcrumb":{"@id":"https:\/\/www.suviseurat.fi/2024\/es\/transporte\/llegada-e-indicaciones\/#breadcrumb"},"inLanguage":"es-ES","potentialAction":[{"@type":"ReadAction","target":["https:\/\/www.suviseurat.fi/2024\/es\/transporte\/llegada-e-indicaciones\/"]}]},{"@type":"ImageObject","inLanguage":"es-ES","@id":"https:\/\/www.suviseurat.fi/2024\/es\/transporte\/llegada-e-indicaciones\/#primaryimage","url":"https:\/\/www.suviseurat.fi/2024\/wp-content\/uploads\/2024\/05\/Kuva3_etelasta-tulevien-reitti.png","contentUrl":"https:\/\/www.suviseurat.fi/2024\/wp-content\/uploads\/2024\/05\/Kuva3_etelasta-tulevien-reitti.png"},{"@type":"BreadcrumbList","@id":"https:\/\/www.suviseurat.fi/2024\/es\/transporte\/llegada-e-indicaciones\/#breadcrumb","itemListElement":[{"@type":"ListItem","position":1,"name":"Etusivu","item":"https:\/\/www.suviseurat.fi/2024\/es\/20558-2\/"},{"@type":"ListItem","position":2,"name":"Transporte","item":"https:\/\/www.suviseurat.fi/2024\/es\/transporte\/"},{"@type":"ListItem","position":3,"name":"Llegada e indicaciones"}]},{"@type":"WebSite","@id":"https:\/\/www.suviseurat.fi/2024\/#website","url":"https:\/\/www.suviseurat.fi/2024\/","name":"SRK:n Suviseurat Pudasj\u00e4rvell\u00e4 2024","description":"Olenko min\u00e4 sinulle rakas?","publisher":{"@id":"https:\/\/www.suviseurat.fi/2024\/#organization"},"potentialAction":[{"@type":"SearchAction","target":{"@type":"EntryPoint","urlTemplate":"https:\/\/www.suviseurat.fi/2024\/?s={search_term_string}"},"query-input":"required name=search_term_string"}],"inLanguage":"es-ES"},{"@type":"Organization","@id":"https:\/\/www.suviseurat.fi/2024\/#organization","name":"Suviseurat","url":"https:\/\/www.suviseurat.fi/2024\/","logo":{"@type":"ImageObject","inLanguage":"es-ES","@id":"https:\/\/www.suviseurat.fi/2024\/#\/schema\/logo\/image\/","url":"https:\/\/www.suviseurat.fi/2024\/wp-content\/uploads\/2023\/10\/tunnus-nelio.jpg","contentUrl":"https:\/\/www.suviseurat.fi/2024\/wp-content\/uploads\/2023\/10\/tunnus-nelio.jpg","width":1000,"height":1000,"caption":"Suviseurat"},"image":{"@id":"https:\/\/www.suviseurat.fi/2024\/#\/schema\/logo\/image\/"},"sameAs":["https:\/\/www.facebook.com\/SRKryNyt\/","https:\/\/x.com\/Suviseurat","https:\/\/www.facebook.com\/srksuviseurat\/","https:\/\/www.youtube.com\/@SRKnyt","https:\/\/www.instagram.com\/srk_nyt\/","https:\/\/www.flickr.com\/photos\/suviseurat"]}]}},"_links":{"self":[{"href":"https:\/\/www.suviseurat.fi/2024\/es\/wp-json\/wp\/v2\/pages\/20527"}],"collection":[{"href":"https:\/\/www.suviseurat.fi/2024\/es\/wp-json\/wp\/v2\/pages"}],"about":[{"href":"https:\/\/www.suviseurat.fi/2024\/es\/wp-json\/wp\/v2\/types\/page"}],"author":[{"embeddable":true,"href":"https:\/\/www.suviseurat.fi/2024\/es\/wp-json\/wp\/v2\/users\/19"}],"replies":[{"embeddable":true,"href":"https:\/\/www.suviseurat.fi/2024\/es\/wp-json\/wp\/v2\/comments?post=20527"}],"version-history":[{"count":1,"href":"https:\/\/www.suviseurat.fi/2024\/es\/wp-json\/wp\/v2\/pages\/20527\/revisions"}],"predecessor-version":[{"id":20528,"href":"https:\/\/www.suviseurat.fi/2024\/es\/wp-json\/wp\/v2\/pages\/20527\/revisions\/20528"}],"up":[{"embeddable":true,"href":"https:\/\/www.suviseurat.fi/2024\/es\/wp-json\/wp\/v2\/pages\/20684"}],"wp:attachment":[{"href":"https:\/\/www.suviseurat.fi/2024\/es\/wp-json\/wp\/v2\/media?parent=20527"}],"curies":[{"name":"wp","href":"https:\/\/api.w.org\/{rel}","templated":true}]}}