{"id":20530,"date":"2022-06-23T20:20:00","date_gmt":"2022-06-23T17:20:00","guid":{"rendered":"https:\/\/www.suviseurat.fi/2024\/mapa-de-la-zona-de-servicios-de-verano\/"},"modified":"2024-06-23T15:10:21","modified_gmt":"2024-06-23T12:10:21","slug":"mapa-de-la-zona-de-servicios-de-verano","status":"publish","type":"page","link":"https:\/\/www.suviseurat.fi/2024\/es\/transporte\/mapa-de-la-zona-de-servicios-de-verano\/","title":{"rendered":"Mapa de la zona de Servicios de Verano"},"content":{"rendered":"\n<div class=\"wp-block-buttons has-custom-font-size is-horizontal is-content-justification-left is-layout-flex wp-container-core-buttons-is-layout-1 wp-block-buttons-is-layout-flex\" style=\"font-size:15px\">\n<div class=\"wp-block-button is-style-outline is-style-outline--352ad03113ce9e904fb2af5242513715\" style=\"text-decoration:none\"><a class=\"wp-block-button__link has-text-color has-link-color wp-element-button\" href=\"#kokoalue\" style=\"color:#2e2e2e\">Toda la regi\u00f3n<\/a><\/div>\n\n\n\n<div class=\"wp-block-button is-style-outline is-style-outline--f65f4abf7912f7c8441a0b20685a432d\" style=\"text-decoration:none\"><a class=\"wp-block-button__link has-text-color has-link-color wp-element-button\" href=\"#keskusalue\" style=\"color:#2e2e2e\">Zona centro<\/a><\/div>\n\n\n\n<div class=\"wp-block-button is-style-outline is-style-outline--85c6b20e4540020c475f79575645f68a\" style=\"text-decoration:none\"><a class=\"wp-block-button__link has-text-color has-link-color wp-element-button\" href=\"#ladattavat\" style=\"color:#2e2e2e\">Mapas descargables<\/a><\/div>\n<\/div>\n\n<h3><a id=\"kokoalue\"><\/a> <\/h3>\n<p>  <\/p>\n<h3><strong>Mapa de toda la zona<\/strong><\/h3>\n<p><a href=\"https:\/\/www.suviseurat.fi/2024\/wp-content\/uploads\/2024\/06\/Opaskartta_A4.png\"><img loading=\"lazy\" decoding=\"async\" class=\"alignnone wp-image-20430 size-full\" src=\"https:\/\/www.suviseurat.fi/2024\/wp-content\/uploads\/2024\/06\/Opaskartta_A4.png\" alt=\"\" width=\"2339\" height=\"1654\" srcset=\"https:\/\/www.suviseurat.fi/2024\/wp-content\/uploads\/2024\/06\/Opaskartta_A4.png 2339w, https:\/\/www.suviseurat.fi/2024\/wp-content\/uploads\/2024\/06\/Opaskartta_A4-1024x724.png 1024w, https:\/\/www.suviseurat.fi/2024\/wp-content\/uploads\/2024\/06\/Opaskartta_A4-1527x1080.png 1527w, https:\/\/www.suviseurat.fi/2024\/wp-content\/uploads\/2024\/06\/Opaskartta_A4-768x543.png 768w, https:\/\/www.suviseurat.fi/2024\/wp-content\/uploads\/2024\/06\/Opaskartta_A4-1536x1086.png 1536w, https:\/\/www.suviseurat.fi/2024\/wp-content\/uploads\/2024\/06\/Opaskartta_A4-2048x1448.png 2048w\" sizes=\"(max-width: 2339px) 100vw, 2339px\" \/><\/a><\/p>\n<h3><a id=\"keskusalue\"><\/a>  <\/h3>\n<p>  <\/p>\n<h3><strong>Mapa de la zona central<\/strong><\/h3>\n<p><a href=\"https:\/\/www.suviseurat.fi/2024\/wp-content\/uploads\/2024\/05\/Opaskartta_keskusalue.jpg\"><img loading=\"lazy\" decoding=\"async\" class=\"alignnone wp-image-19996 \" src=\"https:\/\/www.suviseurat.fi/2024\/wp-content\/uploads\/2024\/05\/Opaskartta_keskusalue.jpg\" alt=\"\" width=\"613\" height=\"867\"><\/a><\/p>\n<p><a id=\"ladattavat\"><\/a> <\/p>\n<p>  <\/p>\n<h3><strong>Mapas descargables<\/strong><\/h3>\n<p><a href=\"https:\/\/www.suviseurat.fi/2024\/wp-content\/uploads\/2024\/06\/Opaskartta_netti.pdf\" target=\"_blank\" rel=\"noopener\">Mapa combinado (PDF)<\/a><\/p>\n<p><a href=\"https:\/\/www.suviseurat.fi/2024\/wp-content\/uploads\/2024\/06\/Opaskartta_A4.pdf\" target=\"_blank\" rel=\"noopener\">Mapa imprimible de toda la zona (PDF)<\/a><\/p>\n<p><a href=\"https:\/\/www.suviseurat.fi/2024\/wp-content\/uploads\/2024\/05\/Opaskartta_keskusalue_A4.pdf\" target=\"_blank\" rel=\"noopener\">Mapa imprimible de la zona centro (PDF)<\/a><\/p>\n<p><a href=\"https:\/\/www.suviseurat.fi/2024\/wp-content\/uploads\/2024\/06\/Opaskartta_A4.png\" target=\"_blank\" rel=\"noopener\">Mapa de toda la zona (imagen PNG)<\/a><\/p>\n<p><a href=\"https:\/\/www.suviseurat.fi/2024\/wp-content\/uploads\/2024\/06\/Opaskartta_keskusalue_png.png\" target=\"_blank\" rel=\"noopener\">Mapa de la zona central (imagen PNG)<\/a><\/p>\n","protected":false},"excerpt":{"rendered":"<p>Mapa de toda la zona Mapa de la zona central Mapas descargables Mapa combinado (PDF)<a class=\"moretag\" href=\"https:\/\/www.suviseurat.fi/2024\/es\/transporte\/mapa-de-la-zona-de-servicios-de-verano\/\">Jatka lukemista ><\/a><\/p>\n","protected":false},"author":19,"featured_media":0,"parent":20684,"menu_order":2,"comment_status":"closed","ping_status":"closed","template":"","meta":{"_acf_changed":false,"footnotes":""},"class_list":["post-20530","page","type-page","status-publish","hentry"],"acf":[],"yoast_head":"<!-- This site is optimized with the Yoast SEO plugin v23.3 - https:\/\/yoast.com\/wordpress\/plugins\/seo\/ -->\n<title>Mapa de la zona de Servicios de Verano - SRK:n Suviseurat Pudasj\u00e4rvell\u00e4 2024<\/title>\n<meta name=\"description\" content=\"Aqu\u00ed puedes encontrar un mapa de los Servicios de Verano.\" \/>\n<meta name=\"robots\" content=\"index, follow, max-snippet:-1, max-image-preview:large, max-video-preview:-1\" \/>\n<link rel=\"canonical\" href=\"https:\/\/www.suviseurat.fi/2024\/es\/transporte\/mapa-de-la-zona-de-servicios-de-verano\/\" \/>\n<meta property=\"og:locale\" content=\"es_ES\" \/>\n<meta property=\"og:type\" content=\"article\" \/>\n<meta property=\"og:title\" content=\"Mapa de la zona de Servicios de Verano - SRK:n Suviseurat Pudasj\u00e4rvell\u00e4 2024\" \/>\n<meta property=\"og:description\" content=\"Aqu\u00ed puedes encontrar un mapa de los Servicios de Verano.\" \/>\n<meta property=\"og:url\" content=\"https:\/\/www.suviseurat.fi/2024\/es\/transporte\/mapa-de-la-zona-de-servicios-de-verano\/\" \/>\n<meta property=\"og:site_name\" content=\"SRK:n Suviseurat Pudasj\u00e4rvell\u00e4 2024\" \/>\n<meta property=\"article:publisher\" content=\"https:\/\/www.facebook.com\/SRKryNyt\/\" \/>\n<meta property=\"article:modified_time\" content=\"2024-06-23T12:10:21+00:00\" \/>\n<meta property=\"og:image\" content=\"https:\/\/www.suviseurat.fi/2024\/wp-content\/uploads\/2024\/06\/Opaskartta_A4.png\" \/>\n<meta name=\"twitter:card\" content=\"summary_large_image\" \/>\n<meta name=\"twitter:site\" content=\"@Suviseurat\" \/>\n<script type=\"application\/ld+json\" class=\"yoast-schema-graph\">{\"@context\":\"https:\/\/schema.org\",\"@graph\":[{\"@type\":\"WebPage\",\"@id\":\"https:\/\/www.suviseurat.fi/2024\/es\/transporte\/mapa-de-la-zona-de-servicios-de-verano\/\",\"url\":\"https:\/\/www.suviseurat.fi/2024\/es\/transporte\/mapa-de-la-zona-de-servicios-de-verano\/\",\"name\":\"Mapa de la zona de Servicios de Verano - SRK:n Suviseurat Pudasj\u00e4rvell\u00e4 2024\",\"isPartOf\":{\"@id\":\"https:\/\/www.suviseurat.fi/2024\/#website\"},\"primaryImageOfPage\":{\"@id\":\"https:\/\/www.suviseurat.fi/2024\/es\/transporte\/mapa-de-la-zona-de-servicios-de-verano\/#primaryimage\"},\"image\":{\"@id\":\"https:\/\/www.suviseurat.fi/2024\/es\/transporte\/mapa-de-la-zona-de-servicios-de-verano\/#primaryimage\"},\"thumbnailUrl\":\"https:\/\/www.suviseurat.fi/2024\/wp-content\/uploads\/2024\/06\/Opaskartta_A4.png\",\"datePublished\":\"2022-06-23T17:20:00+00:00\",\"dateModified\":\"2024-06-23T12:10:21+00:00\",\"description\":\"Aqu\u00ed puedes encontrar un mapa de los Servicios de Verano.\",\"breadcrumb\":{\"@id\":\"https:\/\/www.suviseurat.fi/2024\/es\/transporte\/mapa-de-la-zona-de-servicios-de-verano\/#breadcrumb\"},\"inLanguage\":\"es-ES\",\"potentialAction\":[{\"@type\":\"ReadAction\",\"target\":[\"https:\/\/www.suviseurat.fi/2024\/es\/transporte\/mapa-de-la-zona-de-servicios-de-verano\/\"]}]},{\"@type\":\"ImageObject\",\"inLanguage\":\"es-ES\",\"@id\":\"https:\/\/www.suviseurat.fi/2024\/es\/transporte\/mapa-de-la-zona-de-servicios-de-verano\/#primaryimage\",\"url\":\"https:\/\/www.suviseurat.fi/2024\/wp-content\/uploads\/2024\/06\/Opaskartta_A4.png\",\"contentUrl\":\"https:\/\/www.suviseurat.fi/2024\/wp-content\/uploads\/2024\/06\/Opaskartta_A4.png\"},{\"@type\":\"BreadcrumbList\",\"@id\":\"https:\/\/www.suviseurat.fi/2024\/es\/transporte\/mapa-de-la-zona-de-servicios-de-verano\/#breadcrumb\",\"itemListElement\":[{\"@type\":\"ListItem\",\"position\":1,\"name\":\"Etusivu\",\"item\":\"https:\/\/www.suviseurat.fi/2024\/es\/20558-2\/\"},{\"@type\":\"ListItem\",\"position\":2,\"name\":\"Transporte\",\"item\":\"https:\/\/www.suviseurat.fi/2024\/es\/transporte\/\"},{\"@type\":\"ListItem\",\"position\":3,\"name\":\"Mapa de la zona de Servicios de Verano\"}]},{\"@type\":\"WebSite\",\"@id\":\"https:\/\/www.suviseurat.fi/2024\/#website\",\"url\":\"https:\/\/www.suviseurat.fi/2024\/\",\"name\":\"SRK:n Suviseurat Pudasj\u00e4rvell\u00e4 2024\",\"description\":\"Olenko min\u00e4 sinulle rakas?\",\"publisher\":{\"@id\":\"https:\/\/www.suviseurat.fi/2024\/#organization\"},\"potentialAction\":[{\"@type\":\"SearchAction\",\"target\":{\"@type\":\"EntryPoint\",\"urlTemplate\":\"https:\/\/www.suviseurat.fi/2024\/?s={search_term_string}\"},\"query-input\":\"required name=search_term_string\"}],\"inLanguage\":\"es-ES\"},{\"@type\":\"Organization\",\"@id\":\"https:\/\/www.suviseurat.fi/2024\/#organization\",\"name\":\"Suviseurat\",\"url\":\"https:\/\/www.suviseurat.fi/2024\/\",\"logo\":{\"@type\":\"ImageObject\",\"inLanguage\":\"es-ES\",\"@id\":\"https:\/\/www.suviseurat.fi/2024\/#\/schema\/logo\/image\/\",\"url\":\"https:\/\/www.suviseurat.fi/2024\/wp-content\/uploads\/2023\/10\/tunnus-nelio.jpg\",\"contentUrl\":\"https:\/\/www.suviseurat.fi/2024\/wp-content\/uploads\/2023\/10\/tunnus-nelio.jpg\",\"width\":1000,\"height\":1000,\"caption\":\"Suviseurat\"},\"image\":{\"@id\":\"https:\/\/www.suviseurat.fi/2024\/#\/schema\/logo\/image\/\"},\"sameAs\":[\"https:\/\/www.facebook.com\/SRKryNyt\/\",\"https:\/\/x.com\/Suviseurat\",\"https:\/\/www.facebook.com\/srksuviseurat\/\",\"https:\/\/www.youtube.com\/@SRKnyt\",\"https:\/\/www.instagram.com\/srk_nyt\/\",\"https:\/\/www.flickr.com\/photos\/suviseurat\"]}]}<\/script>\n<!-- \/ Yoast SEO plugin. -->","yoast_head_json":{"title":"Mapa de la zona de Servicios de Verano - SRK:n Suviseurat Pudasj\u00e4rvell\u00e4 2024","description":"Aqu\u00ed puedes encontrar un mapa de los Servicios de Verano.","robots":{"index":"index","follow":"follow","max-snippet":"max-snippet:-1","max-image-preview":"max-image-preview:large","max-video-preview":"max-video-preview:-1"},"canonical":"https:\/\/www.suviseurat.fi/2024\/es\/transporte\/mapa-de-la-zona-de-servicios-de-verano\/","og_locale":"es_ES","og_type":"article","og_title":"Mapa de la zona de Servicios de Verano - SRK:n Suviseurat Pudasj\u00e4rvell\u00e4 2024","og_description":"Aqu\u00ed puedes encontrar un mapa de los Servicios de Verano.","og_url":"https:\/\/www.suviseurat.fi/2024\/es\/transporte\/mapa-de-la-zona-de-servicios-de-verano\/","og_site_name":"SRK:n Suviseurat Pudasj\u00e4rvell\u00e4 2024","article_publisher":"https:\/\/www.facebook.com\/SRKryNyt\/","article_modified_time":"2024-06-23T12:10:21+00:00","og_image":[{"url":"https:\/\/www.suviseurat.fi/2024\/wp-content\/uploads\/2024\/06\/Opaskartta_A4.png"}],"twitter_card":"summary_large_image","twitter_site":"@Suviseurat","schema":{"@context":"https:\/\/schema.org","@graph":[{"@type":"WebPage","@id":"https:\/\/www.suviseurat.fi/2024\/es\/transporte\/mapa-de-la-zona-de-servicios-de-verano\/","url":"https:\/\/www.suviseurat.fi/2024\/es\/transporte\/mapa-de-la-zona-de-servicios-de-verano\/","name":"Mapa de la zona de Servicios de Verano - SRK:n Suviseurat Pudasj\u00e4rvell\u00e4 2024","isPartOf":{"@id":"https:\/\/www.suviseurat.fi/2024\/#website"},"primaryImageOfPage":{"@id":"https:\/\/www.suviseurat.fi/2024\/es\/transporte\/mapa-de-la-zona-de-servicios-de-verano\/#primaryimage"},"image":{"@id":"https:\/\/www.suviseurat.fi/2024\/es\/transporte\/mapa-de-la-zona-de-servicios-de-verano\/#primaryimage"},"thumbnailUrl":"https:\/\/www.suviseurat.fi/2024\/wp-content\/uploads\/2024\/06\/Opaskartta_A4.png","datePublished":"2022-06-23T17:20:00+00:00","dateModified":"2024-06-23T12:10:21+00:00","description":"Aqu\u00ed puedes encontrar un mapa de los Servicios de Verano.","breadcrumb":{"@id":"https:\/\/www.suviseurat.fi/2024\/es\/transporte\/mapa-de-la-zona-de-servicios-de-verano\/#breadcrumb"},"inLanguage":"es-ES","potentialAction":[{"@type":"ReadAction","target":["https:\/\/www.suviseurat.fi/2024\/es\/transporte\/mapa-de-la-zona-de-servicios-de-verano\/"]}]},{"@type":"ImageObject","inLanguage":"es-ES","@id":"https:\/\/www.suviseurat.fi/2024\/es\/transporte\/mapa-de-la-zona-de-servicios-de-verano\/#primaryimage","url":"https:\/\/www.suviseurat.fi/2024\/wp-content\/uploads\/2024\/06\/Opaskartta_A4.png","contentUrl":"https:\/\/www.suviseurat.fi/2024\/wp-content\/uploads\/2024\/06\/Opaskartta_A4.png"},{"@type":"BreadcrumbList","@id":"https:\/\/www.suviseurat.fi/2024\/es\/transporte\/mapa-de-la-zona-de-servicios-de-verano\/#breadcrumb","itemListElement":[{"@type":"ListItem","position":1,"name":"Etusivu","item":"https:\/\/www.suviseurat.fi/2024\/es\/20558-2\/"},{"@type":"ListItem","position":2,"name":"Transporte","item":"https:\/\/www.suviseurat.fi/2024\/es\/transporte\/"},{"@type":"ListItem","position":3,"name":"Mapa de la zona de Servicios de Verano"}]},{"@type":"WebSite","@id":"https:\/\/www.suviseurat.fi/2024\/#website","url":"https:\/\/www.suviseurat.fi/2024\/","name":"SRK:n Suviseurat Pudasj\u00e4rvell\u00e4 2024","description":"Olenko min\u00e4 sinulle rakas?","publisher":{"@id":"https:\/\/www.suviseurat.fi/2024\/#organization"},"potentialAction":[{"@type":"SearchAction","target":{"@type":"EntryPoint","urlTemplate":"https:\/\/www.suviseurat.fi/2024\/?s={search_term_string}"},"query-input":"required name=search_term_string"}],"inLanguage":"es-ES"},{"@type":"Organization","@id":"https:\/\/www.suviseurat.fi/2024\/#organization","name":"Suviseurat","url":"https:\/\/www.suviseurat.fi/2024\/","logo":{"@type":"ImageObject","inLanguage":"es-ES","@id":"https:\/\/www.suviseurat.fi/2024\/#\/schema\/logo\/image\/","url":"https:\/\/www.suviseurat.fi/2024\/wp-content\/uploads\/2023\/10\/tunnus-nelio.jpg","contentUrl":"https:\/\/www.suviseurat.fi/2024\/wp-content\/uploads\/2023\/10\/tunnus-nelio.jpg","width":1000,"height":1000,"caption":"Suviseurat"},"image":{"@id":"https:\/\/www.suviseurat.fi/2024\/#\/schema\/logo\/image\/"},"sameAs":["https:\/\/www.facebook.com\/SRKryNyt\/","https:\/\/x.com\/Suviseurat","https:\/\/www.facebook.com\/srksuviseurat\/","https:\/\/www.youtube.com\/@SRKnyt","https:\/\/www.instagram.com\/srk_nyt\/","https:\/\/www.flickr.com\/photos\/suviseurat"]}]}},"_links":{"self":[{"href":"https:\/\/www.suviseurat.fi/2024\/es\/wp-json\/wp\/v2\/pages\/20530"}],"collection":[{"href":"https:\/\/www.suviseurat.fi/2024\/es\/wp-json\/wp\/v2\/pages"}],"about":[{"href":"https:\/\/www.suviseurat.fi/2024\/es\/wp-json\/wp\/v2\/types\/page"}],"author":[{"embeddable":true,"href":"https:\/\/www.suviseurat.fi/2024\/es\/wp-json\/wp\/v2\/users\/19"}],"replies":[{"embeddable":true,"href":"https:\/\/www.suviseurat.fi/2024\/es\/wp-json\/wp\/v2\/comments?post=20530"}],"version-history":[{"count":1,"href":"https:\/\/www.suviseurat.fi/2024\/es\/wp-json\/wp\/v2\/pages\/20530\/revisions"}],"predecessor-version":[{"id":20531,"href":"https:\/\/www.suviseurat.fi/2024\/es\/wp-json\/wp\/v2\/pages\/20530\/revisions\/20531"}],"up":[{"embeddable":true,"href":"https:\/\/www.suviseurat.fi/2024\/es\/wp-json\/wp\/v2\/pages\/20684"}],"wp:attachment":[{"href":"https:\/\/www.suviseurat.fi/2024\/es\/wp-json\/wp\/v2\/media?parent=20530"}],"curies":[{"name":"wp","href":"https:\/\/api.w.org\/{rel}","templated":true}]}}