{"id":20532,"date":"2024-05-14T15:28:38","date_gmt":"2024-05-14T12:28:38","guid":{"rendered":"https:\/\/www.suviseurat.fi/2024\/situaciones-de-accidente-y-riesgo\/"},"modified":"2024-06-17T17:47:00","modified_gmt":"2024-06-17T14:47:00","slug":"situaciones-de-accidente-y-riesgo","status":"publish","type":"page","link":"https:\/\/www.suviseurat.fi/2024\/es\/instrucciones\/seguridad\/situaciones-de-accidente-y-riesgo\/","title":{"rendered":"Situaciones de accidente y riesgo"},"content":{"rendered":"<h3>Qu\u00e9 hacer en caso de accidente<\/h3>\n<p><strong><span data-sheets-root=\"1\" data-sheets-value=\"{\"1\":2,\"2\":\"Onnettomuustilanteissa nopea ja oikeanlainen toiminta voi olla ratkaisevaa!\"}\" data-sheets-userformat=\"{\"2\":17153,\"3\":{\"1\":0},\"11\":4,\"12\":0,\"17\":1}\">En caso de accidente, actuar r\u00e1pida y correctamente puede marcar la diferencia.<\/span><\/strong><\/p>\n<p>&#8211; En caso de accidente, invol\u00facrate para ayudar.<br \/>\n&#8211; Evitar da\u00f1os mayores, por ejemplo despejando la zona alrededor del objeto en llamas de cualquier objeto susceptible de inflamarse.<br \/>\n&#8211; En caso de incendio, rescata a quienes est\u00e9n en peligro.<br \/>\n&#8211; Apaga el fuego con el extintor m\u00e1s cercano.<br \/>\n&#8211; Llama al n\u00famero de emergencias 112.<br \/>\n&#8211; Gu\u00eda ayuda al lugar de los hechos.<br \/>\n&#8211; Si el objeto incendiado es un coche el\u00e9ctrico, recuerda mencionarlo cuando informes de la emergencia.<br \/>\n&#8211; La zona de Suviseura es una zona de aguas subterr\u00e1neas.<br \/>\n&#8211; Informa al 112 incluso de un peque\u00f1o vertido de petr\u00f3leo.<br \/>\n&#8211; En primer lugar, evita que el da\u00f1o empeore.<br \/>\n&#8211; Si tienes una emergencia m\u00e9dica, llama al 112 y sigue las instrucciones de primeros auxilios.<br \/>\n&#8211; En casos urgentes, puedes obtener ayuda y asesoramiento en la Oficina de Seguridad, tel. 040 132 0763.<\/p>\n","protected":false},"excerpt":{"rendered":"<p>Qu\u00e9 hacer en caso de accidente En caso de accidente, actuar r\u00e1pida y correctamente puede<a class=\"moretag\" href=\"https:\/\/www.suviseurat.fi/2024\/es\/instrucciones\/seguridad\/situaciones-de-accidente-y-riesgo\/\">Jatka lukemista ><\/a><\/p>\n","protected":false},"author":19,"featured_media":0,"parent":20553,"menu_order":0,"comment_status":"closed","ping_status":"closed","template":"","meta":{"_acf_changed":false,"footnotes":""},"class_list":["post-20532","page","type-page","status-publish","hentry"],"acf":[],"yoast_head":"<!-- This site is optimized with the Yoast SEO plugin v23.3 - https:\/\/yoast.com\/wordpress\/plugins\/seo\/ -->\n<title>Situaciones de accidente y riesgo - SRK:n Suviseurat Pudasj\u00e4rvell\u00e4 2024<\/title>\n<meta name=\"description\" content=\"Qu\u00e9 hacer en caso de accidente En caso de accidente, actuar r\u00e1pida y correctamente puede marcar la diferencia. - En caso de accidente, invol\u00facrate para\" \/>\n<meta name=\"robots\" content=\"index, follow, max-snippet:-1, max-image-preview:large, max-video-preview:-1\" \/>\n<link rel=\"canonical\" href=\"https:\/\/www.suviseurat.fi/2024\/es\/instrucciones\/seguridad\/situaciones-de-accidente-y-riesgo\/\" \/>\n<meta property=\"og:locale\" content=\"es_ES\" \/>\n<meta property=\"og:type\" content=\"article\" \/>\n<meta property=\"og:title\" content=\"Situaciones de accidente y riesgo - SRK:n Suviseurat Pudasj\u00e4rvell\u00e4 2024\" \/>\n<meta property=\"og:description\" content=\"Qu\u00e9 hacer en caso de accidente En caso de accidente, actuar r\u00e1pida y correctamente puede marcar la diferencia. - En caso de accidente, invol\u00facrate para\" \/>\n<meta property=\"og:url\" content=\"https:\/\/www.suviseurat.fi/2024\/es\/instrucciones\/seguridad\/situaciones-de-accidente-y-riesgo\/\" \/>\n<meta property=\"og:site_name\" content=\"SRK:n Suviseurat Pudasj\u00e4rvell\u00e4 2024\" \/>\n<meta property=\"article:publisher\" content=\"https:\/\/www.facebook.com\/SRKryNyt\/\" \/>\n<meta property=\"article:modified_time\" content=\"2024-06-17T14:47:00+00:00\" \/>\n<meta name=\"twitter:card\" content=\"summary_large_image\" \/>\n<meta name=\"twitter:site\" content=\"@Suviseurat\" \/>\n<meta name=\"twitter:label1\" content=\"Tiempo de lectura\" \/>\n\t<meta name=\"twitter:data1\" content=\"1 minute\" \/>\n<script type=\"application\/ld+json\" class=\"yoast-schema-graph\">{\"@context\":\"https:\/\/schema.org\",\"@graph\":[{\"@type\":\"WebPage\",\"@id\":\"https:\/\/www.suviseurat.fi/2024\/es\/instrucciones\/seguridad\/situaciones-de-accidente-y-riesgo\/\",\"url\":\"https:\/\/www.suviseurat.fi/2024\/es\/instrucciones\/seguridad\/situaciones-de-accidente-y-riesgo\/\",\"name\":\"Situaciones de accidente y riesgo - SRK:n Suviseurat Pudasj\u00e4rvell\u00e4 2024\",\"isPartOf\":{\"@id\":\"https:\/\/www.suviseurat.fi/2024\/#website\"},\"datePublished\":\"2024-05-14T12:28:38+00:00\",\"dateModified\":\"2024-06-17T14:47:00+00:00\",\"description\":\"Qu\u00e9 hacer en caso de accidente En caso de accidente, actuar r\u00e1pida y correctamente puede marcar la diferencia. - En caso de accidente, invol\u00facrate para\",\"breadcrumb\":{\"@id\":\"https:\/\/www.suviseurat.fi/2024\/es\/instrucciones\/seguridad\/situaciones-de-accidente-y-riesgo\/#breadcrumb\"},\"inLanguage\":\"es-ES\",\"potentialAction\":[{\"@type\":\"ReadAction\",\"target\":[\"https:\/\/www.suviseurat.fi/2024\/es\/instrucciones\/seguridad\/situaciones-de-accidente-y-riesgo\/\"]}]},{\"@type\":\"BreadcrumbList\",\"@id\":\"https:\/\/www.suviseurat.fi/2024\/es\/instrucciones\/seguridad\/situaciones-de-accidente-y-riesgo\/#breadcrumb\",\"itemListElement\":[{\"@type\":\"ListItem\",\"position\":1,\"name\":\"Etusivu\",\"item\":\"https:\/\/www.suviseurat.fi/2024\/es\/20558-2\/\"},{\"@type\":\"ListItem\",\"position\":2,\"name\":\"Instrucciones\",\"item\":\"https:\/\/www.suviseurat.fi/2024\/es\/instrucciones\/\"},{\"@type\":\"ListItem\",\"position\":3,\"name\":\"Seguridad\",\"item\":\"https:\/\/www.suviseurat.fi/2024\/es\/instrucciones\/seguridad\/\"},{\"@type\":\"ListItem\",\"position\":4,\"name\":\"Situaciones de accidente y riesgo\"}]},{\"@type\":\"WebSite\",\"@id\":\"https:\/\/www.suviseurat.fi/2024\/#website\",\"url\":\"https:\/\/www.suviseurat.fi/2024\/\",\"name\":\"SRK:n Suviseurat Pudasj\u00e4rvell\u00e4 2024\",\"description\":\"Olenko min\u00e4 sinulle rakas?\",\"publisher\":{\"@id\":\"https:\/\/www.suviseurat.fi/2024\/#organization\"},\"potentialAction\":[{\"@type\":\"SearchAction\",\"target\":{\"@type\":\"EntryPoint\",\"urlTemplate\":\"https:\/\/www.suviseurat.fi/2024\/?s={search_term_string}\"},\"query-input\":\"required name=search_term_string\"}],\"inLanguage\":\"es-ES\"},{\"@type\":\"Organization\",\"@id\":\"https:\/\/www.suviseurat.fi/2024\/#organization\",\"name\":\"Suviseurat\",\"url\":\"https:\/\/www.suviseurat.fi/2024\/\",\"logo\":{\"@type\":\"ImageObject\",\"inLanguage\":\"es-ES\",\"@id\":\"https:\/\/www.suviseurat.fi/2024\/#\/schema\/logo\/image\/\",\"url\":\"https:\/\/www.suviseurat.fi/2024\/wp-content\/uploads\/2023\/10\/tunnus-nelio.jpg\",\"contentUrl\":\"https:\/\/www.suviseurat.fi/2024\/wp-content\/uploads\/2023\/10\/tunnus-nelio.jpg\",\"width\":1000,\"height\":1000,\"caption\":\"Suviseurat\"},\"image\":{\"@id\":\"https:\/\/www.suviseurat.fi/2024\/#\/schema\/logo\/image\/\"},\"sameAs\":[\"https:\/\/www.facebook.com\/SRKryNyt\/\",\"https:\/\/x.com\/Suviseurat\",\"https:\/\/www.facebook.com\/srksuviseurat\/\",\"https:\/\/www.youtube.com\/@SRKnyt\",\"https:\/\/www.instagram.com\/srk_nyt\/\",\"https:\/\/www.flickr.com\/photos\/suviseurat\"]}]}<\/script>\n<!-- \/ Yoast SEO plugin. -->","yoast_head_json":{"title":"Situaciones de accidente y riesgo - SRK:n Suviseurat Pudasj\u00e4rvell\u00e4 2024","description":"Qu\u00e9 hacer en caso de accidente En caso de accidente, actuar r\u00e1pida y correctamente puede marcar la diferencia. - En caso de accidente, invol\u00facrate para","robots":{"index":"index","follow":"follow","max-snippet":"max-snippet:-1","max-image-preview":"max-image-preview:large","max-video-preview":"max-video-preview:-1"},"canonical":"https:\/\/www.suviseurat.fi/2024\/es\/instrucciones\/seguridad\/situaciones-de-accidente-y-riesgo\/","og_locale":"es_ES","og_type":"article","og_title":"Situaciones de accidente y riesgo - SRK:n Suviseurat Pudasj\u00e4rvell\u00e4 2024","og_description":"Qu\u00e9 hacer en caso de accidente En caso de accidente, actuar r\u00e1pida y correctamente puede marcar la diferencia. - En caso de accidente, invol\u00facrate para","og_url":"https:\/\/www.suviseurat.fi/2024\/es\/instrucciones\/seguridad\/situaciones-de-accidente-y-riesgo\/","og_site_name":"SRK:n Suviseurat Pudasj\u00e4rvell\u00e4 2024","article_publisher":"https:\/\/www.facebook.com\/SRKryNyt\/","article_modified_time":"2024-06-17T14:47:00+00:00","twitter_card":"summary_large_image","twitter_site":"@Suviseurat","twitter_misc":{"Tiempo de lectura":"1 minute"},"schema":{"@context":"https:\/\/schema.org","@graph":[{"@type":"WebPage","@id":"https:\/\/www.suviseurat.fi/2024\/es\/instrucciones\/seguridad\/situaciones-de-accidente-y-riesgo\/","url":"https:\/\/www.suviseurat.fi/2024\/es\/instrucciones\/seguridad\/situaciones-de-accidente-y-riesgo\/","name":"Situaciones de accidente y riesgo - SRK:n Suviseurat Pudasj\u00e4rvell\u00e4 2024","isPartOf":{"@id":"https:\/\/www.suviseurat.fi/2024\/#website"},"datePublished":"2024-05-14T12:28:38+00:00","dateModified":"2024-06-17T14:47:00+00:00","description":"Qu\u00e9 hacer en caso de accidente En caso de accidente, actuar r\u00e1pida y correctamente puede marcar la diferencia. - En caso de accidente, invol\u00facrate para","breadcrumb":{"@id":"https:\/\/www.suviseurat.fi/2024\/es\/instrucciones\/seguridad\/situaciones-de-accidente-y-riesgo\/#breadcrumb"},"inLanguage":"es-ES","potentialAction":[{"@type":"ReadAction","target":["https:\/\/www.suviseurat.fi/2024\/es\/instrucciones\/seguridad\/situaciones-de-accidente-y-riesgo\/"]}]},{"@type":"BreadcrumbList","@id":"https:\/\/www.suviseurat.fi/2024\/es\/instrucciones\/seguridad\/situaciones-de-accidente-y-riesgo\/#breadcrumb","itemListElement":[{"@type":"ListItem","position":1,"name":"Etusivu","item":"https:\/\/www.suviseurat.fi/2024\/es\/20558-2\/"},{"@type":"ListItem","position":2,"name":"Instrucciones","item":"https:\/\/www.suviseurat.fi/2024\/es\/instrucciones\/"},{"@type":"ListItem","position":3,"name":"Seguridad","item":"https:\/\/www.suviseurat.fi/2024\/es\/instrucciones\/seguridad\/"},{"@type":"ListItem","position":4,"name":"Situaciones de accidente y riesgo"}]},{"@type":"WebSite","@id":"https:\/\/www.suviseurat.fi/2024\/#website","url":"https:\/\/www.suviseurat.fi/2024\/","name":"SRK:n Suviseurat Pudasj\u00e4rvell\u00e4 2024","description":"Olenko min\u00e4 sinulle rakas?","publisher":{"@id":"https:\/\/www.suviseurat.fi/2024\/#organization"},"potentialAction":[{"@type":"SearchAction","target":{"@type":"EntryPoint","urlTemplate":"https:\/\/www.suviseurat.fi/2024\/?s={search_term_string}"},"query-input":"required name=search_term_string"}],"inLanguage":"es-ES"},{"@type":"Organization","@id":"https:\/\/www.suviseurat.fi/2024\/#organization","name":"Suviseurat","url":"https:\/\/www.suviseurat.fi/2024\/","logo":{"@type":"ImageObject","inLanguage":"es-ES","@id":"https:\/\/www.suviseurat.fi/2024\/#\/schema\/logo\/image\/","url":"https:\/\/www.suviseurat.fi/2024\/wp-content\/uploads\/2023\/10\/tunnus-nelio.jpg","contentUrl":"https:\/\/www.suviseurat.fi/2024\/wp-content\/uploads\/2023\/10\/tunnus-nelio.jpg","width":1000,"height":1000,"caption":"Suviseurat"},"image":{"@id":"https:\/\/www.suviseurat.fi/2024\/#\/schema\/logo\/image\/"},"sameAs":["https:\/\/www.facebook.com\/SRKryNyt\/","https:\/\/x.com\/Suviseurat","https:\/\/www.facebook.com\/srksuviseurat\/","https:\/\/www.youtube.com\/@SRKnyt","https:\/\/www.instagram.com\/srk_nyt\/","https:\/\/www.flickr.com\/photos\/suviseurat"]}]}},"_links":{"self":[{"href":"https:\/\/www.suviseurat.fi/2024\/es\/wp-json\/wp\/v2\/pages\/20532"}],"collection":[{"href":"https:\/\/www.suviseurat.fi/2024\/es\/wp-json\/wp\/v2\/pages"}],"about":[{"href":"https:\/\/www.suviseurat.fi/2024\/es\/wp-json\/wp\/v2\/types\/page"}],"author":[{"embeddable":true,"href":"https:\/\/www.suviseurat.fi/2024\/es\/wp-json\/wp\/v2\/users\/19"}],"replies":[{"embeddable":true,"href":"https:\/\/www.suviseurat.fi/2024\/es\/wp-json\/wp\/v2\/comments?post=20532"}],"version-history":[{"count":1,"href":"https:\/\/www.suviseurat.fi/2024\/es\/wp-json\/wp\/v2\/pages\/20532\/revisions"}],"predecessor-version":[{"id":20554,"href":"https:\/\/www.suviseurat.fi/2024\/es\/wp-json\/wp\/v2\/pages\/20532\/revisions\/20554"}],"up":[{"embeddable":true,"href":"https:\/\/www.suviseurat.fi/2024\/es\/wp-json\/wp\/v2\/pages\/20553"}],"wp:attachment":[{"href":"https:\/\/www.suviseurat.fi/2024\/es\/wp-json\/wp\/v2\/media?parent=20532"}],"curies":[{"name":"wp","href":"https:\/\/api.w.org\/{rel}","templated":true}]}}