{"id":20535,"date":"2024-05-14T15:30:14","date_gmt":"2024-05-14T12:30:14","guid":{"rendered":"https:\/\/www.suviseurat.fi/2024\/comunion\/"},"modified":"2024-06-23T15:16:21","modified_gmt":"2024-06-23T12:16:21","slug":"comunion","status":"publish","type":"page","link":"https:\/\/www.suviseurat.fi/2024\/es\/instrucciones\/comunion\/","title":{"rendered":"Sagrada Comuni\u00f3n"},"content":{"rendered":"<p><img loading=\"lazy\" decoding=\"async\" class=\"alignnone wp-image-17752 size-medium\" src=\"https:\/\/www.suviseurat.fi/2024\/wp-content\/uploads\/2023\/06\/ehtoollisjarjestelyt_kuva-1024x529.jpg\" alt=\"\" width=\"1024\" height=\"529\" srcset=\"https:\/\/www.suviseurat.fi/2024\/wp-content\/uploads\/2023\/06\/ehtoollisjarjestelyt_kuva-1024x529.jpg 1024w, https:\/\/www.suviseurat.fi/2024\/wp-content\/uploads\/2023\/06\/ehtoollisjarjestelyt_kuva-768x396.jpg 768w, https:\/\/www.suviseurat.fi/2024\/wp-content\/uploads\/2023\/06\/ehtoollisjarjestelyt_kuva.jpg 1170w\" sizes=\"(max-width: 1024px) 100vw, 1024px\" \/><\/p>\n<p><span style=\"font-weight: 400\">El <strong>acceso<\/strong> a la Sagrada Comuni\u00f3n se realiza desde las entradas 1-6 y, para las personas con movilidad reducida, desde las entradas 8 y 11. Las entradas 1 y 6 conducen a las mesas de comuni\u00f3n situadas en los extremos de la tienda, donde se comparte la comuni\u00f3n mojando el pan en el vino. La salida de la tienda es por las puerta 7 a 12.<\/span><\/p>\n<p><span style=\"font-weight: 400\"><strong>Personas con movilidad reducida:<\/strong> las personas con movilidad reducida llegan a la comuni\u00f3n por las entradas principales 8 y 11.<\/span><\/p>\n<p><span style=\"font-weight: 400\"><strong>Informaci\u00f3n adicional:<\/strong> la celebraci\u00f3n de la Sagrada Comini\u00f3n durar\u00e1 en la carpa social hasta las 20.30 aproximadamente. El final de la comuni\u00f3n se anuncia por separado. La Misa semanal la concluye el liturgista seg\u00fan el orden del servicio. El pan de comuni\u00f3n no contiene gluten. El vino sin alcohol est\u00e1 disponible bajo petici\u00f3n en todas las mesas.<\/span><\/p>\n","protected":false},"excerpt":{"rendered":"<p>El acceso a la Sagrada Comuni\u00f3n se realiza desde las entradas 1-6 y, para las<a class=\"moretag\" href=\"https:\/\/www.suviseurat.fi/2024\/es\/instrucciones\/comunion\/\">Jatka lukemista ><\/a><\/p>\n","protected":false},"author":19,"featured_media":0,"parent":20696,"menu_order":3,"comment_status":"closed","ping_status":"closed","template":"","meta":{"_acf_changed":false,"footnotes":""},"class_list":["post-20535","page","type-page","status-publish","hentry"],"acf":[],"yoast_head":"<!-- This site is optimized with the Yoast SEO plugin v23.3 - https:\/\/yoast.com\/wordpress\/plugins\/seo\/ -->\n<title>Sagrada Comuni\u00f3n - SRK:n Suviseurat Pudasj\u00e4rvell\u00e4 2024<\/title>\n<meta name=\"description\" content=\"El acceso a la Sagrada Comuni\u00f3n se realiza desde las entradas 1-6 y, para las personas con movilidad reducida, desde las entradas 8 y 11. Las entradas 1 y\" \/>\n<meta name=\"robots\" content=\"index, follow, max-snippet:-1, max-image-preview:large, max-video-preview:-1\" \/>\n<link rel=\"canonical\" href=\"https:\/\/www.suviseurat.fi/2024\/es\/instrucciones\/comunion\/\" \/>\n<meta property=\"og:locale\" content=\"es_ES\" \/>\n<meta property=\"og:type\" content=\"article\" \/>\n<meta property=\"og:title\" content=\"Sagrada Comuni\u00f3n - SRK:n Suviseurat Pudasj\u00e4rvell\u00e4 2024\" \/>\n<meta property=\"og:description\" content=\"El acceso a la Sagrada Comuni\u00f3n se realiza desde las entradas 1-6 y, para las personas con movilidad reducida, desde las entradas 8 y 11. Las entradas 1 y\" \/>\n<meta property=\"og:url\" content=\"https:\/\/www.suviseurat.fi/2024\/es\/instrucciones\/comunion\/\" \/>\n<meta property=\"og:site_name\" content=\"SRK:n Suviseurat Pudasj\u00e4rvell\u00e4 2024\" \/>\n<meta property=\"article:publisher\" content=\"https:\/\/www.facebook.com\/SRKryNyt\/\" \/>\n<meta property=\"article:modified_time\" content=\"2024-06-23T12:16:21+00:00\" \/>\n<meta property=\"og:image\" content=\"https:\/\/www.suviseurat.fi/2024\/wp-content\/uploads\/2023\/06\/ehtoollisjarjestelyt_kuva-1024x529.jpg\" \/>\n<meta name=\"twitter:card\" content=\"summary_large_image\" \/>\n<meta name=\"twitter:site\" content=\"@Suviseurat\" \/>\n<meta name=\"twitter:label1\" content=\"Tiempo de lectura\" \/>\n\t<meta name=\"twitter:data1\" content=\"1 minute\" \/>\n<script type=\"application\/ld+json\" class=\"yoast-schema-graph\">{\"@context\":\"https:\/\/schema.org\",\"@graph\":[{\"@type\":\"WebPage\",\"@id\":\"https:\/\/www.suviseurat.fi/2024\/es\/instrucciones\/comunion\/\",\"url\":\"https:\/\/www.suviseurat.fi/2024\/es\/instrucciones\/comunion\/\",\"name\":\"Sagrada Comuni\u00f3n - SRK:n Suviseurat Pudasj\u00e4rvell\u00e4 2024\",\"isPartOf\":{\"@id\":\"https:\/\/www.suviseurat.fi/2024\/#website\"},\"primaryImageOfPage\":{\"@id\":\"https:\/\/www.suviseurat.fi/2024\/es\/instrucciones\/comunion\/#primaryimage\"},\"image\":{\"@id\":\"https:\/\/www.suviseurat.fi/2024\/es\/instrucciones\/comunion\/#primaryimage\"},\"thumbnailUrl\":\"https:\/\/www.suviseurat.fi/2024\/wp-content\/uploads\/2023\/06\/ehtoollisjarjestelyt_kuva-1024x529.jpg\",\"datePublished\":\"2024-05-14T12:30:14+00:00\",\"dateModified\":\"2024-06-23T12:16:21+00:00\",\"description\":\"El acceso a la Sagrada Comuni\u00f3n se realiza desde las entradas 1-6 y, para las personas con movilidad reducida, desde las entradas 8 y 11. Las entradas 1 y\",\"breadcrumb\":{\"@id\":\"https:\/\/www.suviseurat.fi/2024\/es\/instrucciones\/comunion\/#breadcrumb\"},\"inLanguage\":\"es-ES\",\"potentialAction\":[{\"@type\":\"ReadAction\",\"target\":[\"https:\/\/www.suviseurat.fi/2024\/es\/instrucciones\/comunion\/\"]}]},{\"@type\":\"ImageObject\",\"inLanguage\":\"es-ES\",\"@id\":\"https:\/\/www.suviseurat.fi/2024\/es\/instrucciones\/comunion\/#primaryimage\",\"url\":\"https:\/\/www.suviseurat.fi/2024\/wp-content\/uploads\/2023\/06\/ehtoollisjarjestelyt_kuva-1024x529.jpg\",\"contentUrl\":\"https:\/\/www.suviseurat.fi/2024\/wp-content\/uploads\/2023\/06\/ehtoollisjarjestelyt_kuva-1024x529.jpg\"},{\"@type\":\"BreadcrumbList\",\"@id\":\"https:\/\/www.suviseurat.fi/2024\/es\/instrucciones\/comunion\/#breadcrumb\",\"itemListElement\":[{\"@type\":\"ListItem\",\"position\":1,\"name\":\"Etusivu\",\"item\":\"https:\/\/www.suviseurat.fi/2024\/es\/20558-2\/\"},{\"@type\":\"ListItem\",\"position\":2,\"name\":\"Instrucciones\",\"item\":\"https:\/\/www.suviseurat.fi/2024\/es\/instrucciones\/\"},{\"@type\":\"ListItem\",\"position\":3,\"name\":\"Sagrada Comuni\u00f3n\"}]},{\"@type\":\"WebSite\",\"@id\":\"https:\/\/www.suviseurat.fi/2024\/#website\",\"url\":\"https:\/\/www.suviseurat.fi/2024\/\",\"name\":\"SRK:n Suviseurat Pudasj\u00e4rvell\u00e4 2024\",\"description\":\"Olenko min\u00e4 sinulle rakas?\",\"publisher\":{\"@id\":\"https:\/\/www.suviseurat.fi/2024\/#organization\"},\"potentialAction\":[{\"@type\":\"SearchAction\",\"target\":{\"@type\":\"EntryPoint\",\"urlTemplate\":\"https:\/\/www.suviseurat.fi/2024\/?s={search_term_string}\"},\"query-input\":\"required name=search_term_string\"}],\"inLanguage\":\"es-ES\"},{\"@type\":\"Organization\",\"@id\":\"https:\/\/www.suviseurat.fi/2024\/#organization\",\"name\":\"Suviseurat\",\"url\":\"https:\/\/www.suviseurat.fi/2024\/\",\"logo\":{\"@type\":\"ImageObject\",\"inLanguage\":\"es-ES\",\"@id\":\"https:\/\/www.suviseurat.fi/2024\/#\/schema\/logo\/image\/\",\"url\":\"https:\/\/www.suviseurat.fi/2024\/wp-content\/uploads\/2023\/10\/tunnus-nelio.jpg\",\"contentUrl\":\"https:\/\/www.suviseurat.fi/2024\/wp-content\/uploads\/2023\/10\/tunnus-nelio.jpg\",\"width\":1000,\"height\":1000,\"caption\":\"Suviseurat\"},\"image\":{\"@id\":\"https:\/\/www.suviseurat.fi/2024\/#\/schema\/logo\/image\/\"},\"sameAs\":[\"https:\/\/www.facebook.com\/SRKryNyt\/\",\"https:\/\/x.com\/Suviseurat\",\"https:\/\/www.facebook.com\/srksuviseurat\/\",\"https:\/\/www.youtube.com\/@SRKnyt\",\"https:\/\/www.instagram.com\/srk_nyt\/\",\"https:\/\/www.flickr.com\/photos\/suviseurat\"]}]}<\/script>\n<!-- \/ Yoast SEO plugin. -->","yoast_head_json":{"title":"Sagrada Comuni\u00f3n - SRK:n Suviseurat Pudasj\u00e4rvell\u00e4 2024","description":"El acceso a la Sagrada Comuni\u00f3n se realiza desde las entradas 1-6 y, para las personas con movilidad reducida, desde las entradas 8 y 11. Las entradas 1 y","robots":{"index":"index","follow":"follow","max-snippet":"max-snippet:-1","max-image-preview":"max-image-preview:large","max-video-preview":"max-video-preview:-1"},"canonical":"https:\/\/www.suviseurat.fi/2024\/es\/instrucciones\/comunion\/","og_locale":"es_ES","og_type":"article","og_title":"Sagrada Comuni\u00f3n - SRK:n Suviseurat Pudasj\u00e4rvell\u00e4 2024","og_description":"El acceso a la Sagrada Comuni\u00f3n se realiza desde las entradas 1-6 y, para las personas con movilidad reducida, desde las entradas 8 y 11. Las entradas 1 y","og_url":"https:\/\/www.suviseurat.fi/2024\/es\/instrucciones\/comunion\/","og_site_name":"SRK:n Suviseurat Pudasj\u00e4rvell\u00e4 2024","article_publisher":"https:\/\/www.facebook.com\/SRKryNyt\/","article_modified_time":"2024-06-23T12:16:21+00:00","og_image":[{"url":"https:\/\/www.suviseurat.fi/2024\/wp-content\/uploads\/2023\/06\/ehtoollisjarjestelyt_kuva-1024x529.jpg"}],"twitter_card":"summary_large_image","twitter_site":"@Suviseurat","twitter_misc":{"Tiempo de lectura":"1 minute"},"schema":{"@context":"https:\/\/schema.org","@graph":[{"@type":"WebPage","@id":"https:\/\/www.suviseurat.fi/2024\/es\/instrucciones\/comunion\/","url":"https:\/\/www.suviseurat.fi/2024\/es\/instrucciones\/comunion\/","name":"Sagrada Comuni\u00f3n - SRK:n Suviseurat Pudasj\u00e4rvell\u00e4 2024","isPartOf":{"@id":"https:\/\/www.suviseurat.fi/2024\/#website"},"primaryImageOfPage":{"@id":"https:\/\/www.suviseurat.fi/2024\/es\/instrucciones\/comunion\/#primaryimage"},"image":{"@id":"https:\/\/www.suviseurat.fi/2024\/es\/instrucciones\/comunion\/#primaryimage"},"thumbnailUrl":"https:\/\/www.suviseurat.fi/2024\/wp-content\/uploads\/2023\/06\/ehtoollisjarjestelyt_kuva-1024x529.jpg","datePublished":"2024-05-14T12:30:14+00:00","dateModified":"2024-06-23T12:16:21+00:00","description":"El acceso a la Sagrada Comuni\u00f3n se realiza desde las entradas 1-6 y, para las personas con movilidad reducida, desde las entradas 8 y 11. Las entradas 1 y","breadcrumb":{"@id":"https:\/\/www.suviseurat.fi/2024\/es\/instrucciones\/comunion\/#breadcrumb"},"inLanguage":"es-ES","potentialAction":[{"@type":"ReadAction","target":["https:\/\/www.suviseurat.fi/2024\/es\/instrucciones\/comunion\/"]}]},{"@type":"ImageObject","inLanguage":"es-ES","@id":"https:\/\/www.suviseurat.fi/2024\/es\/instrucciones\/comunion\/#primaryimage","url":"https:\/\/www.suviseurat.fi/2024\/wp-content\/uploads\/2023\/06\/ehtoollisjarjestelyt_kuva-1024x529.jpg","contentUrl":"https:\/\/www.suviseurat.fi/2024\/wp-content\/uploads\/2023\/06\/ehtoollisjarjestelyt_kuva-1024x529.jpg"},{"@type":"BreadcrumbList","@id":"https:\/\/www.suviseurat.fi/2024\/es\/instrucciones\/comunion\/#breadcrumb","itemListElement":[{"@type":"ListItem","position":1,"name":"Etusivu","item":"https:\/\/www.suviseurat.fi/2024\/es\/20558-2\/"},{"@type":"ListItem","position":2,"name":"Instrucciones","item":"https:\/\/www.suviseurat.fi/2024\/es\/instrucciones\/"},{"@type":"ListItem","position":3,"name":"Sagrada Comuni\u00f3n"}]},{"@type":"WebSite","@id":"https:\/\/www.suviseurat.fi/2024\/#website","url":"https:\/\/www.suviseurat.fi/2024\/","name":"SRK:n Suviseurat Pudasj\u00e4rvell\u00e4 2024","description":"Olenko min\u00e4 sinulle rakas?","publisher":{"@id":"https:\/\/www.suviseurat.fi/2024\/#organization"},"potentialAction":[{"@type":"SearchAction","target":{"@type":"EntryPoint","urlTemplate":"https:\/\/www.suviseurat.fi/2024\/?s={search_term_string}"},"query-input":"required name=search_term_string"}],"inLanguage":"es-ES"},{"@type":"Organization","@id":"https:\/\/www.suviseurat.fi/2024\/#organization","name":"Suviseurat","url":"https:\/\/www.suviseurat.fi/2024\/","logo":{"@type":"ImageObject","inLanguage":"es-ES","@id":"https:\/\/www.suviseurat.fi/2024\/#\/schema\/logo\/image\/","url":"https:\/\/www.suviseurat.fi/2024\/wp-content\/uploads\/2023\/10\/tunnus-nelio.jpg","contentUrl":"https:\/\/www.suviseurat.fi/2024\/wp-content\/uploads\/2023\/10\/tunnus-nelio.jpg","width":1000,"height":1000,"caption":"Suviseurat"},"image":{"@id":"https:\/\/www.suviseurat.fi/2024\/#\/schema\/logo\/image\/"},"sameAs":["https:\/\/www.facebook.com\/SRKryNyt\/","https:\/\/x.com\/Suviseurat","https:\/\/www.facebook.com\/srksuviseurat\/","https:\/\/www.youtube.com\/@SRKnyt","https:\/\/www.instagram.com\/srk_nyt\/","https:\/\/www.flickr.com\/photos\/suviseurat"]}]}},"_links":{"self":[{"href":"https:\/\/www.suviseurat.fi/2024\/es\/wp-json\/wp\/v2\/pages\/20535"}],"collection":[{"href":"https:\/\/www.suviseurat.fi/2024\/es\/wp-json\/wp\/v2\/pages"}],"about":[{"href":"https:\/\/www.suviseurat.fi/2024\/es\/wp-json\/wp\/v2\/types\/page"}],"author":[{"embeddable":true,"href":"https:\/\/www.suviseurat.fi/2024\/es\/wp-json\/wp\/v2\/users\/19"}],"replies":[{"embeddable":true,"href":"https:\/\/www.suviseurat.fi/2024\/es\/wp-json\/wp\/v2\/comments?post=20535"}],"version-history":[{"count":1,"href":"https:\/\/www.suviseurat.fi/2024\/es\/wp-json\/wp\/v2\/pages\/20535\/revisions"}],"predecessor-version":[{"id":20568,"href":"https:\/\/www.suviseurat.fi/2024\/es\/wp-json\/wp\/v2\/pages\/20535\/revisions\/20568"}],"up":[{"embeddable":true,"href":"https:\/\/www.suviseurat.fi/2024\/es\/wp-json\/wp\/v2\/pages\/20696"}],"wp:attachment":[{"href":"https:\/\/www.suviseurat.fi/2024\/es\/wp-json\/wp\/v2\/media?parent=20535"}],"curies":[{"name":"wp","href":"https:\/\/api.w.org\/{rel}","templated":true}]}}