{"id":20541,"date":"2024-05-14T15:17:52","date_gmt":"2024-05-14T12:17:52","guid":{"rendered":"https:\/\/www.suviseurat.fi/2024\/venta-de-gas\/"},"modified":"2024-06-23T15:11:49","modified_gmt":"2024-06-23T12:11:49","slug":"venta-de-gas","status":"publish","type":"page","link":"https:\/\/www.suviseurat.fi/2024\/es\/servicios\/venta-de-gas\/","title":{"rendered":"Venta de gas"},"content":{"rendered":"<p><span style=\"font-weight: 400\">El punto de intercambio de bombonas de gas se encuentra en la tienda. El pago se realiza en la caja de la tienda. La tienda de gas est\u00e1 abierta durante el horario de apertura de la tienda.<\/span><\/p>\n<table style=\"border-collapse: collapse;width: 32.1421%;height: 92px\">\n<tbody>\n<tr style=\"height: 23px\">\n<td style=\"width: 12.0673%;height: 23px\"><strong>Horario de apertura<\/strong><\/td>\n<td style=\"width: 12.8407%;height: 23px\"><\/td>\n<\/tr>\n<tr>\n<td style=\"width: 12.0673%\">Mi\u00e9rcoles<\/td>\n<td style=\"width: 12.8407%\"><span style=\"font-weight: 400\">De 12 a 22 h<\/span><\/td>\n<\/tr>\n<tr style=\"height: 23px\">\n<td style=\"width: 12.0673%;height: 23px\">de jueves <span style=\"font-weight: 400\">a<\/span> domingo<\/td>\n<td style=\"width: 12.8407%;height: 23px\"><span style=\"font-weight: 400\">De 9 a 22 h.<\/span><\/td>\n<\/tr>\n<tr style=\"height: 23px\">\n<td style=\"width: 12.0673%;height: 23px\">lunes<\/td>\n<td style=\"width: 12.8407%;height: 23px\"><span style=\"font-weight: 400\">De 9 a 15.<\/span><\/td>\n<\/tr>\n<\/tbody>\n<\/table>\n","protected":false},"excerpt":{"rendered":"<p>El punto de intercambio de bombonas de gas se encuentra en la tienda. El pago<a class=\"moretag\" href=\"https:\/\/www.suviseurat.fi/2024\/es\/servicios\/venta-de-gas\/\">Jatka lukemista ><\/a><\/p>\n","protected":false},"author":19,"featured_media":0,"parent":20687,"menu_order":5,"comment_status":"closed","ping_status":"closed","template":"","meta":{"_acf_changed":false,"footnotes":""},"class_list":["post-20541","page","type-page","status-publish","hentry"],"acf":[],"yoast_head":"<!-- This site is optimized with the Yoast SEO plugin v23.3 - https:\/\/yoast.com\/wordpress\/plugins\/seo\/ -->\n<title>Venta de gas - SRK:n Suviseurat Pudasj\u00e4rvell\u00e4 2024<\/title>\n<meta name=\"description\" content=\"El punto de intercambio de bombonas de gas se encuentra en la tienda. El pago se realiza en la caja de la tienda. La tienda de gas est\u00e1 abierta durante el\" \/>\n<meta name=\"robots\" content=\"index, follow, max-snippet:-1, max-image-preview:large, max-video-preview:-1\" \/>\n<link rel=\"canonical\" href=\"https:\/\/www.suviseurat.fi/2024\/es\/servicios\/venta-de-gas\/\" \/>\n<meta property=\"og:locale\" content=\"es_ES\" \/>\n<meta property=\"og:type\" content=\"article\" \/>\n<meta property=\"og:title\" content=\"Venta de gas - SRK:n Suviseurat Pudasj\u00e4rvell\u00e4 2024\" \/>\n<meta property=\"og:description\" content=\"El punto de intercambio de bombonas de gas se encuentra en la tienda. El pago se realiza en la caja de la tienda. La tienda de gas est\u00e1 abierta durante el\" \/>\n<meta property=\"og:url\" content=\"https:\/\/www.suviseurat.fi/2024\/es\/servicios\/venta-de-gas\/\" \/>\n<meta property=\"og:site_name\" content=\"SRK:n Suviseurat Pudasj\u00e4rvell\u00e4 2024\" \/>\n<meta property=\"article:publisher\" content=\"https:\/\/www.facebook.com\/SRKryNyt\/\" \/>\n<meta property=\"article:modified_time\" content=\"2024-06-23T12:11:49+00:00\" \/>\n<meta name=\"twitter:card\" content=\"summary_large_image\" \/>\n<meta name=\"twitter:site\" content=\"@Suviseurat\" \/>\n<script type=\"application\/ld+json\" class=\"yoast-schema-graph\">{\"@context\":\"https:\/\/schema.org\",\"@graph\":[{\"@type\":\"WebPage\",\"@id\":\"https:\/\/www.suviseurat.fi/2024\/es\/servicios\/venta-de-gas\/\",\"url\":\"https:\/\/www.suviseurat.fi/2024\/es\/servicios\/venta-de-gas\/\",\"name\":\"Venta de gas - SRK:n Suviseurat Pudasj\u00e4rvell\u00e4 2024\",\"isPartOf\":{\"@id\":\"https:\/\/www.suviseurat.fi/2024\/#website\"},\"datePublished\":\"2024-05-14T12:17:52+00:00\",\"dateModified\":\"2024-06-23T12:11:49+00:00\",\"description\":\"El punto de intercambio de bombonas de gas se encuentra en la tienda. El pago se realiza en la caja de la tienda. La tienda de gas est\u00e1 abierta durante el\",\"breadcrumb\":{\"@id\":\"https:\/\/www.suviseurat.fi/2024\/es\/servicios\/venta-de-gas\/#breadcrumb\"},\"inLanguage\":\"es-ES\",\"potentialAction\":[{\"@type\":\"ReadAction\",\"target\":[\"https:\/\/www.suviseurat.fi/2024\/es\/servicios\/venta-de-gas\/\"]}]},{\"@type\":\"BreadcrumbList\",\"@id\":\"https:\/\/www.suviseurat.fi/2024\/es\/servicios\/venta-de-gas\/#breadcrumb\",\"itemListElement\":[{\"@type\":\"ListItem\",\"position\":1,\"name\":\"Etusivu\",\"item\":\"https:\/\/www.suviseurat.fi/2024\/es\/20558-2\/\"},{\"@type\":\"ListItem\",\"position\":2,\"name\":\"Servicios\",\"item\":\"https:\/\/www.suviseurat.fi/2024\/es\/servicios\/\"},{\"@type\":\"ListItem\",\"position\":3,\"name\":\"Venta de gas\"}]},{\"@type\":\"WebSite\",\"@id\":\"https:\/\/www.suviseurat.fi/2024\/#website\",\"url\":\"https:\/\/www.suviseurat.fi/2024\/\",\"name\":\"SRK:n Suviseurat Pudasj\u00e4rvell\u00e4 2024\",\"description\":\"Olenko min\u00e4 sinulle rakas?\",\"publisher\":{\"@id\":\"https:\/\/www.suviseurat.fi/2024\/#organization\"},\"potentialAction\":[{\"@type\":\"SearchAction\",\"target\":{\"@type\":\"EntryPoint\",\"urlTemplate\":\"https:\/\/www.suviseurat.fi/2024\/?s={search_term_string}\"},\"query-input\":\"required name=search_term_string\"}],\"inLanguage\":\"es-ES\"},{\"@type\":\"Organization\",\"@id\":\"https:\/\/www.suviseurat.fi/2024\/#organization\",\"name\":\"Suviseurat\",\"url\":\"https:\/\/www.suviseurat.fi/2024\/\",\"logo\":{\"@type\":\"ImageObject\",\"inLanguage\":\"es-ES\",\"@id\":\"https:\/\/www.suviseurat.fi/2024\/#\/schema\/logo\/image\/\",\"url\":\"https:\/\/www.suviseurat.fi/2024\/wp-content\/uploads\/2023\/10\/tunnus-nelio.jpg\",\"contentUrl\":\"https:\/\/www.suviseurat.fi/2024\/wp-content\/uploads\/2023\/10\/tunnus-nelio.jpg\",\"width\":1000,\"height\":1000,\"caption\":\"Suviseurat\"},\"image\":{\"@id\":\"https:\/\/www.suviseurat.fi/2024\/#\/schema\/logo\/image\/\"},\"sameAs\":[\"https:\/\/www.facebook.com\/SRKryNyt\/\",\"https:\/\/x.com\/Suviseurat\",\"https:\/\/www.facebook.com\/srksuviseurat\/\",\"https:\/\/www.youtube.com\/@SRKnyt\",\"https:\/\/www.instagram.com\/srk_nyt\/\",\"https:\/\/www.flickr.com\/photos\/suviseurat\"]}]}<\/script>\n<!-- \/ Yoast SEO plugin. -->","yoast_head_json":{"title":"Venta de gas - SRK:n Suviseurat Pudasj\u00e4rvell\u00e4 2024","description":"El punto de intercambio de bombonas de gas se encuentra en la tienda. El pago se realiza en la caja de la tienda. La tienda de gas est\u00e1 abierta durante el","robots":{"index":"index","follow":"follow","max-snippet":"max-snippet:-1","max-image-preview":"max-image-preview:large","max-video-preview":"max-video-preview:-1"},"canonical":"https:\/\/www.suviseurat.fi/2024\/es\/servicios\/venta-de-gas\/","og_locale":"es_ES","og_type":"article","og_title":"Venta de gas - SRK:n Suviseurat Pudasj\u00e4rvell\u00e4 2024","og_description":"El punto de intercambio de bombonas de gas se encuentra en la tienda. El pago se realiza en la caja de la tienda. La tienda de gas est\u00e1 abierta durante el","og_url":"https:\/\/www.suviseurat.fi/2024\/es\/servicios\/venta-de-gas\/","og_site_name":"SRK:n Suviseurat Pudasj\u00e4rvell\u00e4 2024","article_publisher":"https:\/\/www.facebook.com\/SRKryNyt\/","article_modified_time":"2024-06-23T12:11:49+00:00","twitter_card":"summary_large_image","twitter_site":"@Suviseurat","schema":{"@context":"https:\/\/schema.org","@graph":[{"@type":"WebPage","@id":"https:\/\/www.suviseurat.fi/2024\/es\/servicios\/venta-de-gas\/","url":"https:\/\/www.suviseurat.fi/2024\/es\/servicios\/venta-de-gas\/","name":"Venta de gas - SRK:n Suviseurat Pudasj\u00e4rvell\u00e4 2024","isPartOf":{"@id":"https:\/\/www.suviseurat.fi/2024\/#website"},"datePublished":"2024-05-14T12:17:52+00:00","dateModified":"2024-06-23T12:11:49+00:00","description":"El punto de intercambio de bombonas de gas se encuentra en la tienda. El pago se realiza en la caja de la tienda. La tienda de gas est\u00e1 abierta durante el","breadcrumb":{"@id":"https:\/\/www.suviseurat.fi/2024\/es\/servicios\/venta-de-gas\/#breadcrumb"},"inLanguage":"es-ES","potentialAction":[{"@type":"ReadAction","target":["https:\/\/www.suviseurat.fi/2024\/es\/servicios\/venta-de-gas\/"]}]},{"@type":"BreadcrumbList","@id":"https:\/\/www.suviseurat.fi/2024\/es\/servicios\/venta-de-gas\/#breadcrumb","itemListElement":[{"@type":"ListItem","position":1,"name":"Etusivu","item":"https:\/\/www.suviseurat.fi/2024\/es\/20558-2\/"},{"@type":"ListItem","position":2,"name":"Servicios","item":"https:\/\/www.suviseurat.fi/2024\/es\/servicios\/"},{"@type":"ListItem","position":3,"name":"Venta de gas"}]},{"@type":"WebSite","@id":"https:\/\/www.suviseurat.fi/2024\/#website","url":"https:\/\/www.suviseurat.fi/2024\/","name":"SRK:n Suviseurat Pudasj\u00e4rvell\u00e4 2024","description":"Olenko min\u00e4 sinulle rakas?","publisher":{"@id":"https:\/\/www.suviseurat.fi/2024\/#organization"},"potentialAction":[{"@type":"SearchAction","target":{"@type":"EntryPoint","urlTemplate":"https:\/\/www.suviseurat.fi/2024\/?s={search_term_string}"},"query-input":"required name=search_term_string"}],"inLanguage":"es-ES"},{"@type":"Organization","@id":"https:\/\/www.suviseurat.fi/2024\/#organization","name":"Suviseurat","url":"https:\/\/www.suviseurat.fi/2024\/","logo":{"@type":"ImageObject","inLanguage":"es-ES","@id":"https:\/\/www.suviseurat.fi/2024\/#\/schema\/logo\/image\/","url":"https:\/\/www.suviseurat.fi/2024\/wp-content\/uploads\/2023\/10\/tunnus-nelio.jpg","contentUrl":"https:\/\/www.suviseurat.fi/2024\/wp-content\/uploads\/2023\/10\/tunnus-nelio.jpg","width":1000,"height":1000,"caption":"Suviseurat"},"image":{"@id":"https:\/\/www.suviseurat.fi/2024\/#\/schema\/logo\/image\/"},"sameAs":["https:\/\/www.facebook.com\/SRKryNyt\/","https:\/\/x.com\/Suviseurat","https:\/\/www.facebook.com\/srksuviseurat\/","https:\/\/www.youtube.com\/@SRKnyt","https:\/\/www.instagram.com\/srk_nyt\/","https:\/\/www.flickr.com\/photos\/suviseurat"]}]}},"_links":{"self":[{"href":"https:\/\/www.suviseurat.fi/2024\/es\/wp-json\/wp\/v2\/pages\/20541"}],"collection":[{"href":"https:\/\/www.suviseurat.fi/2024\/es\/wp-json\/wp\/v2\/pages"}],"about":[{"href":"https:\/\/www.suviseurat.fi/2024\/es\/wp-json\/wp\/v2\/types\/page"}],"author":[{"embeddable":true,"href":"https:\/\/www.suviseurat.fi/2024\/es\/wp-json\/wp\/v2\/users\/19"}],"replies":[{"embeddable":true,"href":"https:\/\/www.suviseurat.fi/2024\/es\/wp-json\/wp\/v2\/comments?post=20541"}],"version-history":[{"count":1,"href":"https:\/\/www.suviseurat.fi/2024\/es\/wp-json\/wp\/v2\/pages\/20541\/revisions"}],"predecessor-version":[{"id":20693,"href":"https:\/\/www.suviseurat.fi/2024\/es\/wp-json\/wp\/v2\/pages\/20541\/revisions\/20693"}],"up":[{"embeddable":true,"href":"https:\/\/www.suviseurat.fi/2024\/es\/wp-json\/wp\/v2\/pages\/20687"}],"wp:attachment":[{"href":"https:\/\/www.suviseurat.fi/2024\/es\/wp-json\/wp\/v2\/media?parent=20541"}],"curies":[{"name":"wp","href":"https:\/\/api.w.org\/{rel}","templated":true}]}}