{"id":20542,"date":"2024-05-14T15:17:32","date_gmt":"2024-05-14T12:17:32","guid":{"rendered":"https:\/\/www.suviseurat.fi/2024\/punto-de-carga-de-telefonos\/"},"modified":"2024-06-23T15:11:49","modified_gmt":"2024-06-23T12:11:49","slug":"punto-de-carga-de-telefonos","status":"publish","type":"page","link":"https:\/\/www.suviseurat.fi/2024\/es\/servicios\/punto-de-carga-de-telefonos\/","title":{"rendered":"Punto de carga de tel\u00e9fonos"},"content":{"rendered":"<h3>Horario de apertura<\/h3>\n<table style=\"width: 34.762%\">\n<tbody>\n<tr>\n<td style=\"width: 20.5056%\"><strong>Punto de carga de tel\u00e9fonos<\/strong><\/td>\n<td style=\"width: 14.2356%\"><\/td>\n<\/tr>\n<tr>\n<td style=\"width: 20.5056%\">Mi\u00e9rcoles<\/td>\n<td style=\"width: 14.2356%\">De 12 a 22<\/td>\n<\/tr>\n<tr>\n<td style=\"width: 20.5056%\">Jueves &#8211; S\u00e1bado<\/td>\n<td style=\"width: 14.2356%\">De 10 a 14<\/td>\n<\/tr>\n<tr>\n<td style=\"width: 20.5056%\">Domingo<\/td>\n<td style=\"width: 14.2356%\">De 11 a 14<\/td>\n<\/tr>\n<tr>\n<td style=\"width: 20.5056%\">lunes<\/td>\n<td style=\"width: 14.2356%\">10-15<\/td>\n<\/tr>\n<\/tbody>\n<\/table>\n<p><span style=\"font-weight: 400\">Los tel\u00e9fonos m\u00f3viles podr\u00e1n cargarse en las helader\u00edas a partir del mi\u00e9rcoles.<\/span><\/p>\n<p>Para realizar la carga se necesita propio cargador. El precio por cargar el tel\u00e9fono es de 2 \u20ac. El tiempo de carga es de 2 horas. Tu tel\u00e9fono debe estar apagado mientras se carga.  <\/p>\n<p><span style=\"font-weight: 400\">Las redes m\u00f3viles pueden sufrir ocasionalmente congestiones, con llamadas que no se conectan o mensajes que no se transmiten (&#8220;red ocupada&#8221;). Evita el uso innecesario de tu tel\u00e9fono m\u00f3vil, especialmente cuando descargues y env\u00edes v\u00eddeos. La carga de v\u00eddeo en la red es elevada. Si es posible, intenta utilizar SMS o WhatsApp en lugar de llamar. <strong>Se recomienda a los visitantes que eviten ver las retransmisiones en streaming desde la carpa del club en la zona de los servicios de verano, debido a la congesti\u00f3n de tel\u00e9fonos m\u00f3viles.<\/strong><\/span><\/p>\n<p><span style=\"font-weight: 400\">Est\u00e1 estrictamente prohibido utilizar el n\u00famero de emergencia para llamadas que no sean de emergencia. <\/span><\/p>\n","protected":false},"excerpt":{"rendered":"<p>Horario de apertura Punto de carga de tel\u00e9fonos Mi\u00e9rcoles De 12 a 22 Jueves &#8211;<a class=\"moretag\" href=\"https:\/\/www.suviseurat.fi/2024\/es\/servicios\/punto-de-carga-de-telefonos\/\">Jatka lukemista ><\/a><\/p>\n","protected":false},"author":19,"featured_media":0,"parent":20687,"menu_order":6,"comment_status":"closed","ping_status":"closed","template":"","meta":{"_acf_changed":false,"footnotes":""},"class_list":["post-20542","page","type-page","status-publish","hentry"],"acf":[],"yoast_head":"<!-- This site is optimized with the Yoast SEO plugin v23.3 - https:\/\/yoast.com\/wordpress\/plugins\/seo\/ -->\n<title>Punto de carga de tel\u00e9fonos - SRK:n Suviseurat Pudasj\u00e4rvell\u00e4 2024<\/title>\n<meta name=\"description\" content=\"Horario de apertura Punto de carga de tel\u00e9fonos Mi\u00e9rcoles De 12 a 22 Jueves - S\u00e1bado De 10 a 14 Domingo De 11 a 14 lunes 10-15 Los tel\u00e9fonos m\u00f3viles\" \/>\n<meta name=\"robots\" content=\"index, follow, max-snippet:-1, max-image-preview:large, max-video-preview:-1\" \/>\n<link rel=\"canonical\" href=\"https:\/\/www.suviseurat.fi/2024\/es\/servicios\/punto-de-carga-de-telefonos\/\" \/>\n<meta property=\"og:locale\" content=\"es_ES\" \/>\n<meta property=\"og:type\" content=\"article\" \/>\n<meta property=\"og:title\" content=\"Punto de carga de tel\u00e9fonos - SRK:n Suviseurat Pudasj\u00e4rvell\u00e4 2024\" \/>\n<meta property=\"og:description\" content=\"Horario de apertura Punto de carga de tel\u00e9fonos Mi\u00e9rcoles De 12 a 22 Jueves - S\u00e1bado De 10 a 14 Domingo De 11 a 14 lunes 10-15 Los tel\u00e9fonos m\u00f3viles\" \/>\n<meta property=\"og:url\" content=\"https:\/\/www.suviseurat.fi/2024\/es\/servicios\/punto-de-carga-de-telefonos\/\" \/>\n<meta property=\"og:site_name\" content=\"SRK:n Suviseurat Pudasj\u00e4rvell\u00e4 2024\" \/>\n<meta property=\"article:publisher\" content=\"https:\/\/www.facebook.com\/SRKryNyt\/\" \/>\n<meta property=\"article:modified_time\" content=\"2024-06-23T12:11:49+00:00\" \/>\n<meta name=\"twitter:card\" content=\"summary_large_image\" \/>\n<meta name=\"twitter:site\" content=\"@Suviseurat\" \/>\n<meta name=\"twitter:label1\" content=\"Tiempo de lectura\" \/>\n\t<meta name=\"twitter:data1\" content=\"1 minute\" \/>\n<script type=\"application\/ld+json\" class=\"yoast-schema-graph\">{\"@context\":\"https:\/\/schema.org\",\"@graph\":[{\"@type\":\"WebPage\",\"@id\":\"https:\/\/www.suviseurat.fi/2024\/es\/servicios\/punto-de-carga-de-telefonos\/\",\"url\":\"https:\/\/www.suviseurat.fi/2024\/es\/servicios\/punto-de-carga-de-telefonos\/\",\"name\":\"Punto de carga de tel\u00e9fonos - SRK:n Suviseurat Pudasj\u00e4rvell\u00e4 2024\",\"isPartOf\":{\"@id\":\"https:\/\/www.suviseurat.fi/2024\/#website\"},\"datePublished\":\"2024-05-14T12:17:32+00:00\",\"dateModified\":\"2024-06-23T12:11:49+00:00\",\"description\":\"Horario de apertura Punto de carga de tel\u00e9fonos Mi\u00e9rcoles De 12 a 22 Jueves - S\u00e1bado De 10 a 14 Domingo De 11 a 14 lunes 10-15 Los tel\u00e9fonos m\u00f3viles\",\"breadcrumb\":{\"@id\":\"https:\/\/www.suviseurat.fi/2024\/es\/servicios\/punto-de-carga-de-telefonos\/#breadcrumb\"},\"inLanguage\":\"es-ES\",\"potentialAction\":[{\"@type\":\"ReadAction\",\"target\":[\"https:\/\/www.suviseurat.fi/2024\/es\/servicios\/punto-de-carga-de-telefonos\/\"]}]},{\"@type\":\"BreadcrumbList\",\"@id\":\"https:\/\/www.suviseurat.fi/2024\/es\/servicios\/punto-de-carga-de-telefonos\/#breadcrumb\",\"itemListElement\":[{\"@type\":\"ListItem\",\"position\":1,\"name\":\"Etusivu\",\"item\":\"https:\/\/www.suviseurat.fi/2024\/es\/20558-2\/\"},{\"@type\":\"ListItem\",\"position\":2,\"name\":\"Servicios\",\"item\":\"https:\/\/www.suviseurat.fi/2024\/es\/servicios\/\"},{\"@type\":\"ListItem\",\"position\":3,\"name\":\"Punto de carga de tel\u00e9fonos\"}]},{\"@type\":\"WebSite\",\"@id\":\"https:\/\/www.suviseurat.fi/2024\/#website\",\"url\":\"https:\/\/www.suviseurat.fi/2024\/\",\"name\":\"SRK:n Suviseurat Pudasj\u00e4rvell\u00e4 2024\",\"description\":\"Olenko min\u00e4 sinulle rakas?\",\"publisher\":{\"@id\":\"https:\/\/www.suviseurat.fi/2024\/#organization\"},\"potentialAction\":[{\"@type\":\"SearchAction\",\"target\":{\"@type\":\"EntryPoint\",\"urlTemplate\":\"https:\/\/www.suviseurat.fi/2024\/?s={search_term_string}\"},\"query-input\":\"required name=search_term_string\"}],\"inLanguage\":\"es-ES\"},{\"@type\":\"Organization\",\"@id\":\"https:\/\/www.suviseurat.fi/2024\/#organization\",\"name\":\"Suviseurat\",\"url\":\"https:\/\/www.suviseurat.fi/2024\/\",\"logo\":{\"@type\":\"ImageObject\",\"inLanguage\":\"es-ES\",\"@id\":\"https:\/\/www.suviseurat.fi/2024\/#\/schema\/logo\/image\/\",\"url\":\"https:\/\/www.suviseurat.fi/2024\/wp-content\/uploads\/2023\/10\/tunnus-nelio.jpg\",\"contentUrl\":\"https:\/\/www.suviseurat.fi/2024\/wp-content\/uploads\/2023\/10\/tunnus-nelio.jpg\",\"width\":1000,\"height\":1000,\"caption\":\"Suviseurat\"},\"image\":{\"@id\":\"https:\/\/www.suviseurat.fi/2024\/#\/schema\/logo\/image\/\"},\"sameAs\":[\"https:\/\/www.facebook.com\/SRKryNyt\/\",\"https:\/\/x.com\/Suviseurat\",\"https:\/\/www.facebook.com\/srksuviseurat\/\",\"https:\/\/www.youtube.com\/@SRKnyt\",\"https:\/\/www.instagram.com\/srk_nyt\/\",\"https:\/\/www.flickr.com\/photos\/suviseurat\"]}]}<\/script>\n<!-- \/ Yoast SEO plugin. -->","yoast_head_json":{"title":"Punto de carga de tel\u00e9fonos - SRK:n Suviseurat Pudasj\u00e4rvell\u00e4 2024","description":"Horario de apertura Punto de carga de tel\u00e9fonos Mi\u00e9rcoles De 12 a 22 Jueves - S\u00e1bado De 10 a 14 Domingo De 11 a 14 lunes 10-15 Los tel\u00e9fonos m\u00f3viles","robots":{"index":"index","follow":"follow","max-snippet":"max-snippet:-1","max-image-preview":"max-image-preview:large","max-video-preview":"max-video-preview:-1"},"canonical":"https:\/\/www.suviseurat.fi/2024\/es\/servicios\/punto-de-carga-de-telefonos\/","og_locale":"es_ES","og_type":"article","og_title":"Punto de carga de tel\u00e9fonos - SRK:n Suviseurat Pudasj\u00e4rvell\u00e4 2024","og_description":"Horario de apertura Punto de carga de tel\u00e9fonos Mi\u00e9rcoles De 12 a 22 Jueves - S\u00e1bado De 10 a 14 Domingo De 11 a 14 lunes 10-15 Los tel\u00e9fonos m\u00f3viles","og_url":"https:\/\/www.suviseurat.fi/2024\/es\/servicios\/punto-de-carga-de-telefonos\/","og_site_name":"SRK:n Suviseurat Pudasj\u00e4rvell\u00e4 2024","article_publisher":"https:\/\/www.facebook.com\/SRKryNyt\/","article_modified_time":"2024-06-23T12:11:49+00:00","twitter_card":"summary_large_image","twitter_site":"@Suviseurat","twitter_misc":{"Tiempo de lectura":"1 minute"},"schema":{"@context":"https:\/\/schema.org","@graph":[{"@type":"WebPage","@id":"https:\/\/www.suviseurat.fi/2024\/es\/servicios\/punto-de-carga-de-telefonos\/","url":"https:\/\/www.suviseurat.fi/2024\/es\/servicios\/punto-de-carga-de-telefonos\/","name":"Punto de carga de tel\u00e9fonos - SRK:n Suviseurat Pudasj\u00e4rvell\u00e4 2024","isPartOf":{"@id":"https:\/\/www.suviseurat.fi/2024\/#website"},"datePublished":"2024-05-14T12:17:32+00:00","dateModified":"2024-06-23T12:11:49+00:00","description":"Horario de apertura Punto de carga de tel\u00e9fonos Mi\u00e9rcoles De 12 a 22 Jueves - S\u00e1bado De 10 a 14 Domingo De 11 a 14 lunes 10-15 Los tel\u00e9fonos m\u00f3viles","breadcrumb":{"@id":"https:\/\/www.suviseurat.fi/2024\/es\/servicios\/punto-de-carga-de-telefonos\/#breadcrumb"},"inLanguage":"es-ES","potentialAction":[{"@type":"ReadAction","target":["https:\/\/www.suviseurat.fi/2024\/es\/servicios\/punto-de-carga-de-telefonos\/"]}]},{"@type":"BreadcrumbList","@id":"https:\/\/www.suviseurat.fi/2024\/es\/servicios\/punto-de-carga-de-telefonos\/#breadcrumb","itemListElement":[{"@type":"ListItem","position":1,"name":"Etusivu","item":"https:\/\/www.suviseurat.fi/2024\/es\/20558-2\/"},{"@type":"ListItem","position":2,"name":"Servicios","item":"https:\/\/www.suviseurat.fi/2024\/es\/servicios\/"},{"@type":"ListItem","position":3,"name":"Punto de carga de tel\u00e9fonos"}]},{"@type":"WebSite","@id":"https:\/\/www.suviseurat.fi/2024\/#website","url":"https:\/\/www.suviseurat.fi/2024\/","name":"SRK:n Suviseurat Pudasj\u00e4rvell\u00e4 2024","description":"Olenko min\u00e4 sinulle rakas?","publisher":{"@id":"https:\/\/www.suviseurat.fi/2024\/#organization"},"potentialAction":[{"@type":"SearchAction","target":{"@type":"EntryPoint","urlTemplate":"https:\/\/www.suviseurat.fi/2024\/?s={search_term_string}"},"query-input":"required name=search_term_string"}],"inLanguage":"es-ES"},{"@type":"Organization","@id":"https:\/\/www.suviseurat.fi/2024\/#organization","name":"Suviseurat","url":"https:\/\/www.suviseurat.fi/2024\/","logo":{"@type":"ImageObject","inLanguage":"es-ES","@id":"https:\/\/www.suviseurat.fi/2024\/#\/schema\/logo\/image\/","url":"https:\/\/www.suviseurat.fi/2024\/wp-content\/uploads\/2023\/10\/tunnus-nelio.jpg","contentUrl":"https:\/\/www.suviseurat.fi/2024\/wp-content\/uploads\/2023\/10\/tunnus-nelio.jpg","width":1000,"height":1000,"caption":"Suviseurat"},"image":{"@id":"https:\/\/www.suviseurat.fi/2024\/#\/schema\/logo\/image\/"},"sameAs":["https:\/\/www.facebook.com\/SRKryNyt\/","https:\/\/x.com\/Suviseurat","https:\/\/www.facebook.com\/srksuviseurat\/","https:\/\/www.youtube.com\/@SRKnyt","https:\/\/www.instagram.com\/srk_nyt\/","https:\/\/www.flickr.com\/photos\/suviseurat"]}]}},"_links":{"self":[{"href":"https:\/\/www.suviseurat.fi/2024\/es\/wp-json\/wp\/v2\/pages\/20542"}],"collection":[{"href":"https:\/\/www.suviseurat.fi/2024\/es\/wp-json\/wp\/v2\/pages"}],"about":[{"href":"https:\/\/www.suviseurat.fi/2024\/es\/wp-json\/wp\/v2\/types\/page"}],"author":[{"embeddable":true,"href":"https:\/\/www.suviseurat.fi/2024\/es\/wp-json\/wp\/v2\/users\/19"}],"replies":[{"embeddable":true,"href":"https:\/\/www.suviseurat.fi/2024\/es\/wp-json\/wp\/v2\/comments?post=20542"}],"version-history":[{"count":1,"href":"https:\/\/www.suviseurat.fi/2024\/es\/wp-json\/wp\/v2\/pages\/20542\/revisions"}],"predecessor-version":[{"id":20692,"href":"https:\/\/www.suviseurat.fi/2024\/es\/wp-json\/wp\/v2\/pages\/20542\/revisions\/20692"}],"up":[{"embeddable":true,"href":"https:\/\/www.suviseurat.fi/2024\/es\/wp-json\/wp\/v2\/pages\/20687"}],"wp:attachment":[{"href":"https:\/\/www.suviseurat.fi/2024\/es\/wp-json\/wp\/v2\/media?parent=20542"}],"curies":[{"name":"wp","href":"https:\/\/api.w.org\/{rel}","templated":true}]}}