{"id":20543,"date":"2019-02-18T15:32:25","date_gmt":"2019-02-18T13:32:25","guid":{"rendered":"https:\/\/www.suviseurat.fi/2024\/alojamiento\/"},"modified":"2024-06-23T15:11:49","modified_gmt":"2024-06-23T12:11:49","slug":"alojamiento","status":"publish","type":"page","link":"https:\/\/www.suviseurat.fi/2024\/es\/servicios\/alojamiento\/","title":{"rendered":"Alojamiento"},"content":{"rendered":"\n<p><span style=\"font-weight: 400\">El Servicio de Alojamiento de Los Servicios de Verano ofrece a los hu\u00e9spedes alojamiento en escuelas como invitados, aulas y alojamientos compartidos, alojamiento privado en los alrededores, caravanas y autocaravanas de alquiler en el parque de caravanas. La intermediaci\u00f3n se realiza a trav\u00e9s de la tienda de alojamiento en <a href=\"https:\/\/kauppa.suviseurat.fi\/\">kauppa.suviseurat.fi<\/a>. <\/span><\/p>\n<p><span style=\"font-weight: 400\">Propietario<\/span> <span style=\"font-weight: 400\">puede ofrecer alojamientos (casas, chalets, apartamentos, caravanas y autocaravanas) en alquiler. <\/span><a href=\"https:\/\/lomake.suviseurat.fi\/\" target=\"_blank\" rel=\"noopener\"><span style=\"font-weight: 400\">utilizando este formulario<\/span><\/a><span style=\"font-weight: 400\"> a partir del 11.3.2024. <\/span> <\/p>\n<p><a href=\"https:\/\/kauppa.suviseurat.fi\/\"><span style=\"font-weight: 400\">Tienda de alojamiento<\/span><\/a><span style=\"font-weight: 400\"> Abre el 8.4.2024. El alojamiento estar\u00e1 a la venta durante toda la primavera y, tras cualquier cancelaci\u00f3n, la propiedad volver\u00e1 al mercado.  As\u00ed que merece la pena echar un vistazo a la selecci\u00f3n con regularidad.<\/span><\/p>\n<p> <\/p>\n<h3><strong>Un aula en una escuela y alojamiento compartido<\/strong><\/h3>\n<p><span style=\"font-weight: 400\">Hay alojamiento en las escuelas de Pudasj\u00e4rvi, Ranua y Taivalkoski. Se vende en paquetes de tres o cuatro noches. Los alojamientos en una aula en la escuela, se encuentran a 5-70 km de la zona de Los Servicios de Verano.<\/span><\/p>\n<p><span style=\"font-weight: 400\">Para el alojamiento compartido, puedes comprar una plaza en el pabell\u00f3n deportivo de las escuelas del centro de Pudasj\u00e4rvi. Las salas est\u00e1n separadas para hombres y mujeres. El precio del alojamiento es de 25 euros por noche. <\/span><\/p>\n<p><span style=\"font-weight: 400\">Los alojamientos un una aula de escuela y compartidos no incluyen colch\u00f3n, pero se puede comprar un colch\u00f3n relleno de aire en la tienda del alojamiento o en la oficina de alojamiento del campamento de verano. Los colchones reservados a trav\u00e9s de la tienda de alojamiento se entregar\u00e1n en las aulas. Los locales abren por la noche a las 20:00 y deben quedar libres antes de las 10:00 de la ma\u00f1ana. Los locales permanecer\u00e1n cerrados durante todo el d\u00eda. Desde los alojamientos escolares en el centro de Pudasj\u00e4rvi se organiza un transporte en autob\u00fas de pago hacia el \u00e1rea de los Servicios de Verano.<\/span><\/p>\n<p><span style=\"font-weight: 400\">El hospedado tiene la posibilidad de actuar como vigilante nocturno durante un turno de trabajo de unas pocas horas, si as\u00ed lo desea. Puedes indicar tu inter\u00e9s al reservar alojamiento, tras lo cual la oficina de alojamiento se pondr\u00e1 en contacto contigo.<\/span><\/p>\n<p><span style=\"font-weight: 400\">Una aula en la escuela o alojamiento compartido reservado y pagado puede cancelarse gratuitamente hasta el 9.6.2024. A la cantidad a reembolsar se le descontar\u00e1 entonces una tasa de reserva de 40 euros por alojamiento en una aula en la escuela.<\/span><\/p>\n<p> <\/p>\n<h3><strong>Alojamientos privados y caravanas de alquiler<\/strong><\/h3>\n<p><span style=\"font-weight: 400\">El alojamiento privado incluye casas, caba\u00f1as y apartamentos. El servicio de alojamiento intermedia estos lugares. <\/span><a href=\"https:\/\/kauppa.suviseurat.fi\/\"><span style=\"font-weight: 400\">Tienda de alojamiento<\/span><\/a><span style=\"font-weight: 400\"> y cobra una comisi\u00f3n de intermediaci\u00f3n de 40 euros. El contrato de alquiler propiamente dicho y el pago del alquiler se realizan directamente entre el inquilino y el propietario. <\/span><\/p>\n<p><span style=\"font-weight: 400\">Tambi\u00e9n se pueden alquilar caravanas y autocaravanas tra\u00eddas a la zona de Los Servicos de Verano <\/span><a href=\"https:\/\/kauppa.suviseurat.fi\/\"><span style=\"font-weight: 400\">tienda de alojamiento<\/span><\/a><span style=\"font-weight: 400\"> v\u00eda. El servicio de alojamiento las intermediar\u00e1 en la tienda de alojamiento y cobrar\u00e1 una comisi\u00f3n de intermediaci\u00f3n de 20 euros (incluido el servicio de intermediaci\u00f3n de llaves). El contrato de alquiler propiamente dicho y el pago del alquiler se realizan directamente entre el inquilino y el propietario.<\/span><\/p>\n<p><span style=\"font-weight: 400\">En la planta baja hay una zona dedicada a los coches de alquiler, con un punto de intercambio de llaves. Habr\u00e1 servicio de guardia del martes 25 de junio de 2024 de 12 a 22 y el 27.6.2024 de 9 a 14.  En otras ocasiones, puedes ponerte en contacto con el funcionario de guardia por tel\u00e9fono llamando al 040 1320 792. <\/span><\/p>\n<p><span style=\"font-weight: 400\">Para obtener instrucciones para arrendatarios y arrendadores de caravanas, sigue estos enlaces:<br><\/span><a href=\"https:\/\/www.suviseurat.fi/2024\/wp-content\/uploads\/2024\/03\/Ohjeet-vuokralaiselle-Pudasjarvi-2024.pdf\" target=\"_blank\" rel=\"noopener\"><span style=\"font-weight: 400\">Instrucciones para el arrendatario Pudasj\u00e4rvi 2024<\/span><\/a> <span style=\"font-weight: 400\">e Instrucciones <a href=\"https:\/\/www.suviseurat.fi/2024\/wp-content\/uploads\/2024\/03\/Ohjeet-vuokranantajalle-Pudasjarvi-2024.pdf\" target=\"_blank\" rel=\"noopener\">para el arrendador Pudasj\u00e4rvi 20<\/a>24<\/span><\/p>\n<p>El propietario del alojamiento privado puede imprimir las <a href=\"https:\/\/www.suviseurat.fi/2024\/wp-content\/uploads\/2024\/05\/Toimintaohje_hatatilanteiden_varalle.pdf\" target=\"_blank\" rel=\"noopener\">instrucciones de seguridad<\/a> para su propiedad si lo desea.<\/p>\n<p><span style=\"font-weight: 400\">Para m\u00e1s informaci\u00f3n, ponte en contacto con el Comit\u00e9 de Alojamiento a partir del 11.3.2024 en d\u00edas laborables de 18 a 20 en el 040 1320 790 o por correo electr\u00f3nico a majoitus@suviseurat.fi.<\/span><\/p>\n","protected":false},"excerpt":{"rendered":"<p>El Servicio de Alojamiento de Los Servicios de Verano ofrece a los hu\u00e9spedes alojamiento en<a class=\"moretag\" href=\"https:\/\/www.suviseurat.fi/2024\/es\/servicios\/alojamiento\/\">Jatka lukemista ><\/a><\/p>\n","protected":false},"author":19,"featured_media":0,"parent":20687,"menu_order":2,"comment_status":"closed","ping_status":"closed","template":"","meta":{"_acf_changed":false,"footnotes":""},"class_list":["post-20543","page","type-page","status-publish","hentry"],"acf":[],"yoast_head":"<!-- This site is optimized with the Yoast SEO plugin v23.3 - https:\/\/yoast.com\/wordpress\/plugins\/seo\/ -->\n<title>Alojamiento - SRK:n Suviseurat Pudasj\u00e4rvell\u00e4 2024<\/title>\n<meta name=\"description\" content=\"El Servicio de Alojamiento de Los Servicios de Verano ofrece a los hu\u00e9spedes alojamiento en escuelas como invitados, aulas y alojamientos compartidos,\" \/>\n<meta name=\"robots\" content=\"index, follow, max-snippet:-1, max-image-preview:large, max-video-preview:-1\" \/>\n<link rel=\"canonical\" href=\"https:\/\/www.suviseurat.fi/2024\/es\/servicios\/alojamiento\/\" \/>\n<meta property=\"og:locale\" content=\"es_ES\" \/>\n<meta property=\"og:type\" content=\"article\" \/>\n<meta property=\"og:title\" content=\"Alojamiento - SRK:n Suviseurat Pudasj\u00e4rvell\u00e4 2024\" \/>\n<meta property=\"og:description\" content=\"El Servicio de Alojamiento de Los Servicios de Verano ofrece a los hu\u00e9spedes alojamiento en escuelas como invitados, aulas y alojamientos compartidos,\" \/>\n<meta property=\"og:url\" content=\"https:\/\/www.suviseurat.fi/2024\/es\/servicios\/alojamiento\/\" \/>\n<meta property=\"og:site_name\" content=\"SRK:n Suviseurat Pudasj\u00e4rvell\u00e4 2024\" \/>\n<meta property=\"article:publisher\" content=\"https:\/\/www.facebook.com\/SRKryNyt\/\" \/>\n<meta property=\"article:modified_time\" content=\"2024-06-23T12:11:49+00:00\" \/>\n<meta name=\"twitter:card\" content=\"summary_large_image\" \/>\n<meta name=\"twitter:site\" content=\"@Suviseurat\" \/>\n<meta name=\"twitter:label1\" content=\"Tiempo de lectura\" \/>\n\t<meta name=\"twitter:data1\" content=\"3 minutes\" \/>\n<script type=\"application\/ld+json\" class=\"yoast-schema-graph\">{\"@context\":\"https:\/\/schema.org\",\"@graph\":[{\"@type\":\"WebPage\",\"@id\":\"https:\/\/www.suviseurat.fi/2024\/es\/servicios\/alojamiento\/\",\"url\":\"https:\/\/www.suviseurat.fi/2024\/es\/servicios\/alojamiento\/\",\"name\":\"Alojamiento - SRK:n Suviseurat Pudasj\u00e4rvell\u00e4 2024\",\"isPartOf\":{\"@id\":\"https:\/\/www.suviseurat.fi/2024\/#website\"},\"datePublished\":\"2019-02-18T13:32:25+00:00\",\"dateModified\":\"2024-06-23T12:11:49+00:00\",\"description\":\"El Servicio de Alojamiento de Los Servicios de Verano ofrece a los hu\u00e9spedes alojamiento en escuelas como invitados, aulas y alojamientos compartidos,\",\"breadcrumb\":{\"@id\":\"https:\/\/www.suviseurat.fi/2024\/es\/servicios\/alojamiento\/#breadcrumb\"},\"inLanguage\":\"es-ES\",\"potentialAction\":[{\"@type\":\"ReadAction\",\"target\":[\"https:\/\/www.suviseurat.fi/2024\/es\/servicios\/alojamiento\/\"]}]},{\"@type\":\"BreadcrumbList\",\"@id\":\"https:\/\/www.suviseurat.fi/2024\/es\/servicios\/alojamiento\/#breadcrumb\",\"itemListElement\":[{\"@type\":\"ListItem\",\"position\":1,\"name\":\"Etusivu\",\"item\":\"https:\/\/www.suviseurat.fi/2024\/es\/20558-2\/\"},{\"@type\":\"ListItem\",\"position\":2,\"name\":\"Servicios\",\"item\":\"https:\/\/www.suviseurat.fi/2024\/es\/servicios\/\"},{\"@type\":\"ListItem\",\"position\":3,\"name\":\"Alojamiento\"}]},{\"@type\":\"WebSite\",\"@id\":\"https:\/\/www.suviseurat.fi/2024\/#website\",\"url\":\"https:\/\/www.suviseurat.fi/2024\/\",\"name\":\"SRK:n Suviseurat Pudasj\u00e4rvell\u00e4 2024\",\"description\":\"Olenko min\u00e4 sinulle rakas?\",\"publisher\":{\"@id\":\"https:\/\/www.suviseurat.fi/2024\/#organization\"},\"potentialAction\":[{\"@type\":\"SearchAction\",\"target\":{\"@type\":\"EntryPoint\",\"urlTemplate\":\"https:\/\/www.suviseurat.fi/2024\/?s={search_term_string}\"},\"query-input\":\"required name=search_term_string\"}],\"inLanguage\":\"es-ES\"},{\"@type\":\"Organization\",\"@id\":\"https:\/\/www.suviseurat.fi/2024\/#organization\",\"name\":\"Suviseurat\",\"url\":\"https:\/\/www.suviseurat.fi/2024\/\",\"logo\":{\"@type\":\"ImageObject\",\"inLanguage\":\"es-ES\",\"@id\":\"https:\/\/www.suviseurat.fi/2024\/#\/schema\/logo\/image\/\",\"url\":\"https:\/\/www.suviseurat.fi/2024\/wp-content\/uploads\/2023\/10\/tunnus-nelio.jpg\",\"contentUrl\":\"https:\/\/www.suviseurat.fi/2024\/wp-content\/uploads\/2023\/10\/tunnus-nelio.jpg\",\"width\":1000,\"height\":1000,\"caption\":\"Suviseurat\"},\"image\":{\"@id\":\"https:\/\/www.suviseurat.fi/2024\/#\/schema\/logo\/image\/\"},\"sameAs\":[\"https:\/\/www.facebook.com\/SRKryNyt\/\",\"https:\/\/x.com\/Suviseurat\",\"https:\/\/www.facebook.com\/srksuviseurat\/\",\"https:\/\/www.youtube.com\/@SRKnyt\",\"https:\/\/www.instagram.com\/srk_nyt\/\",\"https:\/\/www.flickr.com\/photos\/suviseurat\"]}]}<\/script>\n<!-- \/ Yoast SEO plugin. -->","yoast_head_json":{"title":"Alojamiento - SRK:n Suviseurat Pudasj\u00e4rvell\u00e4 2024","description":"El Servicio de Alojamiento de Los Servicios de Verano ofrece a los hu\u00e9spedes alojamiento en escuelas como invitados, aulas y alojamientos compartidos,","robots":{"index":"index","follow":"follow","max-snippet":"max-snippet:-1","max-image-preview":"max-image-preview:large","max-video-preview":"max-video-preview:-1"},"canonical":"https:\/\/www.suviseurat.fi/2024\/es\/servicios\/alojamiento\/","og_locale":"es_ES","og_type":"article","og_title":"Alojamiento - SRK:n Suviseurat Pudasj\u00e4rvell\u00e4 2024","og_description":"El Servicio de Alojamiento de Los Servicios de Verano ofrece a los hu\u00e9spedes alojamiento en escuelas como invitados, aulas y alojamientos compartidos,","og_url":"https:\/\/www.suviseurat.fi/2024\/es\/servicios\/alojamiento\/","og_site_name":"SRK:n Suviseurat Pudasj\u00e4rvell\u00e4 2024","article_publisher":"https:\/\/www.facebook.com\/SRKryNyt\/","article_modified_time":"2024-06-23T12:11:49+00:00","twitter_card":"summary_large_image","twitter_site":"@Suviseurat","twitter_misc":{"Tiempo de lectura":"3 minutes"},"schema":{"@context":"https:\/\/schema.org","@graph":[{"@type":"WebPage","@id":"https:\/\/www.suviseurat.fi/2024\/es\/servicios\/alojamiento\/","url":"https:\/\/www.suviseurat.fi/2024\/es\/servicios\/alojamiento\/","name":"Alojamiento - SRK:n Suviseurat Pudasj\u00e4rvell\u00e4 2024","isPartOf":{"@id":"https:\/\/www.suviseurat.fi/2024\/#website"},"datePublished":"2019-02-18T13:32:25+00:00","dateModified":"2024-06-23T12:11:49+00:00","description":"El Servicio de Alojamiento de Los Servicios de Verano ofrece a los hu\u00e9spedes alojamiento en escuelas como invitados, aulas y alojamientos compartidos,","breadcrumb":{"@id":"https:\/\/www.suviseurat.fi/2024\/es\/servicios\/alojamiento\/#breadcrumb"},"inLanguage":"es-ES","potentialAction":[{"@type":"ReadAction","target":["https:\/\/www.suviseurat.fi/2024\/es\/servicios\/alojamiento\/"]}]},{"@type":"BreadcrumbList","@id":"https:\/\/www.suviseurat.fi/2024\/es\/servicios\/alojamiento\/#breadcrumb","itemListElement":[{"@type":"ListItem","position":1,"name":"Etusivu","item":"https:\/\/www.suviseurat.fi/2024\/es\/20558-2\/"},{"@type":"ListItem","position":2,"name":"Servicios","item":"https:\/\/www.suviseurat.fi/2024\/es\/servicios\/"},{"@type":"ListItem","position":3,"name":"Alojamiento"}]},{"@type":"WebSite","@id":"https:\/\/www.suviseurat.fi/2024\/#website","url":"https:\/\/www.suviseurat.fi/2024\/","name":"SRK:n Suviseurat Pudasj\u00e4rvell\u00e4 2024","description":"Olenko min\u00e4 sinulle rakas?","publisher":{"@id":"https:\/\/www.suviseurat.fi/2024\/#organization"},"potentialAction":[{"@type":"SearchAction","target":{"@type":"EntryPoint","urlTemplate":"https:\/\/www.suviseurat.fi/2024\/?s={search_term_string}"},"query-input":"required name=search_term_string"}],"inLanguage":"es-ES"},{"@type":"Organization","@id":"https:\/\/www.suviseurat.fi/2024\/#organization","name":"Suviseurat","url":"https:\/\/www.suviseurat.fi/2024\/","logo":{"@type":"ImageObject","inLanguage":"es-ES","@id":"https:\/\/www.suviseurat.fi/2024\/#\/schema\/logo\/image\/","url":"https:\/\/www.suviseurat.fi/2024\/wp-content\/uploads\/2023\/10\/tunnus-nelio.jpg","contentUrl":"https:\/\/www.suviseurat.fi/2024\/wp-content\/uploads\/2023\/10\/tunnus-nelio.jpg","width":1000,"height":1000,"caption":"Suviseurat"},"image":{"@id":"https:\/\/www.suviseurat.fi/2024\/#\/schema\/logo\/image\/"},"sameAs":["https:\/\/www.facebook.com\/SRKryNyt\/","https:\/\/x.com\/Suviseurat","https:\/\/www.facebook.com\/srksuviseurat\/","https:\/\/www.youtube.com\/@SRKnyt","https:\/\/www.instagram.com\/srk_nyt\/","https:\/\/www.flickr.com\/photos\/suviseurat"]}]}},"_links":{"self":[{"href":"https:\/\/www.suviseurat.fi/2024\/es\/wp-json\/wp\/v2\/pages\/20543"}],"collection":[{"href":"https:\/\/www.suviseurat.fi/2024\/es\/wp-json\/wp\/v2\/pages"}],"about":[{"href":"https:\/\/www.suviseurat.fi/2024\/es\/wp-json\/wp\/v2\/types\/page"}],"author":[{"embeddable":true,"href":"https:\/\/www.suviseurat.fi/2024\/es\/wp-json\/wp\/v2\/users\/19"}],"replies":[{"embeddable":true,"href":"https:\/\/www.suviseurat.fi/2024\/es\/wp-json\/wp\/v2\/comments?post=20543"}],"version-history":[{"count":1,"href":"https:\/\/www.suviseurat.fi/2024\/es\/wp-json\/wp\/v2\/pages\/20543\/revisions"}],"predecessor-version":[{"id":20544,"href":"https:\/\/www.suviseurat.fi/2024\/es\/wp-json\/wp\/v2\/pages\/20543\/revisions\/20544"}],"up":[{"embeddable":true,"href":"https:\/\/www.suviseurat.fi/2024\/es\/wp-json\/wp\/v2\/pages\/20687"}],"wp:attachment":[{"href":"https:\/\/www.suviseurat.fi/2024\/es\/wp-json\/wp\/v2\/media?parent=20543"}],"curies":[{"name":"wp","href":"https:\/\/api.w.org\/{rel}","templated":true}]}}