{"id":20545,"date":"2024-05-14T15:29:44","date_gmt":"2024-05-14T12:29:44","guid":{"rendered":"https:\/\/www.suviseurat.fi/2024\/peticiones-de-intercesion\/"},"modified":"2024-06-23T15:16:20","modified_gmt":"2024-06-23T12:16:20","slug":"peticiones-de-intercesion","status":"publish","type":"page","link":"https:\/\/www.suviseurat.fi/2024\/es\/instrucciones\/peticiones-de-intercesion\/","title":{"rendered":"Peticiones de intercesi\u00f3n"},"content":{"rendered":"\n<p>En las reuniones de verano, existe la oportunidad de pedir la intercesi\u00f3n de los hijos de Dios. Encontrar\u00e1s el servicio de intercesi\u00f3n junto al comulgatorio.  Al enviar una solicitud de intercesi\u00f3n, tambi\u00e9n tienes la oportunidad de mantener una conversaci\u00f3n personal y confidencial. Las intercesiones s\u00f3lo pueden hacerse en el lugar<\/p>\n\n<p> <\/p>\n<table style=\"border-collapse: collapse;width: 40.9509%\">\n<tbody>\n<tr>\n<td style=\"width: 29.881%\"><strong>Horario del servicio de intercesi\u00f3n<\/strong><\/td>\n<td style=\"width: 13.6471%\"> <\/td>\n<\/tr>\n<tr>\n<td style=\"width: 29.881%\">VIERNES<\/td>\n<td style=\"width: 13.6471%\">De 9 a 21<\/td>\n<\/tr>\n<tr>\n<td style=\"width: 29.881%\">S\u00c1BADO<\/td>\n<td style=\"width: 13.6471%\">De 9 a 21<\/td>\n<\/tr>\n<tr>\n<td style=\"width: 29.881%\">DOMINGO<\/td>\n<td style=\"width: 13.6471%\">De 9 a 18<\/td>\n<\/tr>\n<\/tbody>\n<\/table>\n\n<p>&#8220;La oraci\u00f3n del justo es poderosa y logra mucho&#8221;. (Santiago 5:16)<\/p>\n","protected":false},"excerpt":{"rendered":"<p>En las reuniones de verano, existe la oportunidad de pedir la intercesi\u00f3n de los hijos<a class=\"moretag\" href=\"https:\/\/www.suviseurat.fi/2024\/es\/instrucciones\/peticiones-de-intercesion\/\">Jatka lukemista ><\/a><\/p>\n","protected":false},"author":19,"featured_media":0,"parent":20696,"menu_order":2,"comment_status":"closed","ping_status":"closed","template":"","meta":{"_acf_changed":false,"footnotes":""},"class_list":["post-20545","page","type-page","status-publish","hentry"],"acf":[],"yoast_head":"<!-- This site is optimized with the Yoast SEO plugin v23.3 - https:\/\/yoast.com\/wordpress\/plugins\/seo\/ -->\n<title>Peticiones de intercesi\u00f3n - SRK:n Suviseurat Pudasj\u00e4rvell\u00e4 2024<\/title>\n<meta name=\"description\" content=\"En las reuniones de verano, existe la oportunidad de pedir la intercesi\u00f3n de los hijos de Dios. Encontrar\u00e1s el servicio de intercesi\u00f3n junto al\" \/>\n<meta name=\"robots\" content=\"index, follow, max-snippet:-1, max-image-preview:large, max-video-preview:-1\" \/>\n<link rel=\"canonical\" href=\"https:\/\/www.suviseurat.fi/2024\/es\/instrucciones\/peticiones-de-intercesion\/\" \/>\n<meta property=\"og:locale\" content=\"es_ES\" \/>\n<meta property=\"og:type\" content=\"article\" \/>\n<meta property=\"og:title\" content=\"Peticiones de intercesi\u00f3n - SRK:n Suviseurat Pudasj\u00e4rvell\u00e4 2024\" \/>\n<meta property=\"og:description\" content=\"En las reuniones de verano, existe la oportunidad de pedir la intercesi\u00f3n de los hijos de Dios. Encontrar\u00e1s el servicio de intercesi\u00f3n junto al\" \/>\n<meta property=\"og:url\" content=\"https:\/\/www.suviseurat.fi/2024\/es\/instrucciones\/peticiones-de-intercesion\/\" \/>\n<meta property=\"og:site_name\" content=\"SRK:n Suviseurat Pudasj\u00e4rvell\u00e4 2024\" \/>\n<meta property=\"article:publisher\" content=\"https:\/\/www.facebook.com\/SRKryNyt\/\" \/>\n<meta property=\"article:modified_time\" content=\"2024-06-23T12:16:20+00:00\" \/>\n<meta name=\"twitter:card\" content=\"summary_large_image\" \/>\n<meta name=\"twitter:site\" content=\"@Suviseurat\" \/>\n<script type=\"application\/ld+json\" class=\"yoast-schema-graph\">{\"@context\":\"https:\/\/schema.org\",\"@graph\":[{\"@type\":\"WebPage\",\"@id\":\"https:\/\/www.suviseurat.fi/2024\/es\/instrucciones\/peticiones-de-intercesion\/\",\"url\":\"https:\/\/www.suviseurat.fi/2024\/es\/instrucciones\/peticiones-de-intercesion\/\",\"name\":\"Peticiones de intercesi\u00f3n - SRK:n Suviseurat Pudasj\u00e4rvell\u00e4 2024\",\"isPartOf\":{\"@id\":\"https:\/\/www.suviseurat.fi/2024\/#website\"},\"datePublished\":\"2024-05-14T12:29:44+00:00\",\"dateModified\":\"2024-06-23T12:16:20+00:00\",\"description\":\"En las reuniones de verano, existe la oportunidad de pedir la intercesi\u00f3n de los hijos de Dios. Encontrar\u00e1s el servicio de intercesi\u00f3n junto al\",\"breadcrumb\":{\"@id\":\"https:\/\/www.suviseurat.fi/2024\/es\/instrucciones\/peticiones-de-intercesion\/#breadcrumb\"},\"inLanguage\":\"es-ES\",\"potentialAction\":[{\"@type\":\"ReadAction\",\"target\":[\"https:\/\/www.suviseurat.fi/2024\/es\/instrucciones\/peticiones-de-intercesion\/\"]}]},{\"@type\":\"BreadcrumbList\",\"@id\":\"https:\/\/www.suviseurat.fi/2024\/es\/instrucciones\/peticiones-de-intercesion\/#breadcrumb\",\"itemListElement\":[{\"@type\":\"ListItem\",\"position\":1,\"name\":\"Etusivu\",\"item\":\"https:\/\/www.suviseurat.fi/2024\/es\/20558-2\/\"},{\"@type\":\"ListItem\",\"position\":2,\"name\":\"Instrucciones\",\"item\":\"https:\/\/www.suviseurat.fi/2024\/es\/instrucciones\/\"},{\"@type\":\"ListItem\",\"position\":3,\"name\":\"Peticiones de intercesi\u00f3n\"}]},{\"@type\":\"WebSite\",\"@id\":\"https:\/\/www.suviseurat.fi/2024\/#website\",\"url\":\"https:\/\/www.suviseurat.fi/2024\/\",\"name\":\"SRK:n Suviseurat Pudasj\u00e4rvell\u00e4 2024\",\"description\":\"Olenko min\u00e4 sinulle rakas?\",\"publisher\":{\"@id\":\"https:\/\/www.suviseurat.fi/2024\/#organization\"},\"potentialAction\":[{\"@type\":\"SearchAction\",\"target\":{\"@type\":\"EntryPoint\",\"urlTemplate\":\"https:\/\/www.suviseurat.fi/2024\/?s={search_term_string}\"},\"query-input\":\"required name=search_term_string\"}],\"inLanguage\":\"es-ES\"},{\"@type\":\"Organization\",\"@id\":\"https:\/\/www.suviseurat.fi/2024\/#organization\",\"name\":\"Suviseurat\",\"url\":\"https:\/\/www.suviseurat.fi/2024\/\",\"logo\":{\"@type\":\"ImageObject\",\"inLanguage\":\"es-ES\",\"@id\":\"https:\/\/www.suviseurat.fi/2024\/#\/schema\/logo\/image\/\",\"url\":\"https:\/\/www.suviseurat.fi/2024\/wp-content\/uploads\/2023\/10\/tunnus-nelio.jpg\",\"contentUrl\":\"https:\/\/www.suviseurat.fi/2024\/wp-content\/uploads\/2023\/10\/tunnus-nelio.jpg\",\"width\":1000,\"height\":1000,\"caption\":\"Suviseurat\"},\"image\":{\"@id\":\"https:\/\/www.suviseurat.fi/2024\/#\/schema\/logo\/image\/\"},\"sameAs\":[\"https:\/\/www.facebook.com\/SRKryNyt\/\",\"https:\/\/x.com\/Suviseurat\",\"https:\/\/www.facebook.com\/srksuviseurat\/\",\"https:\/\/www.youtube.com\/@SRKnyt\",\"https:\/\/www.instagram.com\/srk_nyt\/\",\"https:\/\/www.flickr.com\/photos\/suviseurat\"]}]}<\/script>\n<!-- \/ Yoast SEO plugin. -->","yoast_head_json":{"title":"Peticiones de intercesi\u00f3n - SRK:n Suviseurat Pudasj\u00e4rvell\u00e4 2024","description":"En las reuniones de verano, existe la oportunidad de pedir la intercesi\u00f3n de los hijos de Dios. Encontrar\u00e1s el servicio de intercesi\u00f3n junto al","robots":{"index":"index","follow":"follow","max-snippet":"max-snippet:-1","max-image-preview":"max-image-preview:large","max-video-preview":"max-video-preview:-1"},"canonical":"https:\/\/www.suviseurat.fi/2024\/es\/instrucciones\/peticiones-de-intercesion\/","og_locale":"es_ES","og_type":"article","og_title":"Peticiones de intercesi\u00f3n - SRK:n Suviseurat Pudasj\u00e4rvell\u00e4 2024","og_description":"En las reuniones de verano, existe la oportunidad de pedir la intercesi\u00f3n de los hijos de Dios. Encontrar\u00e1s el servicio de intercesi\u00f3n junto al","og_url":"https:\/\/www.suviseurat.fi/2024\/es\/instrucciones\/peticiones-de-intercesion\/","og_site_name":"SRK:n Suviseurat Pudasj\u00e4rvell\u00e4 2024","article_publisher":"https:\/\/www.facebook.com\/SRKryNyt\/","article_modified_time":"2024-06-23T12:16:20+00:00","twitter_card":"summary_large_image","twitter_site":"@Suviseurat","schema":{"@context":"https:\/\/schema.org","@graph":[{"@type":"WebPage","@id":"https:\/\/www.suviseurat.fi/2024\/es\/instrucciones\/peticiones-de-intercesion\/","url":"https:\/\/www.suviseurat.fi/2024\/es\/instrucciones\/peticiones-de-intercesion\/","name":"Peticiones de intercesi\u00f3n - SRK:n Suviseurat Pudasj\u00e4rvell\u00e4 2024","isPartOf":{"@id":"https:\/\/www.suviseurat.fi/2024\/#website"},"datePublished":"2024-05-14T12:29:44+00:00","dateModified":"2024-06-23T12:16:20+00:00","description":"En las reuniones de verano, existe la oportunidad de pedir la intercesi\u00f3n de los hijos de Dios. Encontrar\u00e1s el servicio de intercesi\u00f3n junto al","breadcrumb":{"@id":"https:\/\/www.suviseurat.fi/2024\/es\/instrucciones\/peticiones-de-intercesion\/#breadcrumb"},"inLanguage":"es-ES","potentialAction":[{"@type":"ReadAction","target":["https:\/\/www.suviseurat.fi/2024\/es\/instrucciones\/peticiones-de-intercesion\/"]}]},{"@type":"BreadcrumbList","@id":"https:\/\/www.suviseurat.fi/2024\/es\/instrucciones\/peticiones-de-intercesion\/#breadcrumb","itemListElement":[{"@type":"ListItem","position":1,"name":"Etusivu","item":"https:\/\/www.suviseurat.fi/2024\/es\/20558-2\/"},{"@type":"ListItem","position":2,"name":"Instrucciones","item":"https:\/\/www.suviseurat.fi/2024\/es\/instrucciones\/"},{"@type":"ListItem","position":3,"name":"Peticiones de intercesi\u00f3n"}]},{"@type":"WebSite","@id":"https:\/\/www.suviseurat.fi/2024\/#website","url":"https:\/\/www.suviseurat.fi/2024\/","name":"SRK:n Suviseurat Pudasj\u00e4rvell\u00e4 2024","description":"Olenko min\u00e4 sinulle rakas?","publisher":{"@id":"https:\/\/www.suviseurat.fi/2024\/#organization"},"potentialAction":[{"@type":"SearchAction","target":{"@type":"EntryPoint","urlTemplate":"https:\/\/www.suviseurat.fi/2024\/?s={search_term_string}"},"query-input":"required name=search_term_string"}],"inLanguage":"es-ES"},{"@type":"Organization","@id":"https:\/\/www.suviseurat.fi/2024\/#organization","name":"Suviseurat","url":"https:\/\/www.suviseurat.fi/2024\/","logo":{"@type":"ImageObject","inLanguage":"es-ES","@id":"https:\/\/www.suviseurat.fi/2024\/#\/schema\/logo\/image\/","url":"https:\/\/www.suviseurat.fi/2024\/wp-content\/uploads\/2023\/10\/tunnus-nelio.jpg","contentUrl":"https:\/\/www.suviseurat.fi/2024\/wp-content\/uploads\/2023\/10\/tunnus-nelio.jpg","width":1000,"height":1000,"caption":"Suviseurat"},"image":{"@id":"https:\/\/www.suviseurat.fi/2024\/#\/schema\/logo\/image\/"},"sameAs":["https:\/\/www.facebook.com\/SRKryNyt\/","https:\/\/x.com\/Suviseurat","https:\/\/www.facebook.com\/srksuviseurat\/","https:\/\/www.youtube.com\/@SRKnyt","https:\/\/www.instagram.com\/srk_nyt\/","https:\/\/www.flickr.com\/photos\/suviseurat"]}]}},"_links":{"self":[{"href":"https:\/\/www.suviseurat.fi/2024\/es\/wp-json\/wp\/v2\/pages\/20545"}],"collection":[{"href":"https:\/\/www.suviseurat.fi/2024\/es\/wp-json\/wp\/v2\/pages"}],"about":[{"href":"https:\/\/www.suviseurat.fi/2024\/es\/wp-json\/wp\/v2\/types\/page"}],"author":[{"embeddable":true,"href":"https:\/\/www.suviseurat.fi/2024\/es\/wp-json\/wp\/v2\/users\/19"}],"replies":[{"embeddable":true,"href":"https:\/\/www.suviseurat.fi/2024\/es\/wp-json\/wp\/v2\/comments?post=20545"}],"version-history":[{"count":1,"href":"https:\/\/www.suviseurat.fi/2024\/es\/wp-json\/wp\/v2\/pages\/20545\/revisions"}],"predecessor-version":[{"id":20546,"href":"https:\/\/www.suviseurat.fi/2024\/es\/wp-json\/wp\/v2\/pages\/20545\/revisions\/20546"}],"up":[{"embeddable":true,"href":"https:\/\/www.suviseurat.fi/2024\/es\/wp-json\/wp\/v2\/pages\/20696"}],"wp:attachment":[{"href":"https:\/\/www.suviseurat.fi/2024\/es\/wp-json\/wp\/v2\/media?parent=20545"}],"curies":[{"name":"wp","href":"https:\/\/api.w.org\/{rel}","templated":true}]}}