{"id":20547,"date":"2024-05-14T15:16:37","date_gmt":"2024-05-14T12:16:37","guid":{"rendered":"https:\/\/www.suviseurat.fi/2024\/servicios-de-cuidado-infantil\/"},"modified":"2024-06-23T15:11:49","modified_gmt":"2024-06-23T12:11:49","slug":"servicios-de-cuidado-infantil","status":"publish","type":"page","link":"https:\/\/www.suviseurat.fi/2024\/es\/servicios\/servicios-de-cuidado-infantil\/","title":{"rendered":"Servicios de cuidado infantil"},"content":{"rendered":"<h3><strong>Ni\u00f1os perdidos<\/strong><\/h3>\n<p>Ponte en contacto con nosotros sobre <span style=\"font-weight: 400\">un ni\u00f1o perdido en el tel. <strong>040 132 0745<\/strong><\/span><\/p>\n<p><span style=\"font-weight: 400\">Pega una etiqueta con el nombre a la ropa de tu hijo o cons\u00edguele una pulsera con los n\u00fameros de tel\u00e9fono de los padres. Las pulseras se venden en el mostrador de informaci\u00f3n y en la tienda.<\/span><\/p>\n<p><span style=\"font-weight: 400\"><strong>Si la guarder\u00eda para ni\u00f1os perdidos est\u00e1 cerrada, ponte en contacto con el tel\u00e9fono de seguridad de la Oficina de Seguridad (040 132 0763<\/strong> ) y acompa\u00f1a al ni\u00f1o a la oficina de seguridad o al vigilante m\u00e1s cercano.<\/span><\/p>\n<table style=\"width: 69.5341%\">\n<tbody>\n<tr>\n<td style=\"background-color: #f0f0f0;width: 30.1452%;text-align: left\"><strong>Horario para el punto de ni\u00f1os perdidos<\/strong><\/td>\n<td style=\"background-color: #f0f0f0;text-align: center;width: 8.55596%\"><\/td>\n<\/tr>\n<tr>\n<td style=\"width: 30.1452%\">Jueves<\/td>\n<td style=\"width: 8.55596%;text-align: left\">De 10 a 14<\/td>\n<\/tr>\n<tr>\n<td style=\"width: 30.1452%\">Viernes a domingo<\/td>\n<td style=\"width: 8.55596%;text-align: left\">De 10 a 14<\/td>\n<\/tr>\n<tr>\n<td style=\"width: 30.1452%\">Lunes<\/td>\n<td style=\"width: 8.55596%;text-align: left\">De 10 a 15<\/td>\n<\/tr>\n<tr>\n<td style=\"width: 30.1452%\"><\/td>\n<td style=\"width: 8.55596%;text-align: left\"><\/td>\n<\/tr>\n<tr>\n<td style=\"width: 30.1452%\"><\/td>\n<td style=\"width: 8.55596%;text-align: left\"><\/td>\n<\/tr>\n<\/tbody>\n<\/table>\n<p>\u200e<\/p>\n<h3><strong>Lactancia materna para ni\u00f1os peque\u00f1os, calentamiento de alimentos para beb\u00e9s y comedor.<\/strong><\/h3>\n<table style=\"width: 68.8095%;height: 154px\">\n<tbody>\n<tr style=\"height: 27px\">\n<td style=\"background-color: #f0f0f0;width: 67.8571%;text-align: left;height: 27px\" colspan=\"2\"><strong>Comedor abierto para ni\u00f1os peque\u00f1os<\/strong><\/td>\n<\/tr>\n<tr style=\"height: 27px\">\n<td style=\"width: 53.4524%;height: 27px\">Jueves<\/td>\n<td style=\"width: 14.4047%;height: 27px;text-align: left\">De 11 a 23<\/td>\n<\/tr>\n<tr style=\"height: 27px\">\n<td style=\"width: 53.4524%;height: 27px\">Viernes a domingo<\/td>\n<td style=\"width: 14.4047%;height: 27px;text-align: left\">de 10 a 14<\/td>\n<\/tr>\n<tr style=\"height: 27px\">\n<td style=\"width: 53.4524%;height: 27px\">lunes<\/td>\n<td style=\"width: 14.4047%;height: 27px;text-align: left\">De 10 a 14<\/td>\n<\/tr>\n<tr style=\"height: 23px\">\n<td style=\"width: 53.4524%;height: 23px\"><\/td>\n<td style=\"width: 14.4047%;text-align: left;height: 23px\"><\/td>\n<\/tr>\n<tr style=\"height: 23px\">\n<td style=\"width: 53.4524%;height: 23px\"><\/td>\n<td style=\"width: 14.4047%;text-align: left;height: 23px\"><\/td>\n<\/tr>\n<\/tbody>\n<\/table>\n<p>\u200e<\/p>\n<h3><strong>Lugar de lavado para ni\u00f1os peque\u00f1os<\/strong><\/h3>\n<p><span style=\"font-weight: 400\">Los lavabos est\u00e1n pensados para ni\u00f1os en edad de usar pa\u00f1ales. Hay un lavabo separado para los enfermos de diarrea. Por favor, trae tu propio refugio, toallas, pa\u00f1ales y detergentes.<\/span><\/p>\n<table style=\"height: 122px;width: 69.7619%\" width=\"404\">\n<tbody>\n<tr>\n<td style=\"background-color: #f0f0f0;width: 52.0315%;text-align: left\"><strong>Horario de las instalaciones de lavado para ni\u00f1os<\/strong><\/td>\n<td style=\"background-color: #f0f0f0;text-align: center;width: 16.1114%\"><\/td>\n<\/tr>\n<tr>\n<td style=\"width: 52.0315%\">Mi\u00e9rcoles (s\u00f3lo la zona de lavado del campo central)<\/td>\n<td style=\"width: 16.1114%;text-align: left\">De 11 a 23<\/td>\n<\/tr>\n<tr>\n<td style=\"width: 52.0315%\">Jueves<\/td>\n<td style=\"width: 16.1114%;text-align: left\">De 11a 23<\/td>\n<\/tr>\n<tr>\n<td style=\"width: 52.0315%\">Viernes a domingo<\/td>\n<td style=\"width: 16.1114%;text-align: left\">De 9 a 14<\/td>\n<\/tr>\n<tr>\n<td style=\"width: 52.0315%\">Lunes<\/td>\n<td style=\"width: 16.1114%;text-align: left\">De 9 a 14<\/td>\n<\/tr>\n<\/tbody>\n<\/table>\n<p>Ubicaci\u00f3n de los lavabos: WC 1-8, WC 10<\/p>\n<h3><strong>Adultos en el campo<\/strong><\/h3>\n<p>Los adultos del campo son responsables de reunirse con los ni\u00f1os y j\u00f3venes en la zona de Los Servicios de Verano por la tarde y por la noche. El objetivo es actuar como adultos seguros, accesibles y como interlocutores.<\/p>\n","protected":false},"excerpt":{"rendered":"<p>Ni\u00f1os perdidos Ponte en contacto con nosotros sobre un ni\u00f1o perdido en el tel. 040<a class=\"moretag\" href=\"https:\/\/www.suviseurat.fi/2024\/es\/servicios\/servicios-de-cuidado-infantil\/\">Jatka lukemista ><\/a><\/p>\n","protected":false},"author":19,"featured_media":0,"parent":20687,"menu_order":8,"comment_status":"closed","ping_status":"closed","template":"","meta":{"_acf_changed":false,"footnotes":""},"class_list":["post-20547","page","type-page","status-publish","hentry"],"acf":[],"yoast_head":"<!-- This site is optimized with the Yoast SEO plugin v23.3 - https:\/\/yoast.com\/wordpress\/plugins\/seo\/ -->\n<title>Servicios de cuidado infantil - SRK:n Suviseurat Pudasj\u00e4rvell\u00e4 2024<\/title>\n<meta name=\"description\" content=\"Ni\u00f1os perdidos Ponte en contacto con nosotros sobre un ni\u00f1o perdido en el tel. 040 132 0745 Pega una etiqueta con el nombre a la ropa de tu hijo o\" \/>\n<meta name=\"robots\" content=\"index, follow, max-snippet:-1, max-image-preview:large, max-video-preview:-1\" \/>\n<link rel=\"canonical\" href=\"https:\/\/www.suviseurat.fi/2024\/es\/servicios\/servicios-de-cuidado-infantil\/\" \/>\n<meta property=\"og:locale\" content=\"es_ES\" \/>\n<meta property=\"og:type\" content=\"article\" \/>\n<meta property=\"og:title\" content=\"Servicios de cuidado infantil - SRK:n Suviseurat Pudasj\u00e4rvell\u00e4 2024\" \/>\n<meta property=\"og:description\" content=\"Ni\u00f1os perdidos Ponte en contacto con nosotros sobre un ni\u00f1o perdido en el tel. 040 132 0745 Pega una etiqueta con el nombre a la ropa de tu hijo o\" \/>\n<meta property=\"og:url\" content=\"https:\/\/www.suviseurat.fi/2024\/es\/servicios\/servicios-de-cuidado-infantil\/\" \/>\n<meta property=\"og:site_name\" content=\"SRK:n Suviseurat Pudasj\u00e4rvell\u00e4 2024\" \/>\n<meta property=\"article:publisher\" content=\"https:\/\/www.facebook.com\/SRKryNyt\/\" \/>\n<meta property=\"article:modified_time\" content=\"2024-06-23T12:11:49+00:00\" \/>\n<meta name=\"twitter:card\" content=\"summary_large_image\" \/>\n<meta name=\"twitter:site\" content=\"@Suviseurat\" \/>\n<meta name=\"twitter:label1\" content=\"Tiempo de lectura\" \/>\n\t<meta name=\"twitter:data1\" content=\"1 minute\" \/>\n<script type=\"application\/ld+json\" class=\"yoast-schema-graph\">{\"@context\":\"https:\/\/schema.org\",\"@graph\":[{\"@type\":\"WebPage\",\"@id\":\"https:\/\/www.suviseurat.fi/2024\/es\/servicios\/servicios-de-cuidado-infantil\/\",\"url\":\"https:\/\/www.suviseurat.fi/2024\/es\/servicios\/servicios-de-cuidado-infantil\/\",\"name\":\"Servicios de cuidado infantil - SRK:n Suviseurat Pudasj\u00e4rvell\u00e4 2024\",\"isPartOf\":{\"@id\":\"https:\/\/www.suviseurat.fi/2024\/#website\"},\"datePublished\":\"2024-05-14T12:16:37+00:00\",\"dateModified\":\"2024-06-23T12:11:49+00:00\",\"description\":\"Ni\u00f1os perdidos Ponte en contacto con nosotros sobre un ni\u00f1o perdido en el tel. 040 132 0745 Pega una etiqueta con el nombre a la ropa de tu hijo o\",\"breadcrumb\":{\"@id\":\"https:\/\/www.suviseurat.fi/2024\/es\/servicios\/servicios-de-cuidado-infantil\/#breadcrumb\"},\"inLanguage\":\"es-ES\",\"potentialAction\":[{\"@type\":\"ReadAction\",\"target\":[\"https:\/\/www.suviseurat.fi/2024\/es\/servicios\/servicios-de-cuidado-infantil\/\"]}]},{\"@type\":\"BreadcrumbList\",\"@id\":\"https:\/\/www.suviseurat.fi/2024\/es\/servicios\/servicios-de-cuidado-infantil\/#breadcrumb\",\"itemListElement\":[{\"@type\":\"ListItem\",\"position\":1,\"name\":\"Etusivu\",\"item\":\"https:\/\/www.suviseurat.fi/2024\/es\/20558-2\/\"},{\"@type\":\"ListItem\",\"position\":2,\"name\":\"Servicios\",\"item\":\"https:\/\/www.suviseurat.fi/2024\/es\/servicios\/\"},{\"@type\":\"ListItem\",\"position\":3,\"name\":\"Servicios de cuidado infantil\"}]},{\"@type\":\"WebSite\",\"@id\":\"https:\/\/www.suviseurat.fi/2024\/#website\",\"url\":\"https:\/\/www.suviseurat.fi/2024\/\",\"name\":\"SRK:n Suviseurat Pudasj\u00e4rvell\u00e4 2024\",\"description\":\"Olenko min\u00e4 sinulle rakas?\",\"publisher\":{\"@id\":\"https:\/\/www.suviseurat.fi/2024\/#organization\"},\"potentialAction\":[{\"@type\":\"SearchAction\",\"target\":{\"@type\":\"EntryPoint\",\"urlTemplate\":\"https:\/\/www.suviseurat.fi/2024\/?s={search_term_string}\"},\"query-input\":\"required name=search_term_string\"}],\"inLanguage\":\"es-ES\"},{\"@type\":\"Organization\",\"@id\":\"https:\/\/www.suviseurat.fi/2024\/#organization\",\"name\":\"Suviseurat\",\"url\":\"https:\/\/www.suviseurat.fi/2024\/\",\"logo\":{\"@type\":\"ImageObject\",\"inLanguage\":\"es-ES\",\"@id\":\"https:\/\/www.suviseurat.fi/2024\/#\/schema\/logo\/image\/\",\"url\":\"https:\/\/www.suviseurat.fi/2024\/wp-content\/uploads\/2023\/10\/tunnus-nelio.jpg\",\"contentUrl\":\"https:\/\/www.suviseurat.fi/2024\/wp-content\/uploads\/2023\/10\/tunnus-nelio.jpg\",\"width\":1000,\"height\":1000,\"caption\":\"Suviseurat\"},\"image\":{\"@id\":\"https:\/\/www.suviseurat.fi/2024\/#\/schema\/logo\/image\/\"},\"sameAs\":[\"https:\/\/www.facebook.com\/SRKryNyt\/\",\"https:\/\/x.com\/Suviseurat\",\"https:\/\/www.facebook.com\/srksuviseurat\/\",\"https:\/\/www.youtube.com\/@SRKnyt\",\"https:\/\/www.instagram.com\/srk_nyt\/\",\"https:\/\/www.flickr.com\/photos\/suviseurat\"]}]}<\/script>\n<!-- \/ Yoast SEO plugin. -->","yoast_head_json":{"title":"Servicios de cuidado infantil - SRK:n Suviseurat Pudasj\u00e4rvell\u00e4 2024","description":"Ni\u00f1os perdidos Ponte en contacto con nosotros sobre un ni\u00f1o perdido en el tel. 040 132 0745 Pega una etiqueta con el nombre a la ropa de tu hijo o","robots":{"index":"index","follow":"follow","max-snippet":"max-snippet:-1","max-image-preview":"max-image-preview:large","max-video-preview":"max-video-preview:-1"},"canonical":"https:\/\/www.suviseurat.fi/2024\/es\/servicios\/servicios-de-cuidado-infantil\/","og_locale":"es_ES","og_type":"article","og_title":"Servicios de cuidado infantil - SRK:n Suviseurat Pudasj\u00e4rvell\u00e4 2024","og_description":"Ni\u00f1os perdidos Ponte en contacto con nosotros sobre un ni\u00f1o perdido en el tel. 040 132 0745 Pega una etiqueta con el nombre a la ropa de tu hijo o","og_url":"https:\/\/www.suviseurat.fi/2024\/es\/servicios\/servicios-de-cuidado-infantil\/","og_site_name":"SRK:n Suviseurat Pudasj\u00e4rvell\u00e4 2024","article_publisher":"https:\/\/www.facebook.com\/SRKryNyt\/","article_modified_time":"2024-06-23T12:11:49+00:00","twitter_card":"summary_large_image","twitter_site":"@Suviseurat","twitter_misc":{"Tiempo de lectura":"1 minute"},"schema":{"@context":"https:\/\/schema.org","@graph":[{"@type":"WebPage","@id":"https:\/\/www.suviseurat.fi/2024\/es\/servicios\/servicios-de-cuidado-infantil\/","url":"https:\/\/www.suviseurat.fi/2024\/es\/servicios\/servicios-de-cuidado-infantil\/","name":"Servicios de cuidado infantil - SRK:n Suviseurat Pudasj\u00e4rvell\u00e4 2024","isPartOf":{"@id":"https:\/\/www.suviseurat.fi/2024\/#website"},"datePublished":"2024-05-14T12:16:37+00:00","dateModified":"2024-06-23T12:11:49+00:00","description":"Ni\u00f1os perdidos Ponte en contacto con nosotros sobre un ni\u00f1o perdido en el tel. 040 132 0745 Pega una etiqueta con el nombre a la ropa de tu hijo o","breadcrumb":{"@id":"https:\/\/www.suviseurat.fi/2024\/es\/servicios\/servicios-de-cuidado-infantil\/#breadcrumb"},"inLanguage":"es-ES","potentialAction":[{"@type":"ReadAction","target":["https:\/\/www.suviseurat.fi/2024\/es\/servicios\/servicios-de-cuidado-infantil\/"]}]},{"@type":"BreadcrumbList","@id":"https:\/\/www.suviseurat.fi/2024\/es\/servicios\/servicios-de-cuidado-infantil\/#breadcrumb","itemListElement":[{"@type":"ListItem","position":1,"name":"Etusivu","item":"https:\/\/www.suviseurat.fi/2024\/es\/20558-2\/"},{"@type":"ListItem","position":2,"name":"Servicios","item":"https:\/\/www.suviseurat.fi/2024\/es\/servicios\/"},{"@type":"ListItem","position":3,"name":"Servicios de cuidado infantil"}]},{"@type":"WebSite","@id":"https:\/\/www.suviseurat.fi/2024\/#website","url":"https:\/\/www.suviseurat.fi/2024\/","name":"SRK:n Suviseurat Pudasj\u00e4rvell\u00e4 2024","description":"Olenko min\u00e4 sinulle rakas?","publisher":{"@id":"https:\/\/www.suviseurat.fi/2024\/#organization"},"potentialAction":[{"@type":"SearchAction","target":{"@type":"EntryPoint","urlTemplate":"https:\/\/www.suviseurat.fi/2024\/?s={search_term_string}"},"query-input":"required name=search_term_string"}],"inLanguage":"es-ES"},{"@type":"Organization","@id":"https:\/\/www.suviseurat.fi/2024\/#organization","name":"Suviseurat","url":"https:\/\/www.suviseurat.fi/2024\/","logo":{"@type":"ImageObject","inLanguage":"es-ES","@id":"https:\/\/www.suviseurat.fi/2024\/#\/schema\/logo\/image\/","url":"https:\/\/www.suviseurat.fi/2024\/wp-content\/uploads\/2023\/10\/tunnus-nelio.jpg","contentUrl":"https:\/\/www.suviseurat.fi/2024\/wp-content\/uploads\/2023\/10\/tunnus-nelio.jpg","width":1000,"height":1000,"caption":"Suviseurat"},"image":{"@id":"https:\/\/www.suviseurat.fi/2024\/#\/schema\/logo\/image\/"},"sameAs":["https:\/\/www.facebook.com\/SRKryNyt\/","https:\/\/x.com\/Suviseurat","https:\/\/www.facebook.com\/srksuviseurat\/","https:\/\/www.youtube.com\/@SRKnyt","https:\/\/www.instagram.com\/srk_nyt\/","https:\/\/www.flickr.com\/photos\/suviseurat"]}]}},"_links":{"self":[{"href":"https:\/\/www.suviseurat.fi/2024\/es\/wp-json\/wp\/v2\/pages\/20547"}],"collection":[{"href":"https:\/\/www.suviseurat.fi/2024\/es\/wp-json\/wp\/v2\/pages"}],"about":[{"href":"https:\/\/www.suviseurat.fi/2024\/es\/wp-json\/wp\/v2\/types\/page"}],"author":[{"embeddable":true,"href":"https:\/\/www.suviseurat.fi/2024\/es\/wp-json\/wp\/v2\/users\/19"}],"replies":[{"embeddable":true,"href":"https:\/\/www.suviseurat.fi/2024\/es\/wp-json\/wp\/v2\/comments?post=20547"}],"version-history":[{"count":1,"href":"https:\/\/www.suviseurat.fi/2024\/es\/wp-json\/wp\/v2\/pages\/20547\/revisions"}],"predecessor-version":[{"id":20691,"href":"https:\/\/www.suviseurat.fi/2024\/es\/wp-json\/wp\/v2\/pages\/20547\/revisions\/20691"}],"up":[{"embeddable":true,"href":"https:\/\/www.suviseurat.fi/2024\/es\/wp-json\/wp\/v2\/pages\/20687"}],"wp:attachment":[{"href":"https:\/\/www.suviseurat.fi/2024\/es\/wp-json\/wp\/v2\/media?parent=20547"}],"curies":[{"name":"wp","href":"https:\/\/api.w.org\/{rel}","templated":true}]}}