{"id":20548,"date":"2024-05-14T15:17:05","date_gmt":"2024-05-14T12:17:05","guid":{"rendered":"https:\/\/www.suviseurat.fi/2024\/servicios-sanitarios\/"},"modified":"2024-06-23T15:11:49","modified_gmt":"2024-06-23T12:11:49","slug":"servicios-sanitarios","status":"publish","type":"page","link":"https:\/\/www.suviseurat.fi/2024\/es\/servicios\/servicios-sanitarios\/","title":{"rendered":"Servicios sanitarios"},"content":{"rendered":"<h3>Farmacia<\/h3>\n<table style=\"height: 87px;width: 40.1192%\" width=\"267\">\n<tbody>\n<tr>\n<td style=\"background-color: #f0f0f0;width: 18.7853%;text-align: left\"><strong>Abierto en<\/strong><\/td>\n<td style=\"background-color: #f0f0f0;text-align: center;width: 16.244%\"><\/td>\n<\/tr>\n<tr>\n<td style=\"width: 18.7853%\">de jueves a domingo<\/td>\n<td style=\"width: 16.244%\">De 10 a 14<\/td>\n<\/tr>\n<tr>\n<td style=\"width: 18.7853%\">Lunes<\/td>\n<td style=\"width: 16.244%\">De 10 a 14<\/td>\n<\/tr>\n<\/tbody>\n<\/table>\n<p><span style=\"font-weight: 400\">Se venden medicamentos de venta libre, como analg\u00e9sicos, antial\u00e9rgicos y productos para el cuidado de heridas. Los medicamentos con receta se suministran a trav\u00e9s de la farmacia de Los Servicois de verano durante el horario de los servicios de verano.<\/span><\/p>\n<h3>Puesto de primeros auxilios<\/h3>\n<table style=\"height: 84px;width: 40.4762%\" width=\"261\">\n<tbody>\n<tr style=\"height: 27px\">\n<td style=\"background-color: #f0f0f0;width: 100%;text-align: left;height: 27px\"><b>De guardia<\/b><\/td>\n<\/tr>\n<tr style=\"height: 57px\">\n<td style=\"width: 100%;height: 57px\">Jueves 12:00 &#8211; Lunes 15:00<\/td>\n<\/tr>\n<\/tbody>\n<\/table>\n<p>Tel\u00e9fono: +358 40 1320 740<\/p>\n<p><span style=\"font-weight: 400\">El puesto de primeros auxilios de emergencia de los Servicios de Verano tiene una recepci\u00f3n de guardia desde el jueves a las 12.00 h hasta el lunes a las 15.00 h. El servicio de urgencias es s\u00f3lo para pacientes que necesitan atenci\u00f3n urgente inmediata. Otros problemas de salud o enfermedad no est\u00e1n cubiertos por las actividades de primeros auxilios de los Servicos de Verano. Si la persona que necesita primeros auxilios no puede llegar por s\u00ed misma al puesto de primeros auxilios, llama al 112. En urgencias, la tarifa de la consulta externa es de 20 euros por persona.<\/span><\/p>\n<h3>Atenci\u00f3n de urgencia<\/h3>\n<table style=\"height: 70px;width: 40.9606%\" width=\"247\">\n<tbody>\n<tr style=\"height: 23px\">\n<td style=\"background-color: #f0f0f0;width: 100%;text-align: left;height: 23px\"><strong>De guardia<\/strong><\/td>\n<\/tr>\n<tr style=\"height: 47px\">\n<td style=\"width: 100%;height: 47px\">Mi\u00e9rcoles 9h &#8211; Lunes 20h<\/td>\n<\/tr>\n<\/tbody>\n<\/table>\n<p><span style=\"font-weight: 400\">Los servicios de urgencias est\u00e1n de guardia desde el jueves a las 8 h hasta el lunes a las 20 h. Se llama a los servicios de emergencia llamando al n\u00famero p\u00fablico de emergencias 112 o poni\u00e9ndote en contacto con el guardia de tr\u00e1fico o controlador de tr\u00e1fico m\u00e1s cercano. <\/span><\/p>\n<p><span style=\"font-weight: 400\">Utiliza el n\u00famero y la letra del recuadro del mapa para dirigir la ambulancia al lugar de los hechos. En caso de emergencia, marca tu ubicaci\u00f3n con antelaci\u00f3n, por ejemplo al bot\u00f3n de pago del campo utilizando la pantalla del mapa en el programa de los servicois de verano. Para informar de una emergencia, puedes utilizar la aplicaci\u00f3n 112 Finlandia que puedes descargar en tu tel\u00e9fono, que dar\u00e1 al centro de emergencias informaci\u00f3n precisa sobre tu ubicaci\u00f3n.<\/span><\/p>\n","protected":false},"excerpt":{"rendered":"<p>Farmacia Abierto en de jueves a domingo De 10 a 14 Lunes De 10 a<a class=\"moretag\" href=\"https:\/\/www.suviseurat.fi/2024\/es\/servicios\/servicios-sanitarios\/\">Jatka lukemista ><\/a><\/p>\n","protected":false},"author":19,"featured_media":0,"parent":20687,"menu_order":7,"comment_status":"closed","ping_status":"closed","template":"","meta":{"_acf_changed":false,"footnotes":""},"class_list":["post-20548","page","type-page","status-publish","hentry"],"acf":[],"yoast_head":"<!-- This site is optimized with the Yoast SEO plugin v23.3 - https:\/\/yoast.com\/wordpress\/plugins\/seo\/ -->\n<title>Servicios sanitarios - SRK:n Suviseurat Pudasj\u00e4rvell\u00e4 2024<\/title>\n<meta name=\"description\" content=\"Esta p\u00e1gina contiene informaci\u00f3n sobre los servicios sanitarios de Los Servicios de Verano, es decir, farmacia, puesto de primeros auxilios y atenci\u00f3n de urgencias.\" \/>\n<meta name=\"robots\" content=\"index, follow, max-snippet:-1, max-image-preview:large, max-video-preview:-1\" \/>\n<link rel=\"canonical\" href=\"https:\/\/www.suviseurat.fi/2024\/es\/servicios\/servicios-sanitarios\/\" \/>\n<meta property=\"og:locale\" content=\"es_ES\" \/>\n<meta property=\"og:type\" content=\"article\" \/>\n<meta property=\"og:title\" content=\"Servicios sanitarios - SRK:n Suviseurat Pudasj\u00e4rvell\u00e4 2024\" \/>\n<meta property=\"og:description\" content=\"Esta p\u00e1gina contiene informaci\u00f3n sobre los servicios sanitarios de Los Servicios de Verano, es decir, farmacia, puesto de primeros auxilios y atenci\u00f3n de urgencias.\" \/>\n<meta property=\"og:url\" content=\"https:\/\/www.suviseurat.fi/2024\/es\/servicios\/servicios-sanitarios\/\" \/>\n<meta property=\"og:site_name\" content=\"SRK:n Suviseurat Pudasj\u00e4rvell\u00e4 2024\" \/>\n<meta property=\"article:publisher\" content=\"https:\/\/www.facebook.com\/SRKryNyt\/\" \/>\n<meta property=\"article:modified_time\" content=\"2024-06-23T12:11:49+00:00\" \/>\n<meta name=\"twitter:card\" content=\"summary_large_image\" \/>\n<meta name=\"twitter:site\" content=\"@Suviseurat\" \/>\n<meta name=\"twitter:label1\" content=\"Tiempo de lectura\" \/>\n\t<meta name=\"twitter:data1\" content=\"2 minutes\" \/>\n<script type=\"application\/ld+json\" class=\"yoast-schema-graph\">{\"@context\":\"https:\/\/schema.org\",\"@graph\":[{\"@type\":\"WebPage\",\"@id\":\"https:\/\/www.suviseurat.fi/2024\/es\/servicios\/servicios-sanitarios\/\",\"url\":\"https:\/\/www.suviseurat.fi/2024\/es\/servicios\/servicios-sanitarios\/\",\"name\":\"Servicios sanitarios - SRK:n Suviseurat Pudasj\u00e4rvell\u00e4 2024\",\"isPartOf\":{\"@id\":\"https:\/\/www.suviseurat.fi/2024\/#website\"},\"datePublished\":\"2024-05-14T12:17:05+00:00\",\"dateModified\":\"2024-06-23T12:11:49+00:00\",\"description\":\"Esta p\u00e1gina contiene informaci\u00f3n sobre los servicios sanitarios de Los Servicios de Verano, es decir, farmacia, puesto de primeros auxilios y atenci\u00f3n de urgencias.\",\"breadcrumb\":{\"@id\":\"https:\/\/www.suviseurat.fi/2024\/es\/servicios\/servicios-sanitarios\/#breadcrumb\"},\"inLanguage\":\"es-ES\",\"potentialAction\":[{\"@type\":\"ReadAction\",\"target\":[\"https:\/\/www.suviseurat.fi/2024\/es\/servicios\/servicios-sanitarios\/\"]}]},{\"@type\":\"BreadcrumbList\",\"@id\":\"https:\/\/www.suviseurat.fi/2024\/es\/servicios\/servicios-sanitarios\/#breadcrumb\",\"itemListElement\":[{\"@type\":\"ListItem\",\"position\":1,\"name\":\"Etusivu\",\"item\":\"https:\/\/www.suviseurat.fi/2024\/es\/20558-2\/\"},{\"@type\":\"ListItem\",\"position\":2,\"name\":\"Servicios\",\"item\":\"https:\/\/www.suviseurat.fi/2024\/es\/servicios\/\"},{\"@type\":\"ListItem\",\"position\":3,\"name\":\"Servicios sanitarios\"}]},{\"@type\":\"WebSite\",\"@id\":\"https:\/\/www.suviseurat.fi/2024\/#website\",\"url\":\"https:\/\/www.suviseurat.fi/2024\/\",\"name\":\"SRK:n Suviseurat Pudasj\u00e4rvell\u00e4 2024\",\"description\":\"Olenko min\u00e4 sinulle rakas?\",\"publisher\":{\"@id\":\"https:\/\/www.suviseurat.fi/2024\/#organization\"},\"potentialAction\":[{\"@type\":\"SearchAction\",\"target\":{\"@type\":\"EntryPoint\",\"urlTemplate\":\"https:\/\/www.suviseurat.fi/2024\/?s={search_term_string}\"},\"query-input\":\"required name=search_term_string\"}],\"inLanguage\":\"es-ES\"},{\"@type\":\"Organization\",\"@id\":\"https:\/\/www.suviseurat.fi/2024\/#organization\",\"name\":\"Suviseurat\",\"url\":\"https:\/\/www.suviseurat.fi/2024\/\",\"logo\":{\"@type\":\"ImageObject\",\"inLanguage\":\"es-ES\",\"@id\":\"https:\/\/www.suviseurat.fi/2024\/#\/schema\/logo\/image\/\",\"url\":\"https:\/\/www.suviseurat.fi/2024\/wp-content\/uploads\/2023\/10\/tunnus-nelio.jpg\",\"contentUrl\":\"https:\/\/www.suviseurat.fi/2024\/wp-content\/uploads\/2023\/10\/tunnus-nelio.jpg\",\"width\":1000,\"height\":1000,\"caption\":\"Suviseurat\"},\"image\":{\"@id\":\"https:\/\/www.suviseurat.fi/2024\/#\/schema\/logo\/image\/\"},\"sameAs\":[\"https:\/\/www.facebook.com\/SRKryNyt\/\",\"https:\/\/x.com\/Suviseurat\",\"https:\/\/www.facebook.com\/srksuviseurat\/\",\"https:\/\/www.youtube.com\/@SRKnyt\",\"https:\/\/www.instagram.com\/srk_nyt\/\",\"https:\/\/www.flickr.com\/photos\/suviseurat\"]}]}<\/script>\n<!-- \/ Yoast SEO plugin. -->","yoast_head_json":{"title":"Servicios sanitarios - SRK:n Suviseurat Pudasj\u00e4rvell\u00e4 2024","description":"Esta p\u00e1gina contiene informaci\u00f3n sobre los servicios sanitarios de Los Servicios de Verano, es decir, farmacia, puesto de primeros auxilios y atenci\u00f3n de urgencias.","robots":{"index":"index","follow":"follow","max-snippet":"max-snippet:-1","max-image-preview":"max-image-preview:large","max-video-preview":"max-video-preview:-1"},"canonical":"https:\/\/www.suviseurat.fi/2024\/es\/servicios\/servicios-sanitarios\/","og_locale":"es_ES","og_type":"article","og_title":"Servicios sanitarios - SRK:n Suviseurat Pudasj\u00e4rvell\u00e4 2024","og_description":"Esta p\u00e1gina contiene informaci\u00f3n sobre los servicios sanitarios de Los Servicios de Verano, es decir, farmacia, puesto de primeros auxilios y atenci\u00f3n de urgencias.","og_url":"https:\/\/www.suviseurat.fi/2024\/es\/servicios\/servicios-sanitarios\/","og_site_name":"SRK:n Suviseurat Pudasj\u00e4rvell\u00e4 2024","article_publisher":"https:\/\/www.facebook.com\/SRKryNyt\/","article_modified_time":"2024-06-23T12:11:49+00:00","twitter_card":"summary_large_image","twitter_site":"@Suviseurat","twitter_misc":{"Tiempo de lectura":"2 minutes"},"schema":{"@context":"https:\/\/schema.org","@graph":[{"@type":"WebPage","@id":"https:\/\/www.suviseurat.fi/2024\/es\/servicios\/servicios-sanitarios\/","url":"https:\/\/www.suviseurat.fi/2024\/es\/servicios\/servicios-sanitarios\/","name":"Servicios sanitarios - SRK:n Suviseurat Pudasj\u00e4rvell\u00e4 2024","isPartOf":{"@id":"https:\/\/www.suviseurat.fi/2024\/#website"},"datePublished":"2024-05-14T12:17:05+00:00","dateModified":"2024-06-23T12:11:49+00:00","description":"Esta p\u00e1gina contiene informaci\u00f3n sobre los servicios sanitarios de Los Servicios de Verano, es decir, farmacia, puesto de primeros auxilios y atenci\u00f3n de urgencias.","breadcrumb":{"@id":"https:\/\/www.suviseurat.fi/2024\/es\/servicios\/servicios-sanitarios\/#breadcrumb"},"inLanguage":"es-ES","potentialAction":[{"@type":"ReadAction","target":["https:\/\/www.suviseurat.fi/2024\/es\/servicios\/servicios-sanitarios\/"]}]},{"@type":"BreadcrumbList","@id":"https:\/\/www.suviseurat.fi/2024\/es\/servicios\/servicios-sanitarios\/#breadcrumb","itemListElement":[{"@type":"ListItem","position":1,"name":"Etusivu","item":"https:\/\/www.suviseurat.fi/2024\/es\/20558-2\/"},{"@type":"ListItem","position":2,"name":"Servicios","item":"https:\/\/www.suviseurat.fi/2024\/es\/servicios\/"},{"@type":"ListItem","position":3,"name":"Servicios sanitarios"}]},{"@type":"WebSite","@id":"https:\/\/www.suviseurat.fi/2024\/#website","url":"https:\/\/www.suviseurat.fi/2024\/","name":"SRK:n Suviseurat Pudasj\u00e4rvell\u00e4 2024","description":"Olenko min\u00e4 sinulle rakas?","publisher":{"@id":"https:\/\/www.suviseurat.fi/2024\/#organization"},"potentialAction":[{"@type":"SearchAction","target":{"@type":"EntryPoint","urlTemplate":"https:\/\/www.suviseurat.fi/2024\/?s={search_term_string}"},"query-input":"required name=search_term_string"}],"inLanguage":"es-ES"},{"@type":"Organization","@id":"https:\/\/www.suviseurat.fi/2024\/#organization","name":"Suviseurat","url":"https:\/\/www.suviseurat.fi/2024\/","logo":{"@type":"ImageObject","inLanguage":"es-ES","@id":"https:\/\/www.suviseurat.fi/2024\/#\/schema\/logo\/image\/","url":"https:\/\/www.suviseurat.fi/2024\/wp-content\/uploads\/2023\/10\/tunnus-nelio.jpg","contentUrl":"https:\/\/www.suviseurat.fi/2024\/wp-content\/uploads\/2023\/10\/tunnus-nelio.jpg","width":1000,"height":1000,"caption":"Suviseurat"},"image":{"@id":"https:\/\/www.suviseurat.fi/2024\/#\/schema\/logo\/image\/"},"sameAs":["https:\/\/www.facebook.com\/SRKryNyt\/","https:\/\/x.com\/Suviseurat","https:\/\/www.facebook.com\/srksuviseurat\/","https:\/\/www.youtube.com\/@SRKnyt","https:\/\/www.instagram.com\/srk_nyt\/","https:\/\/www.flickr.com\/photos\/suviseurat"]}]}},"_links":{"self":[{"href":"https:\/\/www.suviseurat.fi/2024\/es\/wp-json\/wp\/v2\/pages\/20548"}],"collection":[{"href":"https:\/\/www.suviseurat.fi/2024\/es\/wp-json\/wp\/v2\/pages"}],"about":[{"href":"https:\/\/www.suviseurat.fi/2024\/es\/wp-json\/wp\/v2\/types\/page"}],"author":[{"embeddable":true,"href":"https:\/\/www.suviseurat.fi/2024\/es\/wp-json\/wp\/v2\/users\/19"}],"replies":[{"embeddable":true,"href":"https:\/\/www.suviseurat.fi/2024\/es\/wp-json\/wp\/v2\/comments?post=20548"}],"version-history":[{"count":1,"href":"https:\/\/www.suviseurat.fi/2024\/es\/wp-json\/wp\/v2\/pages\/20548\/revisions"}],"predecessor-version":[{"id":20689,"href":"https:\/\/www.suviseurat.fi/2024\/es\/wp-json\/wp\/v2\/pages\/20548\/revisions\/20689"}],"up":[{"embeddable":true,"href":"https:\/\/www.suviseurat.fi/2024\/es\/wp-json\/wp\/v2\/pages\/20687"}],"wp:attachment":[{"href":"https:\/\/www.suviseurat.fi/2024\/es\/wp-json\/wp\/v2\/media?parent=20548"}],"curies":[{"name":"wp","href":"https:\/\/api.w.org\/{rel}","templated":true}]}}