{"id":20549,"date":"2024-05-14T15:18:21","date_gmt":"2024-05-14T12:18:21","guid":{"rendered":"https:\/\/www.suviseurat.fi/2024\/tienda-quioscos-parrillas-y-panini\/"},"modified":"2024-06-23T15:11:48","modified_gmt":"2024-06-23T12:11:48","slug":"tienda-quioscos-parrillas-y-panini","status":"publish","type":"page","link":"https:\/\/www.suviseurat.fi/2024\/es\/servicios\/tienda-quioscos-parrillas-y-panini\/","title":{"rendered":"Tienda, quioscos, parrillas y panini"},"content":{"rendered":"<p>Hay una tienda bien surtida en la zona de los Servicios de Verano, que vende comestibles b\u00e1sicos y una amplia gama de bienes de consumo a precios asequibles. Tambi\u00e9n hay productos sin gluten y sin lactosa. Todos los detergentes que se venden en la tienda son biodegradables. Debido a la zona de aguas subterr\u00e1neas, animamos a los hu\u00e9spedes a utilizar detergentes biodegradables.<\/p>\n<p>Hay una tienda de helados y refrescos y una venta de bolsas de helado en la zona de los Servicios de Verano. Tambi\u00e9n hay opciones sin gluten y sin lactosa. La helader\u00eda tendr\u00e1 un punto de carga de tel\u00e9fonos. El quiosco vende una amplia gama de dulces, refrescos y snacks.<\/p>\n<p>En la zona de Los Servicios de Verano hay un asador que vende salchichas a la parrilla y paninis, tambi\u00e9n sin gluten. El asador tambi\u00e9n ofrece refrescos, snacks y ensaladas. La salchicha tambi\u00e9n se vende por las tardes en puntos de venta por litros.<\/p>\n<p>El punto de intercambio de bombonas de gas se encuentra en la tienda. El pago se realiza en la caja de la tienda. La tienda de gas est\u00e1 abierta durante el horario de apertura de la tienda.<\/p>\n<h3>Tienda<\/h3>\n<table style=\"height: 145px;width: 237px\">\n<tbody>\n<tr>\n<td style=\"background-color: #f0f0f0;width: 227px;text-align: left\" colspan=\"2\"><strong>Horario de apertura<\/strong><\/td>\n<\/tr>\n<tr>\n<td style=\"width: 170px\">Mi\u00e9rcoles<\/td>\n<td style=\"width: 51px\">12-22<\/td>\n<\/tr>\n<tr>\n<td style=\"width: 170px\">de jueves a domingo<\/td>\n<td style=\"width: 51px\">9-22<\/td>\n<\/tr>\n<tr>\n<td style=\"width: 170px\">Lunes<\/td>\n<td style=\"width: 51px\">9\u201315<\/td>\n<\/tr>\n<\/tbody>\n<\/table>\n<h3>Quioscos (caramelos, helados y refrescos)<\/h3>\n<table style=\"height: 145px;width: 237px\">\n<tbody>\n<tr>\n<td style=\"background-color: #f0f0f0;width: 227px;text-align: left\" colspan=\"2\"><strong>Horario de apertura<\/strong><\/td>\n<\/tr>\n<tr>\n<td style=\"width: 170px\">Mi\u00e9rcoles<\/td>\n<td style=\"width: 51px\">12-22<\/td>\n<\/tr>\n<tr>\n<td style=\"width: 170px\">Jueves &#8211; S\u00e1bado<\/td>\n<td style=\"width: 51px\">10-22<\/td>\n<\/tr>\n<tr>\n<td style=\"width: 170px\">Domingo<\/td>\n<td style=\"width: 51px\">11-22<\/td>\n<\/tr>\n<tr>\n<td style=\"width: 170px\">Lunes<\/td>\n<td style=\"width: 51px\">10-15<\/td>\n<\/tr>\n<\/tbody>\n<\/table>\n<h3>Barbacoa y panini<\/h3>\n<table style=\"height: 78px;width: 231px\">\n<tbody>\n<tr>\n<td style=\"background-color: #f0f0f0;width: 221px;text-align: left\" colspan=\"2\"><strong>Horario de apertura<\/strong><\/td>\n<\/tr>\n<tr>\n<td style=\"width: 164px\">Mi\u00e9rcoles-jueves<\/td>\n<td style=\"width: 51px\">18-24<\/td>\n<\/tr>\n<tr>\n<td style=\"width: 164px\">Viernes<\/td>\n<td style=\"width: 51px\">16-01<\/td>\n<\/tr>\n<tr>\n<td style=\"width: 164px\">S\u00e1bado<\/td>\n<td style=\"width: 51px\">14-01<\/td>\n<\/tr>\n<tr>\n<td style=\"width: 164px\">Domingo<\/td>\n<td style=\"width: 51px\">14-24<\/td>\n<\/tr>\n<\/tbody>\n<\/table>\n<h3>Venta de helados en bolsa<\/h3>\n<table style=\"height: 145px;width: 237px\">\n<tbody>\n<tr>\n<td style=\"background-color: #f0f0f0;width: 227px;text-align: left\" colspan=\"2\"><strong>Horario de apertura<\/strong><\/td>\n<\/tr>\n<tr>\n<td style=\"width: 170px\">Mi\u00e9rcoles<\/td>\n<td style=\"width: 51px\">12-22<\/td>\n<\/tr>\n<tr>\n<td style=\"width: 170px\">Jueves &#8211; S\u00e1bado<\/td>\n<td style=\"width: 51px\">10-22<\/td>\n<\/tr>\n<tr>\n<td style=\"width: 170px\">Domingo<\/td>\n<td style=\"width: 51px\">11-22<\/td>\n<\/tr>\n<\/tbody>\n<\/table>\n<h3>Punto de carga de tel\u00e9fonos<\/h3>\n<p>En relaci\u00f3n con la venta de helados. Para realizar la carga se necesita propio cargador. Precio por carga 2 \u20ac, tiempo de carga aprox. 2 h. Tu tel\u00e9fono debe estar apagado mientras se carga.  <\/p>\n<table style=\"height: 145px;width: 237px\">\n<tbody>\n<tr>\n<td style=\"background-color: #f0f0f0;width: 227px;text-align: left\" colspan=\"2\"><strong>Horario de apertura<\/strong><\/td>\n<\/tr>\n<tr>\n<td style=\"width: 170px\">Mi\u00e9rcoles<\/td>\n<td style=\"width: 51px\">12-22<\/td>\n<\/tr>\n<tr>\n<td style=\"width: 170px\">Jueves &#8211; S\u00e1bado<\/td>\n<td style=\"width: 51px\">10-22<\/td>\n<\/tr>\n<tr>\n<td style=\"width: 170px\">Domingo<\/td>\n<td style=\"width: 51px\">11-22<\/td>\n<\/tr>\n<tr>\n<td style=\"width: 170px\">Lunes<\/td>\n<td style=\"width: 51px\">10-15<\/td>\n<\/tr>\n<\/tbody>\n<\/table>\n","protected":false},"excerpt":{"rendered":"<p>Hay una tienda bien surtida en la zona de los Servicios de Verano, que vende<a class=\"moretag\" href=\"https:\/\/www.suviseurat.fi/2024\/es\/servicios\/tienda-quioscos-parrillas-y-panini\/\">Jatka lukemista ><\/a><\/p>\n","protected":false},"author":19,"featured_media":0,"parent":20687,"menu_order":4,"comment_status":"closed","ping_status":"closed","template":"","meta":{"_acf_changed":false,"footnotes":""},"class_list":["post-20549","page","type-page","status-publish","hentry"],"acf":[],"yoast_head":"<!-- This site is optimized with the Yoast SEO plugin v23.3 - https:\/\/yoast.com\/wordpress\/plugins\/seo\/ -->\n<title>Tienda, quioscos, parrillas y panini - SRK:n Suviseurat Pudasj\u00e4rvell\u00e4 2024<\/title>\n<meta name=\"description\" content=\"Consulta aqu\u00ed los horarios de apertura de la tienda, los quioscos y las barbacoas.\" \/>\n<meta name=\"robots\" content=\"index, follow, max-snippet:-1, max-image-preview:large, max-video-preview:-1\" \/>\n<link rel=\"canonical\" href=\"https:\/\/www.suviseurat.fi/2024\/es\/servicios\/tienda-quioscos-parrillas-y-panini\/\" \/>\n<meta property=\"og:locale\" content=\"es_ES\" \/>\n<meta property=\"og:type\" content=\"article\" \/>\n<meta property=\"og:title\" content=\"Tienda, quioscos, parrillas y panini - SRK:n Suviseurat Pudasj\u00e4rvell\u00e4 2024\" \/>\n<meta property=\"og:description\" content=\"Consulta aqu\u00ed los horarios de apertura de la tienda, los quioscos y las barbacoas.\" \/>\n<meta property=\"og:url\" content=\"https:\/\/www.suviseurat.fi/2024\/es\/servicios\/tienda-quioscos-parrillas-y-panini\/\" \/>\n<meta property=\"og:site_name\" content=\"SRK:n Suviseurat Pudasj\u00e4rvell\u00e4 2024\" \/>\n<meta property=\"article:publisher\" content=\"https:\/\/www.facebook.com\/SRKryNyt\/\" \/>\n<meta property=\"article:modified_time\" content=\"2024-06-23T12:11:48+00:00\" \/>\n<meta name=\"twitter:card\" content=\"summary_large_image\" \/>\n<meta name=\"twitter:site\" content=\"@Suviseurat\" \/>\n<meta name=\"twitter:label1\" content=\"Tiempo de lectura\" \/>\n\t<meta name=\"twitter:data1\" content=\"2 minutes\" \/>\n<script type=\"application\/ld+json\" class=\"yoast-schema-graph\">{\"@context\":\"https:\/\/schema.org\",\"@graph\":[{\"@type\":\"WebPage\",\"@id\":\"https:\/\/www.suviseurat.fi/2024\/es\/servicios\/tienda-quioscos-parrillas-y-panini\/\",\"url\":\"https:\/\/www.suviseurat.fi/2024\/es\/servicios\/tienda-quioscos-parrillas-y-panini\/\",\"name\":\"Tienda, quioscos, parrillas y panini - SRK:n Suviseurat Pudasj\u00e4rvell\u00e4 2024\",\"isPartOf\":{\"@id\":\"https:\/\/www.suviseurat.fi/2024\/#website\"},\"datePublished\":\"2024-05-14T12:18:21+00:00\",\"dateModified\":\"2024-06-23T12:11:48+00:00\",\"description\":\"Consulta aqu\u00ed los horarios de apertura de la tienda, los quioscos y las barbacoas.\",\"breadcrumb\":{\"@id\":\"https:\/\/www.suviseurat.fi/2024\/es\/servicios\/tienda-quioscos-parrillas-y-panini\/#breadcrumb\"},\"inLanguage\":\"es-ES\",\"potentialAction\":[{\"@type\":\"ReadAction\",\"target\":[\"https:\/\/www.suviseurat.fi/2024\/es\/servicios\/tienda-quioscos-parrillas-y-panini\/\"]}]},{\"@type\":\"BreadcrumbList\",\"@id\":\"https:\/\/www.suviseurat.fi/2024\/es\/servicios\/tienda-quioscos-parrillas-y-panini\/#breadcrumb\",\"itemListElement\":[{\"@type\":\"ListItem\",\"position\":1,\"name\":\"Etusivu\",\"item\":\"https:\/\/www.suviseurat.fi/2024\/es\/20558-2\/\"},{\"@type\":\"ListItem\",\"position\":2,\"name\":\"Servicios\",\"item\":\"https:\/\/www.suviseurat.fi/2024\/es\/servicios\/\"},{\"@type\":\"ListItem\",\"position\":3,\"name\":\"Tienda, quioscos, parrillas y panini\"}]},{\"@type\":\"WebSite\",\"@id\":\"https:\/\/www.suviseurat.fi/2024\/#website\",\"url\":\"https:\/\/www.suviseurat.fi/2024\/\",\"name\":\"SRK:n Suviseurat Pudasj\u00e4rvell\u00e4 2024\",\"description\":\"Olenko min\u00e4 sinulle rakas?\",\"publisher\":{\"@id\":\"https:\/\/www.suviseurat.fi/2024\/#organization\"},\"potentialAction\":[{\"@type\":\"SearchAction\",\"target\":{\"@type\":\"EntryPoint\",\"urlTemplate\":\"https:\/\/www.suviseurat.fi/2024\/?s={search_term_string}\"},\"query-input\":\"required name=search_term_string\"}],\"inLanguage\":\"es-ES\"},{\"@type\":\"Organization\",\"@id\":\"https:\/\/www.suviseurat.fi/2024\/#organization\",\"name\":\"Suviseurat\",\"url\":\"https:\/\/www.suviseurat.fi/2024\/\",\"logo\":{\"@type\":\"ImageObject\",\"inLanguage\":\"es-ES\",\"@id\":\"https:\/\/www.suviseurat.fi/2024\/#\/schema\/logo\/image\/\",\"url\":\"https:\/\/www.suviseurat.fi/2024\/wp-content\/uploads\/2023\/10\/tunnus-nelio.jpg\",\"contentUrl\":\"https:\/\/www.suviseurat.fi/2024\/wp-content\/uploads\/2023\/10\/tunnus-nelio.jpg\",\"width\":1000,\"height\":1000,\"caption\":\"Suviseurat\"},\"image\":{\"@id\":\"https:\/\/www.suviseurat.fi/2024\/#\/schema\/logo\/image\/\"},\"sameAs\":[\"https:\/\/www.facebook.com\/SRKryNyt\/\",\"https:\/\/x.com\/Suviseurat\",\"https:\/\/www.facebook.com\/srksuviseurat\/\",\"https:\/\/www.youtube.com\/@SRKnyt\",\"https:\/\/www.instagram.com\/srk_nyt\/\",\"https:\/\/www.flickr.com\/photos\/suviseurat\"]}]}<\/script>\n<!-- \/ Yoast SEO plugin. -->","yoast_head_json":{"title":"Tienda, quioscos, parrillas y panini - SRK:n Suviseurat Pudasj\u00e4rvell\u00e4 2024","description":"Consulta aqu\u00ed los horarios de apertura de la tienda, los quioscos y las barbacoas.","robots":{"index":"index","follow":"follow","max-snippet":"max-snippet:-1","max-image-preview":"max-image-preview:large","max-video-preview":"max-video-preview:-1"},"canonical":"https:\/\/www.suviseurat.fi/2024\/es\/servicios\/tienda-quioscos-parrillas-y-panini\/","og_locale":"es_ES","og_type":"article","og_title":"Tienda, quioscos, parrillas y panini - SRK:n Suviseurat Pudasj\u00e4rvell\u00e4 2024","og_description":"Consulta aqu\u00ed los horarios de apertura de la tienda, los quioscos y las barbacoas.","og_url":"https:\/\/www.suviseurat.fi/2024\/es\/servicios\/tienda-quioscos-parrillas-y-panini\/","og_site_name":"SRK:n Suviseurat Pudasj\u00e4rvell\u00e4 2024","article_publisher":"https:\/\/www.facebook.com\/SRKryNyt\/","article_modified_time":"2024-06-23T12:11:48+00:00","twitter_card":"summary_large_image","twitter_site":"@Suviseurat","twitter_misc":{"Tiempo de lectura":"2 minutes"},"schema":{"@context":"https:\/\/schema.org","@graph":[{"@type":"WebPage","@id":"https:\/\/www.suviseurat.fi/2024\/es\/servicios\/tienda-quioscos-parrillas-y-panini\/","url":"https:\/\/www.suviseurat.fi/2024\/es\/servicios\/tienda-quioscos-parrillas-y-panini\/","name":"Tienda, quioscos, parrillas y panini - SRK:n Suviseurat Pudasj\u00e4rvell\u00e4 2024","isPartOf":{"@id":"https:\/\/www.suviseurat.fi/2024\/#website"},"datePublished":"2024-05-14T12:18:21+00:00","dateModified":"2024-06-23T12:11:48+00:00","description":"Consulta aqu\u00ed los horarios de apertura de la tienda, los quioscos y las barbacoas.","breadcrumb":{"@id":"https:\/\/www.suviseurat.fi/2024\/es\/servicios\/tienda-quioscos-parrillas-y-panini\/#breadcrumb"},"inLanguage":"es-ES","potentialAction":[{"@type":"ReadAction","target":["https:\/\/www.suviseurat.fi/2024\/es\/servicios\/tienda-quioscos-parrillas-y-panini\/"]}]},{"@type":"BreadcrumbList","@id":"https:\/\/www.suviseurat.fi/2024\/es\/servicios\/tienda-quioscos-parrillas-y-panini\/#breadcrumb","itemListElement":[{"@type":"ListItem","position":1,"name":"Etusivu","item":"https:\/\/www.suviseurat.fi/2024\/es\/20558-2\/"},{"@type":"ListItem","position":2,"name":"Servicios","item":"https:\/\/www.suviseurat.fi/2024\/es\/servicios\/"},{"@type":"ListItem","position":3,"name":"Tienda, quioscos, parrillas y panini"}]},{"@type":"WebSite","@id":"https:\/\/www.suviseurat.fi/2024\/#website","url":"https:\/\/www.suviseurat.fi/2024\/","name":"SRK:n Suviseurat Pudasj\u00e4rvell\u00e4 2024","description":"Olenko min\u00e4 sinulle rakas?","publisher":{"@id":"https:\/\/www.suviseurat.fi/2024\/#organization"},"potentialAction":[{"@type":"SearchAction","target":{"@type":"EntryPoint","urlTemplate":"https:\/\/www.suviseurat.fi/2024\/?s={search_term_string}"},"query-input":"required name=search_term_string"}],"inLanguage":"es-ES"},{"@type":"Organization","@id":"https:\/\/www.suviseurat.fi/2024\/#organization","name":"Suviseurat","url":"https:\/\/www.suviseurat.fi/2024\/","logo":{"@type":"ImageObject","inLanguage":"es-ES","@id":"https:\/\/www.suviseurat.fi/2024\/#\/schema\/logo\/image\/","url":"https:\/\/www.suviseurat.fi/2024\/wp-content\/uploads\/2023\/10\/tunnus-nelio.jpg","contentUrl":"https:\/\/www.suviseurat.fi/2024\/wp-content\/uploads\/2023\/10\/tunnus-nelio.jpg","width":1000,"height":1000,"caption":"Suviseurat"},"image":{"@id":"https:\/\/www.suviseurat.fi/2024\/#\/schema\/logo\/image\/"},"sameAs":["https:\/\/www.facebook.com\/SRKryNyt\/","https:\/\/x.com\/Suviseurat","https:\/\/www.facebook.com\/srksuviseurat\/","https:\/\/www.youtube.com\/@SRKnyt","https:\/\/www.instagram.com\/srk_nyt\/","https:\/\/www.flickr.com\/photos\/suviseurat"]}]}},"_links":{"self":[{"href":"https:\/\/www.suviseurat.fi/2024\/es\/wp-json\/wp\/v2\/pages\/20549"}],"collection":[{"href":"https:\/\/www.suviseurat.fi/2024\/es\/wp-json\/wp\/v2\/pages"}],"about":[{"href":"https:\/\/www.suviseurat.fi/2024\/es\/wp-json\/wp\/v2\/types\/page"}],"author":[{"embeddable":true,"href":"https:\/\/www.suviseurat.fi/2024\/es\/wp-json\/wp\/v2\/users\/19"}],"replies":[{"embeddable":true,"href":"https:\/\/www.suviseurat.fi/2024\/es\/wp-json\/wp\/v2\/comments?post=20549"}],"version-history":[{"count":1,"href":"https:\/\/www.suviseurat.fi/2024\/es\/wp-json\/wp\/v2\/pages\/20549\/revisions"}],"predecessor-version":[{"id":20688,"href":"https:\/\/www.suviseurat.fi/2024\/es\/wp-json\/wp\/v2\/pages\/20549\/revisions\/20688"}],"up":[{"embeddable":true,"href":"https:\/\/www.suviseurat.fi/2024\/es\/wp-json\/wp\/v2\/pages\/20687"}],"wp:attachment":[{"href":"https:\/\/www.suviseurat.fi/2024\/es\/wp-json\/wp\/v2\/media?parent=20549"}],"curies":[{"name":"wp","href":"https:\/\/api.w.org\/{rel}","templated":true}]}}