{"id":20550,"date":"2024-05-14T15:33:01","date_gmt":"2024-05-14T12:33:01","guid":{"rendered":"https:\/\/www.suviseurat.fi/2024\/uso-de-dispositivos-moviles\/"},"modified":"2024-06-23T15:16:20","modified_gmt":"2024-06-23T12:16:20","slug":"uso-de-dispositivos-moviles","status":"publish","type":"page","link":"https:\/\/www.suviseurat.fi/2024\/es\/instrucciones\/uso-de-dispositivos-moviles\/","title":{"rendered":"Uso de dispositivos m\u00f3viles"},"content":{"rendered":"\n<p><span style=\"font-weight: 400\">Las redes m\u00f3viles pueden sufrir ocasionalmente congestiones, con llamadas que no se conectan o mensajes que no se transmiten (&#8220;red ocupada&#8221;). Evita el uso innecesario de tu tel\u00e9fono m\u00f3vil, especialmente cuando descargues y env\u00edes v\u00eddeos. La carga de v\u00eddeo en la red es elevada. Si es posible, intenta utilizar SMS o WhatsApp en lugar de llamar. <strong>Se recomienda a los visitantes que eviten ver las retransmisiones en streaming desde la carpa del club en la zona de los Servicos de Verano, debido a la congesti\u00f3n de tel\u00e9fonos m\u00f3viles.<\/strong><\/span><\/p>\n<p><span style=\"font-weight: 400\">Est\u00e1 estrictamente prohibido utilizar el n\u00famero de emergencia para llamadas que no sean de emergencia. <\/span><\/p>\n<p><span style=\"font-weight: 400\">Los tel\u00e9fonos podr\u00e1n cargarse en las helader\u00edas a partir del mi\u00e9rcoles.<\/span><\/p>\n<p> <\/p>\n","protected":false},"excerpt":{"rendered":"<p>Las redes m\u00f3viles pueden sufrir ocasionalmente congestiones, con llamadas que no se conectan o mensajes<a class=\"moretag\" href=\"https:\/\/www.suviseurat.fi/2024\/es\/instrucciones\/uso-de-dispositivos-moviles\/\">Jatka lukemista ><\/a><\/p>\n","protected":false},"author":19,"featured_media":0,"parent":20696,"menu_order":6,"comment_status":"closed","ping_status":"closed","template":"","meta":{"_acf_changed":false,"footnotes":""},"class_list":["post-20550","page","type-page","status-publish","hentry"],"acf":[],"yoast_head":"<!-- This site is optimized with the Yoast SEO plugin v23.3 - https:\/\/yoast.com\/wordpress\/plugins\/seo\/ -->\n<title>Uso de dispositivos m\u00f3viles - SRK:n Suviseurat Pudasj\u00e4rvell\u00e4 2024<\/title>\n<meta name=\"description\" content=\"Las redes m\u00f3viles pueden sufrir ocasionalmente congestiones, con llamadas que no se conectan o mensajes que no se transmiten (&quot;red ocupada&quot;). Evita el uso\" \/>\n<meta name=\"robots\" content=\"index, follow, max-snippet:-1, max-image-preview:large, max-video-preview:-1\" \/>\n<link rel=\"canonical\" href=\"https:\/\/www.suviseurat.fi/2024\/es\/instrucciones\/uso-de-dispositivos-moviles\/\" \/>\n<meta property=\"og:locale\" content=\"es_ES\" \/>\n<meta property=\"og:type\" content=\"article\" \/>\n<meta property=\"og:title\" content=\"Uso de dispositivos m\u00f3viles - SRK:n Suviseurat Pudasj\u00e4rvell\u00e4 2024\" \/>\n<meta property=\"og:description\" content=\"Las redes m\u00f3viles pueden sufrir ocasionalmente congestiones, con llamadas que no se conectan o mensajes que no se transmiten (&quot;red ocupada&quot;). Evita el uso\" \/>\n<meta property=\"og:url\" content=\"https:\/\/www.suviseurat.fi/2024\/es\/instrucciones\/uso-de-dispositivos-moviles\/\" \/>\n<meta property=\"og:site_name\" content=\"SRK:n Suviseurat Pudasj\u00e4rvell\u00e4 2024\" \/>\n<meta property=\"article:publisher\" content=\"https:\/\/www.facebook.com\/SRKryNyt\/\" \/>\n<meta property=\"article:modified_time\" content=\"2024-06-23T12:16:20+00:00\" \/>\n<meta name=\"twitter:card\" content=\"summary_large_image\" \/>\n<meta name=\"twitter:site\" content=\"@Suviseurat\" \/>\n<meta name=\"twitter:label1\" content=\"Tiempo de lectura\" \/>\n\t<meta name=\"twitter:data1\" content=\"1 minute\" \/>\n<script type=\"application\/ld+json\" class=\"yoast-schema-graph\">{\"@context\":\"https:\/\/schema.org\",\"@graph\":[{\"@type\":\"WebPage\",\"@id\":\"https:\/\/www.suviseurat.fi/2024\/es\/instrucciones\/uso-de-dispositivos-moviles\/\",\"url\":\"https:\/\/www.suviseurat.fi/2024\/es\/instrucciones\/uso-de-dispositivos-moviles\/\",\"name\":\"Uso de dispositivos m\u00f3viles - SRK:n Suviseurat Pudasj\u00e4rvell\u00e4 2024\",\"isPartOf\":{\"@id\":\"https:\/\/www.suviseurat.fi/2024\/#website\"},\"datePublished\":\"2024-05-14T12:33:01+00:00\",\"dateModified\":\"2024-06-23T12:16:20+00:00\",\"description\":\"Las redes m\u00f3viles pueden sufrir ocasionalmente congestiones, con llamadas que no se conectan o mensajes que no se transmiten (\\\"red ocupada\\\"). Evita el uso\",\"breadcrumb\":{\"@id\":\"https:\/\/www.suviseurat.fi/2024\/es\/instrucciones\/uso-de-dispositivos-moviles\/#breadcrumb\"},\"inLanguage\":\"es-ES\",\"potentialAction\":[{\"@type\":\"ReadAction\",\"target\":[\"https:\/\/www.suviseurat.fi/2024\/es\/instrucciones\/uso-de-dispositivos-moviles\/\"]}]},{\"@type\":\"BreadcrumbList\",\"@id\":\"https:\/\/www.suviseurat.fi/2024\/es\/instrucciones\/uso-de-dispositivos-moviles\/#breadcrumb\",\"itemListElement\":[{\"@type\":\"ListItem\",\"position\":1,\"name\":\"Etusivu\",\"item\":\"https:\/\/www.suviseurat.fi/2024\/es\/20558-2\/\"},{\"@type\":\"ListItem\",\"position\":2,\"name\":\"Instrucciones\",\"item\":\"https:\/\/www.suviseurat.fi/2024\/es\/instrucciones\/\"},{\"@type\":\"ListItem\",\"position\":3,\"name\":\"Uso de dispositivos m\u00f3viles\"}]},{\"@type\":\"WebSite\",\"@id\":\"https:\/\/www.suviseurat.fi/2024\/#website\",\"url\":\"https:\/\/www.suviseurat.fi/2024\/\",\"name\":\"SRK:n Suviseurat Pudasj\u00e4rvell\u00e4 2024\",\"description\":\"Olenko min\u00e4 sinulle rakas?\",\"publisher\":{\"@id\":\"https:\/\/www.suviseurat.fi/2024\/#organization\"},\"potentialAction\":[{\"@type\":\"SearchAction\",\"target\":{\"@type\":\"EntryPoint\",\"urlTemplate\":\"https:\/\/www.suviseurat.fi/2024\/?s={search_term_string}\"},\"query-input\":\"required name=search_term_string\"}],\"inLanguage\":\"es-ES\"},{\"@type\":\"Organization\",\"@id\":\"https:\/\/www.suviseurat.fi/2024\/#organization\",\"name\":\"Suviseurat\",\"url\":\"https:\/\/www.suviseurat.fi/2024\/\",\"logo\":{\"@type\":\"ImageObject\",\"inLanguage\":\"es-ES\",\"@id\":\"https:\/\/www.suviseurat.fi/2024\/#\/schema\/logo\/image\/\",\"url\":\"https:\/\/www.suviseurat.fi/2024\/wp-content\/uploads\/2023\/10\/tunnus-nelio.jpg\",\"contentUrl\":\"https:\/\/www.suviseurat.fi/2024\/wp-content\/uploads\/2023\/10\/tunnus-nelio.jpg\",\"width\":1000,\"height\":1000,\"caption\":\"Suviseurat\"},\"image\":{\"@id\":\"https:\/\/www.suviseurat.fi/2024\/#\/schema\/logo\/image\/\"},\"sameAs\":[\"https:\/\/www.facebook.com\/SRKryNyt\/\",\"https:\/\/x.com\/Suviseurat\",\"https:\/\/www.facebook.com\/srksuviseurat\/\",\"https:\/\/www.youtube.com\/@SRKnyt\",\"https:\/\/www.instagram.com\/srk_nyt\/\",\"https:\/\/www.flickr.com\/photos\/suviseurat\"]}]}<\/script>\n<!-- \/ Yoast SEO plugin. -->","yoast_head_json":{"title":"Uso de dispositivos m\u00f3viles - SRK:n Suviseurat Pudasj\u00e4rvell\u00e4 2024","description":"Las redes m\u00f3viles pueden sufrir ocasionalmente congestiones, con llamadas que no se conectan o mensajes que no se transmiten (\"red ocupada\"). Evita el uso","robots":{"index":"index","follow":"follow","max-snippet":"max-snippet:-1","max-image-preview":"max-image-preview:large","max-video-preview":"max-video-preview:-1"},"canonical":"https:\/\/www.suviseurat.fi/2024\/es\/instrucciones\/uso-de-dispositivos-moviles\/","og_locale":"es_ES","og_type":"article","og_title":"Uso de dispositivos m\u00f3viles - SRK:n Suviseurat Pudasj\u00e4rvell\u00e4 2024","og_description":"Las redes m\u00f3viles pueden sufrir ocasionalmente congestiones, con llamadas que no se conectan o mensajes que no se transmiten (\"red ocupada\"). Evita el uso","og_url":"https:\/\/www.suviseurat.fi/2024\/es\/instrucciones\/uso-de-dispositivos-moviles\/","og_site_name":"SRK:n Suviseurat Pudasj\u00e4rvell\u00e4 2024","article_publisher":"https:\/\/www.facebook.com\/SRKryNyt\/","article_modified_time":"2024-06-23T12:16:20+00:00","twitter_card":"summary_large_image","twitter_site":"@Suviseurat","twitter_misc":{"Tiempo de lectura":"1 minute"},"schema":{"@context":"https:\/\/schema.org","@graph":[{"@type":"WebPage","@id":"https:\/\/www.suviseurat.fi/2024\/es\/instrucciones\/uso-de-dispositivos-moviles\/","url":"https:\/\/www.suviseurat.fi/2024\/es\/instrucciones\/uso-de-dispositivos-moviles\/","name":"Uso de dispositivos m\u00f3viles - SRK:n Suviseurat Pudasj\u00e4rvell\u00e4 2024","isPartOf":{"@id":"https:\/\/www.suviseurat.fi/2024\/#website"},"datePublished":"2024-05-14T12:33:01+00:00","dateModified":"2024-06-23T12:16:20+00:00","description":"Las redes m\u00f3viles pueden sufrir ocasionalmente congestiones, con llamadas que no se conectan o mensajes que no se transmiten (\"red ocupada\"). Evita el uso","breadcrumb":{"@id":"https:\/\/www.suviseurat.fi/2024\/es\/instrucciones\/uso-de-dispositivos-moviles\/#breadcrumb"},"inLanguage":"es-ES","potentialAction":[{"@type":"ReadAction","target":["https:\/\/www.suviseurat.fi/2024\/es\/instrucciones\/uso-de-dispositivos-moviles\/"]}]},{"@type":"BreadcrumbList","@id":"https:\/\/www.suviseurat.fi/2024\/es\/instrucciones\/uso-de-dispositivos-moviles\/#breadcrumb","itemListElement":[{"@type":"ListItem","position":1,"name":"Etusivu","item":"https:\/\/www.suviseurat.fi/2024\/es\/20558-2\/"},{"@type":"ListItem","position":2,"name":"Instrucciones","item":"https:\/\/www.suviseurat.fi/2024\/es\/instrucciones\/"},{"@type":"ListItem","position":3,"name":"Uso de dispositivos m\u00f3viles"}]},{"@type":"WebSite","@id":"https:\/\/www.suviseurat.fi/2024\/#website","url":"https:\/\/www.suviseurat.fi/2024\/","name":"SRK:n Suviseurat Pudasj\u00e4rvell\u00e4 2024","description":"Olenko min\u00e4 sinulle rakas?","publisher":{"@id":"https:\/\/www.suviseurat.fi/2024\/#organization"},"potentialAction":[{"@type":"SearchAction","target":{"@type":"EntryPoint","urlTemplate":"https:\/\/www.suviseurat.fi/2024\/?s={search_term_string}"},"query-input":"required name=search_term_string"}],"inLanguage":"es-ES"},{"@type":"Organization","@id":"https:\/\/www.suviseurat.fi/2024\/#organization","name":"Suviseurat","url":"https:\/\/www.suviseurat.fi/2024\/","logo":{"@type":"ImageObject","inLanguage":"es-ES","@id":"https:\/\/www.suviseurat.fi/2024\/#\/schema\/logo\/image\/","url":"https:\/\/www.suviseurat.fi/2024\/wp-content\/uploads\/2023\/10\/tunnus-nelio.jpg","contentUrl":"https:\/\/www.suviseurat.fi/2024\/wp-content\/uploads\/2023\/10\/tunnus-nelio.jpg","width":1000,"height":1000,"caption":"Suviseurat"},"image":{"@id":"https:\/\/www.suviseurat.fi/2024\/#\/schema\/logo\/image\/"},"sameAs":["https:\/\/www.facebook.com\/SRKryNyt\/","https:\/\/x.com\/Suviseurat","https:\/\/www.facebook.com\/srksuviseurat\/","https:\/\/www.youtube.com\/@SRKnyt","https:\/\/www.instagram.com\/srk_nyt\/","https:\/\/www.flickr.com\/photos\/suviseurat"]}]}},"_links":{"self":[{"href":"https:\/\/www.suviseurat.fi/2024\/es\/wp-json\/wp\/v2\/pages\/20550"}],"collection":[{"href":"https:\/\/www.suviseurat.fi/2024\/es\/wp-json\/wp\/v2\/pages"}],"about":[{"href":"https:\/\/www.suviseurat.fi/2024\/es\/wp-json\/wp\/v2\/types\/page"}],"author":[{"embeddable":true,"href":"https:\/\/www.suviseurat.fi/2024\/es\/wp-json\/wp\/v2\/users\/19"}],"replies":[{"embeddable":true,"href":"https:\/\/www.suviseurat.fi/2024\/es\/wp-json\/wp\/v2\/comments?post=20550"}],"version-history":[{"count":1,"href":"https:\/\/www.suviseurat.fi/2024\/es\/wp-json\/wp\/v2\/pages\/20550\/revisions"}],"predecessor-version":[{"id":20551,"href":"https:\/\/www.suviseurat.fi/2024\/es\/wp-json\/wp\/v2\/pages\/20550\/revisions\/20551"}],"up":[{"embeddable":true,"href":"https:\/\/www.suviseurat.fi/2024\/es\/wp-json\/wp\/v2\/pages\/20696"}],"wp:attachment":[{"href":"https:\/\/www.suviseurat.fi/2024\/es\/wp-json\/wp\/v2\/media?parent=20550"}],"curies":[{"name":"wp","href":"https:\/\/api.w.org\/{rel}","templated":true}]}}