{"id":20552,"date":"2024-05-14T15:32:20","date_gmt":"2024-05-14T12:32:20","guid":{"rendered":"https:\/\/www.suviseurat.fi/2024\/limpieza-e-higiene\/"},"modified":"2024-06-23T15:16:20","modified_gmt":"2024-06-23T12:16:20","slug":"limpieza-e-higiene","status":"publish","type":"page","link":"https:\/\/www.suviseurat.fi/2024\/es\/instrucciones\/limpieza-e-higiene\/","title":{"rendered":"Limpieza e higiene"},"content":{"rendered":"<p><b>Recicla los residuos y lleva las aguas residuales a los puntos de reciclaje<\/b><\/p>\n<p><span style=\"font-weight: 400\">La gesti\u00f3n de residuos en la siguiente zona se lleva a cabo de acuerdo con la normativa de gesti\u00f3n de residuos. <strong>Hay 13 puntos de clasificaci\u00f3n en la zona. Est\u00e1n situados cerca de los aseos.<\/strong><\/span><\/p>\n<p>Hay un punto para vaciar los contenedores de Kemsa cerca de los aseos. Tambi\u00e9n hay algunos puntos de recogida individuales en la zona. <strong>Las aguas residuales grises de los veh\u00edculos de recreo (incluidas las de las zonas pavimentadas) deben recogerse y eliminarse en contenedores adecuados, ya que gran parte de la zona de alojamiento son aguas subterr\u00e1neas.<\/strong> La cuenca de aguas subterr\u00e1neas est\u00e1 marcada en el mapa de los servicos de verano.<\/p>\n<p>Los residuos se clasifican seg\u00fan las se\u00f1ales: vidrio, metal peque\u00f1o, biorresiduos y residuos mezclados. Es buena idea clasificarlos ya en el lugar de alojamiento.<\/p>\n<p><a href=\"https:\/\/www.suviseurat.fi/2024\/wp-content\/uploads\/2024\/05\/Jatteiden-lajitteluohje.jpg\"><img loading=\"lazy\" decoding=\"async\" class=\"alignnone wp-image-19740 \" src=\"https:\/\/www.suviseurat.fi/2024\/wp-content\/uploads\/2024\/05\/Jatteiden-lajitteluohje-1024x576.jpg\" alt=\"\" width=\"703\" height=\"396\" srcset=\"https:\/\/www.suviseurat.fi/2024\/wp-content\/uploads\/2024\/05\/Jatteiden-lajitteluohje-1024x576.jpg 1024w, https:\/\/www.suviseurat.fi/2024\/wp-content\/uploads\/2024\/05\/Jatteiden-lajitteluohje-768x432.jpg 768w, https:\/\/www.suviseurat.fi/2024\/wp-content\/uploads\/2024\/05\/Jatteiden-lajitteluohje-1536x864.jpg 1536w, https:\/\/www.suviseurat.fi/2024\/wp-content\/uploads\/2024\/05\/Jatteiden-lajitteluohje.jpg 1600w\" sizes=\"(max-width: 703px) 100vw, 703px\" \/><\/a><\/p>\n<p>En la oficina de saneamiento hay un punto de entrega de residuos peligrosos, residuos electr\u00f3nicos (SER), pilas y acumuladores. Las pilas tambi\u00e9n pueden devolverse a los contenedores de recogida de pilas de las tiendas. En caso de duda, pide instrucciones a la oficina de saneamiento.<\/p>\n<p><strong>\u00a1Visitantes en los Servicios de Verano! Responsabil\u00edzate aportando tu granito de arena para mantener ordenada la zona de los servicios de verano. Cuando abandones la zona de los servicios de verano, por favor, \u00a1limpia tu zona de alojamiento!<\/strong><\/p>\n","protected":false},"excerpt":{"rendered":"<p>Recicla los residuos y lleva las aguas residuales a los puntos de reciclaje La gesti\u00f3n<a class=\"moretag\" href=\"https:\/\/www.suviseurat.fi/2024\/es\/instrucciones\/limpieza-e-higiene\/\">Jatka lukemista ><\/a><\/p>\n","protected":false},"author":19,"featured_media":0,"parent":20696,"menu_order":7,"comment_status":"closed","ping_status":"closed","template":"","meta":{"_acf_changed":false,"footnotes":""},"class_list":["post-20552","page","type-page","status-publish","hentry"],"acf":[],"yoast_head":"<!-- This site is optimized with the Yoast SEO plugin v23.3 - https:\/\/yoast.com\/wordpress\/plugins\/seo\/ -->\n<title>Limpieza e higiene - SRK:n Suviseurat Pudasj\u00e4rvell\u00e4 2024<\/title>\n<meta name=\"description\" content=\"Recicla los residuos y lleva las aguas residuales a los puntos de reciclaje La gesti\u00f3n de residuos en la siguiente zona se lleva a cabo de acuerdo con la\" \/>\n<meta name=\"robots\" content=\"index, follow, max-snippet:-1, max-image-preview:large, max-video-preview:-1\" \/>\n<link rel=\"canonical\" href=\"https:\/\/www.suviseurat.fi/2024\/es\/instrucciones\/limpieza-e-higiene\/\" \/>\n<meta property=\"og:locale\" content=\"es_ES\" \/>\n<meta property=\"og:type\" content=\"article\" \/>\n<meta property=\"og:title\" content=\"Limpieza e higiene - SRK:n Suviseurat Pudasj\u00e4rvell\u00e4 2024\" \/>\n<meta property=\"og:description\" content=\"Recicla los residuos y lleva las aguas residuales a los puntos de reciclaje La gesti\u00f3n de residuos en la siguiente zona se lleva a cabo de acuerdo con la\" \/>\n<meta property=\"og:url\" content=\"https:\/\/www.suviseurat.fi/2024\/es\/instrucciones\/limpieza-e-higiene\/\" \/>\n<meta property=\"og:site_name\" content=\"SRK:n Suviseurat Pudasj\u00e4rvell\u00e4 2024\" \/>\n<meta property=\"article:publisher\" content=\"https:\/\/www.facebook.com\/SRKryNyt\/\" \/>\n<meta property=\"article:modified_time\" content=\"2024-06-23T12:16:20+00:00\" \/>\n<meta property=\"og:image\" content=\"https:\/\/www.suviseurat.fi/2024\/wp-content\/uploads\/2024\/05\/Jatteiden-lajitteluohje-1024x576.jpg\" \/>\n<meta name=\"twitter:card\" content=\"summary_large_image\" \/>\n<meta name=\"twitter:site\" content=\"@Suviseurat\" \/>\n<meta name=\"twitter:label1\" content=\"Tiempo de lectura\" \/>\n\t<meta name=\"twitter:data1\" content=\"1 minute\" \/>\n<script type=\"application\/ld+json\" class=\"yoast-schema-graph\">{\"@context\":\"https:\/\/schema.org\",\"@graph\":[{\"@type\":\"WebPage\",\"@id\":\"https:\/\/www.suviseurat.fi/2024\/es\/instrucciones\/limpieza-e-higiene\/\",\"url\":\"https:\/\/www.suviseurat.fi/2024\/es\/instrucciones\/limpieza-e-higiene\/\",\"name\":\"Limpieza e higiene - SRK:n Suviseurat Pudasj\u00e4rvell\u00e4 2024\",\"isPartOf\":{\"@id\":\"https:\/\/www.suviseurat.fi/2024\/#website\"},\"primaryImageOfPage\":{\"@id\":\"https:\/\/www.suviseurat.fi/2024\/es\/instrucciones\/limpieza-e-higiene\/#primaryimage\"},\"image\":{\"@id\":\"https:\/\/www.suviseurat.fi/2024\/es\/instrucciones\/limpieza-e-higiene\/#primaryimage\"},\"thumbnailUrl\":\"https:\/\/www.suviseurat.fi/2024\/wp-content\/uploads\/2024\/05\/Jatteiden-lajitteluohje-1024x576.jpg\",\"datePublished\":\"2024-05-14T12:32:20+00:00\",\"dateModified\":\"2024-06-23T12:16:20+00:00\",\"description\":\"Recicla los residuos y lleva las aguas residuales a los puntos de reciclaje La gesti\u00f3n de residuos en la siguiente zona se lleva a cabo de acuerdo con la\",\"breadcrumb\":{\"@id\":\"https:\/\/www.suviseurat.fi/2024\/es\/instrucciones\/limpieza-e-higiene\/#breadcrumb\"},\"inLanguage\":\"es-ES\",\"potentialAction\":[{\"@type\":\"ReadAction\",\"target\":[\"https:\/\/www.suviseurat.fi/2024\/es\/instrucciones\/limpieza-e-higiene\/\"]}]},{\"@type\":\"ImageObject\",\"inLanguage\":\"es-ES\",\"@id\":\"https:\/\/www.suviseurat.fi/2024\/es\/instrucciones\/limpieza-e-higiene\/#primaryimage\",\"url\":\"https:\/\/www.suviseurat.fi/2024\/wp-content\/uploads\/2024\/05\/Jatteiden-lajitteluohje-1024x576.jpg\",\"contentUrl\":\"https:\/\/www.suviseurat.fi/2024\/wp-content\/uploads\/2024\/05\/Jatteiden-lajitteluohje-1024x576.jpg\"},{\"@type\":\"BreadcrumbList\",\"@id\":\"https:\/\/www.suviseurat.fi/2024\/es\/instrucciones\/limpieza-e-higiene\/#breadcrumb\",\"itemListElement\":[{\"@type\":\"ListItem\",\"position\":1,\"name\":\"Etusivu\",\"item\":\"https:\/\/www.suviseurat.fi/2024\/es\/20558-2\/\"},{\"@type\":\"ListItem\",\"position\":2,\"name\":\"Instrucciones\",\"item\":\"https:\/\/www.suviseurat.fi/2024\/es\/instrucciones\/\"},{\"@type\":\"ListItem\",\"position\":3,\"name\":\"Limpieza e higiene\"}]},{\"@type\":\"WebSite\",\"@id\":\"https:\/\/www.suviseurat.fi/2024\/#website\",\"url\":\"https:\/\/www.suviseurat.fi/2024\/\",\"name\":\"SRK:n Suviseurat Pudasj\u00e4rvell\u00e4 2024\",\"description\":\"Olenko min\u00e4 sinulle rakas?\",\"publisher\":{\"@id\":\"https:\/\/www.suviseurat.fi/2024\/#organization\"},\"potentialAction\":[{\"@type\":\"SearchAction\",\"target\":{\"@type\":\"EntryPoint\",\"urlTemplate\":\"https:\/\/www.suviseurat.fi/2024\/?s={search_term_string}\"},\"query-input\":\"required name=search_term_string\"}],\"inLanguage\":\"es-ES\"},{\"@type\":\"Organization\",\"@id\":\"https:\/\/www.suviseurat.fi/2024\/#organization\",\"name\":\"Suviseurat\",\"url\":\"https:\/\/www.suviseurat.fi/2024\/\",\"logo\":{\"@type\":\"ImageObject\",\"inLanguage\":\"es-ES\",\"@id\":\"https:\/\/www.suviseurat.fi/2024\/#\/schema\/logo\/image\/\",\"url\":\"https:\/\/www.suviseurat.fi/2024\/wp-content\/uploads\/2023\/10\/tunnus-nelio.jpg\",\"contentUrl\":\"https:\/\/www.suviseurat.fi/2024\/wp-content\/uploads\/2023\/10\/tunnus-nelio.jpg\",\"width\":1000,\"height\":1000,\"caption\":\"Suviseurat\"},\"image\":{\"@id\":\"https:\/\/www.suviseurat.fi/2024\/#\/schema\/logo\/image\/\"},\"sameAs\":[\"https:\/\/www.facebook.com\/SRKryNyt\/\",\"https:\/\/x.com\/Suviseurat\",\"https:\/\/www.facebook.com\/srksuviseurat\/\",\"https:\/\/www.youtube.com\/@SRKnyt\",\"https:\/\/www.instagram.com\/srk_nyt\/\",\"https:\/\/www.flickr.com\/photos\/suviseurat\"]}]}<\/script>\n<!-- \/ Yoast SEO plugin. -->","yoast_head_json":{"title":"Limpieza e higiene - SRK:n Suviseurat Pudasj\u00e4rvell\u00e4 2024","description":"Recicla los residuos y lleva las aguas residuales a los puntos de reciclaje La gesti\u00f3n de residuos en la siguiente zona se lleva a cabo de acuerdo con la","robots":{"index":"index","follow":"follow","max-snippet":"max-snippet:-1","max-image-preview":"max-image-preview:large","max-video-preview":"max-video-preview:-1"},"canonical":"https:\/\/www.suviseurat.fi/2024\/es\/instrucciones\/limpieza-e-higiene\/","og_locale":"es_ES","og_type":"article","og_title":"Limpieza e higiene - SRK:n Suviseurat Pudasj\u00e4rvell\u00e4 2024","og_description":"Recicla los residuos y lleva las aguas residuales a los puntos de reciclaje La gesti\u00f3n de residuos en la siguiente zona se lleva a cabo de acuerdo con la","og_url":"https:\/\/www.suviseurat.fi/2024\/es\/instrucciones\/limpieza-e-higiene\/","og_site_name":"SRK:n Suviseurat Pudasj\u00e4rvell\u00e4 2024","article_publisher":"https:\/\/www.facebook.com\/SRKryNyt\/","article_modified_time":"2024-06-23T12:16:20+00:00","og_image":[{"url":"https:\/\/www.suviseurat.fi/2024\/wp-content\/uploads\/2024\/05\/Jatteiden-lajitteluohje-1024x576.jpg"}],"twitter_card":"summary_large_image","twitter_site":"@Suviseurat","twitter_misc":{"Tiempo de lectura":"1 minute"},"schema":{"@context":"https:\/\/schema.org","@graph":[{"@type":"WebPage","@id":"https:\/\/www.suviseurat.fi/2024\/es\/instrucciones\/limpieza-e-higiene\/","url":"https:\/\/www.suviseurat.fi/2024\/es\/instrucciones\/limpieza-e-higiene\/","name":"Limpieza e higiene - SRK:n Suviseurat Pudasj\u00e4rvell\u00e4 2024","isPartOf":{"@id":"https:\/\/www.suviseurat.fi/2024\/#website"},"primaryImageOfPage":{"@id":"https:\/\/www.suviseurat.fi/2024\/es\/instrucciones\/limpieza-e-higiene\/#primaryimage"},"image":{"@id":"https:\/\/www.suviseurat.fi/2024\/es\/instrucciones\/limpieza-e-higiene\/#primaryimage"},"thumbnailUrl":"https:\/\/www.suviseurat.fi/2024\/wp-content\/uploads\/2024\/05\/Jatteiden-lajitteluohje-1024x576.jpg","datePublished":"2024-05-14T12:32:20+00:00","dateModified":"2024-06-23T12:16:20+00:00","description":"Recicla los residuos y lleva las aguas residuales a los puntos de reciclaje La gesti\u00f3n de residuos en la siguiente zona se lleva a cabo de acuerdo con la","breadcrumb":{"@id":"https:\/\/www.suviseurat.fi/2024\/es\/instrucciones\/limpieza-e-higiene\/#breadcrumb"},"inLanguage":"es-ES","potentialAction":[{"@type":"ReadAction","target":["https:\/\/www.suviseurat.fi/2024\/es\/instrucciones\/limpieza-e-higiene\/"]}]},{"@type":"ImageObject","inLanguage":"es-ES","@id":"https:\/\/www.suviseurat.fi/2024\/es\/instrucciones\/limpieza-e-higiene\/#primaryimage","url":"https:\/\/www.suviseurat.fi/2024\/wp-content\/uploads\/2024\/05\/Jatteiden-lajitteluohje-1024x576.jpg","contentUrl":"https:\/\/www.suviseurat.fi/2024\/wp-content\/uploads\/2024\/05\/Jatteiden-lajitteluohje-1024x576.jpg"},{"@type":"BreadcrumbList","@id":"https:\/\/www.suviseurat.fi/2024\/es\/instrucciones\/limpieza-e-higiene\/#breadcrumb","itemListElement":[{"@type":"ListItem","position":1,"name":"Etusivu","item":"https:\/\/www.suviseurat.fi/2024\/es\/20558-2\/"},{"@type":"ListItem","position":2,"name":"Instrucciones","item":"https:\/\/www.suviseurat.fi/2024\/es\/instrucciones\/"},{"@type":"ListItem","position":3,"name":"Limpieza e higiene"}]},{"@type":"WebSite","@id":"https:\/\/www.suviseurat.fi/2024\/#website","url":"https:\/\/www.suviseurat.fi/2024\/","name":"SRK:n Suviseurat Pudasj\u00e4rvell\u00e4 2024","description":"Olenko min\u00e4 sinulle rakas?","publisher":{"@id":"https:\/\/www.suviseurat.fi/2024\/#organization"},"potentialAction":[{"@type":"SearchAction","target":{"@type":"EntryPoint","urlTemplate":"https:\/\/www.suviseurat.fi/2024\/?s={search_term_string}"},"query-input":"required name=search_term_string"}],"inLanguage":"es-ES"},{"@type":"Organization","@id":"https:\/\/www.suviseurat.fi/2024\/#organization","name":"Suviseurat","url":"https:\/\/www.suviseurat.fi/2024\/","logo":{"@type":"ImageObject","inLanguage":"es-ES","@id":"https:\/\/www.suviseurat.fi/2024\/#\/schema\/logo\/image\/","url":"https:\/\/www.suviseurat.fi/2024\/wp-content\/uploads\/2023\/10\/tunnus-nelio.jpg","contentUrl":"https:\/\/www.suviseurat.fi/2024\/wp-content\/uploads\/2023\/10\/tunnus-nelio.jpg","width":1000,"height":1000,"caption":"Suviseurat"},"image":{"@id":"https:\/\/www.suviseurat.fi/2024\/#\/schema\/logo\/image\/"},"sameAs":["https:\/\/www.facebook.com\/SRKryNyt\/","https:\/\/x.com\/Suviseurat","https:\/\/www.facebook.com\/srksuviseurat\/","https:\/\/www.youtube.com\/@SRKnyt","https:\/\/www.instagram.com\/srk_nyt\/","https:\/\/www.flickr.com\/photos\/suviseurat"]}]}},"_links":{"self":[{"href":"https:\/\/www.suviseurat.fi/2024\/es\/wp-json\/wp\/v2\/pages\/20552"}],"collection":[{"href":"https:\/\/www.suviseurat.fi/2024\/es\/wp-json\/wp\/v2\/pages"}],"about":[{"href":"https:\/\/www.suviseurat.fi/2024\/es\/wp-json\/wp\/v2\/types\/page"}],"author":[{"embeddable":true,"href":"https:\/\/www.suviseurat.fi/2024\/es\/wp-json\/wp\/v2\/users\/19"}],"replies":[{"embeddable":true,"href":"https:\/\/www.suviseurat.fi/2024\/es\/wp-json\/wp\/v2\/comments?post=20552"}],"version-history":[{"count":1,"href":"https:\/\/www.suviseurat.fi/2024\/es\/wp-json\/wp\/v2\/pages\/20552\/revisions"}],"predecessor-version":[{"id":20698,"href":"https:\/\/www.suviseurat.fi/2024\/es\/wp-json\/wp\/v2\/pages\/20552\/revisions\/20698"}],"up":[{"embeddable":true,"href":"https:\/\/www.suviseurat.fi/2024\/es\/wp-json\/wp\/v2\/pages\/20696"}],"wp:attachment":[{"href":"https:\/\/www.suviseurat.fi/2024\/es\/wp-json\/wp\/v2\/media?parent=20552"}],"curies":[{"name":"wp","href":"https:\/\/api.w.org\/{rel}","templated":true}]}}