{"id":20553,"date":"2024-05-14T15:26:42","date_gmt":"2024-05-14T12:26:42","guid":{"rendered":"https:\/\/www.suviseurat.fi/2024\/seguridad\/"},"modified":"2024-06-23T15:16:20","modified_gmt":"2024-06-23T12:16:20","slug":"seguridad","status":"publish","type":"page","link":"https:\/\/www.suviseurat.fi/2024\/es\/instrucciones\/seguridad\/","title":{"rendered":"Seguridad"},"content":{"rendered":"<h2><strong>Seguridad<\/strong><\/h2>\n<p><strong>Un objetivo com\u00fan para Los Servicios de Verano seguros<\/strong><\/p>\n<p><span style=\"font-weight: 400\">Para garantizar la seguridad de los Servicios de Verano, el organizador de los mismos publica directrices y normas de seguridad que todos los invitados deben cumplir. <strong>Cualquier incidente que ponga en peligro la seguridad debe ser tratado y comunicado a la Oficina de Seguridad, tel. 040 132 0763.<\/strong><\/span><\/p>\n<ul>\n<li><span style=\"font-weight: 400\">Los padres o tutores de los ni\u00f1os son responsables de ellos durante los servicios de verano. Los ni\u00f1os deben permanecer con sus padres y su acceso a la zona de los servicios de verano debe estar supervisado.<\/span><\/li>\n<li><span style=\"font-weight: 400\">Est\u00e1 prohibido circular, permanecer o aparcar en zonas privadas que no pertenezcan a los servicios de verano.<\/span><\/li>\n<li><span style=\"font-weight: 400\">Est\u00e1 prohibido nadar en las aguas cercanas a la zona de los servicios de verano.<\/span><\/li>\n<li><span style=\"font-weight: 400\">Est\u00e1 prohibido encender fuego, utilizar hornillos de camping, chimeneas o barbacoas.<\/span><\/li>\n<li><span style=\"font-weight: 400\">Est\u00e1 prohibido el tr\u00e1fico innecesario de veh\u00edculos en la zona de los servicios de verano.<\/span><\/li>\n<li><span style=\"font-weight: 400\">Est\u00e1 prohibido el uso no autorizado de drones sobre la zona de los servicios de verano<\/span><\/li>\n<li><span style=\"font-weight: 400\">En la zona central del recinto s\u00f3lo se permite fumar en las zonas para fumadores. Hay que tener mucho cuidado al fumar en las zonas de alojamiento, sobre todo en las zonas arboladas.<\/span><\/li>\n<li><span style=\"font-weight: 400\">Est\u00e1 prohibido poseer y consumir alcohol u otras drogas en la zona del Los Servicios de Verano.<\/span><\/li>\n<li><span style=\"font-weight: 400\">La posesi\u00f3n y el uso de explosivos, incluidos los fuegos artificiales, est\u00e1n prohibidos en la zona de Los Servicios de Verano.<\/span><\/li>\n<li><span style=\"font-weight: 400\">Est\u00e1 prohibida la posesi\u00f3n de instrumentos capaces de da\u00f1ar a personas o bienes en la zona de los servicios de verano.<\/span><\/li>\n<li><span style=\"font-weight: 400\">Los hu\u00e9spedes tienen derecho a una noche de descanso. El tr\u00e1fico de veh\u00edculos u otros ruidos en las instalaciones de los servicios de verano est\u00e1 prohibido por la noche entre la 1.00 y las 6.00 horas, excluido el tr\u00e1fico de llenado.<\/span><\/li>\n<\/ul>\n<h3><strong>Cuando te prepares para un viaje a Los Servicios de Verano<\/strong><\/h3>\n<ol>\n<li>T\u00f3mate un tiempo para prepararte y consulta la informaci\u00f3n sobre los servicios de verano. Puedes encontrarlo, por ejemplo. En P\u00e4iv\u00e4mies ( el preiodico de los creyentes) y en la p\u00e1gina web de los servicios de verano.<\/li>\n<li>Aseg\u00farate de que tu autocaravana y su equipamiento est\u00e1n en buenas condiciones. Comprueba que tu extintor ha sido revisado.<\/li>\n<li>Coloca plataformas bajo los estabilizadores de tu autocaravana. No se deben causar da\u00f1os a las superficies pavimentadas de la zona de Los Servicios de Verano.<\/li>\n<li>Si tienes intenci\u00f3n de montar tiendas y toldos en la zona de los servicios de verano, prep\u00e1rate para anclarlos de modo que puedan resistir el viento. Las cu\u00f1as de tierra no deben utilizarse en superficies revestidas. Lleva recipientes llenos de agua. Cuando est\u00e1n vac\u00edas, se pueden transportar con seguridad en el tr\u00e1fico. Tambi\u00e9n puedes utilizar elementos que vengan con tu veh\u00edculo, como una rueda de repuesto, para anclarte.<\/li>\n<li>No lleves a las mascotas, prep\u00e1rales un lugar donde puedan quedarse durante el tiempo de los servicios de verano. Puedes llevar un perro gu\u00eda si lo necesitas. Tampoco lleves monopatines, patinetes o monopatines el\u00e9ctricos. No es seguro utilizarlos en los servicios de verano.<\/li>\n<li>Consulta las directrices de los organizadores de los Servicios de Verano sobre las v\u00edas de acceso a los servicios de verano. Deja tiempo suficiente para llegar, no conduzcas cansado. <strong>Sigue las indicaciones del camino para evitar atascos al acercarte a la zona de los servicios de verano.<\/strong> Escucha la emisora de radio de verano en el camino, tambi\u00e9n puedes obtener indicaciones desde all\u00ed.<\/li>\n<\/ol>\n<h3><strong>Cuando entres en la zona de los servicios de verano.<\/strong><\/h3>\n<p>\u00a1Bienvenidos a Los Servicios de Verano! Se pueden conseguir servicios de verano seguros trabajando juntos.<\/p>\n<ol>\n<li><span style=\"font-weight: 400\"> Me alegro de que hayas podido venir, \u00a1espero que tu llegada haya sido sana y salva! Si te alojas en el camping, esperamos que prestes atenci\u00f3n a la seguridad de tu camping para que todos podamos estar seguros. Aseg\u00farate de que las v\u00edas de evacuaci\u00f3n permanecen abiertas por tu parte. <\/span><\/li>\n<li><span style=\"font-weight: 400\"> No se har\u00e1n hendiduras ni agujeros en las superficies asf\u00e1lticas de las pistas. Coloca las plataformas bajo las patas de apoyo de las autocaravanas.<\/span><\/li>\n<li><span style=\"font-weight: 400\"> Puede hacer viento en la zona siguiente. Fija las estructuras de la tienda siguiendo las instrucciones del fabricante, pero en superficies pavimentadas, fija un peso m\u00ednimo de 10 kg en cada anclaje al suelo.<\/span><\/li>\n<li><span style=\"font-weight: 400\"> Averigua la ubicaci\u00f3n y la funci\u00f3n del extintor m\u00e1s cercano, adem\u00e1s del extintor de tu propio veh\u00edculo. Deja la cerradura del cilindro abierta y el cuchillo a la vista. <\/span><\/li>\n<li><span style=\"font-weight: 400\"> Prepara la comida s\u00f3lo con calentadores equipados al efecto en las autocaravanas. El uso de un agregador silencioso est\u00e1 permitido por motivos de salud durante el d\u00eda.<\/span><\/li>\n<li><span style=\"font-weight: 400\"> Consulta el mapa que acompa\u00f1a al folleto del programa. Localiza tu alojamiento utilizando la cuadr\u00edcula de localizaci\u00f3n del mapa. Anota el c\u00f3digo de localizaci\u00f3n en el formulario de pago de campo y col\u00f3calo en un lugar visible.<\/span><\/li>\n<li><span style=\"font-weight: 400\"> Mant\u00e9n limpio tu alojamiento. Lleva la basura, los residuos del retrete y los residuos de aguas grises a los puntos de recogida de la zona del los servicios de verano. No liberes ning\u00fan residuo al medio ambiente.<\/span><\/li>\n<li><span style=\"font-weight: 400\"> No se permiten mascotas, monopatines, patinetes ni patinetes el\u00e9ctricos en la zona de los servicios de verano. S\u00f3lo se admiten perros gu\u00eda. <\/span><\/li>\n<li><span style=\"font-weight: 400\"> El aparcamiento diurno s\u00f3lo est\u00e1 permitido en las zonas designadas. No aparques en las pasarelas y v\u00edas de evacuaci\u00f3n. Las bicicletas, ciclomotores y motocicletas deben dejarse en las zonas de aparcamiento designadas.<\/span><\/li>\n<li><span style=\"font-weight: 400\"> Deben utilizarse detergentes biodegradables en las duchas y zonas de lavado de manos para proteger las aguas subterr\u00e1neas.<\/span><\/li>\n<\/ol>\n<h3><strong>Cuando te muevas por la zona de los servicios de verano.<\/strong><\/h3>\n<ol>\n<li><span style=\"font-weight: 400\"> Evita ir al centro de los servicios de verano si est\u00e1s resfriado o enfermo.<\/span><\/li>\n<li><span style=\"font-weight: 400\"> Mant\u00e9n una buena higiene de manos. L\u00e1vate las manos con agua y jab\u00f3n antes de comer y despu\u00e9s de ir al ba\u00f1o. Hay jab\u00f3n de manos en los puestos del restaurante y de la barbacoa, ademas se vende en la tienda y en la farmacia. Utiliza siempre guantes con las manos secas.<\/span><\/li>\n<li><span style=\"font-weight: 400\"> Las personas con gripe estomacal deben acudir a atenci\u00f3n domiciliaria por el riesgo de propagaci\u00f3n de la infecci\u00f3n. Las infecciones se transmiten f\u00e1cilmente en el centro de los servicios de verano<\/span><\/li>\n<li><span style=\"font-weight: 400\"> Proporciona a tu hijo una etiqueta con su nombre o una pulsera con los n\u00fameros de tel\u00e9fono de los padres. Las pulseras se venden en el mostrador de informaci\u00f3n y en la tienda.<\/span><\/li>\n<li><span style=\"font-weight: 400\"> Toma agua potable s\u00f3lo de los puntos de agua potable se\u00f1alizados o compra agua embotellada en una tienda.<\/span><\/li>\n<li><span style=\"font-weight: 400\"> Compra alimentos por litros para una sola comida, ya que los alimentos se estropean r\u00e1pidamente con el calor.<\/span><\/li>\n<li><span style=\"font-weight: 400\"> Coloca los cochecitos y las sillas de ruedas en los pasillos anchos que salen de los extremos de la carpa para que las v\u00edas de salida permanezcan libres de obst\u00e1culos.<\/span><\/li>\n<\/ol>\n<h3><strong>En la Tienda Grande<\/strong><\/h3>\n<p>El objetivo principal de los Servicios de Verano se lleva a cabo en la tienda de los servicios de verano.. Los oficiales supervisan la seguridad de la reuni\u00f3n en la carpa de reuniones. Sigue sus instrucciones. Coloca los cochecitos y las sillas de ruedas en los pasillos anchos que salen de los extremos para que las v\u00edas de salida permanezcan libres de obst\u00e1culos. Se dan instrucciones separadas para la celebraci\u00f3n de la Sagrada Comuni\u00f3n.<\/p>\n","protected":false},"excerpt":{"rendered":"<p>Seguridad Un objetivo com\u00fan para Los Servicios de Verano seguros Para garantizar la seguridad de<a class=\"moretag\" href=\"https:\/\/www.suviseurat.fi/2024\/es\/instrucciones\/seguridad\/\">Jatka lukemista ><\/a><\/p>\n","protected":false},"author":19,"featured_media":0,"parent":20696,"menu_order":0,"comment_status":"closed","ping_status":"closed","template":"","meta":{"_acf_changed":false,"footnotes":""},"class_list":["post-20553","page","type-page","status-publish","hentry"],"acf":[],"yoast_head":"<!-- This site is optimized with the Yoast SEO plugin v23.3 - https:\/\/yoast.com\/wordpress\/plugins\/seo\/ -->\n<title>Seguridad - SRK:n Suviseurat Pudasj\u00e4rvell\u00e4 2024<\/title>\n<meta name=\"description\" content=\"Seguridad Un objetivo com\u00fan para Los Servicios de Verano seguros Para garantizar la seguridad de los Servicios de Verano, el organizador de los mismos\" \/>\n<meta name=\"robots\" content=\"index, follow, max-snippet:-1, max-image-preview:large, max-video-preview:-1\" \/>\n<link rel=\"canonical\" href=\"https:\/\/www.suviseurat.fi/2024\/es\/instrucciones\/seguridad\/\" \/>\n<meta property=\"og:locale\" content=\"es_ES\" \/>\n<meta property=\"og:type\" content=\"article\" \/>\n<meta property=\"og:title\" content=\"Seguridad - SRK:n Suviseurat Pudasj\u00e4rvell\u00e4 2024\" \/>\n<meta property=\"og:description\" content=\"Seguridad Un objetivo com\u00fan para Los Servicios de Verano seguros Para garantizar la seguridad de los Servicios de Verano, el organizador de los mismos\" \/>\n<meta property=\"og:url\" content=\"https:\/\/www.suviseurat.fi/2024\/es\/instrucciones\/seguridad\/\" \/>\n<meta property=\"og:site_name\" content=\"SRK:n Suviseurat Pudasj\u00e4rvell\u00e4 2024\" \/>\n<meta property=\"article:publisher\" content=\"https:\/\/www.facebook.com\/SRKryNyt\/\" \/>\n<meta property=\"article:modified_time\" content=\"2024-06-23T12:16:20+00:00\" \/>\n<meta name=\"twitter:card\" content=\"summary_large_image\" \/>\n<meta name=\"twitter:site\" content=\"@Suviseurat\" \/>\n<meta name=\"twitter:label1\" content=\"Tiempo de lectura\" \/>\n\t<meta name=\"twitter:data1\" content=\"6 minutes\" \/>\n<script type=\"application\/ld+json\" class=\"yoast-schema-graph\">{\"@context\":\"https:\/\/schema.org\",\"@graph\":[{\"@type\":\"WebPage\",\"@id\":\"https:\/\/www.suviseurat.fi/2024\/es\/instrucciones\/seguridad\/\",\"url\":\"https:\/\/www.suviseurat.fi/2024\/es\/instrucciones\/seguridad\/\",\"name\":\"Seguridad - SRK:n Suviseurat Pudasj\u00e4rvell\u00e4 2024\",\"isPartOf\":{\"@id\":\"https:\/\/www.suviseurat.fi/2024\/#website\"},\"datePublished\":\"2024-05-14T12:26:42+00:00\",\"dateModified\":\"2024-06-23T12:16:20+00:00\",\"description\":\"Seguridad Un objetivo com\u00fan para Los Servicios de Verano seguros Para garantizar la seguridad de los Servicios de Verano, el organizador de los mismos\",\"breadcrumb\":{\"@id\":\"https:\/\/www.suviseurat.fi/2024\/es\/instrucciones\/seguridad\/#breadcrumb\"},\"inLanguage\":\"es-ES\",\"potentialAction\":[{\"@type\":\"ReadAction\",\"target\":[\"https:\/\/www.suviseurat.fi/2024\/es\/instrucciones\/seguridad\/\"]}]},{\"@type\":\"BreadcrumbList\",\"@id\":\"https:\/\/www.suviseurat.fi/2024\/es\/instrucciones\/seguridad\/#breadcrumb\",\"itemListElement\":[{\"@type\":\"ListItem\",\"position\":1,\"name\":\"Etusivu\",\"item\":\"https:\/\/www.suviseurat.fi/2024\/es\/20558-2\/\"},{\"@type\":\"ListItem\",\"position\":2,\"name\":\"Instrucciones\",\"item\":\"https:\/\/www.suviseurat.fi/2024\/es\/instrucciones\/\"},{\"@type\":\"ListItem\",\"position\":3,\"name\":\"Seguridad\"}]},{\"@type\":\"WebSite\",\"@id\":\"https:\/\/www.suviseurat.fi/2024\/#website\",\"url\":\"https:\/\/www.suviseurat.fi/2024\/\",\"name\":\"SRK:n Suviseurat Pudasj\u00e4rvell\u00e4 2024\",\"description\":\"Olenko min\u00e4 sinulle rakas?\",\"publisher\":{\"@id\":\"https:\/\/www.suviseurat.fi/2024\/#organization\"},\"potentialAction\":[{\"@type\":\"SearchAction\",\"target\":{\"@type\":\"EntryPoint\",\"urlTemplate\":\"https:\/\/www.suviseurat.fi/2024\/?s={search_term_string}\"},\"query-input\":\"required name=search_term_string\"}],\"inLanguage\":\"es-ES\"},{\"@type\":\"Organization\",\"@id\":\"https:\/\/www.suviseurat.fi/2024\/#organization\",\"name\":\"Suviseurat\",\"url\":\"https:\/\/www.suviseurat.fi/2024\/\",\"logo\":{\"@type\":\"ImageObject\",\"inLanguage\":\"es-ES\",\"@id\":\"https:\/\/www.suviseurat.fi/2024\/#\/schema\/logo\/image\/\",\"url\":\"https:\/\/www.suviseurat.fi/2024\/wp-content\/uploads\/2023\/10\/tunnus-nelio.jpg\",\"contentUrl\":\"https:\/\/www.suviseurat.fi/2024\/wp-content\/uploads\/2023\/10\/tunnus-nelio.jpg\",\"width\":1000,\"height\":1000,\"caption\":\"Suviseurat\"},\"image\":{\"@id\":\"https:\/\/www.suviseurat.fi/2024\/#\/schema\/logo\/image\/\"},\"sameAs\":[\"https:\/\/www.facebook.com\/SRKryNyt\/\",\"https:\/\/x.com\/Suviseurat\",\"https:\/\/www.facebook.com\/srksuviseurat\/\",\"https:\/\/www.youtube.com\/@SRKnyt\",\"https:\/\/www.instagram.com\/srk_nyt\/\",\"https:\/\/www.flickr.com\/photos\/suviseurat\"]}]}<\/script>\n<!-- \/ Yoast SEO plugin. -->","yoast_head_json":{"title":"Seguridad - SRK:n Suviseurat Pudasj\u00e4rvell\u00e4 2024","description":"Seguridad Un objetivo com\u00fan para Los Servicios de Verano seguros Para garantizar la seguridad de los Servicios de Verano, el organizador de los mismos","robots":{"index":"index","follow":"follow","max-snippet":"max-snippet:-1","max-image-preview":"max-image-preview:large","max-video-preview":"max-video-preview:-1"},"canonical":"https:\/\/www.suviseurat.fi/2024\/es\/instrucciones\/seguridad\/","og_locale":"es_ES","og_type":"article","og_title":"Seguridad - SRK:n Suviseurat Pudasj\u00e4rvell\u00e4 2024","og_description":"Seguridad Un objetivo com\u00fan para Los Servicios de Verano seguros Para garantizar la seguridad de los Servicios de Verano, el organizador de los mismos","og_url":"https:\/\/www.suviseurat.fi/2024\/es\/instrucciones\/seguridad\/","og_site_name":"SRK:n Suviseurat Pudasj\u00e4rvell\u00e4 2024","article_publisher":"https:\/\/www.facebook.com\/SRKryNyt\/","article_modified_time":"2024-06-23T12:16:20+00:00","twitter_card":"summary_large_image","twitter_site":"@Suviseurat","twitter_misc":{"Tiempo de lectura":"6 minutes"},"schema":{"@context":"https:\/\/schema.org","@graph":[{"@type":"WebPage","@id":"https:\/\/www.suviseurat.fi/2024\/es\/instrucciones\/seguridad\/","url":"https:\/\/www.suviseurat.fi/2024\/es\/instrucciones\/seguridad\/","name":"Seguridad - SRK:n Suviseurat Pudasj\u00e4rvell\u00e4 2024","isPartOf":{"@id":"https:\/\/www.suviseurat.fi/2024\/#website"},"datePublished":"2024-05-14T12:26:42+00:00","dateModified":"2024-06-23T12:16:20+00:00","description":"Seguridad Un objetivo com\u00fan para Los Servicios de Verano seguros Para garantizar la seguridad de los Servicios de Verano, el organizador de los mismos","breadcrumb":{"@id":"https:\/\/www.suviseurat.fi/2024\/es\/instrucciones\/seguridad\/#breadcrumb"},"inLanguage":"es-ES","potentialAction":[{"@type":"ReadAction","target":["https:\/\/www.suviseurat.fi/2024\/es\/instrucciones\/seguridad\/"]}]},{"@type":"BreadcrumbList","@id":"https:\/\/www.suviseurat.fi/2024\/es\/instrucciones\/seguridad\/#breadcrumb","itemListElement":[{"@type":"ListItem","position":1,"name":"Etusivu","item":"https:\/\/www.suviseurat.fi/2024\/es\/20558-2\/"},{"@type":"ListItem","position":2,"name":"Instrucciones","item":"https:\/\/www.suviseurat.fi/2024\/es\/instrucciones\/"},{"@type":"ListItem","position":3,"name":"Seguridad"}]},{"@type":"WebSite","@id":"https:\/\/www.suviseurat.fi/2024\/#website","url":"https:\/\/www.suviseurat.fi/2024\/","name":"SRK:n Suviseurat Pudasj\u00e4rvell\u00e4 2024","description":"Olenko min\u00e4 sinulle rakas?","publisher":{"@id":"https:\/\/www.suviseurat.fi/2024\/#organization"},"potentialAction":[{"@type":"SearchAction","target":{"@type":"EntryPoint","urlTemplate":"https:\/\/www.suviseurat.fi/2024\/?s={search_term_string}"},"query-input":"required name=search_term_string"}],"inLanguage":"es-ES"},{"@type":"Organization","@id":"https:\/\/www.suviseurat.fi/2024\/#organization","name":"Suviseurat","url":"https:\/\/www.suviseurat.fi/2024\/","logo":{"@type":"ImageObject","inLanguage":"es-ES","@id":"https:\/\/www.suviseurat.fi/2024\/#\/schema\/logo\/image\/","url":"https:\/\/www.suviseurat.fi/2024\/wp-content\/uploads\/2023\/10\/tunnus-nelio.jpg","contentUrl":"https:\/\/www.suviseurat.fi/2024\/wp-content\/uploads\/2023\/10\/tunnus-nelio.jpg","width":1000,"height":1000,"caption":"Suviseurat"},"image":{"@id":"https:\/\/www.suviseurat.fi/2024\/#\/schema\/logo\/image\/"},"sameAs":["https:\/\/www.facebook.com\/SRKryNyt\/","https:\/\/x.com\/Suviseurat","https:\/\/www.facebook.com\/srksuviseurat\/","https:\/\/www.youtube.com\/@SRKnyt","https:\/\/www.instagram.com\/srk_nyt\/","https:\/\/www.flickr.com\/photos\/suviseurat"]}]}},"_links":{"self":[{"href":"https:\/\/www.suviseurat.fi/2024\/es\/wp-json\/wp\/v2\/pages\/20553"}],"collection":[{"href":"https:\/\/www.suviseurat.fi/2024\/es\/wp-json\/wp\/v2\/pages"}],"about":[{"href":"https:\/\/www.suviseurat.fi/2024\/es\/wp-json\/wp\/v2\/types\/page"}],"author":[{"embeddable":true,"href":"https:\/\/www.suviseurat.fi/2024\/es\/wp-json\/wp\/v2\/users\/19"}],"replies":[{"embeddable":true,"href":"https:\/\/www.suviseurat.fi/2024\/es\/wp-json\/wp\/v2\/comments?post=20553"}],"version-history":[{"count":1,"href":"https:\/\/www.suviseurat.fi/2024\/es\/wp-json\/wp\/v2\/pages\/20553\/revisions"}],"predecessor-version":[{"id":20697,"href":"https:\/\/www.suviseurat.fi/2024\/es\/wp-json\/wp\/v2\/pages\/20553\/revisions\/20697"}],"up":[{"embeddable":true,"href":"https:\/\/www.suviseurat.fi/2024\/es\/wp-json\/wp\/v2\/pages\/20696"}],"wp:attachment":[{"href":"https:\/\/www.suviseurat.fi/2024\/es\/wp-json\/wp\/v2\/media?parent=20553"}],"curies":[{"name":"wp","href":"https:\/\/api.w.org\/{rel}","templated":true}]}}