{"id":20556,"date":"2021-11-18T19:23:42","date_gmt":"2021-11-18T17:23:42","guid":{"rendered":"https:\/\/www.suviseurat.fi/2024\/los-servicios-de-verano\/"},"modified":"2024-06-17T18:31:31","modified_gmt":"2024-06-17T15:31:31","slug":"los-servicios-de-verano","status":"publish","type":"page","link":"https:\/\/www.suviseurat.fi/2024\/es\/los-servicios-de-verano\/","title":{"rendered":"Los Servicios de Verano"},"content":{"rendered":"\n<h1 class=\"wp-block-heading\"><strong>Los Servicios de Verano<\/strong><\/h1>\n\n<p><span style=\"font-weight: 400\">Los <strong>Servicios de Verano<\/strong> son un evento anual del avivamiento cristiano de los cristianos lestadianos conservadores. Tambi\u00e9n es un evento internacional y el mayor evento religioso de los pa\u00edses n\u00f3rdicos. El Lestadianismo Conservador es un movimiento de avivamiento de la Iglesia Evang\u00e9lica Luterana de Finlandia.  <\/span><\/p>\n\n<p><span style=\"font-weight: 400\">Lo m\u00e1s importante de los Servicios de Verano es compartir la palabra de Dios. Se imparten sermones basados en la Biblia, se canta y se re\u00fanen. Queremos compartir el mensaje del perd\u00f3n de los pecados e invitamos a creer. La mayor\u00eda de los participantes del evento se alojan en la zona en donde se organiza el evento.   <\/span><\/p>\n\n<p><span style=\"font-weight: 400\">Adem\u00e1s de los sermones que se imparten en la gran tienda blanca, el s\u00e1bado se realiza la sagrada comuni\u00f3n y el domingo se realiza la misa y la escuela dominical. El domingo tambi\u00e9n se realiza la misa en las iglesias cercanas en cooperaci\u00f3n con las congregaciones locales. <\/span><\/p>\n\n<p><span style=\"font-weight: 400\">Todos son bienvenidos a los Servicios de Verano. La entrada es libre. <\/span><\/p>\n\n<div style=\"height:50px\" aria-hidden=\"true\" class=\"wp-block-spacer\"><\/div>\n\n<h3 class=\"wp-block-heading\"><strong>Los Servicos de Verano en Pudasj\u00e4rvi 2024<\/strong><\/h3>\n\n<p>Si Dios quiere, los Servicios de Verano organizados por la SRK (La Organizaci\u00f3n Central de las Asociaciones de la Paz en Finlandia) en el 2024 se celebrar\u00e1n en Pudasj\u00e4rvi el 28.6.- 1.7.2024.<\/p>\n\n<p>La \u00e1rea del evento es el Aeropuerto de Pudasj\u00e4rvi, propiedad de la ciudad de Pudasj\u00e4rvi. Anteriormente se organizaron los servicios en esta \u00e1rea el 2013. La \u00e1rea de los Servicios se ha desarrollado junto con la ciudad de Pudasj\u00e4rvi para que sirva mejor como lugar de eventos. Pudasj\u00e4rvi est\u00e1 situado en la parte norte de Ostrobotnia del Norte, a unos 100 km de Oulu en direcci\u00f3n a Kuusamo. Pudasj\u00e4rvi tiene unos 7.600 habitantes.     <\/p>\n\n<p>Las Asociaciones de la Paz de Kuusamo, Jakkukyl\u00e4, Kiiminki, Posio, Pudasj\u00e4rvi, Ranua, Taivalkoski, Ylikiiminki e Yli-Ii son responsables de los arreglos. La Asociaci\u00f3n de la Paz de Kuusamo es la principal responsable de la organizaci\u00f3n de estos Servicios de Verano.<\/p>\n\n<p>Nuestra oraci\u00f3n es que Dios bendiga los arreglos de los Servicios. Pedimos que la Palabra de Dios llame al reino de Dios y refresque a los oyentes de la Palabra en los Servicios de Verano de Pudasj\u00e4rvi 2024. <\/p>\n\n<p><em>Comit\u00e9 Principal de Los Servicios de Verano de Pudasj\u00e4rvi.<\/em><\/p>\n","protected":false},"excerpt":{"rendered":"<p>Los Servicios de Verano Los Servicios de Verano son un evento anual del avivamiento cristiano<a class=\"moretag\" href=\"https:\/\/www.suviseurat.fi/2024\/es\/los-servicios-de-verano\/\">Jatka lukemista ><\/a><\/p>\n","protected":false},"author":19,"featured_media":0,"parent":0,"menu_order":0,"comment_status":"closed","ping_status":"closed","template":"","meta":{"_acf_changed":false,"footnotes":""},"class_list":["post-20556","page","type-page","status-publish","hentry"],"acf":[],"yoast_head":"<!-- This site is optimized with the Yoast SEO plugin v23.3 - https:\/\/yoast.com\/wordpress\/plugins\/seo\/ -->\n<title>Los Servicios de Verano - SRK:n Suviseurat Pudasj\u00e4rvell\u00e4 2024<\/title>\n<meta name=\"description\" content=\"Los Servicios de Verano Los Servicios de Verano son un evento anual del avivamiento cristiano de los cristianos lestadianos conservadores. Tambi\u00e9n es un\" \/>\n<meta name=\"robots\" content=\"index, follow, max-snippet:-1, max-image-preview:large, max-video-preview:-1\" \/>\n<link rel=\"canonical\" href=\"https:\/\/www.suviseurat.fi/2024\/es\/los-servicios-de-verano\/\" \/>\n<meta property=\"og:locale\" content=\"es_ES\" \/>\n<meta property=\"og:type\" content=\"article\" \/>\n<meta property=\"og:title\" content=\"Los Servicios de Verano - SRK:n Suviseurat Pudasj\u00e4rvell\u00e4 2024\" \/>\n<meta property=\"og:description\" content=\"Los Servicios de Verano Los Servicios de Verano son un evento anual del avivamiento cristiano de los cristianos lestadianos conservadores. Tambi\u00e9n es un\" \/>\n<meta property=\"og:url\" content=\"https:\/\/www.suviseurat.fi/2024\/es\/los-servicios-de-verano\/\" \/>\n<meta property=\"og:site_name\" content=\"SRK:n Suviseurat Pudasj\u00e4rvell\u00e4 2024\" \/>\n<meta property=\"article:publisher\" content=\"https:\/\/www.facebook.com\/SRKryNyt\/\" \/>\n<meta property=\"article:modified_time\" content=\"2024-06-17T15:31:31+00:00\" \/>\n<meta name=\"twitter:card\" content=\"summary_large_image\" \/>\n<meta name=\"twitter:site\" content=\"@Suviseurat\" \/>\n<meta name=\"twitter:label1\" content=\"Tiempo de lectura\" \/>\n\t<meta name=\"twitter:data1\" content=\"2 minutes\" \/>\n<script type=\"application\/ld+json\" class=\"yoast-schema-graph\">{\"@context\":\"https:\/\/schema.org\",\"@graph\":[{\"@type\":\"WebPage\",\"@id\":\"https:\/\/www.suviseurat.fi/2024\/es\/los-servicios-de-verano\/\",\"url\":\"https:\/\/www.suviseurat.fi/2024\/es\/los-servicios-de-verano\/\",\"name\":\"Los Servicios de Verano - SRK:n Suviseurat Pudasj\u00e4rvell\u00e4 2024\",\"isPartOf\":{\"@id\":\"https:\/\/www.suviseurat.fi/2024\/#website\"},\"datePublished\":\"2021-11-18T17:23:42+00:00\",\"dateModified\":\"2024-06-17T15:31:31+00:00\",\"description\":\"Los Servicios de Verano Los Servicios de Verano son un evento anual del avivamiento cristiano de los cristianos lestadianos conservadores. Tambi\u00e9n es un\",\"breadcrumb\":{\"@id\":\"https:\/\/www.suviseurat.fi/2024\/es\/los-servicios-de-verano\/#breadcrumb\"},\"inLanguage\":\"es-ES\",\"potentialAction\":[{\"@type\":\"ReadAction\",\"target\":[\"https:\/\/www.suviseurat.fi/2024\/es\/los-servicios-de-verano\/\"]}]},{\"@type\":\"BreadcrumbList\",\"@id\":\"https:\/\/www.suviseurat.fi/2024\/es\/los-servicios-de-verano\/#breadcrumb\",\"itemListElement\":[{\"@type\":\"ListItem\",\"position\":1,\"name\":\"Etusivu\",\"item\":\"https:\/\/www.suviseurat.fi/2024\/es\/20558-2\/\"},{\"@type\":\"ListItem\",\"position\":2,\"name\":\"Los Servicios de Verano\"}]},{\"@type\":\"WebSite\",\"@id\":\"https:\/\/www.suviseurat.fi/2024\/#website\",\"url\":\"https:\/\/www.suviseurat.fi/2024\/\",\"name\":\"SRK:n Suviseurat Pudasj\u00e4rvell\u00e4 2024\",\"description\":\"Olenko min\u00e4 sinulle rakas?\",\"publisher\":{\"@id\":\"https:\/\/www.suviseurat.fi/2024\/#organization\"},\"potentialAction\":[{\"@type\":\"SearchAction\",\"target\":{\"@type\":\"EntryPoint\",\"urlTemplate\":\"https:\/\/www.suviseurat.fi/2024\/?s={search_term_string}\"},\"query-input\":\"required name=search_term_string\"}],\"inLanguage\":\"es-ES\"},{\"@type\":\"Organization\",\"@id\":\"https:\/\/www.suviseurat.fi/2024\/#organization\",\"name\":\"Suviseurat\",\"url\":\"https:\/\/www.suviseurat.fi/2024\/\",\"logo\":{\"@type\":\"ImageObject\",\"inLanguage\":\"es-ES\",\"@id\":\"https:\/\/www.suviseurat.fi/2024\/#\/schema\/logo\/image\/\",\"url\":\"https:\/\/www.suviseurat.fi/2024\/wp-content\/uploads\/2023\/10\/tunnus-nelio.jpg\",\"contentUrl\":\"https:\/\/www.suviseurat.fi/2024\/wp-content\/uploads\/2023\/10\/tunnus-nelio.jpg\",\"width\":1000,\"height\":1000,\"caption\":\"Suviseurat\"},\"image\":{\"@id\":\"https:\/\/www.suviseurat.fi/2024\/#\/schema\/logo\/image\/\"},\"sameAs\":[\"https:\/\/www.facebook.com\/SRKryNyt\/\",\"https:\/\/x.com\/Suviseurat\",\"https:\/\/www.facebook.com\/srksuviseurat\/\",\"https:\/\/www.youtube.com\/@SRKnyt\",\"https:\/\/www.instagram.com\/srk_nyt\/\",\"https:\/\/www.flickr.com\/photos\/suviseurat\"]}]}<\/script>\n<!-- \/ Yoast SEO plugin. -->","yoast_head_json":{"title":"Los Servicios de Verano - SRK:n Suviseurat Pudasj\u00e4rvell\u00e4 2024","description":"Los Servicios de Verano Los Servicios de Verano son un evento anual del avivamiento cristiano de los cristianos lestadianos conservadores. Tambi\u00e9n es un","robots":{"index":"index","follow":"follow","max-snippet":"max-snippet:-1","max-image-preview":"max-image-preview:large","max-video-preview":"max-video-preview:-1"},"canonical":"https:\/\/www.suviseurat.fi/2024\/es\/los-servicios-de-verano\/","og_locale":"es_ES","og_type":"article","og_title":"Los Servicios de Verano - SRK:n Suviseurat Pudasj\u00e4rvell\u00e4 2024","og_description":"Los Servicios de Verano Los Servicios de Verano son un evento anual del avivamiento cristiano de los cristianos lestadianos conservadores. Tambi\u00e9n es un","og_url":"https:\/\/www.suviseurat.fi/2024\/es\/los-servicios-de-verano\/","og_site_name":"SRK:n Suviseurat Pudasj\u00e4rvell\u00e4 2024","article_publisher":"https:\/\/www.facebook.com\/SRKryNyt\/","article_modified_time":"2024-06-17T15:31:31+00:00","twitter_card":"summary_large_image","twitter_site":"@Suviseurat","twitter_misc":{"Tiempo de lectura":"2 minutes"},"schema":{"@context":"https:\/\/schema.org","@graph":[{"@type":"WebPage","@id":"https:\/\/www.suviseurat.fi/2024\/es\/los-servicios-de-verano\/","url":"https:\/\/www.suviseurat.fi/2024\/es\/los-servicios-de-verano\/","name":"Los Servicios de Verano - SRK:n Suviseurat Pudasj\u00e4rvell\u00e4 2024","isPartOf":{"@id":"https:\/\/www.suviseurat.fi/2024\/#website"},"datePublished":"2021-11-18T17:23:42+00:00","dateModified":"2024-06-17T15:31:31+00:00","description":"Los Servicios de Verano Los Servicios de Verano son un evento anual del avivamiento cristiano de los cristianos lestadianos conservadores. Tambi\u00e9n es un","breadcrumb":{"@id":"https:\/\/www.suviseurat.fi/2024\/es\/los-servicios-de-verano\/#breadcrumb"},"inLanguage":"es-ES","potentialAction":[{"@type":"ReadAction","target":["https:\/\/www.suviseurat.fi/2024\/es\/los-servicios-de-verano\/"]}]},{"@type":"BreadcrumbList","@id":"https:\/\/www.suviseurat.fi/2024\/es\/los-servicios-de-verano\/#breadcrumb","itemListElement":[{"@type":"ListItem","position":1,"name":"Etusivu","item":"https:\/\/www.suviseurat.fi/2024\/es\/20558-2\/"},{"@type":"ListItem","position":2,"name":"Los Servicios de Verano"}]},{"@type":"WebSite","@id":"https:\/\/www.suviseurat.fi/2024\/#website","url":"https:\/\/www.suviseurat.fi/2024\/","name":"SRK:n Suviseurat Pudasj\u00e4rvell\u00e4 2024","description":"Olenko min\u00e4 sinulle rakas?","publisher":{"@id":"https:\/\/www.suviseurat.fi/2024\/#organization"},"potentialAction":[{"@type":"SearchAction","target":{"@type":"EntryPoint","urlTemplate":"https:\/\/www.suviseurat.fi/2024\/?s={search_term_string}"},"query-input":"required name=search_term_string"}],"inLanguage":"es-ES"},{"@type":"Organization","@id":"https:\/\/www.suviseurat.fi/2024\/#organization","name":"Suviseurat","url":"https:\/\/www.suviseurat.fi/2024\/","logo":{"@type":"ImageObject","inLanguage":"es-ES","@id":"https:\/\/www.suviseurat.fi/2024\/#\/schema\/logo\/image\/","url":"https:\/\/www.suviseurat.fi/2024\/wp-content\/uploads\/2023\/10\/tunnus-nelio.jpg","contentUrl":"https:\/\/www.suviseurat.fi/2024\/wp-content\/uploads\/2023\/10\/tunnus-nelio.jpg","width":1000,"height":1000,"caption":"Suviseurat"},"image":{"@id":"https:\/\/www.suviseurat.fi/2024\/#\/schema\/logo\/image\/"},"sameAs":["https:\/\/www.facebook.com\/SRKryNyt\/","https:\/\/x.com\/Suviseurat","https:\/\/www.facebook.com\/srksuviseurat\/","https:\/\/www.youtube.com\/@SRKnyt","https:\/\/www.instagram.com\/srk_nyt\/","https:\/\/www.flickr.com\/photos\/suviseurat"]}]}},"_links":{"self":[{"href":"https:\/\/www.suviseurat.fi/2024\/es\/wp-json\/wp\/v2\/pages\/20556"}],"collection":[{"href":"https:\/\/www.suviseurat.fi/2024\/es\/wp-json\/wp\/v2\/pages"}],"about":[{"href":"https:\/\/www.suviseurat.fi/2024\/es\/wp-json\/wp\/v2\/types\/page"}],"author":[{"embeddable":true,"href":"https:\/\/www.suviseurat.fi/2024\/es\/wp-json\/wp\/v2\/users\/19"}],"replies":[{"embeddable":true,"href":"https:\/\/www.suviseurat.fi/2024\/es\/wp-json\/wp\/v2\/comments?post=20556"}],"version-history":[{"count":1,"href":"https:\/\/www.suviseurat.fi/2024\/es\/wp-json\/wp\/v2\/pages\/20556\/revisions"}],"predecessor-version":[{"id":20557,"href":"https:\/\/www.suviseurat.fi/2024\/es\/wp-json\/wp\/v2\/pages\/20556\/revisions\/20557"}],"wp:attachment":[{"href":"https:\/\/www.suviseurat.fi/2024\/es\/wp-json\/wp\/v2\/media?parent=20556"}],"curies":[{"name":"wp","href":"https:\/\/api.w.org\/{rel}","templated":true}]}}