{"id":20562,"date":"2022-10-17T20:31:28","date_gmt":"2022-10-17T17:31:28","guid":{"rendered":"https:\/\/www.suviseurat.fi/2024\/los-servicios-de-verano\/lema-de-los-servicios-de-verano\/"},"modified":"2024-06-17T18:55:14","modified_gmt":"2024-06-17T15:55:14","slug":"lema-de-los-servicios-de-verano","status":"publish","type":"page","link":"https:\/\/www.suviseurat.fi/2024\/es\/los-servicios-de-verano\/lema-de-los-servicios-de-verano\/","title":{"rendered":"Lema de Los Servicios de Verano"},"content":{"rendered":"\n<div class=\"wp-block-columns is-layout-flex wp-container-core-columns-is-layout-1 wp-block-columns-is-layout-flex\">\n<div class=\"wp-block-column is-layout-flow wp-block-column-is-layout-flow\">\n<h2 class=\"wp-block-heading\"><strong>\u00bfMe Amas? <\/strong><br\/><strong>(Juan 21:17)<\/strong><\/h2>\n\n\n\n<p>El lema de Los Servicios de Verano est\u00e1 tomado del Evangelio de Juan: &#8220;\u00bfMe amas?&#8221; (Juan 21:17). (Juan 21:17.) La pregunta es la de Jes\u00fas resucitado a Pedro, un disc\u00edpulo que antes, en el patio del sumo sacerdote, hab\u00eda negado conocer a Jes\u00fas. En el pasaje que acompa\u00f1a a \u00e9ste, Jes\u00fas pregunta a Pedro si le ama. Puede pensarse que la pregunta se dirige no s\u00f3lo a Pedro, sino tambi\u00e9n a todo ser humano. El t\u00edtulo te hace reflexionar sobre tu voluntad personal de creer. <\/p>\n\n\n\n<p>El arco de celebraci\u00f3n y la insignia de los Suviseuro fueron dise\u00f1ados bas\u00e1ndose en la idea de Tauno Walkeaj\u00e4rvi. El fondo del sello es un lago azul, que representa el lago Tiber\u00edades, lugar de encuentro de Jes\u00fas y Pedro. La marca combina un coraz\u00f3n y un signo de interrogaci\u00f3n. El coraz\u00f3n blanco est\u00e1 dividido en dos mitades: a la izquierda est\u00e1n las palabras de Jes\u00fas y a la derecha un signo de interrogaci\u00f3n.<\/p>\n<\/div>\n\n\n\n<div class=\"wp-block-column is-layout-flow wp-block-column-is-layout-flow\">\n<figure class=\"wp-block-image\"><a href=\"https:\/\/www.suviseurat.fi/2024\/wp-content\/uploads\/2023\/10\/pj2024-merkki-e1698044587903.jpg\"><img loading=\"lazy\" decoding=\"async\" width=\"827\" height=\"709\" src=\"https:\/\/www.suviseurat.fi/2024\/wp-content\/uploads\/2023\/10\/pj2024-merkki-e1698044587903.jpg\" alt=\"\" class=\"wp-image-18962\" srcset=\"https:\/\/www.suviseurat.fi/2024\/wp-content\/uploads\/2023\/10\/pj2024-merkki-e1698044587903.jpg 827w, https:\/\/www.suviseurat.fi/2024\/wp-content\/uploads\/2023\/10\/pj2024-merkki-e1698044587903-768x658.jpg 768w\" sizes=\"(max-width: 827px) 100vw, 827px\" \/><\/a><\/figure>\n<\/div>\n<\/div>\n","protected":false},"excerpt":{"rendered":"<p>\u00bfMe Amas? (Juan 21:17) El lema de Los Servicios de Verano est\u00e1 tomado del Evangelio<a class=\"moretag\" href=\"https:\/\/www.suviseurat.fi/2024\/es\/los-servicios-de-verano\/lema-de-los-servicios-de-verano\/\">Jatka lukemista ><\/a><\/p>\n","protected":false},"author":33,"featured_media":0,"parent":20556,"menu_order":4,"comment_status":"closed","ping_status":"closed","template":"","meta":{"_acf_changed":false,"footnotes":""},"class_list":["post-20562","page","type-page","status-publish","hentry"],"acf":[],"yoast_head":"<!-- This site is optimized with the Yoast SEO plugin v23.3 - https:\/\/yoast.com\/wordpress\/plugins\/seo\/ -->\n<title>Lema de Los Servicios de Verano - SRK:n Suviseurat Pudasj\u00e4rvell\u00e4 2024<\/title>\n<meta name=\"description\" content=\"\u00bfMe Amas? (Juan 21:17) El lema de Los Servicios de Verano est\u00e1 tomado del Evangelio de Juan: &quot;\u00bfMe amas?&quot; (Juan 21:17). (Juan 21:17.) La pregunta es la de\" \/>\n<meta name=\"robots\" content=\"index, follow, max-snippet:-1, max-image-preview:large, max-video-preview:-1\" \/>\n<link rel=\"canonical\" href=\"https:\/\/www.suviseurat.fi/2024\/es\/los-servicios-de-verano\/lema-de-los-servicios-de-verano\/\" \/>\n<meta property=\"og:locale\" content=\"es_ES\" \/>\n<meta property=\"og:type\" content=\"article\" \/>\n<meta property=\"og:title\" content=\"Lema de Los Servicios de Verano - SRK:n Suviseurat Pudasj\u00e4rvell\u00e4 2024\" \/>\n<meta property=\"og:description\" content=\"\u00bfMe Amas? (Juan 21:17) El lema de Los Servicios de Verano est\u00e1 tomado del Evangelio de Juan: &quot;\u00bfMe amas?&quot; (Juan 21:17). (Juan 21:17.) La pregunta es la de\" \/>\n<meta property=\"og:url\" content=\"https:\/\/www.suviseurat.fi/2024\/es\/los-servicios-de-verano\/lema-de-los-servicios-de-verano\/\" \/>\n<meta property=\"og:site_name\" content=\"SRK:n Suviseurat Pudasj\u00e4rvell\u00e4 2024\" \/>\n<meta property=\"article:publisher\" content=\"https:\/\/www.facebook.com\/SRKryNyt\/\" \/>\n<meta property=\"article:modified_time\" content=\"2024-06-17T15:55:14+00:00\" \/>\n<meta property=\"og:image\" content=\"https:\/\/www.suviseurat.fi/2024\/wp-content\/uploads\/2023\/10\/pj2024-merkki-e1698044587903.jpg\" \/>\n<meta name=\"twitter:card\" content=\"summary_large_image\" \/>\n<meta name=\"twitter:site\" content=\"@Suviseurat\" \/>\n<meta name=\"twitter:label1\" content=\"Tiempo de lectura\" \/>\n\t<meta name=\"twitter:data1\" content=\"1 minute\" \/>\n<script type=\"application\/ld+json\" class=\"yoast-schema-graph\">{\"@context\":\"https:\/\/schema.org\",\"@graph\":[{\"@type\":\"WebPage\",\"@id\":\"https:\/\/www.suviseurat.fi/2024\/es\/los-servicios-de-verano\/lema-de-los-servicios-de-verano\/\",\"url\":\"https:\/\/www.suviseurat.fi/2024\/es\/los-servicios-de-verano\/lema-de-los-servicios-de-verano\/\",\"name\":\"Lema de Los Servicios de Verano - SRK:n Suviseurat Pudasj\u00e4rvell\u00e4 2024\",\"isPartOf\":{\"@id\":\"https:\/\/www.suviseurat.fi/2024\/#website\"},\"primaryImageOfPage\":{\"@id\":\"https:\/\/www.suviseurat.fi/2024\/es\/los-servicios-de-verano\/lema-de-los-servicios-de-verano\/#primaryimage\"},\"image\":{\"@id\":\"https:\/\/www.suviseurat.fi/2024\/es\/los-servicios-de-verano\/lema-de-los-servicios-de-verano\/#primaryimage\"},\"thumbnailUrl\":\"https:\/\/www.suviseurat.fi/2024\/wp-content\/uploads\/2023\/10\/pj2024-merkki-e1698044587903.jpg\",\"datePublished\":\"2022-10-17T17:31:28+00:00\",\"dateModified\":\"2024-06-17T15:55:14+00:00\",\"description\":\"\u00bfMe Amas? (Juan 21:17) El lema de Los Servicios de Verano est\u00e1 tomado del Evangelio de Juan: \\\"\u00bfMe amas?\\\" (Juan 21:17). (Juan 21:17.) La pregunta es la de\",\"breadcrumb\":{\"@id\":\"https:\/\/www.suviseurat.fi/2024\/es\/los-servicios-de-verano\/lema-de-los-servicios-de-verano\/#breadcrumb\"},\"inLanguage\":\"es-ES\",\"potentialAction\":[{\"@type\":\"ReadAction\",\"target\":[\"https:\/\/www.suviseurat.fi/2024\/es\/los-servicios-de-verano\/lema-de-los-servicios-de-verano\/\"]}]},{\"@type\":\"ImageObject\",\"inLanguage\":\"es-ES\",\"@id\":\"https:\/\/www.suviseurat.fi/2024\/es\/los-servicios-de-verano\/lema-de-los-servicios-de-verano\/#primaryimage\",\"url\":\"https:\/\/www.suviseurat.fi/2024\/wp-content\/uploads\/2023\/10\/pj2024-merkki-e1698044587903.jpg\",\"contentUrl\":\"https:\/\/www.suviseurat.fi/2024\/wp-content\/uploads\/2023\/10\/pj2024-merkki-e1698044587903.jpg\"},{\"@type\":\"BreadcrumbList\",\"@id\":\"https:\/\/www.suviseurat.fi/2024\/es\/los-servicios-de-verano\/lema-de-los-servicios-de-verano\/#breadcrumb\",\"itemListElement\":[{\"@type\":\"ListItem\",\"position\":1,\"name\":\"Etusivu\",\"item\":\"https:\/\/www.suviseurat.fi/2024\/es\/20558-2\/\"},{\"@type\":\"ListItem\",\"position\":2,\"name\":\"Los Servicios de Verano\",\"item\":\"https:\/\/www.suviseurat.fi/2024\/es\/los-servicios-de-verano\/\"},{\"@type\":\"ListItem\",\"position\":3,\"name\":\"Lema de Los Servicios de Verano\"}]},{\"@type\":\"WebSite\",\"@id\":\"https:\/\/www.suviseurat.fi/2024\/#website\",\"url\":\"https:\/\/www.suviseurat.fi/2024\/\",\"name\":\"SRK:n Suviseurat Pudasj\u00e4rvell\u00e4 2024\",\"description\":\"Olenko min\u00e4 sinulle rakas?\",\"publisher\":{\"@id\":\"https:\/\/www.suviseurat.fi/2024\/#organization\"},\"potentialAction\":[{\"@type\":\"SearchAction\",\"target\":{\"@type\":\"EntryPoint\",\"urlTemplate\":\"https:\/\/www.suviseurat.fi/2024\/?s={search_term_string}\"},\"query-input\":\"required name=search_term_string\"}],\"inLanguage\":\"es-ES\"},{\"@type\":\"Organization\",\"@id\":\"https:\/\/www.suviseurat.fi/2024\/#organization\",\"name\":\"Suviseurat\",\"url\":\"https:\/\/www.suviseurat.fi/2024\/\",\"logo\":{\"@type\":\"ImageObject\",\"inLanguage\":\"es-ES\",\"@id\":\"https:\/\/www.suviseurat.fi/2024\/#\/schema\/logo\/image\/\",\"url\":\"https:\/\/www.suviseurat.fi/2024\/wp-content\/uploads\/2023\/10\/tunnus-nelio.jpg\",\"contentUrl\":\"https:\/\/www.suviseurat.fi/2024\/wp-content\/uploads\/2023\/10\/tunnus-nelio.jpg\",\"width\":1000,\"height\":1000,\"caption\":\"Suviseurat\"},\"image\":{\"@id\":\"https:\/\/www.suviseurat.fi/2024\/#\/schema\/logo\/image\/\"},\"sameAs\":[\"https:\/\/www.facebook.com\/SRKryNyt\/\",\"https:\/\/x.com\/Suviseurat\",\"https:\/\/www.facebook.com\/srksuviseurat\/\",\"https:\/\/www.youtube.com\/@SRKnyt\",\"https:\/\/www.instagram.com\/srk_nyt\/\",\"https:\/\/www.flickr.com\/photos\/suviseurat\"]}]}<\/script>\n<!-- \/ Yoast SEO plugin. -->","yoast_head_json":{"title":"Lema de Los Servicios de Verano - SRK:n Suviseurat Pudasj\u00e4rvell\u00e4 2024","description":"\u00bfMe Amas? (Juan 21:17) El lema de Los Servicios de Verano est\u00e1 tomado del Evangelio de Juan: \"\u00bfMe amas?\" (Juan 21:17). (Juan 21:17.) La pregunta es la de","robots":{"index":"index","follow":"follow","max-snippet":"max-snippet:-1","max-image-preview":"max-image-preview:large","max-video-preview":"max-video-preview:-1"},"canonical":"https:\/\/www.suviseurat.fi/2024\/es\/los-servicios-de-verano\/lema-de-los-servicios-de-verano\/","og_locale":"es_ES","og_type":"article","og_title":"Lema de Los Servicios de Verano - SRK:n Suviseurat Pudasj\u00e4rvell\u00e4 2024","og_description":"\u00bfMe Amas? (Juan 21:17) El lema de Los Servicios de Verano est\u00e1 tomado del Evangelio de Juan: \"\u00bfMe amas?\" (Juan 21:17). (Juan 21:17.) La pregunta es la de","og_url":"https:\/\/www.suviseurat.fi/2024\/es\/los-servicios-de-verano\/lema-de-los-servicios-de-verano\/","og_site_name":"SRK:n Suviseurat Pudasj\u00e4rvell\u00e4 2024","article_publisher":"https:\/\/www.facebook.com\/SRKryNyt\/","article_modified_time":"2024-06-17T15:55:14+00:00","og_image":[{"url":"https:\/\/www.suviseurat.fi/2024\/wp-content\/uploads\/2023\/10\/pj2024-merkki-e1698044587903.jpg"}],"twitter_card":"summary_large_image","twitter_site":"@Suviseurat","twitter_misc":{"Tiempo de lectura":"1 minute"},"schema":{"@context":"https:\/\/schema.org","@graph":[{"@type":"WebPage","@id":"https:\/\/www.suviseurat.fi/2024\/es\/los-servicios-de-verano\/lema-de-los-servicios-de-verano\/","url":"https:\/\/www.suviseurat.fi/2024\/es\/los-servicios-de-verano\/lema-de-los-servicios-de-verano\/","name":"Lema de Los Servicios de Verano - SRK:n Suviseurat Pudasj\u00e4rvell\u00e4 2024","isPartOf":{"@id":"https:\/\/www.suviseurat.fi/2024\/#website"},"primaryImageOfPage":{"@id":"https:\/\/www.suviseurat.fi/2024\/es\/los-servicios-de-verano\/lema-de-los-servicios-de-verano\/#primaryimage"},"image":{"@id":"https:\/\/www.suviseurat.fi/2024\/es\/los-servicios-de-verano\/lema-de-los-servicios-de-verano\/#primaryimage"},"thumbnailUrl":"https:\/\/www.suviseurat.fi/2024\/wp-content\/uploads\/2023\/10\/pj2024-merkki-e1698044587903.jpg","datePublished":"2022-10-17T17:31:28+00:00","dateModified":"2024-06-17T15:55:14+00:00","description":"\u00bfMe Amas? (Juan 21:17) El lema de Los Servicios de Verano est\u00e1 tomado del Evangelio de Juan: \"\u00bfMe amas?\" (Juan 21:17). (Juan 21:17.) La pregunta es la de","breadcrumb":{"@id":"https:\/\/www.suviseurat.fi/2024\/es\/los-servicios-de-verano\/lema-de-los-servicios-de-verano\/#breadcrumb"},"inLanguage":"es-ES","potentialAction":[{"@type":"ReadAction","target":["https:\/\/www.suviseurat.fi/2024\/es\/los-servicios-de-verano\/lema-de-los-servicios-de-verano\/"]}]},{"@type":"ImageObject","inLanguage":"es-ES","@id":"https:\/\/www.suviseurat.fi/2024\/es\/los-servicios-de-verano\/lema-de-los-servicios-de-verano\/#primaryimage","url":"https:\/\/www.suviseurat.fi/2024\/wp-content\/uploads\/2023\/10\/pj2024-merkki-e1698044587903.jpg","contentUrl":"https:\/\/www.suviseurat.fi/2024\/wp-content\/uploads\/2023\/10\/pj2024-merkki-e1698044587903.jpg"},{"@type":"BreadcrumbList","@id":"https:\/\/www.suviseurat.fi/2024\/es\/los-servicios-de-verano\/lema-de-los-servicios-de-verano\/#breadcrumb","itemListElement":[{"@type":"ListItem","position":1,"name":"Etusivu","item":"https:\/\/www.suviseurat.fi/2024\/es\/20558-2\/"},{"@type":"ListItem","position":2,"name":"Los Servicios de Verano","item":"https:\/\/www.suviseurat.fi/2024\/es\/los-servicios-de-verano\/"},{"@type":"ListItem","position":3,"name":"Lema de Los Servicios de Verano"}]},{"@type":"WebSite","@id":"https:\/\/www.suviseurat.fi/2024\/#website","url":"https:\/\/www.suviseurat.fi/2024\/","name":"SRK:n Suviseurat Pudasj\u00e4rvell\u00e4 2024","description":"Olenko min\u00e4 sinulle rakas?","publisher":{"@id":"https:\/\/www.suviseurat.fi/2024\/#organization"},"potentialAction":[{"@type":"SearchAction","target":{"@type":"EntryPoint","urlTemplate":"https:\/\/www.suviseurat.fi/2024\/?s={search_term_string}"},"query-input":"required name=search_term_string"}],"inLanguage":"es-ES"},{"@type":"Organization","@id":"https:\/\/www.suviseurat.fi/2024\/#organization","name":"Suviseurat","url":"https:\/\/www.suviseurat.fi/2024\/","logo":{"@type":"ImageObject","inLanguage":"es-ES","@id":"https:\/\/www.suviseurat.fi/2024\/#\/schema\/logo\/image\/","url":"https:\/\/www.suviseurat.fi/2024\/wp-content\/uploads\/2023\/10\/tunnus-nelio.jpg","contentUrl":"https:\/\/www.suviseurat.fi/2024\/wp-content\/uploads\/2023\/10\/tunnus-nelio.jpg","width":1000,"height":1000,"caption":"Suviseurat"},"image":{"@id":"https:\/\/www.suviseurat.fi/2024\/#\/schema\/logo\/image\/"},"sameAs":["https:\/\/www.facebook.com\/SRKryNyt\/","https:\/\/x.com\/Suviseurat","https:\/\/www.facebook.com\/srksuviseurat\/","https:\/\/www.youtube.com\/@SRKnyt","https:\/\/www.instagram.com\/srk_nyt\/","https:\/\/www.flickr.com\/photos\/suviseurat"]}]}},"_links":{"self":[{"href":"https:\/\/www.suviseurat.fi/2024\/es\/wp-json\/wp\/v2\/pages\/20562"}],"collection":[{"href":"https:\/\/www.suviseurat.fi/2024\/es\/wp-json\/wp\/v2\/pages"}],"about":[{"href":"https:\/\/www.suviseurat.fi/2024\/es\/wp-json\/wp\/v2\/types\/page"}],"author":[{"embeddable":true,"href":"https:\/\/www.suviseurat.fi/2024\/es\/wp-json\/wp\/v2\/users\/33"}],"replies":[{"embeddable":true,"href":"https:\/\/www.suviseurat.fi/2024\/es\/wp-json\/wp\/v2\/comments?post=20562"}],"version-history":[{"count":1,"href":"https:\/\/www.suviseurat.fi/2024\/es\/wp-json\/wp\/v2\/pages\/20562\/revisions"}],"predecessor-version":[{"id":20563,"href":"https:\/\/www.suviseurat.fi/2024\/es\/wp-json\/wp\/v2\/pages\/20562\/revisions\/20563"}],"up":[{"embeddable":true,"href":"https:\/\/www.suviseurat.fi/2024\/es\/wp-json\/wp\/v2\/pages\/20556"}],"wp:attachment":[{"href":"https:\/\/www.suviseurat.fi/2024\/es\/wp-json\/wp\/v2\/media?parent=20562"}],"curies":[{"name":"wp","href":"https:\/\/api.w.org\/{rel}","templated":true}]}}