{"id":20687,"date":"2022-06-11T12:00:00","date_gmt":"2022-06-11T09:00:00","guid":{"rendered":"https:\/\/www.suviseurat.fi/2024\/servicios\/"},"modified":"2024-06-23T15:19:47","modified_gmt":"2024-06-23T12:19:47","slug":"servicios","status":"publish","type":"page","link":"https:\/\/www.suviseurat.fi/2024\/es\/servicios\/","title":{"rendered":"Servicios"},"content":{"rendered":"\n<div class=\"wp-block-group\"><div class=\"wp-block-group__inner-container is-layout-flow wp-block-group-is-layout-flow\">\n<p><a href=\"https:\/\/www.suviseurat.fi/2024\/es\/servicios\/alojamiento\/\">Alojamiento<\/a><\/p>\n\n\n\n<p><a href=\"https:\/\/www.suviseurat.fi/2024\/es\/servicios\/tienda-quioscos-parrillas-y-panini\/\">Tienda, quioscos, parrillas y panini<\/a><\/p>\n\n\n\n<p><a href=\"https:\/\/www.suviseurat.fi/2024\/es\/servicios\/venta-de-gas\/\"><\/a><a href=\"https:\/\/www.suviseurat.fi/2024\/es\/servicios\/venta-de-gas\/\">Venta de gas<\/a><\/p>\n\n\n\n<p><a href=\"https:\/\/www.suviseurat.fi/2024\/es\/servicios\/punto-de-carga-de-telefonos\/\"><\/a><a href=\"https:\/\/www.suviseurat.fi/2024\/es\/servicios\/punto-de-carga-de-telefonos\/\">Punto de carga de tel\u00e9fonos<\/a><\/p>\n\n\n\n<p><a href=\"https:\/\/www.suviseurat.fi/2024\/es\/servicios\/servicios-sanitarios\/\">Servicios sanitarios<\/a><\/p>\n\n\n\n<p><a href=\"https:\/\/www.suviseurat.fi/2024\/es\/servicios\/servicios-de-cuidado-infantil\/\">Servicios de cuidado infantil<\/a><\/p>\n\n\n\n<p><a href=\"https:\/\/www.suviseurat.fi/2024\/es\/servicios\/personas-mayores-y-personas-con-movilidad-reducida\/\">Personas mayores y personas con movilidad reducida<\/a><\/p>\n\n\n\n<p><a href=\"https:\/\/www.suviseurat.fi/2024\/es\/servicios\/duchas\/\">Duchas<\/a><\/p>\n\n\n\n<p><a href=\"https:\/\/www.suviseurat.fi/2024\/es\/servicios\/punto-internacional-servicios-internacionales\/\"><\/a><a href=\"https:\/\/www.suviseurat.fi/2024\/es\/servicios\/punto-internacional-servicios-internacionales\/\">Punto Internacional \u2013 Servicios internacionales<\/a><\/p>\n<\/div><\/div>\n","protected":false},"excerpt":{"rendered":"<p>Alojamiento Tienda, quioscos, parrillas y panini Venta de gas Punto de carga de tel\u00e9fonos Servicios<a class=\"moretag\" href=\"https:\/\/www.suviseurat.fi/2024\/es\/servicios\/\">Jatka lukemista ><\/a><\/p>\n","protected":false},"author":19,"featured_media":0,"parent":0,"menu_order":5,"comment_status":"closed","ping_status":"closed","template":"","meta":{"_acf_changed":false,"footnotes":""},"class_list":["post-20687","page","type-page","status-publish","hentry"],"acf":[],"yoast_head":"<!-- This site is optimized with the Yoast SEO plugin v23.3 - https:\/\/yoast.com\/wordpress\/plugins\/seo\/ -->\n<title>Servicios - SRK:n Suviseurat Pudasj\u00e4rvell\u00e4 2024<\/title>\n<meta name=\"description\" content=\"Alojamiento Tienda, quioscos, parrillas y panini Venta de gas Punto de carga de tel\u00e9fonos Servicios sanitarios Servicios de cuidado infantil Personas\" \/>\n<meta name=\"robots\" content=\"index, follow, max-snippet:-1, max-image-preview:large, max-video-preview:-1\" \/>\n<link rel=\"canonical\" href=\"https:\/\/www.suviseurat.fi/2024\/es\/servicios\/\" \/>\n<meta property=\"og:locale\" content=\"es_ES\" \/>\n<meta property=\"og:type\" content=\"article\" \/>\n<meta property=\"og:title\" content=\"Servicios - SRK:n Suviseurat Pudasj\u00e4rvell\u00e4 2024\" \/>\n<meta property=\"og:description\" content=\"Alojamiento Tienda, quioscos, parrillas y panini Venta de gas Punto de carga de tel\u00e9fonos Servicios sanitarios Servicios de cuidado infantil Personas\" \/>\n<meta property=\"og:url\" content=\"https:\/\/www.suviseurat.fi/2024\/es\/servicios\/\" \/>\n<meta property=\"og:site_name\" content=\"SRK:n Suviseurat Pudasj\u00e4rvell\u00e4 2024\" \/>\n<meta property=\"article:publisher\" content=\"https:\/\/www.facebook.com\/SRKryNyt\/\" \/>\n<meta property=\"article:modified_time\" content=\"2024-06-23T12:19:47+00:00\" \/>\n<meta name=\"twitter:card\" content=\"summary_large_image\" \/>\n<meta name=\"twitter:site\" content=\"@Suviseurat\" \/>\n<script type=\"application\/ld+json\" class=\"yoast-schema-graph\">{\"@context\":\"https:\/\/schema.org\",\"@graph\":[{\"@type\":\"WebPage\",\"@id\":\"https:\/\/www.suviseurat.fi/2024\/es\/servicios\/\",\"url\":\"https:\/\/www.suviseurat.fi/2024\/es\/servicios\/\",\"name\":\"Servicios - SRK:n Suviseurat Pudasj\u00e4rvell\u00e4 2024\",\"isPartOf\":{\"@id\":\"https:\/\/www.suviseurat.fi/2024\/#website\"},\"datePublished\":\"2022-06-11T09:00:00+00:00\",\"dateModified\":\"2024-06-23T12:19:47+00:00\",\"description\":\"Alojamiento Tienda, quioscos, parrillas y panini Venta de gas Punto de carga de tel\u00e9fonos Servicios sanitarios Servicios de cuidado infantil Personas\",\"breadcrumb\":{\"@id\":\"https:\/\/www.suviseurat.fi/2024\/es\/servicios\/#breadcrumb\"},\"inLanguage\":\"es-ES\",\"potentialAction\":[{\"@type\":\"ReadAction\",\"target\":[\"https:\/\/www.suviseurat.fi/2024\/es\/servicios\/\"]}]},{\"@type\":\"BreadcrumbList\",\"@id\":\"https:\/\/www.suviseurat.fi/2024\/es\/servicios\/#breadcrumb\",\"itemListElement\":[{\"@type\":\"ListItem\",\"position\":1,\"name\":\"Etusivu\",\"item\":\"https:\/\/www.suviseurat.fi/2024\/es\/20558-2\/\"},{\"@type\":\"ListItem\",\"position\":2,\"name\":\"Servicios\"}]},{\"@type\":\"WebSite\",\"@id\":\"https:\/\/www.suviseurat.fi/2024\/#website\",\"url\":\"https:\/\/www.suviseurat.fi/2024\/\",\"name\":\"SRK:n Suviseurat Pudasj\u00e4rvell\u00e4 2024\",\"description\":\"Olenko min\u00e4 sinulle rakas?\",\"publisher\":{\"@id\":\"https:\/\/www.suviseurat.fi/2024\/#organization\"},\"potentialAction\":[{\"@type\":\"SearchAction\",\"target\":{\"@type\":\"EntryPoint\",\"urlTemplate\":\"https:\/\/www.suviseurat.fi/2024\/?s={search_term_string}\"},\"query-input\":\"required name=search_term_string\"}],\"inLanguage\":\"es-ES\"},{\"@type\":\"Organization\",\"@id\":\"https:\/\/www.suviseurat.fi/2024\/#organization\",\"name\":\"Suviseurat\",\"url\":\"https:\/\/www.suviseurat.fi/2024\/\",\"logo\":{\"@type\":\"ImageObject\",\"inLanguage\":\"es-ES\",\"@id\":\"https:\/\/www.suviseurat.fi/2024\/#\/schema\/logo\/image\/\",\"url\":\"https:\/\/www.suviseurat.fi/2024\/wp-content\/uploads\/2023\/10\/tunnus-nelio.jpg\",\"contentUrl\":\"https:\/\/www.suviseurat.fi/2024\/wp-content\/uploads\/2023\/10\/tunnus-nelio.jpg\",\"width\":1000,\"height\":1000,\"caption\":\"Suviseurat\"},\"image\":{\"@id\":\"https:\/\/www.suviseurat.fi/2024\/#\/schema\/logo\/image\/\"},\"sameAs\":[\"https:\/\/www.facebook.com\/SRKryNyt\/\",\"https:\/\/x.com\/Suviseurat\",\"https:\/\/www.facebook.com\/srksuviseurat\/\",\"https:\/\/www.youtube.com\/@SRKnyt\",\"https:\/\/www.instagram.com\/srk_nyt\/\",\"https:\/\/www.flickr.com\/photos\/suviseurat\"]}]}<\/script>\n<!-- \/ Yoast SEO plugin. -->","yoast_head_json":{"title":"Servicios - SRK:n Suviseurat Pudasj\u00e4rvell\u00e4 2024","description":"Alojamiento Tienda, quioscos, parrillas y panini Venta de gas Punto de carga de tel\u00e9fonos Servicios sanitarios Servicios de cuidado infantil Personas","robots":{"index":"index","follow":"follow","max-snippet":"max-snippet:-1","max-image-preview":"max-image-preview:large","max-video-preview":"max-video-preview:-1"},"canonical":"https:\/\/www.suviseurat.fi/2024\/es\/servicios\/","og_locale":"es_ES","og_type":"article","og_title":"Servicios - SRK:n Suviseurat Pudasj\u00e4rvell\u00e4 2024","og_description":"Alojamiento Tienda, quioscos, parrillas y panini Venta de gas Punto de carga de tel\u00e9fonos Servicios sanitarios Servicios de cuidado infantil Personas","og_url":"https:\/\/www.suviseurat.fi/2024\/es\/servicios\/","og_site_name":"SRK:n Suviseurat Pudasj\u00e4rvell\u00e4 2024","article_publisher":"https:\/\/www.facebook.com\/SRKryNyt\/","article_modified_time":"2024-06-23T12:19:47+00:00","twitter_card":"summary_large_image","twitter_site":"@Suviseurat","schema":{"@context":"https:\/\/schema.org","@graph":[{"@type":"WebPage","@id":"https:\/\/www.suviseurat.fi/2024\/es\/servicios\/","url":"https:\/\/www.suviseurat.fi/2024\/es\/servicios\/","name":"Servicios - SRK:n Suviseurat Pudasj\u00e4rvell\u00e4 2024","isPartOf":{"@id":"https:\/\/www.suviseurat.fi/2024\/#website"},"datePublished":"2022-06-11T09:00:00+00:00","dateModified":"2024-06-23T12:19:47+00:00","description":"Alojamiento Tienda, quioscos, parrillas y panini Venta de gas Punto de carga de tel\u00e9fonos Servicios sanitarios Servicios de cuidado infantil Personas","breadcrumb":{"@id":"https:\/\/www.suviseurat.fi/2024\/es\/servicios\/#breadcrumb"},"inLanguage":"es-ES","potentialAction":[{"@type":"ReadAction","target":["https:\/\/www.suviseurat.fi/2024\/es\/servicios\/"]}]},{"@type":"BreadcrumbList","@id":"https:\/\/www.suviseurat.fi/2024\/es\/servicios\/#breadcrumb","itemListElement":[{"@type":"ListItem","position":1,"name":"Etusivu","item":"https:\/\/www.suviseurat.fi/2024\/es\/20558-2\/"},{"@type":"ListItem","position":2,"name":"Servicios"}]},{"@type":"WebSite","@id":"https:\/\/www.suviseurat.fi/2024\/#website","url":"https:\/\/www.suviseurat.fi/2024\/","name":"SRK:n Suviseurat Pudasj\u00e4rvell\u00e4 2024","description":"Olenko min\u00e4 sinulle rakas?","publisher":{"@id":"https:\/\/www.suviseurat.fi/2024\/#organization"},"potentialAction":[{"@type":"SearchAction","target":{"@type":"EntryPoint","urlTemplate":"https:\/\/www.suviseurat.fi/2024\/?s={search_term_string}"},"query-input":"required name=search_term_string"}],"inLanguage":"es-ES"},{"@type":"Organization","@id":"https:\/\/www.suviseurat.fi/2024\/#organization","name":"Suviseurat","url":"https:\/\/www.suviseurat.fi/2024\/","logo":{"@type":"ImageObject","inLanguage":"es-ES","@id":"https:\/\/www.suviseurat.fi/2024\/#\/schema\/logo\/image\/","url":"https:\/\/www.suviseurat.fi/2024\/wp-content\/uploads\/2023\/10\/tunnus-nelio.jpg","contentUrl":"https:\/\/www.suviseurat.fi/2024\/wp-content\/uploads\/2023\/10\/tunnus-nelio.jpg","width":1000,"height":1000,"caption":"Suviseurat"},"image":{"@id":"https:\/\/www.suviseurat.fi/2024\/#\/schema\/logo\/image\/"},"sameAs":["https:\/\/www.facebook.com\/SRKryNyt\/","https:\/\/x.com\/Suviseurat","https:\/\/www.facebook.com\/srksuviseurat\/","https:\/\/www.youtube.com\/@SRKnyt","https:\/\/www.instagram.com\/srk_nyt\/","https:\/\/www.flickr.com\/photos\/suviseurat"]}]}},"_links":{"self":[{"href":"https:\/\/www.suviseurat.fi/2024\/es\/wp-json\/wp\/v2\/pages\/20687"}],"collection":[{"href":"https:\/\/www.suviseurat.fi/2024\/es\/wp-json\/wp\/v2\/pages"}],"about":[{"href":"https:\/\/www.suviseurat.fi/2024\/es\/wp-json\/wp\/v2\/types\/page"}],"author":[{"embeddable":true,"href":"https:\/\/www.suviseurat.fi/2024\/es\/wp-json\/wp\/v2\/users\/19"}],"replies":[{"embeddable":true,"href":"https:\/\/www.suviseurat.fi/2024\/es\/wp-json\/wp\/v2\/comments?post=20687"}],"version-history":[{"count":3,"href":"https:\/\/www.suviseurat.fi/2024\/es\/wp-json\/wp\/v2\/pages\/20687\/revisions"}],"predecessor-version":[{"id":20703,"href":"https:\/\/www.suviseurat.fi/2024\/es\/wp-json\/wp\/v2\/pages\/20687\/revisions\/20703"}],"wp:attachment":[{"href":"https:\/\/www.suviseurat.fi/2024\/es\/wp-json\/wp\/v2\/media?parent=20687"}],"curies":[{"name":"wp","href":"https:\/\/api.w.org\/{rel}","templated":true}]}}